{"id":26421,"date":"2025-03-03T03:32:56","date_gmt":"2025-03-03T02:32:56","guid":{"rendered":"https:\/\/widevape.com\/?post_type=product&#038;p=26421"},"modified":"2025-10-22T08:48:51","modified_gmt":"2025-10-22T06:48:51","slug":"undici-bar-bc5000-sigaretta-elettronica-monouso-tecnologia-dual-coil-5-nicotina-ricaricabile-sconto-quantita-allingrosso","status":"publish","type":"product","link":"https:\/\/widevape.com\/it\/product\/elf-bar-bc5000-einweg-e-zigarette-dual-coil-technologie-5-nikotin-wiederaufladbar-grosshandel-mengenrabatt\/","title":{"rendered":"ELF BAR BC5000 sigaretta elettronica usa e getta | tecnologia a doppia bobina | nicotina 5% | ricaricabile | sconto all'ingrosso e in quantit\u00e0"},"content":{"rendered":"<h2 class=\"mb-2 mt-6 text-lg font-[500] first:mt-3\"><a href=\"https:\/\/widevape.com\/product-category\/elf-bar-einweg-e-zigaretten\/\">ELF BAR<\/a> BC5000: Die Revolution der Einweg-E-Zigaretten in Europa<\/h2>\n<p class=\"my-0\">ELF BAR BC5000 setzt neue Ma\u00dfst\u00e4be im europ\u00e4ischen Markt f\u00fcr Einweg-E-Zigaretten. Als f\u00fchrender Online-Gro\u00dfh\u00e4ndler f\u00fcr Disposable Vapes in Europa pr\u00e4sentiert WideVape stolz dieses innovative Produkt. Der ELF BAR BC5000 hat sich dank seines fortschrittlichen Designs und seiner herausragenden Leistung zu einem Bestseller in Deutschland, den Niederlanden, Belgien und Spanien entwickelt.<\/p>\n<h2 class=\"mb-xs mt-5 text-base font-[525] first:mt-3\">Produktmerkmale<\/h2>\n<ul class=\"marker:text-textOff list-disc\">\n<li>\n<p class=\"my-0\"><strong>Gro\u00dfe E-Liquid-Kapazit\u00e4t<\/strong>: 13 ml vorgef\u00fclltes E-Liquid f\u00fcr bis zu <a href=\"https:\/\/widevape.com\/product-category\/einweg-e-zigaretten-nach-zuegen\/5000-zuege-einweg-e-zigaretten\/\">5000\u00a0<strong>Z\u00fcge<\/strong><\/a><\/p>\n<\/li>\n<li>\n<p class=\"my-0\"><strong>Wiederaufladbar<\/strong>: 650-mAh-Akku mit USB-C-Schnellladung<\/p>\n<\/li>\n<li>\n<p class=\"my-0\"><strong>Dual-Coil-Technologie<\/strong>: F\u00fcr gleichm\u00e4\u00dfigen und sanften Dampf<\/p>\n<\/li>\n<li>\n<p class=\"my-0\"><strong>Kompaktes Design<\/strong>: Leicht und tragbar f\u00fcr den t\u00e4glichen Gebrauch<\/p>\n<\/li>\n<li>\n<p class=\"my-0\"><strong>Verschiedene Nikotinst\u00e4rken<\/strong>: Inklusive 5% f\u00fcr individuelle Pr\u00e4ferenzen<\/p>\n<\/li>\n<li>\n<p class=\"my-0\"><strong>Hochwertige Materialien<\/strong>: Lebensmittelqualit\u00e4t f\u00fcr sicheren Gebrauch<\/p>\n<\/li>\n<li>\n<p class=\"my-0\"><strong>Intelligente Temperaturkontrolle<\/strong>: Verhindert Trockenz\u00fcge und verl\u00e4ngert die Lebensdauer<\/p>\n<\/li>\n<\/ul>\n<h2 class=\"mb-xs mt-5 text-base font-[525] first:mt-3\">Geschmacksvielfalt<\/h2>\n<p class=\"my-0\">Der ELF BAR BC5000 bietet 23 sorgf\u00e4ltig komponierte Geschmacksrichtungen:<\/p>\n<p class=\"mb-xs mt-5 text-base font-[525] first:mt-3\">1.\u00a0<strong>Blueberry Ice:<\/strong>Eine erfrischende Mischung aus s\u00fc\u00dfen Blaubeeren mit einem k\u00fchlen Menthol-Finish. Perfekt f\u00fcr alle, die fruchtige Aromen mit einer eisigen Note m\u00f6gen.<\/p>\n<p class=\"mb-xs mt-5 text-base font-[525] first:mt-3\">2.\u00a0<strong>Cranberry Grape:<\/strong>Eine einzigartige Mischung aus s\u00e4uerlichen Cranberries und saftigen Trauben f\u00fcr ein s\u00fc\u00dfes und zugleich spritziges Dampferlebnis.<\/p>\n<p class=\"mb-xs mt-5 text-base font-[525] first:mt-3\">3.\u00a0<strong>Energy:<\/strong>Inspiriert von beliebten Energydrinks bietet dieser Geschmack einen kr\u00e4ftigen und belebenden Geschmack, der Sie den ganzen Tag \u00fcber mit Energie versorgt.<\/p>\n<p class=\"mb-xs mt-5 text-base font-[525] first:mt-3\">4.\u00a0<strong>Kiwi Passionfruit Guava:<\/strong>Ein tropisches Medley, das die Spritzigkeit der Kiwi mit der S\u00fc\u00dfe von Passionsfrucht und Guave f\u00fcr ein exotisches Geschmackserlebnis verbindet.<\/p>\n<p class=\"mb-xs mt-5 text-base font-[525] first:mt-3\">5.\u00a0<strong>Mango Peach:<\/strong>Eine k\u00f6stliche Kombination aus reifen Mangos und saftigen Pfirsichen f\u00fcr ein sanftes und fruchtiges Erlebnis.<\/p>\n<p class=\"mb-xs mt-5 text-base font-[525] first:mt-3\">6.\u00a0<strong>Peach Mango Watermelon:<\/strong>Eine k\u00f6stliche Fusion aus Pfirsich-, Mango- und Wassermelonenaromen f\u00fcr erfrischende Sommerstimmung.<\/p>\n<p class=\"mb-xs mt-5 text-base font-[525] first:mt-3\">7.\u00a0<strong>Pineapple Coconut:<\/strong>Versetzen Sie sich mit dieser cremigen Mischung aus s\u00fc\u00dfer Ananas und reichhaltiger Kokosnuss in ein tropisches Paradies.<\/p>\n<p class=\"mb-xs mt-5 text-base font-[525] first:mt-3\">8.\u00a0<strong>Rainbow Candy:<\/strong>Eine verspielte Mischung fruchtiger Bonbonaromen, die Ihre Naschsucht mit jedem Zug befriedigt.<\/p>\n<p class=\"mb-xs mt-5 text-base font-[525] first:mt-3\">9.\u00a0<strong>Red Mojito:<\/strong>Eine raffinierte Mischung minziger Mojito-Aromen mit einem Hauch roter Beeren f\u00fcr ein erfrischendes, cocktailinspiriertes Dampferlebnis.<\/p>\n<p class=\"mb-xs mt-5 text-base font-[525] first:mt-3\">10.\u00a0<strong>Sakura Grape<\/strong>:Zarte Sakura-Bl\u00fcten treffen in dieser eleganten und aromatischen Kombination auf saftige Traubenaromen.<\/p>\n<p class=\"mb-xs mt-5 text-base font-[525] first:mt-3\">11.\u00a0<strong>Sour Apple:<\/strong>Ein spritziger gr\u00fcner Apfelgeschmack mit genau der richtigen S\u00e4ure, die Ihre Geschmacksknospen zum Kribbeln bringt.<\/p>\n<p class=\"mb-xs mt-5 text-base font-[525] first:mt-3\">12.\u00a0<strong>Strawberry Banana:<\/strong>Eine cremige Mischung aus reifen Erdbeeren und Bananen f\u00fcr ein sanftes und s\u00fc\u00dfes Dampferlebnis.<\/p>\n<p class=\"mb-xs mt-5 text-base font-[525] first:mt-3\">13.\u00a0<strong>Strawberry Kiwi:<\/strong>Die klassische Kombination aus s\u00fc\u00dfen Erdbeeren und s\u00e4uerlicher Kiwi ergibt einen perfekt ausgewogenen, fruchtigen Geschmack.<\/p>\n<p class=\"mb-xs mt-5 text-base font-[525] first:mt-3\">14.\u00a0<strong>Strawberry Mango:<\/strong>Eine tropische Note aus saftigen Erdbeeren und reifen Mangos f\u00fcr ein unwiderstehliches Dampferlebnis.<\/p>\n<p class=\"mb-xs mt-5 text-base font-[525] first:mt-3\">15.\u00a0<strong>Sweet Menthol:<\/strong>Ein erfrischender Mentholgeschmack mit einer leichten S\u00fc\u00dfe f\u00fcr alle, die ein reines und frisches Dampferlebnis bevorzugen.<\/p>\n<p class=\"mb-xs mt-5 text-base font-[525] first:mt-3\">16.\u00a0<strong>Tropical Rainbow Blast:<\/strong>Eine Explosion tropischer Fruchtaromen, die Sie direkt in einen Inselurlaub entf\u00fchrt.<\/p>\n<p class=\"mb-xs mt-5 text-base font-[525] first:mt-3\">17.\u00a0<strong>Triple Berry:<\/strong>Eine lebendige Mischung aus drei Beeren \u2013 Blaubeere, Himbeere und Brombeere \u2013 f\u00fcr ein intensiv fruchtiges Erlebnis.<\/p>\n<p class=\"mb-xs mt-5 text-base font-[525] first:mt-3\">18.\u00a0<strong>Triple Mango:<\/strong>Eine k\u00f6stliche Kombination aus drei Mangosorten f\u00fcr einen ultras\u00fc\u00dfen tropischen Genuss.<\/p>\n<p class=\"mb-xs mt-5 text-base font-[525] first:mt-3\">19.\u00a0<strong>Triple Melon:<\/strong>Ein erfrischendes Trio aus Wassermelone, Cantaloupe-Melone und Honigmelone \u2013 perfekt f\u00fcr Sommertage.<\/p>\n<p class=\"mb-xs mt-5 text-base font-[525] first:mt-3\">20.\u00a0<strong>Watermelon Bubblegum:<\/strong>Eine nostalgische Mischung aus saftiger Wassermelone und der S\u00fc\u00dfe von klassischem Kaugummi.<\/p>\n<p class=\"mb-xs mt-5 text-base font-[525] first:mt-3\">21.\u00a0<strong>Watermelon Ice:<\/strong>Knackige Wassermelone gepaart mit eisigem Menthol ergibt ein k\u00fchles und erfrischendes Dampferlebnis, perfekt f\u00fcr jeden Anlass.<\/p>\n<p class=\"mb-xs mt-5 text-base font-[525] first:mt-3\">22.\u00a0<strong>Blue Razz Ice:<\/strong>Spritziger Geschmack nach blauen Himbeeren, abgerundet durch einen k\u00fchlenden Menthol-Abgang f\u00fcr einen kr\u00e4ftigen und dennoch erfrischenden Geschmack.<\/p>\n<h2 class=\"mb-2 mt-6 text-lg font-[500] first:mt-3\">Warum Sie ELF BAR BC5000 bei <a href=\"https:\/\/widevape.com\/\">WideVape<\/a> kaufen sollten<\/h2>\n<p class=\"my-0\">Als gr\u00f6\u00dfte Online-Plattform f\u00fcr den Gro\u00dfhandel von Einweg-E-Zigaretten in Europa bietet WideVape erstklassigen Service f\u00fcr den Vertrieb des ELF BAR BC5000. Mit 10 Jahren Erfahrung in der E-Zigaretten-Branche konzentrieren wir uns darauf, Premium-Einweg-E-Zigaretten in Deutschland, den Niederlanden, Belgien, Spanien, Frankreich, Portugal, Polen und Italien anzubieten.<\/p>\n<h2 class=\"mb-xs mt-5 text-base font-[525] first:mt-3\">Vorteile von WideVape<\/h2>\n<ul class=\"marker:text-textOff list-disc\">\n<li>\n<p class=\"my-0\"><strong>Breite Markenauswahl<\/strong>: Neben ELF BAR f\u00fchren wir auch RandM Tornado, FIZZY, Al Fakher, Waspe, Vapme, Bang Box und weitere bekannte Marken.<\/p>\n<\/li>\n<li>\n<p class=\"my-0\"><strong>Gro\u00dfhandelsrabatte<\/strong>: Attraktive Mengenrabatte f\u00fcr wettbewerbsf\u00e4hige Preise.<\/p>\n<\/li>\n<li>\n<p class=\"my-0\"><strong>Schneller und sicherer Versand<\/strong>: Versicherter Expressversand in alle EU-L\u00e4nder.<\/p>\n<\/li>\n<li>\n<p class=\"my-0\"><strong>Vielf\u00e4ltige Zahlungsm\u00f6glichkeiten<\/strong>: Neben PayPal und Kreditkarte akzeptieren wir auch iDEAL (Niederlande), Bancontact (Belgien) und SEPA-\u00dcberweisungen.<\/p>\n<\/li>\n<li>\n<p class=\"my-0\"><strong>Professioneller Kundenservice<\/strong>: Unser Expertenteam steht Ihnen jederzeit zur Verf\u00fcgung.<\/p>\n<\/li>\n<\/ul>\n<h2 class=\"mb-xs mt-5 text-base font-[525] first:mt-3\">So bestellen Sie ELF BAR BC5000 bei WideVape<\/h2>\n<ol class=\"marker:text-textOff list-decimal\">\n<li>\n<p class=\"my-0\">Besuchen Sie unsere Website: widevape.com<\/p>\n<\/li>\n<li>\n<p class=\"my-0\">W\u00e4hlen Sie ELF BAR BC5000 aus unserem Produktkatalog<\/p>\n<\/li>\n<li>\n<p class=\"my-0\">W\u00e4hlen Sie Geschmacksrichtungen und Mengen<\/p>\n<\/li>\n<li>\n<p class=\"my-0\">F\u00fcgen Sie die Produkte Ihrem Warenkorb hinzu und gehen Sie zur Kasse<\/p>\n<\/li>\n<li>\n<p class=\"my-0\">W\u00e4hlen Sie Ihre bevorzugte Zahlungsmethode<\/p>\n<\/li>\n<li>\n<p class=\"my-0\">Best\u00e4tigen Sie Ihre Bestellung und freuen Sie sich auf die schnelle Lieferung<\/p>\n<\/li>\n<\/ol>\n<h2 class=\"mb-2 mt-6 text-lg font-[500] first:mt-3\">Fazit<\/h2>\n<p class=\"my-0\">Der ELF BAR BC5000 hat sich mit seiner herausragenden Leistung, vielf\u00e4ltigen Geschmacksauswahl und kompakten Bauweise als Top-Seller auf dem europ\u00e4ischen Markt f\u00fcr Einweg-E-Zigaretten etabliert. Als Flaggschiff-Produkt bei WideVape bietet der ELF BAR BC5000 nicht nur Vapern ein erstklassiges Erlebnis, sondern er\u00f6ffnet auch Gro\u00dfh\u00e4ndlern lukrative Gesch\u00e4ftsm\u00f6glichkeiten. Mit WideVape profitieren Sie von wettbewerbsf\u00e4higen Preisen, hochwertigen Produkten und professionellem Service.<\/p>\n<p class=\"my-0\">Besuchen Sie noch heute widevape.com und starten Sie Ihr ELF BAR BC5000 Gro\u00dfhandelsgesch\u00e4ft. Werden Sie Teil der Vaping-Revolution in Europa!<\/p>\n<p class=\"my-0\"><a href=\"https:\/\/widevape.com\/\">WideVape<\/a> &#8211; Ihr vertrauensw\u00fcrdiger Partner als f\u00fchrender Gro\u00dfh\u00e4ndler f\u00fcr Einweg-E-Zigaretten in Europa!<\/p>\n<p><img loading=\"lazy\" decoding=\"async\" class=\"alignnone wp-image-26427 size-full\" src=\"https:\/\/widevape.com\/wp-content\/uploads\/2025\/03\/ELF_BAR_BC5000-13.webp\" alt=\"ELF BAR BC5000 Einweg E-Zigarette | Dual-Coil-Technologie | 5% Nikotin | Wiederaufladbar | Gro\u00dfhandel &amp; Mengenrabatt\" width=\"1794\" height=\"1008\" srcset=\"https:\/\/widevape.com\/wp-content\/uploads\/2025\/03\/ELF_BAR_BC5000-13.webp 1794w, https:\/\/widevape.com\/wp-content\/uploads\/2025\/03\/ELF_BAR_BC5000-13-510x287.webp 510w\" sizes=\"auto, (max-width: 1794px) 100vw, 1794px\" \/><\/p>\n","protected":false},"excerpt":{"rendered":"<p>In qualit\u00e0 di grossista leader, WideVape offre ELF BAR BC5000 con un massimo di 5000 boccate e una variet\u00e0 di aromi per un'esperienza di vaping rivoluzionaria in Europa.<\/p>","protected":false},"featured_media":26428,"comment_status":"open","ping_status":"closed","template":"","meta":[],"product_brand":[],"product_cat":[113,37,40,96],"product_tag":[],"class_list":{"0":"post-26421","1":"product","2":"type-product","3":"status-publish","4":"has-post-thumbnail","6":"product_cat-5000-zuege-einweg-e-zigaretten","7":"product_cat-einweg-e-zigaretten","8":"product_cat-elf-bar-einweg-e-zigaretten","9":"product_cat-wiederaufladbare-einweg-e-zigaretten","11":"first","12":"instock","13":"shipping-taxable","14":"purchasable","15":"product-type-variable"},"_links":{"self":[{"href":"https:\/\/widevape.com\/it\/wp-json\/wp\/v2\/product\/26421","targetHints":{"allow":["GET"]}}],"collection":[{"href":"https:\/\/widevape.com\/it\/wp-json\/wp\/v2\/product"}],"about":[{"href":"https:\/\/widevape.com\/it\/wp-json\/wp\/v2\/types\/product"}],"replies":[{"embeddable":true,"href":"https:\/\/widevape.com\/it\/wp-json\/wp\/v2\/comments?post=26421"}],"wp:featuredmedia":[{"embeddable":true,"href":"https:\/\/widevape.com\/it\/wp-json\/wp\/v2\/media\/26428"}],"wp:attachment":[{"href":"https:\/\/widevape.com\/it\/wp-json\/wp\/v2\/media?parent=26421"}],"wp:term":[{"taxonomy":"product_brand","embeddable":true,"href":"https:\/\/widevape.com\/it\/wp-json\/wp\/v2\/product_brand?post=26421"},{"taxonomy":"product_cat","embeddable":true,"href":"https:\/\/widevape.com\/it\/wp-json\/wp\/v2\/product_cat?post=26421"},{"taxonomy":"product_tag","embeddable":true,"href":"https:\/\/widevape.com\/it\/wp-json\/wp\/v2\/product_tag?post=26421"}],"curies":[{"name":"wp","href":"https:\/\/api.w.org\/{rel}","templated":true}]}}