{"id":28209,"date":"2026-04-01T10:27:15","date_gmt":"2026-04-01T08:27:15","guid":{"rendered":"https:\/\/widevape.com\/?post_type=product&#038;p=28209"},"modified":"2026-04-07T08:44:23","modified_gmt":"2026-04-07T06:44:23","slug":"airmez-fox-120000-tiri-premium-4-in-1-aroma-ricaricabile-a-basso-contenuto-di-nicotina-sigarette-elettroniche-usa-e-getta","status":"publish","type":"product","link":"https:\/\/widevape.com\/it\/product\/airmez-fox-120000-zuege-premium-4-in-1-aroma-wiederaufladbar-nikotinarm-einweg-vapes\/","title":{"rendered":"Airmez Fox 120000 tiri Premium 4 in 1 Aroma, sigarette elettroniche usa e getta ricaricabili a basso contenuto di nicotina"},"content":{"rendered":"<h2 style=\"color: #2c3e50; border-bottom: 3px solid #3498db; padding-bottom: 10px; font-size: 28px; margin-top: 0;\">Scheda tecnica e analisi empirica: <a href=\"https:\/\/widevape.com\/it\/categoria-di-prodotto\/sigarette-elettroniche-monouso-airmez\/\">AIRMEZ FOX<\/a> 120.000 tiri Sistema Aroma Premium 4-in-1<\/h2>\n<p style=\"font-size: 16px; margin-bottom: 20px;\">Benvenuti nella documentazione prodotto dettagliata di WideVape.com, il vostro distributore professionale di gros wholesale di tecnologie avanzate per il vaping. Con oltre 8 anni di esperienza consolidata nel settore della distribuzione globale di marche premium (tra cui BANG BOX, WASPE, RandM e VOZOL), offriamo non solo l'accesso a prodotti di alta qualit\u00e0, ma anche la necessaria trasparenza tecnica ed empirica. La presente relazione analizza <strong>Airmez Fox 120000 tiraggi Premium 4-in-1 ricaricabile <a href=\"https:\/\/widevape.com\/it\/\">Einweg-E-Zigarette<\/a><\/strong> Siamo impegnati a soddisfare rigorosi criteri E-E-A-T (esperienza, evidenze, autorit\u00e0 e affidabilit\u00e0), per consentire ai nostri clienti all'ingrosso di prendere decisioni di acquisto informate. La nostra quantit\u00e0 minima d'ordine (MOQ) di soli 10 pezzi per scatola di esposizione consente ai rivenditori di ridurre al minimo i rischi e allo stesso tempo di beneficiare dei prezzi all'ingrosso.<\/p>\n<div style=\"background-color: #f8f9fa; border-left: 5px solid #3498db; padding: 20px; margin: 30px 0; border-radius: 0 8px 8px 0; box-shadow: 0 2px 10px rgba(0,0,0,0.05);\">\n<h3 style=\"color: #2980b9; margin-top: 0; font-size: 22px;\">Dati tecnici principali<\/h3>\n<p style=\"margin-bottom: 15px;\">La costruzione dell'AIRMEZ FOX si basa sull'architettura pi\u00f9 avanzata dei vaporizzatori. Invece di concentrarci su promesse dettate dal marketing, ci focalizziamo sulle propriet\u00e0 fisiche e chimiche dell'hardware installato.<\/p>\n<table style=\"width: 100%; border-collapse: collapse; background-color: #ffffff; border-radius: 8px; overflow: hidden; box-shadow: 0 0 15px rgba(0,0,0,0.05);\">\n<thead>\n<tr style=\"background-color: #3498db; color: #ffffff; text-align: left;\">\n<th style=\"padding: 15px; border-bottom: 2px solid #2980b9;\">Specificazione<\/th>\n<th style=\"padding: 15px; border-bottom: 2px solid #2980b9;\">Dati tecnici \/ Descrizione<\/th>\n<th style=\"padding: 15px; border-bottom: 2px solid #2980b9;\">Rilevanza ingegneristica<\/th>\n<\/tr>\n<\/thead>\n<tbody>\n<tr style=\"border-bottom: 1px solid #eeeeee;\">\n<td style=\"padding: 15px; font-weight: bold; color: #2c3e50;\">Capacit\u00e0 del liquido<\/td>\n<td style=\"padding: 15px;\">15 ml \u00d7 4 (Totale: 60 ml)<\/td>\n<td style=\"padding: 15px;\">Il sistema segmentato a 4 camere impedisce la degradazione degli ingredienti e riduce lo stress termico su ogni coil.<\/td>\n<\/tr>\n<tr style=\"border-bottom: 1px solid #eeeeee; background-color: #fdfdfd;\">\n<td style=\"padding: 15px; font-weight: bold; color: #2c3e50;\">Capacit\u00e0 della batteria<\/td>\n<td style=\"padding: 15px;\">650 mAh (ioni di litio)<\/td>\n<td style=\"padding: 15px;\">Durata fino a 8-10 ore con un utilizzo moderato, prima di richiedere una ricarica. Progettata per garantire una consegna di tensione costante.<\/td>\n<\/tr>\n<tr style=\"border-bottom: 1px solid #eeeeee;\">\n<td style=\"padding: 15px; font-weight: bold; color: #2c3e50;\">Interfaccia di ricarica<\/td>\n<td style=\"padding: 15px;\">Porta USB di tipo C<\/td>\n<td style=\"padding: 15px;\">Supporta i protocolli di ricarica standardizzati 5V\/1A. Incluso il sistema di protezione contro il sovraccarico (Overcharge Protection IC).<\/td>\n<\/tr>\n<tr style=\"border-bottom: 1px solid #eeeeee; background-color: #fdfdfd;\">\n<td style=\"padding: 15px; font-weight: bold; color: #2c3e50;\">testina del vaporizzatore<\/td>\n<td style=\"padding: 15px;\">Tecnologia della bobina a rete<\/td>\n<td style=\"padding: 15px;\">Massima struttura superficiale per una distribuzione del calore uniforme, riducendo significativamente il rischio di \u201edry hit\u201c.<\/td>\n<\/tr>\n<tr>\n<td style=\"padding: 15px; font-weight: bold; color: #2c3e50;\">Logistica di imballaggio<\/td>\n<td style=\"padding: 15px;\">10 pezzi \/ scatola di esposizione (100 pezzi \/ cartone)<\/td>\n<td style=\"padding: 15px;\">Ottimizzato per il commercio all'ingrosso B2B. La dimensione della scatola \u00e8 ideale per la spedizione e lo stoccaggio su pallet.<\/td>\n<\/tr>\n<\/tbody>\n<\/table>\n<\/div>\n<h2 style=\"color: #2c3e50; border-bottom: 3px solid #3498db; padding-bottom: 10px; font-size: 26px;\">Verifica empirica delle prestazioni e convalida del numero di tiri<\/h2>\n<div style=\"background: linear-gradient(135deg, #ffffff 0%, #f1f8ff 100%); border: 1px solid #d0e1f9; border-radius: 10px; padding: 25px; margin: 30px 0;\">\n<h3 style=\"color: #0056b3; margin-top: 0; font-size: 22px; display: flex; align-items: center;\"><span style=\"background-color: #0056b3; color: white; border-radius: 50%; width: 30px; height: 30px; display: inline-flex; justify-content: center; align-items: center; margin-right: 15px; font-size: 18px;\">i<\/span><br \/>\nPunto di conoscenza: Termodinamica delle mesh coil<\/h3>\n<p style=\"font-size: 15px; color: #444;\">I tradizionali fili riscaldanti a spirale (Round Wire Coils) spesso si riscaldano in modo non uniforme dal centro verso l'esterno, provocando picchi di calore localizzati e la decomposizione di propilenglicole (PG) e glicerina vegetale (VG). Il sistema installato nell'AIRMEZ FOX, invece, garantisce un riscaldamento pi\u00f9 uniforme. <strong>Bobina di rete<\/strong> \u00c8 costituito da una rete metallica fine. Questa struttura a griglia aumenta esponenzialmente la superficie di contatto tra l'elemento riscaldante e il materiale di Wick impregnato di liquido. Il risultato \u00e8 una vaporizzazione termodinamicamente pi\u00f9 efficiente a corrente pi\u00f9 bassa, che preserva la batteria da 650 mAh e garantisce una formazione di aerosol pi\u00f9 uniforme.<\/p>\n<\/div>\n<h2 style=\"color: #2c3e50; border-bottom: 3px solid #3498db; padding-bottom: 10px; font-size: 26px;\">Il profilo aromatico 4-in-1: variet\u00e0 senza compromettere il gusto<\/h2>\n<p style=\"font-size: 16px; margin-bottom: 20px;\">Un noto fenomeno empirico associato ai dispositivi monouso di grandi dimensioni \u00e8 la cosiddetta \u201elingua del vaporizzatore\u201c (Vaper's Tongue), ovvero l'abitudine sensoriale a un singolo aroma dopo diverse migliaia di tiri. L'AIRMEZ FOX risolve questo problema grazie al suo innovativo design 4-in-1. Il sistema integra quattro pod isolati da 15 ml in un'unica custodia. Offriamo scatole (mix di 100 pezzi per scatola) con le seguenti combinazioni di sapori curati e chimicamente stabili:<\/p>\n<div style=\"display: grid; grid-template-columns: repeat(auto-fit, minmax(300px, 1fr)); gap: 15px; margin-bottom: 40px;\">\n<div style=\"background-color: #fff; border: 1px solid #e1e8ed; padding: 15px; border-radius: 8px; box-shadow: 0 4px 6px rgba(0,0,0,0.02);\">\n<h4 style=\"color: #e74c3c; margin: 0 0 10px 0;\">Combinazione 1<\/h4>\n<p style=\"margin: 0; font-size: 14px; color: #555;\">Fragola Frutta di Bosco, Fragola Kiwi, Fragola al Gusto di Ghiaccio, Pesca Mango Anguria<\/p>\n<\/div>\n<div style=\"background-color: #fff; border: 1px solid #e1e8ed; padding: 15px; border-radius: 8px; box-shadow: 0 4px 6px rgba(0,0,0,0.02);\">\n<h4 style=\"color: #3498db; margin: 0 0 10px 0;\">Combinazione 2<\/h4>\n<p style=\"margin: 0; font-size: 14px; color: #555;\">Anguria Gelato, Anguria Fragola, Anguria Lampone, Mirtillo Lampone<\/p>\n<\/div>\n<div style=\"background-color: #fff; border: 1px solid #e1e8ed; padding: 15px; border-radius: 8px; box-shadow: 0 4px 6px rgba(0,0,0,0.02);\">\n<h4 style=\"color: #9b59b6; margin: 0 0 10px 0;\">Combinazione 3<\/h4>\n<p style=\"margin: 0; font-size: 14px; color: #555;\">Limone rosa, Bacio di passione, Frutti misti, Tripla bacca<\/p>\n<\/div>\n<div style=\"background-color: #fff; border: 1px solid #e1e8ed; padding: 15px; border-radius: 8px; box-shadow: 0 4px 6px rgba(0,0,0,0.02);\">\n<h4 style=\"color: #e67e22; margin: 0 0 10px 0;\">Combinazione 4<\/h4>\n<p style=\"margin: 0; font-size: 14px; color: #555;\">Ciliegia, Love 66, Limone alla Frutta di Bosco, Ghiaccio d'Uva<\/p>\n<\/div>\n<div style=\"background-color: #fff; border: 1px solid #e1e8ed; padding: 15px; border-radius: 8px; box-shadow: 0 4px 6px rgba(0,0,0,0.02);\">\n<h4 style=\"color: #f1c40f; margin: 0 0 10px 0;\">Combinazione 5<\/h4>\n<p style=\"margin: 0; font-size: 14px; color: #555;\">Mango pesca, Frutta tropicale, Pesca ghiacciata, Mango ananas acido<\/p>\n<\/div>\n<div style=\"background-color: #fff; border: 1px solid #e1e8ed; padding: 15px; border-radius: 8px; box-shadow: 0 4px 6px rgba(0,0,0,0.02);\">\n<h4 style=\"color: #8e44ad; margin: 0 0 10px 0;\">Combinazione 6<\/h4>\n<p style=\"margin: 0; font-size: 14px; color: #555;\">Uva ghiacciata, Love 66, Mirtillo ghiacciato, Dragonfruit ghiacciato<\/p>\n<\/div>\n<div style=\"background-color: #fff; border: 1px solid #e1e8ed; padding: 15px; border-radius: 8px; box-shadow: 0 4px 6px rgba(0,0,0,0.02);\">\n<h4 style=\"color: #2ecc71; margin: 0 0 10px 0;\">Combinazione 7<\/h4>\n<p style=\"margin: 0; font-size: 14px; color: #555;\">Amore 66, Ciliegia, Mirtillo al Ghiaccio, Kiwi Passione Guava<\/p>\n<\/div>\n<div style=\"background-color: #fff; border: 1px solid #e1e8ed; padding: 15px; border-radius: 8px; box-shadow: 0 4px 6px rgba(0,0,0,0.02);\">\n<h4 style=\"color: #1abc9c; margin: 0 0 10px 0;\">Combinazione 8<\/h4>\n<p style=\"margin: 0; font-size: 14px; color: #555;\">Pesca Ice, Pink Lemonade, Anguria Ice, Dr Blue<\/p>\n<\/div>\n<div style=\"background-color: #fff; border: 1px solid #e1e8ed; padding: 15px; border-radius: 8px; box-shadow: 0 4px 6px rgba(0,0,0,0.02);\">\n<h4 style=\"color: #d35400; margin: 0 0 10px 0;\">Combinazione 9<\/h4>\n<p style=\"margin: 0; font-size: 14px; color: #555;\">Red Mojito, Love 66, Frutta Mista, Fragola e Anguria<\/p>\n<\/div>\n<div style=\"background-color: #fff; border: 1px solid #e1e8ed; padding: 15px; border-radius: 8px; box-shadow: 0 4px 6px rgba(0,0,0,0.02);\">\n<h4 style=\"color: #c0392b; margin: 0 0 10px 0;\">Combinazione 10<\/h4>\n<p style=\"margin: 0; font-size: 14px; color: #555;\">Pesca Mango Anguria, Mirtillo Ciliegia, Anguria Frutto del Drago, Bacio di Passione<\/p>\n<\/div>\n<\/div>\n<h2 style=\"color: #2c3e50; border-bottom: 3px solid #3498db; padding-bottom: 10px; font-size: 26px;\">Autorit\u00e0 e fiducia: conformit\u00e0, sicurezza e posizionamento sul mercato<\/h2>\n<p style=\"font-size: 16px; margin-bottom: 15px;\">Come WideVape operiamo in base agli standard commerciali B2B internazionali pi\u00f9 rigorosi. Un prodotto con una capacit\u00e0 totale di 60 ml non rientra nella categoria dei prodotti regolari per il consumatore finale nel mercato di massa europeo locale (nell'Unione Europea, in base alla direttiva TPD2), poich\u00e9 in quest'ultima vige un limite di 2 ml per le sigarette elettroniche monouso contenenti nicotina. Questo prodotto \u00e8 espressamente rivolto ai mercati internazionali al di fuori della giurisdizione UE-TPD o a distributori autorizzati in regioni con quadro normativo diverso. La dicitura \u201ea basso contenuto di nicotina\u201c indica una concentrazione ridotta di nicotina, ma richiede comunque un uso responsabile.<\/p>\n<p style=\"font-size: 16px; margin-bottom: 30px;\">Dal punto di vista della sicurezza hardware, l'AIRMEZ FOX soddisfa i requisiti fondamentali di conformit\u00e0 elettronica. Il circuito di ricarica di tipo C integrato \u00e8 dotato di meccanismi di protezione contro cortocircuiti (Short Circuit Protection), bassa tensione (Low Voltage Protection) e sovraccarica (Overcharge Protection), garantendo una gestione sicura secondo i principi delle direttive CE e RoHS per i componenti elettronici. Le parti dell'alloggiamento e i serbatoi del liquido sono realizzati in PCTG plastico a grado alimentare, chimicamente inerte e non reagente con i componenti dell'e-liquid.<\/p>\n<h3 style=\"color: #2980b9; margin-bottom: 15px; font-size: 22px;\">Carta di confronto prodotti: AIRMEZ FOX vs. sistemi monouso standard<\/h3>\n<div style=\"display: flex; flex-wrap: wrap; gap: 20px; margin-bottom: 40px;\">\n<div style=\"flex: 1; min-width: 300px; background-color: #ffffff; border: 2px solid #e0e0e0; border-radius: 10px; padding: 20px; position: relative;\">\n<div style=\"position: absolute; top: -12px; left: 20px; background-color: #7f8c8d; color: white; padding: 5px 15px; border-radius: 15px; font-size: 12px; font-weight: bold;\">Prodotto standard di mercato<\/div>\n<h4 style=\"margin-top: 15px; color: #333; font-size: 18px;\">Vape monouso tradizionale da 15 ml<\/h4>\n<ul style=\"list-style-type: none; padding: 0; color: #555; font-size: 15px;\">\n<li style=\"margin-bottom: 10px; border-bottom: 1px dashed #ccc; padding-bottom: 5px;\">Singolo serbatoio (maggiore rischio di \u201evaporizzatore della lingua\u201c)<\/li>\n<li style=\"margin-bottom: 10px; border-bottom: 1px dashed #ccc; padding-bottom: 5px;\">Una sola coil deve durare per tutta la vita dell'utente<\/li>\n<li style=\"margin-bottom: 10px; border-bottom: 1px dashed #ccc; padding-bottom: 5px;\">Gamma di sapori limitata per dispositivo<\/li>\n<li style=\"margin-bottom: 10px; border-bottom: 1px dashed #ccc; padding-bottom: 5px;\">Spesso obsoleti connettori Micro-USB<\/li>\n<\/ul>\n<\/div>\n<div style=\"flex: 1; min-width: 300px; background-color: #f4fafe; border: 2px solid #3498db; border-radius: 10px; padding: 20px; position: relative; box-shadow: 0 5px 15px rgba(52, 152, 219, 0.2);\">\n<div style=\"position: absolute; top: -12px; left: 20px; background-color: #3498db; color: white; padding: 5px 15px; border-radius: 15px; font-size: 12px; font-weight: bold;\">WideVape raccomandazione<\/div>\n<h4 style=\"margin-top: 15px; color: #2980b9; font-size: 18px;\">Airmez Fox 4-in-1<\/h4>\n<ul style=\"list-style-type: none; padding: 0; color: #333; font-size: 15px;\">\n<li style=\"margin-bottom: 10px; border-bottom: 1px dashed #b3d7ff; padding-bottom: 5px;\">4 serbatoi separati (capacit\u00e0 totale di 60 ml)<\/li>\n<li style=\"margin-bottom: 10px; border-bottom: 1px dashed #b3d7ff; padding-bottom: 5px;\">4 bobine Mesh indipendenti (massima longevit\u00e0)<\/li>\n<li style=\"margin-bottom: 10px; border-bottom: 1px dashed #b3d7ff; padding-bottom: 5px;\">Scegli tra 4 aromi premium con un semplice cambio<\/li>\n<li style=\"margin-bottom: 10px; border-bottom: 1px dashed #b3d7ff; padding-bottom: 5px;\">\u2705 Porta Type-C moderna per una ricarica rapida e sicura<\/li>\n<\/ul>\n<\/div>\n<\/div>\n<h2 style=\"color: #2c3e50; border-bottom: 3px solid #3498db; padding-bottom: 10px; font-size: 26px;\">Domande chiave importanti (FAQ) per i clienti all'ingrosso<\/h2>\n<div style=\"margin-bottom: 30px;\">\n<div style=\"background-color: #ffffff; border: 1px solid #e0e0e0; border-radius: 8px; padding: 15px; margin-bottom: 15px; transition: box-shadow 0.3s ease;\">\n<h4 style=\"color: #2c3e50; margin-top: 0; margin-bottom: 10px; font-size: 18px;\">Come viene garantita la qualit\u00e0 delle batterie da 650mAh?<\/h4>\n<p style=\"margin: 0; color: #555; font-size: 15px;\">Da WideVape, i nostri prodotti provengono direttamente dai produttori autorizzati. Le celle della batteria vengono sottoposte a test standardizzati di invecchiamento e di tensione (test di Voltage Drop) prima del montaggio, per garantire che possano sopportare ripetuti cicli di ricarica tramite la porta Type-C senza significative perdite di capacit\u00e0.<\/p>\n<\/div>\n<div style=\"background-color: #ffffff; border: 1px solid #e0e0e0; border-radius: 8px; padding: 15px; margin-bottom: 15px;\">\n<h4 style=\"color: #2c3e50; margin-top: 0; margin-bottom: 10px; font-size: 18px;\">Sono 120.000 tiri un valore assoluto e garantito?<\/h4>\n<p style=\"margin: 0; color: #555; font-size: 15px;\">Per garantire la trasparenza, vorremmo sottolineare che il numero \u201e120.000\u201c rappresenta una categorizzazione di marketing del produttore. Il volume fisico di 60 ml di e-liquid (4 x 15 ml) limita il numero effettivo di inalazioni a pieni polmoni a valori standard nel settore, che tuttavia grazie al sistema a 4 camere rimangono pi\u00f9 a lungo su un livello di gusto elevato rispetto a un serbatoio grande singolo.<\/p>\n<\/div>\n<div style=\"background-color: #ffffff; border: 1px solid #e0e0e0; border-radius: 8px; padding: 15px; margin-bottom: 15px;\">\n<h4 style=\"color: #2c3e50; margin-top: 0; margin-bottom: 10px; font-size: 18px;\">Cosa significa \u201ea basso contenuto di nicotina\u201c e ci sono restrizioni normative?<\/h4>\n<p style=\"margin: 0; color: #555; font-size: 15px;\">Il dispositivo ha una concentrazione di nicotina ridotta rispetto ai liquidi a base di sale di fascia alta. Tuttavia, i prodotti per il vaping sono soggetti a leggi locali molto severe. Questo prodotto da 60 ml \u00e8 pensato principalmente per i mercati di esportazione al di fuori delle rigide normative UE che fissano un limite di 2 ml. I clienti B2B sono invitati a verificare la legislazione locale dei loro mercati di destinazione riguardo alle dimensioni dei serbatoi.<\/p>\n<\/div>\n<div style=\"background-color: #ffffff; border: 1px solid #e0e0e0; border-radius: 8px; padding: 15px; margin-bottom: 15px;\">\n<h4 style=\"color: #2c3e50; margin-top: 0; margin-bottom: 10px; font-size: 18px;\">Qual \u00e8 la quantit\u00e0 minima d'ordine (MOQ) di 10 pezzi per l'acquisto all'ingrosso?<\/h4>\n<p style=\"margin: 0; color: #555; font-size: 15px;\">WideVape si concentra sul supporto sia dei grandi distributori che dei piccoli rivenditori. La quantit\u00e0 minima d'ordine \u00e8 di soli 10 pezzi, equivalenti a una scatola di esposizione. Per acquisti pi\u00f9 consistenti, offriamo scatole da 100 pezzi (\u201eMix 100 pezzi per scatola\u201c), dove \u00e8 possibile mescolare varie combinazioni di gusti per rendere il proprio inventario pi\u00f9 flessibile.<\/p>\n<\/div>\n<\/div>\n<div style=\"text-align: center; margin-top: 40px; padding-top: 20px; border-top: 1px solid #eeeeee;\">\n<p style=\"font-size: 14px; color: #7f8c8d;\"><strong><img loading=\"lazy\" decoding=\"async\" class=\"size-full wp-image-28190 aligncenter\" src=\"https:\/\/widevape.com\/wp-content\/uploads\/2025\/09\/AIRMEZ-FOX-120000-Zuege-4-in-1-Authentische-Einweg-Vape-Four-Flavors-3-scaled.webp\" alt=\"Airmez Fox 120000 tiri Premium 4 in 1 Aroma, sigarette elettroniche usa e getta ricaricabili a basso contenuto di nicotina\" width=\"1810\" height=\"2560\" srcset=\"https:\/\/widevape.com\/wp-content\/uploads\/2025\/09\/AIRMEZ-FOX-120000-Zuege-4-in-1-Authentische-Einweg-Vape-Four-Flavors-3-scaled.webp 1810w, https:\/\/widevape.com\/wp-content\/uploads\/2025\/09\/AIRMEZ-FOX-120000-Zuege-4-in-1-Authentische-Einweg-Vape-Four-Flavors-3-212x300.webp 212w, https:\/\/widevape.com\/wp-content\/uploads\/2025\/09\/AIRMEZ-FOX-120000-Zuege-4-in-1-Authentische-Einweg-Vape-Four-Flavors-3-724x1024.webp 724w, https:\/\/widevape.com\/wp-content\/uploads\/2025\/09\/AIRMEZ-FOX-120000-Zuege-4-in-1-Authentische-Einweg-Vape-Four-Flavors-3-768x1086.webp 768w, https:\/\/widevape.com\/wp-content\/uploads\/2025\/09\/AIRMEZ-FOX-120000-Zuege-4-in-1-Authentische-Einweg-Vape-Four-Flavors-3-1086x1536.webp 1086w, https:\/\/widevape.com\/wp-content\/uploads\/2025\/09\/AIRMEZ-FOX-120000-Zuege-4-in-1-Authentische-Einweg-Vape-Four-Flavors-3-1448x2048.webp 1448w, https:\/\/widevape.com\/wp-content\/uploads\/2025\/09\/AIRMEZ-FOX-120000-Zuege-4-in-1-Authentische-Einweg-Vape-Four-Flavors-3-8x12.webp 8w, https:\/\/widevape.com\/wp-content\/uploads\/2025\/09\/AIRMEZ-FOX-120000-Zuege-4-in-1-Authentische-Einweg-Vape-Four-Flavors-3-510x721.webp 510w\" sizes=\"auto, (max-width: 1810px) 100vw, 1810px\" \/>Esclusione di responsabilit\u00e0:<\/strong> Questo rapporto tecnico \u00e8 stato elaborato dagli esperti di prodotto di WideVape.com. Le informazioni sulle propriet\u00e0 fisiche e le capacit\u00e0 si basano su valutazioni ingegneristiche indipendenti dai produttori e su metodi di misurazione standard del settore. Questo prodotto contiene nicotina, una sostanza altamente dipendente. La vendita a minori \u00e8 severamente vietata.<\/p>\n<\/div>","protected":false},"excerpt":{"rendered":"<table class=\"aligncenter\">\n<thead>\n<tr>\n<th>Specificazione<\/th>\n<th>Airmez Fox 120000 tiri<\/th>\n<\/tr>\n<\/thead>\n<tbody>\n<tr>\n<td>Liquido elettronico<\/td>\n<td>15 ml x 4<\/td>\n<\/tr>\n<tr>\n<td>Bobina<\/td>\n<td>Bobina di rete<\/td>\n<\/tr>\n<tr>\n<td>Collegamento di ricarica<\/td>\n<td>Porta di tipo C<\/td>\n<\/tr>\n<tr>\n<td>Batteria<\/td>\n<td>650 mAh<\/td>\n<\/tr>\n<tr>\n<td>Unit\u00e0 di confezionamento<\/td>\n<td>10 pezzi per scatola di esposizione<\/td>\n<\/tr>\n<tr>\n<td>Contenuto della confezione<\/td>\n<td>Misto 100 pezzi per scatola<\/td>\n<\/tr>\n<\/tbody>\n<\/table>","protected":false},"featured_media":28188,"comment_status":"open","ping_status":"closed","template":"","meta":[],"product_brand":[],"product_cat":[196,180,245,92,93,37,94,61,183,187,193,185,181,184,186,188,182,189,190,192,191,90,96],"product_tag":[],"class_list":{"0":"post-28209","1":"product","2":"type-product","3":"status-publish","4":"has-post-thumbnail","6":"product_cat-airmez-einweg-e-zigaretten","7":"product_cat-120000-zuege-einweg-e-zigaretten","8":"product_cat-4-in-1-einweg-vape","9":"product_cat-digitale-box-einweg-e-zigaretten","10":"product_cat-dual-mesh-einweg-e-zigaretten","11":"product_cat-einweg-e-zigaretten","12":"product_cat-einweg-e-zigaretten-mit-niedriger-nikotinstaerke","13":"product_cat-einweg-e-zigaretten-nach-zuegen","14":"product_cat-einweg-e-zigaretten-in-belgien","15":"product_cat-einweg-e-zigaretten-in-den-niederlanden","16":"product_cat-einweg-e-zigaretten-in-der-schweiz","17":"product_cat-einweg-e-zigaretten-in-deutschland","18":"product_cat-einweg-e-zigaretten-in-europa","19":"product_cat-einweg-e-zigaretten-in-frankreich","20":"product_cat-einweg-e-zigaretten-in-italien","21":"product_cat-einweg-e-zigaretten-in-norwegen","22":"product_cat-einweg-e-zigaretten-in-oesterreich","23":"product_cat-einweg-e-zigaretten-in-polen","24":"product_cat-einweg-e-zigaretten-in-portugal","25":"product_cat-einweg-e-zigaretten-in-schweden","26":"product_cat-einweg-e-zigaretten-in-spanien","27":"product_cat-grosse-einweg-e-zigaretten","28":"product_cat-wiederaufladbare-einweg-e-zigaretten","30":"first","31":"instock","32":"shipping-taxable","33":"purchasable","34":"product-type-variable","35":"has-default-attributes"},"_links":{"self":[{"href":"https:\/\/widevape.com\/it\/wp-json\/wp\/v2\/product\/28209","targetHints":{"allow":["GET"]}}],"collection":[{"href":"https:\/\/widevape.com\/it\/wp-json\/wp\/v2\/product"}],"about":[{"href":"https:\/\/widevape.com\/it\/wp-json\/wp\/v2\/types\/product"}],"replies":[{"embeddable":true,"href":"https:\/\/widevape.com\/it\/wp-json\/wp\/v2\/comments?post=28209"}],"wp:featuredmedia":[{"embeddable":true,"href":"https:\/\/widevape.com\/it\/wp-json\/wp\/v2\/media\/28188"}],"wp:attachment":[{"href":"https:\/\/widevape.com\/it\/wp-json\/wp\/v2\/media?parent=28209"}],"wp:term":[{"taxonomy":"product_brand","embeddable":true,"href":"https:\/\/widevape.com\/it\/wp-json\/wp\/v2\/product_brand?post=28209"},{"taxonomy":"product_cat","embeddable":true,"href":"https:\/\/widevape.com\/it\/wp-json\/wp\/v2\/product_cat?post=28209"},{"taxonomy":"product_tag","embeddable":true,"href":"https:\/\/widevape.com\/it\/wp-json\/wp\/v2\/product_tag?post=28209"}],"curies":[{"name":"wp","href":"https:\/\/api.w.org\/{rel}","templated":true}]}}