{"id":28721,"date":"2026-01-06T08:59:27","date_gmt":"2026-01-06T07:59:27","guid":{"rendered":"https:\/\/widevape.com\/?post_type=product&#038;p=28721"},"modified":"2026-03-16T09:15:43","modified_gmt":"2026-03-16T08:15:43","slug":"jnr-quads-4in1-120k-120000-zuege-sigarette-elettroniche-usa-e-getta-commercio-allingrosso-acquisto-sfuso-bobina-a-rete-quadrupla-ad-alta-prestazione-4in1-meccanismo-con-display-intelligente","status":"publish","type":"product","link":"https:\/\/widevape.com\/it\/product\/jnr-quads-4in1-120k-120000-zuege-einweg-e-zigaretten-grosshandel-bulk-kauf-hochleistungs-quad-mesh-coil-4in1-mechanismus-mit-smart-display\/","title":{"rendered":"JNR QUADS 4IN1 120K 120000 Tiri Sigarette Elettroniche Monouso Acquisto All'ingrosso Bulk Acquisto Bobina Quad Mesh ad Alte Prestazioni 4in1 Meccanismo con Display Intelligente"},"content":{"rendered":"<h2 style=\"color: #ff4500; font-size: 2.2em; text-align: center; margin-bottom: 20px; text-transform: uppercase; letter-spacing: 1px;\">\ud83d\ude80 <a href=\"https:\/\/widevape.com\/it\/categoria-di-prodotto\/sigarette-elettroniche-usa-e-getta-jnr\/\">JNR QUADS<\/a> 4IN1 120K - Il gigante \u00e8 qui!<\/h2>\n<p style=\"font-size: 1.1em; margin-bottom: 15px;\">Wow! Avete gi\u00e0 visto il nuovo JNR QUADS 4IN1 120K? \ud83d\ude32 Non \u00e8 semplicemente una sigaretta elettronica... \u00e8 un vero e proprio mostro! Immaginate di avere quattro sigarette elettroniche in una sola mano. Con incredibili <strong>120.000 treni<\/strong> (s\u00ec, letto bene, 120k!) il divertimento non finisce quasi mai.<\/p>\n<p style=\"font-size: 1.1em; margin-bottom: 15px;\">Per tutti quelli che cercano il miglior prezzo in Europa: troverete questo capolavoro direttamente da noi su <a href=\"https:\/\/widevape.com\/it\/\"><strong>WideVape<\/strong><\/a>. Siamo il vostro migliore amico per ordinazioni grandi!<\/p>\n<div style=\"background-color: #e0f7fa; border-left: 5px solid #00bcd4; padding: 15px; margin: 25px 0; border-radius: 8px; box-shadow: 0 2px 5px rgba(0,0,0,0.05);\">\n<h3 style=\"color: #00838f; margin-top: 0; display: flex; align-items: center;\">\ud83d\udca1 Cosa rende il JNR QUADS 4IN1 120K cos\u00ec speciale?<\/h3>\n<p style=\"margin: 0;\">Ha un look figo <strong>Sistema 4-in-1<\/strong>! Ci\u00f2 significa che se avete voglia di un sapore diverso, girate semplicemente il dispositivo e zac - un nuovo sapore \u00e8 pronto! \ud83c\udf53\ud83d\udd04\ud83c\udf4f Niente pi\u00f9 noia!<\/p>\n<\/div>\n<div style=\"width: 1020px;\" class=\"wp-video\"><video class=\"wp-video-shortcode\" id=\"video-28721-1\" width=\"1020\" height=\"574\" preload=\"metadata\" controls=\"controls\"><source type=\"video\/mp4\" src=\"https:\/\/widevape.com\/wp-content\/uploads\/2026\/01\/JNR-QUADS-4IN1-120K-120000-Zuege-Einweg-E-Zigaretten-Grosshandel-Bulk-Kauf-Hochleistungs-Quad-Mesh-Coil-4in1-Mechanismus-mit-Smart-Display-1-1.mp4?_=1\" \/><a href=\"https:\/\/widevape.com\/wp-content\/uploads\/2026\/01\/JNR-QUADS-4IN1-120K-120000-Zuege-Einweg-E-Zigaretten-Grosshandel-Bulk-Kauf-Hochleistungs-Quad-Mesh-Coil-4in1-Mechanismus-mit-Smart-Display-1-1.mp4\">https:\/\/widevape.com\/wp-content\/uploads\/2026\/01\/JNR-QUADS-4IN1-120K-120000-Zuege-Einweg-E-Zigaretten-Grosshandel-Bulk-Kauf-Hochleistungs-Quad-Mesh-Coil-4in1-Mechanismus-mit-Smart-Display-1-1.mp4<\/a><\/video><\/div>\n<h3 style=\"color: #2e7d32; border-bottom: 2px solid #2e7d32; padding-bottom: 10px; margin-top: 30px;\">\ud83d\udd0d Vediamo le funzioni interessanti<\/h3>\n<p><strong>1. La giostra magica 4-in-1<\/strong><br \/>\nImmaginate di avere quattro serbatoi pieni di succo delizioso in un unico dispositivo. Un gusto \u00e8 vuoto o volete variet\u00e0? Basta girare! \u00c8 come magia. Non dovete portare quattro vaporizzatori diversi, uno solo basta per tutto!<\/p>\n<p><strong>2. Lo schermo intelligente<\/strong><br \/>\nDimenticatevi di indovinare! Il JNR QUADS ha uno schermo super intelligente. Vi mostra esattamente quanto batteria \u00e8 rimasta e se c'\u00e8 ancora abbastanza liquido dentro. Cos\u00ec non vi troverete mai improvvisamente al buio!<\/p>\n<p><strong>3. Quad Mesh Coil \u2013 Quadrupla potenza<\/strong><br \/>\nSapete cosa sono le Mesh Coils? Sono piccole reti che diventano calde. Questo Vape ne ha ben quattro! Ci\u00f2 significa che ogni nuvola ha un sapore super intenso e sono enormi. Mmmh, buono!<\/p>\n<h3 style=\"color: #6a1b9a; border-bottom: 2px solid #6a1b9a; padding-bottom: 10px; margin-top: 30px;\">\ud83c\udf6d La vostra enorme selezione di sapori (JNR QUADS 4IN1 120K List)<\/h3>\n<p style=\"font-style: italic; color: #666;\">Ecco le fantastiche combinazioni che potete ottenere da WideVape:<\/p>\n<div style=\"background-color: #fff; padding: 20px; border-radius: 10px; border: 1px solid #ddd;\">\n<p style=\"margin-bottom: 10px;\"><strong>1.<\/strong> Pesche Estate + Gelato di Fragola + Gelato di Anguria + Ghiaccio Nero<\/p>\n<p style=\"margin-bottom: 10px;\"><strong>2.<\/strong> Misto di Frutti Rossi + Mirtillo Mirtillo + Ciliegia A\u00e7a\u00ed + Mirtillo Lampone Acido + Mela di Bosco Ciliegia<\/p>\n<p style=\"margin-bottom: 10px;\"><strong>3.<\/strong> Passion Fruit Kiwi + Pesca Mango Ananas + Fragola Kiwi + Mirtillo Kiwi<\/p>\n<p style=\"margin-bottom: 10px;\"><strong>4.<\/strong> Kiwi Watermelon Ice + Fragola Watermelon Ice + Black Dragon Ice + Kiwi Fragola<\/p>\n<p style=\"margin-bottom: 10px;\"><strong>5.<\/strong> Mora Arancia + Mirtillo Sour Mora + JNR VC boost + JNR Pugno Rosso<\/p>\n<p style=\"margin-bottom: 10px;\"><strong>6.<\/strong> Doppia Mela + Tripla Melone + Gomme alla Watermelon + Banana Fragola<\/p>\n<p style=\"margin-bottom: 10px;\"><strong>7.<\/strong> Blue Razz Cherry + Blue Razz Ice + Black Ice + Strawberry Ice<\/p>\n<p style=\"margin-bottom: 10px;\"><strong>8.<\/strong> Pessca Mango Ananas + Passione Frutta Kiwi + Cola Ghiaccio + Pesche Estive<\/p>\n<p style=\"margin-bottom: 10px;\"><strong>9.<\/strong> Tiger Blood + Passion Fruit Kiwi + Double Apple + Fizzy Cherry Cola \n\n traduzione: \nTiger Blood + Passione Kiwi + Mela Doppia + Cola Cherry Frizzante<\/p>\n<p style=\"margin-bottom: 10px;\"><strong>10.<\/strong> Acqua di anguria + Triplo Melone + Acqua di anguria alla Fragola + Acqua di anguria al Kiwi<\/p>\n<\/div>\n<h3 style=\"color: #0277bd; text-align: center; margin-top: 40px;\">\ud83d\udcca Controllo tecnico: JNR vs. Altri<\/h3>\n<div style=\"display: flex; flex-wrap: wrap; gap: 20px; justify-content: center; margin-bottom: 30px;\">\n<p><!-- Card 1 --><\/p>\n<div style=\"flex: 1; min-width: 280px; background: linear-gradient(135deg, #ffffff 0%, #f0f4c3 100%); border: 2px solid #cddc39; border-radius: 15px; padding: 20px; text-align: center; box-shadow: 0 4px 8px rgba(0,0,0,0.1);\">\n<div style=\"font-size: 3em;\">\ud83c\udfc6<\/div>\n<h4 style=\"margin: 10px 0; color: #827717;\">JNR QUADS 4IN1 120K<\/h4>\n<p style=\"font-size: 0.9em;\"><strong>120.000 treni<\/strong> (Infinito!)<\/p>\n<p style=\"font-size: 0.9em;\"><strong>4 sapori<\/strong> in 1 dispositivo<\/p>\n<p style=\"font-size: 0.9em;\">Schermo intelligente<\/p>\n<p style=\"font-weight: bold; color: #e64a19;\">Il vincitore!<\/p>\n<\/div>\n<p><!-- Card 2 --><\/p>\n<div style=\"flex: 1; min-width: 280px; background: #fff; border: 1px solid #ccc; border-radius: 15px; padding: 20px; text-align: center; box-shadow: 0 4px 8px rgba(0,0,0,0.05); opacity: 0.8;\">\n<div style=\"font-size: 3em;\">\ud83d\ude10<\/div>\n<h4 style=\"margin: 10px 0; color: #555;\">Normale sigaretta elettronica<\/h4>\n<p style=\"font-size: 0.9em;\">Solo 600 \u2013 10.000 treni<\/p>\n<p style=\"font-size: 0.9em;\">Solo 1 gusto (Noioso!)<\/p>\n<p style=\"font-size: 0.9em;\">Nessun schermo<\/p>\n<p style=\"font-weight: bold; color: #777;\">Si esaurisce velocemente<\/p>\n<\/div>\n<\/div>\n<table style=\"width: 100%; border-collapse: collapse; margin: 20px 0; background-color: white; border-radius: 8px; overflow: hidden; box-shadow: 0 2px 10px rgba(0,0,0,0.05);\">\n<thead>\n<tr style=\"background-color: #0288d1; color: white;\">\n<th style=\"padding: 15px; text-align: left;\">Funzione<\/th>\n<th style=\"padding: 15px; text-align: left;\">JNR QUADS 4IN1 120K Dettagli<\/th>\n<\/tr>\n<\/thead>\n<tbody>\n<tr style=\"border-bottom: 1px solid #eee;\">\n<td style=\"padding: 12px; font-weight: bold;\">Capacit\u00e0 di Puff<\/td>\n<td style=\"padding: 12px;\">Fino a 120.000 treni ( follia !)<\/td>\n<\/tr>\n<tr style=\"border-bottom: 1px solid #eee; background-color: #f1f8e9;\">\n<td style=\"padding: 12px; font-weight: bold;\">Sistema di serbatoi<\/td>\n<td style=\"padding: 12px;\">Meccanismo rotativo 4-in-1<\/td>\n<\/tr>\n<tr style=\"border-bottom: 1px solid #eee;\">\n<td style=\"padding: 12px; font-weight: bold;\">Tecnologia Coil<\/td>\n<td style=\"padding: 12px;\">Bobina a rete quadrupla ad alte prestazioni<\/td>\n<\/tr>\n<tr style=\"border-bottom: 1px solid #eee; background-color: #f1f8e9;\">\n<td style=\"padding: 12px; font-weight: bold;\">\ud83d\udcfa Annuncio<\/td>\n<td style=\"padding: 12px;\">Schermo intelligente digitale<\/td>\n<\/tr>\n<tr style=\"border-bottom: 1px solid #eee;\">\n<td style=\"padding: 12px; font-weight: bold;\">\ud83d\udecd\ufe0f Dove comprare?<\/td>\n<td style=\"padding: 12px; color: #d81b60; font-weight: bold;\">Esclusivamente su WideVape!<\/td>\n<\/tr>\n<\/tbody>\n<\/table>\n<div style=\"margin-top: 40px;\">\n<h3 style=\"color: #ff6f00; text-align: center; margin-bottom: 20px;\">\u2753 Domande frequenti (FAQ)<\/h3>\n<details style=\"background-color: #fff; border: 1px solid #ffccbc; padding: 10px; margin-bottom: 10px; border-radius: 5px; cursor: pointer;\">\n<summary style=\"font-weight: bold; color: #d84315;\">Come cambio il gusto?<\/summary>\n<p style=\"margin-top: 10px; padding-left: 20px; color: #555;\">Semplice! Basta ruotare la parte superiore del dispositivo o il bocchino fino a quando non scatta. Eccovi subito al prossimo gusto delizioso!<\/p>\n<\/details>\n<details style=\"background-color: #fff; border: 1px solid #ffccbc; padding: 10px; margin-bottom: 10px; border-radius: 5px; cursor: pointer;\">\n<summary style=\"font-weight: bold; color: #d84315;\">\u00c8 possibile ricaricare la batteria?<\/summary>\n<p style=\"margin-top: 10px; padding-left: 20px; color: #555;\">S\u00ec, certo! Con 120.000 tiri avete bisogno di molta potenza. Potete semplicemente caricarlo con un normale cavo USB-C, come il vostro telefono.<\/p>\n<\/details>\n<details style=\"background-color: #fff; border: 1px solid #ffccbc; padding: 10px; margin-bottom: 10px; border-radius: 5px; cursor: pointer;\">\n<summary style=\"font-weight: bold; color: #d84315;\">Posso ordinare questo da WideVape?<\/summary>\n<p style=\"margin-top: 10px; padding-left: 20px; color: #555;\">Ma certamente! Noi presso <strong>WideVape<\/strong> Siamo il vostro partner per ordinativi di grandi dimensioni in Europa. Forniamo velocemente e in sicurezza.<\/p>\n<\/details>\n<\/div>\n<p style=\"text-align: center; margin-top: 30px; font-size: 1.2em; font-weight: bold; color: #333;\">Pronti per la pi\u00f9 grande avventura a vapore?<br \/>\nAcquistate ora il JNR QUADS 4IN1 120K su WideVape!<\/p>\n<p><img loading=\"lazy\" decoding=\"async\" class=\"size-full wp-image-28726 aligncenter\" src=\"https:\/\/widevape.com\/wp-content\/uploads\/2026\/01\/JNR-QUADS-4IN1-120K-120000-Zuege-Einweg-E-Zigaretten-Grosshandel-Bulk-Kauf-Hochleistungs-Quad-Mesh-Coil-4in1-Mechanismus-mit-Smart-Display-3-scaled.webp\" alt=\"JNR QUADS 4IN1 120K 120000 Tiri Sigarette Elettroniche Monouso Acquisto All&#039;ingrosso Bulk Acquisto Bobina Quad Mesh ad Alte Prestazioni 4in1 Meccanismo con Display Intelligente\" width=\"2560\" height=\"1440\" srcset=\"https:\/\/widevape.com\/wp-content\/uploads\/2026\/01\/JNR-QUADS-4IN1-120K-120000-Zuege-Einweg-E-Zigaretten-Grosshandel-Bulk-Kauf-Hochleistungs-Quad-Mesh-Coil-4in1-Mechanismus-mit-Smart-Display-3-scaled.webp 2560w, https:\/\/widevape.com\/wp-content\/uploads\/2026\/01\/JNR-QUADS-4IN1-120K-120000-Zuege-Einweg-E-Zigaretten-Grosshandel-Bulk-Kauf-Hochleistungs-Quad-Mesh-Coil-4in1-Mechanismus-mit-Smart-Display-3-300x169.webp 300w, https:\/\/widevape.com\/wp-content\/uploads\/2026\/01\/JNR-QUADS-4IN1-120K-120000-Zuege-Einweg-E-Zigaretten-Grosshandel-Bulk-Kauf-Hochleistungs-Quad-Mesh-Coil-4in1-Mechanismus-mit-Smart-Display-3-1024x576.webp 1024w, https:\/\/widevape.com\/wp-content\/uploads\/2026\/01\/JNR-QUADS-4IN1-120K-120000-Zuege-Einweg-E-Zigaretten-Grosshandel-Bulk-Kauf-Hochleistungs-Quad-Mesh-Coil-4in1-Mechanismus-mit-Smart-Display-3-768x432.webp 768w, https:\/\/widevape.com\/wp-content\/uploads\/2026\/01\/JNR-QUADS-4IN1-120K-120000-Zuege-Einweg-E-Zigaretten-Grosshandel-Bulk-Kauf-Hochleistungs-Quad-Mesh-Coil-4in1-Mechanismus-mit-Smart-Display-3-1536x864.webp 1536w, https:\/\/widevape.com\/wp-content\/uploads\/2026\/01\/JNR-QUADS-4IN1-120K-120000-Zuege-Einweg-E-Zigaretten-Grosshandel-Bulk-Kauf-Hochleistungs-Quad-Mesh-Coil-4in1-Mechanismus-mit-Smart-Display-3-2048x1152.webp 2048w, https:\/\/widevape.com\/wp-content\/uploads\/2026\/01\/JNR-QUADS-4IN1-120K-120000-Zuege-Einweg-E-Zigaretten-Grosshandel-Bulk-Kauf-Hochleistungs-Quad-Mesh-Coil-4in1-Mechanismus-mit-Smart-Display-3-18x10.webp 18w, https:\/\/widevape.com\/wp-content\/uploads\/2026\/01\/JNR-QUADS-4IN1-120K-120000-Zuege-Einweg-E-Zigaretten-Grosshandel-Bulk-Kauf-Hochleistungs-Quad-Mesh-Coil-4in1-Mechanismus-mit-Smart-Display-3-510x287.webp 510w\" sizes=\"auto, (max-width: 2560px) 100vw, 2560px\" \/><\/p>\n<h2>Guida al prodotto:<\/h2>\n<p><a href=\"https:\/\/widevape.com\/wp-content\/uploads\/2026\/01\/JNR-QUADS-Technical-Guide.pdf\" target=\"_blank\" rel=\"noopener\">Guida tecnica JNR QUADS<\/a><\/p>\n<p>&nbsp;<\/p>","protected":false},"excerpt":{"rendered":"<div style=\"font-family: 'Verdana', sans-serif; margin: 20px 0; border: 1px solid #e0e0e0; border-radius: 8px; overflow: hidden; box-shadow: 0 2px 5px rgba(0,0,0,0.05);\">\n<table style=\"width: 100%; border-collapse: collapse; background-color: #fff;\">\n<thead>\n<tr style=\"background-color: #2e7d32; color: white;\">\n<th style=\"padding: 12px 20px; text-align: left; font-size: 1.1em;\" colspan=\"2\">\u2699\ufe0f JNR QUADS 4IN1 120K \u2013 Dati brevi<\/th>\n<\/tr>\n<\/thead>\n<tbody style=\"color: #333; font-size: 0.95em;\">\n<tr style=\"border-bottom: 1px solid #f0f0f0;\">\n<td style=\"padding: 12px 20px; font-weight: bold; width: 40%; background-color: #f9f9f9;\">Capacit\u00e0<\/td>\n<td style=\"padding: 12px 20px;\">Fino a 120.000 treni<\/td>\n<\/tr>\n<tr style=\"border-bottom: 1px solid #f0f0f0;\">\n<td style=\"padding: 12px 20px; font-weight: bold; background-color: #f9f9f9;\">Sistema<\/td>\n<td style=\"padding: 12px 20px;\">4-in-1 giostra (meccanismo rotante)<\/td>\n<\/tr>\n<tr style=\"border-bottom: 1px solid #f0f0f0;\">\n<td style=\"padding: 12px 20px; font-weight: bold; background-color: #f9f9f9;\">\ud83d\udd25 Tecnologia<\/td>\n<td style=\"padding: 12px 20px;\">Quad Mesh Coil (4 volte rete a spirale)<\/td>\n<\/tr>\n<tr style=\"border-bottom: 1px solid #f0f0f0;\">\n<td style=\"padding: 12px 20px; font-weight: bold; background-color: #f9f9f9;\">\ud83d\udcf1 Notifica<\/td>\n<td style=\"padding: 12px 20px;\">Smart Display (batteria e liquido)<\/td>\n<\/tr>\n<tr>\n<td style=\"padding: 12px 20px; font-weight: bold; background-color: #f9f9f9;\">\u2728 particolarit\u00e0<\/td>\n<td style=\"padding: 12px 20px;\">Cambio di gusto immediato ruotando<\/td>\n<\/tr>\n<\/tbody>\n<\/table>\n<\/div>","protected":false},"featured_media":28722,"comment_status":"open","ping_status":"closed","template":"","meta":[],"product_brand":[],"product_cat":[49,180,92,93,37,94,61,183,187,193,185,181,184,186,188,182,189,190,192,191,90,96],"product_tag":[],"class_list":{"0":"post-28721","1":"product","2":"type-product","3":"status-publish","4":"has-post-thumbnail","6":"product_cat-jnr-einweg-e-zigaretten","7":"product_cat-120000-zuege-einweg-e-zigaretten","8":"product_cat-digitale-box-einweg-e-zigaretten","9":"product_cat-dual-mesh-einweg-e-zigaretten","10":"product_cat-einweg-e-zigaretten","11":"product_cat-einweg-e-zigaretten-mit-niedriger-nikotinstaerke","12":"product_cat-einweg-e-zigaretten-nach-zuegen","13":"product_cat-einweg-e-zigaretten-in-belgien","14":"product_cat-einweg-e-zigaretten-in-den-niederlanden","15":"product_cat-einweg-e-zigaretten-in-der-schweiz","16":"product_cat-einweg-e-zigaretten-in-deutschland","17":"product_cat-einweg-e-zigaretten-in-europa","18":"product_cat-einweg-e-zigaretten-in-frankreich","19":"product_cat-einweg-e-zigaretten-in-italien","20":"product_cat-einweg-e-zigaretten-in-norwegen","21":"product_cat-einweg-e-zigaretten-in-oesterreich","22":"product_cat-einweg-e-zigaretten-in-polen","23":"product_cat-einweg-e-zigaretten-in-portugal","24":"product_cat-einweg-e-zigaretten-in-schweden","25":"product_cat-einweg-e-zigaretten-in-spanien","26":"product_cat-grosse-einweg-e-zigaretten","27":"product_cat-wiederaufladbare-einweg-e-zigaretten","29":"first","30":"outofstock","31":"featured","32":"shipping-taxable","33":"purchasable","34":"product-type-variable","35":"has-default-attributes"},"_links":{"self":[{"href":"https:\/\/widevape.com\/it\/wp-json\/wp\/v2\/product\/28721","targetHints":{"allow":["GET"]}}],"collection":[{"href":"https:\/\/widevape.com\/it\/wp-json\/wp\/v2\/product"}],"about":[{"href":"https:\/\/widevape.com\/it\/wp-json\/wp\/v2\/types\/product"}],"replies":[{"embeddable":true,"href":"https:\/\/widevape.com\/it\/wp-json\/wp\/v2\/comments?post=28721"}],"wp:featuredmedia":[{"embeddable":true,"href":"https:\/\/widevape.com\/it\/wp-json\/wp\/v2\/media\/28722"}],"wp:attachment":[{"href":"https:\/\/widevape.com\/it\/wp-json\/wp\/v2\/media?parent=28721"}],"wp:term":[{"taxonomy":"product_brand","embeddable":true,"href":"https:\/\/widevape.com\/it\/wp-json\/wp\/v2\/product_brand?post=28721"},{"taxonomy":"product_cat","embeddable":true,"href":"https:\/\/widevape.com\/it\/wp-json\/wp\/v2\/product_cat?post=28721"},{"taxonomy":"product_tag","embeddable":true,"href":"https:\/\/widevape.com\/it\/wp-json\/wp\/v2\/product_tag?post=28721"}],"curies":[{"name":"wp","href":"https:\/\/api.w.org\/{rel}","templated":true}]}}