{"id":28766,"date":"2026-01-07T11:23:11","date_gmt":"2026-01-07T10:23:11","guid":{"rendered":"https:\/\/widevape.com\/?post_type=product&#038;p=28766"},"modified":"2026-04-18T13:55:20","modified_gmt":"2026-04-18T11:55:20","slug":"fumot-eco-2-in-1-50k-50000-tiri-ricaricabile-vaporizzatore-monouso-mesh-coil-commercio-allingrosso","status":"publish","type":"product","link":"https:\/\/widevape.com\/it\/product\/fumot-eco-2-in-1-50k-50000-zuege-wiederaufladbarer-einweg-vape-mesh-coil-grosshandel\/","title":{"rendered":"FUMOT ECO 2 IN 1 50K 50000 TIRI Ricaricabile Monouso Vape Mesh Coil All'ingrosso"},"content":{"rendered":"<p>&nbsp;<\/p>\n<article style=\"font-family: 'Segoe UI', Roboto, Helvetica, Arial, sans-serif; line-height: 1.6; color: #333; max-width: 100%; margin: 0 auto; padding: 40px 20px; background-color: #f4fcf4; border-radius: 12px; box-shadow: 0 4px 15px rgba(0,0,0,0.05);\"><!-- Header Section --><\/p>\n<header style=\"text-align: center; margin-bottom: 40px;\">\n<h1 style=\"color: #1e6b1e; font-size: 32px; margin-bottom: 15px; font-weight: bold;\"><a style=\"text-decoration: none; color: #1e6b1e;\" href=\"https:\/\/widevape.com\/it\/categoria-di-prodotto\/fumot-sigarette-elettroniche-monouso\/\">FUMOT ECO 2 IN 1<\/a> - 50.000 tiri Sigaretta elettronica usa e getta ricaricabile<\/h1>\n<p style=\"font-size: 18px; color: #555; max-width: 800px; margin: 0 auto;\">Benvenuti nel futuro della vaporizzazione! Se siete alla ricerca di un'esperienza duratura e varia, \u00e8 il <strong>FUMOT ECO 2 IN 1<\/strong> esattamente quello che fa per te. Questo dispositivo eccezionale offre incredibili <strong>50.000 treni<\/strong>. \u00c8 la scelta perfetta per i rivenditori che cercano vape monouso di alta qualit\u00e0 all'ingrosso. Disponibile direttamente qui presso <strong>WideVape<\/strong>, la tua piattaforma online europea di fiducia.<\/p>\n<\/header>\n<p><!-- Key Features Grid --><\/p>\n<div style=\"display: grid; grid-template-columns: repeat(auto-fit, minmax(250px, 1fr)); gap: 20px; margin-bottom: 50px;\">\n<p><!-- Feature 1 --><\/p>\n<div style=\"background: white; border-top: 4px solid #4caf50; border-radius: 8px; padding: 20px; box-shadow: 0 2px 8px rgba(0,0,0,0.05); transition: transform 0.2s;\">\n<h3 style=\"color: #2c7a2c; margin-top: 0; font-size: 20px;\">Doppio piacere<\/h3>\n<p style=\"font-size: 15px; color: #666;\">Questo dispositivo \u00e8 unico grazie al suo sistema \u201e2 IN 1\u201c. Dispone di due serbatoi separati (10 ml + 10 ml di capacit\u00e0). Ci\u00f2 significa che si ottengono due diversi sapori in un solo dispositivo!<\/p>\n<\/div>\n<p><!-- Feature 2 --><\/p>\n<div style=\"background: white; border-top: 4px solid #4caf50; border-radius: 8px; padding: 20px; box-shadow: 0 2px 8px rgba(0,0,0,0.05);\">\n<h3 style=\"color: #2c7a2c; margin-top: 0; font-size: 20px;\">\ud83d\udd0b Batteria ad alte prestazioni<\/h3>\n<p style=\"font-size: 15px; color: #666;\">Dotato di una potente batteria da 950mAh per lunghe durate di utilizzo. Grazie al connettore USB di tipo C, il dispositivo pu\u00f2 essere ricaricato velocemente.<\/p>\n<\/div>\n<p><!-- Feature 3 --><\/p>\n<div style=\"background: white; border-top: 4px solid #4caf50; border-radius: 8px; padding: 20px; box-shadow: 0 2px 8px rgba(0,0,0,0.05);\">\n<h3 style=\"color: #2c7a2c; margin-top: 0; font-size: 20px;\">\ud83d\udcf1 Display intelligente<\/h3>\n<p style=\"font-size: 15px; color: #666;\">Nessuna preoccupazione per la carica residua. Il display intelligente mostra chiaramente lo stato della batteria, accompagnato da un elegante effetto luminoso iridescente.<\/p>\n<\/div>\n<p><!-- Feature 4 --><\/p>\n<div style=\"background: white; border-top: 4px solid #4caf50; border-radius: 8px; padding: 20px; box-shadow: 0 2px 8px rgba(0,0,0,0.05);\">\n<h3 style=\"color: #2c7a2c; margin-top: 0; font-size: 20px;\">Sviluppo di vapore delicato<\/h3>\n<p style=\"font-size: 15px; color: #666;\">All'interno, una bobina a rete da 0,9\u03a9 garantisce prestazioni ottimali. Questa tecnologia garantisce un gusto costantemente morbido ed intenso dalla prima all'ultima tirata.<\/p>\n<\/div>\n<\/div>\n<p><!-- Why Choose Section --><\/p>\n<section style=\"margin-bottom: 50px;\">\n<h2 style=\"color: #1e6b1e; border-bottom: 2px solid #a8e6a8; padding-bottom: 10px; margin-bottom: 20px;\">Perch\u00e9 scegliere FUMOT ECO 2 IN 1?<\/h2>\n<div style=\"display: flex; flex-wrap: wrap; gap: 20px; align-items: center;\">\n<div style=\"flex: 1; min-width: 300px;\">\n<p>Molti clienti ci chiedono a <strong>WideVape<\/strong>, perch\u00e9 questo dispositivo \u00e8 cos\u00ec popolare. La risposta \u00e8 il \u201eSwitch\u201c. Non siete legati a un gusto specifico. Se desiderate una variazione, semplicemente passate dall'altra parte. \u00c8 come se <strong>due Vape monouso al prezzo di uno<\/strong> acquistare. Inoltre, il dispositivo dura molto pi\u00f9 a lungo dei prodotti standard con 50.000 tiri, il che le fa risparmiare tempo e denaro.<\/p>\n<\/div>\n<div style=\"flex: 1; min-width: 300px; text-align: center;\"><img decoding=\"async\" class=\"aligncenter wp-image-38220\" style=\"max-width: 100%; height: auto; border-radius: 10px; box-shadow: 0 4px 10px rgba(0,0,0,0.1);\" src=\"https:\/\/widevape.com\/wp-content\/uploads\/2026\/01\/FUMOT-ECO-2-IN-1-50K-50000-Puffs-Rechargeable-Disposable-Vape-Mesh-Coil-Wholesale-Bulk-Buy-10-1-800x800.webp\" alt=\"FUMOT ECO 2 IN 1 50K 50000 Z\u00fcge WideVape becomes FUMOT ECO 2 IN 1 50K 50000 tiri WideVape\" \/><\/div>\n<\/div>\n<\/section>\n<p><!-- Flavor List Section --><\/p>\n<section style=\"margin-bottom: 50px;\">\n<h2 style=\"color: #1e6b1e; border-bottom: 2px solid #a8e6a8; padding-bottom: 10px; margin-bottom: 20px;\">Combinazioni di sapori disponibili<\/h2>\n<p style=\"margin-bottom: 20px;\">Offriamo una vasta gamma di combinazioni emozionanti per il vostro acquisto all'ingrosso:<\/p>\n<div style=\"background-color: #fff; padding: 25px; border-radius: 10px; border: 1px solid #e0e0e0; display: grid; grid-template-columns: repeat(auto-fill, minmax(300px, 1fr)); gap: 15px;\">\n<div style=\"padding: 5px; border-bottom: 1px dashed #eee;\">1. Black Mamba &amp; Mr Blue \n\nbecomes \n\n1. Black Mamba &amp; Mr Blue \n\n No translation needed for names, however here is \n\n1. Black Mamba &amp; Mr Blue \nis translated to \n\n1. Black Mamba &amp; Mr Blue \n\n Result \n\n1. Black Mamba &amp; Mr Blue<\/div>\n<div style=\"padding: 5px; border-bottom: 1px dashed #eee;\">2. Black Ice &amp; Grape Ice<\/div>\n<div style=\"padding: 5px; border-bottom: 1px dashed #eee;\">3. Peach Ice &amp; White Mamba<\/div>\n<div style=\"padding: 5px; border-bottom: 1px dashed #eee;\">4. Lady Killer &amp; Love 66<\/div>\n<div style=\"padding: 5px; border-bottom: 1px dashed #eee;\">5. Blueberry Hubba Bubba &amp; Watermelon Hubba Bubba<\/div>\n<div style=\"padding: 5px; border-bottom: 1px dashed #eee;\">6. Orso Gommoso Uva &amp; Orso Gommoso Fragola<\/div>\n<div style=\"padding: 5px; border-bottom: 1px dashed #eee;\">7. Mela Acida &amp; Pesca<\/div>\n<div style=\"padding: 5px; border-bottom: 1px dashed #eee;\">8. Fanta &amp; Cola Ice<\/div>\n<div style=\"padding: 5px; border-bottom: 1px dashed #eee;\">9. Gummy Bear &amp; Skittles<\/div>\n<div style=\"padding: 5px; border-bottom: 1px dashed #eee;\">10. Cactus Ice &amp; Cactus Kiwi<\/div>\n<div style=\"padding: 5px; border-bottom: 1px dashed #eee;\">11. Pesca Mango Anguria &amp; Pina Colada<\/div>\n<div style=\"padding: 5px; border-bottom: 1px dashed #eee;\">12. Cherry Ice &amp; Blue Razz Cherry<\/div>\n<div style=\"padding: 5px; border-bottom: 1px dashed #eee;\">13. Menta Fresca &amp; Anguria Ghiacciata<\/div>\n<div style=\"padding: 5px; border-bottom: 1px dashed #eee;\">14. Limone &amp; Lime &amp; Fragola &amp; Anguria<\/div>\n<div style=\"padding: 5px; border-bottom: 1px dashed #eee;\">15. Pink Lemonade &amp; Sour Candy \n\nbecomes \n\n15. Pink Lemonade e Caramelle Agrodolci \n\n No, \n\n15. Pink Lemonade &amp; Sour Candy \n\nis \n\n15. Pink Lemonade &amp; Sour Candy<\/div>\n<div style=\"padding: 5px; border-bottom: 1px dashed #eee;\">16. Vimto &amp; Watermelon Bubblegum<\/div>\n<div style=\"padding: 5px; border-bottom: 1px dashed #eee;\">17. Banana Ice &amp; Black Dragon Ice<\/div>\n<div style=\"padding: 5px; border-bottom: 1px dashed #eee;\">18. Orso di gomma Blue Razz e ghiacciolo Blue Razz<\/div>\n<div style=\"padding: 5px; border-bottom: 1px dashed #eee;\">19. Ice Pop &amp; Kiwi Passion Fruit Guava<\/div>\n<div style=\"padding: 5px; border-bottom: 1px dashed #eee;\">20. Strawberry Ice &amp; Huckleberry<\/div>\n<div style=\"padding: 5px; border-bottom: 1px dashed #eee;\">21. Frutta Mista &amp; Blue Razz Limone<\/div>\n<div style=\"padding: 5px; border-bottom: 1px dashed #eee;\">22. Redbull Ice &amp; Blueberry Peach Ice<\/div>\n<div style=\"padding: 5px; border-bottom: 1px dashed #eee;\">23. Fragola Kiwi &amp; Mirtillo Sour Lampone<\/div>\n<div style=\"padding: 5px; border-bottom: 1px dashed #eee;\">24. Cola Limone &amp; Ananas Limone Mela Verde<\/div>\n<\/div>\n<\/section>\n<p><!-- Comparison Table --><\/p>\n<section style=\"margin-bottom: 50px;\">\n<h2 style=\"color: #1e6b1e; margin-top: 40px; margin-bottom: 20px;\">Confronto prodotti: FUMOT vs. Standard<\/h2>\n<div style=\"overflow-x: auto;\">\n<table style=\"width: 100%; border-collapse: collapse; margin-top: 10px; background-color: white; border-radius: 8px; overflow: hidden; box-shadow: 0 2px 8px rgba(0,0,0,0.05);\">\n<thead>\n<tr style=\"background-color: #1e6b1e; color: white; text-align: left;\">\n<th style=\"padding: 15px; border: 1px solid #ddd;\">Funzione<\/th>\n<th style=\"padding: 15px; border: 1px solid #ddd;\">FUMOT ECO 2 IN 1<\/th>\n<th style=\"padding: 15px; border: 1px solid #ddd;\">Vape monouso standard<\/th>\n<\/tr>\n<\/thead>\n<tbody>\n<tr style=\"background-color: #f9fdf9;\">\n<td style=\"padding: 12px; border: 1px solid #ddd; font-weight: bold;\">Numero di treni<\/td>\n<td style=\"padding: 12px; border: 1px solid #ddd; color: #d35400; font-weight: bold;\">50.000 treni (Estremamente alto)<\/td>\n<td style=\"padding: 12px; border: 1px solid #ddd;\">5.000 - 10.000 treni<\/td>\n<\/tr>\n<tr>\n<td style=\"padding: 12px; border: 1px solid #ddd; font-weight: bold;\">sistema del gusto<\/td>\n<td style=\"padding: 12px; border: 1px solid #ddd;\">Sistema duale (2 opzioni in 1)<\/td>\n<td style=\"padding: 12px; border: 1px solid #ddd;\">Solo un'opzione<\/td>\n<\/tr>\n<tr style=\"background-color: #f9fdf9;\">\n<td style=\"padding: 12px; border: 1px solid #ddd; font-weight: bold;\">Schermo<\/td>\n<td style=\"padding: 12px; border: 1px solid #ddd;\">Display intelligente &amp; Luce iridescente<\/td>\n<td style=\"padding: 12px; border: 1px solid #ddd;\">Di solito nessuna schermata<\/td>\n<\/tr>\n<tr>\n<td style=\"padding: 12px; border: 1px solid #ddd; font-weight: bold;\">Batteria<\/td>\n<td style=\"padding: 12px; border: 1px solid #ddd;\">950mAh ricaricabile<\/td>\n<td style=\"padding: 12px; border: 1px solid #ddd;\">\u00d8 650mAh<\/td>\n<\/tr>\n<\/tbody>\n<\/table>\n<\/div>\n<\/section>\n<p><!-- FAQ Section --><\/p>\n<section style=\"margin-bottom: 50px;\">\n<h2 style=\"color: #1e6b1e; border-bottom: 2px solid #a8e6a8; padding-bottom: 10px;\">Domande frequenti (FAQ)<\/h2>\n<div style=\"margin-bottom: 20px;\">\n<h3 style=\"color: #d35400; font-size: 18px; margin-bottom: 10px;\">\u2753 F: Come posso passare da un sapore all'altro?<\/h3>\n<p style=\"background-color: #fff; padding: 15px; border-left: 4px solid #d35400; border-radius: 0 4px 4px 0; box-shadow: 0 1px 3px rgba(0,0,0,0.1);\">A: \u00c8 davvero semplice! Il dispositivo dispone di un meccanismo di commutazione speciale. Basta semplicemente spostare l'interruttore per passare da un serbatoio all'altro. In questo modo, potrete godere di due esperienze diverse senza dover portare due vape separati.<\/p>\n<\/div>\n<div style=\"margin-bottom: 20px;\">\n<h3 style=\"color: #d35400; font-size: 18px; margin-bottom: 10px;\">\u2753 F: \u00c8 questo prodotto disponibile per la vendita all'ingrosso?<\/h3>\n<p style=\"background-color: #fff; padding: 15px; border-left: 4px solid #d35400; border-radius: 0 4px 4px 0; box-shadow: 0 1px 3px rgba(0,0,0,0.1);\">A: S\u00ec! Noi presso <strong>WideVape<\/strong> Siamo specializzati in ordini all'ingrosso e in grandi quantit\u00e0. Puoi ordinare scatole (10 pezzi per scatola) o cartoni (100 pezzi per cartone). L'acquisto di grandi quantit\u00e0 offre il miglior rapporto qualit\u00e0-prezzo.<\/p>\n<\/div>\n<div style=\"margin-bottom: 20px;\">\n<h3 style=\"color: #d35400; font-size: 18px; margin-bottom: 10px;\">\u2753 F: Quanto dura la batteria?<\/h3>\n<p style=\"background-color: #fff; padding: 15px; border-left: 4px solid #d35400; border-radius: 0 4px 4px 0; box-shadow: 0 1px 3px rgba(0,0,0,0.1);\">A: La batteria da 950mAh \u00e8 molto potente e fornisce energia al dispositivo per lungo tempo. Poich\u00e9 pu\u00f2 essere ricaricata tramite USB di tipo C, \u00e8 possibile collegarla e utilizzare il dispositivo fino a quando il liquido non \u00e8 completamente esaurito.<\/p>\n<\/div>\n<\/section>\n<p><!-- Call to Action --><\/p>\n<div style=\"text-align: center; margin-top: 50px; padding: 30px; background-color: #e8f5e9; border-radius: 10px;\">\n<p style=\"font-size: 22px; margin-bottom: 20px; font-weight: bold; color: #1e6b1e;\">Pronti per i migliori vaporizzatori usa e getta?<\/p>\n<\/div>\n<div style=\"text-align: center; margin-top: 30px;\"><img decoding=\"async\" class=\"aligncenter size-full\" style=\"max-width: 100%; height: auto; border-radius: 10px;\" src=\"https:\/\/widevape.com\/wp-content\/uploads\/2026\/01\/FUMOT-ECO-2-IN-1-50K-50000-Puffs-Rechargeable-Disposable-Vape-Mesh-Coil-Wholesale-Bulk-Buy-2-1.webp\" alt=\"FUMOT ECO 2 IN 1 50K WideVape all&#039;ingrosso\" \/><\/div>\n<div>\n<h2>Guida al prodotto:<\/h2>\n<p><a href=\"https:\/\/widevape.com\/wp-content\/uploads\/2026\/01\/FUMOT-ECO-2-IN-1-50K-50000-Zuege-Product-Guide.pdf\" target=\"_blank\" rel=\"noopener\">Guida al prodotto FUMOT ECO 2 IN 1 50K 50000 Z\u00fcge<\/a><\/p>\n<\/div>\n<div><\/div>\n<\/article>","protected":false},"excerpt":{"rendered":"<p>Da ESCOVAPE, il FUMOT ECO 2 IN 1 50K \u00e8 una sigaretta elettronica monouso ricaricabile con un impressionante numero di 50.000 tiri e un sistema a doppio serbatoio che consente agli utenti di passare tra due opzioni distinte in un unico dispositivo.<\/p>","protected":false},"featured_media":28807,"comment_status":"open","ping_status":"closed","template":"","meta":[],"product_brand":[],"product_cat":[114,91,92,93,37,94,61,183,187,193,185,181,184,186,188,182,189,190,192,191,90,58],"product_tag":[],"class_list":{"0":"post-28766","1":"product","2":"type-product","3":"status-publish","4":"has-post-thumbnail","6":"product_cat-50000-zuege-einweg-e-zigaretten","7":"product_cat-crystal-einweg-e-zigaretten","8":"product_cat-digitale-box-einweg-e-zigaretten","9":"product_cat-dual-mesh-einweg-e-zigaretten","10":"product_cat-einweg-e-zigaretten","11":"product_cat-einweg-e-zigaretten-mit-niedriger-nikotinstaerke","12":"product_cat-einweg-e-zigaretten-nach-zuegen","13":"product_cat-einweg-e-zigaretten-in-belgien","14":"product_cat-einweg-e-zigaretten-in-den-niederlanden","15":"product_cat-einweg-e-zigaretten-in-der-schweiz","16":"product_cat-einweg-e-zigaretten-in-deutschland","17":"product_cat-einweg-e-zigaretten-in-europa","18":"product_cat-einweg-e-zigaretten-in-frankreich","19":"product_cat-einweg-e-zigaretten-in-italien","20":"product_cat-einweg-e-zigaretten-in-norwegen","21":"product_cat-einweg-e-zigaretten-in-oesterreich","22":"product_cat-einweg-e-zigaretten-in-polen","23":"product_cat-einweg-e-zigaretten-in-portugal","24":"product_cat-einweg-e-zigaretten-in-schweden","25":"product_cat-einweg-e-zigaretten-in-spanien","26":"product_cat-grosse-einweg-e-zigaretten","27":"product_cat-randm-tornado-einweg-e-zigaretten","29":"first","30":"instock","31":"shipping-taxable","32":"purchasable","33":"product-type-variable","34":"has-default-attributes"},"_links":{"self":[{"href":"https:\/\/widevape.com\/it\/wp-json\/wp\/v2\/product\/28766","targetHints":{"allow":["GET"]}}],"collection":[{"href":"https:\/\/widevape.com\/it\/wp-json\/wp\/v2\/product"}],"about":[{"href":"https:\/\/widevape.com\/it\/wp-json\/wp\/v2\/types\/product"}],"replies":[{"embeddable":true,"href":"https:\/\/widevape.com\/it\/wp-json\/wp\/v2\/comments?post=28766"}],"wp:featuredmedia":[{"embeddable":true,"href":"https:\/\/widevape.com\/it\/wp-json\/wp\/v2\/media\/28807"}],"wp:attachment":[{"href":"https:\/\/widevape.com\/it\/wp-json\/wp\/v2\/media?parent=28766"}],"wp:term":[{"taxonomy":"product_brand","embeddable":true,"href":"https:\/\/widevape.com\/it\/wp-json\/wp\/v2\/product_brand?post=28766"},{"taxonomy":"product_cat","embeddable":true,"href":"https:\/\/widevape.com\/it\/wp-json\/wp\/v2\/product_cat?post=28766"},{"taxonomy":"product_tag","embeddable":true,"href":"https:\/\/widevape.com\/it\/wp-json\/wp\/v2\/product_tag?post=28766"}],"curies":[{"name":"wp","href":"https:\/\/api.w.org\/{rel}","templated":true}]}}