{"id":16464,"date":"2023-04-19T13:48:44","date_gmt":"2023-04-19T13:48:44","guid":{"rendered":"https:\/\/shopkeeper-demo.getbowtied.com\/electronics\/?page_id=16464"},"modified":"2025-09-16T10:46:11","modified_gmt":"2025-09-16T08:46:11","slug":"over-ons","status":"publish","type":"page","link":"https:\/\/widevape.com\/nl\/ueber-uns\/","title":{"rendered":"Ueber Uns"},"content":{"rendered":"<h1 style=\"text-align: center;\" data-start=\"144\" data-end=\"156\">Over WideVape<\/h1>\n<p data-start=\"157\" data-end=\"667\">Opgericht in 2021 is WideVape een online winkel voor e-sigaretten die zich specialiseert in hoogwaardige Disposable Vapes, e-liquids, nicotinezakjes en accessoires. We zijn trots om topmerken zoals <a href=\"https:\/\/widevape.com\/nl\/productcategorie\/bang-wegwerp-e-sigaretten\/\">BANG<\/a>, <a href=\"https:\/\/widevape.com\/nl\/productcategorie\/randm-tornado-wegwerp-e-sigaretten\/\">RandM tornado<\/a>, <a href=\"https:\/\/widevape.com\/nl\/productcategorie\/waspe-wegwerp-e-sigaretten\/\">Waspe<\/a>\u00a0en veel meer aan te bieden en bedienen inmiddels duizenden trouwe klanten in Europa. Onder leiding van een toegewijde team van gepassioneerde vape-enthousiasten heeft WideVape zichzelf tot doel gesteld om onze klanten de beste dampbeleving te bieden.<\/p>\n<hr data-start=\"669\" data-end=\"672\" \/>\n<h2 style=\"text-align: center;\" data-start=\"674\" data-end=\"699\">Kwaliteit en service<\/h2>\n<p data-start=\"700\" data-end=\"1185\">Bij WideVape staan kwaliteit en klanttevredenheid op de eerste plaats. Onze uitgebreide selectie wordt zorgvuldig gekozen om tegemoet te komen aan de uiteenlopende behoeften en voorkeuren van onze klanten. Elk product komt van een gerenommeerde fabrikant en voldoet aan de hoogste normen op het gebied van veiligheid en kwaliteit. Of u nu een ervaren vapen bent of net begint - bij ons vindt u gegarandeerd het juiste product om uw ervaring te verrijken.<\/p>\n<p data-start=\"1187\" data-end=\"1522\">Onze toegewijde serviceploeg ondersteunt u te allen tijde competent bij vragen of problemen en zorgt ervoor dat uw aankoop soepel en aangenaam verloopt. Bovendien bieden we een flexibel retour- en omruilrecht, zodat u artikelen probleemloos kunt retourneren of omruilen als u ooit ontevreden zou zijn.<\/p>\n<hr data-start=\"1524\" data-end=\"1527\" \/>\n<h2 style=\"text-align: center;\" data-start=\"1529\" data-end=\"1568\">Snel, betrouwbaar en voordelig<\/h2>\n<p data-start=\"1569\" data-end=\"1868\">Een van onze grootste krachten is onze focus op snelle levering. We weten hoe belangrijk het is om uw producten op tijd te ontvangen. Daarom zorgen we ervoor dat alle bestellingen snel worden verwerkt en verzonden. Zo kunt u uw aankopen zonder onnodige vertragingen genieten.<\/p>\n<p data-start=\"1870\" data-end=\"2194\">Met WideVape hoeft u niet te kiezen tussen kwaliteit en prijs - wij bieden beide. Dankzij onze concurrerende prijzen kunt u genieten van premium-dampproducten zonder uw budget te overschrijden. Ondertussen werken we voortdurend aan het brengen van de nieuwste en beste dampproducten op de Europese markt.<\/p>\n<hr data-start=\"2196\" data-end=\"2199\" \/>\n<p data-start=\"2201\" data-end=\"2431\">Neem de tijd om onze gevarieerde selectie te ontdekken en vind de perfecte vape voor jouw behoeften. Met WideVape kun je er zeker van zijn dat je altijd eersteklas producten en uitstekende service krijgt.<\/p>\n<p data-start=\"2433\" data-end=\"2505\"><a class=\"decorated-link cursor-pointer\" target=\"_new\" rel=\"noopener\" data-start=\"2447\" data-end=\"2463\">\u00a0<\/a>E-Mail: <a class=\"decorated-link cursor-pointer\" rel=\"noopener\" data-start=\"2481\" data-end=\"2501\">info@widevape.com<\/a><\/p>","protected":false},"excerpt":{"rendered":"<p>\u00dcber WideVape Gegr\u00fcndet im Jahr 2021 ist WideVape ein Online-Shop f\u00fcr E-Zigaretten, der sich auf hochwertige Disposable Vapes, E-Liquids, Nikotinbeutel und Zubeh\u00f6r spezialisiert hat. Wir sind stolz darauf, Top-Marken wie BANG, RandM Tornado, Waspe\u00a0und viele mehr anbieten zu k\u00f6nnen und bedienen inzwischen tausende treue Kunden in Europa. Geleitet von einem engagierten Team leidenschaftlicher Vape-Enthusiasten hat[Erfahren Sie mehr&#8230;]\n","protected":false},"author":1,"featured_media":0,"parent":0,"menu_order":0,"comment_status":"closed","ping_status":"closed","template":"","meta":{"footnotes":""},"class_list":["post-16464","page","type-page","status-publish","hentry"],"_links":{"self":[{"href":"https:\/\/widevape.com\/nl\/wp-json\/wp\/v2\/pages\/16464","targetHints":{"allow":["GET"]}}],"collection":[{"href":"https:\/\/widevape.com\/nl\/wp-json\/wp\/v2\/pages"}],"about":[{"href":"https:\/\/widevape.com\/nl\/wp-json\/wp\/v2\/types\/page"}],"author":[{"embeddable":true,"href":"https:\/\/widevape.com\/nl\/wp-json\/wp\/v2\/users\/1"}],"replies":[{"embeddable":true,"href":"https:\/\/widevape.com\/nl\/wp-json\/wp\/v2\/comments?post=16464"}],"version-history":[{"count":2,"href":"https:\/\/widevape.com\/nl\/wp-json\/wp\/v2\/pages\/16464\/revisions"}],"predecessor-version":[{"id":28063,"href":"https:\/\/widevape.com\/nl\/wp-json\/wp\/v2\/pages\/16464\/revisions\/28063"}],"wp:attachment":[{"href":"https:\/\/widevape.com\/nl\/wp-json\/wp\/v2\/media?parent=16464"}],"curies":[{"name":"wp","href":"https:\/\/api.w.org\/{rel}","templated":true}]}}