{"id":23770,"date":"2025-02-26T10:21:52","date_gmt":"2025-02-26T09:21:52","guid":{"rendered":"https:\/\/widevape.com\/?page_id=23770"},"modified":"2025-02-26T10:21:52","modified_gmt":"2025-02-26T09:21:52","slug":"terugkeervoorwaarden","status":"publish","type":"page","link":"https:\/\/widevape.com\/nl\/rueckgabebedingungen\/","title":{"rendered":"R\u00fcckgabebedingungen"},"content":{"rendered":"<p data-start=\"113\" data-end=\"207\"><strong data-start=\"113\" data-end=\"207\">Bedankt voor het winkelen bij Wide Vape - Premium e-sigaretten voor eenmalig gebruik uit Duitsland.<\/strong><\/p>\n<p data-start=\"209\" data-end=\"418\">We willen dat je helemaal tevreden bent met je aankoop, maar als je om wat voor reden dan ook een retourzending moet doen, kun je hier het gedetailleerde retourbeleid vinden:<\/p>\n<h4 data-start=\"420\" data-end=\"441\">1. retourperiode<\/h4>\n<p data-start=\"442\" data-end=\"732\">We accepteren retourzendingen binnen <strong data-start=\"482\" data-end=\"527\">14 dagen na ontvangst van je bestelling<\/strong>Let op: om hygi\u00ebnische en veiligheidsredenen kunnen we geopende of gebruikte producten niet terugnemen.<\/p>\n<h4 data-start=\"734\" data-end=\"761\">2. retourvoorwaarden<\/h4>\n<p data-start=\"762\" data-end=\"889\">Neem contact met ons op via e-mail op <strong data-start=\"835\" data-end=\"856\"><a rel=\"noopener\" data-start=\"837\" data-end=\"854\">info@widevape.com<\/a><\/strong> met de volgende informatie:<\/p>\n<ul data-start=\"890\" data-end=\"947\">\n<li data-start=\"890\" data-end=\"905\">Bestelnummer<\/li>\n<li data-start=\"906\" data-end=\"926\">Productaanduiding<\/li>\n<li data-start=\"927\" data-end=\"947\">Reden voor terugkeer<\/li>\n<\/ul>\n<p data-start=\"949\" data-end=\"1093\">De retourzending is voor uw rekening, tenzij het product defect of beschadigd is, in welk geval wij de retourverzendkosten voor onze rekening nemen.<\/p>\n<h4 data-start=\"1095\" data-end=\"1117\">3. terugbetaling<\/h4>\n<p data-start=\"1118\" data-end=\"1331\">Na ontvangst en controle van de retourzending, betalen we het aankoopbedrag terug binnen <strong data-start=\"1205\" data-end=\"1220\">7 werkdagen<\/strong> naar de oorspronkelijke betaalmethode, minus eventuele retourportokosten (indien van toepassing).<\/p>\n<h4 data-start=\"1333\" data-end=\"1378\">4. beschadigde of defecte producten<\/h4>\n<p data-start=\"1379\" data-end=\"1679\">Als je een beschadigd of defect product hebt ontvangen, neem dan onmiddellijk contact met ons op zodat we een oplossing kunnen vinden. We bieden je ofwel een vervangend product of een volledige terugbetaling, in welk geval we uiteraard de retourverzendkosten voor onze rekening nemen.<\/p>\n<h4 data-start=\"1681\" data-end=\"1717\">5. annulering van bestellingen<\/h4>\n<p data-start=\"1718\" data-end=\"2042\">Aangezien onze producten bedoeld zijn voor bulkbestellingen en bulkaankopen, verzoeken wij u uw bestelling te controleren voordat u deze afrondt. Annulering van de bestelling is alleen mogelijk zolang de bestelling nog niet is verzonden. Zodra de goederen zijn verzonden, zijn de bovenstaande retourvoorwaarden van toepassing.<\/p>\n<h4 data-start=\"2044\" data-end=\"2063\">6. teruggave van goederen<\/h4>\n<p data-start=\"2064\" data-end=\"2294\">Verpak geretourneerde producten goed om schade tijdens het transport te voorkomen en we raden aan een traceerbare verzendservice te gebruiken om er zeker van te zijn dat de retourzending bij ons aankomt.<\/p>\n<h4 data-start=\"2296\" data-end=\"2311\">7. contact<\/h4>\n<p data-start=\"2312\" data-end=\"2456\">Neem voor vragen of om een retourzending te initi\u00ebren contact met ons op: <strong data-start=\"2399\" data-end=\"2410\">e-mail:<\/strong> <a rel=\"noopener\" data-start=\"2411\" data-end=\"2456\">info@widevape.com<\/a><\/p>\n<p data-start=\"2458\" data-end=\"2536\"><strong data-start=\"2458\" data-end=\"2488\">Adres voor retourzendingen:<\/strong><br data-start=\"2488\" data-end=\"2491\" \/>Brede Vape<br data-start=\"2500\" data-end=\"2503\" \/>Adres volgt na contact<\/p>","protected":false},"excerpt":{"rendered":"<p>Vielen Dank f\u00fcr Ihren Einkauf bei Wide Vape \u2013 Premium Einweg E-Zigaretten aus Deutschland. Wir m\u00f6chten, dass Sie mit Ihrem Einkauf vollkommen zufrieden sind. Sollte es jedoch aus irgendeinem Grund erforderlich sein, eine R\u00fcckgabe zu veranlassen, finden Sie hier die detaillierten R\u00fcckgabebedingungen: 1. R\u00fcckgabefrist Wir akzeptieren R\u00fcckgaben innerhalb von 14 Tagen nach dem Erhalt Ihrer[Erfahren Sie mehr&#8230;]\n","protected":false},"author":1,"featured_media":0,"parent":0,"menu_order":0,"comment_status":"closed","ping_status":"closed","template":"","meta":{"footnotes":""},"class_list":["post-23770","page","type-page","status-publish","hentry"],"_links":{"self":[{"href":"https:\/\/widevape.com\/nl\/wp-json\/wp\/v2\/pages\/23770","targetHints":{"allow":["GET"]}}],"collection":[{"href":"https:\/\/widevape.com\/nl\/wp-json\/wp\/v2\/pages"}],"about":[{"href":"https:\/\/widevape.com\/nl\/wp-json\/wp\/v2\/types\/page"}],"author":[{"embeddable":true,"href":"https:\/\/widevape.com\/nl\/wp-json\/wp\/v2\/users\/1"}],"replies":[{"embeddable":true,"href":"https:\/\/widevape.com\/nl\/wp-json\/wp\/v2\/comments?post=23770"}],"version-history":[{"count":0,"href":"https:\/\/widevape.com\/nl\/wp-json\/wp\/v2\/pages\/23770\/revisions"}],"wp:attachment":[{"href":"https:\/\/widevape.com\/nl\/wp-json\/wp\/v2\/media?parent=23770"}],"curies":[{"name":"wp","href":"https:\/\/api.w.org\/{rel}","templated":true}]}}