{"id":23793,"date":"2025-02-26T10:45:12","date_gmt":"2025-02-26T09:45:12","guid":{"rendered":"https:\/\/widevape.com\/?page_id=23793"},"modified":"2025-02-26T10:45:12","modified_gmt":"2025-02-26T09:45:12","slug":"hoe-te-bestellen","status":"publish","type":"page","link":"https:\/\/widevape.com\/nl\/wie-man-bestellt\/","title":{"rendered":"Wie man bestellt"},"content":{"rendered":"<p data-start=\"39\" data-end=\"418\">Welkom bij <strong data-start=\"54\" data-end=\"70\">WideVape.nl<\/strong> - Uw favoriete online winkel voor eersteklas e-sigaretten voor eenmalig gebruik uit Europa! Of u nu voor persoonlijk gebruik koopt of als onderdeel van een groothandel, wij hebben het bestelproces eenvoudig en gemakkelijk gemaakt. Volg deze eenvoudige stappen om uw favoriete e-sigaretten voor eenmalig gebruik snel en gemakkelijk te bestellen:<\/p>\n<h3 data-start=\"420\" data-end=\"464\">Stap 1: Ontdek onze producten<\/h3>\n<ul data-start=\"465\" data-end=\"854\">\n<li data-start=\"465\" data-end=\"587\"><strong data-start=\"467\" data-end=\"497\">Bezoek de homepage:<\/strong> Ga naar <strong data-start=\"512\" data-end=\"552\"><a href=\"https:\/\/widevape.com\/nl\/\" target=\"_new\" rel=\"noopener\" data-start=\"514\" data-end=\"550\">widevape.com<\/a><\/strong>om je aankoop te beginnen.<\/li>\n<li data-start=\"588\" data-end=\"854\"><strong data-start=\"590\" data-end=\"611\">Productoverzicht:<\/strong> Klik op het menu \"<strong data-start=\"638\" data-end=\"646\">Winkel op<\/strong>\" bovenaan de pagina om door onze brede selectie e-sigaretten voor eenmalig gebruik te bladeren. Wij bieden de beste merken zoals <strong data-start=\"765\" data-end=\"777\">Bang Box<\/strong>, <strong data-start=\"779\" data-end=\"788\">RandM<\/strong>, <strong data-start=\"790\" data-end=\"801\">Elfendoos<\/strong>, <strong data-start=\"803\" data-end=\"816\">AL Fakher<\/strong>, <strong data-start=\"818\" data-end=\"827\">Waspe<\/strong>, <strong data-start=\"829\" data-end=\"838\">Vozol<\/strong> en nog veel meer.<\/li>\n<\/ul>\n<h3 data-start=\"856\" data-end=\"893\">Stap 2: Kies je product<\/h3>\n<ul data-start=\"894\" data-end=\"1264\">\n<li data-start=\"894\" data-end=\"1104\"><strong data-start=\"896\" data-end=\"927\">Merk- of categorieselectie:<\/strong> Filter op merk of productcategorie om precies te vinden wat je nodig hebt. Elk product bevat gedetailleerde informatie over smaak, eigenschappen en prijs.<\/li>\n<li data-start=\"1105\" data-end=\"1264\"><strong data-start=\"1107\" data-end=\"1134\">Bekijk productgegevens:<\/strong> Klik op een product voor een gedetailleerde beschrijving, beschikbare smaken en beoordelingen van klanten.<\/li>\n<\/ul>\n<h3 data-start=\"1266\" data-end=\"1319\">Stap 3: Voeg producten toe aan het winkelmandje<\/h3>\n<ul data-start=\"1320\" data-end=\"1602\">\n<li data-start=\"1320\" data-end=\"1460\"><strong data-start=\"1322\" data-end=\"1339\">Selecteer de hoeveelheid:<\/strong> Bepaal hoeveel eenheden je wilt bestellen. Onze minimale bestelhoeveelheid begint bij <strong data-start=\"1439\" data-end=\"1451\">10 stuks<\/strong> (1 doos).<\/li>\n<li data-start=\"1461\" data-end=\"1602\"><strong data-start=\"1463\" data-end=\"1490\">Toevoegen aan winkelmandje:<\/strong> Klik op de knop \"<strong data-start=\"1525\" data-end=\"1545\">Toevoegen aan winkelmandje<\/strong>\" om het geselecteerde product toe te voegen aan het winkelmandje.<\/li>\n<\/ul>\n<h3 data-start=\"1604\" data-end=\"1649\">Stap 4: Controleer uw winkelmandje<\/h3>\n<ul data-start=\"1650\" data-end=\"1967\">\n<li data-start=\"1650\" data-end=\"1782\"><strong data-start=\"1652\" data-end=\"1674\">Winkelmand bekijken:<\/strong> Klik op het pictogram van het winkelmandje rechtsboven aan de pagina om de items in je winkelmandje te bekijken.<\/li>\n<li data-start=\"1783\" data-end=\"1870\"><strong data-start=\"1785\" data-end=\"1808\">Productherziening:<\/strong> Zorg ervoor dat de artikelen en hoeveelheden kloppen.<\/li>\n<li data-start=\"1871\" data-end=\"1967\"><strong data-start=\"1873\" data-end=\"1894\">Ga door naar de kassa:<\/strong> Klik op \"<strong data-start=\"1912\" data-end=\"1925\">Kassa<\/strong>\" om door te gaan met het bestelproces.<\/li>\n<\/ul>\n<h3 data-start=\"1969\" data-end=\"2010\">Stap 5: Voltooi het bestelproces<\/h3>\n<ul data-start=\"2011\" data-end=\"2535\">\n<li data-start=\"2011\" data-end=\"2129\"><strong data-start=\"2013\" data-end=\"2049\">Voer factuurgegevens in:<\/strong> Voer je factuuradres, je naam en je contactgegevens in.<\/li>\n<li data-start=\"2130\" data-end=\"2265\"><strong data-start=\"2132\" data-end=\"2158\">Leveringsadres invoeren:<\/strong> Als je afleveradres afwijkt van het factuuradres, voer dan de relevante aflevergegevens in.<\/li>\n<li data-start=\"2266\" data-end=\"2535\"><strong data-start=\"2268\" data-end=\"2295\">Selecteer een betaalmethode:<\/strong> Kies de betalingsmethode van je voorkeur, we accepteren <strong data-start=\"2356\" data-end=\"2372\">Creditcards<\/strong>, <strong data-start=\"2374\" data-end=\"2400\">Bankoverschrijving (SEPA)<\/strong>, <strong data-start=\"2402\" data-end=\"2421\">Cryptocurrencies<\/strong>en de populairste online betaalmethoden <strong data-start=\"2470\" data-end=\"2479\">iDEAL<\/strong> (voor Nederland) en <strong data-start=\"2506\" data-end=\"2520\">Bancontact<\/strong> (voor Belgi\u00eb).<\/li>\n<\/ul>\n<h3 data-start=\"2537\" data-end=\"2570\">Stap 6: Orderbevestiging<\/h3>\n<ul data-start=\"2571\" data-end=\"2815\">\n<li data-start=\"2571\" data-end=\"2682\"><strong data-start=\"2573\" data-end=\"2594\">Besteloverzicht:<\/strong> Controleer alle details, inclusief producten, hoeveelheden en totaalbedrag.<\/li>\n<li data-start=\"2683\" data-end=\"2815\"><strong data-start=\"2685\" data-end=\"2712\">Rond je bestelling af:<\/strong> Klik op \"<strong data-start=\"2730\" data-end=\"2755\">Bestelling verzenden<\/strong>\" om je bestelling af te ronden en de aankoop te doen.<\/li>\n<\/ul>\n<h3 data-start=\"2817\" data-end=\"2859\">Stap 7: Bestelbevestiging ontvangen<\/h3>\n<ul data-start=\"2860\" data-end=\"3168\">\n<li data-start=\"2860\" data-end=\"3000\"><strong data-start=\"2862\" data-end=\"2894\">Bevestiging op de website:<\/strong> Onmiddellijk na het plaatsen van je bestelling ontvang je een bevestiging op de website met je bestelnummer.<\/li>\n<li data-start=\"3001\" data-end=\"3168\"><strong data-start=\"3003\" data-end=\"3026\">Bevestiging per e-mail:<\/strong> Je ontvangt een e-mail met alle bestelinformatie, inclusief het bestelnummer en een gedetailleerd overzicht van je bestelling.<\/li>\n<\/ul>\n<hr data-start=\"3170\" data-end=\"3173\" \/>\n<p data-start=\"3175\" data-end=\"3200\"><strong data-start=\"3175\" data-end=\"3200\">Verzendinformatie:<\/strong><\/p>\n<ul data-start=\"3201\" data-end=\"3495\">\n<li data-start=\"3201\" data-end=\"3340\"><strong data-start=\"3203\" data-end=\"3226\">Verzending vanuit Europa:<\/strong> Bestellingen vanuit ons Europese magazijn vereisen ongeveer <strong data-start=\"3309\" data-end=\"3321\">3-7 dagen<\/strong> tot levering.<\/li>\n<li data-start=\"3341\" data-end=\"3458\"><strong data-start=\"3343\" data-end=\"3365\">Verzending vanuit China:<\/strong> Bestellingen vanuit ons Chinese magazijn worden verzonden binnen <strong data-start=\"3431\" data-end=\"3446\">12-15 dagen<\/strong> geleverd.<\/li>\n<li data-start=\"3459\" data-end=\"3495\">We leveren in <strong data-start=\"3476\" data-end=\"3494\">alle EU-landen<\/strong>.<\/li>\n<\/ul>\n<hr data-start=\"3497\" data-end=\"3500\" \/>\n<p data-start=\"3502\" data-end=\"3636\"><strong data-start=\"3502\" data-end=\"3514\">Contact:<\/strong> Als je vragen of problemen hebt met je bestelling, neem dan contact op met onze vriendelijke klantenservice:<\/p>\n<p data-start=\"3638\" data-end=\"3695\"><strong data-start=\"3638\" data-end=\"3649\">e-mail:<\/strong> <a rel=\"noopener\" data-start=\"3650\" data-end=\"3695\">info@widevape.com<\/a><\/p>\n<hr data-start=\"3697\" data-end=\"3700\" \/>\n<p data-start=\"3702\" data-end=\"3728\"><strong data-start=\"3702\" data-end=\"3728\">Waarom kiezen voor WideVape?<\/strong><\/p>\n<ul data-start=\"3729\" data-end=\"4077\">\n<li data-start=\"3729\" data-end=\"3885\"><strong data-start=\"3731\" data-end=\"3748\">Beste merken:<\/strong> We bieden je alleen de beste merken, zoals <strong data-start=\"3792\" data-end=\"3804\">Bang Box<\/strong>, <strong data-start=\"3806\" data-end=\"3815\">RandM<\/strong>, <strong data-start=\"3817\" data-end=\"3826\">Waspe<\/strong>, <strong data-start=\"3828\" data-end=\"3837\">Vozol<\/strong> en nog veel meer tegen gegarandeerd lage prijzen.<\/li>\n<li data-start=\"3886\" data-end=\"3998\"><strong data-start=\"3888\" data-end=\"3912\">Groothandelsaanbiedingen:<\/strong> Bestel in grote hoeveelheden en profiteer van onze aantrekkelijke groothandelsprijzen.<\/li>\n<li data-start=\"3999\" data-end=\"4077\"><strong data-start=\"4001\" data-end=\"4022\">Veilige verzending:<\/strong> Je bestellingen worden veilig en snel geleverd.<\/li>\n<\/ul>\n<p data-start=\"4079\" data-end=\"4145\" data-is-last-node=\"\" data-is-only-node=\"\">Bedankt voor het kiezen van <strong data-start=\"4110\" data-end=\"4126\">WideVape.nl<\/strong> hebben besloten!<\/p>","protected":false},"excerpt":{"rendered":"<p>Willkommen bei WideVape.com \u2013 Ihrem bevorzugten Online-Shop f\u00fcr Premium Einweg E-Zigaretten aus Europa! Egal, ob Sie f\u00fcr den pers\u00f6nlichen Gebrauch oder im Rahmen eines Gro\u00dfhandelsgesch\u00e4fts einkaufen, wir haben den Bestellprozess einfach und unkompliziert gestaltet. Folgen Sie diesen einfachen Schritten, um Ihre Lieblings-Einweg-E-Zigaretten schnell und bequem zu bestellen: Schritt 1: Entdecken Sie unsere Produkte Besuchen Sie[Erfahren Sie mehr&#8230;]\n","protected":false},"author":1,"featured_media":0,"parent":0,"menu_order":0,"comment_status":"closed","ping_status":"closed","template":"","meta":{"footnotes":""},"class_list":["post-23793","page","type-page","status-publish","hentry"],"_links":{"self":[{"href":"https:\/\/widevape.com\/nl\/wp-json\/wp\/v2\/pages\/23793","targetHints":{"allow":["GET"]}}],"collection":[{"href":"https:\/\/widevape.com\/nl\/wp-json\/wp\/v2\/pages"}],"about":[{"href":"https:\/\/widevape.com\/nl\/wp-json\/wp\/v2\/types\/page"}],"author":[{"embeddable":true,"href":"https:\/\/widevape.com\/nl\/wp-json\/wp\/v2\/users\/1"}],"replies":[{"embeddable":true,"href":"https:\/\/widevape.com\/nl\/wp-json\/wp\/v2\/comments?post=23793"}],"version-history":[{"count":0,"href":"https:\/\/widevape.com\/nl\/wp-json\/wp\/v2\/pages\/23793\/revisions"}],"wp:attachment":[{"href":"https:\/\/widevape.com\/nl\/wp-json\/wp\/v2\/media?parent=23793"}],"curies":[{"name":"wp","href":"https:\/\/api.w.org\/{rel}","templated":true}]}}