{"id":17260,"date":"2025-02-12T17:09:00","date_gmt":"2025-02-12T16:09:00","guid":{"rendered":"https:\/\/widevape.com\/?post_type=product&#038;p=17260"},"modified":"2026-04-18T14:00:08","modified_gmt":"2026-04-18T12:00:08","slug":"jnr-mega-box-25000-zuege-30ml-e-liquid-oplaadbare-wegwerp-vape-met-dual-mesh-coil-0-2-5-nicotine-groothandelsprijzen-bij-widevape","status":"publish","type":"product","link":"https:\/\/widevape.com\/nl\/product\/jnr-mega-box-25000-zuege-30ml-e-liquid-wiederaufladbare-einweg-vapes-mit-dual-mesh-coil-0-2-5-nikotin-grosshandelspreise-bei-widevape\/","title":{"rendered":"JNR Mega Box 25000 Puffs (30ml E-Liquid) - Oplaadbare Wegwerp Vapes met Dual Mesh Coil &amp; 0%\/2%\/5% Nicotine | Groothandel Prijzen bij WideVape"},"content":{"rendered":"<h2><img loading=\"lazy\" decoding=\"async\" class=\"alignnone size-full wp-image-17323\" src=\"https:\/\/widevape.com\/wp-content\/uploads\/2025\/02\/JNR_Mega_Box_25000-10-2.webp\" alt=\"\" width=\"1059\" height=\"596\" srcset=\"https:\/\/widevape.com\/wp-content\/uploads\/2025\/02\/JNR_Mega_Box_25000-10-2.webp 1059w, https:\/\/widevape.com\/wp-content\/uploads\/2025\/02\/JNR_Mega_Box_25000-10-2-510x287.webp 510w, https:\/\/widevape.com\/wp-content\/uploads\/2025\/02\/JNR_Mega_Box_25000-10-2-300x169.webp 300w, https:\/\/widevape.com\/wp-content\/uploads\/2025\/02\/JNR_Mega_Box_25000-10-2-1024x576.webp 1024w, https:\/\/widevape.com\/wp-content\/uploads\/2025\/02\/JNR_Mega_Box_25000-10-2-768x432.webp 768w\" sizes=\"auto, (max-width: 1059px) 100vw, 1059px\" \/><\/h2>\n<h2 class=\"mb-2 mt-6 text-lg first:mt-3\"><a href=\"https:\/\/widevape.com\/nl\/productcategorie\/jnr-wegwerp-e-sigaretten\/\">JNR<\/a> Mega Box 25000 puffs: De perfecte keuze voor langdurig en smaakvol vapen<\/h2>\n<p>De\u00a0<strong>JNR Megadoos 25000 Treinen<\/strong>\u00a0is een innovatief wegwerpvapeapparaat dat speciaal is ontworpen voor veeleisende vapers die waarde hechten aan kwaliteit, prestaties en gebruiksgemak. Met een indrukwekkende capaciteit van\u00a0<strong>25000 treinen<\/strong>De damptechnologie, de nieuwste technologie en een verscheidenheid aan smaken, dit product biedt een onvergelijkbare dampervaring.\u00a0<strong>WideVape<\/strong>je toonaangevende groothandel in Duitsland, Nederland, Belgi\u00eb en Spanje, kun je dit topproduct kopen tegen onverslaanbare prijzen.<\/p>\n<h2 class=\"mb-2 mt-6 text-lg first:mt-3\"><strong>Belangrijkste kenmerken van de JNR Mega Box <a href=\"https:\/\/widevape.com\/nl\/productcategorie\/wegwerp-e-sigaretten-met-de-trein\/25000-e-sigaretten-voor-eenmalig-gebruik\/\">25000 treinen<\/a><\/strong><\/h2>\n<p>De JNR Mega Box maakt indruk met tal van innovatieve functies die het een uitstekende keuze maken voor wegwerp vape apparaten:<\/p>\n<ul class=\"marker:text-textOff list-disc\">\n<li><strong>Verschillende nicotinesterktes:<\/strong>\u00a0Verkrijgbaar in 0%, 2% en 5% nicotine - ideaal voor individuele voorkeuren.<\/li>\n<li><strong>Extreem veel treinen:<\/strong>\u00a0Met tot\u00a0<strong>25000 treinen<\/strong>\u00a0Dit apparaat is perfect voor langdurig vapen.<\/li>\n<li><strong>Dubbele mesh spoeltechnologie:<\/strong>\u00a0Zorgt voor een intense smaak en consistente dampproductie.<\/li>\n<li><strong>850mAh batterij met Type-C snel opladen:<\/strong>\u00a0Oplaadbaar en gebruiksvriendelijk voor maximale flexibiliteit.<\/li>\n<li><strong>Grote e-vloeistof capaciteit:<\/strong>\u00a0Gevuld met\u00a0<strong>30ml E-Vloeistof<\/strong>voor een lange levensduur zonder bijvullen.<\/li>\n<li><strong>Compact ontwerp:<\/strong>\u00a0Lichtgewicht en draagbaar - ideaal voor op reis.<\/li>\n<\/ul>\n<h2 class=\"mb-2 mt-6 text-lg first:mt-3\"><strong>Warum <a href=\"https:\/\/widevape.com\/nl\/\">WideVape<\/a> kiezen?<\/strong><\/h2>\n<p>WideVape ist der f\u00fchrende Gro\u00dfh\u00e4ndler f\u00fcr Einweg-Vapes in Europa. Unsere Kunden profitieren von:<\/p>\n<ol class=\"marker:text-textOff list-decimal\">\n<li><strong>Aantrekkelijke groothandelsprijzen:<\/strong>\u00a0Perfect voor detailhandelaren of inkopers die grote hoeveelheden willen bestellen.<\/li>\n<li><strong>Hoogwaardige producten rechtstreeks van de fabrikant:<\/strong>\u00a0Wij garanderen echtheid en kwaliteit.<\/li>\n<li><strong>Snelle verzending door heel Europa:<\/strong>\u00a0Betrouwbare levering met verzekeringsdekking.<\/li>\n<li><strong>Flexible Zahlungsmethoden:<\/strong>\u00a0Naast PayPal en creditcards accepteren we ook iDEAL (Nederland), Bancontact (Belgi\u00eb) en SEPA-bankoverschrijvingen.<\/li>\n<\/ol>\n<h2 class=\"mb-2 mt-6 text-lg first:mt-3\"><strong>Smaken in detail<\/strong><\/h2>\n<p>De JNR Mega Box biedt een indrukwekkende selectie smaken voor elke smaak. Hier vind je een gedetailleerde beschrijving van de beschikbare smaken:<\/p>\n<ol class=\"marker:text-textOff list-decimal\">\n<li><strong>Bruisende kersencola<\/strong>Bruisende colasmaak met een vleugje zoete kers - verfrissend en nostalgisch.<\/li>\n<li><strong>Aardbei Banaan<\/strong>Een romige mix van sappige aardbeien en rijpe bananen.<\/li>\n<li><strong>Zure appel<\/strong>Knapperige groene appels met een aangenaam wrange smaak.<\/li>\n<li><strong>Bosbessen kauwgom<\/strong>Zoete bosbessensmaak gecombineerd met de klassieke smaak van kauwgom.<\/li>\n<li><strong>Kiwi watermeloen ijs<\/strong>Tropische kiwi ontmoet sappige watermeloen, afgerond met een koele mentholtoets.<\/li>\n<li><strong>Driedubbele mango<\/strong>Drie exotische mangovari\u00ebteiten zorgen samen voor een intense fruitsmaak.<\/li>\n<li><strong>Raspberry Watermelon<\/strong>Een harmonieuze combinatie van zure framboos en zoete watermeloen.<\/li>\n<li><strong>Aardbeien-frambozenijs<\/strong>Fruitige aardbeien en frambozen met een verfrissend vleugje ijs.<\/li>\n<li><strong>Bosbes Zuur Framboos Aardbei<\/strong>Een complexe mix van zoete en wrange bessensmaken.<\/li>\n<li><strong>Aardbei Framboos Kersenijs<\/strong>Een fruitige drievoudige combinatie met een verkoelende afdronk.<\/li>\n<li><strong>Blauwe kers<\/strong>Fruitig-zoete bosbessen ontmoeten pittige kersen.<\/li>\n<li><strong>Sappige perzik<\/strong>De sappige smaak van rijpe perziken - zoet en aromatisch.<\/li>\n<li><strong>Kersen Bessen<\/strong>Een heerlijke mix van kersen en verschillende bessen.<\/li>\n<li><strong>Citroen &amp; Limoen<\/strong>Frisse citroen- en limoensmaken voor een pittige traktatie.<\/li>\n<li><strong>Gemengde bes<\/strong>Een selectie van rijpe bessen voor een intense fruitige ervaring.<\/li>\n<li><strong>Mr Blauw<\/strong>Mysterieus blauw fruit met een vleugje frisheid - uniek in smaak.<\/li>\n<li><strong>Aardbeienijs<\/strong>Klassieke aardbeiensmaak met een koele noot voor warme dagen.<\/li>\n<li><strong>Blueberry Ice<\/strong>Zoete bosbessen in combinatie met een verfrissend menthol briesje.<\/li>\n<li><strong>Watermeloen ijs<\/strong>Sappige watermeloen gecombineerd met een ijzige kick.<\/li>\n<li><strong>Kegelspel<\/strong>Een regenboog van fruitige snoepsmaken - perfect voor zoetekauwen.<\/li>\n<\/ol>\n<h2 class=\"mb-2 mt-6 text-lg first:mt-3\"><strong>Waarom JNR Mega Box 25000 treinen groothandel kopen?<\/strong><\/h2>\n<p>De JNR Mega Box groothandel kopen bij WideVape biedt talloze voordelen:<\/p>\n<ol class=\"marker:text-textOff list-decimal\">\n<li><strong>Kostenbesparingen:<\/strong>\u00a0Profiteer van aantrekkelijke kwantumkortingen voor grotere bestellingen.<\/li>\n<li><strong>Verscheidenheid in het assortiment:<\/strong>\u00a0Met 20 unieke smaken kun je voldoen aan een breed scala aan wensen van klanten of zelf genieten van variatie.<\/li>\n<li><strong>Levensduur:<\/strong>\u00a0Dankzij het hoge aantal trekkers is dit apparaat ideaal voor frequente gebruikers of langere reizen.<\/li>\n<\/ol>\n<h2 class=\"mb-2 mt-6 text-lg first:mt-3\">Bestel nu!<\/h2>\n<p>Bezoek WideVape vandaag nog om de JNR Mega Box 25000 vapes te ontdekken! Met onze gebruiksvriendelijke website, veilige betaalmethoden en snelle levering, maken wij winkelen gemakkelijk en gemakkelijk.<\/p>\n<p>WideVape - uw eerste adres voor hoge kwaliteit <a href=\"https:\/\/widevape.com\/nl\/\">Wegwerp vapes<\/a> in Europa!<\/p>\n<p><img loading=\"lazy\" decoding=\"async\" class=\"alignnone wp-image-17322 size-full\" src=\"https:\/\/widevape.com\/wp-content\/uploads\/2025\/02\/JNR_Mega_Box_25000-6.webp\" alt=\"JNR Mega Box 25000 Puffs (30ml E-Liquid) - Oplaadbare Wegwerp Vapes met Dual Mesh Coil &amp; 0%\/2%\/5% Nicotine | Groothandel Prijzen bij WideVape\" width=\"800\" height=\"800\" srcset=\"https:\/\/widevape.com\/wp-content\/uploads\/2025\/02\/JNR_Mega_Box_25000-6.webp 800w, https:\/\/widevape.com\/wp-content\/uploads\/2025\/02\/JNR_Mega_Box_25000-6-247x247.webp 247w, https:\/\/widevape.com\/wp-content\/uploads\/2025\/02\/JNR_Mega_Box_25000-6-100x100.webp 100w, https:\/\/widevape.com\/wp-content\/uploads\/2025\/02\/JNR_Mega_Box_25000-6-510x510.webp 510w, https:\/\/widevape.com\/wp-content\/uploads\/2025\/02\/JNR_Mega_Box_25000-6-300x300.webp 300w, https:\/\/widevape.com\/wp-content\/uploads\/2025\/02\/JNR_Mega_Box_25000-6-150x150.webp 150w, https:\/\/widevape.com\/wp-content\/uploads\/2025\/02\/JNR_Mega_Box_25000-6-768x768.webp 768w\" sizes=\"auto, (max-width: 800px) 100vw, 800px\" \/> <img loading=\"lazy\" decoding=\"async\" class=\"alignnone wp-image-17321 size-full\" src=\"https:\/\/widevape.com\/wp-content\/uploads\/2025\/02\/JNR_Mega_Box_25000-5-1.webp\" alt=\"JNR Mega Box 25000 Puffs (30ml E-Liquid) - Oplaadbare Wegwerp Vapes met Dual Mesh Coil &amp; 0%\/2%\/5% Nicotine | Groothandel Prijzen bij WideVape\" width=\"800\" height=\"800\" srcset=\"https:\/\/widevape.com\/wp-content\/uploads\/2025\/02\/JNR_Mega_Box_25000-5-1.webp 800w, https:\/\/widevape.com\/wp-content\/uploads\/2025\/02\/JNR_Mega_Box_25000-5-1-247x247.webp 247w, https:\/\/widevape.com\/wp-content\/uploads\/2025\/02\/JNR_Mega_Box_25000-5-1-100x100.webp 100w, https:\/\/widevape.com\/wp-content\/uploads\/2025\/02\/JNR_Mega_Box_25000-5-1-510x510.webp 510w, https:\/\/widevape.com\/wp-content\/uploads\/2025\/02\/JNR_Mega_Box_25000-5-1-300x300.webp 300w, https:\/\/widevape.com\/wp-content\/uploads\/2025\/02\/JNR_Mega_Box_25000-5-1-150x150.webp 150w, https:\/\/widevape.com\/wp-content\/uploads\/2025\/02\/JNR_Mega_Box_25000-5-1-768x768.webp 768w\" sizes=\"auto, (max-width: 800px) 100vw, 800px\" \/> <img loading=\"lazy\" decoding=\"async\" class=\"alignnone wp-image-17320 size-full\" src=\"https:\/\/widevape.com\/wp-content\/uploads\/2025\/02\/JNR_Mega_Box_25000-4.webp\" alt=\"JNR Mega Box 25000 Puffs (30ml E-Liquid) - Oplaadbare Wegwerp Vapes met Dual Mesh Coil &amp; 0%\/2%\/5% Nicotine | Groothandel Prijzen bij WideVape\" width=\"800\" height=\"800\" srcset=\"https:\/\/widevape.com\/wp-content\/uploads\/2025\/02\/JNR_Mega_Box_25000-4.webp 800w, https:\/\/widevape.com\/wp-content\/uploads\/2025\/02\/JNR_Mega_Box_25000-4-247x247.webp 247w, https:\/\/widevape.com\/wp-content\/uploads\/2025\/02\/JNR_Mega_Box_25000-4-100x100.webp 100w, https:\/\/widevape.com\/wp-content\/uploads\/2025\/02\/JNR_Mega_Box_25000-4-510x510.webp 510w, https:\/\/widevape.com\/wp-content\/uploads\/2025\/02\/JNR_Mega_Box_25000-4-300x300.webp 300w, https:\/\/widevape.com\/wp-content\/uploads\/2025\/02\/JNR_Mega_Box_25000-4-150x150.webp 150w, https:\/\/widevape.com\/wp-content\/uploads\/2025\/02\/JNR_Mega_Box_25000-4-768x768.webp 768w\" sizes=\"auto, (max-width: 800px) 100vw, 800px\" \/><\/p>\n<p><img loading=\"lazy\" decoding=\"async\" class=\"alignnone wp-image-17317 size-full\" src=\"https:\/\/widevape.com\/wp-content\/uploads\/2025\/02\/JNR_Mega_Box_25000-1.webp\" alt=\"JNR Mega Box 25000 Puffs (30ml E-Liquid) - Oplaadbare Wegwerp Vapes met Dual Mesh Coil &amp; 0%\/2%\/5% Nicotine | Groothandel Prijzen bij WideVape\" width=\"800\" height=\"800\" srcset=\"https:\/\/widevape.com\/wp-content\/uploads\/2025\/02\/JNR_Mega_Box_25000-1.webp 800w, https:\/\/widevape.com\/wp-content\/uploads\/2025\/02\/JNR_Mega_Box_25000-1-247x247.webp 247w, https:\/\/widevape.com\/wp-content\/uploads\/2025\/02\/JNR_Mega_Box_25000-1-100x100.webp 100w, https:\/\/widevape.com\/wp-content\/uploads\/2025\/02\/JNR_Mega_Box_25000-1-510x510.webp 510w, https:\/\/widevape.com\/wp-content\/uploads\/2025\/02\/JNR_Mega_Box_25000-1-300x300.webp 300w, https:\/\/widevape.com\/wp-content\/uploads\/2025\/02\/JNR_Mega_Box_25000-1-150x150.webp 150w, https:\/\/widevape.com\/wp-content\/uploads\/2025\/02\/JNR_Mega_Box_25000-1-768x768.webp 768w\" sizes=\"auto, (max-width: 800px) 100vw, 800px\" \/><\/p>","protected":false},"excerpt":{"rendered":"<p>De\u00a0<strong>JNR Megadoos 25000 Treinen<\/strong>\u00a0combineert een langdurig ontwerp (25.000 puffs, 850mAh batterij met Type-C opladen), intense smaak dankzij de dual mesh coil technologie, 20 unieke smaken en flexibele nicotine sterktes (0%\/2%\/5%) - verkrijgbaar als groothandel bij WideVape, Europa's toonaangevende leverancier van wegwerp vapes in Duitsland, Nederland, Belgi\u00eb en Spanje.<\/p>","protected":false},"featured_media":17327,"comment_status":"open","ping_status":"closed","template":"","meta":[],"product_brand":[],"product_cat":[108,92,94,90,49,96],"product_tag":[],"class_list":{"0":"post-17260","1":"product","2":"type-product","3":"status-publish","4":"has-post-thumbnail","6":"product_cat-25000-zuege-einweg-e-zigaretten","7":"product_cat-digitale-box-einweg-e-zigaretten","8":"product_cat-einweg-e-zigaretten-mit-niedriger-nikotinstaerke","9":"product_cat-grosse-einweg-e-zigaretten","10":"product_cat-jnr-einweg-e-zigaretten","11":"product_cat-wiederaufladbare-einweg-e-zigaretten","13":"first","14":"instock","15":"shipping-taxable","16":"purchasable","17":"product-type-variable","18":"has-default-attributes"},"_links":{"self":[{"href":"https:\/\/widevape.com\/nl\/wp-json\/wp\/v2\/product\/17260","targetHints":{"allow":["GET"]}}],"collection":[{"href":"https:\/\/widevape.com\/nl\/wp-json\/wp\/v2\/product"}],"about":[{"href":"https:\/\/widevape.com\/nl\/wp-json\/wp\/v2\/types\/product"}],"replies":[{"embeddable":true,"href":"https:\/\/widevape.com\/nl\/wp-json\/wp\/v2\/comments?post=17260"}],"wp:featuredmedia":[{"embeddable":true,"href":"https:\/\/widevape.com\/nl\/wp-json\/wp\/v2\/media\/17327"}],"wp:attachment":[{"href":"https:\/\/widevape.com\/nl\/wp-json\/wp\/v2\/media?parent=17260"}],"wp:term":[{"taxonomy":"product_brand","embeddable":true,"href":"https:\/\/widevape.com\/nl\/wp-json\/wp\/v2\/product_brand?post=17260"},{"taxonomy":"product_cat","embeddable":true,"href":"https:\/\/widevape.com\/nl\/wp-json\/wp\/v2\/product_cat?post=17260"},{"taxonomy":"product_tag","embeddable":true,"href":"https:\/\/widevape.com\/nl\/wp-json\/wp\/v2\/product_tag?post=17260"}],"curies":[{"name":"wp","href":"https:\/\/api.w.org\/{rel}","templated":true}]}}