{"id":18079,"date":"2025-02-14T10:45:50","date_gmt":"2025-02-14T09:45:50","guid":{"rendered":"https:\/\/widevape.com\/?post_type=product&#038;p=18079"},"modified":"2026-01-04T04:01:24","modified_gmt":"2026-01-04T03:01:24","slug":"aivono-aim-puffstar-6500-sigaret-stijlvol-ontwerp-0-2-5-nicotine-oplaadbare-groothandel-wegwerp-e-sigaret","status":"publish","type":"product","link":"https:\/\/widevape.com\/nl\/product\/aivono-aim-puffstar-6500-zuege-stilvolles-design-0-2-5-nikotin-wiederaufladbar-grosshandel-einweg-e-zigarette\/","title":{"rendered":"AIVONO AIM PUFFSTAR 6500 Puffs Stijlvol Ontwerp 0% 2% 5% Nicotine Oplaadbare Groothandel Wegwerp E-sigaret"},"content":{"rendered":"<div class=\"border-borderMain\/50 ring-borderMain\/50 divide-borderMain\/50 dark:divide-borderMainDark\/50 dark:ring-borderMainDark\/50 dark:border-borderMainDark\/50 bg-transparent\">\n<div class=\"mb-md\">\n<div class=\"relative default font-sans text-base text-textMain dark:text-textMainDark selection:bg-super\/50 selection:text-textMain dark:selection:bg-superDuper\/10 dark:selection:text-superDark\">\n<div class=\"min-w-0 break-words [word-break:break-word]\">\n<div dir=\"auto\">\n<div class=\"prose text-pretty dark:prose-invert inline leading-normal break-words min-w-0 [word-break:break-word]\">\n<div style=\"width: 1020px;\" class=\"wp-video\"><video class=\"wp-video-shortcode\" id=\"video-18079-1\" width=\"1020\" height=\"815\" preload=\"metadata\" controls=\"controls\"><source type=\"video\/mp4\" src=\"https:\/\/widevape.com\/wp-content\/uploads\/2025\/02\/AIVONO-AIM-PUFFSTAR-6500.mp4?_=1\" \/><a href=\"https:\/\/widevape.com\/wp-content\/uploads\/2025\/02\/AIVONO-AIM-PUFFSTAR-6500.mp4\">https:\/\/widevape.com\/wp-content\/uploads\/2025\/02\/AIVONO-AIM-PUFFSTAR-6500.mp4<\/a><\/video><\/div>\n<h2 class=\"mb-2 mt-6 text-lg font-[500] first:mt-3\"><a href=\"https:\/\/widevape.com\/product-category\/aivono-einweg-e-zigaretten\/\">AIVONO<\/a> AIM PUFFSTAR 6500 Z\u00fcge: Ihre perfekte Einweg-E-Zigarette<\/h2>\n<p class=\"my-0\">Die\u00a0<strong>AIVONO AIM PUFFSTAR 6500 Z\u00fcge<\/strong> ist die ideale Wahl f\u00fcr alle, die ein hochwertiges Dampferlebnis suchen. Mit einem stilvollen Design und modernster Technologie bietet dieses Produkt nicht nur eine hohe Zuganzahl, sondern auch eine Vielzahl von k\u00f6stlichen Geschmacksrichtungen. Diese Einweg E-Zigarette ist perfekt f\u00fcr sowohl Gelegenheitsdampfer als auch erfahrene Nutzer, die Wert auf Qualit\u00e4t und Geschmack legen.<\/p>\n<h2 class=\"mb-xs mt-5 text-base font-[525] first:mt-3\">Technische Merkmale<\/h2>\n<ul class=\"marker:text-textOff list-disc\">\n<li>\n<p class=\"my-0\"><strong>Zuganzahl:<\/strong>\u00a0<a href=\"https:\/\/widevape.com\/product-category\/6500-zuege-einweg-e-zigarette\/\">6500 Z\u00fcge<\/a><\/p>\n<\/li>\n<li>\n<p class=\"my-0\"><strong>E-Liquid Kapazit\u00e4t:<\/strong>\u00a013ml<\/p>\n<\/li>\n<li>\n<p class=\"my-0\"><strong>Batterietyp:<\/strong>\u00a013400 reiner Kobalt-Akku<\/p>\n<\/li>\n<li>\n<p class=\"my-0\"><strong>Batteriekapazit\u00e4t:<\/strong>\u00a0400mA (wiederaufladbar)<\/p>\n<\/li>\n<li>\n<p class=\"my-0\"><strong>Widerstand der Heizwendel:<\/strong>\u00a01.2\u03a9 Netzheizwendel<\/p>\n<\/li>\n<li>\n<p class=\"my-0\"><strong>Abmessungen:<\/strong>\u00a050mm x 80mm<\/p>\n<\/li>\n<li>\n<p class=\"my-0\"><strong>OEM\/ODM Unterst\u00fctzung:<\/strong>\u00a0Verf\u00fcgbar<\/p>\n<\/li>\n<li>\n<p class=\"my-0\"><strong>Nikotin Salzgehalt:<\/strong>\u00a0Optionen von 5%, 2% oder 0%<\/p>\n<\/li>\n<li>\n<p class=\"my-0\"><strong>Wiederaufladbare Schnittstelle:<\/strong>\u00a0Type-C USB<\/p>\n<\/li>\n<li>\n<p class=\"my-0\"><strong>Gewicht pro Einheit:<\/strong>\u00a075g<\/p>\n<\/li>\n<li>\n<p class=\"my-0\"><strong>Kleinbox Abmessungen:<\/strong>\u00a028mm x 27mm x 126mm<\/p>\n<\/li>\n<li>\n<p class=\"my-0\"><strong>Gro\u00dfbox Abmessungen:<\/strong>\u00a060mm x 141mm x 129mm<\/p>\n<\/li>\n<li>\n<p class=\"my-0\"><strong>Standardkarton Gr\u00f6\u00dfe:<\/strong>\u00a0H\u00e4lt 200 Einheiten, Abmessungen von 58cm x 35cm x 35cm<\/p>\n<\/li>\n<li>\n<p class=\"my-0\"><strong>Gesamtgewicht des Kartons:<\/strong>\u00a016kg<\/p>\n<\/li>\n<\/ul>\n<p class=\"my-0\">Diese Eigenschaften machen die AIVONO AIM PUFFSTAR zur perfekten Wahl f\u00fcr Gro\u00dfk\u00e4ufe und Einzelh\u00e4ndler, die nach hochwertigen Einweg E-Zigaretten suchen.<\/p>\n<h2 class=\"mb-xs mt-5 text-base font-[525] first:mt-3\">Geschmacksrichtungen<\/h2>\n<p class=\"my-0\">Die AIVONO AIM PUFFSTAR ist in einer verlockenden Auswahl an Geschmacksrichtungen erh\u00e4ltlich, die jeden Dampfer begeistern werden:<\/p>\n<ol class=\"marker:text-textOff list-decimal\">\n<li>\n<p class=\"my-0\"><strong>Mixed Berries<\/strong>: Eine k\u00f6stliche Mischung aus s\u00fc\u00dfen und sauren Beeren, die den Gaumen verw\u00f6hnt.<\/p>\n<\/li>\n<li>\n<p class=\"my-0\"><strong>Menthol Candy<\/strong>: Erfrischende Minze kombiniert mit s\u00fc\u00dfen Bonbons f\u00fcr ein belebendes Erlebnis.<\/p>\n<\/li>\n<li>\n<p class=\"my-0\"><strong>Strawberry Kiwi<\/strong>: Die perfekte Fusion aus saftigen Erdbeeren und spritziger Kiwi f\u00fcr einen erfrischenden Twist.<\/p>\n<\/li>\n<li>\n<p class=\"my-0\"><strong>Mixed Mango<\/strong>: Ein tropisches Erlebnis mit dem reichen Geschmack reifer Mangos in jedem Zug.<\/p>\n<\/li>\n<li>\n<p class=\"my-0\"><strong>Watermelon<\/strong>: Ein klassischer Sommergeschmack, der in jedem Atemzug saftige S\u00fc\u00dfe liefert.<\/p>\n<\/li>\n<li>\n<p class=\"my-0\"><strong>Strawberry Ice<\/strong>: Eine k\u00fchle Variante des Erdbeergeschmacks, die S\u00fc\u00dfe mit einem erfrischenden eisigen Finish kombiniert.<\/p>\n<\/li>\n<li>\n<p class=\"my-0\"><strong>Energy Drink<\/strong>: Ein elektrisierender Geschmack, der an Ihr Lieblingsenergiedrink erinnert und einen belebenden Kick gibt.<\/p>\n<\/li>\n<li>\n<p class=\"my-0\"><strong>Blue Razz Berry<\/strong>: Eine lebendige Mischung aus blauer Himbeere, die einen s\u00fc\u00dfen und gleichzeitig herben Kick bietet.<\/p>\n<\/li>\n<li>\n<p class=\"my-0\"><strong>Coco Melon<\/strong>: Eine tropische Mischung aus Kokosnuss und Melone, die Sie an einen sonnigen Strand entf\u00fchrt.<\/p>\n<\/li>\n<li>\n<p class=\"my-0\"><strong>Peach Juice<\/strong>: S\u00fc\u00dfe, saftige Pfirsiche in fl\u00fcssiger Form f\u00fcr ein erfrischendes Dampferlebnis.<\/p>\n<\/li>\n<\/ol>\n<p class=\"my-0\">Jeder Geschmack ist sorgf\u00e4ltig kreiert, um sicherzustellen, dass jeder Zug mit reichem, zufriedenstellendem Geschmack gef\u00fcllt ist.<\/p>\n<h2 class=\"mb-xs mt-5 text-base font-[525] first:mt-3\">Warum <a href=\"https:\/\/widevape.com\/\">WideVape<\/a> w\u00e4hlen?<\/h2>\n<p class=\"my-0\">Bei WideVape sind wir stolz darauf, die gr\u00f6\u00dfte Online-Plattform f\u00fcr den Gro\u00dfhandel von Einweg E-Zigaretten in Europa zu sein, einschlie\u00dflich Deutschland, den Niederlanden, Belgien und Spanien. Unser Engagement f\u00fcr Qualit\u00e4t garantiert Ihnen nur die besten Produkte von f\u00fchrenden Marken wie der AIVONO AIM PUFFSTAR.<\/p>\n<p class=\"my-0\">Durch die Wahl von WideVape profitieren Sie von:<\/p>\n<ul class=\"marker:text-textOff list-disc\">\n<li>\n<p class=\"my-0\">Wettbewerbsf\u00e4higen Preisen f\u00fcr Gro\u00dfbestellungen<\/p>\n<\/li>\n<li>\n<p class=\"my-0\">Einer breiten Auswahl an hochwertigen Einweg E-Zigaretten<\/p>\n<\/li>\n<li>\n<p class=\"my-0\">Schnellen Versandoptionen innerhalb Europas<\/p>\n<\/li>\n<li>\n<p class=\"my-0\">Sicheren Zahlungsmethoden einschlie\u00dflich PayPal, iDEAL und SEPA-Bank\u00fcberweisungen<\/p>\n<\/li>\n<\/ul>\n<p class=\"my-0\">Unsere Plattform ist darauf ausgelegt, sowohl Einzelverbraucher als auch Einzelh\u00e4ndler anzusprechen, die in gro\u00dfen Mengen kaufen m\u00f6chten. Mit \u00fcber zehn Jahren Erfahrung in der Branche haben wir uns als vertrauensw\u00fcrdige Anbieter von Premium-Dampfprodukten etabliert.<\/p>\n<h2 class=\"mb-xs mt-5 text-base font-[525] first:mt-3\">Fazit<\/h2>\n<p class=\"my-0\">Entdecken Sie noch heute unsere umfangreiche Kollektion von Einweg E-Zigaretten bei <a href=\"https:\/\/widevape.com\/\">WideVape<\/a>! Mit Optionen wie der AIVONO AIM PUFFSTAR, die unvergleichliche Zugzahlen und k\u00f6stliche Geschm\u00e4cker bietet, werden Sie sicher das perfekte Vape f\u00fcr Ihre Bed\u00fcrfnisse finden. Verpassen Sie nicht unsere exklusiven Angebote \u2013 besuchen Sie jetzt unsere Website und t\u00e4tigen Sie Ihren Einkauf!<\/p>\n<p><img loading=\"lazy\" decoding=\"async\" class=\"alignnone wp-image-18090 size-full\" src=\"https:\/\/widevape.com\/wp-content\/uploads\/2025\/02\/AIVONO_AIM_PUF-1.webp\" alt=\"AIVONO AIM PUFFSTAR 6500 Z\u00fcge Stilvolles Design 0% 2% 5% Nikotin Wiederaufladbar Gro\u00dfhandel Einweg E-Zigarette\" width=\"1000\" height=\"1000\" srcset=\"https:\/\/widevape.com\/wp-content\/uploads\/2025\/02\/AIVONO_AIM_PUF-1.webp 1000w, https:\/\/widevape.com\/wp-content\/uploads\/2025\/02\/AIVONO_AIM_PUF-1-247x247.webp 247w, https:\/\/widevape.com\/wp-content\/uploads\/2025\/02\/AIVONO_AIM_PUF-1-100x100.webp 100w, https:\/\/widevape.com\/wp-content\/uploads\/2025\/02\/AIVONO_AIM_PUF-1-510x510.webp 510w, https:\/\/widevape.com\/wp-content\/uploads\/2025\/02\/AIVONO_AIM_PUF-1-300x300.webp 300w, https:\/\/widevape.com\/wp-content\/uploads\/2025\/02\/AIVONO_AIM_PUF-1-150x150.webp 150w, https:\/\/widevape.com\/wp-content\/uploads\/2025\/02\/AIVONO_AIM_PUF-1-768x768.webp 768w\" sizes=\"auto, (max-width: 1000px) 100vw, 1000px\" \/><\/p>\n<p><img loading=\"lazy\" decoding=\"async\" class=\"alignnone wp-image-18087 size-full\" src=\"https:\/\/widevape.com\/wp-content\/uploads\/2025\/02\/AIVONO_AIM_PUFFSTA.webp\" alt=\"AIVONO AIM PUFFSTAR 6500 Z\u00fcge Stilvolles Design 0% 2% 5% Nikotin Wiederaufladbar Gro\u00dfhandel Einweg E-Zigarette\" width=\"1059\" height=\"508\" srcset=\"https:\/\/widevape.com\/wp-content\/uploads\/2025\/02\/AIVONO_AIM_PUFFSTA.webp 1059w, https:\/\/widevape.com\/wp-content\/uploads\/2025\/02\/AIVONO_AIM_PUFFSTA-510x245.webp 510w, https:\/\/widevape.com\/wp-content\/uploads\/2025\/02\/AIVONO_AIM_PUFFSTA-300x144.webp 300w, https:\/\/widevape.com\/wp-content\/uploads\/2025\/02\/AIVONO_AIM_PUFFSTA-1024x491.webp 1024w, https:\/\/widevape.com\/wp-content\/uploads\/2025\/02\/AIVONO_AIM_PUFFSTA-768x368.webp 768w\" sizes=\"auto, (max-width: 1059px) 100vw, 1059px\" \/><\/p>\n<\/div>\n<\/div>\n<\/div>\n<\/div>\n<\/div>\n<\/div>\n","protected":false},"excerpt":{"rendered":"<p>De AIVONO AIM PUFFSTAR 6500 Puffs is een stijlvolle, krachtige wegwerp e-sigaret met 6500 puffs, 13ml e-liquid, een oplaadbare cobalt batterij en een verscheidenheid aan heerlijke smaken die een hoogwaardige vaping ervaring biedt voor zowel casual als ervaren gebruikers.<\/p>","protected":false},"featured_media":18093,"comment_status":"open","ping_status":"closed","template":"","meta":[],"product_brand":[],"product_cat":[28,37,94,96],"product_tag":[],"class_list":{"0":"post-18079","1":"product","2":"type-product","3":"status-publish","4":"has-post-thumbnail","6":"product_cat-aivono-einweg-e-zigaretten","7":"product_cat-einweg-e-zigaretten","8":"product_cat-einweg-e-zigaretten-mit-niedriger-nikotinstaerke","9":"product_cat-wiederaufladbare-einweg-e-zigaretten","11":"first","12":"outofstock","13":"shipping-taxable","14":"purchasable","15":"product-type-variable"},"_links":{"self":[{"href":"https:\/\/widevape.com\/nl\/wp-json\/wp\/v2\/product\/18079","targetHints":{"allow":["GET"]}}],"collection":[{"href":"https:\/\/widevape.com\/nl\/wp-json\/wp\/v2\/product"}],"about":[{"href":"https:\/\/widevape.com\/nl\/wp-json\/wp\/v2\/types\/product"}],"replies":[{"embeddable":true,"href":"https:\/\/widevape.com\/nl\/wp-json\/wp\/v2\/comments?post=18079"}],"wp:featuredmedia":[{"embeddable":true,"href":"https:\/\/widevape.com\/nl\/wp-json\/wp\/v2\/media\/18093"}],"wp:attachment":[{"href":"https:\/\/widevape.com\/nl\/wp-json\/wp\/v2\/media?parent=18079"}],"wp:term":[{"taxonomy":"product_brand","embeddable":true,"href":"https:\/\/widevape.com\/nl\/wp-json\/wp\/v2\/product_brand?post=18079"},{"taxonomy":"product_cat","embeddable":true,"href":"https:\/\/widevape.com\/nl\/wp-json\/wp\/v2\/product_cat?post=18079"},{"taxonomy":"product_tag","embeddable":true,"href":"https:\/\/widevape.com\/nl\/wp-json\/wp\/v2\/product_tag?post=18079"}],"curies":[{"name":"wp","href":"https:\/\/api.w.org\/{rel}","templated":true}]}}