{"id":21737,"date":"2025-02-22T17:02:23","date_gmt":"2025-02-22T16:02:23","guid":{"rendered":"https:\/\/widevape.com\/?post_type=product&#038;p=21737"},"modified":"2025-10-22T04:33:55","modified_gmt":"2025-10-22T02:33:55","slug":"arymi-ifun-28000-zuege-dual-mesh-dual-pod-systeem-5-nicotine-groothandel-oplaadbare-wegwerp-vape-pennen","status":"publish","type":"product","link":"https:\/\/widevape.com\/nl\/product\/arymi-ifun-28000-zuege-dual-mesh-dual-pod-system-5-nikotin-grosshandel-wiederaufladbare-einweg-vape-pens\/","title":{"rendered":"ARYMI IFun 28000 Puffs - Dual Mesh Dual Pod Systeem, 5 % Nicotine, Groothandel &amp; Oplaadbare Wegwerp Vape Pennen"},"content":{"rendered":"<div style=\"width: 1020px;\" class=\"wp-video\"><video class=\"wp-video-shortcode\" id=\"video-21737-1\" width=\"1020\" height=\"574\" preload=\"metadata\" controls=\"controls\"><source type=\"video\/mp4\" src=\"https:\/\/widevape.com\/wp-content\/uploads\/2025\/02\/ARYMI-IFun-28000-.mp4?_=1\" \/><a href=\"https:\/\/widevape.com\/wp-content\/uploads\/2025\/02\/ARYMI-IFun-28000-.mp4\">https:\/\/widevape.com\/wp-content\/uploads\/2025\/02\/ARYMI-IFun-28000-.mp4<\/a><\/video><\/div>\n<h2><a href=\"https:\/\/widevape.com\/nl\/productcategorie\/arymi-wegwerp-e-sigaretten\/\">ARYMI<\/a> IFun 28000 puffs: een mijlpaal in de wereld van wegwerpvaping<\/h2>\n<p>De\u00a0<strong>ARYMI IFun 28000 treinen<\/strong>\u00a0is een revolutionaire wegwerp vape ontworpen voor gebruikers die waarde hechten aan een lange levensduur, smaak en gemak. Met een indrukwekkende 28.000 puffs per apparaat is deze oplaadbare vape pen ideaal voor zowel casual gebruikers als groothandelaren. Of je nu een detailhandelaar bent of een liefhebber van vaping, de ARYMI IFun 28000 puffs biedt onge\u00ebvenaarde prestaties en veelzijdigheid.<\/p>\n<p>Met\u00a0<strong>WideVape<\/strong>\u00a0We zijn er trots op dat we Europa's grootste online groothandelsplatform voor wegwerpvapes zijn, met klanten in Duitsland, Nederland, Belgi\u00eb, Spanje en daarbuiten. Onze toewijding aan kwaliteit en betaalbaarheid maakt ons de eerste plaats voor bulkbestellingen van topmerken zoals ARYMI.<\/p>\n<h2>Belangrijkste kenmerken van de ARYMI IFun <a href=\"https:\/\/widevape.com\/nl\/productcategorie\/28000-e-sigaretten-voor-eenmalig-gebruik\/\">28000 treinen<\/a><\/h2>\n<p>De ARYMI IFun 28000 takels maken indruk met geavanceerde functies en een gebruiksvriendelijk ontwerp. Hier zijn de hoogtepunten:<\/p>\n<ul>\n<li><strong>Groot aantal treinen:<\/strong>\u00a0Tot 28.000 trekjes per apparaat - minder bijvullen, meer genieten.<\/li>\n<li><strong>Oplaadbare batterij:<\/strong>\u00a0Uitgerust met een 850 mAh USB-C batterij voor snel opladen en een lange levensduur.<\/li>\n<li><strong>Dubbel gaasbatterijsysteem:<\/strong>\u00a0Intense smaak en volumineuze damp dankzij dubbele mesh coils voor een gelijkmatige vaping ervaring.<\/li>\n<li><strong>Instelbare luchtstroomregeling:<\/strong>\u00a0Pas de luchtstroom aan je voorkeuren aan - van zachte trekjes tot dichte dampwolken.<\/li>\n<li><strong>5 % Nicotine:<\/strong>\u00a0Perfect voor gebruikers die op zoek zijn naar een gematigde throat hit zonder overweldigende intensiteit.<\/li>\n<li><strong>Slank en draagbaar ontwerp:<\/strong>\u00a0Met een gewicht van slechts 122 g zijn de ARYMI IFun 28000 treinen licht en ideaal voor onderweg.<\/li>\n<li><strong>Dubbel pod-systeem:<\/strong>\u00a0Schakel moeiteloos tussen twee verschillende smaken.<\/li>\n<li><strong>Technologie voor het scheiden van vloeistofspiralen:<\/strong>\u00a0Voorkomt lekken en verlengt de levensduur van het apparaat met behoud van dezelfde smaak.<\/li>\n<\/ul>\n<h2>Ontdek de verscheidenheid aan smaken<\/h2>\n<p>De ARYMI IFun 28000 puffs is verkrijgbaar in verschillende smaken, elk met een unieke vaping ervaring. Hier is de volledige lijst:<\/p>\n<ol start=\"1\">\n<li><strong>Icy Watermelon &amp; Kiwi Passionfruit Guava:<\/strong> Diese erfrischende Mischung vereint die S\u00fc\u00dfe der Wassermelone mit der S\u00e4ure der Kiwi und der tropischen Note der Passionsfrucht-Guave.<\/li>\n<li><strong>Icy Peach &amp; Strawberry Watermelon:<\/strong> Eiskalter Pfirsich &amp; Erdbeer-Wassermelone: \u200b\u200bEine s\u00fc\u00df-eisige Mischung aus Pfirsich und Erdbeere, abgerundet durch den erfrischenden Geschmack der Wassermelone.<\/li>\n<li><strong>Bubbly Cherry &amp; Blueberry Lemon Soda:<\/strong>Inspiriert von Limonaden vereint dieser Geschmack die S\u00e4ure von Kirsche und Blaubeere mit der spritzigen Note von Zitronenlimonade.<\/li>\n<li><strong>Gemengde Bessen &amp; Ananas Kokosnoot Rum:<\/strong> Een tropische korte vakantie bij elk trekje. Deze smaak combineert de zoetheid van gemengde bessen met de romige rijkdom van ananas kokos rum.<\/li>\n<li><strong>Lemon Lime &amp; Blueberry Gummies:<\/strong> Deze smaak vangt het aroma van zure snoepjes met een mix van citroen-limoen en bosbessen gummibeertjes.<\/li>\n<li><strong>Raspberry Grape &amp; Strawberry Dragonfruit:<\/strong>Een fruitige explosie van framboos, druif en aardbei, afgerond met de exotische smaak van drakenfruit.<\/li>\n<li><strong>Bosbes Framboos &amp; Mojito Mint:<\/strong> Eine erfrischende Variante des klassischen Mojito. Diese Geschmacksrichtung vereint die S\u00fc\u00dfe von Blaubeere und Himbeere mit dem k\u00fchlenden Gef\u00fchl von Minze.<\/li>\n<li><strong>Dubbele appel &amp; bosbes kers cranberry:<\/strong>Een complexe mix van dubbele appel, bosbes, kers en veenbes voor een rijke en fruitige ervaring.<\/li>\n<li><strong>Icy Red Apple &amp; Vimto Juice Drink:<\/strong> Deze smaak is ge\u00efnspireerd op de klassieke Vimto-drank en combineert de ijzige koelte van de rode appel met de fruitige noot van Vimto.<\/li>\n<li><strong>Cherry Cola &amp; Strawberry Ice Cream:<\/strong>Een nostalgische mix van kersencola en aardbeienijs - perfect voor iedereen die van zoete en romige smaken houdt.<\/li>\n<li><strong>Rainbow Candy &amp; Energy Drink:<\/strong> Eine lebendige Mischung aus Regenbogenbonbons und Energydrink-Aromen f\u00fcr ein s\u00fc\u00dfes und belebendes Dampferlebnis.<\/li>\n<li><strong>Mint Ice &amp; Banana Milkshake:<\/strong> Eine erfrischende Mischung aus Minzeis und Bananenmilchshake \u2013 perfekt f\u00fcr alle, die k\u00fchlende und cremige Aromen m\u00f6gen.<\/li>\n<\/ol>\n<h2>Verpakkings- en groothandelsopties<\/h2>\n<p>De ARYMI IFun 28000 treinen zijn verkrijgbaar in praktische verpakkingsopties voor de groothandel:<\/p>\n<ul>\n<li><strong>Gewicht per eenheid:<\/strong>\u00a0122 g<\/li>\n<li><strong>Verpakkingsgrootte:<\/strong>\u00a010 eenheden per verpakking<\/li>\n<li><strong>Inhoud doos:<\/strong>\u00a015 verpakkingen per karton (totaal gewicht: 19,5 kg)<\/li>\n<li><strong>Afmetingen doos:<\/strong>\u00a0504 x 355 x 235 mm<\/li>\n<\/ul>\n<h2>Warum <a href=\"https:\/\/widevape.com\/nl\/\">WideVape<\/a> voor bulkbestellingen?<\/h2>\n<p>Als Europa's toonaangevende groothandel voor <a href=\"https:\/\/widevape.com\/nl\/\">Wegwerp vapes<\/a> aanbiedingen\u00a0<strong>WideVape<\/strong>\u00a0Met meer dan 10 jaar ervaring in de branche leveren we producten van hoge kwaliteit van topmerken zoals ARYMI, RandM Tornado, FIZZY, Al Fakher en nog veel meer.<\/p>\n<p>Ons platform ondersteunt verschillende betaalmethodes, waaronder PayPal, creditcards, iDEAL (Nederland), Bancontact (Belgi\u00eb) en SEPA-overschrijvingen, voor een soepele winkelervaring.<\/p>\n<h2>Conclusie<\/h2>\n<p>De\u00a0<strong>ARYMI IFun 28000 treinen<\/strong>\u00a0is de ultieme wegwerpvape voor iedereen die op zoek is naar een lange levensduur, smaakvariatie en topprestaties. Met zijn geavanceerde functies en moderne ontwerp is het geen wonder dat dit apparaat een bestseller is in heel Europa.<\/p>\n<p>Bezoek vandaag\u00a0<strong>WideVape.nl<\/strong>om onze uitgebreide collectie van <a href=\"https:\/\/widevape.com\/nl\/\">Wegwerp vapes<\/a> Als Europa's grootste groothandel garanderen wij de laagste prijzen, snelle verzending en uitstekende klantenservice. Mis de kans niet om ARYMI IFun 28000 treinen en andere topmerken tegen gunstige voorwaarden te bestellen.<\/p>\n<p><img loading=\"lazy\" decoding=\"async\" class=\"alignnone wp-image-21765 size-full\" src=\"https:\/\/widevape.com\/wp-content\/uploads\/2025\/02\/ARYMI_IFun_28000-1.webp\" alt=\"ARYMI IFun 28000 Puffs - Dual Mesh Dual Pod Systeem, 5 % Nicotine, Groothandel &amp; Oplaadbare Wegwerp Vape Pennen\" width=\"1618\" height=\"1534\" srcset=\"https:\/\/widevape.com\/wp-content\/uploads\/2025\/02\/ARYMI_IFun_28000-1.webp 1618w, https:\/\/widevape.com\/wp-content\/uploads\/2025\/02\/ARYMI_IFun_28000-1-510x484.webp 510w, https:\/\/widevape.com\/wp-content\/uploads\/2025\/02\/ARYMI_IFun_28000-1-300x284.webp 300w, https:\/\/widevape.com\/wp-content\/uploads\/2025\/02\/ARYMI_IFun_28000-1-1024x971.webp 1024w, https:\/\/widevape.com\/wp-content\/uploads\/2025\/02\/ARYMI_IFun_28000-1-768x728.webp 768w, https:\/\/widevape.com\/wp-content\/uploads\/2025\/02\/ARYMI_IFun_28000-1-1536x1456.webp 1536w\" sizes=\"auto, (max-width: 1618px) 100vw, 1618px\" \/><\/p>","protected":false},"excerpt":{"rendered":"<p>De\u00a0<strong>ARYMI IFun 28000 treinen<\/strong>\u00a0is een oplaadbare wegwerpvape van hoge kwaliteit met 28.000 pufjes, dubbele mesh spoelen en 12 unieke smaken - perfect voor groothandelaren en vaping-enthousiastelingen die waarde hechten aan een lange levensduur en smaakvariatie.<\/p>","protected":false},"featured_media":21767,"comment_status":"open","ping_status":"closed","template":"","meta":[],"product_brand":[],"product_cat":[151,150,92,93,37,94,90,96],"product_tag":[],"class_list":{"0":"post-21737","1":"product","2":"type-product","3":"status-publish","4":"has-post-thumbnail","6":"product_cat-28000-zuege-einweg-e-zigaretten","7":"product_cat-arymi-einweg-e-zigaretten","8":"product_cat-digitale-box-einweg-e-zigaretten","9":"product_cat-dual-mesh-einweg-e-zigaretten","10":"product_cat-einweg-e-zigaretten","11":"product_cat-einweg-e-zigaretten-mit-niedriger-nikotinstaerke","12":"product_cat-grosse-einweg-e-zigaretten","13":"product_cat-wiederaufladbare-einweg-e-zigaretten","15":"first","16":"outofstock","17":"shipping-taxable","18":"product-type-variable"},"_links":{"self":[{"href":"https:\/\/widevape.com\/nl\/wp-json\/wp\/v2\/product\/21737","targetHints":{"allow":["GET"]}}],"collection":[{"href":"https:\/\/widevape.com\/nl\/wp-json\/wp\/v2\/product"}],"about":[{"href":"https:\/\/widevape.com\/nl\/wp-json\/wp\/v2\/types\/product"}],"replies":[{"embeddable":true,"href":"https:\/\/widevape.com\/nl\/wp-json\/wp\/v2\/comments?post=21737"}],"wp:featuredmedia":[{"embeddable":true,"href":"https:\/\/widevape.com\/nl\/wp-json\/wp\/v2\/media\/21767"}],"wp:attachment":[{"href":"https:\/\/widevape.com\/nl\/wp-json\/wp\/v2\/media?parent=21737"}],"wp:term":[{"taxonomy":"product_brand","embeddable":true,"href":"https:\/\/widevape.com\/nl\/wp-json\/wp\/v2\/product_brand?post=21737"},{"taxonomy":"product_cat","embeddable":true,"href":"https:\/\/widevape.com\/nl\/wp-json\/wp\/v2\/product_cat?post=21737"},{"taxonomy":"product_tag","embeddable":true,"href":"https:\/\/widevape.com\/nl\/wp-json\/wp\/v2\/product_tag?post=21737"}],"curies":[{"name":"wp","href":"https:\/\/api.w.org\/{rel}","templated":true}]}}