{"id":22058,"date":"2025-02-24T08:13:47","date_gmt":"2025-02-24T07:13:47","guid":{"rendered":"https:\/\/widevape.com\/?post_type=product&#038;p=22058"},"modified":"2026-04-18T14:10:35","modified_gmt":"2026-04-18T12:10:35","slug":"rahdm-tornado-9000-meerdere-smaken-2-laag-nicotinegehalte-oplaadbare-wegwerp-vape-pen-groothandel","status":"publish","type":"product","link":"https:\/\/widevape.com\/nl\/product\/rahdm-tornado-9000-zuege-mehrere-geschmacksrichtungen-2-niedriger-nikotingehalt-wiederaufladbare-einweg-vape-pen-grosshandel\/","title":{"rendered":"RahdM Tornado 9000 Puffs Meerdere Smaken 2% Lage Nicotine Oplaadbare Wegwerp Vape Pen Groothandel"},"content":{"rendered":"<div style=\"width: 720px;\" class=\"wp-video\"><video class=\"wp-video-shortcode\" id=\"video-22058-1\" width=\"720\" height=\"1280\" preload=\"metadata\" controls=\"controls\"><source type=\"video\/mp4\" src=\"https:\/\/widevape.com\/wp-content\/uploads\/2025\/02\/RahdM-Tornado-9000-.mp4?_=1\" \/><a href=\"https:\/\/widevape.com\/wp-content\/uploads\/2025\/02\/RahdM-Tornado-9000-.mp4\">https:\/\/widevape.com\/wp-content\/uploads\/2025\/02\/RahdM-Tornado-9000-.mp4<\/a><\/video><\/div>\n<h2 class=\"mb-2 mt-6 text-lg font-[500] first:mt-3\"><a href=\"https:\/\/widevape.com\/product-category\/rahdm-tornado-einweg-e-zigaretten\/\">RahdM Tornado<\/a> 9000 Z\u00fcge: Die perfekte Wahl f\u00fcr Einweg-Vapes im Gro\u00dfhandel<\/h2>\n<p class=\"my-0\"><strong>RahdM Tornado 9000 Z\u00fcge<\/strong>\u00a0ist die ideale L\u00f6sung f\u00fcr alle, die ein hochwertiges, benutzerfreundliches und langlebiges Einweg-Vape-Ger\u00e4t suchen. Mit einer beeindruckenden Kapazit\u00e4t von bis zu 9000 Z\u00fcgen, wiederaufladbarem Design und einer gro\u00dfen Auswahl an Geschmacksrichtungen bietet dieses Produkt ein au\u00dfergew\u00f6hnliches Dampferlebnis. WideVape, Europas f\u00fchrende Gro\u00dfhandelsplattform f\u00fcr Einweg-Vapes, erm\u00f6glicht Ihnen den einfachen Kauf dieses Spitzenprodukts in gro\u00dfen Mengen \u2013 speziell f\u00fcr Deutschland, die Niederlande, Belgien und Spanien.<\/p>\n<h2 class=\"mb-2 mt-6 text-lg font-[500] first:mt-3\">Hauptmerkmale des RahdM Tornado<a href=\"https:\/\/widevape.com\/product-category\/einweg-e-zigaretten-nach-zuegen\/9000-zuege-einweg-e-zigaretten\/\"> 9000 Z\u00fcge<\/a><\/h2>\n<p class=\"my-0\">Das RahdM Tornado 9000 Z\u00fcge bietet eine Vielzahl von Funktionen, die es von anderen Einweg-Vapes abheben:<\/p>\n<ol class=\"marker:text-textOff list-decimal\">\n<li>\n<p class=\"my-0\"><strong>Hohe Zugkapazit\u00e4t<\/strong>: Bis zu 9000 Z\u00fcge pro Ger\u00e4t \u2013 ideal f\u00fcr langanhaltendes Dampfen.<\/p>\n<\/li>\n<li>\n<p class=\"my-0\"><strong>Gro\u00dfe E-Liquid-Kapazit\u00e4t<\/strong>: Enth\u00e4lt 18 ml hochwertiges E-Liquid f\u00fcr intensiven Geschmack.<\/p>\n<\/li>\n<li>\n<p class=\"my-0\"><strong>Leistungsstarker Akku<\/strong>: Ausgestattet mit einem langlebigen 600mAh-Akku, der wiederaufladbar ist.<\/p>\n<\/li>\n<li>\n<p class=\"my-0\"><strong>Mesh-Coil-Technologie<\/strong>: Der 1,0-Ohm-Mesh-Widerstand sorgt f\u00fcr eine hervorragende Geschmackswiedergabe und dichten Dampf.<\/p>\n<\/li>\n<li>\n<p class=\"my-0\"><strong>Individuelle Anpassung m\u00f6glich<\/strong>: Unterst\u00fctzt OEM\/ODM-Dienstleistungen f\u00fcr ma\u00dfgeschneiderte Anforderungen.<\/p>\n<\/li>\n<li>\n<p class=\"my-0\"><strong>Wiederaufladbar<\/strong>: Dank des Type-C-Ladeanschlusses ist es nachhaltig und einfach aufzuladen.<\/p>\n<\/li>\n<li>\n<p class=\"my-0\"><strong>Niedriger Nikotingehalt<\/strong>: Mit nur 2 % Nikotin ist es ideal f\u00fcr diejenigen, die ein sanfteres Dampferlebnis bevorzugen.<\/p>\n<\/li>\n<\/ol>\n<h2 class=\"mb-2 mt-6 text-lg font-[500] first:mt-3\">Geschmacksrichtungen des RahdM Tornado 9000 Z\u00fcge<\/h2>\n<p class=\"my-0\">Das RahdM Tornado bietet zehn sorgf\u00e4ltig entwickelte Geschmacksrichtungen, die jeden Geschmack treffen:<\/p>\n<ol class=\"marker:text-textOff list-decimal\">\n<li>\n<p class=\"my-0\"><strong>STRAWBERRY WATERMELON<\/strong>: Eine erfrischende Kombination aus s\u00fc\u00dfen Erdbeeren und saftiger Wassermelone, die eine fruchtige Geschmacksexplosion bietet.<\/p>\n<\/li>\n<li>\n<p class=\"my-0\"><strong>BLUEBERRY RASPBERRY<\/strong>: Ein harmonisches Zusammenspiel von reifen Heidelbeeren und Himbeeren, das eine perfekte Balance aus S\u00fc\u00dfe und S\u00e4ure schafft.<\/p>\n<\/li>\n<li>\n<p class=\"my-0\"><strong>GRAPE<\/strong>: Ein intensiver und reichhaltiger Traubengeschmack, der mit jedem Zug ein vollmundiges Aroma entfaltet.<\/p>\n<\/li>\n<li>\n<p class=\"my-0\"><strong>STRAWBERRY ICE<\/strong>: S\u00fc\u00dfe Erdbeeren kombiniert mit einer k\u00fchlen Mentholnote, die f\u00fcr ein erfrischendes Dampferlebnis sorgt.<\/p>\n<\/li>\n<li>\n<p class=\"my-0\"><strong>RASPBERRY WATERMELON<\/strong>: Eine perfekte Mischung aus spritzigen Himbeeren und frischer Wassermelone, die f\u00fcr einen sommerlichen Genuss sorgt.<\/p>\n<\/li>\n<li>\n<p class=\"my-0\"><strong>PEACH LEMONADE<\/strong>: Sonnengereifte Pfirsiche vereint mit spritziger Limonade, die ein erfrischendes und spritziges Geschmackserlebnis bietet.<\/p>\n<\/li>\n<li>\n<p class=\"my-0\"><strong>PEACHY MANGO PINEAPPLE<\/strong>: Tropische Aromen von Pfirsich, Mango und Ananas, die Sie gedanklich in ein exotisches Paradies entf\u00fchren.<\/p>\n<\/li>\n<li>\n<p class=\"my-0\"><strong>BLACK ICE<\/strong>: Ein kr\u00e4ftiger Geschmack von schwarzer Johannisbeere mit einem eisigen Menthol-Finish f\u00fcr ein belebendes Dampferlebnis.<\/p>\n<\/li>\n<li>\n<p class=\"my-0\"><strong>WATERMELON BRAZZ ICE<\/strong>: Fruchtige Wassermelone trifft auf blaue Himbeere und wird durch einen Hauch Menthol abgerundet \u2013 perfekt f\u00fcr Liebhaber erfrischender Aromen.<\/p>\n<\/li>\n<li>\n<p class=\"my-0\"><strong>MIXED BERRIES<\/strong>: Eine k\u00f6stliche Mischung aus verschiedenen Beeren, die mit ihrer nat\u00fcrlichen S\u00fc\u00dfe jeden Zug zu einem Genuss machen.<\/p>\n<\/li>\n<\/ol>\n<h2 class=\"mb-2 mt-6 text-lg font-[500] first:mt-3\">Gro\u00dfhandel bei <a href=\"https:\/\/widevape.com\/\">WideVape<\/a><\/h2>\n<p class=\"my-0\">WideVape ist Ihre erste Adresse f\u00fcr den Kauf von <a href=\"https:\/\/widevape.com\/\">Einweg-Vapes<\/a> im Gro\u00dfhandel in Europa. Mit \u00fcber zehn Jahren Erfahrung im Vertrieb von Premium-Dampfprodukten bieten wir Ihnen die besten Preise und erstklassigen Service.<\/p>\n<h2 class=\"mb-xs mt-5 text-base font-[525] first:mt-3\">Vorteile des Kaufs bei WideVape:<\/h2>\n<ul class=\"marker:text-textOff list-disc\">\n<li>\n<p class=\"my-0\"><strong>Breite Produktauswahl<\/strong>: Neben RahdM Tornado f\u00fchren wir Marken wie Elf Box, Bang King, FIZZY und viele mehr.<\/p>\n<\/li>\n<li>\n<p class=\"my-0\"><strong>Attraktive Preise<\/strong>: Profitieren Sie von Rabatten auf Gro\u00dfbestellungen mit unserer Tiefpreisgarantie.<\/p>\n<\/li>\n<li>\n<p class=\"my-0\"><strong>Schnelle Lieferung in Europa<\/strong>: Zuverl\u00e4ssige Versandoptionen nach Deutschland, die Niederlande, Belgien, Spanien und andere L\u00e4nder.<\/p>\n<\/li>\n<li>\n<p class=\"my-0\"><strong>Flexible Zahlungsmethoden<\/strong>:<\/p>\n<ul class=\"marker:text-textOff list-disc\">\n<li>\n<p class=\"my-0\">PayPal<\/p>\n<\/li>\n<li>\n<p class=\"my-0\">Kreditkarte<\/p>\n<\/li>\n<li>\n<p class=\"my-0\">Lokale Zahlungsmethoden wie iDEAL (Niederlande) und Bancontact (Belgien).<\/p>\n<\/li>\n<\/ul>\n<\/li>\n<\/ul>\n<h2 class=\"mb-2 mt-6 text-lg font-[500] first:mt-3\">Verpackungsdetails<\/h2>\n<p class=\"my-0\">F\u00fcr Gro\u00dfhandelskunden wird das RahdM Tornado effizient verpackt:<\/p>\n<ul class=\"marker:text-textOff list-disc\">\n<li>\n<p class=\"my-0\">Gewicht eines Ger\u00e4ts: 89,69 g<\/p>\n<\/li>\n<li>\n<p class=\"my-0\">Gewicht einer Box (10 Ger\u00e4te): 946,18 g<\/p>\n<\/li>\n<li>\n<p class=\"my-0\">Kartongr\u00f6\u00dfe (200 Ger\u00e4te): 39 x 38 x 29,3 cm<\/p>\n<\/li>\n<li>\n<p class=\"my-0\">Bruttogewicht pro Karton: 19,5 kg<\/p>\n<\/li>\n<\/ul>\n<p class=\"my-0\">Diese Verpackung gew\u00e4hrleistet Sicherheit w\u00e4hrend des Transports und erleichtert die Lagerung.<\/p>\n<h2 class=\"mb-2 mt-6 text-lg font-[500] first:mt-3\">Fazit<\/h2>\n<p class=\"my-0\">Das RahdM Tornado 9000 Z\u00fcge ist die perfekte Wahl f\u00fcr alle, die ein hochwertiges <a href=\"https:\/\/widevape.com\/\">Einweg-Vape<\/a> suchen \u2013 sei es zur pers\u00f6nlichen Nutzung oder zum Weiterverkauf im Gro\u00dfhandel. Mit seiner hohen Kapazit\u00e4t, wiederaufladbaren Funktionalit\u00e4t und vielf\u00e4ltigen Geschmacksrichtungen setzt es neue Ma\u00dfst\u00e4be in der Welt des Dampfens.<\/p>\n<p class=\"my-0\">Besuchen Sie WideVape noch heute und entdecken Sie unser umfangreiches Sortiment an Einweg-Vapes zu unschlagbaren Preisen! Als f\u00fchrender Anbieter in Europa sind wir stolz darauf, unseren Kunden hochwertige Produkte mit exzellentem Service zu bieten.<\/p>\n<p><img loading=\"lazy\" decoding=\"async\" class=\"alignnone wp-image-22062 size-full\" src=\"https:\/\/widevape.com\/wp-content\/uploads\/2025\/02\/RahdM_Tornado_9000-12.webp\" alt=\"RahdM Tornado 9000 Z\u00fcge Mehrere Geschmacksrichtungen 2% Niedriger Nikotingehalt Wiederaufladbare Einweg-Vape Pen Gro\u00dfhandel\" width=\"1045\" height=\"2560\" srcset=\"https:\/\/widevape.com\/wp-content\/uploads\/2025\/02\/RahdM_Tornado_9000-12.webp 1045w, https:\/\/widevape.com\/wp-content\/uploads\/2025\/02\/RahdM_Tornado_9000-12-510x1249.webp 510w, https:\/\/widevape.com\/wp-content\/uploads\/2025\/02\/RahdM_Tornado_9000-12-122x300.webp 122w, https:\/\/widevape.com\/wp-content\/uploads\/2025\/02\/RahdM_Tornado_9000-12-418x1024.webp 418w, https:\/\/widevape.com\/wp-content\/uploads\/2025\/02\/RahdM_Tornado_9000-12-768x1881.webp 768w, https:\/\/widevape.com\/wp-content\/uploads\/2025\/02\/RahdM_Tornado_9000-12-627x1536.webp 627w, https:\/\/widevape.com\/wp-content\/uploads\/2025\/02\/RahdM_Tornado_9000-12-836x2048.webp 836w\" sizes=\"auto, (max-width: 1045px) 100vw, 1045px\" \/><\/p>\n","protected":false},"excerpt":{"rendered":"<p>De RahdM<strong>\u00a0Tornado 9000 treinen<\/strong>\u00a0is een oplaadbare wegwerpvape van hoge kwaliteit met tot 9000 pufjes, 18 ml e-liquid, 2 % nicotine en tien heerlijke smaken - ideaal voor groothandelklanten bij WideVape.<\/p>","protected":false},"featured_media":22070,"comment_status":"open","ping_status":"closed","template":"","meta":[],"product_brand":[],"product_cat":[120,37,94,90,57,98,96],"product_tag":[],"class_list":{"0":"post-22058","1":"product","2":"type-product","3":"status-publish","4":"has-post-thumbnail","6":"product_cat-9000-zuege-einweg-e-zigaretten","7":"product_cat-einweg-e-zigaretten","8":"product_cat-einweg-e-zigaretten-mit-niedriger-nikotinstaerke","9":"product_cat-grosse-einweg-e-zigaretten","10":"product_cat-rahdm-tornado-einweg-e-zigaretten","11":"product_cat-tornado-einweg-e-zigaretten","12":"product_cat-wiederaufladbare-einweg-e-zigaretten","14":"first","15":"instock","16":"shipping-taxable","17":"purchasable","18":"product-type-variable","19":"has-default-attributes"},"_links":{"self":[{"href":"https:\/\/widevape.com\/nl\/wp-json\/wp\/v2\/product\/22058","targetHints":{"allow":["GET"]}}],"collection":[{"href":"https:\/\/widevape.com\/nl\/wp-json\/wp\/v2\/product"}],"about":[{"href":"https:\/\/widevape.com\/nl\/wp-json\/wp\/v2\/types\/product"}],"replies":[{"embeddable":true,"href":"https:\/\/widevape.com\/nl\/wp-json\/wp\/v2\/comments?post=22058"}],"wp:featuredmedia":[{"embeddable":true,"href":"https:\/\/widevape.com\/nl\/wp-json\/wp\/v2\/media\/22070"}],"wp:attachment":[{"href":"https:\/\/widevape.com\/nl\/wp-json\/wp\/v2\/media?parent=22058"}],"wp:term":[{"taxonomy":"product_brand","embeddable":true,"href":"https:\/\/widevape.com\/nl\/wp-json\/wp\/v2\/product_brand?post=22058"},{"taxonomy":"product_cat","embeddable":true,"href":"https:\/\/widevape.com\/nl\/wp-json\/wp\/v2\/product_cat?post=22058"},{"taxonomy":"product_tag","embeddable":true,"href":"https:\/\/widevape.com\/nl\/wp-json\/wp\/v2\/product_tag?post=22058"}],"curies":[{"name":"wp","href":"https:\/\/api.w.org\/{rel}","templated":true}]}}