{"id":22291,"date":"2025-02-24T13:54:20","date_gmt":"2025-02-24T12:54:20","guid":{"rendered":"https:\/\/widevape.com\/?post_type=product&#038;p=22291"},"modified":"2026-04-18T14:11:44","modified_gmt":"2026-04-18T12:11:44","slug":"aupo-15000-zuege-pro-max-crystal-dual-mesh-2-low-nicotine-groothandel-wegwerp-vaporisator-met-oplaadbare-batterij","status":"publish","type":"product","link":"https:\/\/widevape.com\/nl\/product\/aupo-15000-zuege-pro-max-kristall-dual-mesh-2-niedriger-nikotin-grosshandel-einweg-dampfer-mit-wiederaufladbarer-batterie\/","title":{"rendered":"AUPO 15000 puffs PRO MAX Crystal Dual-Mesh 2% Low Nicotine Groothandel Wegwerp Verdamper met oplaadbare batterij"},"content":{"rendered":"<div style=\"width: 1020px;\" class=\"wp-video\"><video class=\"wp-video-shortcode\" id=\"video-22291-1\" width=\"1020\" height=\"574\" preload=\"metadata\" controls=\"controls\"><source type=\"video\/mp4\" src=\"https:\/\/widevape.com\/wp-content\/uploads\/2025\/02\/AUPO-15000-Puffs-PRO-MAX-.mp4?_=1\" \/><a href=\"https:\/\/widevape.com\/wp-content\/uploads\/2025\/02\/AUPO-15000-Puffs-PRO-MAX-.mp4\">https:\/\/widevape.com\/wp-content\/uploads\/2025\/02\/AUPO-15000-Puffs-PRO-MAX-.mp4<\/a><\/video><\/div>\n<h2 class=\"mb-2 mt-6 text-lg font-[500] first:mt-3\"><a href=\"https:\/\/widevape.com\/product-category\/aupo-einweg-e-zigaretten\/\">AUPO<\/a> 15000 Z\u00fcge PRO MAX: Die Revolution\u00e4re Einweg-Dampfeinrichtung<\/h2>\n<p class=\"my-0\">Die\u00a0<strong>AUPO 15000 Z\u00fcge PRO MAX<\/strong>\u00a0ist eine bahnbrechende Einweg-Dampfeinrichtung, die mit beeindruckenden Funktionen und herausragender Leistung \u00fcberzeugt. Diese innovative Vorrichtung bietet Nutzern ein au\u00dfergew\u00f6hnliches Dampferlebnis, indem sie fortschrittliche Technologie mit einem stilvollen Design kombiniert. Als gr\u00f6\u00dfte Online-Wholesale-Plattform f\u00fcr Einweg-Dampfer in den Niederlanden, Deutschland, Belgien und Spanien bietet\u00a0<strong>WideVape<\/strong>\u00a0die\u00a0<strong>AUPO 15000 Z\u00fcge PRO MAX<\/strong>\u00a0zu unschlagbaren Preisen an, was sie zu einem Muss f\u00fcr H\u00e4ndler und Verbraucher gleicherma\u00dfen macht.<\/p>\n<h2 class=\"mb-xs mt-5 text-base font-[525] first:mt-3\">Schl\u00fcsselmerkmale der AUPO <a href=\"https:\/\/widevape.com\/product-category\/einweg-e-zigaretten-nach-zuegen\/15000-zuege-einweg-e-zigaretten\/\">15000 Z\u00fcge<\/a> PRO MAX<\/h2>\n<ul class=\"marker:text-textOff list-disc\">\n<li>\n<p class=\"my-0\"><strong>Zugzahl<\/strong>: Bis zu 15.000 Z\u00fcge, was ein langes Dampferlebnis bietet.<\/p>\n<\/li>\n<li>\n<p class=\"my-0\"><strong>E-Liquidspeicherkapazit\u00e4t<\/strong>: 20ml, ideal f\u00fcr ausgedehnte Dampfsessions.<\/p>\n<\/li>\n<li>\n<p class=\"my-0\"><strong>Akku<\/strong>: 18250-600mAh, f\u00fcr eine lange Lebensdauer.<\/p>\n<\/li>\n<li>\n<p class=\"my-0\"><strong>Ladeanschluss<\/strong>: Type-C f\u00fcr schnelles und bequemes Aufladen.<\/p>\n<\/li>\n<li>\n<p class=\"my-0\"><strong>Nikotin-Gehalt<\/strong>: 2% (20mg), bietet ein sanftes und ausgewogenes Dampferlebnis.<\/p>\n<\/li>\n<li>\n<p class=\"my-0\"><strong>Spulentechnologie<\/strong>: Dual Mesh Coil mit einem Widerstand von 0,95\u03a9, verbessert den Geschmack und die Dampfproduktion.<\/p>\n<\/li>\n<li>\n<p class=\"my-0\"><strong>OEM\/ODM Unterst\u00fctzung<\/strong>: Erm\u00f6glicht Anpassungen an spezifische Markenbed\u00fcrfnisse.<\/p>\n<\/li>\n<\/ul>\n<h2 class=\"mb-xs mt-5 text-base font-[525] first:mt-3\">Geschmacksvarianten<\/h2>\n<p class=\"my-0\">Die\u00a0AUPO 15000 Z\u00fcge PRO MAX\u00a0ist in einer Vielzahl von Geschmacksrichtungen erh\u00e4ltlich, jede sorgf\u00e4ltig entwickelt, um ein einzigartiges und angenehmes Dampferlebnis zu bieten. Hier sind die Geschmacksrichtungen in numerischer Reihenfolge:<\/p>\n<ol class=\"marker:text-textOff list-decimal\">\n<li>\n<p class=\"my-0\"><strong>BLUEBERRY SOUR RASPBERRY<\/strong>: Diese Geschmacksrichtung kombiniert die S\u00fc\u00dfe von Blaubeeren mit der Sch\u00e4rfe von Himbeeren, was ein erfrischendes und fruchtiges Geschmackserlebnis schafft.<\/p>\n<\/li>\n<li>\n<p class=\"my-0\"><strong>BLUE RAZZ LEMONADE<\/strong>: Inspiriert von klassischen Sommergetr\u00e4nken, kombiniert diese Geschmacksrichtung blaue Himbeere mit Limonade, was einen s\u00fc\u00dfen und sprudelnden Twist bietet.<\/p>\n<\/li>\n<li>\n<p class=\"my-0\"><strong>PEACH MANGO<\/strong>: Eine tropische Mischung aus Pfirsichen und Mangos, diese Geschmacksrichtung transportiert Nutzer in eine sonnige Oase mit ihren s\u00fc\u00dfen und saftigen Noten.<\/p>\n<\/li>\n<li>\n<p class=\"my-0\"><strong>PINEAPPLE PEACH MANGO<\/strong>: Aufbauend auf die Erfolge von Pfirsich-Mango, f\u00fcgt diese Geschmacksrichtung Ananas hinzu, um ein komplexeres und tropischeres Geschmacksprofil zu schaffen.<\/p>\n<\/li>\n<li>\n<p class=\"my-0\"><strong>BUBBLE GUM<\/strong>: F\u00fcr diejenigen, die nostalgische Geschmacksrichtungen lieben, ist dieser Kaugummi-Geschmack ein Erinnerung an Kindheitserinnerungen, bietet ein s\u00fc\u00dfes und spielerisches Dampferlebnis.<\/p>\n<\/li>\n<li>\n<p class=\"my-0\"><strong>BLUEBERRY RASPBERRY POMEGRANATE<\/strong>: Diese Geschmacksrichtung kombiniert die S\u00fc\u00dfe von Blaubeeren und Himbeeren mit der Sch\u00e4rfe von Granatapfel, was ein reiches und fruchtiges Erlebnis schafft.<\/p>\n<\/li>\n<li>\n<p class=\"my-0\"><strong>WATERMELON CHERRY<\/strong>: Perfekt f\u00fcr warmes Wetter, kombiniert diese Geschmacksrichtung den erfrischenden Geschmack von Wassermelone mit der S\u00fc\u00dfe von Kirsche, bietet ein k\u00fchles und fruchtiges Erlebnis.<\/p>\n<\/li>\n<li>\n<p class=\"my-0\"><strong>FIZZY CHERRY<\/strong>: Inspiriert von sprudelnden Getr\u00e4nken, kombiniert diese Geschmacksrichtung Kirsche mit einem sprudelnden Twist, bietet ein lebhaftes und energiegeladenes Geschmackserlebnis.<\/p>\n<\/li>\n<li>\n<p class=\"my-0\"><strong>BLUEBERRY BUBBLE GUM<\/strong>: Diese einzigartige Mischung kombiniert die S\u00fc\u00dfe von Blaubeeren mit dem spielerischen Geschmack von Kaugummi, schafft ein lustiges und fruchtiges Erlebnis.<\/p>\n<\/li>\n<li>\n<p class=\"my-0\"><strong>KIWI PASSIONFRUIT GUAVA<\/strong>: F\u00fcr diejenigen, die exotische Geschmacksrichtungen lieben, bietet diese Mischung aus Kiwi, Leidenschaftsfrucht und Guave ein tropisches und erfrischendes Geschmackserlebnis.<\/p>\n<\/li>\n<\/ol>\n<h2 class=\"mb-xs mt-5 text-base font-[525] first:mt-3\">Warum <a href=\"https:\/\/widevape.com\/\">WideVape<\/a> f\u00fcr Ihre Einweg-Dampfer-Bed\u00fcrfnisse w\u00e4hlen?<\/h2>\n<p class=\"my-0\"><strong>WideVape<\/strong>\u00a0ist nicht nur ein Online-Shop; es ist Europas f\u00fchrende Wholesale-Plattform f\u00fcr Einweg-Dampfer, die eine breite Palette von Top-Marken wie\u00a0<strong>Al Fakher<\/strong>,\u00a0<strong>Waspe<\/strong>,\u00a0<strong>Vapme<\/strong>,\u00a0<strong>Bang Box<\/strong>,\u00a0<strong>RandM Tornado<\/strong>,\u00a0<strong>Bang King<\/strong>,\u00a0<strong>Doloda<\/strong>,\u00a0<strong>Elf Box<\/strong>,\u00a0<strong>Vapsolo<\/strong>,\u00a0<strong>FluuM<\/strong>,\u00a0<strong>FIZZY<\/strong>,\u00a0<strong>BIMO<\/strong>,\u00a0<strong>Smokman<\/strong>,\u00a0<strong>Kangertech<\/strong>,\u00a0<strong>Aupo<\/strong>,\u00a0<strong>Old School<\/strong>,\u00a0<strong>Waspe<\/strong>,\u00a0<strong>Vapsolo<\/strong>\u00a0und\u00a0<strong>SFOG<\/strong>\u00a0anbietet. Mit \u00fcber einem Jahrzehnt Erfahrung im Bereich Einweg-Dampfer spezialisiert sich\u00a0<strong>WideVape<\/strong>\u00a0auf den Vertrieb an Kunden in ganz Europa, darunter Deutschland, die Niederlande, Belgien, Spanien, Frankreich, Portugal, Polen und Italien.<\/p>\n<h2 class=\"mb-xs mt-5 text-base font-[525] first:mt-3\">Zahlungsoptionen<\/h2>\n<p class=\"my-0\">Bei\u00a0<strong>WideVape<\/strong>\u00a0legen wir gro\u00dfen Wert auf Bequemlichkeit und Flexibilit\u00e4t bei den Zahlungsoptionen. Neben\u00a0<strong>PayPal<\/strong>\u00a0und\u00a0<strong>Kreditkarten<\/strong>\u00a0akzeptieren wir auch\u00a0<strong>iDEAL<\/strong>\u00a0f\u00fcr Kunden in den Niederlanden und\u00a0<strong>Bancontact<\/strong>\u00a0f\u00fcr Kunden in Belgien. Dar\u00fcber hinaus k\u00f6nnen Kunden in ganz Europa\u00a0<strong>SEPA-Bank\u00fcberweisungen<\/strong>\u00a0nutzen, um Transaktionen sicher und effizient abzuwickeln.<\/p>\n<h2 class=\"mb-xs mt-5 text-base font-[525] first:mt-3\">Fazit<\/h2>\n<p class=\"my-0\">Die\u00a0<strong>AUPO 15000 Z\u00fcge PRO MAX<\/strong>\u00a0ist ein Meilenstein in der Welt der Einweg-Dampfer, die eine un\u00fcbertroffene Kombination aus Leistung, Geschmack und Bequemlichkeit bietet. Ob Sie H\u00e4ndler sind, die sich mit den neuesten Dampfprodukten eindecken m\u00f6chten, oder Verbraucher, die ein \u00fcberlegenes Dampferlebnis suchen,\u00a0<strong>WideVape<\/strong>\u00a0ist Ihre Adresse. Mit ihrer umfassenden Palette an Geschmacksrichtungen und robusten Funktionen ist die\u00a0<strong>AUPO 15000 Z\u00fcge PRO MAX<\/strong>\u00a0bestens geeignet, um selbst die anspruchsvollsten Dampfer zu \u00fcberzeugen. Besuchen Sie\u00a0<a href=\"https:\/\/widevape.com\/\"><strong>WideVape<\/strong><\/a>\u00a0heute, um unsere Sammlung zu erkunden und das Beste aus der Welt der Einweg-Dampfer in Europa zu erleben.<\/p>\n<p><img loading=\"lazy\" decoding=\"async\" class=\"alignnone wp-image-22310 size-full\" src=\"https:\/\/widevape.com\/wp-content\/uploads\/2025\/02\/AUPO_15000_Puffs_PRO_MAX.webp\" alt=\"AUPO 15000 Z\u00fcge PRO MAX Kristall Dual-Mesh 2% Niedriger Nikotin Gro\u00dfhandel Einweg-Dampfer mit wiederaufladbarer Batterie\" width=\"1000\" height=\"1000\" srcset=\"https:\/\/widevape.com\/wp-content\/uploads\/2025\/02\/AUPO_15000_Puffs_PRO_MAX.webp 1000w, https:\/\/widevape.com\/wp-content\/uploads\/2025\/02\/AUPO_15000_Puffs_PRO_MAX-247x247.webp 247w, https:\/\/widevape.com\/wp-content\/uploads\/2025\/02\/AUPO_15000_Puffs_PRO_MAX-100x100.webp 100w, https:\/\/widevape.com\/wp-content\/uploads\/2025\/02\/AUPO_15000_Puffs_PRO_MAX-510x510.webp 510w, https:\/\/widevape.com\/wp-content\/uploads\/2025\/02\/AUPO_15000_Puffs_PRO_MAX-300x300.webp 300w, https:\/\/widevape.com\/wp-content\/uploads\/2025\/02\/AUPO_15000_Puffs_PRO_MAX-150x150.webp 150w, https:\/\/widevape.com\/wp-content\/uploads\/2025\/02\/AUPO_15000_Puffs_PRO_MAX-768x768.webp 768w\" sizes=\"auto, (max-width: 1000px) 100vw, 1000px\" \/> <img loading=\"lazy\" decoding=\"async\" class=\"alignnone wp-image-22308 size-full\" src=\"https:\/\/widevape.com\/wp-content\/uploads\/2025\/02\/AUPO_15000_Puffs_PRO_MAX-11.webp\" alt=\"AUPO 15000 Z\u00fcge PRO MAX Kristall Dual-Mesh 2% Niedriger Nikotin Gro\u00dfhandel Einweg-Dampfer mit wiederaufladbarer Batterie\" width=\"1500\" height=\"1500\" srcset=\"https:\/\/widevape.com\/wp-content\/uploads\/2025\/02\/AUPO_15000_Puffs_PRO_MAX-11.webp 1500w, https:\/\/widevape.com\/wp-content\/uploads\/2025\/02\/AUPO_15000_Puffs_PRO_MAX-11-247x247.webp 247w, https:\/\/widevape.com\/wp-content\/uploads\/2025\/02\/AUPO_15000_Puffs_PRO_MAX-11-100x100.webp 100w, https:\/\/widevape.com\/wp-content\/uploads\/2025\/02\/AUPO_15000_Puffs_PRO_MAX-11-510x510.webp 510w, https:\/\/widevape.com\/wp-content\/uploads\/2025\/02\/AUPO_15000_Puffs_PRO_MAX-11-300x300.webp 300w, https:\/\/widevape.com\/wp-content\/uploads\/2025\/02\/AUPO_15000_Puffs_PRO_MAX-11-1024x1024.webp 1024w, https:\/\/widevape.com\/wp-content\/uploads\/2025\/02\/AUPO_15000_Puffs_PRO_MAX-11-150x150.webp 150w, https:\/\/widevape.com\/wp-content\/uploads\/2025\/02\/AUPO_15000_Puffs_PRO_MAX-11-768x768.webp 768w\" sizes=\"auto, (max-width: 1500px) 100vw, 1500px\" \/><\/p>\n","protected":false},"excerpt":{"rendered":"<p data-start=\"33\" data-end=\"58\">AUPO 15000 Z\u00fcge \u2013 PRO MAX<\/p>\n<div class=\"TyagGW_tableContainer\">\n<div class=\"group TyagGW_tableWrapper flex w-fit flex-col-reverse\" tabindex=\"-1\">\n<table class=\"w-fit min-w-(--thread-content-width)\" data-start=\"60\" data-end=\"385\">\n<thead data-start=\"60\" data-end=\"81\">\n<tr data-start=\"60\" data-end=\"81\">\n<th data-start=\"60\" data-end=\"70\" data-col-size=\"sm\">Kenmerk<\/th>\n<th data-start=\"70\" data-end=\"81\" data-col-size=\"md\">details<\/th>\n<\/tr>\n<\/thead>\n<tbody data-start=\"92\" data-end=\"385\">\n<tr data-start=\"92\" data-end=\"124\">\n<td data-start=\"92\" data-end=\"102\" data-col-size=\"sm\">Aantal treinen<\/td>\n<td data-col-size=\"md\" data-start=\"102\" data-end=\"124\">Tot 15.000 treinen<\/td>\n<\/tr>\n<tr data-start=\"125\" data-end=\"153\">\n<td data-start=\"125\" data-end=\"144\" data-col-size=\"sm\">Volume e-vloeistof<\/td>\n<td data-col-size=\"md\" data-start=\"144\" data-end=\"153\">20 ml<\/td>\n<\/tr>\n<tr data-start=\"154\" data-end=\"187\">\n<td data-start=\"154\" data-end=\"161\" data-col-size=\"sm\">Batterij<\/td>\n<td data-col-size=\"md\" data-start=\"161\" data-end=\"187\">600 mAh (model 18250)<\/td>\n<\/tr>\n<tr data-start=\"188\" data-end=\"214\">\n<td data-start=\"188\" data-end=\"204\" data-col-size=\"sm\">Aansluiting voor opladen<\/td>\n<td data-col-size=\"md\" data-start=\"204\" data-end=\"214\">Type-C<\/td>\n<\/tr>\n<tr data-start=\"215\" data-end=\"246\">\n<td data-start=\"215\" data-end=\"231\" data-col-size=\"sm\">Nicotinegehalte<\/td>\n<td data-col-size=\"md\" data-start=\"231\" data-end=\"246\">2 % (20 mg)<\/td>\n<\/tr>\n<tr data-start=\"247\" data-end=\"280\">\n<td data-start=\"247\" data-end=\"254\" data-col-size=\"sm\">Spoel<\/td>\n<td data-start=\"254\" data-end=\"280\" data-col-size=\"md\">Dual Mesh Coil, 0,95 \u03a9 \n\nbecomes \n\nDual Mesh Coil, 0,95 \u03a9<\/td>\n<\/tr>\n<tr data-start=\"281\" data-end=\"345\">\n<td data-start=\"281\" data-end=\"292\" data-col-size=\"sm\">Prestaties<\/td>\n<td data-col-size=\"md\" data-start=\"292\" data-end=\"345\">Verbeterde smaak en dichte dampproductie<\/td>\n<\/tr>\n<tr data-start=\"346\" data-end=\"385\">\n<td data-start=\"346\" data-end=\"358\" data-col-size=\"sm\">Aanpassing<\/td>\n<td data-col-size=\"md\" data-start=\"358\" data-end=\"385\">OEM \/ ODM-ondersteuning<\/td>\n<\/tr>\n<\/tbody>\n<\/table>\n<\/div>\n<\/div>","protected":false},"featured_media":22309,"comment_status":"open","ping_status":"closed","template":"","meta":[],"product_brand":[],"product_cat":[103,32,91,92,93,37,94,183,187,193,185,181,184,186,188,182,189,190,192,191,90,96],"product_tag":[],"class_list":{"0":"post-22291","1":"product","2":"type-product","3":"status-publish","4":"has-post-thumbnail","6":"product_cat-15000-zuege-einweg-e-zigaretten","7":"product_cat-aupo-einweg-e-zigaretten","8":"product_cat-crystal-einweg-e-zigaretten","9":"product_cat-digitale-box-einweg-e-zigaretten","10":"product_cat-dual-mesh-einweg-e-zigaretten","11":"product_cat-einweg-e-zigaretten","12":"product_cat-einweg-e-zigaretten-mit-niedriger-nikotinstaerke","13":"product_cat-einweg-e-zigaretten-in-belgien","14":"product_cat-einweg-e-zigaretten-in-den-niederlanden","15":"product_cat-einweg-e-zigaretten-in-der-schweiz","16":"product_cat-einweg-e-zigaretten-in-deutschland","17":"product_cat-einweg-e-zigaretten-in-europa","18":"product_cat-einweg-e-zigaretten-in-frankreich","19":"product_cat-einweg-e-zigaretten-in-italien","20":"product_cat-einweg-e-zigaretten-in-norwegen","21":"product_cat-einweg-e-zigaretten-in-oesterreich","22":"product_cat-einweg-e-zigaretten-in-polen","23":"product_cat-einweg-e-zigaretten-in-portugal","24":"product_cat-einweg-e-zigaretten-in-schweden","25":"product_cat-einweg-e-zigaretten-in-spanien","26":"product_cat-grosse-einweg-e-zigaretten","27":"product_cat-wiederaufladbare-einweg-e-zigaretten","29":"first","30":"instock","31":"shipping-taxable","32":"purchasable","33":"product-type-variable","34":"has-default-attributes"},"_links":{"self":[{"href":"https:\/\/widevape.com\/nl\/wp-json\/wp\/v2\/product\/22291","targetHints":{"allow":["GET"]}}],"collection":[{"href":"https:\/\/widevape.com\/nl\/wp-json\/wp\/v2\/product"}],"about":[{"href":"https:\/\/widevape.com\/nl\/wp-json\/wp\/v2\/types\/product"}],"replies":[{"embeddable":true,"href":"https:\/\/widevape.com\/nl\/wp-json\/wp\/v2\/comments?post=22291"}],"wp:featuredmedia":[{"embeddable":true,"href":"https:\/\/widevape.com\/nl\/wp-json\/wp\/v2\/media\/22309"}],"wp:attachment":[{"href":"https:\/\/widevape.com\/nl\/wp-json\/wp\/v2\/media?parent=22291"}],"wp:term":[{"taxonomy":"product_brand","embeddable":true,"href":"https:\/\/widevape.com\/nl\/wp-json\/wp\/v2\/product_brand?post=22291"},{"taxonomy":"product_cat","embeddable":true,"href":"https:\/\/widevape.com\/nl\/wp-json\/wp\/v2\/product_cat?post=22291"},{"taxonomy":"product_tag","embeddable":true,"href":"https:\/\/widevape.com\/nl\/wp-json\/wp\/v2\/product_tag?post=22291"}],"curies":[{"name":"wp","href":"https:\/\/api.w.org\/{rel}","templated":true}]}}