{"id":24680,"date":"2025-02-28T02:58:09","date_gmt":"2025-02-28T01:58:09","guid":{"rendered":"https:\/\/widevape.com\/?post_type=product&#038;p=24680"},"modified":"2026-01-17T10:20:15","modified_gmt":"2026-01-17T09:20:15","slug":"laatste-liefde-20000-puffs-oplaadbare-wegwerp-e-sigaret-met-digitale-display-2-nicotine-groothandel-voor-stijlvolle-en-duurzame-vape-pennen","status":"publish","type":"product","link":"https:\/\/widevape.com\/nl\/product\/last-love-20000-zuege-wiederaufladbare-einweg-e-zigarette-mit-digitalanzeige-2-nikotin-grosshandel-fuer-stilvolle-und-langlebige-vape-pens\/","title":{"rendered":"Last Love 20000 puffs Oplaadbare wegwerp e-sigaret met digitaal display, 2 % nicotine - Groothandel in stijlvolle en duurzame vape-pennen"},"content":{"rendered":"<h2 class=\"mb-xs mt-5 text-base font-[525] first:mt-3\"><strong><a href=\"https:\/\/widevape.com\/product-category\/lost-vape-einweg-e-zigaretten\/\">Last Love<\/a> 20000 Z\u00fcge: Die perfekte wiederaufladbare Einweg-E-Zigarette f\u00fcr Gro\u00dfh\u00e4ndler<\/strong><\/h2>\n<p class=\"my-0\">Die\u00a0<strong>Last Love 20000 Z\u00fcge<\/strong>\u00a0ist eine der innovativsten und langlebigsten Einweg-E-Zigaretten auf dem Markt. Mit einer beeindruckenden Anzahl von 20.000 Z\u00fcgen, einem wiederaufladbaren Design und einer Vielzahl von Geschmacksrichtungen bietet dieses Ger\u00e4t eine ideale L\u00f6sung f\u00fcr Vaper, die Wert auf Qualit\u00e4t und Komfort legen. Bei\u00a0<strong>WideVape<\/strong>, der gr\u00f6\u00dften Online-Gro\u00dfhandelsplattform f\u00fcr Einweg-E-Zigaretten in Deutschland, den Niederlanden, Belgien und Spanien, k\u00f6nnen Sie dieses Spitzenprodukt in gro\u00dfen Mengen zu unschlagbaren Preisen erwerben.<\/p>\n<h2 class=\"mb-2 mt-6 text-lg font-[500] first:mt-3\"><strong>Hauptmerkmale der Last Love <a href=\"https:\/\/widevape.com\/product-category\/einweg-e-zigaretten-nach-zuegen\/20000-zuege-einweg-e-zigaretten\/\">20000 Z\u00fcge<\/a><\/strong><\/h2>\n<ol class=\"marker:text-textOff list-decimal\">\n<li>\n<p class=\"my-0\"><strong>Extrem hohe Zuganzahl<\/strong><\/p>\n<ul class=\"marker:text-textOff list-disc\">\n<li>\n<p class=\"my-0\">Mit bis zu\u00a0<strong>20.000 Z\u00fcgen<\/strong>\u00a0pro Ger\u00e4t reduziert diese E-Zigarette die Notwendigkeit h\u00e4ufiger Ersatzk\u00e4ufe und sorgt f\u00fcr eine langanhaltende Nutzung.<\/p>\n<\/li>\n<\/ul>\n<\/li>\n<li>\n<p class=\"my-0\"><strong>Niedriger Nikotingehalt<\/strong><\/p>\n<ul class=\"marker:text-textOff list-disc\">\n<li>\n<p class=\"my-0\">Der Nikotingehalt von nur\u00a0<strong>2%<\/strong>\u00a0(20mg) bietet eine sanfte und angenehme Erfahrung, ideal f\u00fcr diejenigen, die einen milden Geschmack bevorzugen.<\/p>\n<\/li>\n<\/ul>\n<\/li>\n<li>\n<p class=\"my-0\"><strong>Gro\u00dfe E-Liquid-Kapazit\u00e4t<\/strong><\/p>\n<ul class=\"marker:text-textOff list-disc\">\n<li>\n<p class=\"my-0\">Mit einem Tankvolumen von\u00a0<strong>22ml<\/strong>\u00a0garantiert dieses Ger\u00e4t eine ausgedehnte Nutzung ohne Nachf\u00fcllen.<\/p>\n<\/li>\n<\/ul>\n<\/li>\n<li>\n<p class=\"my-0\"><strong>Wiederaufladbares Design<\/strong><\/p>\n<ul class=\"marker:text-textOff list-disc\">\n<li>\n<p class=\"my-0\">Die integrierte\u00a0<strong>800mAh-Batterie<\/strong>\u00a0kann \u00fcber einen USB-Anschluss schnell aufgeladen werden, was sowohl umweltfreundlich als auch kosteneffizient ist.<\/p>\n<\/li>\n<\/ul>\n<\/li>\n<li>\n<p class=\"my-0\"><strong>Digitales Display<\/strong><\/p>\n<ul class=\"marker:text-textOff list-disc\">\n<li>\n<p class=\"my-0\">\u00dcberwachen Sie den Batteriestatus und den E-Liquid-F\u00fcllstand in Echtzeit dank eines benutzerfreundlichen digitalen Bildschirms.<\/p>\n<\/li>\n<\/ul>\n<\/li>\n<li>\n<p class=\"my-0\"><strong>Fortschrittliche Mesh-Coil-Technologie<\/strong><\/p>\n<ul class=\"marker:text-textOff list-disc\">\n<li>\n<p class=\"my-0\">Der\u00a0<strong>0,6\u03a9 Mesh-Coil<\/strong>\u00a0sorgt f\u00fcr intensiven Geschmack und dichte Dampfwolken bei jedem Zug.<\/p>\n<\/li>\n<\/ul>\n<\/li>\n<li>\n<p class=\"my-0\"><strong>Ergonomisches und stilvolles Design<\/strong><\/p>\n<ul class=\"marker:text-textOff list-disc\">\n<li>\n<p class=\"my-0\">Das schlanke und moderne Design liegt angenehm in der Hand und ist einfach zu bedienen \u2013 perfekt f\u00fcr alle Erfahrungsstufen.<\/p>\n<\/li>\n<\/ul>\n<\/li>\n<\/ol>\n<h2 class=\"mb-2 mt-6 text-lg font-[500] first:mt-3\"><strong>Geschmacksrichtungen: Vielfalt f\u00fcr jeden Geschmack<\/strong><\/h2>\n<p class=\"my-0\">Die Last Love 20000 Z\u00fcge ist in folgenden Geschmacksrichtungen erh\u00e4ltlich:<\/p>\n<ul class=\"marker:text-textOff list-disc\">\n<li>\n<p class=\"my-0\"><strong>1. Blackcurrant\u00a0:<\/strong>\u00a0Ein kr\u00e4ftiger, s\u00fc\u00df-saurer Fruchtgeschmack, der Ihre Sinne belebt.<\/p>\n<\/li>\n<li>\n<p class=\"my-0\"><strong>2. Blueberry :<\/strong>\u00a0Saftig-s\u00fc\u00dfe Blaubeeren sorgen f\u00fcr ein frisches und angenehmes Dampferlebnis.<\/p>\n<\/li>\n<li>\n<p class=\"my-0\"><strong>3. Grape Mint\u00a0:<\/strong>\u00a0Eine erfrischende Kombination aus s\u00fc\u00dfer Traube und k\u00fchler Minze.<\/p>\n<\/li>\n<li>\n<p class=\"my-0\"><strong>4. Bubblegum Mint\u00a0:<\/strong>\u00a0S\u00fc\u00dfer Kaugummigeschmack mit einem Hauch von frischer Minze \u2013 ideal f\u00fcr Naschkatzen.<\/p>\n<\/li>\n<li>\n<p class=\"my-0\"><strong>5. Lemon Mint :<\/strong>\u00a0Spritzige Zitrone trifft auf eisige Minze \u2013 ein belebender Genuss.<\/p>\n<\/li>\n<li>\n<p class=\"my-0\"><strong>6. Watermelon Ice :<\/strong>\u00a0Tropische Wassermelone kombiniert mit einem k\u00fchlenden Menthol-Kick \u2013 perfekt f\u00fcr hei\u00dfe Tage.<\/p>\n<\/li>\n<li>\n<p class=\"my-0\"><strong>7. Magic Love\u00a0:<\/strong>\u00a0Eine geheimnisvolle Mischung aus exotischen Fr\u00fcchten mit einer s\u00fc\u00dfen Note.<\/p>\n<\/li>\n<li>\n<p class=\"my-0\"><strong>8. Mango Ice\u00a0:<\/strong>\u00a0Tropische Mango trifft auf erfrischendes Menthol \u2013 ein harmonisches Geschmackserlebnis.<\/p>\n<\/li>\n<li>\n<p class=\"my-0\"><strong>9. Green Bean Ice\u00a0:<\/strong>\u00a0Ein einzigartiger Geschmack aus erdigen Mungbohnen mit einer k\u00fchlen Note \u2013 ideal f\u00fcr experimentierfreudige Vaper.<\/p>\n<\/li>\n<li>\n<p class=\"my-0\"><strong>10.Peach Ice\u00a0:<\/strong>\u00a0Saftiger Pfirsich vereint sich mit k\u00fchlem Menthol zu einem s\u00fc\u00dfen und erfrischenden Genuss.<\/p>\n<\/li>\n<li>\n<p class=\"my-0\"><strong>11. Strawberry :<\/strong>\u00a0Klassischer Erdbeergeschmack \u2013 s\u00fc\u00df, fruchtig und unwiderstehlich lecker.<\/p>\n<\/li>\n<li>\n<p class=\"my-0\"><strong>12.Double Apple :<\/strong>\u00a0Eine perfekte Balance aus s\u00fc\u00dfen roten \u00c4pfeln und s\u00e4uerlichen gr\u00fcnen \u00c4pfeln sorgt f\u00fcr ein harmonisches Dampferlebnis.<\/p>\n<\/li>\n<\/ul>\n<p class=\"my-0\">Jede Geschmacksrichtung wurde sorgf\u00e4ltig entwickelt, um ein authentisches Aroma zu bieten, das selbst anspruchsvolle Kunden zufriedenstellt.<\/p>\n<h2 class=\"mb-2 mt-6 text-lg font-[500] first:mt-3\"><strong>Warum bei <a href=\"https:\/\/widevape.com\/\">WideVape<\/a> kaufen?<\/strong><\/h2>\n<p class=\"my-0\">WideVape ist Europas f\u00fchrende Plattform f\u00fcr den Gro\u00dfhandel von Einweg-E-Zigaretten und bietet Produkte renommierter Marken wie RandM Tornado, FIZZY, Al Fakher, Waspe, Vapme, Bang Box, Elf Box, Vapsolo, FluuM, BIMO und vielen mehr an.<\/p>\n<h2 class=\"mb-xs mt-5 text-base font-[525] first:mt-3\">Vorteile des Einkaufs bei WideVape:<\/h2>\n<ul class=\"marker:text-textOff list-disc\">\n<li>\n<p class=\"my-0\">Attraktive Preise bei Gro\u00dfbestellungen<\/p>\n<\/li>\n<li>\n<p class=\"my-0\">Schnelle Lieferung in alle EU-L\u00e4nder<\/p>\n<\/li>\n<li>\n<p class=\"my-0\">Sichere Zahlungsmethoden wie PayPal, Kreditkarte sowie iDEAL (Niederlande), Bancontact (Belgien) und SEPA-Bank\u00fcberweisung<\/p>\n<\/li>\n<li>\n<p class=\"my-0\">Direkte Zusammenarbeit mit Originalherstellern garantiert Authentizit\u00e4t<\/p>\n<\/li>\n<\/ul>\n<h2 class=\"mb-2 mt-6 text-lg font-[500] first:mt-3\"><strong>Fazit: Die richtige Wahl f\u00fcr Ihr Gesch\u00e4ft<\/strong><\/h2>\n<p class=\"my-0\">Die Last Love 20000 Z\u00fcge ist nicht nur eine E-Zigarette \u2013 sie ist eine Investition in Qualit\u00e4t und Kundenzufriedenheit. Mit ihrer hohen Zuganzahl, dem niedrigen Nikotingehalt, dem digitalen Display und der breiten Auswahl an Geschmacksrichtungen erf\u00fcllt sie die Bed\u00fcrfnisse moderner Vaper perfekt.<\/p>\n<p class=\"my-0\">Bestellen Sie noch heute bei <a href=\"https:\/\/widevape.com\/\">WideVape.com<\/a> \u2013 Ihrem vertrauensw\u00fcrdigen Partner im Gro\u00dfhandel von Einweg-E-Zigaretten in Europa!<\/p>\n<p><img loading=\"lazy\" decoding=\"async\" class=\"alignnone wp-image-24724 size-full\" src=\"https:\/\/widevape.com\/wp-content\/uploads\/2025\/02\/Last_Love_200001.webp\" alt=\"Last Love 20000 Z\u00fcge Wiederaufladbare Einweg-E-Zigarette mit Digitalanzeige, 2 % Nikotin \u2013 Gro\u00dfhandel f\u00fcr stilvolle und langlebige Vape Pens\" width=\"1680\" height=\"1678\" srcset=\"https:\/\/widevape.com\/wp-content\/uploads\/2025\/02\/Last_Love_200001.webp 1680w, https:\/\/widevape.com\/wp-content\/uploads\/2025\/02\/Last_Love_200001-247x247.webp 247w, https:\/\/widevape.com\/wp-content\/uploads\/2025\/02\/Last_Love_200001-100x100.webp 100w, https:\/\/widevape.com\/wp-content\/uploads\/2025\/02\/Last_Love_200001-510x509.webp 510w, https:\/\/widevape.com\/wp-content\/uploads\/2025\/02\/Last_Love_200001-300x300.webp 300w, https:\/\/widevape.com\/wp-content\/uploads\/2025\/02\/Last_Love_200001-1024x1024.webp 1024w, https:\/\/widevape.com\/wp-content\/uploads\/2025\/02\/Last_Love_200001-150x150.webp 150w, https:\/\/widevape.com\/wp-content\/uploads\/2025\/02\/Last_Love_200001-768x767.webp 768w, https:\/\/widevape.com\/wp-content\/uploads\/2025\/02\/Last_Love_200001-1536x1534.webp 1536w\" sizes=\"auto, (max-width: 1680px) 100vw, 1680px\" \/><\/p>\n","protected":false},"excerpt":{"rendered":"<p>De\u00a0<strong>Laatste Liefde 20000 zetten<\/strong>\u00a0is een oplaadbare e-sigaret voor eenmalig gebruik met tot wel 20.000 trekjes, 2 % nicotine, een digitaal display en 12 heerlijke smaken - ideaal voor groothandels die op zoek zijn naar producten van hoge kwaliteit.<\/p>","protected":false},"featured_media":24729,"comment_status":"open","ping_status":"closed","template":"","meta":[],"product_brand":[],"product_cat":[106,92,37,94,90,166,96],"product_tag":[],"class_list":{"0":"post-24680","1":"product","2":"type-product","3":"status-publish","4":"has-post-thumbnail","6":"product_cat-20000-zuege-einweg-e-zigaretten","7":"product_cat-digitale-box-einweg-e-zigaretten","8":"product_cat-einweg-e-zigaretten","9":"product_cat-einweg-e-zigaretten-mit-niedriger-nikotinstaerke","10":"product_cat-grosse-einweg-e-zigaretten","11":"product_cat-lost-vape-einweg-e-zigaretten","12":"product_cat-wiederaufladbare-einweg-e-zigaretten","14":"first","15":"outofstock","16":"shipping-taxable","17":"purchasable","18":"product-type-variable"},"_links":{"self":[{"href":"https:\/\/widevape.com\/nl\/wp-json\/wp\/v2\/product\/24680","targetHints":{"allow":["GET"]}}],"collection":[{"href":"https:\/\/widevape.com\/nl\/wp-json\/wp\/v2\/product"}],"about":[{"href":"https:\/\/widevape.com\/nl\/wp-json\/wp\/v2\/types\/product"}],"replies":[{"embeddable":true,"href":"https:\/\/widevape.com\/nl\/wp-json\/wp\/v2\/comments?post=24680"}],"wp:featuredmedia":[{"embeddable":true,"href":"https:\/\/widevape.com\/nl\/wp-json\/wp\/v2\/media\/24729"}],"wp:attachment":[{"href":"https:\/\/widevape.com\/nl\/wp-json\/wp\/v2\/media?parent=24680"}],"wp:term":[{"taxonomy":"product_brand","embeddable":true,"href":"https:\/\/widevape.com\/nl\/wp-json\/wp\/v2\/product_brand?post=24680"},{"taxonomy":"product_cat","embeddable":true,"href":"https:\/\/widevape.com\/nl\/wp-json\/wp\/v2\/product_cat?post=24680"},{"taxonomy":"product_tag","embeddable":true,"href":"https:\/\/widevape.com\/nl\/wp-json\/wp\/v2\/product_tag?post=24680"}],"curies":[{"name":"wp","href":"https:\/\/api.w.org\/{rel}","templated":true}]}}