{"id":21814,"date":"2025-02-23T14:33:14","date_gmt":"2025-02-23T13:33:14","guid":{"rendered":"https:\/\/widevape.com\/?page_id=21814"},"modified":"2025-02-23T14:33:14","modified_gmt":"2025-02-23T13:33:14","slug":"czesto-zadawane-pytania","status":"publish","type":"page","link":"https:\/\/widevape.com\/pl\/faqs\/","title":{"rendered":"FAQs"},"content":{"rendered":"<h3 data-start=\"0\" data-end=\"67\">FAQ dla Wide Vape \u2013 Premium jednorazowe e-papierosy z Niemiec<\/h3>\n<p data-start=\"69\" data-end=\"399\"><strong data-start=\"69\" data-end=\"94\">1. Co to jest Wide Vape?<\/strong><br data-start=\"94\" data-end=\"97\" \/>Wide Vape jest wiod\u0105cym dostawc\u0105 premium jednorazowych e-papieros\u00f3w, sprzedawanych wy\u0142\u0105cznie w Europie. Oferujemy du\u017cy wyb\u00f3r wysokiej jako\u015bci marek, takich jak Bang Box, RandM, Waspe, Elf Box, Al Fakher, VOPK i Vozol, kt\u00f3re s\u0105 dost\u0119pne g\u0142\u00f3wnie na sprzeda\u017c hurtow\u0105 lub w zam\u00f3wieniach zbiorczych.<\/p>\n<p data-start=\"401\" data-end=\"523\"><strong data-start=\"401\" data-end=\"454\">Jakie marki sprzedajecie na swojej stronie internetowej?<\/strong><br data-start=\"454\" data-end=\"457\" \/>Na stronie Wide Vape znajdziesz r\u00f3\u017cnorodne popularne marki, w tym:<\/p>\n<ul data-start=\"524\" data-end=\"615\">\n<li data-start=\"524\" data-end=\"538\"><strong data-start=\"526\" data-end=\"538\">Bang Box<\/strong><\/li>\n<li data-start=\"539\" data-end=\"550\"><strong data-start=\"541\" data-end=\"550\">RandM<\/strong><\/li>\n<li data-start=\"551\" data-end=\"564\"><strong data-start=\"553\" data-end=\"564\">Elf Box \nnie wymaga t\u0142umaczenia, pozostaje: Elf Box<\/strong><\/li>\n<li data-start=\"565\" data-end=\"580\"><strong data-start=\"567\" data-end=\"580\">Al Fakher<\/strong><\/li>\n<li data-start=\"581\" data-end=\"591\"><strong data-start=\"583\" data-end=\"591\">VOPK<\/strong><\/li>\n<li data-start=\"592\" data-end=\"603\"><strong data-start=\"594\" data-end=\"603\">Oszo\u0142om<\/strong><\/li>\n<li data-start=\"604\" data-end=\"615\"><strong data-start=\"606\" data-end=\"615\">Vozol<\/strong><\/li>\n<\/ul>\n<p data-start=\"617\" data-end=\"749\">Te marki oferuj\u0105 wysokiej jako\u015bci jednorazowe e-papierosy o r\u00f3\u017cnych smakach, idealne dla rynku hurtowego.<\/p>\n<p data-start=\"751\" data-end=\"1089\"><strong data-start=\"751\" data-end=\"794\">3. Jak dzia\u0142a proces zamawiania?<\/strong><br data-start=\"794\" data-end=\"797\" \/>Mo\u017cesz z\u0142o\u017cy\u0107 zam\u00f3wienie na naszej stronie internetowej od 10 sztuk (1 pude\u0142ko). Zam\u00f3wienia s\u0105 wysy\u0142ane albo z naszego magazynu w Europie (czas dostawy 3-7 dni) albo z naszego magazynu w Chinach (czas dostawy 12-15 dni). Oferujemy szybk\u0105 i niezawodn\u0105 dostaw\u0119 bezpo\u015brednio do Ciebie.<\/p>\n<p data-start=\"1091\" data-end=\"1244\"><strong data-start=\"1091\" data-end=\"1138\">4. Jakie metody p\u0142atno\u015bci akceptujecie?<\/strong><br data-start=\"1138\" data-end=\"1141\" \/>Oferujemy r\u00f3\u017cnorodne metody p\u0142atno\u015bci, aby zakupy by\u0142y dla Ciebie jak naj\u0142atwiejsze:<\/p>\n<ul data-start=\"1245\" data-end=\"1523\">\n<li data-start=\"1245\" data-end=\"1287\"><strong data-start=\"1247\" data-end=\"1262\">Karta kredytowa<\/strong> (Visa, MasterCard itd.)<\/li>\n<li data-start=\"1288\" data-end=\"1337\"><strong data-start=\"1290\" data-end=\"1309\">Przelew bankowy<\/strong> (elektroniczny przelew)<\/li>\n<li data-start=\"1338\" data-end=\"1388\"><strong data-start=\"1340\" data-end=\"1359\">Kryptowaluty<\/strong> (Bitcoin, Ethereum i wi\u0119cej)<\/li>\n<li data-start=\"1389\" data-end=\"1430\"><strong data-start=\"1391\" data-end=\"1400\">iDEAL<\/strong> (popularny w Holandii)<\/li>\n<li data-start=\"1431\" data-end=\"1468\"><strong data-start=\"1433\" data-end=\"1447\">Bancontact<\/strong> (popularny w Belgii)<\/li>\n<li data-start=\"1469\" data-end=\"1523\"><strong data-start=\"1471\" data-end=\"1495\">Przelew bankowy SEPA<\/strong> (dla p\u0142atno\u015bci europejskich)<\/li>\n<\/ul>\n<p data-start=\"1525\" data-end=\"1844\"><strong data-start=\"1525\" data-end=\"1569\">5. Czy s\u0105 dost\u0119pne rabaty dla du\u017cych zam\u00f3wie\u0144?<\/strong><br data-start=\"1569\" data-end=\"1572\" \/>Tak, w Wide Vape oferujemy szczeg\u00f3lnie atrakcyjne ceny dla du\u017cych zam\u00f3wie\u0144. Im wi\u0119cej jednorazowych e-papieros\u00f3w zam\u00f3wisz, tym ni\u017csza cena za sztuk\u0119. Dla uzyskania szczeg\u00f3\u0142owych informacji na temat rabat\u00f3w i ofert specjalnych prosimy o kontakt mailowy.<\/p>\n<p data-start=\"1846\" data-end=\"1937\"><strong data-start=\"1846\" data-end=\"1884\">6. Jak d\u0142ugo trwa dostawa?<\/strong><br data-start=\"1884\" data-end=\"1887\" \/>Czas dostawy zale\u017cy od metody wysy\u0142ki:<\/p>\n<ul data-start=\"1938\" data-end=\"2002\">\n<li data-start=\"1938\" data-end=\"1972\"><strong data-start=\"1940\" data-end=\"1963\">Europejskie magazyny:<\/strong> 3-7 dni<\/li>\n<li data-start=\"1973\" data-end=\"2002\"><strong data-start=\"1975\" data-end=\"1991\">Magazyn China:<\/strong> 12-15 dni<\/li>\n<\/ul>\n<p data-start=\"2004\" data-end=\"2144\">Wszystkie zam\u00f3wienia s\u0105 szybko i bezpiecznie pakowane i wysy\u0142ane, aby zapewni\u0107, \u017ce produkty przyjd\u0105 w nienaruszonym stanie.<\/p>\n<p data-start=\"2146\" data-end=\"2416\"><strong data-start=\"2146\" data-end=\"2205\">7. Jak mog\u0119 si\u0119 z wami skontaktowa\u0107, je\u015bli mam pytania?<\/strong><br data-start=\"2205\" data-end=\"2208\" \/>Mo\u017cesz si\u0119 z nami skontaktowa\u0107 w dowolnym momencie za pomoc\u0105 poczty elektronicznej pod adresem <strong data-start=\"2250\" data-end=\"2271\"><a rel=\"noopener\" data-start=\"2252\" data-end=\"2269\">info@widevape.com<\/a><\/strong> Skontaktuj si\u0119 z nami. Nasz zesp\u00f3\u0142 obs\u0142ugi klienta ch\u0119tnie stoi do Twojej dyspozycji, aby odpowiedzie\u0107 na wszystkie pytania i wesprze\u0107 Ci\u0119 podczas zakupu.<\/p>\n<p data-start=\"2418\" data-end=\"2651\"><strong data-start=\"2418\" data-end=\"2453\">8. Sk\u0105d pochodz\u0105 Wasze produkty?<\/strong><br data-start=\"2453\" data-end=\"2456\" \/>Nasze produkty pochodz\u0105 albo z naszego magazynu w Europie, albo bezpo\u015brednio z Chin. Gwarantujemy jako\u015b\u0107 naszych produkt\u00f3w oraz zgodno\u015b\u0107 z wszystkimi europejskimi normami dotycz\u0105cymi e-papieros\u00f3w.<\/p>\n<p data-start=\"2653\" data-end=\"2942\"><strong data-start=\"2653\" data-end=\"2711\">9. Czy mog\u0119 r\u00f3wnie\u017c z\u0142o\u017cy\u0107 zam\u00f3wienie u Was jako osoba prywatna?<\/strong><br data-start=\"2711\" data-end=\"2714\" \/>Nasza strona internetowa jest przeznaczona g\u0142\u00f3wnie dla du\u017cych zam\u00f3wie\u0144 oraz hurtowni. Zam\u00f3wienia jednostkowe s\u0105 zazwyczaj mo\u017cliwe, ale zalecamy zamawianie wi\u0119kszych ilo\u015bci, aby skorzysta\u0107 z ni\u017cszych cen.<\/p>\n<p data-start=\"2944\" data-end=\"3282\"><strong data-start=\"2944\" data-end=\"2997\">10. Jak\u0105 gwarancj\u0119 oferujecie na swoje produkty?<\/strong><br data-start=\"2997\" data-end=\"3000\" \/>Oferujemy gwarancj\u0119 jako\u015bci dla wszystkich produkt\u00f3w sprzedawanych za po\u015brednictwem naszej strony internetowej. Je\u015bli wyst\u0105pi problem z otrzymanymi produktami, prosimy o kontakt z naszym dzia\u0142em obs\u0142ugi klienta w celu znalezienia rozwi\u0105zania. Szczeg\u00f3\u0142owe informacje o gwarancji znajduj\u0105 si\u0119 w naszych warunkach og\u00f3lnych.<\/p>","protected":false},"excerpt":{"rendered":"<p>FAQ f\u00fcr Wide Vape \u2013 Premium Einweg E-Zigaretten aus Deutschland 1. Was ist Wide Vape?Wide Vape ist ein f\u00fchrender Anbieter von Premium Einweg E-Zigaretten, die exklusiv in Europa verkauft werden. Wir bieten eine gro\u00dfe Auswahl an hochwertigen Marken wie Bang Box, RandM, Waspe, Elf Box, Al Fakher, VOPK und Vozol, die haupts\u00e4chlich im Gro\u00dfhandel oder[Erfahren Sie mehr&#8230;]\n","protected":false},"author":1,"featured_media":0,"parent":0,"menu_order":0,"comment_status":"closed","ping_status":"closed","template":"","meta":{"footnotes":""},"class_list":["post-21814","page","type-page","status-publish","hentry"],"_links":{"self":[{"href":"https:\/\/widevape.com\/pl\/wp-json\/wp\/v2\/pages\/21814","targetHints":{"allow":["GET"]}}],"collection":[{"href":"https:\/\/widevape.com\/pl\/wp-json\/wp\/v2\/pages"}],"about":[{"href":"https:\/\/widevape.com\/pl\/wp-json\/wp\/v2\/types\/page"}],"author":[{"embeddable":true,"href":"https:\/\/widevape.com\/pl\/wp-json\/wp\/v2\/users\/1"}],"replies":[{"embeddable":true,"href":"https:\/\/widevape.com\/pl\/wp-json\/wp\/v2\/comments?post=21814"}],"version-history":[{"count":0,"href":"https:\/\/widevape.com\/pl\/wp-json\/wp\/v2\/pages\/21814\/revisions"}],"wp:attachment":[{"href":"https:\/\/widevape.com\/pl\/wp-json\/wp\/v2\/media?parent=21814"}],"curies":[{"name":"wp","href":"https:\/\/api.w.org\/{rel}","templated":true}]}}