{"id":23598,"date":"2025-02-26T08:54:38","date_gmt":"2025-02-26T07:54:38","guid":{"rendered":"https:\/\/widevape.com\/?page_id=23598"},"modified":"2025-02-26T08:54:38","modified_gmt":"2025-02-26T07:54:38","slug":"metody-platnosci","status":"publish","type":"page","link":"https:\/\/widevape.com\/pl\/zahlungsmethoden\/","title":{"rendered":"Metody p\u0142atno\u015bci"},"content":{"rendered":"<h3 data-start=\"0\" data-end=\"64\">Metody p\u0142atno\u015bci w Wide Vape - bezpieczne i wygodne zakupy<\/h3>\n<p data-start=\"66\" data-end=\"463\">Wide Vape oferuje \u0142atwy i bezpieczny spos\u00f3b p\u0142atno\u015bci za zam\u00f3wienia, dzi\u0119ki czemu mo\u017cesz skupi\u0107 si\u0119 na najwa\u017cniejszej rzeczy: wyborze najlepszych premium jednorazowych e-papieros\u00f3w z Niemiec. Akceptujemy r\u00f3\u017cne metody p\u0142atno\u015bci, kt\u00f3re umo\u017cliwiaj\u0105 wygodn\u0105 i elastyczn\u0105 p\u0142atno\u015b\u0107, niezale\u017cnie od tego, czy mieszkasz w Europie, czy zamawiasz za granic\u0105.<\/p>\n<h4 data-start=\"465\" data-end=\"526\">1. <strong data-start=\"473\" data-end=\"526\">Karty kredytowe (Visa, MasterCard, American Express)<\/strong><\/h4>\n<p data-start=\"527\" data-end=\"862\">Dla szybkiej i bezproblemowej p\u0142atno\u015bci akceptujemy popularne karty kredytowe, takie jak Visa, MasterCard i American Express. Ta metoda p\u0142atno\u015bci jest dost\u0119pna na ca\u0142ym \u015bwiecie i gwarantuje bezpieczne oraz natychmiastowe rozliczenie. Twoje dane s\u0105 u nas chronione przez najnowsze protoko\u0142y bezpiecze\u0144stwa, dzi\u0119ki czemu mo\u017cesz bezpiecznie robi\u0107 zakupy.<\/p>\n<h4 data-start=\"864\" data-end=\"921\">2. <strong data-start=\"872\" data-end=\"921\">Przelew bankowy (przelew \/ bank transfer)<\/strong><\/h4>\n<p data-start=\"922\" data-end=\"1278\">Dla wi\u0119kszych zam\u00f3wie\u0144 oferujemy mo\u017cliwo\u015b\u0107 p\u0142atno\u015bci przelewem bankowym. Ta metoda jest szczeg\u00f3lnie odpowiednia dla zam\u00f3wie\u0144 hurtowych lub du\u017cych, poniewa\u017c zapewnia wysok\u0105 bezpiecze\u0144stwo transakcji i elastyczno\u015b\u0107. Nale\u017cy pami\u0119ta\u0107, \u017ce p\u0142atno\u015bci przelewem bankowym mog\u0105 zazwyczaj potrwa\u0107 kilka dni roboczych, w zale\u017cno\u015bci od banku.<\/p>\n<h4 data-start=\"1280\" data-end=\"1307\">3. <strong data-start=\"1288\" data-end=\"1307\">Kryptowaluty<\/strong><\/h4>\n<p data-start=\"1308\" data-end=\"1638\">Dla klient\u00f3w, kt\u00f3rzy preferuj\u0105 anonimowo\u015b\u0107 i bezpiecze\u0144stwo kryptowalut, oferujemy mo\u017cliwo\u015b\u0107 p\u0142acenia za pomoc\u0105 wiod\u0105cych kryptowalut, takich jak Bitcoin i Ethereum. Ta metoda p\u0142atno\u015bci zapewnia nie tylko prywatno\u015b\u0107, ale tak\u017ce szybkie transakcje, bez konieczno\u015bci posiadania tradycyjnego konta bankowego.<\/p>\n<h4 data-start=\"1640\" data-end=\"1691\">4. <strong data-start=\"1648\" data-end=\"1691\">iDEAL (dla klient\u00f3w z Holandii)<\/strong><\/h4>\n<p data-start=\"1692\" data-end=\"1973\">Je\u015bli mieszkasz w Holandii, mo\u017cesz wygodnie p\u0142aci\u0107 za pomoc\u0105 iDEAL - jednej z najpopularniejszych metod p\u0142atno\u015bci w tym kraju. iDEAL pozwala na p\u0142acenie bezpo\u015brednio z konta bankowego, a transakcja jest natychmiast realizowana. Prosto, szybko i bezpiecznie!<\/p>\n<h4 data-start=\"1975\" data-end=\"2022\">5. <strong data-start=\"1983\" data-end=\"2022\">Bancontact (dla klient\u00f3w z Belgii)<\/strong><\/h4>\n<p data-start=\"2023\" data-end=\"2301\">Dla naszych belgijskich klient\u00f3w oferujemy p\u0142atno\u015bci za po\u015brednictwem Bancontact. Ta metoda p\u0142atno\u015bci jest bardzo popularna w Belgii i umo\u017cliwia szybk\u0105 i bezpieczn\u0105 p\u0142atno\u015b\u0107 bezpo\u015brednio z konta bankowego. Za pomoc\u0105 Bancontact mo\u017cesz \u0142atwo i bez problem\u00f3w p\u0142aci\u0107 za swoje zakupy.<\/p>\n<h4 data-start=\"2303\" data-end=\"2356\">6. <strong data-start=\"2311\" data-end=\"2356\">Przelew SEPA (dla klient\u00f3w europejskich)<\/strong><\/h4>\n<p data-start=\"2357\" data-end=\"2694\">Dla klient\u00f3w w Unii Europejskiej oferujemy przelew SEPA jako dodatkow\u0105 opcj\u0119 p\u0142atno\u015bci. Ta metoda umo\u017cliwia szybki i niedrogi przelew bankowy w europejskiej przestrzeni p\u0142atniczej. Zazwyczaj transakcja jest realizowana w ci\u0105gu 1-2 dni roboczych, dzi\u0119ki czemu mo\u017cesz szybko otrzyma\u0107 swoje zam\u00f3wienie.<\/p>\n<hr data-start=\"2696\" data-end=\"2699\" \/>\n<h3 data-start=\"2701\" data-end=\"2733\">Twoje korzy\u015bci przy Wide Vape:<\/h3>\n<ul data-start=\"2734\" data-end=\"3133\">\n<li data-start=\"2734\" data-end=\"2833\"><strong data-start=\"2736\" data-end=\"2751\">Bezpiecze\u0144stwo:<\/strong> Wszystkie p\u0142atno\u015bci s\u0105 realizowane za po\u015brednictwem bezpiecznych kana\u0142\u00f3w, aby chroni\u0107 Twoje dane.<\/li>\n<li data-start=\"2834\" data-end=\"2914\"><strong data-start=\"2836\" data-end=\"2849\">R\u00f3\u017cnorodno\u015b\u0107:<\/strong> Szeroki wyb\u00f3r metod p\u0142atno\u015bci dla Twojego \u0443\u0434\u043e\u0431\u0441\u0442\u0432\u0430.<\/li>\n<li data-start=\"2915\" data-end=\"3012\"><strong data-start=\"2917\" data-end=\"2935\">Pr\u0119dko\u015b\u0107:<\/strong> Szybka obs\u0142uga p\u0142atno\u015bci, szczeg\u00f3lnie w przypadku kart kredytowych i kryptowalut.<\/li>\n<li data-start=\"3013\" data-end=\"3133\"><strong data-start=\"3015\" data-end=\"3032\">Elastyczno\u015b\u0107:<\/strong> Idealne dla zakup\u00f3w hurtowych - wybierz metod\u0119, kt\u00f3ra najlepiej Ci odpowiada.<\/li>\n<\/ul>\n<p data-start=\"3135\" data-end=\"3474\">Dzi\u0119ki naszemu szerokiemu wyborowi metod p\u0142atno\u015bci, zam\u00f3wienie premium jednorazowych e-papieros\u00f3w jest \u0142atwiejsze ni\u017c kiedykolwiek, a tak\u017ce skorzystanie z najlepszych cen w Europie. Niezale\u017cnie od tego, czy pochodzisz z Niemiec, Holandii, Belgii czy innego kraju europejskiego - oferujemy odpowiednie rozwi\u0105zanie dla \u0142atwej i bezpiecznej p\u0142atno\u015bci.<\/p>\n<hr data-start=\"3476\" data-end=\"3479\" \/>\n<p data-start=\"3481\" data-end=\"3759\">Je\u015bli masz jeszcze pytania dotycz\u0105ce naszych metod p\u0142atno\u015bci lub potrzebujesz pomocy z zam\u00f3wieniem, jeste\u015bmy do Twojej dyspozycji w ka\u017cdej chwili. Po prostu skontaktuj si\u0119 z nami pod adresem <a rel=\"noopener\" data-start=\"3665\" data-end=\"3710\">info@widevape.com<\/a>, i nasz zesp\u00f3\u0142 szybko dalej pomo\u017ce.<\/p>\n<h4 data-start=\"3761\" data-end=\"3818\">Cz\u0119sto zadawane pytania dotycz\u0105ce naszych metod p\u0142atno\u015bci:<\/h4>\n<ol data-start=\"3819\" data-end=\"4227\">\n<li data-start=\"3819\" data-end=\"3970\">\n<p data-start=\"3822\" data-end=\"3970\"><strong data-start=\"3822\" data-end=\"3864\">Jak d\u0142ugo trwa przelew bankowy?<\/strong> Przelewy bankowe zazwyczaj trwaj\u0105 1-3 dni robocze. Przelewy mi\u0119dzynarodowe mog\u0105 trwa\u0107 d\u0142u\u017cej.<\/p>\n<\/li>\n<li data-start=\"3972\" data-end=\"4094\">\n<p data-start=\"3975\" data-end=\"4094\"><strong data-start=\"3975\" data-end=\"4020\">Jakie kryptowaluty s\u0105 akceptowane?<\/strong> Akceptujemy Bitcoin, Ethereum i inne popularne kryptowaluty.<\/p>\n<\/li>\n<li data-start=\"4096\" data-end=\"4227\">\n<p data-start=\"4099\" data-end=\"4227\"><strong data-start=\"4099\" data-end=\"4149\">Czy mog\u0119 \u0142\u0105czy\u0107 kilka metod p\u0142atno\u015bci?<\/strong> Niestety, mo\u017cesz u\u017cy\u0107 tylko jednej metody p\u0142atno\u015bci przy zam\u00f3wieniu.<\/p>\n<\/li>\n<\/ol>","protected":false},"excerpt":{"rendered":"<p>Zahlungsmethoden bei Wide Vape \u2013 Sicher und bequem einkaufen Wide Vape bietet Ihnen eine einfache und sichere M\u00f6glichkeit, Ihre Bestellungen zu bezahlen, damit Sie sich auf das Wesentliche konzentrieren k\u00f6nnen: die Auswahl der besten Premium Einweg E-Zigaretten aus Deutschland. Wir akzeptieren verschiedene Zahlungsmethoden, die Ihnen eine bequeme und flexible Bezahlung erm\u00f6glichen, ganz gleich, ob Sie[Erfahren Sie mehr&#8230;]\n","protected":false},"author":1,"featured_media":0,"parent":0,"menu_order":0,"comment_status":"closed","ping_status":"closed","template":"","meta":{"footnotes":""},"class_list":["post-23598","page","type-page","status-publish","hentry"],"_links":{"self":[{"href":"https:\/\/widevape.com\/pl\/wp-json\/wp\/v2\/pages\/23598","targetHints":{"allow":["GET"]}}],"collection":[{"href":"https:\/\/widevape.com\/pl\/wp-json\/wp\/v2\/pages"}],"about":[{"href":"https:\/\/widevape.com\/pl\/wp-json\/wp\/v2\/types\/page"}],"author":[{"embeddable":true,"href":"https:\/\/widevape.com\/pl\/wp-json\/wp\/v2\/users\/1"}],"replies":[{"embeddable":true,"href":"https:\/\/widevape.com\/pl\/wp-json\/wp\/v2\/comments?post=23598"}],"version-history":[{"count":0,"href":"https:\/\/widevape.com\/pl\/wp-json\/wp\/v2\/pages\/23598\/revisions"}],"wp:attachment":[{"href":"https:\/\/widevape.com\/pl\/wp-json\/wp\/v2\/media?parent=23598"}],"curies":[{"name":"wp","href":"https:\/\/api.w.org\/{rel}","templated":true}]}}