{"id":23719,"date":"2025-02-26T10:11:05","date_gmt":"2025-02-26T09:11:05","guid":{"rendered":"https:\/\/widevape.com\/?page_id=23719"},"modified":"2025-02-26T10:11:05","modified_gmt":"2025-02-26T09:11:05","slug":"zasady-wysylki","status":"publish","type":"page","link":"https:\/\/widevape.com\/pl\/versandrichtlinien\/","title":{"rendered":"Polityka wysy\u0142ki"},"content":{"rendered":"<p>Witamy w Wide Vape, Twoim partnerze w dziedzinie premium jednorazowych e-papieros\u00f3w z Niemiec. Oferujemy szeroki wyb\u00f3r wysokiej jako\u015bci marek, takich jak Bang Box, RandM, Waspe, Al Fakher i wiele innych. Nasze zasady wysy\u0142ki maj\u0105 na celu zapewnienie, \u017ce nasze produkty szybko i niezawodnie dotr\u0105 do Ciebie.<\/p>\n<h3>1. Informacje o wysy\u0142ce<\/h3>\n<p>Miejsca wysy\u0142ki: Wysy\u0142amy nasze produkty do wszystkich kraj\u00f3w UE.<br \/>\nCzas wysy\u0142ki:<br \/>\nZ Europy: 3-7 dni roboczych<br \/>\nZ Chin: 12-15 dni roboczych<\/p>\n<h3>2. Wymagania zam\u00f3wienia<\/h3>\n<p>Minimalna ilo\u015b\u0107 zam\u00f3wienia: 10 sztuk (1 pude\u0142ko)<br \/>\nGrupa docelowa: **Nasze skupienie si\u0119ga du\u017cych zam\u00f3wie\u0144 oraz zakupu hurtowego \/ luzem.<\/p>\n<p>3. Metody p\u0142atno\u015bci<\/p>\n<p>Akceptujemy r\u00f3\u017cne metody p\u0142atno\u015bci, aby zakupy by\u0142y dla Ciebie jak naj\u0142atwiejsze. Prosimy o kontakt z nami w celu uzyskania szczeg\u00f3\u0142owych informacji na temat dost\u0119pnych opcji p\u0142atno\u015bci.<\/p>\n<h3>4. Ograniczenie wiekowe<\/h3>\n<p>Zakup e-papieros\u00f3w jest dozwolony tylko dla os\u00f3b, kt\u00f3re maj\u0105 co najmniej 18 lat. Przeprowadzamy rygorystyczn\u0105 procedur\u0119 weryfikacji wieku, aby zapewni\u0107 ochron\u0119 m\u0142odzie\u017cy.<\/p>\n<h3>5. Oznakowanie produktu i bezpiecze\u0144stwo<\/h3>\n<p>Wszystkie nasze produkty spe\u0142niaj\u0105 wymagania prawne i posiadaj\u0105 niezb\u0119dne ostrze\u017cenia. Gwarantujemy, \u017ce nasze jednorazowe e-papierosy s\u0105 bezpieczne i wysokiej jako\u015bci.<\/p>\n<h3>6. Kontakt i wsparcie<\/h3>\n<p>Aby uzyska\u0107 wi\u0119cej informacji lub w przypadku pyta\u0144 dotycz\u0105cych naszych zasad wysy\u0142ki, prosimy o kontakt:<br \/>\nE-Mail: info@widevape.com<\/p>\n<p>Cieszymy si\u0119, \u017ce mo\u017cemy zaoferowa\u0107 Pa\u0144stwu najlepsz\u0105 obs\u0142ug\u0119.<\/p>","protected":false},"excerpt":{"rendered":"<p>Willkommen bei Wide Vape, Ihrem Partner f\u00fcr Premium Einweg E-Zigaretten aus Deutschland. Wir bieten eine breite Palette an hochwertigen Marken wie Bang Box, RandM, Waspe, Al Fakher und vielen mehr. Unsere Versandrichtlinien sind darauf ausgerichtet, sicherzustellen, dass unsere Produkte schnell und zuverl\u00e4ssig bei Ihnen ankommen. 1. Versandinformationen Versandorte: Wir versenden unsere Produkte in alle EU-L\u00e4nder.[Erfahren Sie mehr&#8230;]\n","protected":false},"author":1,"featured_media":0,"parent":0,"menu_order":0,"comment_status":"closed","ping_status":"closed","template":"","meta":{"footnotes":""},"class_list":["post-23719","page","type-page","status-publish","hentry"],"_links":{"self":[{"href":"https:\/\/widevape.com\/pl\/wp-json\/wp\/v2\/pages\/23719","targetHints":{"allow":["GET"]}}],"collection":[{"href":"https:\/\/widevape.com\/pl\/wp-json\/wp\/v2\/pages"}],"about":[{"href":"https:\/\/widevape.com\/pl\/wp-json\/wp\/v2\/types\/page"}],"author":[{"embeddable":true,"href":"https:\/\/widevape.com\/pl\/wp-json\/wp\/v2\/users\/1"}],"replies":[{"embeddable":true,"href":"https:\/\/widevape.com\/pl\/wp-json\/wp\/v2\/comments?post=23719"}],"version-history":[{"count":0,"href":"https:\/\/widevape.com\/pl\/wp-json\/wp\/v2\/pages\/23719\/revisions"}],"wp:attachment":[{"href":"https:\/\/widevape.com\/pl\/wp-json\/wp\/v2\/media?parent=23719"}],"curies":[{"name":"wp","href":"https:\/\/api.w.org\/{rel}","templated":true}]}}