{"id":23793,"date":"2025-02-26T10:45:12","date_gmt":"2025-02-26T09:45:12","guid":{"rendered":"https:\/\/widevape.com\/?page_id=23793"},"modified":"2025-02-26T10:45:12","modified_gmt":"2025-02-26T09:45:12","slug":"jak-zlozyc-zamowienie","status":"publish","type":"page","link":"https:\/\/widevape.com\/pl\/wie-man-bestellt\/","title":{"rendered":"Jak zam\u00f3wi\u0107"},"content":{"rendered":"<p data-start=\"39\" data-end=\"418\">Witamy w <strong data-start=\"54\" data-end=\"70\">WideVape.com<\/strong> \u2013 Tw\u00f3j preferowany sklep internetowy dla premium jednorazowych e-papieros\u00f3w z Europy! Niezale\u017cnie od tego, czy kupujesz dla osobistego u\u017cytku, czy w ramach transakcji hurtowej, sprawili\u015bmy, \u017ce proces zamawiania jest prosty i nieskomplikowany. Post\u0119puj zgodnie z tymi prostymi krokami, aby szybko i wygodnie zam\u00f3wi\u0107 swoje ulubione jednorazowe e-papierosy:<\/p>\n<h3 data-start=\"420\" data-end=\"464\">Krok 1: Odkryj nasze produkty<\/h3>\n<ul data-start=\"465\" data-end=\"854\">\n<li data-start=\"465\" data-end=\"587\"><strong data-start=\"467\" data-end=\"497\">Odwied\u017a stron\u0119 g\u0142\u00f3wn\u0105:<\/strong> Id\u017a dalej <strong data-start=\"512\" data-end=\"552\"><a href=\"https:\/\/widevape.com\/pl\/\" target=\"_new\" rel=\"noopener\" data-start=\"514\" data-end=\"550\">widevape.com<\/a><\/strong>, aby rozpocz\u0105\u0107 zakupy.<\/li>\n<li data-start=\"588\" data-end=\"854\"><strong data-start=\"590\" data-end=\"611\">Przegl\u0105d produktu:<\/strong> Kliknij menu \u201e<strong data-start=\"638\" data-end=\"646\">Sklep<\/strong>\u201cu g\u00f3ry strony, aby przejrze\u0107 nasz\u0105 szerok\u0105 ofert\u0119 jednorazowych e-papieros\u00f3w. Oferujemy najlepsze marki, takie jak <strong data-start=\"765\" data-end=\"777\">Bang Box<\/strong>, <strong data-start=\"779\" data-end=\"788\">RandM<\/strong>, <strong data-start=\"790\" data-end=\"801\">Elf Box \nnie wymaga t\u0142umaczenia, pozostaje: Elf Box<\/strong>, <strong data-start=\"803\" data-end=\"816\">AL Fakher<\/strong>, <strong data-start=\"818\" data-end=\"827\">Oszo\u0142om<\/strong>, <strong data-start=\"829\" data-end=\"838\">Vozol<\/strong> i wiele wi\u0119cej.<\/li>\n<\/ul>\n<h3 data-start=\"856\" data-end=\"893\">Krok 2: Wybierz sw\u00f3j produkt<\/h3>\n<ul data-start=\"894\" data-end=\"1264\">\n<li data-start=\"894\" data-end=\"1104\"><strong data-start=\"896\" data-end=\"927\">Wyb\u00f3r marki lub kategorii:<\/strong> Filtruj wed\u0142ug marki lub kategorii produktu, aby znale\u017a\u0107 dok\u0142adnie to, czego potrzebujesz. Ka\u017cdy produkt zawiera szczeg\u00f3\u0142owe informacje o smaku, w\u0142a\u015bciwo\u015bciach i cenie.<\/li>\n<li data-start=\"1105\" data-end=\"1264\"><strong data-start=\"1107\" data-end=\"1134\">Wy\u015bwietl szczeg\u00f3\u0142y produktu:<\/strong> Kliknij produkt, aby wy\u015bwietli\u0107 szczeg\u00f3\u0142owy opis, dost\u0119pne smaki i oceny klient\u00f3w.<\/li>\n<\/ul>\n<h3 data-start=\"1266\" data-end=\"1319\">Krok 3: Dodaj produkty do koszyka<\/h3>\n<ul data-start=\"1320\" data-end=\"1602\">\n<li data-start=\"1320\" data-end=\"1460\"><strong data-start=\"1322\" data-end=\"1339\">Wybierz ilo\u015b\u0107:<\/strong> Decyduj\u0105c, ile jednostek chcesz zam\u00f3wi\u0107. Nasza minimalna ilo\u015b\u0107 zam\u00f3wienia zaczyna si\u0119 od <strong data-start=\"1439\" data-end=\"1451\">10 sztuk<\/strong> (1 pude\u0142ko).<\/li>\n<li data-start=\"1461\" data-end=\"1602\"><strong data-start=\"1463\" data-end=\"1490\">Do koszyka:<\/strong> Kliknij przycisk \u201e<strong data-start=\"1525\" data-end=\"1545\">Do koszyka<\/strong>\u201c, aby umie\u015bci\u0107 wybrany produkt w koszyku.<\/li>\n<\/ul>\n<h3 data-start=\"1604\" data-end=\"1649\">Krok 4: Sprawd\u017a sw\u00f3j koszyk<\/h3>\n<ul data-start=\"1650\" data-end=\"1967\">\n<li data-start=\"1650\" data-end=\"1782\"><strong data-start=\"1652\" data-end=\"1674\">Koszyk zakupowy:<\/strong> Kliknij ikon\u0119 koszyka u g\u00f3ry po prawej stronie strony, aby wy\u015bwietli\u0107 artyku\u0142y w swoim koszyku.<\/li>\n<li data-start=\"1783\" data-end=\"1870\"><strong data-start=\"1785\" data-end=\"1808\">Sprawdzenie produktu:<\/strong> Upewnij si\u0119, \u017ce artyku\u0142y i ilo\u015bci s\u0105 prawid\u0142owe.<\/li>\n<li data-start=\"1871\" data-end=\"1967\"><strong data-start=\"1873\" data-end=\"1894\">Dalej do kasy:<\/strong> Kliknij przycisk \u201e<strong data-start=\"1912\" data-end=\"1925\">Do kasy<\/strong>\u201c, aby kontynuowa\u0107 proces zamawiania.<\/li>\n<\/ul>\n<h3 data-start=\"1969\" data-end=\"2010\">Krok 5: Zako\u0144czy\u0107 zam\u00f3wienie<\/h3>\n<ul data-start=\"2011\" data-end=\"2535\">\n<li data-start=\"2011\" data-end=\"2129\"><strong data-start=\"2013\" data-end=\"2049\">Wprowad\u017a informacje o fakturze:<\/strong> Podaj sw\u00f3j adres rozliczeniowy, imi\u0119 i informacje kontaktowe.<\/li>\n<li data-start=\"2130\" data-end=\"2265\"><strong data-start=\"2132\" data-end=\"2158\">Podaj adres dostawy:<\/strong> Je\u015bli adres dostawy r\u00f3\u017cni si\u0119 od adresu rozliczeniowego, prosimy o podanie odpowiednich szczeg\u00f3\u0142\u00f3w dostawy.<\/li>\n<li data-start=\"2266\" data-end=\"2535\"><strong data-start=\"2268\" data-end=\"2295\">Wybierz metod\u0119 p\u0142atno\u015bci:<\/strong> Wybierz sw\u00f3j preferowany spos\u00f3b p\u0142atno\u015bci. Akceptujemy <strong data-start=\"2356\" data-end=\"2372\">Karty kredytowe<\/strong>, <strong data-start=\"2374\" data-end=\"2400\">Przelew bankowy (SEPA)<\/strong>, <strong data-start=\"2402\" data-end=\"2421\">Kryptowaluty<\/strong>, oraz najpopularniejsze metody p\u0142atno\u015bci online <strong data-start=\"2470\" data-end=\"2479\">iDEAL<\/strong> (dla Holandii) i <strong data-start=\"2506\" data-end=\"2520\">Bancontact<\/strong> (dla Belgii).<\/li>\n<\/ul>\n<h3 data-start=\"2537\" data-end=\"2570\">Krok 6: Potwierdzenie zam\u00f3wienia<\/h3>\n<ul data-start=\"2571\" data-end=\"2815\">\n<li data-start=\"2571\" data-end=\"2682\"><strong data-start=\"2573\" data-end=\"2594\">Przegl\u0105d zam\u00f3wienia:<\/strong> Sprawd\u017a wszystkie szczeg\u00f3\u0142y, w tym produkty, ilo\u015bci i kwot\u0119 ca\u0142kowit\u0105.<\/li>\n<li data-start=\"2683\" data-end=\"2815\"><strong data-start=\"2685\" data-end=\"2712\">Zam\u00f3wienie \u0437\u0430\u0432\u0435\u0440zy\u0107:<\/strong> Kliknij przycisk \u201e<strong data-start=\"2730\" data-end=\"2755\">Wy\u015blij zam\u00f3wienie<\/strong>\u201c, aby zako\u0144czy\u0107 zam\u00f3wienie i sfinalizowa\u0107 zakup.<\/li>\n<\/ul>\n<h3 data-start=\"2817\" data-end=\"2859\">Krok 7: Otrzyma\u0107 potwierdzenie zam\u00f3wienia<\/h3>\n<ul data-start=\"2860\" data-end=\"3168\">\n<li data-start=\"2860\" data-end=\"3000\"><strong data-start=\"2862\" data-end=\"2894\">Potwierdzenie na stronie internetowej:<\/strong> Bezpo\u015brednio po z\u0142o\u017ceniu zam\u00f3wienia otrzymasz potwierdzenie na stronie, kt\u00f3re wy\u015bwietla numer zam\u00f3wienia.<\/li>\n<li data-start=\"3001\" data-end=\"3168\"><strong data-start=\"3003\" data-end=\"3026\">Potwierdzenie e-mail:<\/strong> Otrzymasz e-mail z wszystkimi informacjami dotycz\u0105cymi zam\u00f3wienia, w tym numerem zam\u00f3wienia i szczeg\u00f3\u0142owym przegl\u0105dem Twojego zam\u00f3wienia.<\/li>\n<\/ul>\n<hr data-start=\"3170\" data-end=\"3173\" \/>\n<p data-start=\"3175\" data-end=\"3200\"><strong data-start=\"3175\" data-end=\"3200\">Informacje o wysy\u0142ce:<\/strong><\/p>\n<ul data-start=\"3201\" data-end=\"3495\">\n<li data-start=\"3201\" data-end=\"3340\"><strong data-start=\"3203\" data-end=\"3226\">Wysy\u0142ka z Europy:<\/strong> Zam\u00f3wienia, kt\u00f3re s\u0105 wysy\u0142ane z naszego europejskiego magazynu, wymagaj\u0105 oko\u0142o <strong data-start=\"3309\" data-end=\"3321\">3-7 dni<\/strong> do momentu dostarczenia.<\/li>\n<li data-start=\"3341\" data-end=\"3458\"><strong data-start=\"3343\" data-end=\"3365\">Wysy\u0142ka z Chin:<\/strong> Zam\u00f3wienia z naszego chi\u0144skiego magazynu s\u0105 realizowane w ci\u0105gu <strong data-start=\"3431\" data-end=\"3446\">12-15 dni<\/strong> Dostarczono.<\/li>\n<li data-start=\"3459\" data-end=\"3495\">Dostarczamy do <strong data-start=\"3476\" data-end=\"3494\">wszystkie kraje UE<\/strong>.<\/li>\n<\/ul>\n<hr data-start=\"3497\" data-end=\"3500\" \/>\n<p data-start=\"3502\" data-end=\"3636\"><strong data-start=\"3502\" data-end=\"3514\">Kontakt:<\/strong> Je\u015bli masz pytania lub problemy z zam\u00f3wieniem, prosimy o kontakt z naszym przyjaznym zespo\u0142em obs\u0142ugi klienta:<\/p>\n<p data-start=\"3638\" data-end=\"3695\"><strong data-start=\"3638\" data-end=\"3649\">E-Mail:<\/strong> <a rel=\"noopener\" data-start=\"3650\" data-end=\"3695\">info@widevape.com<\/a><\/p>\n<hr data-start=\"3697\" data-end=\"3700\" \/>\n<p data-start=\"3702\" data-end=\"3728\"><strong data-start=\"3702\" data-end=\"3728\">Dlaczego wybra\u0107 WideVape?<\/strong><\/p>\n<ul data-start=\"3729\" data-end=\"4077\">\n<li data-start=\"3729\" data-end=\"3885\"><strong data-start=\"3731\" data-end=\"3748\">Najlepsze marki:<\/strong> Oferujemy Pa\u0144stwu tylko najlepsze marki, takie jak <strong data-start=\"3792\" data-end=\"3804\">Bang Box<\/strong>, <strong data-start=\"3806\" data-end=\"3815\">RandM<\/strong>, <strong data-start=\"3817\" data-end=\"3826\">Oszo\u0142om<\/strong>, <strong data-start=\"3828\" data-end=\"3837\">Vozol<\/strong> i wiele wi\u0119cej za gwarantowane niskie ceny.<\/li>\n<li data-start=\"3886\" data-end=\"3998\"><strong data-start=\"3888\" data-end=\"3912\">Oferty hurtowe:<\/strong> Zam\u00f3w w du\u017cych ilo\u015bciach i skorzystaj z naszych atrakcyjnych cen hurtowych.<\/li>\n<li data-start=\"3999\" data-end=\"4077\"><strong data-start=\"4001\" data-end=\"4022\">Bezpieczna wysy\u0142ka:<\/strong> Twoje zam\u00f3wienia s\u0105 bezpiecznie i szybko dostarczane.<\/li>\n<\/ul>\n<p data-start=\"4079\" data-end=\"4145\" data-is-last-node=\"\" data-is-only-node=\"\">Dzi\u0119kuj\u0119 bardzo, \u017ce skorzystali Pa\u0144stwo z <strong data-start=\"4110\" data-end=\"4126\">WideVape.com<\/strong> zdecydowali!<\/p>","protected":false},"excerpt":{"rendered":"<p>Willkommen bei WideVape.com \u2013 Ihrem bevorzugten Online-Shop f\u00fcr Premium Einweg E-Zigaretten aus Europa! Egal, ob Sie f\u00fcr den pers\u00f6nlichen Gebrauch oder im Rahmen eines Gro\u00dfhandelsgesch\u00e4fts einkaufen, wir haben den Bestellprozess einfach und unkompliziert gestaltet. Folgen Sie diesen einfachen Schritten, um Ihre Lieblings-Einweg-E-Zigaretten schnell und bequem zu bestellen: Schritt 1: Entdecken Sie unsere Produkte Besuchen Sie[Erfahren Sie mehr&#8230;]\n","protected":false},"author":1,"featured_media":0,"parent":0,"menu_order":0,"comment_status":"closed","ping_status":"closed","template":"","meta":{"footnotes":""},"class_list":["post-23793","page","type-page","status-publish","hentry"],"_links":{"self":[{"href":"https:\/\/widevape.com\/pl\/wp-json\/wp\/v2\/pages\/23793","targetHints":{"allow":["GET"]}}],"collection":[{"href":"https:\/\/widevape.com\/pl\/wp-json\/wp\/v2\/pages"}],"about":[{"href":"https:\/\/widevape.com\/pl\/wp-json\/wp\/v2\/types\/page"}],"author":[{"embeddable":true,"href":"https:\/\/widevape.com\/pl\/wp-json\/wp\/v2\/users\/1"}],"replies":[{"embeddable":true,"href":"https:\/\/widevape.com\/pl\/wp-json\/wp\/v2\/comments?post=23793"}],"version-history":[{"count":0,"href":"https:\/\/widevape.com\/pl\/wp-json\/wp\/v2\/pages\/23793\/revisions"}],"wp:attachment":[{"href":"https:\/\/widevape.com\/pl\/wp-json\/wp\/v2\/media?parent=23793"}],"curies":[{"name":"wp","href":"https:\/\/api.w.org\/{rel}","templated":true}]}}