{"id":16859,"date":"2025-02-12T04:21:39","date_gmt":"2025-02-12T03:21:39","guid":{"rendered":"https:\/\/widevape.com\/?post_type=product&#038;p=16859"},"modified":"2026-01-19T07:51:43","modified_gmt":"2026-01-19T06:51:43","slug":"waspe-crystal-40000-zaciagniec-podwojny-smak-cyfrowy-ekran-0-2-5-niski-zawartosc-nikotyny-wielokrotnego-uzytku-jednorazowa-e-papieros-hurtownia","status":"publish","type":"product","link":"https:\/\/widevape.com\/pl\/product\/waspe-crystal-40000-zuege-doppelgeschmack-digitaler-bildschirm-0-2-5-niedriger-nikotinanteil-wiederaufladbare-einweg-e-zigarette-grosshandel\/","title":{"rendered":"WASPE Crystal 40000 poci\u0105gni\u0119\u0107 podw\u00f3jny smak cyfrowy ekran 0%, 2%, 5% Niski poziom nikotyny wielokrotnego \u0142adowania jednorazowa e-papieros hurtownia"},"content":{"rendered":"<h2><\/h2>\n<div style=\"width: 1020px;\" class=\"wp-video\"><video class=\"wp-video-shortcode\" id=\"video-16859-1\" width=\"1020\" height=\"1020\" preload=\"metadata\" controls=\"controls\"><source type=\"video\/mp4\" src=\"https:\/\/widevape.com\/wp-content\/uploads\/2025\/02\/WASPE-Crystal-40000.mp4?_=1\" \/><a href=\"https:\/\/widevape.com\/wp-content\/uploads\/2025\/02\/WASPE-Crystal-40000.mp4\">https:\/\/widevape.com\/wp-content\/uploads\/2025\/02\/WASPE-Crystal-40000.mp4<\/a><\/video><\/div>\n<h2><a href=\"https:\/\/widevape.com\/pl\/kategoria-produktu-2\/waspe-jednorazowe-e-cigarety\/\">WASPE<\/a> Crystal 40000 zaci\u0105gni\u0119\u0107: Ostateczne do\u015bwiadczenie jednorazowego wapowania<\/h2>\n<p>Szukasz premiumowego jednorazowego waporyzatora, kt\u00f3ry zapewnia d\u0142ugotrwa\u0142e do\u015bwiadczenie z wyj\u0105tkowymi kompozycjami smakowymi? W takim razie <strong>WASPE Crystal 40 000 z\u00fcge<\/strong> dok\u0142adnie to, czego potrzebujesz! To innowacyjne jednorazowe vape oferuje niewiarygodne 40 000 zaci\u0105gni\u0119\u0107, co sprawia, \u017ce jest jednym z najbardziej wytrzyma\u0142ych rozwi\u0105za\u0144 na rynku. \u0141\u0105czy ono najnowocze\u015bniejsze funkcje, takie jak podw\u00f3jna opcja smaku, mo\u017cliwo\u015b\u0107 \u0142adowania oraz wy\u015bwietlacz LED, aby poprawi\u0107 do\u015bwiadczenie parzenia. Dost\u0119pne w r\u00f3\u017cnych st\u0119\u017ceniach nikotyny (0%, 2% i 5%) oraz w wielu ekscytuj\u0105cych smakach, to vape jest idealne dla okazjonalnych paraczy i do\u015bwiadczonych waper\u00f3w, kt\u00f3rzy szukaj\u0105 najwy\u017cszego poziomu wygody i wydajno\u015bci.<\/p>\n<p>Jako jedna z najwi\u0119kszych platform internetowych dla jednorazowych waporyzator\u00f3w w Europie, w tym w Niemczech, Holandii, Belgii i Hiszpanii, oferuje <b>Widevape <\/b>Opcje hurtowe dla WASPE Crystal 40000 puff\u00f3w. Nasza platforma oferuje konkurencyjne ceny hurtowe oraz \u0142atwe w u\u017cyciu do\u015bwiadczenie zar\u00f3wno dla sprzedawc\u00f3w detalicznych, jak i klient\u00f3w ko\u0144cowych.<\/p>\n<h2>G\u0142\u00f3wne cechy WASPE Crystal <a href=\"https:\/\/widevape.com\/pl\/kategoria-produktu-2\/jednorazowe-e-cygarety-po-zakupie\/40000-jednorazowych-e-papierosow\/\">40000 poci\u0105g\u00f3w<\/a><\/h2>\n<p>To \nnie \npotrzebne \nt\u0142umaczenie \nbo \nto \njedynie \njedno \ns\u0142owo \noraz \nnie \njest \nto \ntekst \ndo \nt\u0142umaczenia \njednak \nprzet\u0142umacz\u0119 \nto \n Das \nsi\u0119 \nnie \nda \nprzet\u0142umaczy\u0107 \nsamodzielnie \nwi\u0119c \notrzymuje \n Das <strong>WASPE Crystal 40 000 z\u00fcge<\/strong> <a href=\"https:\/\/widevape.com\/pl\/\">Jednorazowy waporyzator<\/a> Wyr\u00f3\u017cnia si\u0119 imponuj\u0105cymi specyfikacjami i designem. Poni\u017cej znajdziesz najwa\u017cniejsze cechy tego produktu, kt\u00f3re czyni\u0105 go niezast\u0105pionym wyborem dla mi\u0142o\u015bnik\u00f3w pary:<\/p>\n<ul>\n<li><strong>Z\u00fcge<\/strong>40 000 poci\u0105g\u00f3w dla d\u0142ugotrwa\u0142ego do\u015bwiadczenia parowego.<\/li>\n<li><strong>Podw\u00f3jny smak<\/strong>: Oferuje dwa r\u00f3\u017cne smaki w jednym urz\u0105dzeniu, dzi\u0119ki czemu mo\u017cesz cieszy\u0107 si\u0119 r\u00f3\u017cnorodnym i intensywnym do\u015bwiadczeniem smakowym z ka\u017cdym zaci\u0105gni\u0119ciem.<\/li>\n<li><strong>Siatka Cewki<\/strong>: Dwie po\u0142\u0105czone 0,9-omowe cewki siatkowe (ka\u017cda dla jednego smaku) zapewniaj\u0105 r\u00f3wnomierne i ci\u0105g\u0142e wytwarzanie pary oraz przyjemne wapowanie.<\/li>\n<li><strong>Pojemno\u015b\u0107 e-p\u0142ynu<\/strong>: Ka\u017cde urz\u0105dzenie jest wst\u0119pnie nape\u0142nione 32 ml e-p\u0142ynu, dzi\u0119ki czemu mo\u017cesz cieszy\u0107 si\u0119 wapowaniem przez d\u0142u\u017cszy czas.<\/li>\n<li><strong>Nikotyna<\/strong>Wybierz jedn\u0105 z trzech mocy nikotyny - 0%, 2% i 5% - aby dostosowa\u0107 j\u0105 do swoich indywidualnych preferencji.<\/li>\n<li><strong>Pojemno\u015b\u0107 baterii<\/strong>Wyposa\u017cony w wydajn\u0105 bateri\u0119 o pojemno\u015bci 850mAh, kt\u00f3ra umo\u017cliwia d\u0142u\u017csze u\u017cytkowanie mi\u0119dzy \u0142adowaniami.<\/li>\n<li><strong>\u0141adowalny przez Type-C<\/strong>: W przeciwie\u0144stwie do wi\u0119kszo\u015bci jednorazowych waporyzator\u00f3w, model ten jest ponownie \u0142adowalny za pomoc\u0105 portu Type-C, co wyd\u0142u\u017ca \u017cywotno\u015b\u0107 urz\u0105dzenia i gwarantuje, \u017ce uzyskasz maksimum z ka\u017cdego zaci\u0105gni\u0119cia.<\/li>\n<li><strong>Wy\u015bwietlacz LED<\/strong>: Wy\u015bwietlacz LED zintegrowany z urz\u0105dzeniem wy\u015bwietla wa\u017cne informacje, takie jak stan baterii, dzi\u0119ki czemu mo\u017cesz zawsze mie\u0107 kontrol\u0119 nad u\u017cytkowaniem i potrzebami dotycz\u0105cymi \u0142adowania.<\/li>\n<li><strong>\u0141atwy i kompaktowy<\/strong>: Z wag\u0105 wynosz\u0105c\u0105 tylko 105 gram\u00f3w i wymiarami 61 mm x 31 mm x 115 mm, ta vape jest \u0142atwa do przenoszenia bez po\u015bwi\u0119cania wydajno\u015bci.<\/li>\n<li><strong>Wielopakiet<\/strong>: Ka\u017cde opakowanie kartonowe zawiera 200 urz\u0105dze\u0144, 10 urz\u0105dze\u0144 na pude\u0142ko - idealne dla du\u017cych odbiorc\u00f3w i sprzedawc\u00f3w detalicznych.<\/li>\n<li><strong>Trwa\u0142a konstrukcja<\/strong>: WASPE Crystal 40000 Z\u00fcge jest przeznaczony do regularnego u\u017cytku i charakteryzuje si\u0119 swoj\u0105 trwa\u0142o\u015bci\u0105 i jako\u015bci\u0105.<\/li>\n<\/ul>\n<h2>Smakowe odmiany WASPE Crystal 40000 zaci\u0105gni\u0119\u0107<\/h2>\n<p>To \nnie \npotrzebne \nt\u0142umaczenie \nbo \nto \njedynie \njedno \ns\u0142owo \noraz \nnie \njest \nto \ntekst \ndo \nt\u0142umaczenia \njednak \nprzet\u0142umacz\u0119 \nto \n Das \nsi\u0119 \nnie \nda \nprzet\u0142umaczy\u0107 \nsamodzielnie \nwi\u0119c \notrzymuje \n Das <strong>WASPE Crystal 40 000 z\u00fcge<\/strong> oferuje r\u00f3\u017cnorodno\u015b\u0107 ekscytuj\u0105cych i smakowo zbalansowanych opcji, kt\u00f3re wynosz\u0105 Twoje do\u015bwiadczenie z wapowaniem na nowy poziom. Ka\u017cdy smak zosta\u0142 stworzony tak, aby zapewni\u0107 intensywne i przyjemne do\u015bwiadczenie, kt\u00f3re spe\u0142nia oczekiwania wszystkich wapuj\u0105cych. Oto szczeg\u00f3\u0142owy przegl\u0105d dost\u0119pnych smak\u00f3w:<\/p>\n<h4>1. <strong>Arbuz L\u00f3d &amp; Cytryna Lime<\/strong><\/h4>\n<p>Od\u015bwie\u017caj\u0105ca mieszanka soczystego smaku arbuza i orze\u017awiaj\u0105cej \u015bwie\u017co\u015bci limety i cytryny. Smak arbuza stanowi s\u0142odk\u0105 baz\u0119, podczas gdy limeta dodaje orze\u017awiaj\u0105c\u0105 i ch\u0142odz\u0105c\u0105 nut\u0119 - idealna na lato!<\/p>\n<h4>2. <strong>Red Bull L\u00f3d &amp; Truskawka Mango<\/strong><\/h4>\n<p>O\u017cywcza kombinacja dobrze znanego smaku Red Bulla i tropikalnej s\u0142odyczy truskawki i mango. Ch\u0142odne wyczucie zorgt za od\u015bwie\u017caj\u0105ce uczucie i jest idealne dla wszystkich, kt\u00f3rzy szukaj\u0105 o\u017cywczego do\u015bwiadczenia z wapowaniem.<\/p>\n<h4>3. <strong>Strawberry Red Bull &amp; Blueberry Cherry \n nie wymaga t\u0142umaczenia \n Wi\u0119c \nStrawberry Red Bull &amp; Blueberry Cherry<\/strong><\/h4>\n<p>Intensywna para, kt\u00f3ra \u0142\u0105czy pe\u0142n\u0105 energii smak Red Bulla ze s\u0142odk\u0105 truskawk\u0105. Bor\u00f3wka i wi\u015bnia uzupe\u0142niaj\u0105 ca\u0142o\u015b\u0107 i oferuj\u0105 z\u0142o\u017con\u0105, owocow\u0105 kombinacj\u0119 smak\u00f3w, kt\u00f3ra jest zar\u00f3wno orze\u017awiaj\u0105ca, jak i pyszna.<\/p>\n<h4>4. <strong>Blueberry Candy &amp; Strawberry Watermelon \n\nnie wymaga t\u0142umaczenia \nOwoce mo\u017cna przet\u0142umaczy\u0107, ale nazwy produkt\u00f3w zazwyczaj nie \nBor\u00f3wka Candy i Truskawkowa Arbuz<\/strong><\/h4>\n<p>Dla mi\u0142o\u015bnik\u00f3w s\u0142odkich aromat\u00f3w ta mieszanka oferuje po\u0142\u0105czenie jag\u00f3d i truskawek, zmieszanych z nut\u0105 lukru, kt\u00f3ry przypomina cukierki. S\u0142odkie i owocowe nuty zapewniaj\u0105 nostalgiczne, s\u0142odkie do\u015bwiadczenie parzenia.<\/p>\n<h4>5. <strong>Truskawka Kiwi &amp; Truskawka Wi\u015bnia<\/strong><\/h4>\n<p>Truskawki i kiwi \u0142\u0105cz\u0105 si\u0119 w orze\u017awiaj\u0105cej mieszance, podczas gdy s\u0142odka wi\u015bnia uzupe\u0142nia og\u00f3lny obraz. Ten smak oferuje idealn\u0105 r\u00f3wnowag\u0119 mi\u0119dzy owocowo\u015bci\u0105 a lekko kwa\u015bnym kopniakiem.<\/p>\n<h4>6. <strong>Blueberry Raspberry &amp; Peach Berry Ice \nnie wymaga t\u0142umaczenia \nlub \nL\u00f3d z jag\u00f3d bor\u00f3wki, maliny i brzoskwi\u0144<\/strong><\/h4>\n<p>Do\u015bwiadczenie owocowe, kt\u00f3re \u0142\u0105czy s\u0142odycz bor\u00f3wek i malin z \u015bwie\u017cym, ch\u0142odnym smakiem brzoskwi\u0144. Ch\u0142odne wyczucie zorgt za orze\u017awiaj\u0105ce i przyjemne wra\u017cenie parowania.<\/p>\n<h4>7. <strong>Truskawka Malina Wi\u015bnia &amp; Mi\u0142o\u015b\u0107 666<\/strong><\/h4>\n<p>Urocze trio truskawek, malin i wi\u015bni, uzupe\u0142nione tajemnicz\u0105 nut\u0105 smakow\u0105 \u201eLove 666\u201c. Ta mieszanka jest s\u0142odka, owocowa i jednocze\u015bnie ekscytuj\u0105ca.<\/p>\n<h4>8. <strong>Peach Ice &amp; Watermelon Mango Peach<\/strong><\/h4>\n<p>Do\u015bwiadczenie tropikalnego smaku, kt\u00f3re \u0142\u0105czy s\u0142odkie brzoskwinie z arbuzami i mango. Zimna ko\u0144c\u00f3wka zapewnia \u015bwie\u017cy zastrzyk i sprawia, \u017ce ta mieszanka jest idealnym wyborem na gor\u0105ce letnie dni.<\/p>\n<h4>9. <strong>Truskawkowy Banan &amp; Ananasowy Kokosowy L\u00f3d<\/strong><\/h4>\n<p>Kremowa, tropikalna mieszanka truskawek i banan\u00f3w, urozmaicona orze\u017awiaj\u0105c\u0105 nut\u0105 ananasa i kokosa. Ta kombinacja zapewnia g\u0142adkie i jednocze\u015bnie ch\u0142odne do\u015bwiadczenie parzenia.<\/p>\n<h4>10. <strong>Winogrono Ice &amp; Black Dragon Ice<\/strong><\/h4>\n<p>Intensywny smak z s\u0142odycz\u0105 winogron i egzotycznym aromatem \u201eBlack Dragon\u201c. Lodowaty posmak mentolu zapewnia orze\u017awiaj\u0105ce i pobudzaj\u0105ce parzenie, kt\u00f3re spodoba si\u0119 fanom mentolu.<\/p>\n<h4>11. <strong>Mieszane Jagody &amp; Sok Cytrynowy Z Malinami<\/strong><\/h4>\n<p>Kolorowa mieszanka jag\u00f3d i limonady malinowej. Ta kombinacja smak\u00f3w \u0142\u0105czy s\u0142odycz i kwaskowato\u015b\u0107 i oferuje orze\u017awiaj\u0105ce do\u015bwiadczenie wapowania z od\u015bwie\u017caj\u0105cym kopniakiem.<\/p>\n<h4>12. <strong>Blueberry Ice i Cherry Cola Ice<\/strong><\/h4>\n<p>Idealna mieszanka s\u0142odkich bor\u00f3wek i klasycznego smaku wi\u015bniowej coli, po\u0142\u0105czona z lodowatym posmakiem mentolu. To orze\u017awiaj\u0105ce i k\u0142uj\u0105ce po\u0142\u0105czenie zachwyci mi\u0142o\u015bnik\u00f3w smak\u00f3w coli i mentolu.<\/p>\n<h2>Dlaczego <strong>WASPE Crystal 40 000 z\u00fcge<\/strong> Dla hurtownik\u00f3w?<\/h2>\n<ul>\n<li><strong>Nieprzeci\u0119tna warto\u015b\u0107<\/strong>: Z maksymalnie 40 000 zaci\u0105gni\u0119\u0107 na urz\u0105dzenie, WASPE Crystal zapewnia wyj\u0105tkow\u0105 warto\u015b\u0107, szczeg\u00f3lnie przy zakupie hurtowym.<\/li>\n<li><strong>Rabaty hurtowe<\/strong>Widevape oferuje konkurencyjne ceny dla du\u017cych i hurtowych nabywc\u00f3w w Niemczech, Holandii, Belgii i Hiszpanii - idealne rozwi\u0105zanie dla sprzedawc\u00f3w detalicznych i hurtowych.<\/li>\n<li><strong>Wiederaufladbar<\/strong>: Mo\u017cliwo\u015b\u0107 ponownego \u0142adowania typu C zapewnia, \u017ce urz\u0105dzenie wytrzyma d\u0142u\u017cej i pozwoli maksymalnie wykorzysta\u0107 inwestycj\u0119.<\/li>\n<li><strong>Wysoka jako\u015b\u0107<\/strong>: The WASPE Crystal 40000 puffs is a high-quality product designed for regular use and appreciated by demanding vapers.<\/li>\n<\/ul>\n<h2>Zam\u00f3w to <strong>WASPE Crystal 40 000 z\u00fcge<\/strong> przy <a href=\"https:\/\/widevape.com\/pl\/\">Widevape<\/a><\/h2>\n<p>Najlepsze oferty na <strong>WASPE Crystal 40 000 z\u00fcge<\/strong> Odwiedzajcie Widevape, aby kupi\u0107 jednorazowe vape'y. Jako wiod\u0105ca platforma europejska dla hurtowego zakupu jednorazowych vape'\u00f3w, oferujemy niepowtarzalne ceny oraz szybk\u0105, ubezpieczon\u0105 dostaw\u0119 do takich kraj\u00f3w jak Niemcy, Holandia, Belgia i Hiszpania. Niezale\u017cnie od tego, czy zamawiasz dla osobistego u\u017cytku, czy uzupe\u0142niasz swoje zapasy detaliczne, u nas znajdziesz wszystko, czego potrzebujesz.<\/p>\n<p>Wsparujemy r\u00f3\u017cne metody p\u0142atno\u015bci, w tym PayPal, karty kredytowe, iDEAL (dla Holandii), Bancontact (dla Belgii) oraz przelewy bankowe SEPA dla wygody.<\/p>\n<p>eme transakcja w ca\u0142ej Europie.<\/p>\n<h2>Wniosek<\/h2>\n<p>To \nnie \npotrzebne \nt\u0142umaczenie \nbo \nto \njedynie \njedno \ns\u0142owo \noraz \nnie \njest \nto \ntekst \ndo \nt\u0142umaczenia \njednak \nprzet\u0142umacz\u0119 \nto \n Das \nsi\u0119 \nnie \nda \nprzet\u0142umaczy\u0107 \nsamodzielnie \nwi\u0119c \notrzymuje \n Das <strong>WASPE Crystal 40 000 z\u00fcge<\/strong> Jednorazowy waporyzator to rewolucyjny produkt, kt\u00f3ry oferuje wyj\u0105tkow\u0105 wydajno\u015b\u0107, r\u00f3\u017cnorodno\u015b\u0107 smak\u00f3w i \u0142atwo\u015b\u0107 u\u017cytkowania. Dzi\u0119ki d\u0142ugiej \u017cywotno\u015bci, podw\u00f3jnym smakom i mo\u017cliwo\u015bci ponownego \u0142adowania, jest to idealny wyb\u00f3r dla waporyzator\u00f3w, kt\u00f3rzy ceni\u0105 jako\u015b\u0107 i wygod\u0119. Odwied\u017a Widevape, aby z\u0142o\u017cy\u0107 zam\u00f3wienie ju\u017c dzi\u015b i skorzysta\u0107 z ekskluzywnych rabat\u00f3w na du\u017ce zam\u00f3wienia tego niezast\u0105pionego jednorazowego waporyzatora!<\/p>\n<p><img loading=\"lazy\" decoding=\"async\" class=\"alignnone wp-image-17211 size-full\" src=\"https:\/\/widevape.com\/wp-content\/uploads\/2025\/02\/WASPE_Crysta-9.webp\" alt=\"WASPE Crystal 40000 poci\u0105gni\u0119\u0107 podw\u00f3jny smak cyfrowy ekran 0%, 2%, 5% Niski poziom nikotyny wielokrotnego \u0142adowania jednorazowa e-papieros hurtownia\" width=\"1060\" height=\"1060\" srcset=\"https:\/\/widevape.com\/wp-content\/uploads\/2025\/02\/WASPE_Crysta-9.webp 1060w, https:\/\/widevape.com\/wp-content\/uploads\/2025\/02\/WASPE_Crysta-9-247x247.webp 247w, https:\/\/widevape.com\/wp-content\/uploads\/2025\/02\/WASPE_Crysta-9-100x100.webp 100w, https:\/\/widevape.com\/wp-content\/uploads\/2025\/02\/WASPE_Crysta-9-510x510.webp 510w, https:\/\/widevape.com\/wp-content\/uploads\/2025\/02\/WASPE_Crysta-9-300x300.webp 300w, https:\/\/widevape.com\/wp-content\/uploads\/2025\/02\/WASPE_Crysta-9-1024x1024.webp 1024w, https:\/\/widevape.com\/wp-content\/uploads\/2025\/02\/WASPE_Crysta-9-150x150.webp 150w, https:\/\/widevape.com\/wp-content\/uploads\/2025\/02\/WASPE_Crysta-9-768x768.webp 768w\" sizes=\"auto, (max-width: 1060px) 100vw, 1060px\" \/> <img loading=\"lazy\" decoding=\"async\" class=\"alignnone wp-image-17210 size-full\" src=\"https:\/\/widevape.com\/wp-content\/uploads\/2025\/02\/WASPE_Crysta-8.webp\" alt=\"WASPE Crystal 40000 poci\u0105gni\u0119\u0107 podw\u00f3jny smak cyfrowy ekran 0%, 2%, 5% Niski poziom nikotyny wielokrotnego \u0142adowania jednorazowa e-papieros hurtownia\" width=\"1060\" height=\"1060\" srcset=\"https:\/\/widevape.com\/wp-content\/uploads\/2025\/02\/WASPE_Crysta-8.webp 1060w, https:\/\/widevape.com\/wp-content\/uploads\/2025\/02\/WASPE_Crysta-8-247x247.webp 247w, https:\/\/widevape.com\/wp-content\/uploads\/2025\/02\/WASPE_Crysta-8-100x100.webp 100w, https:\/\/widevape.com\/wp-content\/uploads\/2025\/02\/WASPE_Crysta-8-510x510.webp 510w, https:\/\/widevape.com\/wp-content\/uploads\/2025\/02\/WASPE_Crysta-8-300x300.webp 300w, https:\/\/widevape.com\/wp-content\/uploads\/2025\/02\/WASPE_Crysta-8-1024x1024.webp 1024w, https:\/\/widevape.com\/wp-content\/uploads\/2025\/02\/WASPE_Crysta-8-150x150.webp 150w, https:\/\/widevape.com\/wp-content\/uploads\/2025\/02\/WASPE_Crysta-8-768x768.webp 768w\" sizes=\"auto, (max-width: 1060px) 100vw, 1060px\" \/> <img loading=\"lazy\" decoding=\"async\" class=\"alignnone wp-image-17209 size-full\" src=\"https:\/\/widevape.com\/wp-content\/uploads\/2025\/02\/WASPE_Crysta-7.webp\" alt=\"WASPE Crystal 40000 poci\u0105gni\u0119\u0107 podw\u00f3jny smak cyfrowy ekran 0%, 2%, 5% Niski poziom nikotyny wielokrotnego \u0142adowania jednorazowa e-papieros hurtownia\" width=\"1060\" height=\"1060\" srcset=\"https:\/\/widevape.com\/wp-content\/uploads\/2025\/02\/WASPE_Crysta-7.webp 1060w, https:\/\/widevape.com\/wp-content\/uploads\/2025\/02\/WASPE_Crysta-7-247x247.webp 247w, https:\/\/widevape.com\/wp-content\/uploads\/2025\/02\/WASPE_Crysta-7-100x100.webp 100w, https:\/\/widevape.com\/wp-content\/uploads\/2025\/02\/WASPE_Crysta-7-510x510.webp 510w, https:\/\/widevape.com\/wp-content\/uploads\/2025\/02\/WASPE_Crysta-7-300x300.webp 300w, https:\/\/widevape.com\/wp-content\/uploads\/2025\/02\/WASPE_Crysta-7-1024x1024.webp 1024w, https:\/\/widevape.com\/wp-content\/uploads\/2025\/02\/WASPE_Crysta-7-150x150.webp 150w, https:\/\/widevape.com\/wp-content\/uploads\/2025\/02\/WASPE_Crysta-7-768x768.webp 768w\" sizes=\"auto, (max-width: 1060px) 100vw, 1060px\" \/> <img loading=\"lazy\" decoding=\"async\" class=\"alignnone wp-image-17208 size-full\" src=\"https:\/\/widevape.com\/wp-content\/uploads\/2025\/02\/WASPE_Crysta-6.webp\" alt=\"WASPE Crystal 40000 poci\u0105gni\u0119\u0107 podw\u00f3jny smak cyfrowy ekran 0%, 2%, 5% Niski poziom nikotyny wielokrotnego \u0142adowania jednorazowa e-papieros hurtownia\" width=\"1060\" height=\"1060\" srcset=\"https:\/\/widevape.com\/wp-content\/uploads\/2025\/02\/WASPE_Crysta-6.webp 1060w, https:\/\/widevape.com\/wp-content\/uploads\/2025\/02\/WASPE_Crysta-6-247x247.webp 247w, https:\/\/widevape.com\/wp-content\/uploads\/2025\/02\/WASPE_Crysta-6-100x100.webp 100w, https:\/\/widevape.com\/wp-content\/uploads\/2025\/02\/WASPE_Crysta-6-510x510.webp 510w, https:\/\/widevape.com\/wp-content\/uploads\/2025\/02\/WASPE_Crysta-6-300x300.webp 300w, https:\/\/widevape.com\/wp-content\/uploads\/2025\/02\/WASPE_Crysta-6-1024x1024.webp 1024w, https:\/\/widevape.com\/wp-content\/uploads\/2025\/02\/WASPE_Crysta-6-150x150.webp 150w, https:\/\/widevape.com\/wp-content\/uploads\/2025\/02\/WASPE_Crysta-6-768x768.webp 768w\" sizes=\"auto, (max-width: 1060px) 100vw, 1060px\" \/><\/p>","protected":false},"excerpt":{"rendered":"<p>To \nnie \npotrzebne \nt\u0142umaczenie \nbo \nto \njedynie \njedno \ns\u0142owo \noraz \nnie \njest \nto \ntekst \ndo \nt\u0142umaczenia \njednak \nprzet\u0142umacz\u0119 \nto \n Das \nsi\u0119 \nnie \nda \nprzet\u0142umaczy\u0107 \nsamodzielnie \nwi\u0119c \notrzymuje \n Das <strong>WASPE Crystal 40 000 z\u00fcge<\/strong> jest zaawansowanym, wielokrotnego u\u017cytku jednorazowym waporyzatorem o pojemno\u015bci 40 000 zaci\u0105gni\u0119\u0107, podw\u00f3jnej opcji smaku, 32 ml e-p\u0142ynu, zmiennych st\u0119\u017ceniach nikotyny (0%, 2%, 5%) oraz praktycznym wy\u015bwietlaczem LED, dost\u0119pnym w kilku ekscytuj\u0105cych kombinacjach smakowych i idealnie nadaj\u0105cym si\u0119 dla hurtowni.<\/p>","protected":false},"featured_media":17202,"comment_status":"open","ping_status":"closed","template":"","meta":[],"product_brand":[],"product_cat":[112,92,93,37,94,61,90,71,96],"product_tag":[],"class_list":{"0":"post-16859","1":"product","2":"type-product","3":"status-publish","4":"has-post-thumbnail","6":"product_cat-40000-zuege-einweg-e-zigaretten","7":"product_cat-digitale-box-einweg-e-zigaretten","8":"product_cat-dual-mesh-einweg-e-zigaretten","9":"product_cat-einweg-e-zigaretten","10":"product_cat-einweg-e-zigaretten-mit-niedriger-nikotinstaerke","11":"product_cat-einweg-e-zigaretten-nach-zuegen","12":"product_cat-grosse-einweg-e-zigaretten","13":"product_cat-waspe-einweg-e-zigaretten","14":"product_cat-wiederaufladbare-einweg-e-zigaretten","16":"first","17":"outofstock","18":"shipping-taxable","19":"purchasable","20":"product-type-variable"},"_links":{"self":[{"href":"https:\/\/widevape.com\/pl\/wp-json\/wp\/v2\/product\/16859","targetHints":{"allow":["GET"]}}],"collection":[{"href":"https:\/\/widevape.com\/pl\/wp-json\/wp\/v2\/product"}],"about":[{"href":"https:\/\/widevape.com\/pl\/wp-json\/wp\/v2\/types\/product"}],"replies":[{"embeddable":true,"href":"https:\/\/widevape.com\/pl\/wp-json\/wp\/v2\/comments?post=16859"}],"wp:featuredmedia":[{"embeddable":true,"href":"https:\/\/widevape.com\/pl\/wp-json\/wp\/v2\/media\/17202"}],"wp:attachment":[{"href":"https:\/\/widevape.com\/pl\/wp-json\/wp\/v2\/media?parent=16859"}],"wp:term":[{"taxonomy":"product_brand","embeddable":true,"href":"https:\/\/widevape.com\/pl\/wp-json\/wp\/v2\/product_brand?post=16859"},{"taxonomy":"product_cat","embeddable":true,"href":"https:\/\/widevape.com\/pl\/wp-json\/wp\/v2\/product_cat?post=16859"},{"taxonomy":"product_tag","embeddable":true,"href":"https:\/\/widevape.com\/pl\/wp-json\/wp\/v2\/product_tag?post=16859"}],"curies":[{"name":"wp","href":"https:\/\/api.w.org\/{rel}","templated":true}]}}