{"id":17218,"date":"2025-02-12T07:35:39","date_gmt":"2025-02-12T06:35:39","guid":{"rendered":"https:\/\/widevape.com\/?post_type=product&#038;p=17218"},"modified":"2026-01-19T07:47:08","modified_gmt":"2026-01-19T06:47:08","slug":"jnr-vape-watch-30000-zaciagniec-10-smakow-technologia-podwojnej-siatki-2-nikotyna-wielokrotnego-ladowania-jednorazowa-e-papieros-na-sprzedaz-hurtowa","status":"publish","type":"product","link":"https:\/\/widevape.com\/pl\/product\/jnr-vape-watch-30000-zuege-10-geschmacksrichtungen-dual-mesh-technologie-2-nikotin-wiederaufladbare-einweg-e-zigarette-fuer-grosshandel\/","title":{"rendered":"JNR Vape Watch 30000 zaci\u0105gni\u0119\u0107 \u2013 10 smak\u00f3w, technologia podw\u00f3jnej siatki, 2% nikotyny, wielokrotnego \u0142adowania jednorazowa e-papieros dla hurtowni"},"content":{"rendered":"<div style=\"width: 1020px;\" class=\"wp-video\"><video class=\"wp-video-shortcode\" id=\"video-17218-1\" width=\"1020\" height=\"574\" preload=\"metadata\" controls=\"controls\"><source type=\"video\/mp4\" src=\"https:\/\/widevape.com\/wp-content\/uploads\/2025\/02\/JNR-Vape-Watch-30000.mp4?_=1\" \/><a href=\"https:\/\/widevape.com\/wp-content\/uploads\/2025\/02\/JNR-Vape-Watch-30000.mp4\">https:\/\/widevape.com\/wp-content\/uploads\/2025\/02\/JNR-Vape-Watch-30000.mp4<\/a><\/video><\/div>\n<h2 class=\"mb-2 mt-6 text-lg first:mt-3\"><strong><a href=\"https:\/\/widevape.com\/pl\/kategoria-produktu-2\/jednorazowe-e-cigarety\/\">JNR<\/a> Vape Watch 30000 Z\u00fcge: Przysz\u0142o\u015b\u0107 wapowania<\/strong><\/h2>\n<p>Die\u00a0<strong>JNR Vape Watch 30000 Z\u00fcge \n\nbez zmian, je\u015bli nie ma co t\u0142umaczy\u0107: JNR Vape Watch 30000 pulls \n ale je\u015bli:  JNR Vape Watch 30000 z\u00fcge - &gt; JNR Vape Watch 30000 ci\u0105gni\u0119\u0107 \nbardziej adekwatne:  JNR Vape Watch 30000 puff\u00f3w \nWynik: JNR Vape Watch 30000 puff\u00f3w<\/strong>\u00a0jest rewolucyjn\u0105 jednorazow\u0105 e-papieros\u0105, kt\u00f3ra \u0142\u0105czy design, funkcjonalno\u015b\u0107 i wydajno\u015b\u0107 w jednym, unikalnym produkcie. Z imponuj\u0105c\u0105 pojemno\u015bci\u0105 30 000 zaci\u0105gni\u0119\u0107, innowacyjn\u0105 technologi\u0105 podw\u00f3jnej siatki grzewczej oraz praktyczn\u0105 funkcj\u0105 smartwatcha, urz\u0105dzenie to ustanawia nowe standardy w dziedzinie jednorazowych waporyzator\u00f3w. Wy\u0142\u0105cznie dost\u0119pna na\u00a0<strong>WideVape<\/strong>, wiod\u0105cej platformy hurtowej sprzeda\u017cy e-papieros\u00f3w w Niemczech, Holandii, Belgii i Hiszpanii, JNR Vape Watch oferuje niezr\u00f3wnane do\u015bwiadczenie dla wymagaj\u0105cych klient\u00f3w.<\/p>\n<h2 class=\"mb-2 mt-6 text-lg first:mt-3\"><strong>G\u0142\u00f3wne cechy JNR Vape Watch <a href=\"https:\/\/widevape.com\/pl\/kategoria-produktu-2\/jednorazowe-e-cygarety-po-zakupie\/30000-jednorazowych-e-papierosow\/\">30000 poci\u0105g\u00f3w<\/a><\/strong><\/h2>\n<ol class=\"marker:text-textOff list-decimal\">\n<li><strong>Funkcjonalno\u015b\u0107 smartwatcha<\/strong><br \/>\nOpr\u00f3cz wapowania u\u017cytkownicy mog\u0105 wykonywa\u0107 po\u0142\u0105czenia, odbiera\u0107 wiadomo\u015bci tekstowe, a nawet zdalnie sterowa\u0107 aparatem swojego smartfona - prawdziwe urz\u0105dzenie do wielozadaniowo\u015bci.<\/li>\n<li><strong>30 000 poci\u0105g\u00f3w przepustowo\u015bci<\/strong><br \/>\nDzi\u0119ki rekordowej liczbie 30 000 zaci\u0105gni\u0119\u0107, JNR Vape Watch jest idealny dla d\u0142ugoterminowych u\u017cytkownik\u00f3w i zmniejsza potrzeb\u0119 cz\u0119stej wymiany.<\/li>\n<li><strong>Technologia podw\u00f3jnej cewki siatkowej<\/strong><br \/>\nZaawansowana cewka podw\u00f3jnej siatki zapewnia intensywny smak i r\u00f3wnomiern\u0105 produkcj\u0119 pary przy ka\u017cdym zaci\u0105gni\u0119ciu.<\/li>\n<li><strong>19ml p\u0142yn do e-papieros\u00f3w z 2% nikotyny<\/strong><br \/>\nUrz\u0105dzenie jest wst\u0119pnie nape\u0142nione wysokiej jako\u015bci p\u0142ynem o niskim st\u0119\u017ceniu nikotyny, idealne dla delikatnego do\u015bwiadczenia z wapowaniem.<\/li>\n<li><strong>Akumulator rechargeable z funkcj\u0105 szybkiego \u0142adowania<\/strong><br \/>\nPot\u0119\u017cna bateria o pojemno\u015bci 1000 mAh obs\u0142uguje szybkie \u0142adowanie przez USB-C i zapewnia d\u0142ugi czas u\u017cytkowania.<\/li>\n<li><strong>Od\u0142\u0105czana konstrukcja zegarka<\/strong><br \/>\nJNR Vape Watch mo\u017ce by\u0107 noszona jako stylowy smartwatch lub zdj\u0119ta z paska - maksymalna elastyczno\u015b\u0107 w podr\u00f3\u017cy.<\/li>\n<li><strong>Przyjazna dla u\u017cytkownika integracja aplikacji<\/strong><br \/>\nFunkcje takie jak \u201eFind My Phone\u201c oraz prywatna funkcja blokady sprawiaj\u0105, \u017ce urz\u0105dzenie jest prawdziwym wszechstronnym rozwi\u0105zaniem.<\/li>\n<li><strong>\u0141atwy i przeno\u015bny<\/strong><br \/>\nPomimo swojej wszechstronno\u015bci, JNR Vape Watch pozostaje kompaktowa i \u0142atwa do przenoszenia.<\/li>\n<\/ol>\n<h2 class=\"mb-2 mt-6 text-lg first:mt-3\"><strong>Dlaczego JNR Vape Watch przy <a href=\"https:\/\/widevape.com\/pl\/\">WideVape<\/a> Kupi\u0107?<\/strong><\/h2>\n<p>WideVape jest wiod\u0105cym dostawc\u0105 jednorazowych waporyzator\u00f3w hurtowo w Europie. Nasza platforma oferuje nie tylko najlepsze ceny, ale r\u00f3wnie\u017c pierwszorz\u0119dn\u0105 obs\u0142ug\u0119:<\/p>\n<ul class=\"marker:text-textOff list-disc\">\n<li><strong>Szybka dostawa:<\/strong>\u00a0Zuverl\u00e4ssiger Versand in alle EU-L\u00e4nder. \nNiezmieniony orygina\u0142 nie wymaga t\u0142umaczenia -  Zwr\u00f3ci\u0107 orygina\u0142 \n Ostateczna odpowied\u017a: Zuverl\u00e4ssiger Versand in alle EU-L\u00e4nder.<\/li>\n<li><strong>Elastyczne mo\u017cliwo\u015bci p\u0142atno\u015bci:<\/strong>\u00a0Opr\u00f3cz PayPal i karty kredytowej akceptujemy iDEAL (Holandia), Bancontact (Belgia) oraz przelewy bankowe SEPA.<\/li>\n<li><strong>Wy\u0142\u0105czne rabaty:<\/strong>\u00a0Atrakcyjne oferty dla du\u017cych klient\u00f3w.<\/li>\n<li><strong>Do\u015bwiadczenie:<\/strong>\u00a0Z ponad dziesi\u0119cioletnim do\u015bwiadczeniem w sprzeda\u017cy e-papieros\u00f3w gwarantujemy najwy\u017csz\u0105 jako\u015b\u0107.<\/li>\n<\/ul>\n<h2 class=\"mb-2 mt-6 text-lg first:mt-3\"><strong>Smaki: r\u00f3\u017cnorodno\u015b\u0107 dla ka\u017cdego gustu<\/strong><\/h2>\n<p>JNR Vape Watch jest dost\u0119pna w dziesi\u0119ciu starannie wybranych smakach, oferuj\u0105cych zar\u00f3wno klasyczne, jak i egzotyczne aromaty:<\/p>\n<ol class=\"marker:text-textOff list-decimal\">\n<li><strong>Blue Razz Ice: \nnie wymaga t\u0142umaczenia \nBlue Razz Ice<\/strong>\u00a0Od\u015bwie\u017caj\u0105ca mieszanka s\u0142odkiej bor\u00f3wki i ch\u0142odnego mentolu - idealna na gor\u0105ce dni letnie.<\/li>\n<li><strong>Truskawkowy L\u00f3d:<\/strong>\u00a0Sokowite truskawki po\u0142\u0105czone z nut\u0105 \u015bwie\u017co\u015bci.<\/li>\n<li><strong>Arbuzowy L\u00f3d:<\/strong>\u00a0Smak dojrza\u0142ej arbuza spotyka si\u0119 z lodowat\u0105 ch\u0142odno\u015bci\u0105.<\/li>\n<li><strong>Miami Mint:<\/strong>\u00a0Tropiczny smak mi\u0119ty zainspirowany \u017cyw\u0105 atmosfer\u0105 Miami.<\/li>\n<li><strong>Truskawkowy Banan:<\/strong>\u00a0Kremowa kombinacja s\u0142odkich truskawek i dojrza\u0142ych banan\u00f3w.<\/li>\n<li><strong>Potr\u00f3jna Jagoda:<\/strong>\u00a0Mieszanka owoc\u00f3w z\u0142o\u017cona z malin, bor\u00f3wek i je\u017cyn.<\/li>\n<li><strong>Kwa\u015bne Jab\u0142ko L\u00f3d:<\/strong>\u00a0Chrupi\u0105cy zielony jab\u0142ko z lekko kwa\u015bnym odcieniem i mro\u017anym finiszem.<\/li>\n<li><strong>Jagoda Arbuz:<\/strong>\u00a0Harmonijna mieszanka soczystych bor\u00f3wek i orze\u017awiaj\u0105cej arbuza.<\/li>\n<li><strong>Georgia Peach: \n(bez t\u0142umaczenia, nazwa w\u0142a\u015bciwa) \nGeorgia Peach<\/strong>\u00a0Autentyczny smak dojrza\u0142ych na s\u0142o\u0144cu brzoskwi\u0144 z Georgii.<\/li>\n<li><strong>Pomara\u0144czowy Mango:<\/strong>\u00a0Egzotyczna kombinacja orze\u017awiaj\u0105cej pomara\u0144czy i s\u0142odkiej mango.<\/li>\n<\/ol>\n<p>Ka\u017cdy smak zosta\u0142 opracowany, aby zapewni\u0107 intensywny aromat i przyjemne do\u015bwiadczenie parzenia.<\/p>\n<h2 class=\"mb-2 mt-6 text-lg first:mt-3\"><strong>Zalety <a href=\"https:\/\/widevape.com\/pl\/\">Jednorazowe waporyzatory<\/a><\/strong><\/h2>\n<p>Jednorazowe e-papierosy, takie jak JNR Vape Watch, ciesz\u0105 si\u0119 rosn\u0105c\u0105 popularno\u015bci\u0105 ze wzgl\u0119du na \u0142atwo\u015b\u0107 u\u017cytkowania:<\/p>\n<ul class=\"marker:text-textOff list-disc\">\n<li>Nie wymaga konserwacji ani uzupe\u0142niania.<\/li>\n<li>Kompaktes Design \u2013 ideal f\u00fcr unterwegs.\n\n becomes \n\nKompaktowy design - idealny do podr\u00f3\u017cy.<\/li>\n<li>Wst\u0119pnie nape\u0142niony wysokiej jako\u015bci p\u0142ynem dla zapewnienia sta\u0142ej wydajno\u015bci.<\/li>\n<li>Dost\u0119pne s\u0105 bardziej przyjazne dla \u015brodowiska opcje.<\/li>\n<\/ul>\n<p>Te w\u0142a\u015bciwo\u015bci sprawiaj\u0105, \u017ce jednorazowe vape'y s\u0105 preferowanym wyborem zar\u00f3wno dla pocz\u0105tkuj\u0105cych, jak i do\u015bwiadczonych waper\u00f3w.<\/p>\n<h2 class=\"mb-2 mt-6 text-lg first:mt-3\"><strong>Wniosek: najlepszy wyb\u00f3r w sprzeda\u017cy hurtowej<\/strong><\/h2>\n<p>JNR Vape Watch 30000 Z\u00fcge to nie tylko jednorazowa e-papieros, ale multifunkcyjne urz\u0105dzenie lifestyle'owe, kt\u00f3re \u0142\u0105czy wygod\u0119, styl i wydajno\u015b\u0107. Niezale\u017cnie od tego, czy jeste\u015b sprzedawc\u0105 detalicznym, czy jako klient ko\u0144cowy chcesz kupi\u0107 du\u017ce ilo\u015bci - WideVape oferuje najlepsze warunki na rynku.<\/p>\n<p>Odwied\u017a WideVape ju\u017c dzi\u015b, aby z\u0142o\u017cy\u0107 zam\u00f3wienie i do\u015bwiadczy\u0107 wiod\u0105cej platformy europejskiej dla hurtowego zakupu jednorazowych waporyzator\u00f3w!<\/p>\n<p><img loading=\"lazy\" decoding=\"async\" class=\"alignnone wp-image-17240 size-full\" src=\"https:\/\/widevape.com\/wp-content\/uploads\/2025\/02\/JNR_Vape_Watch_30000-6-2.webp\" alt=\"JNR Vape Watch 30000 zaci\u0105gni\u0119\u0107 \u2013 10 smak\u00f3w, technologia podw\u00f3jnej siatki, 2% nikotyny, wielokrotnego \u0142adowania jednorazowa e-papieros dla hurtowni\" width=\"1080\" height=\"1080\" srcset=\"https:\/\/widevape.com\/wp-content\/uploads\/2025\/02\/JNR_Vape_Watch_30000-6-2.webp 1080w, https:\/\/widevape.com\/wp-content\/uploads\/2025\/02\/JNR_Vape_Watch_30000-6-2-247x247.webp 247w, https:\/\/widevape.com\/wp-content\/uploads\/2025\/02\/JNR_Vape_Watch_30000-6-2-100x100.webp 100w, https:\/\/widevape.com\/wp-content\/uploads\/2025\/02\/JNR_Vape_Watch_30000-6-2-510x510.webp 510w, https:\/\/widevape.com\/wp-content\/uploads\/2025\/02\/JNR_Vape_Watch_30000-6-2-300x300.webp 300w, https:\/\/widevape.com\/wp-content\/uploads\/2025\/02\/JNR_Vape_Watch_30000-6-2-1024x1024.webp 1024w, https:\/\/widevape.com\/wp-content\/uploads\/2025\/02\/JNR_Vape_Watch_30000-6-2-150x150.webp 150w, https:\/\/widevape.com\/wp-content\/uploads\/2025\/02\/JNR_Vape_Watch_30000-6-2-768x768.webp 768w\" sizes=\"auto, (max-width: 1080px) 100vw, 1080px\" \/> <img loading=\"lazy\" decoding=\"async\" class=\"alignnone wp-image-17239 size-full\" src=\"https:\/\/widevape.com\/wp-content\/uploads\/2025\/02\/JNR_Vape_Watch_30000-5.webp\" alt=\"JNR Vape Watch 30000 zaci\u0105gni\u0119\u0107 \u2013 10 smak\u00f3w, technologia podw\u00f3jnej siatki, 2% nikotyny, wielokrotnego \u0142adowania jednorazowa e-papieros dla hurtowni\" width=\"1060\" height=\"596\" srcset=\"https:\/\/widevape.com\/wp-content\/uploads\/2025\/02\/JNR_Vape_Watch_30000-5.webp 1060w, https:\/\/widevape.com\/wp-content\/uploads\/2025\/02\/JNR_Vape_Watch_30000-5-510x287.webp 510w, https:\/\/widevape.com\/wp-content\/uploads\/2025\/02\/JNR_Vape_Watch_30000-5-300x169.webp 300w, https:\/\/widevape.com\/wp-content\/uploads\/2025\/02\/JNR_Vape_Watch_30000-5-1024x576.webp 1024w, https:\/\/widevape.com\/wp-content\/uploads\/2025\/02\/JNR_Vape_Watch_30000-5-768x432.webp 768w\" sizes=\"auto, (max-width: 1060px) 100vw, 1060px\" \/><\/p>\n<p><img loading=\"lazy\" decoding=\"async\" class=\"alignnone\" src=\"https:\/\/widevape.com\/wp-content\/uploads\/2025\/02\/JNR_Vape_Watch_30000-1-2.webp\" alt=\"JNR Vape Watch 30000 zaci\u0105gni\u0119\u0107 \u2013 10 smak\u00f3w, technologia podw\u00f3jnej siatki, 2% nikotyny, wielokrotnego \u0142adowania jednorazowa e-papieros dla hurtowni\" width=\"1059\" height=\"596\" \/><\/p>\n<p><img loading=\"lazy\" decoding=\"async\" class=\"alignnone wp-image-17247 size-full\" src=\"https:\/\/widevape.com\/wp-content\/uploads\/2025\/02\/JNR_Vape_Watch_30000-1.webp\" alt=\"JNR Vape Watch 30000 zaci\u0105gni\u0119\u0107 \u2013 10 smak\u00f3w, technologia podw\u00f3jnej siatki, 2% nikotyny, wielokrotnego \u0142adowania jednorazowa e-papieros dla hurtowni\" width=\"1920\" height=\"1080\" srcset=\"https:\/\/widevape.com\/wp-content\/uploads\/2025\/02\/JNR_Vape_Watch_30000-1.webp 1920w, https:\/\/widevape.com\/wp-content\/uploads\/2025\/02\/JNR_Vape_Watch_30000-1-510x287.webp 510w, https:\/\/widevape.com\/wp-content\/uploads\/2025\/02\/JNR_Vape_Watch_30000-1-300x169.webp 300w, https:\/\/widevape.com\/wp-content\/uploads\/2025\/02\/JNR_Vape_Watch_30000-1-1024x576.webp 1024w, https:\/\/widevape.com\/wp-content\/uploads\/2025\/02\/JNR_Vape_Watch_30000-1-768x432.webp 768w, https:\/\/widevape.com\/wp-content\/uploads\/2025\/02\/JNR_Vape_Watch_30000-1-1536x864.webp 1536w\" sizes=\"auto, (max-width: 1920px) 100vw, 1920px\" \/><\/p>","protected":false},"excerpt":{"rendered":"<p>Die\u00a0<strong>JNR Vape Watch 30000 Z\u00fcge \n\nbez zmian, je\u015bli nie ma co t\u0142umaczy\u0107: JNR Vape Watch 30000 pulls \n ale je\u015bli:  JNR Vape Watch 30000 z\u00fcge - &gt; JNR Vape Watch 30000 ci\u0105gni\u0119\u0107 \nbardziej adekwatne:  JNR Vape Watch 30000 puff\u00f3w \nWynik: JNR Vape Watch 30000 puff\u00f3w<\/strong>\u00a0jest innowacyjn\u0105 jednorazow\u0105 e-papieros\u0105 z funkcj\u0105 smartwatcha, technologi\u0105 podw\u00f3jnej siatki i imponuj\u0105c\u0105 pojemno\u015bci\u0105 30 000 zaci\u0105gni\u0119\u0107, kt\u00f3ra \u0142\u0105czy stylow\u0105 konstrukcj\u0119 z najwy\u017csz\u0105 wydajno\u015bci\u0105 - dost\u0119pna wy\u0142\u0105cznie w WideVape, Twoim ekspercie w dziedzinie hurtowni w Europie.<\/p>","protected":false},"featured_media":17240,"comment_status":"open","ping_status":"closed","template":"","meta":[],"product_brand":[],"product_cat":[109,92,93,94,90,49,96],"product_tag":[],"class_list":{"0":"post-17218","1":"product","2":"type-product","3":"status-publish","4":"has-post-thumbnail","6":"product_cat-30000-zuege-einweg-e-zigaretten","7":"product_cat-digitale-box-einweg-e-zigaretten","8":"product_cat-dual-mesh-einweg-e-zigaretten","9":"product_cat-einweg-e-zigaretten-mit-niedriger-nikotinstaerke","10":"product_cat-grosse-einweg-e-zigaretten","11":"product_cat-jnr-einweg-e-zigaretten","12":"product_cat-wiederaufladbare-einweg-e-zigaretten","14":"first","15":"outofstock","16":"shipping-taxable","17":"purchasable","18":"product-type-variable"},"_links":{"self":[{"href":"https:\/\/widevape.com\/pl\/wp-json\/wp\/v2\/product\/17218","targetHints":{"allow":["GET"]}}],"collection":[{"href":"https:\/\/widevape.com\/pl\/wp-json\/wp\/v2\/product"}],"about":[{"href":"https:\/\/widevape.com\/pl\/wp-json\/wp\/v2\/types\/product"}],"replies":[{"embeddable":true,"href":"https:\/\/widevape.com\/pl\/wp-json\/wp\/v2\/comments?post=17218"}],"wp:featuredmedia":[{"embeddable":true,"href":"https:\/\/widevape.com\/pl\/wp-json\/wp\/v2\/media\/17240"}],"wp:attachment":[{"href":"https:\/\/widevape.com\/pl\/wp-json\/wp\/v2\/media?parent=17218"}],"wp:term":[{"taxonomy":"product_brand","embeddable":true,"href":"https:\/\/widevape.com\/pl\/wp-json\/wp\/v2\/product_brand?post=17218"},{"taxonomy":"product_cat","embeddable":true,"href":"https:\/\/widevape.com\/pl\/wp-json\/wp\/v2\/product_cat?post=17218"},{"taxonomy":"product_tag","embeddable":true,"href":"https:\/\/widevape.com\/pl\/wp-json\/wp\/v2\/product_tag?post=17218"}],"curies":[{"name":"wp","href":"https:\/\/api.w.org\/{rel}","templated":true}]}}