{"id":22137,"date":"2025-02-24T09:53:27","date_gmt":"2025-02-24T08:53:27","guid":{"rendered":"https:\/\/widevape.com\/?post_type=product&#038;p=22137"},"modified":"2026-04-10T09:48:09","modified_gmt":"2026-04-10T07:48:09","slug":"rahdm-tornado-15000-pociagi-led-wyswietlacz-2-niski-zawartosc-nikotyny-hurt-kilka-smakow-wielokrotnego-uzytku-jednorazowa-vape-olowek","status":"publish","type":"product","link":"https:\/\/widevape.com\/pl\/product\/rahdm-tornado-15000-zuege-led-anzeige-2-niedriger-nikotin-gehalt-grosshandel-mehrere-geschmacksrichtungen-wiederaufladbarer-einweg-vape-stift\/","title":{"rendered":"RahdM Tornado 15000 Z\u00fcge LED-ekran 2% Niski zawarto\u015b\u0107 nikotyny Hurt Wielu smak\u00f3w Jednorazowy d\u0142ugopis vape z mo\u017cliwo\u015bci\u0105 ponownego \u0142adowania"},"content":{"rendered":"<div style=\"width: 544px;\" class=\"wp-video\"><video class=\"wp-video-shortcode\" id=\"video-22137-1\" width=\"544\" height=\"960\" preload=\"metadata\" controls=\"controls\"><source type=\"video\/mp4\" src=\"https:\/\/widevape.com\/wp-content\/uploads\/2025\/02\/RahdM-Tornado-15000.mp4?_=1\" \/><a href=\"https:\/\/widevape.com\/wp-content\/uploads\/2025\/02\/RahdM-Tornado-15000.mp4\">https:\/\/widevape.com\/wp-content\/uploads\/2025\/02\/RahdM-Tornado-15000.mp4<\/a><\/video><\/div>\n<h2 class=\"mb-2 mt-6 text-lg font-[500] first:mt-3\"><a href=\"https:\/\/widevape.com\/product-category\/rahdm-tornado-einweg-e-zigaretten\/\">RahdM Tornado<\/a> 15000 Z\u00fcge: Die Revolution im Vaping<\/h2>\n<p class=\"my-0\">Der\u00a0<strong>RahdM Tornado 15000 Z\u00fcge<\/strong>\u00a0ist ein bahnbrechendes Einweg-Vape, das die Grenzen des Dampfens neu definiert. Mit einer beeindruckenden Z\u00fcge-Kapazit\u00e4t von bis zu 15.000 Z\u00fcgen und einer gro\u00dfz\u00fcgigen 25ml E-Liquid-Kapazit\u00e4t bietet es ein unvergleichliches Dampferlebnis. Dieses innovative Ger\u00e4t ist nicht nur f\u00fcr seine Langlebigkeit bekannt, sondern auch f\u00fcr seine umweltfreundliche Wiederaufladbarkeit und sein schlankes Design.<\/p>\n<h2 class=\"mb-xs mt-5 text-base font-[525] first:mt-3\">Hauptmerkmale des RahdM Tornado <a href=\"https:\/\/widevape.com\/product-category\/einweg-e-zigaretten-nach-zuegen\/15000-zuege-einweg-e-zigaretten\/\">15000 Z\u00fcge<\/a><\/h2>\n<ul class=\"marker:text-textOff list-disc\">\n<li>\n<p class=\"my-0\"><strong>Erweiterte Z\u00fcge-Kapazit\u00e4t<\/strong>: Bis zu 15.000 Z\u00fcge f\u00fcr ein langanhaltendes Vaping-Erlebnis.<\/p>\n<\/li>\n<li>\n<p class=\"my-0\"><strong>Gro\u00dfz\u00fcgige E-Liquid-Kapazit\u00e4t<\/strong>: Der vorgef\u00fcllte 25-ml-Beh\u00e4lter minimiert das Nachf\u00fcllen und maximiert den Komfort.<\/p>\n<\/li>\n<li>\n<p class=\"my-0\"><strong>Robuste Batterie<\/strong>: Ein 850mAh-Akku f\u00fcr l\u00e4ngere Vaping-Sessions mit minimaler Ausfallzeit.<\/p>\n<\/li>\n<li>\n<p class=\"my-0\"><strong>Nikotin-Optionen<\/strong>: Erh\u00e4ltlich in den Nikotinkonzentrationen 0%, 2%, 3% und 5%, um verschiedenen Vorlieben gerecht zu werden.<\/p>\n<\/li>\n<li>\n<p class=\"my-0\"><strong>Erweiterte Mesh-Spule<\/strong>: Eine 0,9\u03a9 Widerstandsspule bietet glatte, konsistente Dampf- und Geschmackserfahrung.<\/p>\n<\/li>\n<li>\n<p class=\"my-0\"><strong>Schnelles Aufladen<\/strong>: Typ-C-Anschluss f\u00fcr schnelles und effizientes Aufladen.<\/p>\n<\/li>\n<\/ul>\n<h2 class=\"mb-xs mt-5 text-base font-[525] first:mt-3\">Geschmacksauswahl<\/h2>\n<p>Der\u00a0RahdM Tornado 15000 Z\u00fcge\u00a0bietet eine Vielzahl von Geschmacksrichtungen, die f\u00fcr jeden Geschmack etwas bieten:<\/p>\n<ol class=\"marker:text-textOff list-decimal\">\n<li>\n<p class=\"my-0\"><strong>KIWI PASSION FRUIT GUAVA<\/strong>: Diese tropische Mischung aus Kiwi, Guave und Passionsfrucht sorgt f\u00fcr einen frischen und fruchtigen Geschmack.<\/p>\n<\/li>\n<li>\n<p class=\"my-0\"><strong>BLUEBERRY POMEGRANATE<\/strong>: Eine reiche Kombination aus Blaubeeren und Granatapfel, die s\u00fc\u00dfe und leicht s\u00e4uerliche Noten bietet.<\/p>\n<\/li>\n<li>\n<p class=\"my-0\"><strong>MIXED BERRY<\/strong>: Eine Mischung aus verschiedenen Beeren, die einen komplexen, aber harmonischen Geschmack bietet.<\/p>\n<\/li>\n<li>\n<p class=\"my-0\"><strong>BLUEBERRY PASPBERRY<\/strong>: Eine einzigartige Fusion aus Blaubeeren und Himbeeren, die einen s\u00fc\u00dfen und leicht s\u00e4uerlichen Geschmack ergibt.<\/p>\n<\/li>\n<li>\n<p class=\"my-0\"><strong>PINK LEMONADE<\/strong>: Inspiriert von der klassischen Sommerlimonade, bietet dieser Geschmack eine s\u00fc\u00dfe und zitronige Note mit einem Hauch von Rosa.<\/p>\n<\/li>\n<li>\n<p class=\"my-0\"><strong>STRAWBERRY GRAPE<\/strong>: Kombiniert die S\u00fc\u00dfe von Erdbeeren mit der F\u00fclle von Trauben, was zu einem fruchtigen und genussvollen Geschmack f\u00fchrt.<\/p>\n<\/li>\n<li>\n<p class=\"my-0\"><strong>TRIPLE BERRY<\/strong>: Eine Mischung aus drei verschiedenen Beeren, die einen komplexen und befriedigenden Geschmack bietet.<\/p>\n<\/li>\n<li>\n<p class=\"my-0\"><strong>BLUEBERRY ON ICE<\/strong>: Eine erfrischende Variante des klassischen Blaubeergeschmacks mit einer k\u00fchlenden Menthol-Empfindung.<\/p>\n<\/li>\n<li>\n<p class=\"my-0\"><strong>STRAWBERRY BANANA<\/strong>: Eine s\u00fc\u00dfe und cremige Kombination aus Erdbeeren und Bananen, ideal f\u00fcr diejenigen, die fruchtige und glatte Geschmacksrichtungen bevorzugen.<\/p>\n<\/li>\n<li>\n<p class=\"my-0\"><strong>BLUE RAZZ CHERRY<\/strong>: Eine lebendige Mischung aus blauer Himbeere und Kirsche, die einen kr\u00e4ftigen und fruchtigen Geschmack bietet.<\/p>\n<\/li>\n<\/ol>\n<h2 class=\"mb-xs mt-5 text-base font-[525] first:mt-3\">Warum <a href=\"https:\/\/widevape.com\/\">WideVape<\/a> f\u00fcr Ihre Vape-Bed\u00fcrfnisse?<\/h2>\n<p class=\"my-0\">Bei\u00a0<strong>WideVape<\/strong>\u00a0sind wir stolz darauf, die gr\u00f6\u00dfte Online-Wholesale-Plattform f\u00fcr <a href=\"https:\/\/widevape.com\/\">Einweg-Vapes<\/a> in den Niederlanden, Deutschland, Belgien und Spanien zu sein. Unsere umfangreiche Auswahl umfasst Top-Marken wie\u00a0<strong>Al Fakher<\/strong>,\u00a0<strong>Waspe<\/strong>,\u00a0<strong>Vapme<\/strong>,\u00a0<strong>Bang Box<\/strong>,\u00a0<strong>RandM Tornado<\/strong>,\u00a0<strong>Bang King<\/strong>,\u00a0<strong>Doloda<\/strong>,\u00a0<strong>Elf Box<\/strong>,\u00a0<strong>Vapsolo<\/strong>,\u00a0<strong>FluuM<\/strong>,\u00a0<strong>FIZZY<\/strong>,\u00a0<strong>BIMO<\/strong>,\u00a0<strong>Smokman<\/strong>,\u00a0<strong>Kangertech<\/strong>,\u00a0<strong>Aupo<\/strong>,\u00a0<strong>Old School<\/strong>,\u00a0<strong>Waspe<\/strong>,\u00a0<strong>Vapsolo<\/strong>\u00a0und\u00a0<strong>SFOG<\/strong>. Wir bieten wettbewerbsf\u00e4hige Rabatte f\u00fcr Gro\u00dfbestellungen und garantieren schnellen, versicherten Versand in alle EU-L\u00e4nder.<\/p>\n<h2 class=\"mb-xs mt-5 text-base font-[525] first:mt-3\">Zahlungsm\u00f6glichkeiten<\/h2>\n<p class=\"my-0\">Wir bieten eine Vielzahl von bequemen Zahlungsmethoden an, darunter\u00a0<strong>PayPal<\/strong>,\u00a0<strong>Kreditkarten<\/strong>,\u00a0<strong>iDEAL<\/strong>\u00a0f\u00fcr niederl\u00e4ndische Kunden,\u00a0<strong>Bancontact<\/strong>\u00a0f\u00fcr belgische Kunden und\u00a0<strong>SEPA-Bank\u00fcberweisungen<\/strong>\u00a0f\u00fcr andere europ\u00e4ische L\u00e4nder. Diese Flexibilit\u00e4t erm\u00f6glicht es unseren Kunden, Transaktionen aus ganz Europa problemlos abzuwickeln.<\/p>\n<h2 class=\"mb-2 mt-6 text-lg font-[500] first:mt-3\">Fazit<\/h2>\n<p class=\"my-0\">Der\u00a0<strong>RahdM Tornado 15000 Z\u00fcge<\/strong>\u00a0ist eine au\u00dfergew\u00f6hnliche Wahl f\u00fcr jeden, der nach einem zuverl\u00e4ssigen und geschmackvollen Einweg-Vape sucht. Mit seinen beeindruckenden Funktionen und der Vielzahl an Geschmacksrichtungen hebt es sich von anderen Produkten ab. F\u00fcr Interessenten, die dieses Produkt oder andere hochwertige Einweg-Vapes erwerben m\u00f6chten, ist\u00a0<strong>WideVape<\/strong>\u00a0der ideale Ort. Besuchen Sie uns heute, um das Beste aus dem europ\u00e4ischen <a href=\"https:\/\/widevape.com\/\">Einweg-Vape<\/a>-Markt zu entdecken und die Vorteile von Gro\u00dfbestellungen mit Vertrauen zu nutzen.<\/p>\n<p><img loading=\"lazy\" decoding=\"async\" class=\"alignnone wp-image-22167 size-full\" src=\"https:\/\/widevape.com\/wp-content\/uploads\/2025\/02\/RahdM_Tornado_15000-8.webp\" alt=\"RahdM Tornado 15000 Z\u00fcge LED-Anzeige 2% Niedriger Nikotin Gehalt Gro\u00dfhandel Mehrere Geschmacksrichtungen Wiederaufladbarer Einweg-Vape-Stift\" width=\"1500\" height=\"1500\" srcset=\"https:\/\/widevape.com\/wp-content\/uploads\/2025\/02\/RahdM_Tornado_15000-8.webp 1500w, https:\/\/widevape.com\/wp-content\/uploads\/2025\/02\/RahdM_Tornado_15000-8-247x247.webp 247w, https:\/\/widevape.com\/wp-content\/uploads\/2025\/02\/RahdM_Tornado_15000-8-100x100.webp 100w, https:\/\/widevape.com\/wp-content\/uploads\/2025\/02\/RahdM_Tornado_15000-8-510x510.webp 510w, https:\/\/widevape.com\/wp-content\/uploads\/2025\/02\/RahdM_Tornado_15000-8-300x300.webp 300w, https:\/\/widevape.com\/wp-content\/uploads\/2025\/02\/RahdM_Tornado_15000-8-1024x1024.webp 1024w, https:\/\/widevape.com\/wp-content\/uploads\/2025\/02\/RahdM_Tornado_15000-8-150x150.webp 150w, https:\/\/widevape.com\/wp-content\/uploads\/2025\/02\/RahdM_Tornado_15000-8-768x768.webp 768w\" sizes=\"auto, (max-width: 1500px) 100vw, 1500px\" \/><\/p>\n","protected":false},"excerpt":{"rendered":"<p>Der\u00a0<strong>RahdM Tornado 15000 Z\u00fcge \n\nbez zmian - Tornado 15000 Z\u00fcge \nRahdM nie wymaga t\u0142umaczenia \nwi\u0119c \nRahdM Tornado 15000 Z\u00fcge<\/strong>\u00a0jest prze\u0142omowym jednorazowym waporyzatorem, kt\u00f3ry wyr\u00f3\u017cnia si\u0119 imponuj\u0105c\u0105 pojemno\u015bci\u0105 zaci\u0105gni\u0119\u0107, hojn\u0105 pojemno\u015bci\u0105 e-liquidu oraz r\u00f3\u017cnorodno\u015bci\u0105 smak\u00f3w, idealnym dla waper\u00f3w szukaj\u0105cych niezawodnego i smakowitego do\u015bwiadczenia z wapowaniem.<\/p>","protected":false},"featured_media":22174,"comment_status":"open","ping_status":"closed","template":"","meta":[],"product_brand":[],"product_cat":[103,92,37,94,90,57,98,96],"product_tag":[],"class_list":{"0":"post-22137","1":"product","2":"type-product","3":"status-publish","4":"has-post-thumbnail","6":"product_cat-15000-zuege-einweg-e-zigaretten","7":"product_cat-digitale-box-einweg-e-zigaretten","8":"product_cat-einweg-e-zigaretten","9":"product_cat-einweg-e-zigaretten-mit-niedriger-nikotinstaerke","10":"product_cat-grosse-einweg-e-zigaretten","11":"product_cat-rahdm-tornado-einweg-e-zigaretten","12":"product_cat-tornado-einweg-e-zigaretten","13":"product_cat-wiederaufladbare-einweg-e-zigaretten","15":"first","16":"instock","17":"shipping-taxable","18":"purchasable","19":"product-type-variable","20":"has-default-attributes"},"_links":{"self":[{"href":"https:\/\/widevape.com\/pl\/wp-json\/wp\/v2\/product\/22137","targetHints":{"allow":["GET"]}}],"collection":[{"href":"https:\/\/widevape.com\/pl\/wp-json\/wp\/v2\/product"}],"about":[{"href":"https:\/\/widevape.com\/pl\/wp-json\/wp\/v2\/types\/product"}],"replies":[{"embeddable":true,"href":"https:\/\/widevape.com\/pl\/wp-json\/wp\/v2\/comments?post=22137"}],"wp:featuredmedia":[{"embeddable":true,"href":"https:\/\/widevape.com\/pl\/wp-json\/wp\/v2\/media\/22174"}],"wp:attachment":[{"href":"https:\/\/widevape.com\/pl\/wp-json\/wp\/v2\/media?parent=22137"}],"wp:term":[{"taxonomy":"product_brand","embeddable":true,"href":"https:\/\/widevape.com\/pl\/wp-json\/wp\/v2\/product_brand?post=22137"},{"taxonomy":"product_cat","embeddable":true,"href":"https:\/\/widevape.com\/pl\/wp-json\/wp\/v2\/product_cat?post=22137"},{"taxonomy":"product_tag","embeddable":true,"href":"https:\/\/widevape.com\/pl\/wp-json\/wp\/v2\/product_tag?post=22137"}],"curies":[{"name":"wp","href":"https:\/\/api.w.org\/{rel}","templated":true}]}}