{"id":22386,"date":"2025-02-25T03:14:47","date_gmt":"2025-02-25T02:14:47","guid":{"rendered":"https:\/\/widevape.com\/?post_type=product&#038;p=22386"},"modified":"2026-01-19T03:29:52","modified_gmt":"2026-01-19T02:29:52","slug":"skrzynka-bang-30000-zaciagow-jednorazowa-ladowalna-e-papieros-z-podwojna-siatka-inteligentnym-wyswietlaczem-i-0-2-3-5-nikotyny-hurtownia-dla-niskich-stezen-nikotyny","status":"publish","type":"product","link":"https:\/\/widevape.com\/pl\/product\/bang-box-30000-zuege-wiederaufladbare-einweg-e-zigarette-mit-dual-mesh-smart-display-und-0-2-3-5-nikotin-grosshandel-fuer-niedrige-nikotinstaerken\/","title":{"rendered":"Bang Box 30000 zaci\u0105gni\u0119\u0107 Jednorazowa e-papieros z mo\u017cliwo\u015bci\u0105 ponownego \u0142adowania z podw\u00f3jn\u0105 siatk\u0105, inteligentnym wy\u015bwietlaczem i 0%, 2%, 3%, 5% Nikotyna - Hurtownia niskich st\u0119\u017ce\u0144 nikotyny"},"content":{"rendered":"<div style=\"width: 706px;\" class=\"wp-video\"><video class=\"wp-video-shortcode\" id=\"video-22386-1\" width=\"706\" height=\"480\" preload=\"metadata\" controls=\"controls\"><source type=\"video\/mp4\" src=\"https:\/\/widevape.com\/wp-content\/uploads\/2025\/02\/Bang-Box-30000.mp4?_=1\" \/><a href=\"https:\/\/widevape.com\/wp-content\/uploads\/2025\/02\/Bang-Box-30000.mp4\">https:\/\/widevape.com\/wp-content\/uploads\/2025\/02\/Bang-Box-30000.mp4<\/a><\/video><\/div>\n<h1 class=\"mb-3 mt-8 text-[1.4rem] font-[475] leading-[1.5em] first:mt-3\"><a href=\"https:\/\/widevape.com\/product-category\/bang-einweg-e-zigaretten\/\">Bang<\/a> Box 30000 Z\u00fcge: Die perfekte Wahl f\u00fcr Bulk-K\u00e4ufer von Einweg-Vapes<\/h1>\n<p class=\"my-0\">Die\u00a0<strong>Bang Box 30000 Z\u00fcge<\/strong>\u00a0ist ein hochmodernes Einweg-Vape-Ger\u00e4t, das speziell f\u00fcr anspruchsvolle Vaper entwickelt wurde. Mit ihrer beeindruckenden Leistung, innovativen Technologie und einer Vielzahl von Geschmacksrichtungen setzt sie neue Ma\u00dfst\u00e4be in der Welt der Einweg-E-Zigaretten. Ob f\u00fcr den pers\u00f6nlichen Gebrauch oder den Gro\u00dfhandel \u2013 die Bang Box 30000 Z\u00fcge bietet ein unschlagbares Preis-Leistungs-Verh\u00e4ltnis. Exklusiv erh\u00e4ltlich auf\u00a0<strong>WideVape<\/strong>, der gr\u00f6\u00dften Online-Plattform f\u00fcr den Gro\u00dfhandel mit Einweg-Vapes in Europa, ist dieses Produkt die ideale Wahl f\u00fcr K\u00e4ufer in Deutschland, den Niederlanden, Belgien und Spanien.<\/p>\n<h2 class=\"mb-xs mt-5 text-base font-[525] first:mt-3\"><strong>Hauptmerkmale der Bang Box <a href=\"https:\/\/widevape.com\/product-category\/einweg-e-zigaretten-nach-zuegen\/30000-zuege-einweg-e-zigaretten\/\">30000 Z\u00fcge<\/a><\/strong><\/h2>\n<ol class=\"marker:text-textOff list-decimal\">\n<li>\n<p class=\"my-0\"><strong>Enorme Zugkapazit\u00e4t<\/strong>: Bis zu 30.000 Z\u00fcge pro Ger\u00e4t \u2013 eine der h\u00f6chsten Kapazit\u00e4ten auf dem Markt.<\/p>\n<\/li>\n<li>\n<p class=\"my-0\"><strong>Wiederaufladbarer Akku<\/strong>: Ausgestattet mit einem Type-C-Anschluss und einem langlebigen 850mAh-Pure-Cobalt-Akku mit 5A-Entladung.<\/p>\n<\/li>\n<li>\n<p class=\"my-0\"><strong>Fortschrittliches Heizsystem<\/strong>: Dual-Mesh-Coils (0,4 Ohm) und Single-Mesh-Option (0,8 Ohm) sorgen f\u00fcr gleichm\u00e4\u00dfiges Erhitzen und intensiven Geschmack.<\/p>\n<\/li>\n<li>\n<p class=\"my-0\"><strong>Gro\u00dfe E-Liquid-Kapazit\u00e4t<\/strong>: Vorgef\u00fcllt mit 35ml Premium-Liquid f\u00fcr langanhaltenden Genuss.<\/p>\n<\/li>\n<li>\n<p class=\"my-0\"><strong>Intelligente Anzeige<\/strong>: \u00d6l- und Akkustandsanzeige f\u00fcr maximale Benutzerfreundlichkeit.<\/p>\n<\/li>\n<li>\n<p class=\"my-0\"><strong>Anpassbare Luftstromkontrolle<\/strong>: Dual-Honeycomb-System erm\u00f6glicht eine individuelle Anpassung des Luftstroms.<\/p>\n<\/li>\n<li>\n<p class=\"my-0\"><strong>Verschiedene Nikotinst\u00e4rken<\/strong>: Erh\u00e4ltlich in 0%, 2%, 3% und 5% Nikotin, um unterschiedliche Vorlieben zu bedienen.<\/p>\n<\/li>\n<li>\n<p class=\"my-0\"><strong>Kompaktes Design<\/strong>: Mit einem Gewicht von nur 100g und Abmessungen von 115mm x 60mm x 33mm ist die Bang Box leicht tragbar.<\/p>\n<\/li>\n<li>\n<p class=\"my-0\"><strong>Umweltfreundliche Verpackung<\/strong>: Jede Box enth\u00e4lt zehn Ger\u00e4te (1kg pro Box), ideal f\u00fcr den Gro\u00dfhandel.<\/p>\n<\/li>\n<\/ol>\n<h2>Geschmacksrichtungen \u2013 F\u00fcr jeden etwas dabei<\/h2>\n<p>Die Bang Box 30000 Z\u00fcge bietet eine breite Palette an sorgf\u00e4ltig entwickelten Geschmacksrichtungen, die jeden Geschmack treffen:<\/p>\n<ol class=\"marker:text-textOff list-decimal\">\n<li>\n<p class=\"my-0\"><strong>Strawberry Kiwi<\/strong>: Eine erfrischende Kombination aus s\u00fc\u00dfen Erdbeeren und spritziger Kiwi \u2013 perfekt f\u00fcr einen sommerlichen Genuss.<\/p>\n<\/li>\n<li>\n<p class=\"my-0\"><strong>Black Burst<\/strong>: Ein intensiver Mix aus dunklen Beeren mit einem Hauch von Menthol f\u00fcr einen k\u00fchlen und kr\u00e4ftigen Geschmack.<\/p>\n<\/li>\n<li>\n<p class=\"my-0\"><strong>Strawberry Watermelon<\/strong>: Saftige Wassermelone trifft auf s\u00fc\u00dfe Erdbeeren \u2013 ein fruchtiger Klassiker.<\/p>\n<\/li>\n<li>\n<p class=\"my-0\"><strong>Passion Fruit<\/strong>: Exotische Passionsfrucht mit einer perfekten Balance aus S\u00fc\u00dfe und S\u00e4ure \u2013 ideal f\u00fcr Liebhaber tropischer Aromen.<\/p>\n<\/li>\n<li>\n<p class=\"my-0\"><strong>Blueberry Raspberry Ice <\/strong>:Eine k\u00fchle Kombination aus s\u00fc\u00dfen Blaubeeren und spritzigen Himbeeren mit eisigem Abgang f\u00fcr ultimative Erfrischung.<\/p>\n<\/li>\n<li>\n<p class=\"my-0\"><strong>Blueberry Ice<\/strong>: S\u00fc\u00dfe Blaubeeren, erg\u00e4nzt durch ein frostiges Eisgef\u00fchl f\u00fcr ein cooles Dampferlebnis.<\/p>\n<\/li>\n<li>\n<p class=\"my-0\"><strong>Watermelon Ice<\/strong>: Der klassische Wassermelonengeschmack wird durch einen Hauch von eisigem Menthol erg\u00e4nzt.<\/p>\n<\/li>\n<li>\n<p class=\"my-0\"><strong>Blueberry Pomegranate<\/strong>: Eine harmonische Mischung aus reifen Blaubeeren und herber Granatapfelnote f\u00fcr ein komplexes Aroma.<\/p>\n<\/li>\n<li>\n<p class=\"my-0\"><strong>Apple Peach<\/strong>: Knackiger Apfel trifft auf saftigen Pfirsich \u2013 eine perfekte Balance zwischen Frische und S\u00fc\u00dfe.<\/p>\n<\/li>\n<li>\n<p class=\"my-0\"><strong> Jungle Juice<\/strong>: Eine exotische Mischung aus tropischen Fruchtaromen, die Sie ins Paradies entf\u00fchrt<\/p>\n<\/li>\n<li>\n<p class=\"my-0\"><strong> Double Grape<\/strong>: Intensiver Traubengeschmack mit doppelter S\u00fc\u00dfe und Tiefe \u2013 ideal f\u00fcr Liebhaber kr\u00e4ftiger Fruchtaromen.<\/p>\n<\/li>\n<li>\n<p class=\"my-0\"><strong>Blue Burst<\/strong>: Eine lebendige Mischung aus s\u00fc\u00dfen und spritzigen Aromen blauer Himbeeren, die Ihre Geschmacksknospen anregen.<\/p>\n<\/li>\n<\/ol>\n<h2 class=\"mb-2 mt-6 text-lg font-[500] first:mt-3\">Warum bei <a href=\"https:\/\/widevape.com\/\">WideVape<\/a> kaufen?<\/h2>\n<p class=\"my-0\">WideVape ist Europas f\u00fchrende Online-Gro\u00dfhandelsplattform f\u00fcr <a href=\"https:\/\/widevape.com\/\">Einweg-Vapes<\/a> renommierter Marken wie Bang Box, RandM Tornado, Elf Box und Vapme. Mit \u00fcber zehn Jahren Erfahrung im Vertrieb von E-Zigaretten in Europa bietet WideVape hochwertige Produkte zu unschlagbaren Preisen.<\/p>\n<h2 class=\"mb-xs mt-5 text-base font-[525] first:mt-3\">Vorteile beim Kauf bei WideVape:<\/h2>\n<ol class=\"marker:text-textOff list-decimal\">\n<li>\n<p class=\"my-0\"><strong>Bestpreisgarantie<\/strong>: Unsere Gro\u00dfhandelspreise bieten Ihnen das beste Preis-Leistungs-Verh\u00e4ltnis auf dem Markt.<\/p>\n<\/li>\n<li>\n<p class=\"my-0\"><strong>Gro\u00dfe Produktauswahl<\/strong>: Wir f\u00fchren die beliebtesten Einweg-Vape-Marken Europas an einem Ort zusammen.<\/p>\n<\/li>\n<li>\n<p class=\"my-0\"><strong>Schneller &amp; versicherter Versand<\/strong>: Zuverl\u00e4ssige Lieferung in alle EU-L\u00e4nder garantiert eine reibungslose Abwicklung Ihrer Bestellungen.<\/p>\n<\/li>\n<li>\n<p class=\"my-0\"><strong>Sichere Zahlungsmethoden<\/strong>: Neben PayPal und Kreditkarten akzeptieren wir auch iDEAL (Niederlande), Bancontact (Belgien) sowie SEPA-Bank\u00fcberweisungen.<\/p>\n<\/li>\n<\/ol>\n<h2 class=\"mb-2 mt-6 text-lg font-[500] first:mt-3\">Bulk-Angebote f\u00fcr die Bang Box 30000 Z\u00fcge<\/h2>\n<p class=\"my-0\">F\u00fcr Einzelh\u00e4ndler oder K\u00e4ufer, die gr\u00f6\u00dfere Mengen ben\u00f6tigen, bietet WideVape attraktive Bulk-Angebote an. Dank der speziell f\u00fcr den Gro\u00dfhandel entwickelten Verpackung k\u00f6nnen Sie problemlos gr\u00f6\u00dfere Best\u00e4nde lagern und gleichzeitig von erheblichen Rabatten profitieren.<\/p>\n<h2 class=\"mb-xs mt-5 text-base font-[525] first:mt-3\">Verpackungsdetails:<\/h2>\n<ul class=\"marker:text-textOff list-disc\">\n<li>\n<p class=\"my-0\">Gewicht &amp; Ma\u00dfe eines Ger\u00e4ts: 100g; 115mm x 60mm x 33mm<\/p>\n<\/li>\n<li>\n<p class=\"my-0\">Gewicht &amp; Ma\u00dfe einer Box (10 Ger\u00e4te): 1kg; 171mm x 123mm x 118mm<\/p>\n<\/li>\n<li>\n<p class=\"my-0\">Karton-Spezifikationen (10 Boxen): Gesamtgewicht ca. 21kg; Ma\u00dfe 64cm x 35,5cm x 25,5cm<\/p>\n<\/li>\n<\/ul>\n<h2 class=\"mb-2 mt-6 text-lg font-[500] first:mt-3\">Fazit<\/h2>\n<p class=\"my-0\">Die Bang Box 30000 Z\u00fcge ist die ideale Wahl f\u00fcr alle, die ein hochwertiges <a href=\"https:\/\/widevape.com\/\">Einweg-Vape<\/a>-Ger\u00e4t suchen \u2013 sei es f\u00fcr den pers\u00f6nlichen Gebrauch oder den Gro\u00dfhandel. Mit ihrer hohen Zugkapazit\u00e4t, innovativen Technologie und vielf\u00e4ltigen Geschmacksrichtungen erf\u00fcllt sie selbst h\u00f6chste Anspr\u00fcche.<\/p>\n<p class=\"my-0\">Besuchen Sie noch heute WideVape und entdecken Sie unser umfangreiches Sortiment an Einweg-Vapes renommierter Marken wie Bang Box! Profitieren Sie von unseren exklusiven Gro\u00dfhandelsangeboten und genie\u00dfen Sie schnellen Versand sowie sichere Zahlungsmethoden!<\/p>\n<p><img loading=\"lazy\" decoding=\"async\" class=\"alignnone wp-image-22399 size-full\" src=\"https:\/\/widevape.com\/wp-content\/uploads\/2025\/02\/Bang_Box_30000-1.webp\" alt=\"Bang Box 30000 Z\u00fcge Wiederaufladbare Einweg E-Zigarette mit Dual Mesh, Smart Display und 0%, 2%, 3%, 5% Nikotin \u2013 Gro\u00dfhandel f\u00fcr niedrige Nikotinst\u00e4rken\" width=\"800\" height=\"1313\" srcset=\"https:\/\/widevape.com\/wp-content\/uploads\/2025\/02\/Bang_Box_30000-1.webp 800w, https:\/\/widevape.com\/wp-content\/uploads\/2025\/02\/Bang_Box_30000-1-510x837.webp 510w, https:\/\/widevape.com\/wp-content\/uploads\/2025\/02\/Bang_Box_30000-1-183x300.webp 183w, https:\/\/widevape.com\/wp-content\/uploads\/2025\/02\/Bang_Box_30000-1-624x1024.webp 624w, https:\/\/widevape.com\/wp-content\/uploads\/2025\/02\/Bang_Box_30000-1-768x1260.webp 768w\" sizes=\"auto, (max-width: 800px) 100vw, 800px\" \/><\/p>\n","protected":false},"excerpt":{"rendered":"<p>Die\u00a0<strong>Bang Box 30000 zaci\u0105g\u00f3w<\/strong>\u00a0jest innowacyjnym jednorazowym urz\u0105dzeniem do wapowania o maksymalnie 30 000 zaci\u0105gni\u0119ciach, akumulatorem do\u0142adowywanym, regulowanym przep\u0142ywem powietrza oraz r\u00f3\u017cnorodno\u015bci\u0105 smak\u00f3w - idealnym dla nabywc\u00f3w hurtowych w WideVape.<\/p>","protected":false},"featured_media":22397,"comment_status":"open","ping_status":"closed","template":"","meta":[],"product_brand":[],"product_cat":[109,33,92,93,37,94,90,96],"product_tag":[],"class_list":{"0":"post-22386","1":"product","2":"type-product","3":"status-publish","4":"has-post-thumbnail","6":"product_cat-30000-zuege-einweg-e-zigaretten","7":"product_cat-bang-einweg-e-zigaretten","8":"product_cat-digitale-box-einweg-e-zigaretten","9":"product_cat-dual-mesh-einweg-e-zigaretten","10":"product_cat-einweg-e-zigaretten","11":"product_cat-einweg-e-zigaretten-mit-niedriger-nikotinstaerke","12":"product_cat-grosse-einweg-e-zigaretten","13":"product_cat-wiederaufladbare-einweg-e-zigaretten","15":"first","16":"outofstock","17":"shipping-taxable","18":"purchasable","19":"product-type-variable"},"_links":{"self":[{"href":"https:\/\/widevape.com\/pl\/wp-json\/wp\/v2\/product\/22386","targetHints":{"allow":["GET"]}}],"collection":[{"href":"https:\/\/widevape.com\/pl\/wp-json\/wp\/v2\/product"}],"about":[{"href":"https:\/\/widevape.com\/pl\/wp-json\/wp\/v2\/types\/product"}],"replies":[{"embeddable":true,"href":"https:\/\/widevape.com\/pl\/wp-json\/wp\/v2\/comments?post=22386"}],"wp:featuredmedia":[{"embeddable":true,"href":"https:\/\/widevape.com\/pl\/wp-json\/wp\/v2\/media\/22397"}],"wp:attachment":[{"href":"https:\/\/widevape.com\/pl\/wp-json\/wp\/v2\/media?parent=22386"}],"wp:term":[{"taxonomy":"product_brand","embeddable":true,"href":"https:\/\/widevape.com\/pl\/wp-json\/wp\/v2\/product_brand?post=22386"},{"taxonomy":"product_cat","embeddable":true,"href":"https:\/\/widevape.com\/pl\/wp-json\/wp\/v2\/product_cat?post=22386"},{"taxonomy":"product_tag","embeddable":true,"href":"https:\/\/widevape.com\/pl\/wp-json\/wp\/v2\/product_tag?post=22386"}],"curies":[{"name":"wp","href":"https:\/\/api.w.org\/{rel}","templated":true}]}}