{"id":24964,"date":"2025-02-28T06:45:25","date_gmt":"2025-02-28T05:45:25","guid":{"rendered":"https:\/\/widevape.com\/?post_type=product&#038;p=24964"},"modified":"2025-11-18T17:27:06","modified_gmt":"2025-11-18T16:27:06","slug":"vapsolo-triple-30000-zaciagow-wyswietlacz-lcd-3-smaki-w-jednym-2-i-5-nikotyny-hurtownia-dla-wielorazowych-jednorazowych-vapeow-z-niska-zawartoscia-nikotyny","status":"publish","type":"product","link":"https:\/\/widevape.com\/pl\/product\/vapsolo-triple-30000-zuege-lcd-display-3-geschmacksrichtungen-in-einem-2-und-5-nikotin-grosshandel-fuer-wiederaufladbare-einweg-vapes-mit-niedrigem-nikotin\/","title":{"rendered":"VapSolo Triple 30000 zaci\u0105gni\u0119\u0107: Wy\u015bwietlacz LCD, 3 smaki w jednym, 2% i 5% nikotyny, hurtownia jednorazowych waporyzator\u00f3w wielokrotnego u\u017cytku z nisk\u0105 zawarto\u015bci\u0105 nikotyny"},"content":{"rendered":"<div style=\"width: 1020px;\" class=\"wp-video\"><video class=\"wp-video-shortcode\" id=\"video-24964-1\" width=\"1020\" height=\"574\" preload=\"metadata\" controls=\"controls\"><source type=\"video\/mp4\" src=\"https:\/\/widevape.com\/wp-content\/uploads\/2025\/02\/VapSolo-Triple-30000.mp4?_=1\" \/><a href=\"https:\/\/widevape.com\/wp-content\/uploads\/2025\/02\/VapSolo-Triple-30000.mp4\">https:\/\/widevape.com\/wp-content\/uploads\/2025\/02\/VapSolo-Triple-30000.mp4<\/a><\/video><\/div>\n<h2 class=\"mb-2 mt-6 text-lg font-[500] first:mt-3\"><strong><a href=\"https:\/\/widevape.com\/product-category\/vapsolo-einweg-e-zigaretten\/\">VapSolo<\/a> Triple 30000 Z\u00fcge: Die perfekte L\u00f6sung f\u00fcr den deutschen Markt<\/strong><\/h2>\n<p class=\"my-0\">Bei WideVape bieten wir die\u00a0<strong>VapSolo Triple 30000 Z\u00fcge<\/strong>\u00a0an, ein revolution\u00e4res Einweg-Vape, das speziell f\u00fcr den deutschen Markt entwickelt wurde. Diese innovative L\u00f6sung bietet eine Vielzahl von Funktionen, die sie zu einem der begehrtesten Produkte auf dem Markt machen.<\/p>\n<h2 class=\"mb-xs mt-5 text-base font-[525] first:mt-3\"><strong>Hauptmerkmale der VapSolo Triple<a href=\"https:\/\/widevape.com\/product-category\/einweg-e-zigaretten-nach-zuegen\/30000-zuege-einweg-e-zigaretten\/\"> 30000 Z\u00fcge<\/a><\/strong><\/h2>\n<ul class=\"marker:text-textOff list-disc\">\n<li>\n<p class=\"my-0\"><strong>Drei Flavors in einem Ger\u00e4t<\/strong>: Diese Einweg-Vapes bieten drei separate Tanks, die es erm\u00f6glichen, zwischen drei verschiedenen Geschmacksrichtungen zu wechseln, ohne das Ger\u00e4t zu \u00e4ndern.<\/p>\n<\/li>\n<li>\n<p class=\"my-0\"><strong>Hohe Z\u00fcgezahl<\/strong>: Mit bis zu 30.000 Z\u00fcgen ist dieses Ger\u00e4t ideal f\u00fcr langfristige Nutzung.<\/p>\n<\/li>\n<li>\n<p class=\"my-0\"><strong>LCD-Display<\/strong>: Zeigt den Akkustand und die Z\u00fcgezahl in Echtzeit an.<\/p>\n<\/li>\n<li>\n<p class=\"my-0\"><strong>Netzspulen-Technologie<\/strong>: Verwendet dreifache Netzspulen f\u00fcr eine gleichm\u00e4\u00dfige und konsistente Geschmackserfahrung.<\/p>\n<\/li>\n<li>\n<p class=\"my-0\"><strong>Aufladbarer Akku<\/strong>: Mit einem 850mAh Akku und schneller Type-C-Ladefunktion.<\/p>\n<\/li>\n<li>\n<p class=\"my-0\"><strong>Nikotinst\u00e4rken<\/strong>: Verf\u00fcgbar in 2% und 5% Nikotinst\u00e4rke.<\/p>\n<\/li>\n<\/ul>\n<h2 class=\"mb-xs mt-5 text-base font-[525] first:mt-3\"><strong>Geschmacksrichtungen der VapSolo Triple 30000 Z\u00fcge<\/strong><\/h2>\n<p class=\"my-0\">Unsere\u00a0<strong>VapSolo Triple 30000 Z\u00fcge<\/strong>\u00a0sind in einer Vielzahl von Geschmacksrichtungen erh\u00e4ltlich, jede sorgf\u00e4ltig ausgew\u00e4hlt, um eine einzigartige Dampferfahrung zu bieten:<\/p>\n<ol class=\"marker:text-textOff list-decimal\">\n<li>\n<p class=\"my-0\"><strong>Watermelon Ice &amp; Red Bull &amp; Strawberry Kiwi<\/strong>: Diese Kombination bringt die erfrischende S\u00fc\u00dfe von Wassermelonen-Eis, den energiegeladenen Kick von Red Bull und die fruchtige Note von Erdbeere-Kiwi zusammen.<\/p>\n<\/li>\n<li>\n<p class=\"my-0\"><strong> Lemon Lime &amp; Strawberry Watermelon &amp; Blueberry Ice<\/strong>: Diese Mischung kombiniert die zitrusfrische Zitronen-Limette, die s\u00fc\u00dfe und saftige Erdbeere-Wassermelone und die k\u00fchle Blaubeeren-Eis.<\/p>\n<\/li>\n<li>\n<p class=\"my-0\"><strong>Strawberry Banana &amp; Raspberry Watermelon &amp; Lemon Lime<\/strong>: Diese Trio bringt die s\u00fc\u00dfe und cremige Erdbeere-Banane, die saure und fruchtige Himbeere-Wassermelone und die zitrusfrische Zitronen-Limette zusammen.<\/p>\n<\/li>\n<li>\n<p class=\"my-0\"><strong>Strawberry Kiwi &amp; Sour Mango Pineapple &amp; Red Bull<\/strong>: Diese Kombination paart die s\u00fc\u00dfe und fruchtige Erdbeere-Kiwi, die saure und tropische Sauerer Mango-Ananas und den energiegeladenen Red Bull.<\/p>\n<\/li>\n<li>\n<p class=\"my-0\"><strong>Tropical Fruits &amp; Strawberry Watermelon &amp; Lemon Peach<\/strong>: Diese Mischung kombiniert die exotische und fruchtige Tropische Fr\u00fcchte, die s\u00fc\u00dfe und saftige Erdbeere-Wassermelone und die zitrusfrische Pfirsich-Zitrone.<\/p>\n<\/li>\n<li>\n<p class=\"my-0\"><strong>Pineapple Coconut &amp; Strawberry Banana &amp; Blueberry Raspberry<\/strong>: Diese Trio bringt die tropische und cremige Ananas-Kokosnuss, die s\u00fc\u00dfe und fruchtige Erdbeere-Banane und den reichen und fruchtigen Blaubeeren-Sirup zusammen.<\/p>\n<\/li>\n<li>\n<p class=\"my-0\"><strong>Strawberry Raspberry &amp; Triple Melon &amp; Sour Mango Pineapple<\/strong>: Diese Kombination paart die s\u00fc\u00dfe und fruchtige Erdbeere-Himbeere, die erfrischende und fruchtige Dreifache Melone und die saure und tropische Sauerer Mango-Ananas.<\/p>\n<\/li>\n<li>\n<p class=\"my-0\"><strong>Raspberry Watermelon &amp; Mango Peach &amp; Strawberry Kiwi<\/strong>: Diese Mischung kombiniert die saure und fruchtige Himbeere-Wassermelone, die s\u00fc\u00dfe und tropische Mango-Pfirsich und die s\u00fc\u00dfe und fruchtige Erdbeere-Kiwi.<\/p>\n<\/li>\n<li>\n<p class=\"my-0\"><strong>Strawberry Vanilla Cola &amp; Blueberry Raspberry &amp; Lemon Lime<\/strong>: Diese Trio bringt die s\u00fc\u00dfe und cremige Erdbeere-Vanille-Cola, den reichen und fruchtigen Blaubeeren-Himbeere und die zitrusfrische Zitronen-Limette zusammen.<\/p>\n<\/li>\n<li>\n<p class=\"my-0\"><strong>Watermelon Ice &amp; Strawberry Ice Cream &amp; Triple Melon<\/strong>: Diese Kombination paart die erfrischende S\u00fc\u00dfe von Wassermelonen-Eis, die s\u00fc\u00dfe und cremige Erdbeere-Eiscreme und die erfrischende und fruchtige Dreifache Melone.<\/p>\n<\/li>\n<\/ol>\n<h2 class=\"mb-xs mt-5 text-base font-[525] first:mt-3\"><strong>Warum<a href=\"https:\/\/widevape.com\/\"> WideVape<\/a> f\u00fcr Ihre Einweg-Vape-Bed\u00fcrfnisse w\u00e4hlen?<\/strong><\/h2>\n<p class=\"my-0\">WideVape ist der gr\u00f6\u00dfte Online-Gro\u00dfhandelsplattform f\u00fcr <a href=\"https:\/\/widevape.com\/\">Einweg-Vapes<\/a> in Deutschland, den Niederlanden, Belgien und Spanien. Unsere Plattform bietet:<\/p>\n<ul class=\"marker:text-textOff list-disc\">\n<li>\n<p class=\"my-0\"><strong>Gro\u00dfhandelsrabatte<\/strong>: Genie\u00dfen Sie erhebliche Ersparnisse bei Gro\u00dfbestellungen von hochwertigen Einweg-Vapes.<\/p>\n<\/li>\n<li>\n<p class=\"my-0\"><strong>Schnelle Lieferung<\/strong>: Erhalten Sie Ihre Bestellungen schnell und sicher in allen EU-L\u00e4ndern.<\/p>\n<\/li>\n<li>\n<p class=\"my-0\"><strong>Zahlungsoptionen<\/strong>: Wir akzeptieren PayPal, Kreditkarten, iDEAL f\u00fcr die Niederlande, Bancontact f\u00fcr Belgien und SEPA-Bank\u00fcberweisungen f\u00fcr eine reibungslose Transaktion.<\/p>\n<\/li>\n<li>\n<p class=\"my-0\"><strong>Qualit\u00e4tsgarantie<\/strong>: Unsere Produkte stammen von vertrauensw\u00fcrdigen Herstellern, um die h\u00f6chsten Standards an Qualit\u00e4t und Sicherheit zu gew\u00e4hrleisten.<\/p>\n<\/li>\n<\/ul>\n<h2 class=\"mb-xs mt-5 text-base font-[525] first:mt-3\"><strong>Fazit<\/strong><\/h2>\n<p class=\"my-0\">Die\u00a0<strong>VapSolo Triple 30000 Z\u00fcge<\/strong>\u00a0ist eine herausragende Wahl f\u00fcr alle, die nach einer bequemen und vielseitigen Dampferfahrung suchen. Bei WideVape sind wir bestrebt, den besten Service und die besten Produkte f\u00fcr unsere Kunden bereitzustellen. Ob Sie ein H\u00e4ndler sind, der die neuesten Trends anbieten m\u00f6chte, oder ein Konsument, der eine zuverl\u00e4ssige Dampfl\u00f6sung sucht, laden wir Sie ein, unsere umfangreiche Auswahl an <a href=\"https:\/\/widevape.com\/\">Einweg-Vapes<\/a> zu erkunden. Besuchen Sie uns auf\u00a0WideVape, um das perfekte Dampfger\u00e4t f\u00fcr Ihre Bed\u00fcrfnisse zu finden.<\/p>\n<p><img loading=\"lazy\" decoding=\"async\" class=\"alignnone wp-image-24987 size-full\" src=\"https:\/\/widevape.com\/wp-content\/uploads\/2025\/02\/VapSolo_Triple_30000-1.jpg\" alt=\"VapSolo Triple 30000 Z\u00fcge: LCD-Display, 3 Geschmacksrichtungen in einem, 2% und 5% Nikotin, Gro\u00dfhandel f\u00fcr wiederaufladbare Einweg-Vapes mit niedrigem Nikotin\" width=\"800\" height=\"800\" srcset=\"https:\/\/widevape.com\/wp-content\/uploads\/2025\/02\/VapSolo_Triple_30000-1.jpg 800w, https:\/\/widevape.com\/wp-content\/uploads\/2025\/02\/VapSolo_Triple_30000-1-247x247.jpg 247w, https:\/\/widevape.com\/wp-content\/uploads\/2025\/02\/VapSolo_Triple_30000-1-100x100.jpg 100w, https:\/\/widevape.com\/wp-content\/uploads\/2025\/02\/VapSolo_Triple_30000-1-510x510.jpg 510w, https:\/\/widevape.com\/wp-content\/uploads\/2025\/02\/VapSolo_Triple_30000-1-300x300.jpg 300w, https:\/\/widevape.com\/wp-content\/uploads\/2025\/02\/VapSolo_Triple_30000-1-150x150.jpg 150w, https:\/\/widevape.com\/wp-content\/uploads\/2025\/02\/VapSolo_Triple_30000-1-768x768.jpg 768w\" sizes=\"auto, (max-width: 800px) 100vw, 800px\" \/> <img loading=\"lazy\" decoding=\"async\" class=\"alignnone wp-image-24972 size-full\" src=\"https:\/\/widevape.com\/wp-content\/uploads\/2025\/02\/VapSolo_Triple_30000-11.jpg\" alt=\"VapSolo Triple 30000 Z\u00fcge: LCD-Display, 3 Geschmacksrichtungen in einem, 2% und 5% Nikotin, Gro\u00dfhandel f\u00fcr wiederaufladbare Einweg-Vapes mit niedrigem Nikotin\" width=\"800\" height=\"800\" srcset=\"https:\/\/widevape.com\/wp-content\/uploads\/2025\/02\/VapSolo_Triple_30000-11.jpg 800w, https:\/\/widevape.com\/wp-content\/uploads\/2025\/02\/VapSolo_Triple_30000-11-247x247.jpg 247w, https:\/\/widevape.com\/wp-content\/uploads\/2025\/02\/VapSolo_Triple_30000-11-100x100.jpg 100w, https:\/\/widevape.com\/wp-content\/uploads\/2025\/02\/VapSolo_Triple_30000-11-510x510.jpg 510w, https:\/\/widevape.com\/wp-content\/uploads\/2025\/02\/VapSolo_Triple_30000-11-300x300.jpg 300w, https:\/\/widevape.com\/wp-content\/uploads\/2025\/02\/VapSolo_Triple_30000-11-150x150.jpg 150w, https:\/\/widevape.com\/wp-content\/uploads\/2025\/02\/VapSolo_Triple_30000-11-768x768.jpg 768w\" sizes=\"auto, (max-width: 800px) 100vw, 800px\" \/> <img loading=\"lazy\" decoding=\"async\" class=\"alignnone wp-image-24967 size-full\" src=\"https:\/\/widevape.com\/wp-content\/uploads\/2025\/02\/VapSolo_Triple_30000-6.jpg\" alt=\"VapSolo Triple 30000 Z\u00fcge: LCD-Display, 3 Geschmacksrichtungen in einem, 2% und 5% Nikotin, Gro\u00dfhandel f\u00fcr wiederaufladbare Einweg-Vapes mit niedrigem Nikotin\" width=\"800\" height=\"799\" srcset=\"https:\/\/widevape.com\/wp-content\/uploads\/2025\/02\/VapSolo_Triple_30000-6.jpg 800w, https:\/\/widevape.com\/wp-content\/uploads\/2025\/02\/VapSolo_Triple_30000-6-247x247.jpg 247w, https:\/\/widevape.com\/wp-content\/uploads\/2025\/02\/VapSolo_Triple_30000-6-100x100.jpg 100w, https:\/\/widevape.com\/wp-content\/uploads\/2025\/02\/VapSolo_Triple_30000-6-510x509.jpg 510w, https:\/\/widevape.com\/wp-content\/uploads\/2025\/02\/VapSolo_Triple_30000-6-300x300.jpg 300w, https:\/\/widevape.com\/wp-content\/uploads\/2025\/02\/VapSolo_Triple_30000-6-150x150.jpg 150w, https:\/\/widevape.com\/wp-content\/uploads\/2025\/02\/VapSolo_Triple_30000-6-768x767.jpg 768w\" sizes=\"auto, (max-width: 800px) 100vw, 800px\" \/> <img loading=\"lazy\" decoding=\"async\" class=\"alignnone wp-image-24966 size-full\" src=\"https:\/\/widevape.com\/wp-content\/uploads\/2025\/02\/VapSolo_Triple_30000-5.jpg\" alt=\"VapSolo Triple 30000 Z\u00fcge: LCD-Display, 3 Geschmacksrichtungen in einem, 2% und 5% Nikotin, Gro\u00dfhandel f\u00fcr wiederaufladbare Einweg-Vapes mit niedrigem Nikotin\" width=\"800\" height=\"800\" srcset=\"https:\/\/widevape.com\/wp-content\/uploads\/2025\/02\/VapSolo_Triple_30000-5.jpg 800w, https:\/\/widevape.com\/wp-content\/uploads\/2025\/02\/VapSolo_Triple_30000-5-247x247.jpg 247w, https:\/\/widevape.com\/wp-content\/uploads\/2025\/02\/VapSolo_Triple_30000-5-100x100.jpg 100w, https:\/\/widevape.com\/wp-content\/uploads\/2025\/02\/VapSolo_Triple_30000-5-510x510.jpg 510w, https:\/\/widevape.com\/wp-content\/uploads\/2025\/02\/VapSolo_Triple_30000-5-300x300.jpg 300w, https:\/\/widevape.com\/wp-content\/uploads\/2025\/02\/VapSolo_Triple_30000-5-150x150.jpg 150w, https:\/\/widevape.com\/wp-content\/uploads\/2025\/02\/VapSolo_Triple_30000-5-768x768.jpg 768w\" sizes=\"auto, (max-width: 800px) 100vw, 800px\" \/> <img loading=\"lazy\" decoding=\"async\" class=\"alignnone wp-image-24971 size-full\" src=\"https:\/\/widevape.com\/wp-content\/uploads\/2025\/02\/VapSolo_Triple_30000-10.jpg\" alt=\"VapSolo Triple 30000 Z\u00fcge: LCD-Display, 3 Geschmacksrichtungen in einem, 2% und 5% Nikotin, Gro\u00dfhandel f\u00fcr wiederaufladbare Einweg-Vapes mit niedrigem Nikotin\" width=\"800\" height=\"800\" srcset=\"https:\/\/widevape.com\/wp-content\/uploads\/2025\/02\/VapSolo_Triple_30000-10.jpg 800w, https:\/\/widevape.com\/wp-content\/uploads\/2025\/02\/VapSolo_Triple_30000-10-247x247.jpg 247w, https:\/\/widevape.com\/wp-content\/uploads\/2025\/02\/VapSolo_Triple_30000-10-100x100.jpg 100w, https:\/\/widevape.com\/wp-content\/uploads\/2025\/02\/VapSolo_Triple_30000-10-510x510.jpg 510w, https:\/\/widevape.com\/wp-content\/uploads\/2025\/02\/VapSolo_Triple_30000-10-300x300.jpg 300w, https:\/\/widevape.com\/wp-content\/uploads\/2025\/02\/VapSolo_Triple_30000-10-150x150.jpg 150w, https:\/\/widevape.com\/wp-content\/uploads\/2025\/02\/VapSolo_Triple_30000-10-768x768.jpg 768w\" sizes=\"auto, (max-width: 800px) 100vw, 800px\" \/><\/p>\n","protected":false},"excerpt":{"rendered":"<p>Die\u00a0<strong>VapSolo Triple 30000 Z\u00fcge \n\n becomes \n\n VapSolo Triple 30000 poci\u0105gi<\/strong>\u00a0jest innowacyjnym jednorazowym waporyzatorem wyposa\u017conym w trzy zintegrowane smaki, wysok\u0105 liczb\u0119 zaci\u0105gni\u0119\u0107, wy\u015bwietlacz LCD i akumulator z mo\u017cliwo\u015bci\u0105 \u0142adowania, idealnym dla rynku niemieckiego i perfekcyjnym dla wygodnego i wszechstronnego do\u015bwiadczenia z wapowaniem.<\/p>","protected":false},"featured_media":24983,"comment_status":"open","ping_status":"closed","template":"","meta":[],"product_brand":[],"product_cat":[109,92,37,94,90,65,96],"product_tag":[],"class_list":{"0":"post-24964","1":"product","2":"type-product","3":"status-publish","4":"has-post-thumbnail","6":"product_cat-30000-zuege-einweg-e-zigaretten","7":"product_cat-digitale-box-einweg-e-zigaretten","8":"product_cat-einweg-e-zigaretten","9":"product_cat-einweg-e-zigaretten-mit-niedriger-nikotinstaerke","10":"product_cat-grosse-einweg-e-zigaretten","11":"product_cat-vapsolo-einweg-e-zigaretten","12":"product_cat-wiederaufladbare-einweg-e-zigaretten","14":"first","15":"outofstock","16":"shipping-taxable","17":"purchasable","18":"product-type-variable"},"_links":{"self":[{"href":"https:\/\/widevape.com\/pl\/wp-json\/wp\/v2\/product\/24964","targetHints":{"allow":["GET"]}}],"collection":[{"href":"https:\/\/widevape.com\/pl\/wp-json\/wp\/v2\/product"}],"about":[{"href":"https:\/\/widevape.com\/pl\/wp-json\/wp\/v2\/types\/product"}],"replies":[{"embeddable":true,"href":"https:\/\/widevape.com\/pl\/wp-json\/wp\/v2\/comments?post=24964"}],"wp:featuredmedia":[{"embeddable":true,"href":"https:\/\/widevape.com\/pl\/wp-json\/wp\/v2\/media\/24983"}],"wp:attachment":[{"href":"https:\/\/widevape.com\/pl\/wp-json\/wp\/v2\/media?parent=24964"}],"wp:term":[{"taxonomy":"product_brand","embeddable":true,"href":"https:\/\/widevape.com\/pl\/wp-json\/wp\/v2\/product_brand?post=24964"},{"taxonomy":"product_cat","embeddable":true,"href":"https:\/\/widevape.com\/pl\/wp-json\/wp\/v2\/product_cat?post=24964"},{"taxonomy":"product_tag","embeddable":true,"href":"https:\/\/widevape.com\/pl\/wp-json\/wp\/v2\/product_tag?post=24964"}],"curies":[{"name":"wp","href":"https:\/\/api.w.org\/{rel}","templated":true}]}}