{"id":28659,"date":"2026-01-05T03:29:17","date_gmt":"2026-01-05T02:29:17","guid":{"rendered":"https:\/\/widevape.com\/?post_type=product&#038;p=28659"},"modified":"2026-04-18T13:54:42","modified_gmt":"2026-04-18T11:54:42","slug":"waspe-aiviou-6-w-1-smakach-150-000-zaciagow-150k-jednorazowa-vape-hurtownia-potrojna-technologia-siatki","status":"publish","type":"product","link":"https:\/\/widevape.com\/pl\/product\/waspe-aiviou-6-in-1-geschmacksrichtungen-150-000-zuege-150k-einweg-vape-grosshandel-dreifach-mesh-technologie\/","title":{"rendered":"WASPE AIVIOU 6 smak\u00f3w, 150 000 zaci\u0105gni\u0119\u0107 150K jednorazowy waporyzator hurtownia potr\u00f3jna technologia siatkowa"},"content":{"rendered":"<article>\n<h2 style=\"color: #e91e63; text-align: center;\">\ud83d\ude80 <a href=\"https:\/\/widevape.com\/pl\/kategoria-produktu-2\/waspe-jednorazowe-e-cigarety\/\">WASPE AIVIOU<\/a> 6 w 1 \u2013 Twoja ogromna impreza smakowa z 150 000 zaci\u0105gni\u0119ciami!<\/h2>\n<p>Cze\u015b\u0107! Szukasz najfajniejszego do\u015bwiadczenia z wapowaniem, jakie mo\u017cna sobie wyobrazi\u0107? W takim razie zapnij pasy! WASPE AIVIOU 6 w 1 to nie zwyk\u0142a e-papieros - to jak ca\u0142y sklep z cukierkami w twojej kieszeni. Z niewiarygodnymi <strong>150 000 poci\u0105g\u00f3w<\/strong> Towarzyszy ci przez ca\u0142\u0105 wieczno\u015b\u0107. Najlepsze w tym? Mo\u017cesz bardzo \u0142atwo prze\u0142\u0105cza\u0107 si\u0119 mi\u0119dzy r\u00f3\u017cnymi smakami, jakbym kr\u0119ci\u0142 ko\u0142em fortuny!<\/p>\n<p>W przypadku <strong>WideVape<\/strong>, Od Twojego eksperta w zakresie hurtowni w Europie otrzymasz ten pakiet mocy bezpo\u015brednio do domu. Jeste\u015bmy pierwszym adresem, je\u015bli szukasz wysokiej jako\u015bci <a href=\"https:\/\/widevape.com\/pl\/\">Chcesz kupi\u0107 jednorazowe vape'y na du\u017c\u0105 skal\u0119<\/a>. .<\/p>\n<div style=\"display: flex; gap: 20px; justify-content: center; margin: 20px 0; flex-wrap: wrap;\">\n<div style=\"border: 2px solid #2196f3; border-radius: 15px; padding: 15px; width: 45%; background-color: #f0f8ff; box-shadow: 5px 5px 10px #ccc;\">\n<h3 style=\"color: #2196f3; margin-top: 0;\">\u274c Stare Vapy<\/h3>\n<ul style=\"padding-left: 20px;\">\n<li>Tylko jeden smak<\/li>\n<li>Szybko pusty (600 poci\u0105gni\u0119\u0107)<\/li>\n<li>Brak wy\u015bwietlacza<\/li>\n<li>Cz\u0119sto nudno<\/li>\n<\/ul>\n<\/div>\n<div style=\"border: 2px solid #e91e63; border-radius: 15px; padding: 15px; width: 45%; background-color: #fff0f5; box-shadow: 5px 5px 10px #ccc;\">\n<h3 style=\"color: #e91e63; margin-top: 0;\">\u2705 WASPE AIVIOU 6 w 1<\/h3>\n<ul style=\"padding-left: 20px;\">\n<li><strong>6 smak\u00f3w<\/strong> w jednym!<\/li>\n<li><strong>150 000 poci\u0105g\u00f3w<\/strong> Moc<\/li>\n<li>Elegancki wy\u015bwietlacz LED<\/li>\n<li>Potr\u00f3jna cewka siatkowa dla super pary<\/li>\n<\/ul>\n<\/div>\n<\/div>\n<h2 style=\"color: #673ab7;\">\ud83c\udf1f Co sprawia, \u017ce ten waporyzator jest tak wyj\u0105tkowy?<\/h2>\n<p><img loading=\"lazy\" decoding=\"async\" class=\"size-full wp-image-28662 aligncenter\" src=\"https:\/\/widevape.com\/wp-content\/uploads\/2026\/01\/WASPE-AIVIOU-6-in-1-Geschmacksrichtungen-150.000-Zuege-150K-Einweg-Vape-Grosshandel-Dreifach-Mesh-Technologie-3.webp\" alt=\"\" width=\"2000\" height=\"1444\" srcset=\"https:\/\/widevape.com\/wp-content\/uploads\/2026\/01\/WASPE-AIVIOU-6-in-1-Geschmacksrichtungen-150.000-Zuege-150K-Einweg-Vape-Grosshandel-Dreifach-Mesh-Technologie-3.webp 2000w, https:\/\/widevape.com\/wp-content\/uploads\/2026\/01\/WASPE-AIVIOU-6-in-1-Geschmacksrichtungen-150.000-Zuege-150K-Einweg-Vape-Grosshandel-Dreifach-Mesh-Technologie-3-300x217.webp 300w, https:\/\/widevape.com\/wp-content\/uploads\/2026\/01\/WASPE-AIVIOU-6-in-1-Geschmacksrichtungen-150.000-Zuege-150K-Einweg-Vape-Grosshandel-Dreifach-Mesh-Technologie-3-1024x739.webp 1024w, https:\/\/widevape.com\/wp-content\/uploads\/2026\/01\/WASPE-AIVIOU-6-in-1-Geschmacksrichtungen-150.000-Zuege-150K-Einweg-Vape-Grosshandel-Dreifach-Mesh-Technologie-3-768x554.webp 768w, https:\/\/widevape.com\/wp-content\/uploads\/2026\/01\/WASPE-AIVIOU-6-in-1-Geschmacksrichtungen-150.000-Zuege-150K-Einweg-Vape-Grosshandel-Dreifach-Mesh-Technologie-3-1536x1109.webp 1536w, https:\/\/widevape.com\/wp-content\/uploads\/2026\/01\/WASPE-AIVIOU-6-in-1-Geschmacksrichtungen-150.000-Zuege-150K-Einweg-Vape-Grosshandel-Dreifach-Mesh-Technologie-3-18x12.webp 18w, https:\/\/widevape.com\/wp-content\/uploads\/2026\/01\/WASPE-AIVIOU-6-in-1-Geschmacksrichtungen-150.000-Zuege-150K-Einweg-Vape-Grosshandel-Dreifach-Mesh-Technologie-3-510x368.webp 510w\" sizes=\"auto, (max-width: 2000px) 100vw, 2000px\" \/><\/p>\n<h3 style=\"color: #ff5722;\">\ud83c\udf6cKo\u0142o smakowe WASPE AIVIOU 6 w 1<\/h3>\n<p>Wyobra\u017a sobie, \u017ce masz ochot\u0119 na truskawk\u0119, ale pi\u0119\u0107 minut p\u00f3\u017aniej wolisz ch\u0142odn\u0105 arbuz. \u017baden problem! Po prostu przekr\u0119casz ustnik i ju\u017c masz nowy smak. To tak, jakby\u015b mia\u0142 sze\u015b\u0107 r\u00f3\u017cnych waporyzator\u00f3w ze sob\u0105, ale musisz nosi\u0107 tylko jeden. Oszcz\u0119dza to miejsce i sprawia du\u017co rado\u015bci!<\/p>\n<h3 style=\"color: #4caf50;\">\ud83d\udca8 Trzy silniki dla idealnej pary (potr\u00f3jna siatka)<\/h3>\n<p>Wewn\u0105trz pracuj\u0105 jednocze\u015bnie trzy specjalne sieci (Mesh Coils). Oznacza to: para jest szczeg\u00f3lnie mi\u0119kka, smakuje znacznie intensywniej i wydobywa si\u0119 porz\u0105dna ilo\u015b\u0107! To jak samoch\u00f3d wy\u015bcigowy w\u015br\u00f3d waporyzator\u00f3w - szybki, mocny i niezawodny.<\/p>\n<h3 style=\"color: #00bcd4;\">\ud83d\udcf1 Wy\u015bwietlacz, kt\u00f3ry m\u00f3wi z tob\u0105<\/h3>\n<p>Nie musisz zgadywa\u0107, ile soku jeszcze zosta\u0142o. Inteligentny ekran LED dok\u0142adnie pokazuje, jak pe\u0142na jest bateria i ile jeszcze zosta\u0142o pysznego p\u0142ynu. Nie ma nieprzyjemnych niespodzianek!<\/p>\n<div style=\"background-color: #fff3e0; border-left: 6px solid #ff9800; padding: 15px; margin: 20px 0; border-radius: 5px;\">\n<h4 style=\"margin-top: 0; color: #e65100;\">\ud83d\udca1 Ma\u0142a wiedza dla Ciebie: Co to jest cewka siatkowa?<\/h4>\n<p style=\"margin-bottom: 0;\">Siatka metalowa jest jak cienkie sito metalowe. Nagrzewa si\u0119 bardziej r\u00f3wnomiernie ni\u017c stara spirala. Dzi\u0119ki temu tw\u00f3j para zawsze smakuje \u015bwie\u017co i nigdy nie jest spalona. WASPE ma a\u017c trzy takie elementy!<\/p>\n<\/div>\n<h2 style=\"color: #3f51b5;\">\ud83c\udfa8 Wybierz sw\u00f3j ulubiony pakiet<\/h2>\n<p>Oto niesamowite kombinacje, kt\u00f3re mo\u017cesz zam\u00f3wi\u0107 w WideVape. Ka\u017cda liczba to przygoda sama w sobie:<\/p>\n<div>Wodoodporna melona i cytryna-limetka i cytryna-brzoskwinia<\/div>\n<div><\/div>\n<div>Lody bor\u00f3wkowe i truskawkowo-kiwi i lody wi\u015bniowo-truskawkowe<\/div>\n<div><\/div>\n<div>Czerwony Byk L\u00f3d &amp; Malina-Pompon &amp; Kwa\u015bna Mango-Truskawka<\/div>\n<div><\/div>\n<div>Mro\u017cone truskawkowe, arbuzowe i brzoskwiniowe oraz potr\u00f3jne mro\u017cone jagodowe<\/div>\n<div><\/div>\n<div>Wi\u015bniowe lody coli i truskawkowe lody Red Bull i arbuzowo-malinoowe<\/div>\n<div><\/div>\n<div>Winogronowe lody &amp;  &amp; Niebieska malina &amp; Lody truskawkowe<\/div>\n<div><\/div>\n<div>Mieszane jagody &amp; Czarny Smoczy Owocowy L\u00f3d &amp; Truskawkowo-Wi\u015bniowa Cola<\/div>\n<div><\/div>\n<div>Sprudel-Kola-L\u00f3d &amp; L\u00f3d z napojem energetycznym &amp; L\u00f3d wi\u015bniowy<\/div>\n<div><\/div>\n<div>Truskawka-Banana &amp; Kiwi-Arbuz &amp; Kokos-Truskawka<\/div>\n<div><\/div>\n<div>Czerwony Byk Cola Lody &amp; Truskawka-Malina &amp; Je\u017cyna-Owoce Smoka<\/div>\n<div><\/div>\n<div>Truskawkowy gumowy \u0142ykaczek z arbuzem  &amp; Kwa\u015bne lody mango &amp; Lody truskawkowo-winogronowe<\/div>\n<div><\/div>\n<div>Melon - Marakuja i lody z je\u017cyn  &amp; Jab\u0142ko-Kiwi<\/div>\n<div><\/div>\n<h2 style=\"color: #009688;\">\ud83d\udcca Wszystkie fakty na pierwszy rzut oka<\/h2>\n<div style=\"overflow-x: auto;\">\n<table style=\"width: 100%; border-collapse: collapse; margin: 20px 0; font-family: sans-serif;\">\n<thead>\n<tr style=\"background-color: #009688; color: white;\">\n<th style=\"padding: 12px; border: 1px solid #ddd; text-align: left;\">W\u0142a\u015bciwo\u015b\u0107<\/th>\n<th style=\"padding: 12px; border: 1px solid #ddd; text-align: left;\">Szczeg\u00f3\u0142y<\/th>\n<\/tr>\n<\/thead>\n<tbody>\n<tr>\n<td style=\"padding: 10px; border: 1px solid #ddd; font-weight: bold;\">Z\u00fcge (Puffs) \n nie wymaga t\u0142umaczenia \nZachowuj\u0119 orygina\u0142: Z\u00fcge (Puffs)<\/td>\n<td style=\"padding: 10px; border: 1px solid #ddd;\">Do 150 000 (Ogromnie!)<\/td>\n<\/tr>\n<tr style=\"background-color: #f9f9f9;\">\n<td style=\"padding: 10px; border: 1px solid #ddd; font-weight: bold;\">System grzewczy<\/td>\n<td style=\"padding: 10px; border: 1px solid #ddd;\">Potr\u00f3jna Cewka Siatkowa (1,0 \u03a9 x 3)<\/td>\n<\/tr>\n<tr>\n<td style=\"padding: 10px; border: 1px solid #ddd; font-weight: bold;\">Zapas cieczy<\/td>\n<td style=\"padding: 10px; border: 1px solid #ddd;\">64 ml (Bardzo du\u017co!)<\/td>\n<\/tr>\n<tr style=\"background-color: #f9f9f9;\">\n<td style=\"padding: 10px; border: 1px solid #ddd; font-weight: bold;\">Bateria<\/td>\n<td style=\"padding: 10px; border: 1px solid #ddd;\">650 mAh (\u0142adowalny)<\/td>\n<\/tr>\n<tr>\n<td style=\"padding: 10px; border: 1px solid #ddd; font-weight: bold;\">po\u0142\u0105czenie<\/td>\n<td style=\"padding: 10px; border: 1px solid #ddd;\">Szybki USB typu C<\/td>\n<\/tr>\n<tr style=\"background-color: #f9f9f9;\">\n<td style=\"padding: 10px; border: 1px solid #ddd; font-weight: bold;\">Nikotyna<\/td>\n<td style=\"padding: 10px; border: 1px solid #ddd;\">W\u00e4hlbar: 0% \/ 2% \/ 5%<\/td>\n<\/tr>\n<\/tbody>\n<\/table>\n<\/div>\n<h2 style=\"color: #607d8b;\">\u2753 Cz\u0119sto zadawane pytania (FAQ)<\/h2>\n<div style=\"background-color: #eceff1; padding: 15px; border-radius: 10px;\">\n<p style=\"margin-bottom: 10px;\"><strong>1. Jak zmieni\u0107 smak?<\/strong><\/p>\n<p>To jest dziecinnie proste! Po prostu przekr\u0119\u0107 g\u00f3rn\u0105 cz\u0119\u015b\u0107 urz\u0105dzenia (kolektor), aby wybra\u0107 jedn\u0105 z 6 ustawie\u0144. Ka\u017cdy poziom pokazuje nowy, wspania\u0142y smak!<\/p>\n<p style=\"margin-bottom: 10px;\"><strong>2. Czy musz\u0119 wyrzuci\u0107 urz\u0105dzenie, gdy bateria jest pusta?<\/strong><br \/>\nNie! Mo\u017cesz go \u0142atwo ponownie na\u0142adowa\u0107 za pomoc\u0105 kabla Type-C, dok\u0142adnie jak sw\u00f3j telefon. Dopiero gdy Liquid (64 ml) zostanie ca\u0142kowicie zu\u017cyty, czas na nowy WASPE od WideVape.<\/p>\n<p style=\"margin-bottom: 0;\"><strong>3. Dlaczego warto kupi\u0107 w WideVape?<\/strong><br \/>\nJeste\u015bmy profesjonalistami w Europie! Dostarczamy szybko, bezpiecznie i mamy najlepsze ceny dla hurtowni. Je\u015bli chcesz jako\u015b\u0107, to u nas jeste\u015b dok\u0142adnie w\u0142a\u015bciwy. \ud83c\udfc6<\/p>\n<\/div>\n<div style=\"text-align: center; margin-top: 30px; padding: 20px; border: 3px dashed #e91e63; border-radius: 20px; background-color: #fff;\">\n<h2 style=\"color: #e91e63;\">\ud83d\uded2 Teraz kupi\u0107!<\/h2>\n<p style=\"font-size: 1.2em;\">Czy jeste\u015b gotowy na najwi\u0119ksz\u0105 przyjemno\u015b\u0107 z parowania w swoim \u017cyciu?  Kup sobie WASPE AIVIOU 6 w 1\u00a0teraz na <strong>WideVape<\/strong>. Nie ma znaczenia, czy dla Ciebie czy Twojego sklepu - mamy najlepsze oferty dla Ciebie! \ud83c\udff0\ud83d\udce6<\/p>\n<p><strong>WideVape \u2013 Twoja numer 1 dla jednorazowych waporyzator\u00f3w w Europie!<\/strong><\/p>\n<\/div>\n<p><img loading=\"lazy\" decoding=\"async\" class=\"size-full wp-image-28665 aligncenter\" src=\"https:\/\/widevape.com\/wp-content\/uploads\/2026\/01\/WASPE-AIVIOU-6-in-1-Geschmacksrichtungen-150.000-Zuege-150K-Einweg-Vape-Grosshandel-Dreifach-Mesh-Technologie-6.webp\" alt=\"WASPE AIVIOU 6 smak\u00f3w, 150 000 zaci\u0105gni\u0119\u0107 150K jednorazowy waporyzator hurtownia potr\u00f3jna technologia siatkowa\" width=\"2500\" height=\"1875\" srcset=\"https:\/\/widevape.com\/wp-content\/uploads\/2026\/01\/WASPE-AIVIOU-6-in-1-Geschmacksrichtungen-150.000-Zuege-150K-Einweg-Vape-Grosshandel-Dreifach-Mesh-Technologie-6.webp 2500w, https:\/\/widevape.com\/wp-content\/uploads\/2026\/01\/WASPE-AIVIOU-6-in-1-Geschmacksrichtungen-150.000-Zuege-150K-Einweg-Vape-Grosshandel-Dreifach-Mesh-Technologie-6-300x225.webp 300w, https:\/\/widevape.com\/wp-content\/uploads\/2026\/01\/WASPE-AIVIOU-6-in-1-Geschmacksrichtungen-150.000-Zuege-150K-Einweg-Vape-Grosshandel-Dreifach-Mesh-Technologie-6-1024x768.webp 1024w, https:\/\/widevape.com\/wp-content\/uploads\/2026\/01\/WASPE-AIVIOU-6-in-1-Geschmacksrichtungen-150.000-Zuege-150K-Einweg-Vape-Grosshandel-Dreifach-Mesh-Technologie-6-768x576.webp 768w, https:\/\/widevape.com\/wp-content\/uploads\/2026\/01\/WASPE-AIVIOU-6-in-1-Geschmacksrichtungen-150.000-Zuege-150K-Einweg-Vape-Grosshandel-Dreifach-Mesh-Technologie-6-1536x1152.webp 1536w, https:\/\/widevape.com\/wp-content\/uploads\/2026\/01\/WASPE-AIVIOU-6-in-1-Geschmacksrichtungen-150.000-Zuege-150K-Einweg-Vape-Grosshandel-Dreifach-Mesh-Technologie-6-2048x1536.webp 2048w, https:\/\/widevape.com\/wp-content\/uploads\/2026\/01\/WASPE-AIVIOU-6-in-1-Geschmacksrichtungen-150.000-Zuege-150K-Einweg-Vape-Grosshandel-Dreifach-Mesh-Technologie-6-16x12.webp 16w, https:\/\/widevape.com\/wp-content\/uploads\/2026\/01\/WASPE-AIVIOU-6-in-1-Geschmacksrichtungen-150.000-Zuege-150K-Einweg-Vape-Grosshandel-Dreifach-Mesh-Technologie-6-510x383.webp 510w\" sizes=\"auto, (max-width: 2500px) 100vw, 2500px\" \/><\/p>\n<h2>Przewodnik po produkcie:<\/h2>\n<p><a href=\"https:\/\/widevape.com\/wp-content\/uploads\/2026\/01\/WASPE-AIVIOU-6-in-1-Product-Guide.pdf\" target=\"_blank\" rel=\"noopener\">Przewodnik po produkcie WASPE AIVIOU 6 w 1<\/a><\/p>\n<\/article>","protected":false},"excerpt":{"rendered":"<table class=\"vape-specs-table\">\n<thead>\n<tr>\n<th>Specyfikacja<\/th>\n<th>SZCZEG\u00d3\u0141Y WASPE AIVIOU<\/th>\n<\/tr>\n<\/thead>\n<tbody>\n<tr>\n<td>Z\u00fcge (Puffs) \n nie wymaga t\u0142umaczenia \nZachowuj\u0119 orygina\u0142: Z\u00fcge (Puffs)<\/td>\n<td>150 000 Puffs<\/td>\n<\/tr>\n<tr>\n<td>Spirala (grza\u0142ka)<\/td>\n<td>1,0\u03a9 \u00d7 3 siatkowa cewka<\/td>\n<\/tr>\n<tr>\n<td>Pojemno\u015b\u0107 e-p\u0142ynu<\/td>\n<td>64ml<\/td>\n<\/tr>\n<tr>\n<td>Zawarto\u015b\u0107 nikotyny<\/td>\n<td>0% \/ 2% \/ 5%<\/td>\n<\/tr>\n<tr>\n<td>Akku<\/td>\n<td>650mAh (\u0142adowalny)<\/td>\n<\/tr>\n<tr>\n<td>Gniazdo \u0142adowania<\/td>\n<td>Typ C<\/td>\n<\/tr>\n<tr>\n<td>Wy\u015bwietlacz<\/td>\n<td>Ekran LED<\/td>\n<\/tr>\n<tr>\n<td>Wymiary<\/td>\n<td>53 \u00d7 46 \u00d7 138 mm<\/td>\n<\/tr>\n<tr>\n<td>Waga (urz\u0105dzenie pojedyncze)<\/td>\n<td>140g za sztuk\u0119<\/td>\n<\/tr>\n<tr>\n<td>Jednostka opakowania<\/td>\n<td>10 szt.\/opak., 160 szt.\/kart.<\/td>\n<\/tr>\n<tr>\n<td>Ca\u0142kowita masa<\/td>\n<td>23kg\/Karton<\/td>\n<\/tr>\n<\/tbody>\n<\/table>","protected":false},"featured_media":28661,"comment_status":"open","ping_status":"closed","template":"","meta":[],"product_brand":[],"product_cat":[71,199,92,93,37,94,61,183,187,193,185,181,184,186,182,189,190,192,191,42,90,96],"product_tag":[],"class_list":{"0":"post-28659","1":"product","2":"type-product","3":"status-publish","4":"has-post-thumbnail","6":"product_cat-waspe-einweg-e-zigaretten","7":"product_cat-150000150k-zuege-einweg-e-zigaretten","8":"product_cat-digitale-box-einweg-e-zigaretten","9":"product_cat-dual-mesh-einweg-e-zigaretten","10":"product_cat-einweg-e-zigaretten","11":"product_cat-einweg-e-zigaretten-mit-niedriger-nikotinstaerke","12":"product_cat-einweg-e-zigaretten-nach-zuegen","13":"product_cat-einweg-e-zigaretten-in-belgien","14":"product_cat-einweg-e-zigaretten-in-den-niederlanden","15":"product_cat-einweg-e-zigaretten-in-der-schweiz","16":"product_cat-einweg-e-zigaretten-in-deutschland","17":"product_cat-einweg-e-zigaretten-in-europa","18":"product_cat-einweg-e-zigaretten-in-frankreich","19":"product_cat-einweg-e-zigaretten-in-italien","20":"product_cat-einweg-e-zigaretten-in-oesterreich","21":"product_cat-einweg-e-zigaretten-in-polen","22":"product_cat-einweg-e-zigaretten-in-portugal","23":"product_cat-einweg-e-zigaretten-in-schweden","24":"product_cat-einweg-e-zigaretten-in-spanien","25":"product_cat-europaeisches-vape-lager","26":"product_cat-grosse-einweg-e-zigaretten","27":"product_cat-wiederaufladbare-einweg-e-zigaretten","29":"first","30":"instock","31":"featured","32":"shipping-taxable","33":"purchasable","34":"product-type-variable","35":"has-default-attributes"},"_links":{"self":[{"href":"https:\/\/widevape.com\/pl\/wp-json\/wp\/v2\/product\/28659","targetHints":{"allow":["GET"]}}],"collection":[{"href":"https:\/\/widevape.com\/pl\/wp-json\/wp\/v2\/product"}],"about":[{"href":"https:\/\/widevape.com\/pl\/wp-json\/wp\/v2\/types\/product"}],"replies":[{"embeddable":true,"href":"https:\/\/widevape.com\/pl\/wp-json\/wp\/v2\/comments?post=28659"}],"wp:featuredmedia":[{"embeddable":true,"href":"https:\/\/widevape.com\/pl\/wp-json\/wp\/v2\/media\/28661"}],"wp:attachment":[{"href":"https:\/\/widevape.com\/pl\/wp-json\/wp\/v2\/media?parent=28659"}],"wp:term":[{"taxonomy":"product_brand","embeddable":true,"href":"https:\/\/widevape.com\/pl\/wp-json\/wp\/v2\/product_brand?post=28659"},{"taxonomy":"product_cat","embeddable":true,"href":"https:\/\/widevape.com\/pl\/wp-json\/wp\/v2\/product_cat?post=28659"},{"taxonomy":"product_tag","embeddable":true,"href":"https:\/\/widevape.com\/pl\/wp-json\/wp\/v2\/product_tag?post=28659"}],"curies":[{"name":"wp","href":"https:\/\/api.w.org\/{rel}","templated":true}]}}