{"id":29481,"date":"2026-01-28T11:19:19","date_gmt":"2026-01-28T10:19:19","guid":{"rendered":"https:\/\/widevape.com\/?post_type=product&#038;p=29481"},"modified":"2026-03-09T11:29:52","modified_gmt":"2026-03-09T10:29:52","slug":"przywodca-bang-stawia-60000-60k-wyciaga-z-2-w-1-przelacznikiem-jednorazowe-vapey-w-hurtowni","status":"publish","type":"product","link":"https:\/\/widevape.com\/pl\/product\/bang-leader-stoll-60000-60k-zuege-mit-2-in-1-switch-einweg-vapes-im-grosshandel\/","title":{"rendered":"BANG LEADER STOLL 60000 60K Z\u00fcge mit 2-in-1 Switch Einweg-Vapes im Gro\u00dfhandel"},"content":{"rendered":"<article style=\"color: #161e54; font-family: sans-serif; line-height: 1.6; margin: auto;\">\n<h2 style=\"color: #ffcc00; text-align: center; background-color: #161e54; padding: 20px; border-radius: 10px;\"><a href=\"https:\/\/widevape.com\/pl\/kategoria-produktu-2\/jednorazowe-e-papierosy-bang\/\">BANG PRZEWODNIK STOLL<\/a> 60000: Tw\u00f3j ogromny przyjaciel dla nieko\u0144cz\u0105cych si\u0119 chmurnych przyg\u00f3d<\/h2>\n<p>Cze\u015b\u0107! Szukasz czego\u015b naprawd\u0119 wyj\u0105tkowego, co nigdy ci\u0119 nie zawiedzie? Wtedy poznaj <strong>LIDER BANG STOLL 60000<\/strong> znali. To nie jest zwyk\u0142e urz\u0105dzenie - to prawdziwy gigant w \u015bwiecie <strong>jednorazowe vape'y<\/strong>Wyobra\u017a sobie, \u017ce masz przyjaciela, kt\u00f3ry zostaje u ciebie niezmiernie d\u0142ugo. Przy 60.000 ogromnych poci\u0105gom ten <strong>jednorazowa vape<\/strong> Stworzone, aby ka\u017cd\u0105 chwil\u0119 zamieni\u0107 w ma\u0142\u0105 imprez\u0119.<\/p>\n<p>Urz\u0105dzenie to jest idealne dla wszystkich, kt\u00f3rzy szukaj\u0105 najlepszych <strong>jednorazowe vape'y<\/strong> Szukaj bez konieczno\u015bci kupowania ka\u017cdego dnia nowego. Wygl\u0105da fajnie, dobrze le\u017cy w r\u0119ce i jest pe\u0142en niespodzianek!<\/p>\n<div style=\"display: flex; flex-wrap: wrap; gap: 20px; justify-content: center; margin: 30px 0;\">\n<div style=\"background-color: #bbe0ef; border-radius: 15px; padding: 20px; width: 300px; box-shadow: 0 4px 6px rgba(0,0,0,0.1); border: 2px solid #ffcc00;\">\n<h3 style=\"color: #161e54; margin-top: 0;\">\u26a1\ufe0f Si\u0142a kr\u00f3la<\/h3>\n<p>Ten <strong>jednorazowa vape<\/strong> Posiada siln\u0105 bateri\u0119 o pojemno\u015bci 650mAh, kt\u00f3r\u0105 mo\u017cesz \u0142atwo na\u0142adowa\u0107 za pomoc\u0105 kabla Type-C. Zawsze ma wystarczaj\u0105c\u0105 ilo\u015b\u0107 energii dla Ciebie!<\/p>\n<\/div>\n<div style=\"background-color: #bbe0ef; border-radius: 15px; padding: 20px; width: 300px; box-shadow: 0 4px 6px rgba(0,0,0,0.1); border: 2px solid #ffcc00;\">\n<h3 style=\"color: #161e54; margin-top: 0;\">Podw\u00f3jna zabawa<\/h3>\n<p>Dlaczego wybra\u0107 tylko jedn\u0105 opcj\u0119? Z pomoc\u0105 <strong>LIDER BANG STOLL 60000<\/strong> Mo\u017cesz bardzo \u0142atwo prze\u0142\u0105cza\u0107 si\u0119 mi\u0119dzy dwoma r\u00f3\u017cnymi smakami tam i z powrotem!<\/p>\n<\/div>\n<\/div>\n<h2 style=\"color: #ffcc00; background-color: #161e54; padding: 10px 20px; border-radius: 5px;\">WideVape: <span style=\"color: #00ffff;\"><a style=\"color: #00ffff;\" href=\"https:\/\/widevape.com\/pl\/\">Tw\u00f3j hurtownia produkt\u00f3w Disposable Vapes w Europie<\/a><\/span><\/h2>\n<p>Witamy w <strong>WideVape<\/strong>Jeste\u015bmy Twoim du\u017cym sklepem internetowym bezpo\u015brednio w Europie, je\u015bli chodzi o <strong>Wielki handel<\/strong> idzie. U nas mo\u017cesz <strong>jednorazowe vape'y<\/strong> wielkich ilo\u015bciach (zakup hurtowy) po super cenach. Niezale\u017cnie od tego, czy jeste\u015b w Niemczech, Francji czy Hiszpanii - dostarczamy szybko i bezpiecznie, dzi\u0119ki czemu Twoje zapasy nigdy nie zostan\u0105 wyczerpane. Przy <strong>WideVape<\/strong> Zawsze znajdujemy dla Ciebie najnowsze i najfajniejsze trendy!<\/p>\n<p><img loading=\"lazy\" decoding=\"async\" class=\"size-full wp-image-29485 aligncenter\" src=\"https:\/\/widevape.com\/wp-content\/uploads\/2026\/01\/BANG-LEADER-STOLL-60000-60K-Zuege-mit-2-in-1-Switch-Einweg-Vapes-im-Grosshandel-3.webp\" alt=\"LIDER BANG STOLL 60000 60K  Z\u00fcge z 2-w-1 Prze\u0142\u0105cznikiem Jednorazowe Vapy hurtowo Kup Byka\" width=\"1920\" height=\"700\" srcset=\"https:\/\/widevape.com\/wp-content\/uploads\/2026\/01\/BANG-LEADER-STOLL-60000-60K-Zuege-mit-2-in-1-Switch-Einweg-Vapes-im-Grosshandel-3.webp 1920w, https:\/\/widevape.com\/wp-content\/uploads\/2026\/01\/BANG-LEADER-STOLL-60000-60K-Zuege-mit-2-in-1-Switch-Einweg-Vapes-im-Grosshandel-3-300x109.webp 300w, https:\/\/widevape.com\/wp-content\/uploads\/2026\/01\/BANG-LEADER-STOLL-60000-60K-Zuege-mit-2-in-1-Switch-Einweg-Vapes-im-Grosshandel-3-1024x373.webp 1024w, https:\/\/widevape.com\/wp-content\/uploads\/2026\/01\/BANG-LEADER-STOLL-60000-60K-Zuege-mit-2-in-1-Switch-Einweg-Vapes-im-Grosshandel-3-768x280.webp 768w, https:\/\/widevape.com\/wp-content\/uploads\/2026\/01\/BANG-LEADER-STOLL-60000-60K-Zuege-mit-2-in-1-Switch-Einweg-Vapes-im-Grosshandel-3-1536x560.webp 1536w, https:\/\/widevape.com\/wp-content\/uploads\/2026\/01\/BANG-LEADER-STOLL-60000-60K-Zuege-mit-2-in-1-Switch-Einweg-Vapes-im-Grosshandel-3-18x7.webp 18w, https:\/\/widevape.com\/wp-content\/uploads\/2026\/01\/BANG-LEADER-STOLL-60000-60K-Zuege-mit-2-in-1-Switch-Einweg-Vapes-im-Grosshandel-3-510x186.webp 510w\" sizes=\"auto, (max-width: 1920px) 100vw, 1920px\" \/><\/p>\n<div style=\"background-color: #bbe0ef; border-left: 10px solid #7a9c59; padding: 20px; margin: 30px 0; border-radius: 5px;\">\n<h3 style=\"margin-top: 0;\">Czy wiedzia\u0142e\u015b ju\u017c?<\/h3>\n<p>Der <strong>LIDER BANG STOLL 60000<\/strong> korzysta z \u201eMesh Coil\u201c. To jest jak magiczna siatka w \u015brodku, kt\u00f3ra powoduje, \u017ce powietrze podczas zaci\u0105gania si\u0119 czuje si\u0119 super mi\u0119kko i ka\u017cda opcja smakuje naprawd\u0119 dobrze. Z oporno\u015bci\u0105 1.0 Ohm ka\u017cdy zaci\u0105g jest dok\u0142adnie odpowiedni - ani zbyt silny, ani zbyt s\u0142aby!<\/p>\n<\/div>\n<h2 style=\"color: #161e54; border-bottom: 3px solid #ffcc00;\">Twoje fantastyczne opcje klawiaturowe<\/h2>\n<p>Oto \u015bwietne kombinacje, kt\u00f3re mo\u017cesz wybra\u0107. Ka\u017cda liczba zawiera dwie wspania\u0142e smaki dla podw\u00f3jnej przyjemno\u015bci:<\/p>\n<div style=\"margin-bottom: 30px;\">\n<ul>\n<li>\n<p data-path-to-node=\"1,0,0\">Arbuzowe lody i truskawkowy gumowy arbuz<\/p>\n<\/li>\n<li>\n<p data-path-to-node=\"1,1,0\">Energy-Drink &amp; Smoczy Owoc Truskawka<\/p>\n<\/li>\n<li>\n<p data-path-to-node=\"1,2,0\">Wanilia-Cola i Cytryna-Peach-Truskawka-Malina<\/p>\n<\/li>\n<li>\n<p data-path-to-node=\"1,3,0\">Lody wi\u015bniowe &amp; Lody winogronowe<\/p>\n<\/li>\n<li>\n<p data-path-to-node=\"1,4,0\">Arbuzowe lody &amp; Truskawkowy Mango<\/p>\n<\/li>\n<li>\n<p data-path-to-node=\"1,5,0\">Bor\u00f3wka lody &amp; Kwa\u015bna wi\u015bnia<\/p>\n<\/li>\n<li>\n<p data-path-to-node=\"1,6,0\">Truskawkowy arbuz i cola wi\u015bniowa<\/p>\n<\/li>\n<li>\n<p data-path-to-node=\"1,7,0\">Sokowate lody brzoskwiniowe i orze\u017awienie grejpfrutowe<\/p>\n<\/li>\n<li>\n<p data-path-to-node=\"1,8,0\">R\u00f3\u017cowa lemoniada i kiwi-marakuja-guawa<\/p>\n<\/li>\n<li>\n<p data-path-to-node=\"1,9,0\">Morele-jagoda &amp; Truskawka-banan<\/p>\n<\/li>\n<li>\n<p data-path-to-node=\"1,10,0\">Mi\u0119ta-Mango &amp; Wi\u015bnia-Cytryna<\/p>\n<\/li>\n<li>\n<p data-path-to-node=\"1,11,0\">Truskawkowo-kiviowy &amp; truskawkowo-arbuzowy gum do \u017cucia<\/p>\n<\/li>\n<\/ul>\n<\/div>\n<h2 style=\"color: #161e54; border-bottom: 3px solid #ffcc00;\">Szczeg\u00f3\u0142y techniczne na przegl\u0105dzie<\/h2>\n<div style=\"overflow-x: auto;\">\n<table style=\"width: 100%; border-collapse: collapse; margin: 20px 0; background-color: #bbe0ef;\">\n<thead>\n<tr style=\"background-color: #ffcc00; color: #161e54;\">\n<th style=\"padding: 15px; border: 1px solid #161E54; text-align: left;\">Cecha<\/th>\n<th style=\"padding: 15px; border: 1px solid #161E54; text-align: left;\">Szczeg\u00f3\u0142y<\/th>\n<\/tr>\n<\/thead>\n<tbody>\n<tr>\n<td style=\"padding: 12px; border: 1px solid #161E54;\"><strong>liczba poci\u0105g\u00f3w<\/strong><\/td>\n<td style=\"padding: 12px; border: 1px solid #161E54;\">60 000 pff\u00f3w (Gigantycznie!)<\/td>\n<\/tr>\n<tr>\n<td style=\"padding: 12px; border: 1px solid #161E54;\"><strong>Bateria<\/strong><\/td>\n<td style=\"padding: 12px; border: 1px solid #161E54;\">650mAh (\u0142adowalny)<\/td>\n<\/tr>\n<tr>\n<td style=\"padding: 12px; border: 1px solid #161E54;\"><strong>Gniazdo \u0142adowania<\/strong><\/td>\n<td style=\"padding: 12px; border: 1px solid #161E54;\">Szybkie \u0142adowanie Type-C<\/td>\n<\/tr>\n<tr>\n<td style=\"padding: 12px; border: 1px solid #161E54;\"><strong>Technologie<\/strong><\/td>\n<td style=\"padding: 12px; border: 1px solid #161E54;\">1,0 Ohm siatkowa cewka<\/td>\n<\/tr>\n<tr>\n<td style=\"padding: 12px; border: 1px solid #161E54;\"><strong>szczeg\u00f3lno\u015b\u0107<\/strong><\/td>\n<td style=\"padding: 12px; border: 1px solid #161E54;\">Prze\u0142\u0105cznik 2 w 1 dla Tastes<\/td>\n<\/tr>\n<\/tbody>\n<\/table>\n<\/div>\n<h2 style=\"color: #161e54; border-bottom: 3px solid #ffcc00;\">Cz\u0119sto zadawane pytania (FAQ)<\/h2>\n<div style=\"background-color: #bbe0ef; padding: 20px; border-radius: 10px; border: 2px dashed #7a9c59;\">\n<p><strong>\u23f1\ufe0f Jak d\u0142ugo dzia\u0142a BANG LEADER STOLL 60000?<\/strong><\/p>\n<p>Poniewa\u017c ma 60 000 zdj\u0119\u0107, mo\u017ce wytrzyma\u0107 wiele tygodni! Nale\u017cy do najbardziej d\u0142ugotrwa\u0142ych <strong>jednorazowe vape'y<\/strong> na rynku.<\/p>\n<p><strong>Czy mog\u0119 na\u0142adowa\u0107 urz\u0105dzenie?<\/strong><br \/>\nOczywi\u015bcie! Gdy bateria jest pusta, po prostu pod\u0142\u0105czasz kabel Type-C. Jest szybko gotowy do tworzenia nowych chmur.<\/p>\n<p><strong>Gdzie mog\u0119 kupi\u0107 te e-papierosy dla mojego sklepu?<\/strong><br \/>\nNajlepiej bezpo\u015brednio tutaj <strong>WideVape<\/strong>Jeste\u015bmy Twoim partnerem dla <strong>hurtownia<\/strong> na terenie ca\u0142ej Europy i oferujemy Ci \u015bwietne ceny.<\/p>\n<p><strong>\ud83c\udf1f Jak prze\u0142\u0105cza\u0107 si\u0119 mi\u0119dzy tymi dwoma klawiaturami?<\/strong><br \/>\nTo jest dziecinnie proste! Na urz\u0105dzeniu znajduje si\u0119 ma\u0142y prze\u0142\u0105cznik. Po prostu prze\u0142\u0105cz go i ju\u017c masz inn\u0105 opcj\u0119.<\/p>\n<\/div>\n<p style=\"text-align: center; margin-top: 40px; font-weight: bold; font-size: 1.2em;\">Gotowy na kolejny poziom? Odwied\u017a teraz WideVape i zdob\u0105d\u017a BANG LEADER STOLL 60000 dla najlepszych <strong>Hurtownia<\/strong>Oferty w Europie!<\/p>\n<p><img loading=\"lazy\" decoding=\"async\" class=\"size-full wp-image-29486 aligncenter\" src=\"https:\/\/widevape.com\/wp-content\/uploads\/2026\/01\/BANG-LEADER-STOLL-60000-60K-Zuege-mit-2-in-1-Switch-Einweg-Vapes-im-Grosshandel-4-scaled.webp\" alt=\"BANG LEADER STOLL 60000 60K Z\u00fcge mit 2-in-1 Switch Einweg-Vapes im Gro\u00dfhandel\" width=\"1487\" height=\"2560\" srcset=\"https:\/\/widevape.com\/wp-content\/uploads\/2026\/01\/BANG-LEADER-STOLL-60000-60K-Zuege-mit-2-in-1-Switch-Einweg-Vapes-im-Grosshandel-4-scaled.webp 1487w, https:\/\/widevape.com\/wp-content\/uploads\/2026\/01\/BANG-LEADER-STOLL-60000-60K-Zuege-mit-2-in-1-Switch-Einweg-Vapes-im-Grosshandel-4-174x300.webp 174w, https:\/\/widevape.com\/wp-content\/uploads\/2026\/01\/BANG-LEADER-STOLL-60000-60K-Zuege-mit-2-in-1-Switch-Einweg-Vapes-im-Grosshandel-4-595x1024.webp 595w, https:\/\/widevape.com\/wp-content\/uploads\/2026\/01\/BANG-LEADER-STOLL-60000-60K-Zuege-mit-2-in-1-Switch-Einweg-Vapes-im-Grosshandel-4-768x1322.webp 768w, https:\/\/widevape.com\/wp-content\/uploads\/2026\/01\/BANG-LEADER-STOLL-60000-60K-Zuege-mit-2-in-1-Switch-Einweg-Vapes-im-Grosshandel-4-892x1536.webp 892w, https:\/\/widevape.com\/wp-content\/uploads\/2026\/01\/BANG-LEADER-STOLL-60000-60K-Zuege-mit-2-in-1-Switch-Einweg-Vapes-im-Grosshandel-4-1189x2048.webp 1189w, https:\/\/widevape.com\/wp-content\/uploads\/2026\/01\/BANG-LEADER-STOLL-60000-60K-Zuege-mit-2-in-1-Switch-Einweg-Vapes-im-Grosshandel-4-7x12.webp 7w, https:\/\/widevape.com\/wp-content\/uploads\/2026\/01\/BANG-LEADER-STOLL-60000-60K-Zuege-mit-2-in-1-Switch-Einweg-Vapes-im-Grosshandel-4-510x878.webp 510w\" sizes=\"auto, (max-width: 1487px) 100vw, 1487px\" \/><\/p>\n<\/article>","protected":false},"excerpt":{"rendered":"<div style=\"width: 500px; border: 2px solid #ffcc00; border-radius: 12px; overflow: hidden; font-family: 'Arial', sans-serif; color: #161e54; box-shadow: 0 4px 8px rgba(0,0,0,0.05);\">\n<table style=\"width: 100%; border-collapse: collapse; background-color: #ffffff;\">\n<thead>\n<tr style=\"background-color: #ff9900; color: #ffffff;\">\n<th style=\"padding: 15px; font-size: 18px; text-align: center; letter-spacing: 1px;\" colspan=\"2\">BANG LEADER STOLL 60000 Quick Specs<\/th>\n<\/tr>\n<\/thead>\n<tbody>\n<tr style=\"background-color: #ffffff; border-bottom: 1px solid #BBE0EF;\">\n<td style=\"padding: 12px 20px; font-weight: bold; width: 40%;\">Marka i model<\/td>\n<td style=\"padding: 12px 20px;\">LIDER BANG STOLL 60000<\/td>\n<\/tr>\n<tr style=\"background-color: #f9fbfd; border-bottom: 1px solid #BBE0EF;\">\n<td style=\"padding: 12px 20px; font-weight: bold;\">liczba poci\u0105g\u00f3w<\/td>\n<td style=\"padding: 12px 20px; font-weight: bold; color: #ff9900; font-size: 1.1em;\">60 000 Puffs<\/td>\n<\/tr>\n<tr style=\"background-color: #ffffff; border-bottom: 1px solid #BBE0EF;\">\n<td style=\"padding: 12px 20px; font-weight: bold;\">Innowacja<\/td>\n<td style=\"padding: 12px 20px;\">Prze\u0142\u0105cznik smaku 2 w 1 i cewka siatkowa<\/td>\n<\/tr>\n<tr style=\"background-color: #f9fbfd; border-bottom: 1px solid #BBE0EF;\">\n<td style=\"padding: 12px 20px; font-weight: bold;\">Pojemno\u015b\u0107<\/td>\n<td style=\"padding: 12px 20px;\">Maksymalna pojemno\u015b\u0107<\/td>\n<\/tr>\n<tr style=\"background-color: #ffffff; border-bottom: 1px solid #BBE0EF;\">\n<td style=\"padding: 12px 20px; font-weight: bold;\">Bateria<\/td>\n<td style=\"padding: 12px 20px;\">650mAh (zasilany przez Type-C)<\/td>\n<\/tr>\n<tr style=\"background-color: #f9fbfd;\">\n<td style=\"padding: 12px 20px; font-weight: bold;\">Wielki handel<\/td>\n<td style=\"padding: 12px 20px;\"><a style=\"color: #7a9c59; font-weight: bold; text-decoration: none; border-bottom: 1px dashed #7a9c59;\" href=\"https:\/\/widevape.com\/pl\/\">Teraz kup na WideVape<\/a><\/td>\n<\/tr>\n<\/tbody>\n<\/table>\n<\/div>","protected":false},"featured_media":29483,"comment_status":"open","ping_status":"closed","template":"","meta":[],"product_brand":[],"product_cat":[33,176,92,93,37,61,183,187,193,185,181,184,186,188,182,189,190,192,191,90],"product_tag":[],"class_list":{"0":"post-29481","1":"product","2":"type-product","3":"status-publish","4":"has-post-thumbnail","6":"product_cat-bang-einweg-e-zigaretten","7":"product_cat-60000-zuege-einweg-e-zigaretten","8":"product_cat-digitale-box-einweg-e-zigaretten","9":"product_cat-dual-mesh-einweg-e-zigaretten","10":"product_cat-einweg-e-zigaretten","11":"product_cat-einweg-e-zigaretten-nach-zuegen","12":"product_cat-einweg-e-zigaretten-in-belgien","13":"product_cat-einweg-e-zigaretten-in-den-niederlanden","14":"product_cat-einweg-e-zigaretten-in-der-schweiz","15":"product_cat-einweg-e-zigaretten-in-deutschland","16":"product_cat-einweg-e-zigaretten-in-europa","17":"product_cat-einweg-e-zigaretten-in-frankreich","18":"product_cat-einweg-e-zigaretten-in-italien","19":"product_cat-einweg-e-zigaretten-in-norwegen","20":"product_cat-einweg-e-zigaretten-in-oesterreich","21":"product_cat-einweg-e-zigaretten-in-polen","22":"product_cat-einweg-e-zigaretten-in-portugal","23":"product_cat-einweg-e-zigaretten-in-schweden","24":"product_cat-einweg-e-zigaretten-in-spanien","25":"product_cat-grosse-einweg-e-zigaretten","27":"first","28":"instock","29":"shipping-taxable","30":"purchasable","31":"product-type-variable","32":"has-default-attributes"},"_links":{"self":[{"href":"https:\/\/widevape.com\/pl\/wp-json\/wp\/v2\/product\/29481","targetHints":{"allow":["GET"]}}],"collection":[{"href":"https:\/\/widevape.com\/pl\/wp-json\/wp\/v2\/product"}],"about":[{"href":"https:\/\/widevape.com\/pl\/wp-json\/wp\/v2\/types\/product"}],"replies":[{"embeddable":true,"href":"https:\/\/widevape.com\/pl\/wp-json\/wp\/v2\/comments?post=29481"}],"wp:featuredmedia":[{"embeddable":true,"href":"https:\/\/widevape.com\/pl\/wp-json\/wp\/v2\/media\/29483"}],"wp:attachment":[{"href":"https:\/\/widevape.com\/pl\/wp-json\/wp\/v2\/media?parent=29481"}],"wp:term":[{"taxonomy":"product_brand","embeddable":true,"href":"https:\/\/widevape.com\/pl\/wp-json\/wp\/v2\/product_brand?post=29481"},{"taxonomy":"product_cat","embeddable":true,"href":"https:\/\/widevape.com\/pl\/wp-json\/wp\/v2\/product_cat?post=29481"},{"taxonomy":"product_tag","embeddable":true,"href":"https:\/\/widevape.com\/pl\/wp-json\/wp\/v2\/product_tag?post=29481"}],"curies":[{"name":"wp","href":"https:\/\/api.w.org\/{rel}","templated":true}]}}