{"id":16464,"date":"2023-04-19T13:48:44","date_gmt":"2023-04-19T13:48:44","guid":{"rendered":"https:\/\/shopkeeper-demo.getbowtied.com\/electronics\/?page_id=16464"},"modified":"2025-09-16T10:46:11","modified_gmt":"2025-09-16T08:46:11","slug":"sobre-nos","status":"publish","type":"page","link":"https:\/\/widevape.com\/pt\/ueber-uns\/","title":{"rendered":"Sobre N\u00f3s"},"content":{"rendered":"<h1 style=\"text-align: center;\" data-start=\"144\" data-end=\"156\">Sobre WideVape<\/h1>\n<p data-start=\"157\" data-end=\"667\">Fundado em 2021, a WideVape \u00e9 uma loja online de cigarros eletr\u00f3nicos especializada em vapes descart\u00e1veis de alta qualidade, l\u00edquidos eletr\u00f3nicos, bolsas de nicotina e acess\u00f3rios. Estamos orgulhosos de oferecer marcas l\u00edderes como <a href=\"https:\/\/widevape.com\/pt\/categoria-do-produto\/baterias-descartaveis-para-cigarros-eletronicos\/\">BANG<\/a>, <a href=\"https:\/\/widevape.com\/pt\/categoria-do-produto\/randm-tornado-cigarros-eletronicos-descartaveis\/\">RandM Tornado<\/a>, <a href=\"https:\/\/widevape.com\/pt\/categoria-do-produto\/waspe-descartaveis-e-cigarros\/\">Vespas<\/a>\u00a0e muito mais oferecer e agora atendem milhares de clientes fi\u00e9is na Europa. Liderados por uma equipe engajada de entusiastas apaixonados por vape, a WideVape se comprometeu a oferecer aos nossos clientes a melhor experi\u00eancia de vaporiza\u00e7\u00e3o poss\u00edvel.<\/p>\n<hr data-start=\"669\" data-end=\"672\" \/>\n<h2 style=\"text-align: center;\" data-start=\"674\" data-end=\"699\">Qualidade e servi\u00e7o<\/h2>\n<p data-start=\"700\" data-end=\"1185\">Na WideVape, a qualidade e a satisfa\u00e7\u00e3o do cliente v\u00eam em primeiro lugar. Nossa ampla gama de produtos \u00e9 cuidadosamente selecionada para atender \u00e0s diversas necessidades e prefer\u00eancias de nossos clientes. Cada produto vem de fabricantes renomados e atende aos mais altos padr\u00f5es de seguran\u00e7a e qualidade. Seja voc\u00ea um vaporizador experiente ou esteja come\u00e7ando agora, com certeza encontrar\u00e1 o produto certo para enriquecer sua experi\u00eancia conosco.<\/p>\n<p data-start=\"1187\" data-end=\"1522\">Nossa equipe de servi\u00e7o dedicada apoia voc\u00ea a qualquer momento de forma competente em perguntas ou preocupa\u00e7\u00f5es e garante que sua compra ocorra de forma suave e agrad\u00e1vel. Al\u00e9m disso, oferecemos um direito flex\u00edvel de devolu\u00e7\u00e3o e troca, para que voc\u00ea possa devolver ou trocar itens facilmente, caso n\u00e3o esteja satisfeito.<\/p>\n<hr data-start=\"1524\" data-end=\"1527\" \/>\n<h2 style=\"text-align: center;\" data-start=\"1529\" data-end=\"1568\">R\u00e1pido, confi\u00e1vel e acess\u00edvel<\/h2>\n<p data-start=\"1569\" data-end=\"1868\">Uma das nossas maiores for\u00e7as \u00e9 o nosso foco na entrega r\u00e1pida. Sabemos como \u00e9 importante receber os seus produtos a tempo. \u00c9 por isso que garantimos que todos os pedidos sejam processados e enviados rapidamente. Dessa forma, voc\u00ea pode desfrutar das suas compras sem atrasos desnecess\u00e1rios.<\/p>\n<p data-start=\"1870\" data-end=\"2194\">Com a WideVape, voc\u00ea n\u00e3o precisa escolher entre qualidade e pre\u00e7o - oferecemos ambos. Gra\u00e7as aos nossos pre\u00e7os competitivos, voc\u00ea pode desfrutar de produtos de vaporiza\u00e7\u00e3o premium sem estourar seu or\u00e7amento. Ao mesmo tempo, estamos constantemente trabalhando para trazer os produtos de vaporiza\u00e7\u00e3o mais recentes e melhores para o mercado europeu.<\/p>\n<hr data-start=\"2196\" data-end=\"2199\" \/>\n<p data-start=\"2201\" data-end=\"2431\">Aproveite o seu tempo para descobrir a nossa variada sele\u00e7\u00e3o e encontrar o vape perfeito para as suas necessidades. Com a WideVape, voc\u00ea pode ter certeza de obter sempre produtos de primeira classe e um servi\u00e7o excelente.<\/p>\n<p data-start=\"2433\" data-end=\"2505\"><a class=\"decorated-link cursor-pointer\" target=\"_new\" rel=\"noopener\" data-start=\"2447\" data-end=\"2463\">\u00a0<\/a>\ud83d\udce7 E-Mail: \n becomes \n\ud83d\udce7 E-mail: <a class=\"decorated-link cursor-pointer\" rel=\"noopener\" data-start=\"2481\" data-end=\"2501\">info@widevape.com<\/a><\/p>","protected":false},"excerpt":{"rendered":"<p>\u00dcber WideVape Gegr\u00fcndet im Jahr 2021 ist WideVape ein Online-Shop f\u00fcr E-Zigaretten, der sich auf hochwertige Disposable Vapes, E-Liquids, Nikotinbeutel und Zubeh\u00f6r spezialisiert hat. Wir sind stolz darauf, Top-Marken wie BANG, RandM Tornado, Waspe\u00a0und viele mehr anbieten zu k\u00f6nnen und bedienen inzwischen tausende treue Kunden in Europa. Geleitet von einem engagierten Team leidenschaftlicher Vape-Enthusiasten hat[Erfahren Sie mehr&#8230;]\n","protected":false},"author":1,"featured_media":0,"parent":0,"menu_order":0,"comment_status":"closed","ping_status":"closed","template":"","meta":{"footnotes":""},"class_list":["post-16464","page","type-page","status-publish","hentry"],"_links":{"self":[{"href":"https:\/\/widevape.com\/pt\/wp-json\/wp\/v2\/pages\/16464","targetHints":{"allow":["GET"]}}],"collection":[{"href":"https:\/\/widevape.com\/pt\/wp-json\/wp\/v2\/pages"}],"about":[{"href":"https:\/\/widevape.com\/pt\/wp-json\/wp\/v2\/types\/page"}],"author":[{"embeddable":true,"href":"https:\/\/widevape.com\/pt\/wp-json\/wp\/v2\/users\/1"}],"replies":[{"embeddable":true,"href":"https:\/\/widevape.com\/pt\/wp-json\/wp\/v2\/comments?post=16464"}],"version-history":[{"count":2,"href":"https:\/\/widevape.com\/pt\/wp-json\/wp\/v2\/pages\/16464\/revisions"}],"predecessor-version":[{"id":28063,"href":"https:\/\/widevape.com\/pt\/wp-json\/wp\/v2\/pages\/16464\/revisions\/28063"}],"wp:attachment":[{"href":"https:\/\/widevape.com\/pt\/wp-json\/wp\/v2\/media?parent=16464"}],"curies":[{"name":"wp","href":"https:\/\/api.w.org\/{rel}","templated":true}]}}