{"id":21814,"date":"2025-02-23T14:33:14","date_gmt":"2025-02-23T13:33:14","guid":{"rendered":"https:\/\/widevape.com\/?page_id=21814"},"modified":"2025-02-23T14:33:14","modified_gmt":"2025-02-23T13:33:14","slug":"perguntas-frequentes","status":"publish","type":"page","link":"https:\/\/widevape.com\/pt\/faqs\/","title":{"rendered":"Perguntas frequentes"},"content":{"rendered":"<h3 data-start=\"0\" data-end=\"67\">FAQ para Wide Vape \u2013 Cigarros eletr\u00f4nicos descart\u00e1veis premium da Alemanha<\/h3>\n<p data-start=\"69\" data-end=\"399\"><strong data-start=\"69\" data-end=\"94\">O que \u00e9 Wide Vape?<\/strong><br data-start=\"94\" data-end=\"97\" \/>A Wide Vape \u00e9 um fornecedor l\u00edder de cigarros eletr\u00f3nicos descart\u00e1veis premium, vendidos exclusivamente na Europa. Oferecemos uma ampla sele\u00e7\u00e3o de marcas de alta qualidade, como Bang Box, RandM, Waspe, Elf Box, Al Fakher, VOPK e Vozol, principalmente dispon\u00edveis para venda no atacado ou para pedidos em grande quantidade.<\/p>\n<p data-start=\"401\" data-end=\"523\"><strong data-start=\"401\" data-end=\"454\">Quais marcas voc\u00ea vende no seu site?<\/strong><br data-start=\"454\" data-end=\"457\" \/>Na Wide Vape voc\u00ea encontra uma variedade de marcas populares, incluindo:<\/p>\n<ul data-start=\"524\" data-end=\"615\">\n<li data-start=\"524\" data-end=\"538\"><strong data-start=\"526\" data-end=\"538\">Bang Box<\/strong><\/li>\n<li data-start=\"539\" data-end=\"550\"><strong data-start=\"541\" data-end=\"550\">RandM<\/strong><\/li>\n<li data-start=\"551\" data-end=\"564\"><strong data-start=\"553\" data-end=\"564\">Caixa de Elf<\/strong><\/li>\n<li data-start=\"565\" data-end=\"580\"><strong data-start=\"567\" data-end=\"580\">Al Fakher<\/strong><\/li>\n<li data-start=\"581\" data-end=\"591\"><strong data-start=\"583\" data-end=\"591\">VOPK<\/strong><\/li>\n<li data-start=\"592\" data-end=\"603\"><strong data-start=\"594\" data-end=\"603\">Vespas<\/strong><\/li>\n<li data-start=\"604\" data-end=\"615\"><strong data-start=\"606\" data-end=\"615\">Vozol<\/strong><\/li>\n<\/ul>\n<p data-start=\"617\" data-end=\"749\">Essas marcas oferecem cigarros eletr\u00f4nicos descart\u00e1veis de alta qualidade com v\u00e1rios sabores, ideais para o mercado atacadista.<\/p>\n<p data-start=\"751\" data-end=\"1089\"><strong data-start=\"751\" data-end=\"794\">3. Como funciona o processo de encomenda?<\/strong><br data-start=\"794\" data-end=\"797\" \/>Voc\u00ea pode fazer pedidos em nosso site a partir de 10 unidades (1 caixa). Os pedidos ser\u00e3o enviados de nosso dep\u00f3sito na Europa (tempo de entrega 3-7 dias) ou de nosso dep\u00f3sito na China (tempo de entrega 12-15 dias). Oferecemos entrega r\u00e1pida e confi\u00e1vel diretamente para voc\u00ea.<\/p>\n<p data-start=\"1091\" data-end=\"1244\"><strong data-start=\"1091\" data-end=\"1138\">Quais m\u00e9todos de pagamento voc\u00ea aceita?<\/strong><br data-start=\"1138\" data-end=\"1141\" \/>Oferecemos uma variedade de m\u00e9todos de pagamento para tornar a compra o mais f\u00e1cil poss\u00edvel para voc\u00ea:<\/p>\n<ul data-start=\"1245\" data-end=\"1523\">\n<li data-start=\"1245\" data-end=\"1287\"><strong data-start=\"1247\" data-end=\"1262\">Cart\u00e3o de cr\u00e9dito<\/strong> (Visa, MasterCard, etc.)<\/li>\n<li data-start=\"1288\" data-end=\"1337\"><strong data-start=\"1290\" data-end=\"1309\">Transfer\u00eancia banc\u00e1ria<\/strong> (transfer\u00eancia electr\u00f3nica)<\/li>\n<li data-start=\"1338\" data-end=\"1388\"><strong data-start=\"1340\" data-end=\"1359\">Criptomoedas<\/strong> (Bitcoin, Ethereum e mais)<\/li>\n<li data-start=\"1389\" data-end=\"1430\"><strong data-start=\"1391\" data-end=\"1400\">iDEAL<\/strong> (popular nos Pa\u00edses Baixos)<\/li>\n<li data-start=\"1431\" data-end=\"1468\"><strong data-start=\"1433\" data-end=\"1447\">Bancontact<\/strong> (popular na B\u00e9lgica)<\/li>\n<li data-start=\"1469\" data-end=\"1523\"><strong data-start=\"1471\" data-end=\"1495\">Transfer\u00eancia banc\u00e1ria SEPA<\/strong> (para pagamentos europeus)<\/li>\n<\/ul>\n<p data-start=\"1525\" data-end=\"1844\"><strong data-start=\"1525\" data-end=\"1569\">5. Existem descontos para grandes encomendas?<\/strong><br data-start=\"1569\" data-end=\"1572\" \/>Sim, na Wide Vape oferecemos pre\u00e7os particularmente atraentes para pedidos grandes. Quanto mais cigarros eletr\u00f4nicos descart\u00e1veis voc\u00ea encomendar, mais barato se tornar\u00e1 o pre\u00e7o por unidade. Para informa\u00e7\u00f5es detalhadas sobre descontos e ofertas especiais, voc\u00ea pode nos contatar por e-mail.<\/p>\n<p data-start=\"1846\" data-end=\"1937\"><strong data-start=\"1846\" data-end=\"1884\">6. Quanto tempo demora a entrega?<\/strong><br data-start=\"1884\" data-end=\"1887\" \/>Os prazos de entrega dependem do m\u00e9todo de envio:<\/p>\n<ul data-start=\"1938\" data-end=\"2002\">\n<li data-start=\"1938\" data-end=\"1972\"><strong data-start=\"1940\" data-end=\"1963\">Armaz\u00e9m Europeu:<\/strong> 3-7 dias<\/li>\n<li data-start=\"1973\" data-end=\"2002\"><strong data-start=\"1975\" data-end=\"1991\">Armaz\u00e9m da China:<\/strong> 12-15 dias<\/li>\n<\/ul>\n<p data-start=\"2004\" data-end=\"2144\">Todos os pedidos s\u00e3o embalados e enviados de forma r\u00e1pida e segura para garantir que os seus produtos cheguem em perfeito estado.<\/p>\n<p data-start=\"2146\" data-end=\"2416\"><strong data-start=\"2146\" data-end=\"2205\">7. Como posso entrar em contato com voc\u00ea se tiver alguma d\u00favida?<\/strong><br data-start=\"2205\" data-end=\"2208\" \/>Voc\u00ea pode nos contatar a qualquer momento por e-mail sob <strong data-start=\"2250\" data-end=\"2271\"><a rel=\"noopener\" data-start=\"2252\" data-end=\"2269\">info@widevape.com<\/a><\/strong> Entre em contato. Nossa equipe de atendimento ao cliente est\u00e1 \u00e0 sua disposi\u00e7\u00e3o para responder a todas as suas perguntas e ajud\u00e1-lo em sua compra.<\/p>\n<p data-start=\"2418\" data-end=\"2651\"><strong data-start=\"2418\" data-end=\"2453\">De onde v\u00eam seus produtos?<\/strong><br data-start=\"2453\" data-end=\"2456\" \/>Nossos produtos v\u00eam do nosso armaz\u00e9m na Europa ou diretamente da China. Garantimos a qualidade dos nossos produtos e o cumprimento de todos os padr\u00f5es europeus para cigarros eletr\u00f3nicos.<\/p>\n<p data-start=\"2653\" data-end=\"2942\"><strong data-start=\"2653\" data-end=\"2711\">9. Posso encomendar tamb\u00e9m como indiv\u00edduo?<\/strong><br data-start=\"2711\" data-end=\"2714\" \/>Nossa website \u00e9 principalmente concebida para grandes encomendas e para o setor de compras em massa. Encomendas individuais s\u00e3o geralmente poss\u00edveis, mas recomendamos fazer encomendas em quantidades maiores para se beneficiar dos pre\u00e7os mais baixos.<\/p>\n<p data-start=\"2944\" data-end=\"3282\"><strong data-start=\"2944\" data-end=\"2997\">10. Qual garantia voc\u00eas oferecem em seus produtos?<\/strong><br data-start=\"2997\" data-end=\"3000\" \/>Oferecemos uma garantia de qualidade para todos os produtos vendidos atrav\u00e9s do nosso site. Caso haja um problema com os produtos recebidos, por favor, entre em contato com o nosso servi\u00e7o de atendimento ao cliente para encontrar uma solu\u00e7\u00e3o. Para mais detalhes sobre a garantia, consulte os nossos termos e condi\u00e7\u00f5es.<\/p>","protected":false},"excerpt":{"rendered":"<p>FAQ f\u00fcr Wide Vape \u2013 Premium Einweg E-Zigaretten aus Deutschland 1. Was ist Wide Vape?Wide Vape ist ein f\u00fchrender Anbieter von Premium Einweg E-Zigaretten, die exklusiv in Europa verkauft werden. Wir bieten eine gro\u00dfe Auswahl an hochwertigen Marken wie Bang Box, RandM, Waspe, Elf Box, Al Fakher, VOPK und Vozol, die haupts\u00e4chlich im Gro\u00dfhandel oder[Erfahren Sie mehr&#8230;]\n","protected":false},"author":1,"featured_media":0,"parent":0,"menu_order":0,"comment_status":"closed","ping_status":"closed","template":"","meta":{"footnotes":""},"class_list":["post-21814","page","type-page","status-publish","hentry"],"_links":{"self":[{"href":"https:\/\/widevape.com\/pt\/wp-json\/wp\/v2\/pages\/21814","targetHints":{"allow":["GET"]}}],"collection":[{"href":"https:\/\/widevape.com\/pt\/wp-json\/wp\/v2\/pages"}],"about":[{"href":"https:\/\/widevape.com\/pt\/wp-json\/wp\/v2\/types\/page"}],"author":[{"embeddable":true,"href":"https:\/\/widevape.com\/pt\/wp-json\/wp\/v2\/users\/1"}],"replies":[{"embeddable":true,"href":"https:\/\/widevape.com\/pt\/wp-json\/wp\/v2\/comments?post=21814"}],"version-history":[{"count":0,"href":"https:\/\/widevape.com\/pt\/wp-json\/wp\/v2\/pages\/21814\/revisions"}],"wp:attachment":[{"href":"https:\/\/widevape.com\/pt\/wp-json\/wp\/v2\/media?parent=21814"}],"curies":[{"name":"wp","href":"https:\/\/api.w.org\/{rel}","templated":true}]}}