{"id":23770,"date":"2025-02-26T10:21:52","date_gmt":"2025-02-26T09:21:52","guid":{"rendered":"https:\/\/widevape.com\/?page_id=23770"},"modified":"2025-02-26T10:21:52","modified_gmt":"2025-02-26T09:21:52","slug":"condicoes-de-devolucao","status":"publish","type":"page","link":"https:\/\/widevape.com\/pt\/rueckgabebedingungen\/","title":{"rendered":"Condi\u00e7\u00f5es de devolu\u00e7\u00e3o"},"content":{"rendered":"<p data-start=\"113\" data-end=\"207\"><strong data-start=\"113\" data-end=\"207\">Muito obrigado pela sua compra na Wide Vape - E-cigarros descart\u00e1veis premium da Alemanha.<\/strong><\/p>\n<p data-start=\"209\" data-end=\"418\">Gostar\u00edamos que voc\u00ea estivesse totalmente satisfeito com sua compra. No entanto, se por algum motivo for necess\u00e1rio fazer uma devolu\u00e7\u00e3o, voc\u00ea encontrar\u00e1 aqui as condi\u00e7\u00f5es detalhadas de devolu\u00e7\u00e3o:<\/p>\n<h4 data-start=\"420\" data-end=\"441\">Prazo de devolu\u00e7\u00e3o<\/h4>\n<p data-start=\"442\" data-end=\"732\">Aceitamos devolu\u00e7\u00f5es dentro de <strong data-start=\"482\" data-end=\"527\">14 dias ap\u00f3s o recebimento da sua encomenda<\/strong>, desde que o produto esteja em perfeito estado e n\u00e3o tenha sido aberto. Por favor, note que por raz\u00f5es de higiene e seguran\u00e7a, n\u00e3o podemos aceitar produtos abertos ou usados.<\/p>\n<h4 data-start=\"734\" data-end=\"761\">2. Condi\u00e7\u00f5es de devolu\u00e7\u00e3o<\/h4>\n<p data-start=\"762\" data-end=\"889\">Para iniciar uma devolu\u00e7\u00e3o, entre em contato conosco por e-mail em <strong data-start=\"835\" data-end=\"856\"><a rel=\"noopener\" data-start=\"837\" data-end=\"854\">info@widevape.com<\/a><\/strong> com as seguintes informa\u00e7\u00f5es:<\/p>\n<ul data-start=\"890\" data-end=\"947\">\n<li data-start=\"890\" data-end=\"905\">N\u00famero do pedido<\/li>\n<li data-start=\"906\" data-end=\"926\">Designa\u00e7\u00e3o do produto<\/li>\n<li data-start=\"927\" data-end=\"947\">Motivo da devolu\u00e7\u00e3o<\/li>\n<\/ul>\n<p data-start=\"949\" data-end=\"1093\">A devolu\u00e7\u00e3o ser\u00e1 feita \u00e0s suas custas, a menos que o produto esteja defeituoso ou danificado. Nesse caso, assumiremos os custos de envio de devolu\u00e7\u00e3o.<\/p>\n<h4 data-start=\"1095\" data-end=\"1117\">3. Reembolso<\/h4>\n<p data-start=\"1118\" data-end=\"1331\">Ap\u00f3s recebimento e verifica\u00e7\u00e3o do retorno, reembolsaremos o valor da compra dentro de <strong data-start=\"1205\" data-end=\"1220\">7 dias \u00fateis<\/strong> reembolsar pelo m\u00e9todo de pagamento original, menos quaisquer custos de envio de retorno (se aplic\u00e1vel).<\/p>\n<h4 data-start=\"1333\" data-end=\"1378\">4. Produtos danificados ou defeituosos<\/h4>\n<p data-start=\"1379\" data-end=\"1679\">Caso voc\u00ea receba um produto danificado ou defeituoso, por favor, entre em contato conosco imediatamente para que possamos encontrar uma solu\u00e7\u00e3o. Oferecemos uma substitui\u00e7\u00e3o ou um reembolso total. Nesse caso, obviamente, assumiremos os custos de devolu\u00e7\u00e3o.<\/p>\n<h4 data-start=\"1681\" data-end=\"1717\">5. Cancelamento de pedidos<\/h4>\n<p data-start=\"1718\" data-end=\"2042\">Como nossos produtos s\u00e3o destinados a pedidos em grande quantidade e compras em massa, solicitamos que voc\u00ea verifique seu pedido antes de finaliz\u00e1-lo. O cancelamento do pedido s\u00f3 \u00e9 poss\u00edvel enquanto o pedido ainda n\u00e3o foi enviado. Uma vez que a mercadoria foi enviada, as condi\u00e7\u00f5es de devolu\u00e7\u00e3o mencionadas acima se aplicam.<\/p>\n<h4 data-start=\"2044\" data-end=\"2063\">6. Devolu\u00e7\u00e3o<\/h4>\n<p data-start=\"2064\" data-end=\"2294\">Por favor, embale os produtos devolvidos com seguran\u00e7a para evitar danos durante o transporte. Recomendamos que escolha um servi\u00e7o de envio rastre\u00e1vel para garantir que a devolu\u00e7\u00e3o chegue at\u00e9 n\u00f3s.<\/p>\n<h4 data-start=\"2296\" data-end=\"2311\">7. Contato<\/h4>\n<p data-start=\"2312\" data-end=\"2456\">Para d\u00favidas ou para iniciar uma devolu\u00e7\u00e3o, entre em contato conosco por favor em: <strong data-start=\"2399\" data-end=\"2410\">E-Mail<\/strong> <a rel=\"noopener\" data-start=\"2411\" data-end=\"2456\">info@widevape.com<\/a><\/p>\n<p data-start=\"2458\" data-end=\"2536\"><strong data-start=\"2458\" data-end=\"2488\">Endere\u00e7o para devolu\u00e7\u00f5es:<\/strong><br data-start=\"2488\" data-end=\"2491\" \/>Wide Vape<br data-start=\"2500\" data-end=\"2503\" \/>Endere\u00e7o segue em contato<\/p>","protected":false},"excerpt":{"rendered":"<p>Vielen Dank f\u00fcr Ihren Einkauf bei Wide Vape \u2013 Premium Einweg E-Zigaretten aus Deutschland. Wir m\u00f6chten, dass Sie mit Ihrem Einkauf vollkommen zufrieden sind. Sollte es jedoch aus irgendeinem Grund erforderlich sein, eine R\u00fcckgabe zu veranlassen, finden Sie hier die detaillierten R\u00fcckgabebedingungen: 1. R\u00fcckgabefrist Wir akzeptieren R\u00fcckgaben innerhalb von 14 Tagen nach dem Erhalt Ihrer[Erfahren Sie mehr&#8230;]\n","protected":false},"author":1,"featured_media":0,"parent":0,"menu_order":0,"comment_status":"closed","ping_status":"closed","template":"","meta":{"footnotes":""},"class_list":["post-23770","page","type-page","status-publish","hentry"],"_links":{"self":[{"href":"https:\/\/widevape.com\/pt\/wp-json\/wp\/v2\/pages\/23770","targetHints":{"allow":["GET"]}}],"collection":[{"href":"https:\/\/widevape.com\/pt\/wp-json\/wp\/v2\/pages"}],"about":[{"href":"https:\/\/widevape.com\/pt\/wp-json\/wp\/v2\/types\/page"}],"author":[{"embeddable":true,"href":"https:\/\/widevape.com\/pt\/wp-json\/wp\/v2\/users\/1"}],"replies":[{"embeddable":true,"href":"https:\/\/widevape.com\/pt\/wp-json\/wp\/v2\/comments?post=23770"}],"version-history":[{"count":0,"href":"https:\/\/widevape.com\/pt\/wp-json\/wp\/v2\/pages\/23770\/revisions"}],"wp:attachment":[{"href":"https:\/\/widevape.com\/pt\/wp-json\/wp\/v2\/media?parent=23770"}],"curies":[{"name":"wp","href":"https:\/\/api.w.org\/{rel}","templated":true}]}}