{"id":9,"date":"2025-02-07T09:27:25","date_gmt":"2025-02-07T08:27:25","guid":{"rendered":"https:\/\/widevape.com\/cart\/"},"modified":"2025-02-07T09:44:30","modified_gmt":"2025-02-07T08:44:30","slug":"carrinho","status":"publish","type":"page","link":"https:\/\/widevape.com\/pt\/cart\/","title":{"rendered":"Carrinho"},"content":{"rendered":"<div data-block-name=\"woocommerce\/cart\" class=\"wp-block-woocommerce-cart alignwide is-loading\">\n<div data-block-name=\"woocommerce\/filled-cart-block\" class=\"wp-block-woocommerce-filled-cart-block\">\n<div data-block-name=\"woocommerce\/cart-items-block\" class=\"wp-block-woocommerce-cart-items-block\">\n<div data-block-name=\"woocommerce\/cart-line-items-block\" class=\"wp-block-woocommerce-cart-line-items-block\"><\/div>\n\n\n\n<div data-block-name=\"woocommerce\/cart-cross-sells-block\" class=\"wp-block-woocommerce-cart-cross-sells-block\">\n<h2 class=\"wp-block-heading has-large-font-size\">Voc\u00ea pode estar interessado em\u2026<\/h2>\n\n\n\n<div data-block-name=\"woocommerce\/cart-cross-sells-products-block\" class=\"wp-block-woocommerce-cart-cross-sells-products-block\"><\/div>\n<\/div>\n<\/div>\n\n\n\n<div data-block-name=\"woocommerce\/cart-totals-block\" class=\"wp-block-woocommerce-cart-totals-block\">\n<div data-block-name=\"woocommerce\/cart-order-summary-block\" class=\"wp-block-woocommerce-cart-order-summary-block\">\n<div data-block-name=\"woocommerce\/cart-order-summary-heading-block\" class=\"wp-block-woocommerce-cart-order-summary-heading-block\"><\/div><div data-block-name=\"woocommerce\/cart-order-summary-coupon-form-block\" class=\"wp-block-woocommerce-cart-order-summary-coupon-form-block\"><\/div><div data-block-name=\"woocommerce\/cart-order-summary-totals-block\" class=\"wp-block-woocommerce-cart-order-summary-totals-block\">\n<div data-block-name=\"woocommerce\/cart-order-summary-subtotal-block\" class=\"wp-block-woocommerce-cart-order-summary-subtotal-block\"><\/div>\n<div data-block-name=\"woocommerce\/cart-order-summary-discount-block\" class=\"wp-block-woocommerce-cart-order-summary-discount-block\"><\/div>\n<div data-block-name=\"woocommerce\/cart-order-summary-fee-block\" class=\"wp-block-woocommerce-cart-order-summary-fee-block\"><\/div>\n<div data-block-name=\"woocommerce\/cart-order-summary-shipping-block\" class=\"wp-block-woocommerce-cart-order-summary-shipping-block\"><\/div>\n<div data-block-name=\"woocommerce\/cart-order-summary-taxes-block\" class=\"wp-block-woocommerce-cart-order-summary-taxes-block\"><\/div><\/div>\n<\/div>\n\n\n\n<div data-block-name=\"woocommerce\/cart-express-payment-block\" class=\"wp-block-woocommerce-cart-express-payment-block\"><\/div>\n\n\n\n<div data-block-name=\"woocommerce\/proceed-to-checkout-block\" class=\"wp-block-woocommerce-proceed-to-checkout-block\"><\/div>\n\n\n\n<div data-block-name=\"woocommerce\/cart-accepted-payment-methods-block\" class=\"wp-block-woocommerce-cart-accepted-payment-methods-block\"><\/div>\n<\/div>\n<\/div>\n\n\n\n<div data-block-name=\"woocommerce\/empty-cart-block\" class=\"wp-block-woocommerce-empty-cart-block\">\n<h2 class=\"wp-block-heading has-text-align-center with-empty-cart-icon wc-block-cart__empty-cart__title\">Seu carrinho est\u00e1 atualmente vazio!<\/h2>\n\n\n\n<hr class=\"wp-block-separator has-alpha-channel-opacity is-style-dots\"\/>\n\n\n\n<h2 class=\"wp-block-heading has-text-align-center\">Novo na loja<\/h2>\n\n\n<div data-block-name=\"woocommerce\/product-new\" data-columns=\"4\" data-rows=\"1\" class=\"wc-block-grid wp-block-product-new wp-block-woocommerce-product-new wc-block-product-new has-4-columns\"><ul class=\"wc-block-grid__products\"><li class=\"wc-block-grid__product\">\n\t\t\t\t<a href=\"https:\/\/widevape.com\/pt\/product\/bimo-mixtrix-80000-dual-geschmack-80k-zuege-e-zigarette-einweg-pod-bulk-kauf\/\" class=\"wc-block-grid__product-link\">\n\t\t\t\t\t\n\t\t\t\t\t<div class=\"wc-block-grid__product-image\"><img loading=\"lazy\" decoding=\"async\" width=\"247\" height=\"247\" src=\"https:\/\/widevape.com\/wp-content\/uploads\/2026\/04\/BIMO-MIXTRIX-80000-Dual-Geschmack-80K-Zuege-E-Zigarette-Einweg-POD-Bulk-Kauf-247x247.webp\" class=\"attachment-woocommerce_thumbnail size-woocommerce_thumbnail\" alt=\"BIMO MIXTRIX 80000 Cigarros Eletr\u00f4nicos Descart\u00e1veis com Dois Sabores, 80.000 Puffs, Compra em Grande Quantidade POD\" srcset=\"https:\/\/widevape.com\/wp-content\/uploads\/2026\/04\/BIMO-MIXTRIX-80000-Dual-Geschmack-80K-Zuege-E-Zigarette-Einweg-POD-Bulk-Kauf-247x247.webp 247w, https:\/\/widevape.com\/wp-content\/uploads\/2026\/04\/BIMO-MIXTRIX-80000-Dual-Geschmack-80K-Zuege-E-Zigarette-Einweg-POD-Bulk-Kauf-300x300.webp 300w, https:\/\/widevape.com\/wp-content\/uploads\/2026\/04\/BIMO-MIXTRIX-80000-Dual-Geschmack-80K-Zuege-E-Zigarette-Einweg-POD-Bulk-Kauf-1024x1024.webp 1024w, https:\/\/widevape.com\/wp-content\/uploads\/2026\/04\/BIMO-MIXTRIX-80000-Dual-Geschmack-80K-Zuege-E-Zigarette-Einweg-POD-Bulk-Kauf-150x150.webp 150w, https:\/\/widevape.com\/wp-content\/uploads\/2026\/04\/BIMO-MIXTRIX-80000-Dual-Geschmack-80K-Zuege-E-Zigarette-Einweg-POD-Bulk-Kauf-768x768.webp 768w, https:\/\/widevape.com\/wp-content\/uploads\/2026\/04\/BIMO-MIXTRIX-80000-Dual-Geschmack-80K-Zuege-E-Zigarette-Einweg-POD-Bulk-Kauf-1536x1536.webp 1536w, https:\/\/widevape.com\/wp-content\/uploads\/2026\/04\/BIMO-MIXTRIX-80000-Dual-Geschmack-80K-Zuege-E-Zigarette-Einweg-POD-Bulk-Kauf-2048x2048.webp 2048w, https:\/\/widevape.com\/wp-content\/uploads\/2026\/04\/BIMO-MIXTRIX-80000-Dual-Geschmack-80K-Zuege-E-Zigarette-Einweg-POD-Bulk-Kauf-12x12.webp 12w, https:\/\/widevape.com\/wp-content\/uploads\/2026\/04\/BIMO-MIXTRIX-80000-Dual-Geschmack-80K-Zuege-E-Zigarette-Einweg-POD-Bulk-Kauf-510x510.webp 510w, https:\/\/widevape.com\/wp-content\/uploads\/2026\/04\/BIMO-MIXTRIX-80000-Dual-Geschmack-80K-Zuege-E-Zigarette-Einweg-POD-Bulk-Kauf-100x100.webp 100w\" sizes=\"auto, (max-width: 247px) 100vw, 247px\" \/><\/div>\n\t\t\t\t\t<div class=\"wc-block-grid__product-title\">BIMO MIXTRIX 80000 Cigarros Eletr\u00f4nicos Descart\u00e1veis com Dois Sabores, 80.000 Puffs, Compra em Grande Quantidade POD<\/div>\n\t\t\t\t<\/a>\n\t\t\t\t<div class=\"wc-block-grid__product-price price\"><\/div>\n\t\t\t\t\n\t\t\t\t<div class=\"wp-block-button wc-block-grid__product-add-to-cart\"><a href=\"https:\/\/widevape.com\/pt\/product\/bimo-mixtrix-80000-dual-geschmack-80k-zuege-e-zigarette-einweg-pod-bulk-kauf\/\" aria-label=\"Selecione op\u00e7\u00f5es para \u201cBIMO MIXTRIX 80000 Duplo Sabor 80K Puffs E Cigarro Descart\u00e1vel POD Compra em Massa\u201d\" data-quantity=\"1\" data-product_id=\"30387\" data-product_sku=\"BIMO-MIXTRIX-80000\" data-price=\"0\" rel=\"nofollow\" class=\"wp-block-button__link  add_to_cart_button\">Leia mais<\/a><\/div>\n\t\t\t<\/li><li class=\"wc-block-grid__product\">\n\t\t\t\t<a href=\"https:\/\/widevape.com\/pt\/product\/crystal-mary-pulse-triple-66k-66000-puffs-mit-mesh-coil-einweg-e-zigaretten-bulk-buy\/\" class=\"wc-block-grid__product-link\">\n\t\t\t\t\t\n\t\t\t\t\t<div class=\"wc-block-grid__product-image\"><img loading=\"lazy\" decoding=\"async\" width=\"247\" height=\"247\" src=\"https:\/\/widevape.com\/wp-content\/uploads\/2026\/04\/CRYSTAL-MARY-PULSE-TRIPLE-66K-66000-Puffs-mit-Mesh-Coil-Einweg-E-Zigaretten-Bulk-Buy-5-247x247.webp\" class=\"attachment-woocommerce_thumbnail size-woocommerce_thumbnail\" alt=\"CRYSTAL MARY PULSE TRIPLE 66K 66000 Puffs mit Mesh Coil Einweg-E-Zigaretten Bulk Buy\" srcset=\"https:\/\/widevape.com\/wp-content\/uploads\/2026\/04\/CRYSTAL-MARY-PULSE-TRIPLE-66K-66000-Puffs-mit-Mesh-Coil-Einweg-E-Zigaretten-Bulk-Buy-5-247x247.webp 247w, https:\/\/widevape.com\/wp-content\/uploads\/2026\/04\/CRYSTAL-MARY-PULSE-TRIPLE-66K-66000-Puffs-mit-Mesh-Coil-Einweg-E-Zigaretten-Bulk-Buy-5-300x300.webp 300w, https:\/\/widevape.com\/wp-content\/uploads\/2026\/04\/CRYSTAL-MARY-PULSE-TRIPLE-66K-66000-Puffs-mit-Mesh-Coil-Einweg-E-Zigaretten-Bulk-Buy-5-150x150.webp 150w, https:\/\/widevape.com\/wp-content\/uploads\/2026\/04\/CRYSTAL-MARY-PULSE-TRIPLE-66K-66000-Puffs-mit-Mesh-Coil-Einweg-E-Zigaretten-Bulk-Buy-5-768x768.webp 768w, https:\/\/widevape.com\/wp-content\/uploads\/2026\/04\/CRYSTAL-MARY-PULSE-TRIPLE-66K-66000-Puffs-mit-Mesh-Coil-Einweg-E-Zigaretten-Bulk-Buy-5-12x12.webp 12w, https:\/\/widevape.com\/wp-content\/uploads\/2026\/04\/CRYSTAL-MARY-PULSE-TRIPLE-66K-66000-Puffs-mit-Mesh-Coil-Einweg-E-Zigaretten-Bulk-Buy-5-510x510.webp 510w, https:\/\/widevape.com\/wp-content\/uploads\/2026\/04\/CRYSTAL-MARY-PULSE-TRIPLE-66K-66000-Puffs-mit-Mesh-Coil-Einweg-E-Zigaretten-Bulk-Buy-5-100x100.webp 100w, https:\/\/widevape.com\/wp-content\/uploads\/2026\/04\/CRYSTAL-MARY-PULSE-TRIPLE-66K-66000-Puffs-mit-Mesh-Coil-Einweg-E-Zigaretten-Bulk-Buy-5.webp 1000w\" sizes=\"auto, (max-width: 247px) 100vw, 247px\" \/><\/div>\n\t\t\t\t\t<div class=\"wc-block-grid__product-title\">CRYSTAL MARY PULSE TRIPLE 66K 66000 Puffs mit Mesh Coil Einweg-E-Zigaretten Bulk Buy<\/div>\n\t\t\t\t<\/a>\n\t\t\t\t<div class=\"wc-block-grid__product-price price\"><\/div>\n\t\t\t\t\n\t\t\t\t<div class=\"wp-block-button wc-block-grid__product-add-to-cart\"><a href=\"https:\/\/widevape.com\/pt\/product\/crystal-mary-pulse-triple-66k-66000-puffs-mit-mesh-coil-einweg-e-zigaretten-bulk-buy\/\" aria-label=\"Select options for \u201cCRYSTAL MARY PULSE TRIPLE 66K 66000 Puffs mit Mesh Coil Einweg-E-Zigaretten Bulk Buy\u201d\" data-quantity=\"1\" data-product_id=\"30306\" data-product_sku=\"CRYSTAL-MARY-Pulse-Triple-66000\" data-price=\"0\" rel=\"nofollow\" class=\"wp-block-button__link  add_to_cart_button\">Leia mais<\/a><\/div>\n\t\t\t<\/li><li class=\"wc-block-grid__product\">\n\t\t\t\t<a href=\"https:\/\/widevape.com\/pt\/product\/airmez-tornado-25000-zuege-mit-smart-bildschirm-und-dual-mesh-coil-einweg-e-zigaretten-ohne-mindestbestellmenge\/\" class=\"wc-block-grid__product-link\">\n\t\t\t\t\t\n\t\t\t\t\t<div class=\"wc-block-grid__product-image\"><img loading=\"lazy\" decoding=\"async\" width=\"247\" height=\"247\" src=\"https:\/\/widevape.com\/wp-content\/uploads\/2026\/04\/AIRMEZ-TORNADO-25000-Zuege-mit-Smart-Bildschirm-und-Dual-Mesh-Coil-Einweg-E-Zigaretten-ohne-Mindestbestellmenge-12-247x247.jpg\" class=\"attachment-woocommerce_thumbnail size-woocommerce_thumbnail\" alt=\"E-cigarros descart\u00e1veis AIRMEZ TORNADO com 25.000 tragadas, equipados com ecr\u00e3 inteligente e bobina de dupla malha, sem quantidade m\u00ednima de encomenda\" srcset=\"https:\/\/widevape.com\/wp-content\/uploads\/2026\/04\/AIRMEZ-TORNADO-25000-Zuege-mit-Smart-Bildschirm-und-Dual-Mesh-Coil-Einweg-E-Zigaretten-ohne-Mindestbestellmenge-12-247x247.jpg 247w, https:\/\/widevape.com\/wp-content\/uploads\/2026\/04\/AIRMEZ-TORNADO-25000-Zuege-mit-Smart-Bildschirm-und-Dual-Mesh-Coil-Einweg-E-Zigaretten-ohne-Mindestbestellmenge-12-300x300.jpg 300w, https:\/\/widevape.com\/wp-content\/uploads\/2026\/04\/AIRMEZ-TORNADO-25000-Zuege-mit-Smart-Bildschirm-und-Dual-Mesh-Coil-Einweg-E-Zigaretten-ohne-Mindestbestellmenge-12-1024x1024.jpg 1024w, https:\/\/widevape.com\/wp-content\/uploads\/2026\/04\/AIRMEZ-TORNADO-25000-Zuege-mit-Smart-Bildschirm-und-Dual-Mesh-Coil-Einweg-E-Zigaretten-ohne-Mindestbestellmenge-12-150x150.jpg 150w, https:\/\/widevape.com\/wp-content\/uploads\/2026\/04\/AIRMEZ-TORNADO-25000-Zuege-mit-Smart-Bildschirm-und-Dual-Mesh-Coil-Einweg-E-Zigaretten-ohne-Mindestbestellmenge-12-768x768.jpg 768w, https:\/\/widevape.com\/wp-content\/uploads\/2026\/04\/AIRMEZ-TORNADO-25000-Zuege-mit-Smart-Bildschirm-und-Dual-Mesh-Coil-Einweg-E-Zigaretten-ohne-Mindestbestellmenge-12-12x12.jpg 12w, https:\/\/widevape.com\/wp-content\/uploads\/2026\/04\/AIRMEZ-TORNADO-25000-Zuege-mit-Smart-Bildschirm-und-Dual-Mesh-Coil-Einweg-E-Zigaretten-ohne-Mindestbestellmenge-12-510x510.jpg 510w, https:\/\/widevape.com\/wp-content\/uploads\/2026\/04\/AIRMEZ-TORNADO-25000-Zuege-mit-Smart-Bildschirm-und-Dual-Mesh-Coil-Einweg-E-Zigaretten-ohne-Mindestbestellmenge-12-100x100.jpg 100w, https:\/\/widevape.com\/wp-content\/uploads\/2026\/04\/AIRMEZ-TORNADO-25000-Zuege-mit-Smart-Bildschirm-und-Dual-Mesh-Coil-Einweg-E-Zigaretten-ohne-Mindestbestellmenge-12.jpg 1080w\" sizes=\"auto, (max-width: 247px) 100vw, 247px\" \/><\/div>\n\t\t\t\t\t<div class=\"wc-block-grid__product-title\">E-cigarros descart\u00e1veis AIRMEZ TORNADO com 25.000 tragadas, equipados com ecr\u00e3 inteligente e bobina de dupla malha, sem quantidade m\u00ednima de encomenda<\/div>\n\t\t\t\t<\/a>\n\t\t\t\t<div class=\"wc-block-grid__product-price price\"><span class=\"woocommerce-Price-amount amount\">19,99&nbsp;<span class=\"woocommerce-Price-currencySymbol\">\u20ac<\/span><\/span><\/div>\n\t\t\t\t\n\t\t\t\t<div class=\"wp-block-button wc-block-grid__product-add-to-cart\"><a href=\"https:\/\/widevape.com\/pt\/product\/airmez-tornado-25000-zuege-mit-smart-bildschirm-und-dual-mesh-coil-einweg-e-zigaretten-ohne-mindestbestellmenge\/\" aria-label=\"Escolha op\u00e7\u00f5es para \u201cAIRMEZ TORNADO 25000 Puffs com Tela Inteligente e Bobina Dual Mesh E-Zigarro Descart\u00e1vel sem Quantidade M\u00ednima de Encomenda\u201d\" data-quantity=\"1\" data-product_id=\"30331\" data-product_sku=\"AIRMEZ-25000\" data-price=\"19.99\" rel=\"nofollow\" class=\"wp-block-button__link  add_to_cart_button\">Selecione op\u00e7\u00f5es<\/a><\/div>\n\t\t\t<\/li><li class=\"wc-block-grid__product\">\n\t\t\t\t<a href=\"https:\/\/widevape.com\/pt\/product\/olit-hookalit-40000-zuege-40k-puffs-mit-dual-power-modus-einweg-e-zigaretten-im-grosshandel\/\" class=\"wc-block-grid__product-link\">\n\t\t\t\t\t\n\t\t\t\t\t<div class=\"wc-block-grid__product-image\"><img loading=\"lazy\" decoding=\"async\" width=\"247\" height=\"247\" src=\"https:\/\/widevape.com\/wp-content\/uploads\/2026\/04\/OLIT-HOOKALIT-40000-Zuege-40K-Puffs-mit-Dual-Power-Modus-Einweg-E-Zigaretten-im-Grosshandel-2-247x247.webp\" class=\"attachment-woocommerce_thumbnail size-woocommerce_thumbnail\" alt=\"OLIT HOOKALIT 40000 Puffs E-Zigarro Descart\u00e1vel com Modo de Dupla Pot\u00eancia - Dispon\u00edvel para Compra em Grande Quantidade\" srcset=\"https:\/\/widevape.com\/wp-content\/uploads\/2026\/04\/OLIT-HOOKALIT-40000-Zuege-40K-Puffs-mit-Dual-Power-Modus-Einweg-E-Zigaretten-im-Grosshandel-2-247x247.webp 247w, https:\/\/widevape.com\/wp-content\/uploads\/2026\/04\/OLIT-HOOKALIT-40000-Zuege-40K-Puffs-mit-Dual-Power-Modus-Einweg-E-Zigaretten-im-Grosshandel-2-300x300.webp 300w, https:\/\/widevape.com\/wp-content\/uploads\/2026\/04\/OLIT-HOOKALIT-40000-Zuege-40K-Puffs-mit-Dual-Power-Modus-Einweg-E-Zigaretten-im-Grosshandel-2-150x150.webp 150w, https:\/\/widevape.com\/wp-content\/uploads\/2026\/04\/OLIT-HOOKALIT-40000-Zuege-40K-Puffs-mit-Dual-Power-Modus-Einweg-E-Zigaretten-im-Grosshandel-2-768x768.webp 768w, https:\/\/widevape.com\/wp-content\/uploads\/2026\/04\/OLIT-HOOKALIT-40000-Zuege-40K-Puffs-mit-Dual-Power-Modus-Einweg-E-Zigaretten-im-Grosshandel-2-12x12.webp 12w, https:\/\/widevape.com\/wp-content\/uploads\/2026\/04\/OLIT-HOOKALIT-40000-Zuege-40K-Puffs-mit-Dual-Power-Modus-Einweg-E-Zigaretten-im-Grosshandel-2-510x510.webp 510w, https:\/\/widevape.com\/wp-content\/uploads\/2026\/04\/OLIT-HOOKALIT-40000-Zuege-40K-Puffs-mit-Dual-Power-Modus-Einweg-E-Zigaretten-im-Grosshandel-2-100x100.webp 100w, https:\/\/widevape.com\/wp-content\/uploads\/2026\/04\/OLIT-HOOKALIT-40000-Zuege-40K-Puffs-mit-Dual-Power-Modus-Einweg-E-Zigaretten-im-Grosshandel-2.webp 1000w\" sizes=\"auto, (max-width: 247px) 100vw, 247px\" \/><\/div>\n\t\t\t\t\t<div class=\"wc-block-grid__product-title\">OLIT HOOKALIT 40000 Puffs E-Zigarro Descart\u00e1vel com Modo de Dupla Pot\u00eancia - Dispon\u00edvel para Compra em Grande Quantidade<\/div>\n\t\t\t\t<\/a>\n\t\t\t\t<div class=\"wc-block-grid__product-price price\"><span class=\"woocommerce-Price-amount amount\">11,99&nbsp;<span class=\"woocommerce-Price-currencySymbol\">\u20ac<\/span><\/span><\/div>\n\t\t\t\t\n\t\t\t\t<div class=\"wp-block-button wc-block-grid__product-add-to-cart\"><a href=\"https:\/\/widevape.com\/pt\/product\/olit-hookalit-40000-zuege-40k-puffs-mit-dual-power-modus-einweg-e-zigaretten-im-grosshandel\/\" aria-label=\"Escolha op\u00e7\u00f5es para \u201cOLIT HOOKALIT 40000 Z\u00fcge 40K Puffs com Modo de Dupla Pot\u00eancia E-Zigarro Descart\u00e1vel por Atacado\u201d\" data-quantity=\"1\" data-product_id=\"30205\" data-product_sku=\"OLIT-HOOKALIT-40000\" data-price=\"11.99\" rel=\"nofollow\" class=\"wp-block-button__link  add_to_cart_button\">Selecione op\u00e7\u00f5es<\/a><\/div>\n\t\t\t<\/li><\/ul><\/div><\/div>\n<\/div>","protected":false},"excerpt":{"rendered":"","protected":false},"author":1,"featured_media":0,"parent":0,"menu_order":0,"comment_status":"closed","ping_status":"closed","template":"","meta":{"footnotes":""},"class_list":["post-9","page","type-page","status-publish","hentry"],"_links":{"self":[{"href":"https:\/\/widevape.com\/pt\/wp-json\/wp\/v2\/pages\/9","targetHints":{"allow":["GET"]}}],"collection":[{"href":"https:\/\/widevape.com\/pt\/wp-json\/wp\/v2\/pages"}],"about":[{"href":"https:\/\/widevape.com\/pt\/wp-json\/wp\/v2\/types\/page"}],"author":[{"embeddable":true,"href":"https:\/\/widevape.com\/pt\/wp-json\/wp\/v2\/users\/1"}],"replies":[{"embeddable":true,"href":"https:\/\/widevape.com\/pt\/wp-json\/wp\/v2\/comments?post=9"}],"version-history":[{"count":0,"href":"https:\/\/widevape.com\/pt\/wp-json\/wp\/v2\/pages\/9\/revisions"}],"wp:attachment":[{"href":"https:\/\/widevape.com\/pt\/wp-json\/wp\/v2\/media?parent=9"}],"curies":[{"name":"wp","href":"https:\/\/api.w.org\/{rel}","templated":true}]}}