{"id":18760,"date":"2025-02-15T10:29:38","date_gmt":"2025-02-15T09:29:38","guid":{"rendered":"https:\/\/widevape.com\/?post_type=product&#038;p=18760"},"modified":"2026-01-19T07:26:58","modified_gmt":"2026-01-19T06:26:58","slug":"bang-gear-tick-tock-20000-tragadas-sabores-variados-0-2-3-5-nicotina-tela-led-canetas-vape-descartaveis-recarregaveis-a-granel-comprar","status":"publish","type":"product","link":"https:\/\/widevape.com\/pt\/product\/bang-gear-tick-tock-20000-zuege-vielfaeltige-geschmaecker-0-2-3-5-nikotin-led-bildschirm-wiederaufladbare-einweg-vape-pens-im-grosshandel-kaufen\/","title":{"rendered":"Compre Canetas Vape Descart\u00e1veis Recarreg\u00e1veis por Atacado Bang Gear Tick Tock 20000 Puxadas Diversos Sabores 0% 2% 3% 5% Nicotina Tela LED"},"content":{"rendered":"<div style=\"width: 1020px;\" class=\"wp-video\"><video class=\"wp-video-shortcode\" id=\"video-18760-1\" width=\"1020\" height=\"1360\" preload=\"metadata\" controls=\"controls\"><source type=\"video\/mp4\" src=\"https:\/\/widevape.com\/wp-content\/uploads\/2025\/02\/Bang-Gear-Tick-Tock-20000.mp4?_=1\" \/><a href=\"https:\/\/widevape.com\/wp-content\/uploads\/2025\/02\/Bang-Gear-Tick-Tock-20000.mp4\">https:\/\/widevape.com\/wp-content\/uploads\/2025\/02\/Bang-Gear-Tick-Tock-20000.mp4<\/a><\/video><\/div>\n<h2 class=\"mb-2 mt-6 text-lg font-[500] first:mt-3\"><a href=\"https:\/\/widevape.com\/product-category\/bang-einweg-e-zigaretten\/\">Bang<\/a> Gear Tick Tock 20000 Z\u00fcge: Das ultimative Einweg-Dampferlebnis<\/h2>\n<p class=\"my-0\">Der\u00a0<strong>Bang Gear Tick Tock 20000 Z\u00fcge<\/strong>\u00a0ist eine innovative Erg\u00e4nzung auf dem Markt f\u00fcr Einweg-Vapes, entwickelt f\u00fcr alle, die Bequemlichkeit suchen, ohne Kompromisse bei Geschmack oder Leistung einzugehen. Dieses bemerkenswerte Ger\u00e4t bietet mit seinen beeindruckenden Funktionen und einer gro\u00dfen Auswahl an Geschmacksrichtungen ein unvergleichliches Dampferlebnis. Als gr\u00f6\u00dfte Online-Gro\u00dfhandelsplattform f\u00fcr Einweg-Vapes in den Niederlanden, Deutschland, Belgien und Spanien ist WideVape stolz darauf, unseren Kunden dieses au\u00dfergew\u00f6hnliche Produkt pr\u00e4sentieren zu k\u00f6nnen.<\/p>\n<h2 class=\"mb-xs mt-5 text-base font-[525] first:mt-3\">Hauptmerkmale<\/h2>\n<ul class=\"marker:text-textOff list-disc\">\n<li>\n<p class=\"my-0\"><strong>Z\u00fcge:<\/strong>Mit bis zu <a href=\"https:\/\/widevape.com\/product-category\/einweg-e-zigaretten-nach-zuegen\/20000-zuege-einweg-e-zigaretten\/\">20.000 Z\u00fcgen<\/a> genie\u00dfen Sie langanhaltendes Dampfen ohne h\u00e4ufige Ersatzk\u00e4ufe.<\/p>\n<\/li>\n<li>\n<p class=\"my-0\"><strong>E-Liquid-Kapazit\u00e4t:<\/strong> Enth\u00e4lt 25ml E-Liquid f\u00fcr verl\u00e4ngerten Genuss.<\/p>\n<\/li>\n<li>\n<p class=\"my-0\"><strong>Akkukapazit\u00e4t:<\/strong> einer Kapazit\u00e4t von 13400 mAh, der \u00fcber den Type-C-Anschluss wiederaufladbar ist.<\/p>\n<\/li>\n<li>\n<p class=\"my-0\"><strong>Widerstand:<\/strong> Ein Widerstand von 1,0 Ohm sorgt f\u00fcr einen befriedigenden Hals-Hit und reichhaltigen Geschmack.<\/p>\n<\/li>\n<li>\n<p class=\"my-0\"><strong>Nikotingehalt:<\/strong> Erh\u00e4ltlich in verschiedenen Nikotinst\u00e4rken (0%, 2%, 3% und 5%), um individuellen Vorlieben gerecht zu werden.<\/p>\n<\/li>\n<li>\n<p class=\"my-0\"><strong>LED-Bildschirm:<\/strong> der Echtzeitinformationen \u00fcber die Akkulaufzeit und die Anzahl der Z\u00fcge liefert, sodass Benutzer ihre Nutzung einfach \u00fcberwachen k\u00f6nnen.<\/p>\n<\/li>\n<li>\n<p class=\"my-0\"><strong>Gewicht:<\/strong>\u00a091 g pro Einheit<\/p>\n<\/li>\n<li>\n<p class=\"my-0\"><strong>Gro\u00dfverpackung:<\/strong>\u00a0200 Einheiten pro Karton<\/p>\n<\/li>\n<\/ul>\n<h2 class=\"mb-xs mt-5 text-base font-[525] first:mt-3\">Geschmacksauswahl<\/h2>\n<p class=\"my-0\">Der Bang Gear Tick Tock bietet eine vielf\u00e4ltige Auswahl an Geschmacksrichtungen, die unterschiedlichen Geschmackspr\u00e4ferenzen gerecht werden. Jeder Geschmack wurde entwickelt, um ein herrliches Dampferlebnis zu gew\u00e4hrleisten:<\/p>\n<ol class=\"marker:text-textOff list-decimal\">\n<li>\n<p class=\"my-0\"><strong>Strawberry Kiwi<\/strong>: Eine erfrischende Mischung, die die S\u00fc\u00dfe von Erdbeeren mit der S\u00e4ure von Kiwi verbindet.<\/p>\n<\/li>\n<li>\n<p class=\"my-0\"><strong>Watermelon Ice<\/strong>: Ein k\u00fchler und saftiger Wassermelonengeschmack, der Ihre Sinne mit jedem Zug belebt.<\/p>\n<\/li>\n<li>\n<p class=\"my-0\"><strong>Blueberry Raspberry<\/strong>: Eine k\u00f6stliche Mischung aus s\u00fc\u00dfen Blaubeeren und spritzigen Himbeeren f\u00fcr eine fruchtige Explosion.<\/p>\n<\/li>\n<li>\n<p class=\"my-0\"><strong>Strawberry Watermelon<\/strong>: Diese Geschmacksrichtung vereint die S\u00fc\u00dfe von Erdbeeren und Wassermelone und schafft so einen k\u00f6stlichen Sommergenuss.<\/p>\n<\/li>\n<li>\n<p class=\"my-0\"><strong>Strawberry Mango<\/strong>: Ein tropischer Genuss, der reife Erdbeeren mit \u00fcppigen Mangos kombiniert.<\/p>\n<\/li>\n<li>\n<p class=\"my-0\"><strong>Energy Drink<\/strong>: Ein lebendiger Geschmack, der an Ihr Lieblings-Energy-Getr\u00e4nk erinnert und einen belebenden Kick bietet.<\/p>\n<\/li>\n<li>\n<p class=\"my-0\"><strong>Blueberry Cherry Lemonade<\/strong>: Eine spritzige Mischung aus Blaubeeren, Kirschen und Limonade f\u00fcr eine erfrischende Note.<\/p>\n<\/li>\n<li>\n<p class=\"my-0\"><strong>Black Dragon Ice<\/strong>: Ein exotischer Geschmack, der dunkle Fr\u00fcchte mit einem eisigen Finish f\u00fcr ein einzigartiges Erlebnis kombiniert.<\/p>\n<\/li>\n<li>\n<p class=\"my-0\"><strong>Mixed Fruit<\/strong>: Eine k\u00f6stliche Mischung aus verschiedenen Fr\u00fcchten, die Ihre Geschmacksknospen verw\u00f6hnt.<\/p>\n<\/li>\n<li>\n<p class=\"my-0\"><strong>Strawberry Banana<\/strong>: Eine klassische Kombination, die cremige Bananennoten mit s\u00fc\u00dfen Erdbeeren paart.<\/p>\n<\/li>\n<li>\n<p class=\"my-0\"><strong>Peach Ice<\/strong>: Ein sanfter Pfirsichgeschmack, erg\u00e4nzt durch eine k\u00fchlende Sensation f\u00fcr ultimative Erfrischung.<\/p>\n<\/li>\n<li>\n<p class=\"my-0\"><strong>Blueberry Ice<\/strong>: Ein knackiger Blaubeergeschmack, verst\u00e4rkt mit eisigen Untert\u00f6nen f\u00fcr ein erfrischendes Dampferlebnis.<\/p>\n<\/li>\n<\/ol>\n<h2 class=\"mb-xs mt-5 text-base font-[525] first:mt-3\">Warum <a href=\"https:\/\/widevape.com\/\">WideVape<\/a> w\u00e4hlen?<\/h2>\n<p class=\"my-0\">Bei WideVape sind wir darauf spezialisiert, hochwertige Einweg-Vapes zu wettbewerbsf\u00e4higen Preisen anzubieten. Unsere umfangreiche Auswahl umfasst beliebte Marken wie Bang Box, RandM Tornado und viele mehr, um sicherzustellen, dass Sie genau das finden, was Sie ben\u00f6tigen. Wir sind bestrebt, Mengenrabatte auf alle unsere Produkte anzubieten, was uns zum idealen Ziel f\u00fcr Einzelh\u00e4ndler in ganz Europa macht.<\/p>\n<p class=\"my-0\">Unsere Plattform ist so konzipiert, dass sie einfache Bestellungen und sichere Zahlungsoptionen erm\u00f6glicht, darunter PayPal, Kreditkarten, iDEAL (Niederlande), Bancontact (Belgien) und SEPA-Bank\u00fcberweisungen in ganz Europa.<\/p>\n<h2 class=\"mb-xs mt-5 text-base font-[525] first:mt-3\">Fazit<\/h2>\n<p class=\"my-0\">Der Bang Gear Tick Tock 20000 Z\u00fcge repr\u00e4sentiert den H\u00f6hepunkt der Einweg-Dampftechnologie und vereint Langlebigkeit, Geschmacksvielfalt und benutzerfreundliche Funktionen in einem schlanken Paket. Egal, ob Sie ein Einzelh\u00e4ndler sind, der sich eindecken m\u00f6chte, oder eine Einzelperson, die hochwertige Dampfprodukte sucht, WideVape ist Ihr vertrauensw\u00fcrdiger Partner in der Branche.<\/p>\n<p class=\"my-0\">Entdecken Sie noch heute unsere Website, um Ihre eigenen Bang Gear Tick Tock <a href=\"https:\/\/widevape.com\/\">Einweg-Vapes<\/a> zu kaufen und das ultimative bequeme Dampfen zu erleben! Auf WideVape finden Sie immer die beste Auswahl und Top-Angebote f\u00fcr Einweg-Vapes Gro\u00dfhandel und Einweg-Vapes in gro\u00dfen Mengen kaufen.<\/p>\n<p><img loading=\"lazy\" decoding=\"async\" class=\"alignnone wp-image-18832 size-full\" src=\"https:\/\/widevape.com\/wp-content\/uploads\/2025\/02\/Bang_Gear_Tick_Tock_20000.webp\" alt=\"Bang Gear Tick Tock 20000 Z\u00fcge Vielf\u00e4ltige Geschm\u00e4cker 0% 2% 3% 5% Nikotin LED-Bildschirm, Wiederaufladbare Einweg-Vape-Pens im Gro\u00dfhandel kaufen\" width=\"1000\" height=\"1000\" srcset=\"https:\/\/widevape.com\/wp-content\/uploads\/2025\/02\/Bang_Gear_Tick_Tock_20000.webp 1000w, https:\/\/widevape.com\/wp-content\/uploads\/2025\/02\/Bang_Gear_Tick_Tock_20000-247x247.webp 247w, https:\/\/widevape.com\/wp-content\/uploads\/2025\/02\/Bang_Gear_Tick_Tock_20000-100x100.webp 100w, https:\/\/widevape.com\/wp-content\/uploads\/2025\/02\/Bang_Gear_Tick_Tock_20000-510x510.webp 510w, https:\/\/widevape.com\/wp-content\/uploads\/2025\/02\/Bang_Gear_Tick_Tock_20000-300x300.webp 300w, https:\/\/widevape.com\/wp-content\/uploads\/2025\/02\/Bang_Gear_Tick_Tock_20000-150x150.webp 150w, https:\/\/widevape.com\/wp-content\/uploads\/2025\/02\/Bang_Gear_Tick_Tock_20000-768x768.webp 768w, https:\/\/widevape.com\/wp-content\/uploads\/2025\/02\/Bang_Gear_Tick_Tock_20000-400x400.webp 400w\" sizes=\"auto, (max-width: 1000px) 100vw, 1000px\" \/> <img loading=\"lazy\" decoding=\"async\" class=\"alignnone wp-image-18834 size-full\" src=\"https:\/\/widevape.com\/wp-content\/uploads\/2025\/02\/Bang_Gear_Tick_Tock_20000-1-2.webp\" alt=\"Bang Gear Tick Tock 20000 Z\u00fcge Vielf\u00e4ltige Geschm\u00e4cker 0% 2% 3% 5% Nikotin LED-Bildschirm, Wiederaufladbare Einweg-Vape-Pens im Gro\u00dfhandel kaufen\" width=\"1180\" height=\"1920\" srcset=\"https:\/\/widevape.com\/wp-content\/uploads\/2025\/02\/Bang_Gear_Tick_Tock_20000-1-2.webp 1180w, https:\/\/widevape.com\/wp-content\/uploads\/2025\/02\/Bang_Gear_Tick_Tock_20000-1-2-510x830.webp 510w, https:\/\/widevape.com\/wp-content\/uploads\/2025\/02\/Bang_Gear_Tick_Tock_20000-1-2-184x300.webp 184w, https:\/\/widevape.com\/wp-content\/uploads\/2025\/02\/Bang_Gear_Tick_Tock_20000-1-2-629x1024.webp 629w, https:\/\/widevape.com\/wp-content\/uploads\/2025\/02\/Bang_Gear_Tick_Tock_20000-1-2-768x1250.webp 768w, https:\/\/widevape.com\/wp-content\/uploads\/2025\/02\/Bang_Gear_Tick_Tock_20000-1-2-944x1536.webp 944w\" sizes=\"auto, (max-width: 1180px) 100vw, 1180px\" \/><\/p>\n","protected":false},"excerpt":{"rendered":"<p>O\u00a0<strong>Bang Gear Tick Tock 20000 Zug<\/strong>\u00a0\u00c9 um vape descart\u00e1vel de alta pot\u00eancia com uma capacidade de 20.000 tragadas, 25 ml de e-l\u00edquido premium, uma bateria robusta de 13400mAh e uma variedade de sabores deliciosos, ideal para vapers que procuram conveni\u00eancia e qualidade.<\/p>","protected":false},"featured_media":18824,"comment_status":"open","ping_status":"closed","template":"","meta":[],"product_brand":[],"product_cat":[106,33,37,94,90,96],"product_tag":[],"class_list":{"0":"post-18760","1":"product","2":"type-product","3":"status-publish","4":"has-post-thumbnail","6":"product_cat-20000-zuege-einweg-e-zigaretten","7":"product_cat-bang-einweg-e-zigaretten","8":"product_cat-einweg-e-zigaretten","9":"product_cat-einweg-e-zigaretten-mit-niedriger-nikotinstaerke","10":"product_cat-grosse-einweg-e-zigaretten","11":"product_cat-wiederaufladbare-einweg-e-zigaretten","13":"first","14":"outofstock","15":"shipping-taxable","16":"purchasable","17":"product-type-variable"},"_links":{"self":[{"href":"https:\/\/widevape.com\/pt\/wp-json\/wp\/v2\/product\/18760","targetHints":{"allow":["GET"]}}],"collection":[{"href":"https:\/\/widevape.com\/pt\/wp-json\/wp\/v2\/product"}],"about":[{"href":"https:\/\/widevape.com\/pt\/wp-json\/wp\/v2\/types\/product"}],"replies":[{"embeddable":true,"href":"https:\/\/widevape.com\/pt\/wp-json\/wp\/v2\/comments?post=18760"}],"wp:featuredmedia":[{"embeddable":true,"href":"https:\/\/widevape.com\/pt\/wp-json\/wp\/v2\/media\/18824"}],"wp:attachment":[{"href":"https:\/\/widevape.com\/pt\/wp-json\/wp\/v2\/media?parent=18760"}],"wp:term":[{"taxonomy":"product_brand","embeddable":true,"href":"https:\/\/widevape.com\/pt\/wp-json\/wp\/v2\/product_brand?post=18760"},{"taxonomy":"product_cat","embeddable":true,"href":"https:\/\/widevape.com\/pt\/wp-json\/wp\/v2\/product_cat?post=18760"},{"taxonomy":"product_tag","embeddable":true,"href":"https:\/\/widevape.com\/pt\/wp-json\/wp\/v2\/product_tag?post=18760"}],"curies":[{"name":"wp","href":"https:\/\/api.w.org\/{rel}","templated":true}]}}