{"id":21737,"date":"2025-02-22T17:02:23","date_gmt":"2025-02-22T16:02:23","guid":{"rendered":"https:\/\/widevape.com\/?post_type=product&#038;p=21737"},"modified":"2025-10-22T04:33:55","modified_gmt":"2025-10-22T02:33:55","slug":"arymi-ifun-28000-zuege-dual-mesh-dual-pod-system-5-nikotin-grosshandel-wiederaufladbare-einweg-vape-pens-becomes-arymi-ifun-28000-puffs-dual-mesh-dual-pod-system-5-nicotine-wholesale-rechargeable","status":"publish","type":"product","link":"https:\/\/widevape.com\/pt\/product\/arymi-ifun-28000-zuege-dual-mesh-dual-pod-system-5-nikotin-grosshandel-wiederaufladbare-einweg-vape-pens\/","title":{"rendered":"ARYMI IFun 28000 Z\u00fcge \u2013 Sistema Dual-Mesh-Dual-Pod, 5 % Nicotina, Vapes Descart\u00e1veis Recarreg\u00e1veis por Atacado &amp;  Canetas Vape"},"content":{"rendered":"<div style=\"width: 1020px;\" class=\"wp-video\"><video class=\"wp-video-shortcode\" id=\"video-21737-1\" width=\"1020\" height=\"574\" preload=\"metadata\" controls=\"controls\"><source type=\"video\/mp4\" src=\"https:\/\/widevape.com\/wp-content\/uploads\/2025\/02\/ARYMI-IFun-28000-.mp4?_=1\" \/><a href=\"https:\/\/widevape.com\/wp-content\/uploads\/2025\/02\/ARYMI-IFun-28000-.mp4\">https:\/\/widevape.com\/wp-content\/uploads\/2025\/02\/ARYMI-IFun-28000-.mp4<\/a><\/video><\/div>\n<h2><a href=\"https:\/\/widevape.com\/pt\/categoria-do-produto\/arymi-descartaveis-e-cigarros\/\">ARYMI<\/a> IFun 28000 Z\u00fcge: Um marco na mundo do vape descart\u00e1vel<\/h2>\n<p>O\u00a0<strong>ARYMI IFun 28000 Z\u00fcge\n\n becomes \n\nARYMI IFun 28000 trens<\/strong>\u00a0\u00e9 um vape descart\u00e1vel revolucion\u00e1rio desenvolvido para usu\u00e1rios que valorizam durabilidade, sabor e conforto. Com impressionantes 28.000 tragadas por dispositivo, este caneta vape recarreg\u00e1vel \u00e9 ideal tanto para usu\u00e1rios ocasionais quanto para atacadistas. Seja voc\u00ea um varejista ou um entusiasta do vape - o ARYMI IFun 28000 tragadas oferece desempenho e versatilidade incompar\u00e1veis.<\/p>\n<p>Em\u00a0<strong>WideVape<\/strong>\u00a0Estamos orgulhosos de sermos a maior plataforma de atacado online da Europa para vaporizadores descart\u00e1veis. Atendemos clientes na Alemanha, Holanda, B\u00e9lgica, Espanha e muito mais. Nosso compromisso com a qualidade e acessibilidade nos torna o endere\u00e7o n\u00famero um para grandes pedidos de marcas l\u00edderes como ARYMI.<\/p>\n<h2>Principais caracter\u00edsticas do ARYMI IFun <a href=\"https:\/\/widevape.com\/pt\/categoria-do-produto\/28000-cigarros-eletronicos-descartaveis\/\">28000 trens<\/a><\/h2>\n<p>O ARYMI IFun 28000 Z\u00fcge convence com fun\u00e7\u00f5es avan\u00e7adas e um design amig\u00e1vel. Aqui est\u00e3o os destaques:<\/p>\n<ul>\n<li><strong>Alta frequ\u00eancia de acesso:<\/strong>\u00a0At\u00e9 28.000 trag\u00f5es por dispositivo - menos reabastecimento, mais prazer.<\/li>\n<li><strong>Bateria recarreg\u00e1vel:<\/strong>\u00a0Equipado com uma bateria USB-C de 850 mAh para carregamento r\u00e1pido e longa dura\u00e7\u00e3o de uso.<\/li>\n<li><strong>Sistema de bobina de dupla malha:<\/strong>\u00a0Sabor intenso e vapor volumoso gra\u00e7as \u00e0s bobinas de dupla malha para uma experi\u00eancia de vaporiza\u00e7\u00e3o uniforme.<\/li>\n<li><strong>Controle de fluxo de ar ajust\u00e1vel:<\/strong>\u00a0Ajuste o fluxo de ar \u00e0s suas prefer\u00eancias - de suaves tragadas a nuvens de vapor densas.<\/li>\n<li><strong>5 % Nicotina:<\/strong>\u00a0Perfeito para usu\u00e1rios que procuram um hit na garganta moderado sem intensidade avassaladora.<\/li>\n<li><strong>Design leve e port\u00e1til:<\/strong>\u00a0Com apenas 122 g, o ARYMI IFun 28000 \u00e9 leve e ideal para viagem.<\/li>\n<li><strong>Sistema de dois pods:<\/strong>\u00a0Mude facilmente entre dois sabores diferentes.<\/li>\n<li><strong>Tecnologia de separa\u00e7\u00e3o l\u00edquido-bobina:<\/strong>\u00a0Evita vazamentos e prolonga a vida \u00fatil do dispositivo com sabor consistente.<\/li>\n<\/ul>\n<h2>Descubra a diversidade de sabores<\/h2>\n<p>O ARYMI IFun 28000 Z\u00fcge est\u00e1 dispon\u00edvel numa variedade de sabores, cada um oferecendo uma experi\u00eancia de vaporiza\u00e7\u00e3o \u00fanica. Aqui est\u00e1 a lista completa:<\/p>\n<ol start=\"1\">\n<li><strong>Mel\u00e3o Congelado &amp; Kiwi Maracuj\u00e1 Goiaba:<\/strong> Esta refrescante mistura une a do\u00e7ura do mel\u00e3o com a acidez do kiwi e a nota tropical da gu\u00e1bana-passiflora.<\/li>\n<li><strong>P\u00eassego Gelado &amp; Morango Melancia:<\/strong> P\u00eassego &amp; Melancia de Morango Extremamente Fria: Uma mistura doce e gelada de p\u00eassego e morango, complementada pelo sabor refrescante da melancia.<\/li>\n<li><strong>Refrigerante de Lim\u00e3o com Cereja Borbulhante &amp; Mirtilo:<\/strong>Inspirado por refrigerantes, este sabor combina a acidez de cereja e mirtilo com a nota refrescante de limonada.<\/li>\n<li><strong>Morangos Mistos &amp; Abacaxi Rum de Coco:<\/strong> Uma curta viagem tropical em cada gole. Este sabor combina a do\u00e7ura de bagas misturadas com a cremosidade de abacaxi-coco-rum.<\/li>\n<li><strong>Bolas de Gelo de Lim\u00e3o, Lima e Mirtilo:<\/strong> Esta sabor captura o aroma de balas \u00e1cidas com uma mistura de lim\u00e3o-lima e gel\u00e9ia de mirtilo.<\/li>\n<li><strong>Morangos, Uva e Morango Drag\u00e3o:<\/strong>Uma explos\u00e3o frutada de framboesa, uva e morango, arredondada pelo sabor ex\u00f3tico do drag\u00e3o.<\/li>\n<li><strong>Mirtilo Framboesa &amp; Hortel\u00e3 Mojito:<\/strong> Uma variante refrescante do cl\u00e1ssico Mojito. Esta sabor combina a do\u00e7ura de mirtilo e framboesa com a sensa\u00e7\u00e3o refrescante de hortel\u00e3.<\/li>\n<li><strong>Duplo Ma\u00e7\u00e3 &amp; Mirtilo Cereja Cranberry:<\/strong>Uma mistura complexa de ma\u00e7\u00e3 dupla, mirtilo, cereja e cranberry para uma experi\u00eancia rica e frutada.<\/li>\n<li><strong>Bebida de Suco Icy Red Apple &amp; Vimto:<\/strong> Inspirado pela bebida cl\u00e1ssica Vimto, este sabor combina a refrescante frieza da ma\u00e7\u00e3 vermelha com a nota frutada de Vimto.<\/li>\n<li><strong>Cherry Cola &amp; Sorvete de Morango:<\/strong>Uma mistura nost\u00e1lgica de cola de cereja e sorvete de morango - perfeito para todos que gostam de aromas doces e cremosos.<\/li>\n<li><strong>Bal\u00e3o de Doces &amp; Bebida Energ\u00e9tica:<\/strong> Uma mistura vibrante de balas de arco-\u00edris e sabores de bebidas energ\u00e9ticas para uma experi\u00eancia de vaporiza\u00e7\u00e3o doce e revigorante.<\/li>\n<li><strong>Batido de Menta Gelada &amp; Banana:<\/strong> Uma mistura refrescante de sorvete de hortel\u00e3 e milkshake de banana - perfeito para todos que gostam de sabores refrescantes e cremosos.<\/li>\n<\/ol>\n<h2>Op\u00e7\u00f5es de embalagem e atacado<\/h2>\n<p>O ARYMI IFun 28000 Z\u00fcge est\u00e1 dispon\u00edvel em op\u00e7\u00f5es de embalagem pr\u00e1ticas para grossistas:<\/p>\n<ul>\n<li><strong>Peso por unidade:<\/strong>\u00a0122 g<\/li>\n<li><strong>Tamanho da embalagem:<\/strong>\u00a010 unidades por embalagem<\/li>\n<li><strong>Conte\u00fado da caixa:<\/strong>\u00a015 pacotes por caixa (peso total: 19,5 kg)<\/li>\n<li><strong>Dimens\u00f5es da caixa de cart\u00e3o:<\/strong>\u00a0504 x 355 x 235 mm<\/li>\n<\/ul>\n<h2>Por que <a href=\"https:\/\/widevape.com\/pt\/\">WideVape<\/a> Para pedidos em grande quantidade, escolha?<\/h2>\n<p>Como o principal atacadista da Europa para <a href=\"https:\/\/widevape.com\/pt\/\">Vapes descart\u00e1veis<\/a> oferece\u00a0<strong>WideVape<\/strong>\u00a0Pre\u00e7os imbat\u00edveis e envio r\u00e1pido e segurado para todos os pa\u00edses da UE. Com mais de 10 anos de experi\u00eancia no setor, fornecemos produtos de alta qualidade de marcas l\u00edderes como ARYMI, RandM Tornado, FIZZY, Al Fakher e muito mais.<\/p>\n<p>Nossa plataforma suporta v\u00e1rios m\u00e9todos de pagamento, incluindo PayPal, cart\u00f5es de cr\u00e9dito, iDEAL (Holanda), Bancontact (B\u00e9lgica) e transfer\u00eancias SEPA, para garantir uma experi\u00eancia de compra perfeita.<\/p>\n<h2>Conclus\u00e3o<\/h2>\n<p>O\u00a0<strong>ARYMI IFun 28000 Z\u00fcge\n\n becomes \n\nARYMI IFun 28000 trens<\/strong>\u00a0\u00e9 o vape descart\u00e1vel definitivo para todos que procuram longevidade, variedade de sabores e desempenho de primeira classe. Com suas caracter\u00edsticas avan\u00e7adas e design moderno, n\u00e3o \u00e9 de admirar que este dispositivo seja um best-seller em toda a Europa.<\/p>\n<p>Visite ainda hoje\u00a0<strong>WideVape.com<\/strong>, para expandir nossa extensa cole\u00e7\u00e3o de <a href=\"https:\/\/widevape.com\/pt\/\">Vapes descart\u00e1veis<\/a> para descobrir e aproveitar nossos descontos por atacado. Como o principal fornecedor de atacado da Europa, garantimos os pre\u00e7os mais baixos, envio r\u00e1pido e excelente servi\u00e7o ao cliente. N\u00e3o perca a oportunidade de encomendar o ARYMI IFun 28000 puffs e outras marcas principais em condi\u00e7\u00f5es favor\u00e1veis.<\/p>\n<p><img loading=\"lazy\" decoding=\"async\" class=\"alignnone wp-image-21765 size-full\" src=\"https:\/\/widevape.com\/wp-content\/uploads\/2025\/02\/ARYMI_IFun_28000-1.webp\" alt=\"ARYMI IFun 28000 Z\u00fcge \u2013 Sistema Dual-Mesh-Dual-Pod, 5 % Nicotina, Vapes Descart\u00e1veis Recarreg\u00e1veis por Atacado &amp;  Canetas Vape\" width=\"1618\" height=\"1534\" srcset=\"https:\/\/widevape.com\/wp-content\/uploads\/2025\/02\/ARYMI_IFun_28000-1.webp 1618w, https:\/\/widevape.com\/wp-content\/uploads\/2025\/02\/ARYMI_IFun_28000-1-510x484.webp 510w, https:\/\/widevape.com\/wp-content\/uploads\/2025\/02\/ARYMI_IFun_28000-1-300x284.webp 300w, https:\/\/widevape.com\/wp-content\/uploads\/2025\/02\/ARYMI_IFun_28000-1-1024x971.webp 1024w, https:\/\/widevape.com\/wp-content\/uploads\/2025\/02\/ARYMI_IFun_28000-1-768x728.webp 768w, https:\/\/widevape.com\/wp-content\/uploads\/2025\/02\/ARYMI_IFun_28000-1-1536x1456.webp 1536w\" sizes=\"auto, (max-width: 1618px) 100vw, 1618px\" \/><\/p>","protected":false},"excerpt":{"rendered":"<p>O\u00a0<strong>ARYMI IFun 28000 Z\u00fcge\n\n becomes \n\nARYMI IFun 28000 trens<\/strong>\u00a0\u00c9 um vape descart\u00e1vel recarreg\u00e1vel de alta qualidade com 28.000 tragadas, bobinas de dupla malha e 12 sabores exclusivos - perfeito para atacadistas e entusiastas de vaporiza\u00e7\u00e3o que valorizam durabilidade e variedade de sabores.<\/p>","protected":false},"featured_media":21767,"comment_status":"open","ping_status":"closed","template":"","meta":[],"product_brand":[],"product_cat":[151,150,92,93,37,94,90,96],"product_tag":[],"class_list":{"0":"post-21737","1":"product","2":"type-product","3":"status-publish","4":"has-post-thumbnail","6":"product_cat-28000-zuege-einweg-e-zigaretten","7":"product_cat-arymi-einweg-e-zigaretten","8":"product_cat-digitale-box-einweg-e-zigaretten","9":"product_cat-dual-mesh-einweg-e-zigaretten","10":"product_cat-einweg-e-zigaretten","11":"product_cat-einweg-e-zigaretten-mit-niedriger-nikotinstaerke","12":"product_cat-grosse-einweg-e-zigaretten","13":"product_cat-wiederaufladbare-einweg-e-zigaretten","15":"first","16":"outofstock","17":"shipping-taxable","18":"product-type-variable"},"_links":{"self":[{"href":"https:\/\/widevape.com\/pt\/wp-json\/wp\/v2\/product\/21737","targetHints":{"allow":["GET"]}}],"collection":[{"href":"https:\/\/widevape.com\/pt\/wp-json\/wp\/v2\/product"}],"about":[{"href":"https:\/\/widevape.com\/pt\/wp-json\/wp\/v2\/types\/product"}],"replies":[{"embeddable":true,"href":"https:\/\/widevape.com\/pt\/wp-json\/wp\/v2\/comments?post=21737"}],"wp:featuredmedia":[{"embeddable":true,"href":"https:\/\/widevape.com\/pt\/wp-json\/wp\/v2\/media\/21767"}],"wp:attachment":[{"href":"https:\/\/widevape.com\/pt\/wp-json\/wp\/v2\/media?parent=21737"}],"wp:term":[{"taxonomy":"product_brand","embeddable":true,"href":"https:\/\/widevape.com\/pt\/wp-json\/wp\/v2\/product_brand?post=21737"},{"taxonomy":"product_cat","embeddable":true,"href":"https:\/\/widevape.com\/pt\/wp-json\/wp\/v2\/product_cat?post=21737"},{"taxonomy":"product_tag","embeddable":true,"href":"https:\/\/widevape.com\/pt\/wp-json\/wp\/v2\/product_tag?post=21737"}],"curies":[{"name":"wp","href":"https:\/\/api.w.org\/{rel}","templated":true}]}}