{"id":24766,"date":"2025-02-28T04:14:27","date_gmt":"2025-02-28T03:14:27","guid":{"rendered":"https:\/\/widevape.com\/?post_type=product&#038;p=24766"},"modified":"2026-01-04T04:14:59","modified_gmt":"2026-01-04T03:14:59","slug":"aivono-aim-flash-35000-tragadas-dual-mesh-display-de-cor-0-2-3-5-baixo-teor-de-nicotina-atacado-recarregaveis-cigarros-eletronicos-descartaveis-caneta","status":"publish","type":"product","link":"https:\/\/widevape.com\/pt\/product\/aivono-aim-flash-35000-zuege-dual-mesh-farbdisplay-0-2-3-5-niedriger-nikotingehalt-grosshandel-wiederaufladbare-einweg-e-zigaretten-pen\/","title":{"rendered":"AIVONO AIM FLASH 35000 tragadas Display de malha dupla cor 0% 2% 3% 5% Baixo teor de nicotina Atacado Caneta de cigarro eletr\u00f4nico descart\u00e1vel recarreg\u00e1vel"},"content":{"rendered":"<article style=\"font-family: Arial, sans-serif; line-height: 1.6; color: #333; max-width: 100%; margin: 0 auto;\"><div style=\"width: 544px;\" class=\"wp-video\"><video class=\"wp-video-shortcode\" id=\"video-24766-1\" width=\"544\" height=\"960\" preload=\"metadata\" controls=\"controls\"><source type=\"video\/mp4\" src=\"https:\/\/widevape.com\/wp-content\/uploads\/2025\/02\/AIVONO-AIM-FLASH-35000.mp4?_=1\" \/><a href=\"https:\/\/widevape.com\/wp-content\/uploads\/2025\/02\/AIVONO-AIM-FLASH-35000.mp4\">https:\/\/widevape.com\/wp-content\/uploads\/2025\/02\/AIVONO-AIM-FLASH-35000.mp4<\/a><\/video><\/div>\n<h2 style=\"color: #2c3e50; text-align: center; font-size: 2.5em; margin-bottom: 20px;\">AIVONO AIM FLASH 35000: <a href=\"https:\/\/widevape.com\/pt\/\">O campe\u00e3o radiante dos Vapes<\/a> \u2728<\/h2>\n<p style=\"font-size: 1.2em; text-align: center; margin-bottom: 30px;\">Bem-vindos, queridos amigos, em <strong>WideVape<\/strong>! Est\u00e3o prontos para uma verdadeira aventura? O <strong>AIVONO AIM FLASH<\/strong> N\u00e3o \u00e9 apenas um vape descart\u00e1vel qualquer - ele \u00e9 como um super-her\u00f3i em sua bolsa. Com incr\u00edveis <strong>35.000 trens<\/strong> (Puffs) Ele aguenta por tanto tempo que quase esquecer\u00e3o quando o desembalaram pela \u00faltima vez. Ele brilha, \u00e9 forte e espera aqui conosco no atacado por voc\u00eas!<\/p>\n<div style=\"background-color: #f0f8ff; border-left: 5px solid #3498db; padding: 20px; margin-bottom: 30px; border-radius: 8px;\">\n<h3 style=\"color: #2980b9; margin-top: 0;\">O que torna o AIM FLASH t\u00e3o especial?<\/h3>\n<p>Imaginem que t\u00eam um dispositivo que n\u00e3o s\u00f3 tem uma apar\u00eancia incr\u00edvel, mas tamb\u00e9m \u00e9 muito inteligente. Este vape tem um tanque enorme com <strong>28ml capacidade<\/strong>. Isso \u00e9 gigantesco! Al\u00e9m disso, ele tem um display colorido que mostra exatamente quanto de energia ainda resta. E com o especial <strong>T\u00e9cnica de malha dupla<\/strong> Cada tragada simplesmente tem um sabor fantasticamente intenso. \u00c9 a escolha perfeita para todos que amam a qualidade e compram na WideVape!<\/p>\n<\/div>\n<h3 style=\"color: #e67e22; text-align: center; margin-bottom: 20px;\">As fun\u00e7\u00f5es mais legais<\/h3>\n<div style=\"display: flex; flex-wrap: wrap; gap: 20px; justify-content: center; margin-bottom: 40px;\">\n<p><!-- Card 1 --><\/p>\n<div style=\"background: #fff; border: 2px solid #e0e0e0; border-radius: 15px; padding: 20px; width: 300px; box-shadow: 0 4px 6px rgba(0,0,0,0.1); text-align: center;\">\n<div style=\"font-size: 3em; margin-bottom: 10px;\">\u26a1<\/div>\n<h4 style=\"color: #333; margin-bottom: 10px;\">Bateria de pot\u00eancia<\/h4>\n<p>Uma bateria forte de 850mAh garante resist\u00eancia. Est\u00e1 vazia? Simplesmente carregue-a rapidamente novamente com o cabo Tipo-C!<\/p>\n<\/div>\n<div style=\"background: #fff; border: 2px solid #e0e0e0; border-radius: 15px; padding: 20px; width: 300px; box-shadow: 0 4px 6px rgba(0,0,0,0.1); text-align: center;\">\n<div style=\"font-size: 3em; margin-bottom: 10px;\">\ud83d\udee1\ufe0f<\/div>\n<h4 style=\"color: #333; margin-bottom: 10px;\">Seguro \u00e9 seguro<\/h4>\n<p>Com a trava de seguran\u00e7a infantil embutida, o dispositivo permanece seguro quando fica sem supervis\u00e3o.<\/p>\n<\/div>\n<p><!-- Card 3 --><\/p>\n<div style=\"background: #fff; border: 2px solid #e0e0e0; border-radius: 15px; padding: 20px; width: 300px; box-shadow: 0 4px 6px rgba(0,0,0,0.1); text-align: center;\">\n<div style=\"font-size: 3em; margin-bottom: 10px;\">\ud83d\udcfa<\/div>\n<h4 style=\"color: #333; margin-bottom: 10px;\">Cinema colorido<\/h4>\n<p>O visor colorido claro mostra-vos em tempo real como est\u00e3o cheias a bateria e o dep\u00f3sito.<\/p>\n<\/div>\n<\/div>\n<h3 style=\"color: #27ae60; margin-bottom: 15px;\">Tabela de Dados T\u00e9cnicos<\/h3>\n<table style=\"width: 100%; border-collapse: collapse; margin-bottom: 30px; background-color: #fff; box-shadow: 0 2px 5px rgba(0,0,0,0.1);\">\n<tbody>\n<tr style=\"background-color: #27ae60; color: white;\">\n<th style=\"padding: 15px; text-align: left; border: 1px solid #ddd;\">Caracter\u00edstica<\/th>\n<th style=\"padding: 15px; text-align: left; border: 1px solid #ddd;\">Descri\u00e7\u00e3o<\/th>\n<\/tr>\n<tr>\n<td style=\"padding: 12px; border: 1px solid #ddd;\">Puffs (tiros)<\/td>\n<td style=\"padding: 12px; border: 1px solid #ddd;\">At\u00e9 35.000 (prazer a longo prazo)<\/td>\n<\/tr>\n<tr style=\"background-color: #f9f9f9;\">\n<td style=\"padding: 12px; border: 1px solid #ddd;\">Capacidade (dep\u00f3sito)<\/td>\n<td style=\"padding: 12px; border: 1px solid #ddd;\">28 ml (pr\u00e9-preenchido)<\/td>\n<\/tr>\n<tr>\n<td style=\"padding: 12px; border: 1px solid #ddd;\">Bateria<\/td>\n<td style=\"padding: 12px; border: 1px solid #ddd;\">850mAh (Recarreg\u00e1vel)<\/td>\n<\/tr>\n<tr style=\"background-color: #f9f9f9;\">\n<td style=\"padding: 12px; border: 1px solid #ddd;\">Tecnologia<\/td>\n<td style=\"padding: 12px; border: 1px solid #ddd;\">Bobina de Dupla Malha (Dupla Rede)<\/td>\n<\/tr>\n<tr>\n<td style=\"padding: 12px; border: 1px solid #ddd;\">Modi<\/td>\n<td style=\"padding: 12px; border: 1px solid #ddd;\">Norm &amp; Boost (Comut\u00e1vel)<\/td>\n<\/tr>\n<tr style=\"background-color: #f9f9f9;\">\n<td style=\"padding: 12px; border: 1px solid #ddd;\">Pontos fortes<\/td>\n<td style=\"padding: 12px; border: 1px solid #ddd;\">0%, 2%, 3%, 5% (Selecione)<\/td>\n<\/tr>\n<tr>\n<td style=\"padding: 12px; border: 1px solid #ddd;\">Carregar<\/td>\n<td style=\"padding: 12px; border: 1px solid #ddd;\">Conector Type-C<\/td>\n<\/tr>\n<\/tbody>\n<\/table>\n<div style=\"background-color: #fff3cd; border: 2px solid #ffeeba; border-radius: 10px; padding: 20px; margin-bottom: 40px;\">\n<h4 style=\"color: #856404; margin-top: 0; display: flex; align-items: center;\"><span style=\"font-size: 1.5em; margin-right: 10px;\">\ud83d\udca1<\/span> Conhecimento para voc\u00eas: Norma vs. Modo Boost<\/h4>\n<p style=\"color: #856404; margin-bottom: 0;\">O AIVONO AIM FLASH pode se transformar! No <strong>Modo Normal<\/strong> \u00e9 um corredor de longa dist\u00e2ncia econ\u00f4mico, perfeito para o dia todo. Mas se voc\u00eas est\u00e3o no <strong>Modo Boost<\/strong> Quando ele liga, ele d\u00e1 um g\u00e1s extra! Ent\u00e3o, o sabor fica ainda mais intenso e as nuvens de vapor maiores. Voc\u00eas decidem com um toque de bot\u00e3o como querem vaporizar!<\/p>\n<\/div>\n<h3 style=\"color: #8e44ad; margin-bottom: 20px;\">A Grande Lista de Op\u00e7\u00f5es<\/h3>\n<p style=\"margin-bottom: 20px;\">Aqui est\u00e3o as incr\u00edveis combina\u00e7\u00f5es que voc\u00ea pode comprar na WideVape. Cada n\u00famero \u00e9 uma experi\u00eancia \u00fanica:<\/p>\n<div style=\"background: #fff; padding: 20px; border-radius: 10px; border: 1px solid #eee; margin-bottom: 40px;\">\n<p style=\"margin-bottom: 10px;\"><strong>1. Morango Gelo:<\/strong> Doce morangos encontram uma brisa super fresca. Refrescante!<\/p>\n<p style=\"margin-bottom: 10px;\"><strong>2. Morango Mel\u00e3o:<\/strong> Um mix de frutas vermelho de morango e melancia suculenta.<\/p>\n<p style=\"margin-bottom: 10px;\"><strong>3. Framboesa Cereja:<\/strong> Uma amizade frutal entre framboesa e cereja.<\/p>\n<p style=\"margin-bottom: 10px;\"><strong>4. Blue Razz Ice:<\/strong> Mirtilos azuis servidos gelados. Um sucesso para o ver\u00e3o.<\/p>\n<p style=\"margin-bottom: 10px;\"><strong>5. Lim\u00e3o Hortel\u00e3:<\/strong> Lim\u00e3o borbulhante dan\u00e7a com hortel\u00e3 fresca. Muito revigorante.<\/p>\n<p style=\"margin-bottom: 10px;\"><strong>6. Suco de P\u00eassego:<\/strong> Sabe como morder um p\u00eassego maduro e doce.<\/p>\n<p style=\"margin-bottom: 10px;\"><strong>Mirtilo Uva:<\/strong> Mirtilos pequenos e uvas escuras em perfeita harmonia.<\/p>\n<p style=\"margin-bottom: 10px;\"><strong>8. Goma de Mascar Watermelon:<\/strong> Lembra de um doce chiclete com sabor de melancia.<\/p>\n<p style=\"margin-bottom: 10px;\"><strong>9. Ma\u00e7\u00e3s Azedas:<\/strong> Ma\u00e7\u00e3s verdes crocantes, agradavelmente \u00e1cidas e frescas.<\/p>\n<p style=\"margin-bottom: 10px;\"><strong>10. Manga Abacaxi:<\/strong> Uma viagem \u00e0s regi\u00f5es tropicais com manga e abacaxi.<\/p>\n<p style=\"margin-bottom: 10px;\"><strong>11. Blue Ranch:<\/strong> Uma surpresa doce, semelhante a um bonbon, com frutas azuis.<\/p>\n<p style=\"margin-bottom: 10px;\"><strong>12. Sorvete de Mel\u00e3o<\/strong> O cl\u00e1ssico: mel\u00e3o de \u00e1gua colocado no gelo.<\/p>\n<p style=\"margin-bottom: 10px;\"><strong>13. Sorvete de Uva:<\/strong> Uvas deliciosas com um toque refrescante no final.<\/p>\n<p style=\"margin-bottom: 10px;\"><strong>14. Mirtilos Mistos:<\/strong> Um cesto cheio de frutas silvestres, doces e \u00e1cidas ao mesmo tempo.<\/p>\n<p style=\"margin-bottom: 10px;\"><strong>15. Morango Kiwi:<\/strong> A mistura popular de morango caseiro e kiwi ex\u00f3tico.<\/p>\n<\/div>\n<h3 style=\"color: #c0392b; margin-bottom: 20px;\">Perguntas Frequentes (FAQ)<\/h3>\n<div style=\"margin-bottom: 40px;\">\n<div style=\"margin-bottom: 20px;\">\n<h4 style=\"color: #c0392b; margin-bottom: 5px;\">Devo reabastecer o vape?<\/h4>\n<p>N\u00e3o, de forma alguma! O tanque j\u00e1 est\u00e1 completamente cheio com 28ml. Quando estiver vazio, simplesmente pegue o pr\u00f3ximo vape descart\u00e1vel.<\/p>\n<\/div>\n<div style=\"margin-bottom: 20px;\">\n<h4 style=\"color: #c0392b; margin-bottom: 5px;\">Como carrego o dispositivo?<\/h4>\n<p>Basta conectar um cabo USB-C embaixo (como no celular). O display mostra quando ele est\u00e1 totalmente carregado novamente.<\/p>\n<\/div>\n<div style=\"margin-bottom: 20px;\">\n<h4 style=\"color: #c0392b; margin-bottom: 5px;\">Onde posso comprar o AIVONO AIM FLASH?<\/h4>\n<p>Voc\u00eas est\u00e3o aqui exatamente no lugar certo! Encomendem seus vapes diretamente aqui <strong>WideVape<\/strong>. Entregamos r\u00e1pida e confiavelmente em toda a Europa.<\/p>\n<\/div>\n<\/div>\n<p style=\"text-align: center; font-size: 1.1em; color: #555;\">O que est\u00e3o esperando? Pegue o AIVONO AIM FLASH 35000 agora em <strong>WideVape<\/strong> e experimente qualidade que dura muito!<\/p>\n<p><img loading=\"lazy\" decoding=\"async\" class=\"size-full wp-image-24797 aligncenter\" src=\"https:\/\/widevape.com\/wp-content\/uploads\/2025\/02\/AIVONO_AIM_FLASH_350001.webp\" alt=\"AIVONO AIM FLASH\" width=\"800\" height=\"800\" srcset=\"https:\/\/widevape.com\/wp-content\/uploads\/2025\/02\/AIVONO_AIM_FLASH_350001.webp 800w, https:\/\/widevape.com\/wp-content\/uploads\/2025\/02\/AIVONO_AIM_FLASH_350001-247x247.webp 247w, https:\/\/widevape.com\/wp-content\/uploads\/2025\/02\/AIVONO_AIM_FLASH_350001-100x100.webp 100w, https:\/\/widevape.com\/wp-content\/uploads\/2025\/02\/AIVONO_AIM_FLASH_350001-510x510.webp 510w, https:\/\/widevape.com\/wp-content\/uploads\/2025\/02\/AIVONO_AIM_FLASH_350001-300x300.webp 300w, https:\/\/widevape.com\/wp-content\/uploads\/2025\/02\/AIVONO_AIM_FLASH_350001-150x150.webp 150w, https:\/\/widevape.com\/wp-content\/uploads\/2025\/02\/AIVONO_AIM_FLASH_350001-768x768.webp 768w\" sizes=\"auto, (max-width: 800px) 100vw, 800px\" \/><\/p>\n<\/article>","protected":false},"excerpt":{"rendered":"<table>\n<thead>\n<tr>\n<th><strong>Caracter\u00edstica<\/strong><\/th>\n<th><strong>Descri\u00e7\u00e3o<\/strong><\/th>\n<\/tr>\n<\/thead>\n<tbody>\n<tr>\n<td><strong>N\u00famero de trem<\/strong><\/td>\n<td>At\u00e9 <strong>35.000 trens<\/strong> por dispositivo - ideal para um prazer duradouro<\/td>\n<\/tr>\n<tr>\n<td><strong>Capacidade de E-L\u00edquido<\/strong><\/td>\n<td><strong>28 ml<\/strong> l\u00edquido pr\u00e9-preenchido, n\u00e3o \u00e9 necess\u00e1rio reabastecer frequentemente<\/td>\n<\/tr>\n<tr>\n<td><strong>Bateria<\/strong><\/td>\n<td>Recarreg\u00e1vel <strong>Bateria de 850 mAh<\/strong> com <strong>Fun\u00e7\u00e3o de carregamento r\u00e1pido Type-C<\/strong><\/td>\n<\/tr>\n<tr>\n<td><strong>Tecnologia de bobina<\/strong><\/td>\n<td><strong>Bobina Dupla Malha<\/strong> para evapora\u00e7\u00e3o uniforme e sabor intenso<\/td>\n<\/tr>\n<tr>\n<td><strong>Modos de desempenho<\/strong><\/td>\n<td>Dois modos: <strong>Normal &amp; Boost \nNormal e Boost<\/strong><\/td>\n<\/tr>\n<tr>\n<td><strong>fluxo de ar<\/strong><\/td>\n<td><strong>Fluxo de ar ajust\u00e1vel<\/strong> para experi\u00eancias individuais de vapor<\/td>\n<\/tr>\n<tr>\n<td><strong>N\u00edveis de nicotina<\/strong><\/td>\n<td><strong>0 % \/ 2 % \/ 3 % \/ 5 %<\/strong><\/td>\n<\/tr>\n<tr>\n<td><strong>Exibir<\/strong><\/td>\n<td><strong>Visor colorido<\/strong> com exibi\u00e7\u00e3o em tempo real do status da bateria, pot\u00eancia e outros.<\/td>\n<\/tr>\n<tr>\n<td><strong>Fun\u00e7\u00f5es de seguran\u00e7a<\/strong><\/td>\n<td><strong>Seguran\u00e7a infantil<\/strong> para uso seguro<\/td>\n<\/tr>\n<tr>\n<td><strong>Design<\/strong><\/td>\n<td><strong>Ergonomisch -&gt; Ergonomicamente \n\n No however  Ergonomisch = Ergonomia therefore Ergonomisch -&gt;  Ergonomia \nErgonomisch =  Ergonomic \ntherefore \nErgonomisch<\/strong>, compacto, leve e f\u00e1cil de usar<\/td>\n<\/tr>\n<\/tbody>\n<\/table>","protected":false},"featured_media":24797,"comment_status":"open","ping_status":"closed","template":"","meta":[],"product_brand":[],"product_cat":[110,28,92,93,37,94,90,96],"product_tag":[],"class_list":{"0":"post-24766","1":"product","2":"type-product","3":"status-publish","4":"has-post-thumbnail","6":"product_cat-35000-zuege-einweg-e-zigaretten","7":"product_cat-aivono-einweg-e-zigaretten","8":"product_cat-digitale-box-einweg-e-zigaretten","9":"product_cat-dual-mesh-einweg-e-zigaretten","10":"product_cat-einweg-e-zigaretten","11":"product_cat-einweg-e-zigaretten-mit-niedriger-nikotinstaerke","12":"product_cat-grosse-einweg-e-zigaretten","13":"product_cat-wiederaufladbare-einweg-e-zigaretten","15":"first","16":"instock","17":"shipping-taxable","18":"purchasable","19":"product-type-variable","20":"has-default-attributes"},"_links":{"self":[{"href":"https:\/\/widevape.com\/pt\/wp-json\/wp\/v2\/product\/24766","targetHints":{"allow":["GET"]}}],"collection":[{"href":"https:\/\/widevape.com\/pt\/wp-json\/wp\/v2\/product"}],"about":[{"href":"https:\/\/widevape.com\/pt\/wp-json\/wp\/v2\/types\/product"}],"replies":[{"embeddable":true,"href":"https:\/\/widevape.com\/pt\/wp-json\/wp\/v2\/comments?post=24766"}],"wp:featuredmedia":[{"embeddable":true,"href":"https:\/\/widevape.com\/pt\/wp-json\/wp\/v2\/media\/24797"}],"wp:attachment":[{"href":"https:\/\/widevape.com\/pt\/wp-json\/wp\/v2\/media?parent=24766"}],"wp:term":[{"taxonomy":"product_brand","embeddable":true,"href":"https:\/\/widevape.com\/pt\/wp-json\/wp\/v2\/product_brand?post=24766"},{"taxonomy":"product_cat","embeddable":true,"href":"https:\/\/widevape.com\/pt\/wp-json\/wp\/v2\/product_cat?post=24766"},{"taxonomy":"product_tag","embeddable":true,"href":"https:\/\/widevape.com\/pt\/wp-json\/wp\/v2\/product_tag?post=24766"}],"curies":[{"name":"wp","href":"https:\/\/api.w.org\/{rel}","templated":true}]}}