{"id":25690,"date":"2025-03-01T04:39:28","date_gmt":"2025-03-01T03:39:28","guid":{"rendered":"https:\/\/widevape.com\/?post_type=product&#038;p=25690"},"modified":"2026-01-17T09:51:43","modified_gmt":"2026-01-17T08:51:43","slug":"vookbar-cyber-pro-30000-tragadas-dual-mesh-touchscreen-0-2-3-5-baixo-nicotina-atacado-cigarros-eletronicos-descartaveis-com-20-sabores-e-funcao-recarregavel","status":"publish","type":"product","link":"https:\/\/widevape.com\/pt\/product\/vookbar-cyber-pro-30000-zuege-dual-mesh-touchscreen-0-2-3-5-niedrig-nikotin-grosshandel-einweg-e-zigaretten-mit-20-geschmacksrichtungen-und-wiederaufladbarer-funktion\/","title":{"rendered":"Vookbar Cyber Pro 30000 tragadas Dual-Mesh Tela sens\u00edvel ao toque 0% 2% 3% 5% Baixo teor de nicotina Atacado Cigarros eletr\u00f4nicos descart\u00e1veis com 20 sabores e fun\u00e7\u00e3o recarreg\u00e1vel"},"content":{"rendered":"<div style=\"width: 1020px;\" class=\"wp-video\"><video class=\"wp-video-shortcode\" id=\"video-25690-1\" width=\"1020\" height=\"574\" preload=\"metadata\" controls=\"controls\"><source type=\"video\/mp4\" src=\"https:\/\/widevape.com\/wp-content\/uploads\/2025\/03\/Vookbar-Cyber-Pro-30000.mp4?_=1\" \/><a href=\"https:\/\/widevape.com\/wp-content\/uploads\/2025\/03\/Vookbar-Cyber-Pro-30000.mp4\">https:\/\/widevape.com\/wp-content\/uploads\/2025\/03\/Vookbar-Cyber-Pro-30000.mp4<\/a><\/video><\/div>\n<h1 class=\"mb-3 mt-8 text-[1.4rem] font-[475] leading-[1.5em] first:mt-3\"><a href=\"https:\/\/widevape.com\/product-category\/vookbar-einweg-e-zigaretten\/\">Vookbar<\/a> Cyber Pro 30000 Z\u00fcge: Die Revolution der Einweg-E-Zigaretten f\u00fcr Gro\u00dfh\u00e4ndler<\/h1>\n<p class=\"my-0\">Die\u00a0<strong>Vookbar Cyber Pro 30000 Z\u00fcge<\/strong>\u00a0ist die n\u00e4chste Generation der Einweg-E-Zigaretten, die durch innovative Technologie, maximale Leistung und eine breite Auswahl an Geschmacksrichtungen \u00fcberzeugt. Mit einer beeindruckenden Lebensdauer von bis zu 30.000 Z\u00fcgen und einer Vielzahl an Funktionen bietet dieses Produkt ein unvergleichliches Dampferlebnis. Als gr\u00f6\u00dfter Gro\u00dfh\u00e4ndler f\u00fcr Einweg-E-Zigaretten in den Niederlanden, Deutschland, Belgien und Spanien pr\u00e4sentiert WideVape dieses Premiumprodukt exklusiv f\u00fcr den Gro\u00dfhandel.<\/p>\n<h2 class=\"mb-xs mt-5 text-base font-[525] first:mt-3\"><strong>Hauptmerkmale der Vookbar Cyber Pro <a href=\"https:\/\/widevape.com\/product-category\/einweg-e-zigaretten-nach-zuegen\/30000-zuege-einweg-e-zigaretten\/\">30000 Z\u00fcge<\/a><\/strong><\/h2>\n<ul class=\"marker:text-textOff list-disc\">\n<li>\n<p class=\"my-0\"><strong>Maximale Zuganzahl<\/strong>: Bis zu 30.000 Z\u00fcge im Standardmodus und 15.000 Z\u00fcge im Leistungsmodus \u2013 ideal f\u00fcr Langzeitnutzung.<\/p>\n<\/li>\n<li>\n<p class=\"my-0\"><strong>Gro\u00dfer Liquidtank<\/strong>: Der vorgef\u00fcllte 22ml-Tank sorgt f\u00fcr langanhaltenden Genuss ohne h\u00e4ufiges Nachf\u00fcllen.<\/p>\n<\/li>\n<li>\n<p class=\"my-0\"><strong>Dual-Mesh-Coil-Technologie<\/strong>: Garantiert intensiven Geschmack und dichte Dampfwolken.<\/p>\n<\/li>\n<li>\n<p class=\"my-0\"><strong>2,1-Zoll-Touchscreen<\/strong>: Zeigt Echtzeitinformationen wie Akkustand und Zuganzahl an und erm\u00f6glicht individuelle Einstellungen.<\/p>\n<\/li>\n<li>\n<p class=\"my-0\"><strong>Bluetooth-Konnektivit\u00e4t<\/strong>: Synchronisation mit einer App f\u00fcr zus\u00e4tzliche Funktionen wie Selfie-Fernsteuerung, Wallpaper-Anpassung und Aktivit\u00e4tsverfolgung.<\/p>\n<\/li>\n<li>\n<p class=\"my-0\"><strong>Anpassbarer Luftstrom<\/strong>: F\u00fcr ein individuelles Dampferlebnis \u2013 von leichtem bis starkem Zugwiderstand.<\/p>\n<\/li>\n<li>\n<p class=\"my-0\"><strong>Unterhaltungselemente<\/strong>: Integrierte Minispiele und Fitnessfunktionen sorgen f\u00fcr zus\u00e4tzlichen Spa\u00df.<\/p>\n<\/li>\n<li>\n<p class=\"my-0\"><strong>Kindersicherung<\/strong>: F\u00fcr mehr Sicherheit im Alltag.<\/p>\n<\/li>\n<li>\n<p class=\"my-0\"><strong>Schnellladefunktion \u00fcber USB-C<\/strong>: Der wiederaufladbare 650mAh-Akku ist in k\u00fcrzester Zeit einsatzbereit.<\/p>\n<\/li>\n<\/ul>\n<h2 class=\"mb-2 mt-6 text-lg font-[500] first:mt-3\"><strong>Geschmacksrichtungen<\/strong><\/h2>\n<p>Die Vookbar Cyber Pro 30000 Z\u00fcge bietet eine Auswahl von 20 sorgf\u00e4ltig entwickelten Geschmacksrichtungen, die jeden Geschmack treffen. Hier sind die verf\u00fcgbaren Varianten:<\/p>\n<ol class=\"marker:text-textOff list-decimal\">\n<li>\n<p class=\"my-0\"><strong>Watermelon Ice<\/strong>: Saftige Wassermelone mit einer erfrischenden, eisigen Note.<\/p>\n<\/li>\n<li>\n<p class=\"my-0\"><strong> Blue Razz Ice<\/strong>: S\u00fc\u00df-s\u00e4uerliche Blaubeere mit einem k\u00fchlenden Abgang.<\/p>\n<\/li>\n<li>\n<p class=\"my-0\"><strong>Cherry Ice<\/strong>: Fruchtige Kirsche kombiniert mit einem Hauch von Menthol.<\/p>\n<\/li>\n<li>\n<p class=\"my-0\"><strong>Grape Ice<\/strong>: Reife Trauben mit einer angenehmen, eisigen Frische.<\/p>\n<\/li>\n<li>\n<p class=\"my-0\"><strong>Peach Ice<\/strong>: S\u00fc\u00dfer Pfirsich mit einem sanften, k\u00fchlen Finish.<\/p>\n<\/li>\n<li>\n<p class=\"my-0\"><strong>Strawberry Kiwi<\/strong>: Eine tropische Mischung aus reifer Erdbeere und spritziger Kiwi.<\/p>\n<\/li>\n<li>\n<p class=\"my-0\"><strong> Sour Apple<\/strong>: Knackiger gr\u00fcner Apfel mit einer erfrischend s\u00e4uerlichen Note.<\/p>\n<\/li>\n<li>\n<p class=\"my-0\"><strong>Strawberry Mango<\/strong>: Perfekte Harmonie aus s\u00fc\u00dfer Erdbeere und exotischer Mango.<\/p>\n<\/li>\n<li>\n<p class=\"my-0\"><strong>Strawberry Watermelon<\/strong>: Eine fruchtige Kombination aus Erdbeere und saftiger Wassermelone.<\/p>\n<\/li>\n<li>\n<p class=\"my-0\"><strong>Strawberry Banana<\/strong>: Cremige Banane trifft auf die S\u00fc\u00dfe der Erdbeere \u2013 ein klassischer Genuss.<\/p>\n<\/li>\n<li>\n<p class=\"my-0\"><strong>Fcking Fab<\/strong>: Eine geheimnisvolle Mischung aus fruchtigen Aromen, die begeistert!<\/p>\n<\/li>\n<li>\n<p class=\"my-0\"><strong>Cherry Watermelon<\/strong>: Die perfekte Balance zwischen s\u00fc\u00dfer Kirsche und frischer Wassermelone.<\/p>\n<\/li>\n<li>\n<p class=\"my-0\"><strong> Peach Mango<\/strong>: Tropische Mango kombiniert mit dem s\u00fc\u00dfen Geschmack von Pfirsich.<\/p>\n<\/li>\n<li>\n<p class=\"my-0\"><strong>White Strawberry Ice<\/strong>: Frostige Erdbeere mit einer einzigartigen, k\u00fchlen Note.<\/p>\n<\/li>\n<li>\n<p class=\"my-0\"><strong> Frozen Pina Colada<\/strong>: Klassische Pi\u00f1a Colada, verwandelt in einen gefrorenen Leckerbissen mit Ananas- und Kokosnussnoten.<\/p>\n<\/li>\n<li>\n<p class=\"my-0\"><strong>Clear<\/strong>: Eine neutrale Option f\u00fcr reinen Dampf ohne zus\u00e4tzliche Aromen \u2013 die Wahl eines Minimalisten.<\/p>\n<\/li>\n<li>\n<p class=\"my-0\"><strong>Mojito Mixed Berries<\/strong>: Fruchtige Beeren treffen auf den erfrischenden Geschmack eines Mojitos.<\/p>\n<\/li>\n<li>\n<p class=\"my-0\"><strong>White Gummy Ice<\/strong>:S\u00fc\u00dfer Gummibonbon-Geschmack, abgerundet durch ein k\u00fchlendes Menthol-Finish.<\/p>\n<\/li>\n<li>\n<p class=\"my-0\"><strong>Miami Mint<\/strong>: Frische Minze, inspiriert von den lebhaften N\u00e4chten in Miami \u2013 k\u00fchlend und belebend zugleich!<\/p>\n<\/li>\n<li>\n<p class=\"my-0\"><strong> Green Orange Lime Mint<\/strong>: Eine Zitrusexplosion mit gr\u00fcner Orange, Limette und Minze f\u00fcr ein spritziges Dampferlebnis.<\/p>\n<\/li>\n<\/ol>\n<h2 class=\"mb-2 mt-6 text-lg font-[500] first:mt-3\"><strong>Warum bei <a href=\"https:\/\/widevape.com\/\">WideVape<\/a> kaufen?<\/strong><\/h2>\n<p class=\"my-0\">WideVape ist der f\u00fchrende Gro\u00dfh\u00e4ndler f\u00fcr Einweg-E-Zigaretten in Europa und bietet Ihnen zahlreiche Vorteile:<\/p>\n<ul class=\"marker:text-textOff list-disc\">\n<li>\n<p class=\"my-0\"><strong>Breites Sortiment an Top-Marken:<\/strong>\u00a0Neben der Vookbar Cyber Pro f\u00fchren wir Marken wie RandM Tornado, FIZZY, Al Fakher, Waspe, Vapme, Bang Box, Elf Box und viele mehr.<\/p>\n<\/li>\n<li>\n<p class=\"my-0\"><strong>Attraktive Gro\u00dfhandelsrabatte:<\/strong>\u00a0Unsere Preise sind speziell auf H\u00e4ndler zugeschnitten.<\/p>\n<\/li>\n<li>\n<p class=\"my-0\"><strong>Schnelle Lieferung:<\/strong>\u00a0Wir liefern zuverl\u00e4ssig nach Deutschland, die Niederlande, Belgien, Spanien sowie in andere europ\u00e4ische L\u00e4nder.<\/p>\n<\/li>\n<li>\n<p class=\"my-0\"><strong>Sichere Zahlungsmethoden:<\/strong>\u00a0Neben PayPal und Kreditkarten akzeptieren wir auch iDEAL (Niederlande), Bancontact (Belgien) sowie SEPA-Bank\u00fcberweisungen.<\/p>\n<\/li>\n<\/ul>\n<h2 class=\"mb-2 mt-6 text-lg font-[500] first:mt-3\"><strong>Bestellprozess<\/strong><\/h2>\n<p class=\"my-0\">Das Bestellen bei WideVape ist einfach:<\/p>\n<ol class=\"marker:text-textOff list-decimal\">\n<li>\n<p class=\"my-0\">Besuchen Sie unsere Website WideVape (exklusiv f\u00fcr Gro\u00dfhandel).<\/p>\n<\/li>\n<li>\n<p class=\"my-0\">W\u00e4hlen Sie Ihre gew\u00fcnschten Produkte aus unserem umfangreichen Sortiment aus.<\/p>\n<\/li>\n<li>\n<p class=\"my-0\">Schlie\u00dfen Sie Ihren Einkauf sicher \u00fcber Ihre bevorzugte Zahlungsmethode ab.<\/p>\n<\/li>\n<\/ol>\n<h2 class=\"mb-2 mt-6 text-lg font-[500] first:mt-3\">Fazit<\/h2>\n<p class=\"my-0\">Die Vookbar Cyber Pro 30000 Z\u00fcge bietet alles, was Dampfer sich w\u00fcnschen \u2013 von innovativer Technologie \u00fcber eine hohe Zuganzahl bis hin zu einer beeindruckenden Auswahl an Geschmacksrichtungen.<\/p>\n<p class=\"my-0\">Als f\u00fchrender Anbieter von Einweg-E-Zigaretten in Europa l\u00e4dt <a href=\"https:\/\/widevape.com\/\">WideVape<\/a> Sie ein, dieses au\u00dfergew\u00f6hnliche Produkt in Ihr Sortiment aufzunehmen und von unseren attraktiven Gro\u00dfhandelskonditionen zu profitieren!<\/p>\n<p><img decoding=\"async\" src=\"https:\/\/widevape.com\/wp-content\/uploads\/2025\/03\/Vookbar_Cyber_Pro_300005%EF%BC%89.webp\" alt=\"Vookbar Cyber Pro 30000 Z\u00fcge Dual-Mesh Touchscreen 0% 2% 3% 5% Niedrig-Nikotin Gro\u00dfhandel Einweg E-Zigaretten mit 20 Geschmacksrichtungen und Wiederaufladbarer Funktion\" \/><\/p>\n<p><img loading=\"lazy\" decoding=\"async\" class=\"alignnone wp-image-25700 size-full\" src=\"https:\/\/widevape.com\/wp-content\/uploads\/2025\/03\/Vookbar_Cyber_Pro_300001.webp\" alt=\"Vookbar Cyber Pro 30000 Z\u00fcge Dual-Mesh Touchscreen 0% 2% 3% 5% Niedrig-Nikotin Gro\u00dfhandel Einweg E-Zigaretten mit 20 Geschmacksrichtungen und Wiederaufladbarer Funktion\" width=\"1080\" height=\"1080\" srcset=\"https:\/\/widevape.com\/wp-content\/uploads\/2025\/03\/Vookbar_Cyber_Pro_300001.webp 1080w, https:\/\/widevape.com\/wp-content\/uploads\/2025\/03\/Vookbar_Cyber_Pro_300001-247x247.webp 247w, https:\/\/widevape.com\/wp-content\/uploads\/2025\/03\/Vookbar_Cyber_Pro_300001-100x100.webp 100w, https:\/\/widevape.com\/wp-content\/uploads\/2025\/03\/Vookbar_Cyber_Pro_300001-510x510.webp 510w, https:\/\/widevape.com\/wp-content\/uploads\/2025\/03\/Vookbar_Cyber_Pro_300001-300x300.webp 300w, https:\/\/widevape.com\/wp-content\/uploads\/2025\/03\/Vookbar_Cyber_Pro_300001-1024x1024.webp 1024w, https:\/\/widevape.com\/wp-content\/uploads\/2025\/03\/Vookbar_Cyber_Pro_300001-150x150.webp 150w, https:\/\/widevape.com\/wp-content\/uploads\/2025\/03\/Vookbar_Cyber_Pro_300001-768x768.webp 768w\" sizes=\"auto, (max-width: 1080px) 100vw, 1080px\" \/><\/p>\n","protected":false},"excerpt":{"rendered":"<p>A\u00a0<strong>Vookbar Cyber Pro 30000 Z\u00fcge \n\nbecomes \n\nVookbar Cyber Pro 30000 puffs<\/strong>\u00a0\u00e9 um cigarro eletr\u00f4nico inovador descart\u00e1vel com at\u00e9 30.000 tragadas, tecnologia de malha dupla de \u00faltima gera\u00e7\u00e3o, tela sens\u00edvel ao toque de 2,1 polegadas e 20 sabores exclusivos - perfeito para distribuidores que buscam qualidade e variedade.<\/p>","protected":false},"featured_media":25702,"comment_status":"open","ping_status":"closed","template":"","meta":[],"product_brand":[],"product_cat":[109,91,92,93,37,94,90,67,96],"product_tag":[],"class_list":{"0":"post-25690","1":"product","2":"type-product","3":"status-publish","4":"has-post-thumbnail","6":"product_cat-30000-zuege-einweg-e-zigaretten","7":"product_cat-crystal-einweg-e-zigaretten","8":"product_cat-digitale-box-einweg-e-zigaretten","9":"product_cat-dual-mesh-einweg-e-zigaretten","10":"product_cat-einweg-e-zigaretten","11":"product_cat-einweg-e-zigaretten-mit-niedriger-nikotinstaerke","12":"product_cat-grosse-einweg-e-zigaretten","13":"product_cat-vookbar-einweg-e-zigaretten","14":"product_cat-wiederaufladbare-einweg-e-zigaretten","16":"first","17":"outofstock","18":"shipping-taxable","19":"purchasable","20":"product-type-variable"},"_links":{"self":[{"href":"https:\/\/widevape.com\/pt\/wp-json\/wp\/v2\/product\/25690","targetHints":{"allow":["GET"]}}],"collection":[{"href":"https:\/\/widevape.com\/pt\/wp-json\/wp\/v2\/product"}],"about":[{"href":"https:\/\/widevape.com\/pt\/wp-json\/wp\/v2\/types\/product"}],"replies":[{"embeddable":true,"href":"https:\/\/widevape.com\/pt\/wp-json\/wp\/v2\/comments?post=25690"}],"wp:featuredmedia":[{"embeddable":true,"href":"https:\/\/widevape.com\/pt\/wp-json\/wp\/v2\/media\/25702"}],"wp:attachment":[{"href":"https:\/\/widevape.com\/pt\/wp-json\/wp\/v2\/media?parent=25690"}],"wp:term":[{"taxonomy":"product_brand","embeddable":true,"href":"https:\/\/widevape.com\/pt\/wp-json\/wp\/v2\/product_brand?post=25690"},{"taxonomy":"product_cat","embeddable":true,"href":"https:\/\/widevape.com\/pt\/wp-json\/wp\/v2\/product_cat?post=25690"},{"taxonomy":"product_tag","embeddable":true,"href":"https:\/\/widevape.com\/pt\/wp-json\/wp\/v2\/product_tag?post=25690"}],"curies":[{"name":"wp","href":"https:\/\/api.w.org\/{rel}","templated":true}]}}