{"id":26190,"date":"2025-03-01T11:04:51","date_gmt":"2025-03-01T10:04:51","guid":{"rendered":"https:\/\/widevape.com\/?post_type=product&#038;p=26190"},"modified":"2025-11-05T10:19:29","modified_gmt":"2025-11-05T09:19:29","slug":"gazzbar-turbo-30000-tragadas-tecnologia-de-dupla-malha-display-led-5-nicotina-baixa-atacado-vaporizador-descartavel-recarregavel-canetas-em-atacado","status":"publish","type":"product","link":"https:\/\/widevape.com\/pt\/product\/gazzbar-turbo-30000-zuege-doppelmesh-technologie-led-display-5-niedriger-nikotin-grosshandel-aufladbarer-einweg-dampfer-stifte-im-grosshandel\/","title":{"rendered":"Gazzbar Turbo 30000 Z\u00fcge Doppelmesh-Technologie LED-Display 5% Baixo N\u00edquel Venda Atacado Recarreg\u00e1vel Vaporizador Descart\u00e1vel Canetas Atacado"},"content":{"rendered":"<div class=\"border-borderMain\/50 ring-borderMain\/50 divide-borderMain\/50 dark:divide-borderMainDark\/50 dark:ring-borderMainDark\/50 dark:border-borderMainDark\/50 bg-transparent\">\n<div class=\"mb-md\">\n<div class=\"relative default font-sans text-base text-textMain dark:text-textMainDark selection:bg-super\/50 selection:text-textMain dark:selection:bg-superDuper\/10 dark:selection:text-superDark\">\n<div class=\"min-w-0 break-words [word-break:break-word]\">\n<div id=\"markdown-content-2\" dir=\"auto\">\n<div class=\"prose text-pretty dark:prose-invert inline leading-normal break-words min-w-0 [word-break:break-word]\">\n<div style=\"width: 720px;\" class=\"wp-video\"><video class=\"wp-video-shortcode\" id=\"video-26190-1\" width=\"720\" height=\"1280\" preload=\"metadata\" controls=\"controls\"><source type=\"video\/mp4\" src=\"https:\/\/widevape.com\/wp-content\/uploads\/2025\/03\/Gazzbar-Turbo-30000.mp4?_=1\" \/><a href=\"https:\/\/widevape.com\/wp-content\/uploads\/2025\/03\/Gazzbar-Turbo-30000.mp4\">https:\/\/widevape.com\/wp-content\/uploads\/2025\/03\/Gazzbar-Turbo-30000.mp4<\/a><\/video><\/div>\n<h2 class=\"mb-2 mt-6 text-lg font-[500] first:mt-3\">Einf\u00fchrung in die<a href=\"https:\/\/widevape.com\/product-category\/gazzbar-einweg-e-zigaretten\/\"> Gazzbar<\/a> Turbo 30000 Z\u00fcge Disposable Vapes<\/h2>\n<p class=\"my-0\">Die\u00a0<strong>Gazzbar Turbo 30000 Z\u00fcge<\/strong>\u00a0ist eine bahnbrechende Entwicklung im Bereich der Einweg-Dampfer, die mit ihrer beeindruckenden Kapazit\u00e4t von 30.000 Z\u00fcgen und der fortschrittlichen Doppelmesh-Spulentechnologie neue Ma\u00dfst\u00e4be setzt. Diese Ger\u00e4te sind ideal f\u00fcr Einzelpersonen und H\u00e4ndler, die hochwertige Dampfprodukte anbieten m\u00f6chten. Bei\u00a0<strong>WideVape<\/strong>\u00a0bieten wir dieses au\u00dfergew\u00f6hnliche Produkt als Teil unseres umfangreichen Sortiments an Einweg-Dampfern an, das sowohl Einzelk\u00e4ufer als auch Gro\u00dfh\u00e4ndler in Europa bedient, darunter Deutschland, die Niederlande, Belgien und Spanien.<\/p>\n<h2 class=\"mb-xs mt-5 text-base font-[525] first:mt-3\">Schl\u00fcsselmerkmale der Gazzbar Turbo <a href=\"https:\/\/widevape.com\/product-category\/einweg-e-zigaretten-nach-zuegen\/30000-zuege-einweg-e-zigaretten\/\">30000 Z\u00fcge<\/a><\/h2>\n<ul class=\"marker:text-textOff list-disc\">\n<li>\n<p class=\"my-0\"><strong>Hohe Kapazit\u00e4t<\/strong>: Bietet bis zu 30.000 Z\u00fcge, was es ideal f\u00fcr eine lange Nutzung macht und den Bedarf an h\u00e4ufigen Ersatz reduziert.<\/p>\n<\/li>\n<li>\n<p class=\"my-0\"><strong>Doppelmesh-Spulentechnologie<\/strong>: Sorgt f\u00fcr konsistente Dampfproduktion und reiche Aromen bei jedem Zug.<\/p>\n<\/li>\n<li>\n<p class=\"my-0\"><strong>Aufladbarer Akku<\/strong>: Ausgestattet mit einem 850mAh-Akku , der \u00fcber einen Type-C-Anschluss schnell aufgeladen werden kann, was die Nutzung verl\u00e4ngert und den Umweltgedanken unterst\u00fctzt.<\/p>\n<\/li>\n<li>\n<p class=\"my-0\"><strong>Doppelkern-Design<\/strong>: Optimiert f\u00fcr Dampf- und Aromaverst\u00e4rkung.<\/p>\n<\/li>\n<li>\n<p class=\"my-0\"><strong>1,0\u03a9 Widerstand<\/strong>: Geeignet f\u00fcr maximale Dampf- und Aromenproduktion.<\/p>\n<\/li>\n<li>\n<p class=\"my-0\"><strong>28ml E-Liquidspeicher<\/strong>: Gro\u00df genug, um die gesamte Lebensdauer des Ger\u00e4ts zu \u00fcberstehen.<\/p>\n<\/li>\n<li>\n<p class=\"my-0\"><strong>Pulstechnologie<\/strong>: Verbessert die Aromenintensit\u00e4t mit konzentrierten Pulsen, bietet bis zu 15.000 Z\u00fcge im Pulsmodus.<\/p>\n<\/li>\n<li>\n<p class=\"my-0\"><strong>LED-Display<\/strong>: Einige Modelle sind mit einem 3D-gekr\u00fcmmten Display ausgestattet, das Echtzeitinformationen liefert und \u00e4sthetisch ansprechend ist.<\/p>\n<\/li>\n<\/ul>\n<h2 class=\"mb-2 mt-6 text-lg font-[500] first:mt-3\">Aromenoptionen<\/h2>\n<p class=\"my-0\">Die\u00a0<strong>Gazzbar Turbo 30000 Z\u00fcge<\/strong>\u00a0sind in einer Vielzahl leckerer Aromen erh\u00e4ltlich, jedes sorgf\u00e4ltig entwickelt, um ein einzigartiges Dampferlebnis zu bieten:<\/p>\n<ol class=\"marker:text-textOff list-decimal\">\n<li>\n<p class=\"my-0\"><strong>Strawberry B-Pop\u00a0<\/strong>: Ein s\u00fc\u00dfes und fruchtiges Aroma, das den Geschmack frischer Erdbeeren einf\u00e4ngt, ideal f\u00fcr diejenigen, die einen leichten und erfrischenden Geschmack bevorzugen.<\/p>\n<\/li>\n<li>\n<p class=\"my-0\"><strong>Blueberry Ranch\u00a0<\/strong>: Kombiniert die F\u00fclle von Blaubeeren mit einer Note von erdigen Untert\u00f6nen, was ein komplexes, aber befriedigendes Geschmackserlebnis schafft.<\/p>\n<\/li>\n<li>\n<p class=\"my-0\"><strong>Raspberry Peach Ice\u00a0<\/strong>: Eine Mischung aus sauren Himbeeren und s\u00fc\u00dfen Pfirsichen, abgeschlossen mit einer k\u00fchlen Eisspitze, die die Frische des Geschmacks verst\u00e4rkt.<\/p>\n<\/li>\n<li>\n<p class=\"my-0\"><strong>Sour Mango Pineapple\u00a0<\/strong>: Eine tropische Mischung aus saurem Mango und Ananas, die ein lebhaftes und scharfes Erlebnis bietet, perfekt f\u00fcr den Sommer.<\/p>\n<\/li>\n<li>\n<p class=\"my-0\"><strong>Blueberry Ice<\/strong>: Eine erfrischende Variante des klassischen Blaubeeren-Geschmacks, mit einer k\u00fchlen Eisspitze, die dem Geschmack Tiefe verleiht.<\/p>\n<\/li>\n<li>\n<p class=\"my-0\"><strong>Lime Berry Orange\u00a0<\/strong>:Spritzige Limette, gemischt mit gemischten Beeren und Orangenzitrusfr\u00fcchten f\u00fcr eine lebendige Kombination.<\/p>\n<\/li>\n<li>\n<p class=\"my-0\"><strong>Lemon Head\u00a0<\/strong>: Inspiriert von den klassischen S\u00fc\u00dfigkeiten, kombiniert dieser Geschmack saure Zitronen mit einer Note von S\u00fc\u00dfe, was ein nostalgisches und belebendes Geschmackserlebnis schafft.<\/p>\n<\/li>\n<li>\n<p class=\"my-0\"><strong>Watermelon Ice\u00a0<\/strong>: F\u00e4ngt die S\u00fc\u00dfe reifer Wassermelonen ein, erg\u00e4nzt durch eine k\u00fchle Eisspitze, die es ideal f\u00fcr hei\u00dfe Tage macht.<\/p>\n<\/li>\n<li>\n<p class=\"my-0\"><strong>Blackberry B-Pop\u00a0<\/strong>: \u00c4hnlich wie Erdbeere B-Pop, aber mit dem reichen Geschmack von Brombeeren, bietet ein etwas s\u00fc\u00dferes und intensiveres Erlebnis.<\/p>\n<\/li>\n<li>\n<p class=\"my-0\"><strong>Miami Mint\u00a0<\/strong>: Eine erfrischende Mischung aus k\u00fchler Pfefferminze und fruchtigen Noten, die an die lebendige Atmosph\u00e4re von Miami erinnert.<\/p>\n<\/li>\n<li>\n<p class=\"my-0\"><strong>Sour Apple Ice\u00a0<\/strong>: Kombiniert die Sch\u00e4rfe von gr\u00fcnen \u00c4pfeln mit einer k\u00fchlen Eisspitze, was ein knackiges und belebendes Geschmackserlebnis schafft.<\/p>\n<\/li>\n<li>\n<p class=\"my-0\"><strong>Grapefruit Freshness<\/strong>: Bietet den scharfen und zitrusartigen Geschmack von Grapefruit, ideal f\u00fcr diejenigen, die ein zitrusartiges Dampferlebnis suchen.<\/p>\n<\/li>\n<li>\n<p class=\"my-0\"><strong>Banana Toffee Ice<\/strong>: Eine s\u00fc\u00dfe und cremige Mischung aus Banane und Toffee, abgeschlossen mit einer k\u00fchlen Eisspitze, die dem Geschmack eine erfrischende Wendung gibt.<\/p>\n<\/li>\n<li>\n<p class=\"my-0\"><strong>Mexican Mango\u00a0<\/strong>: F\u00e4ngt den reichen Geschmack reifer Mangos aus Mexiko ein, bietet ein s\u00fc\u00dfes und tropisches Erlebnis.<\/p>\n<\/li>\n<li>\n<p class=\"my-0\"><strong>Clear<\/strong>: F\u00fcr diejenigen, die einen neutralen Geschmack bevorzugen, erm\u00f6glicht diese Option, das Dampferlebnis ohne starke Aromen zu genie\u00dfen.<\/p>\n<\/li>\n<\/ol>\n<h2 class=\"mb-2 mt-6 text-lg font-[500] first:mt-3\">Warum <a href=\"https:\/\/widevape.com\/\">WideVape<\/a> f\u00fcr Ihre Einweg-Dampfer-Bed\u00fcrfnisse w\u00e4hlen?<\/h2>\n<p class=\"my-0\">Bei\u00a0<strong>WideVape<\/strong>\u00a0sind wir stolz darauf, die gr\u00f6\u00dfte Online-Plattform f\u00fcr den Gro\u00dfhandel von Einweg-Dampfern in Europa zu sein. Unser umfangreiches Sortiment umfasst Top-Marken wie\u00a0<strong>RandM Tornado<\/strong>,\u00a0<strong>FIZZY<\/strong>,\u00a0<strong>Al Fakher<\/strong>,\u00a0<strong>Waspe<\/strong>,\u00a0<strong>Vapme<\/strong>,\u00a0<strong>Bang Box<\/strong>,\u00a0<strong>Bang King<\/strong>,\u00a0<strong>Doloda<\/strong>,\u00a0<strong>Elf Box<\/strong>,\u00a0<strong>Vapsolo<\/strong>,\u00a0<strong>FluuM<\/strong>,\u00a0<strong>BIMO<\/strong>,\u00a0<strong>Smokman<\/strong>,\u00a0<strong>Kangertech<\/strong>,\u00a0<strong>Aupo<\/strong>,\u00a0<strong>Old School<\/strong>,\u00a0<strong>Waspe<\/strong>,\u00a0<strong>Vapsolo<\/strong>\u00a0und\u00a0<strong>SFOG<\/strong>. Wir bieten sowohl Einzel- als auch Gro\u00dfhandelskunden wettbewerbsf\u00e4hige Preise und schnellen, versicherten Versand in alle EU-L\u00e4nder.<\/p>\n<h2 class=\"mb-xs mt-5 text-base font-[525] first:mt-3\">Zahlungsoptionen<\/h2>\n<p class=\"my-0\">Wir bieten eine Vielzahl von Zahlungsmethoden, um unseren Kunden den Einkauf so einfach wie m\u00f6glich zu machen. Neben\u00a0<strong>PayPal<\/strong>\u00a0und\u00a0<strong>Kreditkarten<\/strong>\u00a0akzeptieren wir auch beliebte lokale Zahlungsmethoden wie\u00a0<strong>iDEAL<\/strong>\u00a0in den Niederlanden und\u00a0<strong>Bancontact<\/strong>\u00a0in Belgien. F\u00fcr Kunden in ganz Europa stehen\u00a0<strong>SEPA-Bank\u00fcberweisungen<\/strong>\u00a0zur Verf\u00fcgung.<\/p>\n<h2 class=\"mb-xs mt-5 text-base font-[525] first:mt-3\">Fazit<\/h2>\n<p class=\"my-0\">Die\u00a0<strong>Gazzbar Turbo 30000 Z\u00fcge<\/strong>\u00a0ist eine hervorragende Wahl f\u00fcr alle, die nach einem zuverl\u00e4ssigen und leistungsstarken Einweg-Dampfer suchen. Mit ihrer hohen Kapazit\u00e4t, der fortschrittlichen Spulentechnologie und dem aufladbaren Akku bietet sie ein \u00fcberlegenes Dampferlebnis. Bei\u00a0<a href=\"https:\/\/widevape.com\/\"><strong>WideVape<\/strong><\/a> sind wir bestrebt, die besten Produkte mit hervorragendem Kundenservice anzubieten. Besuchen Sie uns heute, um unser umfangreiches Sortiment an Einweg-Dampfern zu erkunden und die Vorteile des Gro\u00dfhandels mit Vertrauen zu nutzen.<\/p>\n<p><img loading=\"lazy\" decoding=\"async\" class=\"alignnone wp-image-26198 size-full\" src=\"https:\/\/widevape.com\/wp-content\/uploads\/2025\/03\/Gazzbar_Turbo_30000-71.webp\" alt=\"Gazzbar Turbo 30000 Z\u00fcge Doppelmesh-Technologie LED-Display 5% Niedriger Nikotin Gro\u00dfhandel Aufladbarer Einweg-Dampfer Stifte im Gro\u00dfhandel\" width=\"1920\" height=\"1080\" srcset=\"https:\/\/widevape.com\/wp-content\/uploads\/2025\/03\/Gazzbar_Turbo_30000-71.webp 1920w, https:\/\/widevape.com\/wp-content\/uploads\/2025\/03\/Gazzbar_Turbo_30000-71-510x287.webp 510w, https:\/\/widevape.com\/wp-content\/uploads\/2025\/03\/Gazzbar_Turbo_30000-71-300x169.webp 300w, https:\/\/widevape.com\/wp-content\/uploads\/2025\/03\/Gazzbar_Turbo_30000-71-1024x576.webp 1024w, https:\/\/widevape.com\/wp-content\/uploads\/2025\/03\/Gazzbar_Turbo_30000-71-768x432.webp 768w, https:\/\/widevape.com\/wp-content\/uploads\/2025\/03\/Gazzbar_Turbo_30000-71-1536x864.webp 1536w\" sizes=\"auto, (max-width: 1920px) 100vw, 1920px\" \/> \u00a0<img loading=\"lazy\" decoding=\"async\" class=\"alignnone wp-image-26193 size-full\" src=\"https:\/\/widevape.com\/wp-content\/uploads\/2025\/03\/Gazzbar_Turbo_30000-3.webp\" alt=\"Gazzbar Turbo 30000 Z\u00fcge Doppelmesh-Technologie LED-Display 5% Niedriger Nikotin Gro\u00dfhandel Aufladbarer Einweg-Dampfer Stifte im Gro\u00dfhandel\" width=\"1810\" height=\"2560\" srcset=\"https:\/\/widevape.com\/wp-content\/uploads\/2025\/03\/Gazzbar_Turbo_30000-3.webp 1810w, https:\/\/widevape.com\/wp-content\/uploads\/2025\/03\/Gazzbar_Turbo_30000-3-510x721.webp 510w, https:\/\/widevape.com\/wp-content\/uploads\/2025\/03\/Gazzbar_Turbo_30000-3-212x300.webp 212w, https:\/\/widevape.com\/wp-content\/uploads\/2025\/03\/Gazzbar_Turbo_30000-3-724x1024.webp 724w, https:\/\/widevape.com\/wp-content\/uploads\/2025\/03\/Gazzbar_Turbo_30000-3-768x1086.webp 768w, https:\/\/widevape.com\/wp-content\/uploads\/2025\/03\/Gazzbar_Turbo_30000-3-1086x1536.webp 1086w, https:\/\/widevape.com\/wp-content\/uploads\/2025\/03\/Gazzbar_Turbo_30000-3-1448x2048.webp 1448w\" sizes=\"auto, (max-width: 1810px) 100vw, 1810px\" \/><\/p>\n<\/div>\n<\/div>\n<\/div>\n<\/div>\n<\/div>\n<\/div>\n","protected":false},"excerpt":{"rendered":"<p>A\u00a0<strong>Gazzbar Turbo 30000 Z\u00fcge\n\n becomes \n\nGazzbar Turbo 30000 Zug<\/strong>\u00a0\u00c9 um vaporizador descart\u00e1vel inovador que oferece uma experi\u00eancia de vaporiza\u00e7\u00e3o superior com sua alta capacidade, tecnologia avan\u00e7ada de bobina de dupla malha e bateria recarreg\u00e1vel, ideal para uso a longo prazo e op\u00e7\u00f5es de sabores variadas.<\/p>","protected":false},"featured_media":26209,"comment_status":"open","ping_status":"closed","template":"","meta":[],"product_brand":[],"product_cat":[109,92,93,37,94,46,90,96],"product_tag":[],"class_list":{"0":"post-26190","1":"product","2":"type-product","3":"status-publish","4":"has-post-thumbnail","6":"product_cat-30000-zuege-einweg-e-zigaretten","7":"product_cat-digitale-box-einweg-e-zigaretten","8":"product_cat-dual-mesh-einweg-e-zigaretten","9":"product_cat-einweg-e-zigaretten","10":"product_cat-einweg-e-zigaretten-mit-niedriger-nikotinstaerke","11":"product_cat-gazzbar-einweg-e-zigaretten","12":"product_cat-grosse-einweg-e-zigaretten","13":"product_cat-wiederaufladbare-einweg-e-zigaretten","15":"first","16":"outofstock","17":"shipping-taxable","18":"purchasable","19":"product-type-variable"},"_links":{"self":[{"href":"https:\/\/widevape.com\/pt\/wp-json\/wp\/v2\/product\/26190","targetHints":{"allow":["GET"]}}],"collection":[{"href":"https:\/\/widevape.com\/pt\/wp-json\/wp\/v2\/product"}],"about":[{"href":"https:\/\/widevape.com\/pt\/wp-json\/wp\/v2\/types\/product"}],"replies":[{"embeddable":true,"href":"https:\/\/widevape.com\/pt\/wp-json\/wp\/v2\/comments?post=26190"}],"wp:featuredmedia":[{"embeddable":true,"href":"https:\/\/widevape.com\/pt\/wp-json\/wp\/v2\/media\/26209"}],"wp:attachment":[{"href":"https:\/\/widevape.com\/pt\/wp-json\/wp\/v2\/media?parent=26190"}],"wp:term":[{"taxonomy":"product_brand","embeddable":true,"href":"https:\/\/widevape.com\/pt\/wp-json\/wp\/v2\/product_brand?post=26190"},{"taxonomy":"product_cat","embeddable":true,"href":"https:\/\/widevape.com\/pt\/wp-json\/wp\/v2\/product_cat?post=26190"},{"taxonomy":"product_tag","embeddable":true,"href":"https:\/\/widevape.com\/pt\/wp-json\/wp\/v2\/product_tag?post=26190"}],"curies":[{"name":"wp","href":"https:\/\/api.w.org\/{rel}","templated":true}]}}