{"id":28659,"date":"2026-01-05T03:29:17","date_gmt":"2026-01-05T02:29:17","guid":{"rendered":"https:\/\/widevape.com\/?post_type=product&#038;p=28659"},"modified":"2026-04-18T13:54:42","modified_gmt":"2026-04-18T11:54:42","slug":"waspe-aiviou-6-em-1-sabores-150-000-tragadas-150k-vape-descartavel-atacado-tecnologia-de-malha-tripla","status":"publish","type":"product","link":"https:\/\/widevape.com\/pt\/product\/waspe-aiviou-6-in-1-geschmacksrichtungen-150-000-zuege-150k-einweg-vape-grosshandel-dreifach-mesh-technologie\/","title":{"rendered":"WASPE AIVIOU 6 sabores em 1, 150.000 tragadas 150K Vape descart\u00e1vel por atacado Tecnologia de malha tripla"},"content":{"rendered":"<article>\n<h2 style=\"color: #e91e63; text-align: center;\">\ud83d\ude80 <a href=\"https:\/\/widevape.com\/pt\/categoria-do-produto\/waspe-descartaveis-e-cigarros\/\">WASPE AIVIOU<\/a> 6 em 1 - Sua grande festa de sabores com 150.000 tragadas!<\/h2>\n<p>Ol\u00e1! Voc\u00ea est\u00e1 procurando pelo mais incr\u00edvel experi\u00eancia de vaporiza\u00e7\u00e3o que se possa imaginar? Ent\u00e3o se prepare! O WASPE AIVIOU 6 em 1 n\u00e3o \u00e9 apenas um cigarro eletr\u00f4nico - ele \u00e9 como uma loja inteira de doces no seu bolso. Com incr\u00edveis <strong>150.000 trens<\/strong> Ele te acompanha por uma eternidade. O melhor nisso? Voc\u00ea pode simplesmente alternar entre diferentes sabores, como se estivesse girando uma roda da fortuna!<\/p>\n<p>Em <strong>WideVape<\/strong>, seu especialista em atacado na Europa, voc\u00ea recebe esse pacote de for\u00e7a diretamente em sua casa. N\u00f3s somos o primeiro endere\u00e7o, se voc\u00ea procura por produtos de alta qualidade <a href=\"https:\/\/widevape.com\/pt\/\">Comprar Vapes descart\u00e1veis em grandes quantidades<\/a>. .<\/p>\n<div style=\"display: flex; gap: 20px; justify-content: center; margin: 20px 0; flex-wrap: wrap;\">\n<div style=\"border: 2px solid #2196f3; border-radius: 15px; padding: 15px; width: 45%; background-color: #f0f8ff; box-shadow: 5px 5px 10px #ccc;\">\n<h3 style=\"color: #2196f3; margin-top: 0;\">\u274c Vapes antigos<\/h3>\n<ul style=\"padding-left: 20px;\">\n<li>Apenas um sabor<\/li>\n<li>R\u00e1pido vazio (600 tacadas)<\/li>\n<li>Sem visor<\/li>\n<li>Muitas vezes entediado<\/li>\n<\/ul>\n<\/div>\n<div style=\"border: 2px solid #e91e63; border-radius: 15px; padding: 15px; width: 45%; background-color: #fff0f5; box-shadow: 5px 5px 10px #ccc;\">\n<h3 style=\"color: #e91e63; margin-top: 0;\">\u2705 WASPE AIVIOU 6 em 1<\/h3>\n<ul style=\"padding-left: 20px;\">\n<li><strong>6 sabores<\/strong> num s\u00f3!<\/li>\n<li><strong>150.000 trens<\/strong> Power<\/li>\n<li>Visor LED elegante<\/li>\n<li>Bobina Tripla Mesh para vapor super<\/li>\n<\/ul>\n<\/div>\n<\/div>\n<h2 style=\"color: #673ab7;\">\ud83c\udf1f O que torna este vape t\u00e3o especial?<\/h2>\n<p><img loading=\"lazy\" decoding=\"async\" class=\"size-full wp-image-28662 aligncenter\" src=\"https:\/\/widevape.com\/wp-content\/uploads\/2026\/01\/WASPE-AIVIOU-6-in-1-Geschmacksrichtungen-150.000-Zuege-150K-Einweg-Vape-Grosshandel-Dreifach-Mesh-Technologie-3.webp\" alt=\"\" width=\"2000\" height=\"1444\" srcset=\"https:\/\/widevape.com\/wp-content\/uploads\/2026\/01\/WASPE-AIVIOU-6-in-1-Geschmacksrichtungen-150.000-Zuege-150K-Einweg-Vape-Grosshandel-Dreifach-Mesh-Technologie-3.webp 2000w, https:\/\/widevape.com\/wp-content\/uploads\/2026\/01\/WASPE-AIVIOU-6-in-1-Geschmacksrichtungen-150.000-Zuege-150K-Einweg-Vape-Grosshandel-Dreifach-Mesh-Technologie-3-300x217.webp 300w, https:\/\/widevape.com\/wp-content\/uploads\/2026\/01\/WASPE-AIVIOU-6-in-1-Geschmacksrichtungen-150.000-Zuege-150K-Einweg-Vape-Grosshandel-Dreifach-Mesh-Technologie-3-1024x739.webp 1024w, https:\/\/widevape.com\/wp-content\/uploads\/2026\/01\/WASPE-AIVIOU-6-in-1-Geschmacksrichtungen-150.000-Zuege-150K-Einweg-Vape-Grosshandel-Dreifach-Mesh-Technologie-3-768x554.webp 768w, https:\/\/widevape.com\/wp-content\/uploads\/2026\/01\/WASPE-AIVIOU-6-in-1-Geschmacksrichtungen-150.000-Zuege-150K-Einweg-Vape-Grosshandel-Dreifach-Mesh-Technologie-3-1536x1109.webp 1536w, https:\/\/widevape.com\/wp-content\/uploads\/2026\/01\/WASPE-AIVIOU-6-in-1-Geschmacksrichtungen-150.000-Zuege-150K-Einweg-Vape-Grosshandel-Dreifach-Mesh-Technologie-3-18x12.webp 18w, https:\/\/widevape.com\/wp-content\/uploads\/2026\/01\/WASPE-AIVIOU-6-in-1-Geschmacksrichtungen-150.000-Zuege-150K-Einweg-Vape-Grosshandel-Dreifach-Mesh-Technologie-3-510x368.webp 510w\" sizes=\"auto, (max-width: 2000px) 100vw, 2000px\" \/><\/p>\n<h3 style=\"color: #ff5722;\">\ud83c\udf6cRODA DE SABORES WASPE AIVIOU 6 em 1<\/h3>\n<p>Imagine que voc\u00ea est\u00e1 com vontade de comer morango, mas cinco minutos depois prefere melancia refrescante. Sem problemas! Voc\u00ea simplesmente gira a pe\u00e7a bucal e j\u00e1 tem um novo sabor. \u00c9 como se voc\u00ea tivesse seis vaporizadores diferentes, mas s\u00f3 precisa carregar um. Isso economiza espa\u00e7o e d\u00e1 muito prazer!<\/p>\n<h3 style=\"color: #4caf50;\">\ud83d\udca8 Tr\u00eas motores para o vapor perfeito (Triple Mesh)<\/h3>\n<p>No interior, tr\u00eas redes especiais (Mesh Coils) trabalham simultaneamente. Isso significa: O vapor \u00e9 especialmente suave, tem um sabor muito mais intenso e sai em abund\u00e2ncia! \u00c9 como um carro de corrida entre os vaporizadores - r\u00e1pido, forte e confi\u00e1vel.<\/p>\n<h3 style=\"color: #00bcd4;\">\ud83d\udcf1 Um display que fala com voc\u00ea<\/h3>\n<p>Voc\u00ea nunca precisa adivinhar quanto suco ainda h\u00e1. O inteligente ecr\u00e3 LED mostra exatamente quanto a bateria est\u00e1 cheia e quanto do delicioso l\u00edquido ainda resta. Assim, n\u00e3o h\u00e1 surpresas desagrad\u00e1veis!<\/p>\n<div style=\"background-color: #fff3e0; border-left: 6px solid #ff9800; padding: 15px; margin: 20px 0; border-radius: 5px;\">\n<h4 style=\"margin-top: 0; color: #e65100;\">\ud83d\udca1 Pequeno conhecimento para voc\u00ea: O que \u00e9 uma bobina mesh?<\/h4>\n<p style=\"margin-bottom: 0;\">Um Mesh Coil \u00e9 como uma peneira fina de metal. Ele fica mais uniformemente quente do que um fio antigo. Por isso, o seu vapor sempre sabe fresco e nunca queimado. O WASPE tem at\u00e9 tr\u00eas deles!<\/p>\n<\/div>\n<h2 style=\"color: #3f51b5;\">\ud83c\udfa8 Escolha seu pacote favorito<\/h2>\n<p>Aqui est\u00e3o as incr\u00edveis combina\u00e7\u00f5es que voc\u00ea pode pedir na WideVape. Cada n\u00famero \u00e9 uma pequena aventura por si s\u00f3:<\/p>\n<div>Melado de melancia &amp; Lim\u00e3o-Lima &amp; P\u00eassego de Lim\u00e3o<\/div>\n<div><\/div>\n<div>Sorvete de mirtilo &amp; Kiwi de morango &amp; Sorvete de cereja e morango<\/div>\n<div><\/div>\n<div>Red Bull Gelo &amp; Morango-Pompon &amp; Manga-Doce e Azedo-Morango<\/div>\n<div><\/div>\n<div>Sorvete de morango, melancia &amp; p\u00eassego e sorvete de tr\u00eas tipos de frutas vermelhas<\/div>\n<div><\/div>\n<div>Sorvete de Cereja-Cola &amp; Sorvete de Morango-Red Bull &amp; Melancia-Framboesa<\/div>\n<div><\/div>\n<div>Sorvete de Uva &amp; Amora Azul &amp; Sorvete de Morango<\/div>\n<div><\/div>\n<div>Gemischte Beeren &amp; Schwarze Drachenfrucht-Eis &amp; Erdbeer-Kirsch-Cola \n\nbecomes \n\nMixed Berries &amp; Black Dragon Fruit Ice &amp; Strawberry Cherry Cola \n\nNo, just translate to Portuguese \n\nBagas Misturadas &amp; Gelo de Fruta do Drag\u00e3o Preto &amp; Cola de Morango-Cereja<\/div>\n<div><\/div>\n<div>Sprudel-Cola-Glace &amp; Energy-Drink-Glace &amp; Cereja glace<\/div>\n<div><\/div>\n<div>Morango-Banana &amp; Kiwi-Mel\u00e3o &amp; Coco-Morango<\/div>\n<div><\/div>\n<div>Red Bull Cola Gelo &amp; Morango-Mam\u00e3o &amp; Amora-Fruta do Drag\u00e3o<\/div>\n<div><\/div>\n<div>Goma de mascar de morango e melancia &amp; Sorvete de manga azeda &amp; Sorvete de morango e uva<\/div>\n<div><\/div>\n<div>Mel\u00e3o-Maracuj\u00e1 &amp; Amora-Eis &amp; Ma\u00e7\u00e3-Kiwi<\/div>\n<div><\/div>\n<h2 style=\"color: #009688;\">\ud83d\udcca Todos os fatos de uma olhada<\/h2>\n<div style=\"overflow-x: auto;\">\n<table style=\"width: 100%; border-collapse: collapse; margin: 20px 0; font-family: sans-serif;\">\n<thead>\n<tr style=\"background-color: #009688; color: white;\">\n<th style=\"padding: 12px; border: 1px solid #ddd; text-align: left;\">Propriedade<\/th>\n<th style=\"padding: 12px; border: 1px solid #ddd; text-align: left;\">Detalhes<\/th>\n<\/tr>\n<\/thead>\n<tbody>\n<tr>\n<td style=\"padding: 10px; border: 1px solid #ddd; font-weight: bold;\">Puffs<\/td>\n<td style=\"padding: 10px; border: 1px solid #ddd;\">At\u00e9 150.000 (Enorme!)<\/td>\n<\/tr>\n<tr style=\"background-color: #f9f9f9;\">\n<td style=\"padding: 10px; border: 1px solid #ddd; font-weight: bold;\">Sistema de aquecimento<\/td>\n<td style=\"padding: 10px; border: 1px solid #ddd;\">Bobina Tripla Mesh (1,0 \u03a9 x 3)<\/td>\n<\/tr>\n<tr>\n<td style=\"padding: 10px; border: 1px solid #ddd; font-weight: bold;\">Reserva l\u00edquida<\/td>\n<td style=\"padding: 10px; border: 1px solid #ddd;\">64 ml (Muito!)<\/td>\n<\/tr>\n<tr style=\"background-color: #f9f9f9;\">\n<td style=\"padding: 10px; border: 1px solid #ddd; font-weight: bold;\">Bateria<\/td>\n<td style=\"padding: 10px; border: 1px solid #ddd;\">650 mAh (recarreg\u00e1vel)<\/td>\n<\/tr>\n<tr>\n<td style=\"padding: 10px; border: 1px solid #ddd; font-weight: bold;\">Conex\u00e3o<\/td>\n<td style=\"padding: 10px; border: 1px solid #ddd;\">R\u00e1pido USB Tipo-C<\/td>\n<\/tr>\n<tr style=\"background-color: #f9f9f9;\">\n<td style=\"padding: 10px; border: 1px solid #ddd; font-weight: bold;\">Nicotina<\/td>\n<td style=\"padding: 10px; border: 1px solid #ddd;\">W\u00e4hlbar: 0% \/ 2% \/ 5%<\/td>\n<\/tr>\n<\/tbody>\n<\/table>\n<\/div>\n<h2 style=\"color: #607d8b;\">\u2753 Perguntas Frequentes (FAQ)<\/h2>\n<div style=\"background-color: #eceff1; padding: 15px; border-radius: 10px;\">\n<p style=\"margin-bottom: 10px;\"><strong>1. Como mudo o sabor?<\/strong><\/p>\n<p>Isso \u00e9 muito f\u00e1cil! Basta girar a parte superior do dispositivo (a boca) para escolher entre as 6 configura\u00e7\u00f5es. Cada n\u00edvel mostra um novo sabor incr\u00edvel!<\/p>\n<p style=\"margin-bottom: 10px;\"><strong>2. Devo jogar o dispositivo fora quando a bateria estiver vazia?<\/strong><br \/>\nN\u00e3o! Voc\u00ea pode simplesmente recarreg\u00e1-lo com um cabo Type-C, assim como seu celular. Somente quando o l\u00edquido (64ml) estiver completamente consumido, \u00e9 hora de um novo WASPE da WideVape.<\/p>\n<p style=\"margin-bottom: 0;\"><strong>3. Por que comprar na WideVape?<\/strong><br \/>\nSomos os profissionais na Europa! Entregamos r\u00e1pida, seguramente e temos os melhores pre\u00e7os para os grossistas. Se voc\u00ea quer qualidade, voc\u00ea est\u00e1 conosco exactamente certo. \ud83c\udfc6<\/p>\n<\/div>\n<div style=\"text-align: center; margin-top: 30px; padding: 20px; border: 3px dashed #e91e63; border-radius: 20px; background-color: #fff;\">\n<h2 style=\"color: #e91e63;\">\ud83d\uded2 Compre agora!<\/h2>\n<p style=\"font-size: 1.2em;\">Voc\u00ea est\u00e1 preparado para o maior prazer a vapor da sua vida? Pegue o WASPE AIVIOU 6 em 1 agora em <strong>WideVape<\/strong>. Seja para voc\u00ea ou para sua loja - temos os melhores neg\u00f3cios para voc\u00ea!<\/p>\n<p><strong>WideVape - O seu n\u00famero 1 para Vapes descart\u00e1veis na Europa!<\/strong><\/p>\n<\/div>\n<p><img loading=\"lazy\" decoding=\"async\" class=\"size-full wp-image-28665 aligncenter\" src=\"https:\/\/widevape.com\/wp-content\/uploads\/2026\/01\/WASPE-AIVIOU-6-in-1-Geschmacksrichtungen-150.000-Zuege-150K-Einweg-Vape-Grosshandel-Dreifach-Mesh-Technologie-6.webp\" alt=\"WASPE AIVIOU 6 sabores em 1, 150.000 tragadas 150K Vape descart\u00e1vel por atacado Tecnologia de malha tripla\" width=\"2500\" height=\"1875\" srcset=\"https:\/\/widevape.com\/wp-content\/uploads\/2026\/01\/WASPE-AIVIOU-6-in-1-Geschmacksrichtungen-150.000-Zuege-150K-Einweg-Vape-Grosshandel-Dreifach-Mesh-Technologie-6.webp 2500w, https:\/\/widevape.com\/wp-content\/uploads\/2026\/01\/WASPE-AIVIOU-6-in-1-Geschmacksrichtungen-150.000-Zuege-150K-Einweg-Vape-Grosshandel-Dreifach-Mesh-Technologie-6-300x225.webp 300w, https:\/\/widevape.com\/wp-content\/uploads\/2026\/01\/WASPE-AIVIOU-6-in-1-Geschmacksrichtungen-150.000-Zuege-150K-Einweg-Vape-Grosshandel-Dreifach-Mesh-Technologie-6-1024x768.webp 1024w, https:\/\/widevape.com\/wp-content\/uploads\/2026\/01\/WASPE-AIVIOU-6-in-1-Geschmacksrichtungen-150.000-Zuege-150K-Einweg-Vape-Grosshandel-Dreifach-Mesh-Technologie-6-768x576.webp 768w, https:\/\/widevape.com\/wp-content\/uploads\/2026\/01\/WASPE-AIVIOU-6-in-1-Geschmacksrichtungen-150.000-Zuege-150K-Einweg-Vape-Grosshandel-Dreifach-Mesh-Technologie-6-1536x1152.webp 1536w, https:\/\/widevape.com\/wp-content\/uploads\/2026\/01\/WASPE-AIVIOU-6-in-1-Geschmacksrichtungen-150.000-Zuege-150K-Einweg-Vape-Grosshandel-Dreifach-Mesh-Technologie-6-2048x1536.webp 2048w, https:\/\/widevape.com\/wp-content\/uploads\/2026\/01\/WASPE-AIVIOU-6-in-1-Geschmacksrichtungen-150.000-Zuege-150K-Einweg-Vape-Grosshandel-Dreifach-Mesh-Technologie-6-16x12.webp 16w, https:\/\/widevape.com\/wp-content\/uploads\/2026\/01\/WASPE-AIVIOU-6-in-1-Geschmacksrichtungen-150.000-Zuege-150K-Einweg-Vape-Grosshandel-Dreifach-Mesh-Technologie-6-510x383.webp 510w\" sizes=\"auto, (max-width: 2500px) 100vw, 2500px\" \/><\/p>\n<h2>Guia do produto:<\/h2>\n<p><a href=\"https:\/\/widevape.com\/wp-content\/uploads\/2026\/01\/WASPE-AIVIOU-6-in-1-Product-Guide.pdf\" target=\"_blank\" rel=\"noopener\">WASPE AIVIOU Guia de Produto 6 em 1<\/a><\/p>\n<\/article>","protected":false},"excerpt":{"rendered":"<table class=\"vape-specs-table\">\n<thead>\n<tr>\n<th>Especifica\u00e7\u00e3o<\/th>\n<th>Detalhes do WASPE AIVIOU<\/th>\n<\/tr>\n<\/thead>\n<tbody>\n<tr>\n<td>Puffs<\/td>\n<td>150.000 Puffs<\/td>\n<\/tr>\n<tr>\n<td>Bobina (elemento de aquecimento)<\/td>\n<td>1,0\u03a9 \u00d7 3 Bobina de Malha<\/td>\n<\/tr>\n<tr>\n<td>Capacidade de E-L\u00edquido<\/td>\n<td>64ml<\/td>\n<\/tr>\n<tr>\n<td>Teor de nicotina<\/td>\n<td>0% \/ 2% \/ 5%<\/td>\n<\/tr>\n<tr>\n<td>Bateria<\/td>\n<td>650mAh (recarreg\u00e1vel)<\/td>\n<\/tr>\n<tr>\n<td>Conector de carga<\/td>\n<td>Tipo C<\/td>\n<\/tr>\n<tr>\n<td>Exibir<\/td>\n<td>Tela de LED<\/td>\n<\/tr>\n<tr>\n<td>Dimens\u00f5es<\/td>\n<td>53 \u00d7 46 \u00d7 138 mm<\/td>\n<\/tr>\n<tr>\n<td>Peso (aparelho individual)<\/td>\n<td>140g por pe\u00e7a<\/td>\n<\/tr>\n<tr>\n<td>Unidade de embalagem<\/td>\n<td>10 unidades\/caixa, 160 unidades\/carton<\/td>\n<\/tr>\n<tr>\n<td>Peso total<\/td>\n<td>23kg\/caixa<\/td>\n<\/tr>\n<\/tbody>\n<\/table>","protected":false},"featured_media":28661,"comment_status":"open","ping_status":"closed","template":"","meta":[],"product_brand":[],"product_cat":[71,199,92,93,37,94,61,183,187,193,185,181,184,186,182,189,190,192,191,42,90,96],"product_tag":[],"class_list":{"0":"post-28659","1":"product","2":"type-product","3":"status-publish","4":"has-post-thumbnail","6":"product_cat-waspe-einweg-e-zigaretten","7":"product_cat-150000150k-zuege-einweg-e-zigaretten","8":"product_cat-digitale-box-einweg-e-zigaretten","9":"product_cat-dual-mesh-einweg-e-zigaretten","10":"product_cat-einweg-e-zigaretten","11":"product_cat-einweg-e-zigaretten-mit-niedriger-nikotinstaerke","12":"product_cat-einweg-e-zigaretten-nach-zuegen","13":"product_cat-einweg-e-zigaretten-in-belgien","14":"product_cat-einweg-e-zigaretten-in-den-niederlanden","15":"product_cat-einweg-e-zigaretten-in-der-schweiz","16":"product_cat-einweg-e-zigaretten-in-deutschland","17":"product_cat-einweg-e-zigaretten-in-europa","18":"product_cat-einweg-e-zigaretten-in-frankreich","19":"product_cat-einweg-e-zigaretten-in-italien","20":"product_cat-einweg-e-zigaretten-in-oesterreich","21":"product_cat-einweg-e-zigaretten-in-polen","22":"product_cat-einweg-e-zigaretten-in-portugal","23":"product_cat-einweg-e-zigaretten-in-schweden","24":"product_cat-einweg-e-zigaretten-in-spanien","25":"product_cat-europaeisches-vape-lager","26":"product_cat-grosse-einweg-e-zigaretten","27":"product_cat-wiederaufladbare-einweg-e-zigaretten","29":"first","30":"instock","31":"featured","32":"shipping-taxable","33":"purchasable","34":"product-type-variable","35":"has-default-attributes"},"_links":{"self":[{"href":"https:\/\/widevape.com\/pt\/wp-json\/wp\/v2\/product\/28659","targetHints":{"allow":["GET"]}}],"collection":[{"href":"https:\/\/widevape.com\/pt\/wp-json\/wp\/v2\/product"}],"about":[{"href":"https:\/\/widevape.com\/pt\/wp-json\/wp\/v2\/types\/product"}],"replies":[{"embeddable":true,"href":"https:\/\/widevape.com\/pt\/wp-json\/wp\/v2\/comments?post=28659"}],"wp:featuredmedia":[{"embeddable":true,"href":"https:\/\/widevape.com\/pt\/wp-json\/wp\/v2\/media\/28661"}],"wp:attachment":[{"href":"https:\/\/widevape.com\/pt\/wp-json\/wp\/v2\/media?parent=28659"}],"wp:term":[{"taxonomy":"product_brand","embeddable":true,"href":"https:\/\/widevape.com\/pt\/wp-json\/wp\/v2\/product_brand?post=28659"},{"taxonomy":"product_cat","embeddable":true,"href":"https:\/\/widevape.com\/pt\/wp-json\/wp\/v2\/product_cat?post=28659"},{"taxonomy":"product_tag","embeddable":true,"href":"https:\/\/widevape.com\/pt\/wp-json\/wp\/v2\/product_tag?post=28659"}],"curies":[{"name":"wp","href":"https:\/\/api.w.org\/{rel}","templated":true}]}}