{"id":28766,"date":"2026-01-07T11:23:11","date_gmt":"2026-01-07T10:23:11","guid":{"rendered":"https:\/\/widevape.com\/?post_type=product&#038;p=28766"},"modified":"2026-04-18T13:55:20","modified_gmt":"2026-04-18T11:55:20","slug":"fumot-eco-2-em-1-50k-50000-tragadas-recarregavel-vape-descartavel-mesh-coil-atacado","status":"publish","type":"product","link":"https:\/\/widevape.com\/pt\/product\/fumot-eco-2-in-1-50k-50000-zuege-wiederaufladbarer-einweg-vape-mesh-coil-grosshandel\/","title":{"rendered":"FUMOT ECO 2 EM 1 50K 50000 TIROS Recarreg\u00e1vel Vape Descart\u00e1vel Mesh Coil Atacado"},"content":{"rendered":"<p>&nbsp;<\/p>\n<article style=\"font-family: 'Segoe UI', Roboto, Helvetica, Arial, sans-serif; line-height: 1.6; color: #333; max-width: 100%; margin: 0 auto; padding: 40px 20px; background-color: #f4fcf4; border-radius: 12px; box-shadow: 0 4px 15px rgba(0,0,0,0.05);\"><!-- Header Section --><\/p>\n<header style=\"text-align: center; margin-bottom: 40px;\">\n<h1 style=\"color: #1e6b1e; font-size: 32px; margin-bottom: 15px; font-weight: bold;\"><a style=\"text-decoration: none; color: #1e6b1e;\" href=\"https:\/\/widevape.com\/pt\/categoria-do-produto\/fumot-vaporizadores-descartaveis\/\">FUMOT ECO 2 EM 1<\/a> \u2013 50.000 cigarros eletr\u00f4nicos recarreg\u00e1veis descart\u00e1veis<\/h1>\n<p style=\"font-size: 18px; color: #555; max-width: 800px; margin: 0 auto;\">Bem-vindo ao futuro do vapor! Se voc\u00ea est\u00e1 procurando por uma experi\u00eancia duradoura e variada, \u00e9 o <strong>FUMOT ECO 2 EM 1<\/strong> exatamente o que \u00e9 certo para voc\u00ea. Este dispositivo excepcional oferece incr\u00edveis <strong>50.000 trens<\/strong>. \u00c9 a escolha perfeita para os comerciantes que procuram vaporizadores descart\u00e1veis de alta qualidade no atacado. Dispon\u00edvel diretamente aqui em <strong>WideVape<\/strong>, sua plataforma online europeia confi\u00e1vel.<\/p>\n<\/header>\n<p><!-- Key Features Grid --><\/p>\n<div style=\"display: grid; grid-template-columns: repeat(auto-fit, minmax(250px, 1fr)); gap: 20px; margin-bottom: 50px;\">\n<p><!-- Feature 1 --><\/p>\n<div style=\"background: white; border-top: 4px solid #4caf50; border-radius: 8px; padding: 20px; box-shadow: 0 2px 8px rgba(0,0,0,0.05); transition: transform 0.2s;\">\n<h3 style=\"color: #2c7a2c; margin-top: 0; font-size: 20px;\">Duplo prazer<\/h3>\n<p style=\"font-size: 15px; color: #666;\">Este dispositivo \u00e9 \u00fanico devido ao seu sistema \u201e2 EM 1\u201c. Ele tem dois tanques separados (10ml + 10ml de capacidade). Isso significa que voc\u00ea obt\u00e9m dois sabores diferentes em apenas um dispositivo!<\/p>\n<\/div>\n<p><!-- Feature 2 --><\/p>\n<div style=\"background: white; border-top: 4px solid #4caf50; border-radius: 8px; padding: 20px; box-shadow: 0 2px 8px rgba(0,0,0,0.05);\">\n<h3 style=\"color: #2c7a2c; margin-top: 0; font-size: 20px;\">\ud83d\udd0b Bateria de alta performance<\/h3>\n<p style=\"font-size: 15px; color: #666;\">Equipado com uma bateria forte de 950mAh para longas dura\u00e7\u00f5es de funcionamento. Gra\u00e7as \u00e0 conex\u00e3o USB Tipo-C, o dispositivo pode ser recarregado extremamente r\u00e1pido.<\/p>\n<\/div>\n<p><!-- Feature 3 --><\/p>\n<div style=\"background: white; border-top: 4px solid #4caf50; border-radius: 8px; padding: 20px; box-shadow: 0 2px 8px rgba(0,0,0,0.05);\">\n<h3 style=\"color: #2c7a2c; margin-top: 0; font-size: 20px;\">\ud83d\udcf1 Tela inteligente<\/h3>\n<p style=\"font-size: 15px; color: #666;\">Sem mais adivinha\u00e7\u00f5es do n\u00edvel da bateria. O ecr\u00e3 inteligente mostra o estado da bateria de forma clara, acompanhado de um efeito de luz iridescente elegante.<\/p>\n<\/div>\n<p><!-- Feature 4 --><\/p>\n<div style=\"background: white; border-top: 4px solid #4caf50; border-radius: 8px; padding: 20px; box-shadow: 0 2px 8px rgba(0,0,0,0.05);\">\n<h3 style=\"color: #2c7a2c; margin-top: 0; font-size: 20px;\">\u2601\ufe0f Desenvolvimento suave de vapor<\/h3>\n<p style=\"font-size: 15px; color: #666;\">No interior, uma bobina de malha de 0,9\u03a9 garante um desempenho ideal. Esta tecnologia garante um sabor suave e intenso consistente desde a primeira at\u00e9 a \u00faltima tragada.<\/p>\n<\/div>\n<\/div>\n<p><!-- Why Choose Section --><\/p>\n<section style=\"margin-bottom: 50px;\">\n<h2 style=\"color: #1e6b1e; border-bottom: 2px solid #a8e6a8; padding-bottom: 10px; margin-bottom: 20px;\">Por que escolher o FUMOT ECO 2 EM 1?<\/h2>\n<div style=\"display: flex; flex-wrap: wrap; gap: 20px; align-items: center;\">\n<div style=\"flex: 1; min-width: 300px;\">\n<p>Muitos clientes nos perguntam em <strong>WideVape<\/strong>, por que este dispositivo \u00e9 t\u00e3o popular. A resposta \u00e9 o \u201eSwitch\u201c. Eles n\u00e3o est\u00e3o fixados em um sabor. Se voc\u00ea deseja variedade, simplesmente mude para o outro lado. \u00c9 como se voc\u00ea <strong>dois Vapes descart\u00e1veis pelo pre\u00e7o de um<\/strong> comprar. Al\u00e9m disso, o dispositivo dura\u660e\u986f mais do que os produtos padr\u00e3o com 50.000 acionamentos, o que economiza tempo e dinheiro.<\/p>\n<\/div>\n<div style=\"flex: 1; min-width: 300px; text-align: center;\"><img decoding=\"async\" class=\"aligncenter wp-image-38220\" style=\"max-width: 100%; height: auto; border-radius: 10px; box-shadow: 0 4px 10px rgba(0,0,0,0.1);\" src=\"https:\/\/widevape.com\/wp-content\/uploads\/2026\/01\/FUMOT-ECO-2-IN-1-50K-50000-Puffs-Rechargeable-Disposable-Vape-Mesh-Coil-Wholesale-Bulk-Buy-10-1-800x800.webp\" alt=\"FUMOT ECO 2 EM 1 50K 50000 ZUGS WideVape\" \/><\/div>\n<\/div>\n<\/section>\n<p><!-- Flavor List Section --><\/p>\n<section style=\"margin-bottom: 50px;\">\n<h2 style=\"color: #1e6b1e; border-bottom: 2px solid #a8e6a8; padding-bottom: 10px; margin-bottom: 20px;\">Combina\u00e7\u00f5es de sabores dispon\u00edveis<\/h2>\n<p style=\"margin-bottom: 20px;\">Oferecemos uma ampla gama de combina\u00e7\u00f5es emocionais para as suas compras por atacado:<\/p>\n<div style=\"background-color: #fff; padding: 25px; border-radius: 10px; border: 1px solid #e0e0e0; display: grid; grid-template-columns: repeat(auto-fill, minmax(300px, 1fr)); gap: 15px;\">\n<div style=\"padding: 5px; border-bottom: 1px dashed #eee;\">1. Black Mamba &amp; Mr Blue \n\nbecomes \n\n1. Black Mamba &amp; Mr Blue \n\n No translation needed for proper nouns. However I will provide \n\n1. Black Mamba &amp; Sr Azul<\/div>\n<div style=\"padding: 5px; border-bottom: 1px dashed #eee;\">2. Gelo Preto &amp; Gelo de Uva<\/div>\n<div style=\"padding: 5px; border-bottom: 1px dashed #eee;\">3. P\u00eassego Gelo &amp; Mamba Branco<\/div>\n<div style=\"padding: 5px; border-bottom: 1px dashed #eee;\">4. Lady Killer &amp; Love 66<\/div>\n<div style=\"padding: 5px; border-bottom: 1px dashed #eee;\">5. Blueberry Hubba Bubba &amp; Melancia Hubba Bubba<\/div>\n<div style=\"padding: 5px; border-bottom: 1px dashed #eee;\">6. Ursinho de Gominha de Uva &amp; Ursinho de Gominha de Morango<\/div>\n<div style=\"padding: 5px; border-bottom: 1px dashed #eee;\">7. Ma\u00e7\u00e3 Azeda &amp; P\u00eassego<\/div>\n<div style=\"padding: 5px; border-bottom: 1px dashed #eee;\">8. Fanta &amp; Cola Ice<\/div>\n<div style=\"padding: 5px; border-bottom: 1px dashed #eee;\">9. Ursinho de Gominha &amp; Skittles<\/div>\n<div style=\"padding: 5px; border-bottom: 1px dashed #eee;\">10. Cactus Ice &amp; Cactus Kiwi<\/div>\n<div style=\"padding: 5px; border-bottom: 1px dashed #eee;\">11. P\u00eassego Manga Mel\u00e3o de \u00c1gua &amp; Pina Colada<\/div>\n<div style=\"padding: 5px; border-bottom: 1px dashed #eee;\">12. Cereja Gelada &amp; Blue Razz Cereja<\/div>\n<div style=\"padding: 5px; border-bottom: 1px dashed #eee;\">13. Cool Mint &amp; Melancia Gelo<\/div>\n<div style=\"padding: 5px; border-bottom: 1px dashed #eee;\">14. Lim\u00e3o &amp; Lima &amp; Morango Mel\u00e3o de \u00c1gua<\/div>\n<div style=\"padding: 5px; border-bottom: 1px dashed #eee;\">15. Limonada Rosa &amp; Doces Azedos<\/div>\n<div style=\"padding: 5px; border-bottom: 1px dashed #eee;\">16. Vimto &amp; Mel\u00e3o Bolo de Goma<\/div>\n<div style=\"padding: 5px; border-bottom: 1px dashed #eee;\">17. Banana Ice &amp; Black Dragon Ice<\/div>\n<div style=\"padding: 5px; border-bottom: 1px dashed #eee;\">18. Ursinho de Gummy Azul Razz &amp; Picol\u00e9 Azul Razz<\/div>\n<div style=\"padding: 5px; border-bottom: 1px dashed #eee;\">19. Picol\u00e9 de Morango &amp; Kiwi Maracuj\u00e1 Goiaba<\/div>\n<div style=\"padding: 5px; border-bottom: 1px dashed #eee;\">20. Morango Gelo &amp; Mirtilo<\/div>\n<div style=\"padding: 5px; border-bottom: 1px dashed #eee;\">21. Frutas Vermelhas Misturadas &amp; Limonada de Blue Razz<\/div>\n<div style=\"padding: 5px; border-bottom: 1px dashed #eee;\">22. Red Bull Ice &amp; Blueberry Peach Ice<\/div>\n<div style=\"padding: 5px; border-bottom: 1px dashed #eee;\">23. Morango Kiwi &amp; Mirtilo Framboesa Azeda<\/div>\n<div style=\"padding: 5px; border-bottom: 1px dashed #eee;\">24. Cola Lim\u00e3o &amp; Abacaxi Lim\u00e3o Ma\u00e7\u00e3 Verde<\/div>\n<\/div>\n<\/section>\n<p><!-- Comparison Table --><\/p>\n<section style=\"margin-bottom: 50px;\">\n<h2 style=\"color: #1e6b1e; margin-top: 40px; margin-bottom: 20px;\">Compara\u00e7\u00e3o de produtos: FUMOT vs. Padr\u00e3o<\/h2>\n<div style=\"overflow-x: auto;\">\n<table style=\"width: 100%; border-collapse: collapse; margin-top: 10px; background-color: white; border-radius: 8px; overflow: hidden; box-shadow: 0 2px 8px rgba(0,0,0,0.05);\">\n<thead>\n<tr style=\"background-color: #1e6b1e; color: white; text-align: left;\">\n<th style=\"padding: 15px; border: 1px solid #ddd;\">Funcionalidade<\/th>\n<th style=\"padding: 15px; border: 1px solid #ddd;\">FUMOT ECO 2 EM 1<\/th>\n<th style=\"padding: 15px; border: 1px solid #ddd;\">Vapes descart\u00e1veis padr\u00e3o<\/th>\n<\/tr>\n<\/thead>\n<tbody>\n<tr style=\"background-color: #f9fdf9;\">\n<td style=\"padding: 12px; border: 1px solid #ddd; font-weight: bold;\">N\u00famero de trens<\/td>\n<td style=\"padding: 12px; border: 1px solid #ddd; color: #d35400; font-weight: bold;\">50.000 trens (Extremamente Alto)<\/td>\n<td style=\"padding: 12px; border: 1px solid #ddd;\">5.000 \u2013 10.000 trens<\/td>\n<\/tr>\n<tr>\n<td style=\"padding: 12px; border: 1px solid #ddd; font-weight: bold;\">Sistema gustativo<\/td>\n<td style=\"padding: 12px; border: 1px solid #ddd;\">Sistema Duplo (2 op\u00e7\u00f5es em 1)<\/td>\n<td style=\"padding: 12px; border: 1px solid #ddd;\">Apenas uma op\u00e7\u00e3o<\/td>\n<\/tr>\n<tr style=\"background-color: #f9fdf9;\">\n<td style=\"padding: 12px; border: 1px solid #ddd; font-weight: bold;\">Tela<\/td>\n<td style=\"padding: 12px; border: 1px solid #ddd;\">Tela inteligente e luz iridescente<\/td>\n<td style=\"padding: 12px; border: 1px solid #ddd;\">Normalmente sem tela<\/td>\n<\/tr>\n<tr>\n<td style=\"padding: 12px; border: 1px solid #ddd; font-weight: bold;\">Bateria<\/td>\n<td style=\"padding: 12px; border: 1px solid #ddd;\">950mAh Recarreg\u00e1vel<\/td>\n<td style=\"padding: 12px; border: 1px solid #ddd;\">\u00d8 650mAh<\/td>\n<\/tr>\n<\/tbody>\n<\/table>\n<\/div>\n<\/section>\n<p><!-- FAQ Section --><\/p>\n<section style=\"margin-bottom: 50px;\">\n<h2 style=\"color: #1e6b1e; border-bottom: 2px solid #a8e6a8; padding-bottom: 10px;\">Perguntas Frequentes (FAQ)<\/h2>\n<div style=\"margin-bottom: 20px;\">\n<h3 style=\"color: #d35400; font-size: 18px; margin-bottom: 10px;\">\u2753 F: Como alterno entre os dois sabores?<\/h3>\n<p style=\"background-color: #fff; padding: 15px; border-left: 4px solid #d35400; border-radius: 0 4px 4px 0; box-shadow: 0 1px 3px rgba(0,0,0,0.1);\">A: \u00c9 muito simples! O dispositivo tem um mecanismo de mudan\u00e7a especial. Voc\u00ea simplesmente liga o interruptor para mudar de um tanque para o outro. Dessa forma, voc\u00ea desfruta de duas experi\u00eancias diferentes sem ter que carregar dois vapes separados.<\/p>\n<\/div>\n<div style=\"margin-bottom: 20px;\">\n<h3 style=\"color: #d35400; font-size: 18px; margin-bottom: 10px;\">\u2753 F: Este produto est\u00e1 dispon\u00edvel para atacado?<\/h3>\n<p style=\"background-color: #fff; padding: 15px; border-left: 4px solid #d35400; border-radius: 0 4px 4px 0; box-shadow: 0 1px 3px rgba(0,0,0,0.1);\">A: Sim! N\u00f3s estamos <strong>WideVape<\/strong> Estamos especializados em encomendas grossistas e em quantidades. Voc\u00ea pode encomendar caixas (10 unidades por caixa) ou cartons (100 unidades por carton). A compra em grande escala oferece-lhe a melhor rela\u00e7\u00e3o qualidade-pre\u00e7o.<\/p>\n<\/div>\n<div style=\"margin-bottom: 20px;\">\n<h3 style=\"color: #d35400; font-size: 18px; margin-bottom: 10px;\">\u2753 F: Quanto tempo dura a bateria?<\/h3>\n<p style=\"background-color: #fff; padding: 15px; border-left: 4px solid #d35400; border-radius: 0 4px 4px 0; box-shadow: 0 1px 3px rgba(0,0,0,0.1);\">A: A bateria de 950mAh \u00e9 muito potente e fornece energia ao dispositivo por um longo tempo. Como ela pode ser recarregada via USB Tipo-C, voc\u00ea pode simplesmente conect\u00e1-la e usar o dispositivo at\u00e9 que o l\u00edquido seja completamente consumido.<\/p>\n<\/div>\n<\/section>\n<p><!-- Call to Action --><\/p>\n<div style=\"text-align: center; margin-top: 50px; padding: 30px; background-color: #e8f5e9; border-radius: 10px;\">\n<p style=\"font-size: 22px; margin-bottom: 20px; font-weight: bold; color: #1e6b1e;\">Pronto para os melhores vaporizadores descart\u00e1veis?<\/p>\n<\/div>\n<div style=\"text-align: center; margin-top: 30px;\"><img decoding=\"async\" class=\"aligncenter size-full\" style=\"max-width: 100%; height: auto; border-radius: 10px;\" src=\"https:\/\/widevape.com\/wp-content\/uploads\/2026\/01\/FUMOT-ECO-2-IN-1-50K-50000-Puffs-Rechargeable-Disposable-Vape-Mesh-Coil-Wholesale-Bulk-Buy-2-1.webp\" alt=\"FUMOT ECO 2 EM 1 50K WideVape Atacado\" \/><\/div>\n<div>\n<h2>Guia do produto:<\/h2>\n<p><a href=\"https:\/\/widevape.com\/wp-content\/uploads\/2026\/01\/FUMOT-ECO-2-IN-1-50K-50000-Zuege-Product-Guide.pdf\" target=\"_blank\" rel=\"noopener\">Guia do Produto FUMOT ECO 2 EM 1 50K 50000 Tragos<\/a><\/p>\n<\/div>\n<div><\/div>\n<\/article>","protected":false},"excerpt":{"rendered":"<p>Na ESCOVAPE, o FUMOT ECO 2 EM 1 50K \u00e9 um vape descart\u00e1vel recarreg\u00e1vel com incr\u00edveis 50.000 tragadas e um sistema de duplo tanque que permite aos usu\u00e1rios alternar entre duas op\u00e7\u00f5es distintas em um \u00fanico dispositivo.<\/p>","protected":false},"featured_media":28807,"comment_status":"open","ping_status":"closed","template":"","meta":[],"product_brand":[],"product_cat":[114,91,92,93,37,94,61,183,187,193,185,181,184,186,188,182,189,190,192,191,90,58],"product_tag":[],"class_list":{"0":"post-28766","1":"product","2":"type-product","3":"status-publish","4":"has-post-thumbnail","6":"product_cat-50000-zuege-einweg-e-zigaretten","7":"product_cat-crystal-einweg-e-zigaretten","8":"product_cat-digitale-box-einweg-e-zigaretten","9":"product_cat-dual-mesh-einweg-e-zigaretten","10":"product_cat-einweg-e-zigaretten","11":"product_cat-einweg-e-zigaretten-mit-niedriger-nikotinstaerke","12":"product_cat-einweg-e-zigaretten-nach-zuegen","13":"product_cat-einweg-e-zigaretten-in-belgien","14":"product_cat-einweg-e-zigaretten-in-den-niederlanden","15":"product_cat-einweg-e-zigaretten-in-der-schweiz","16":"product_cat-einweg-e-zigaretten-in-deutschland","17":"product_cat-einweg-e-zigaretten-in-europa","18":"product_cat-einweg-e-zigaretten-in-frankreich","19":"product_cat-einweg-e-zigaretten-in-italien","20":"product_cat-einweg-e-zigaretten-in-norwegen","21":"product_cat-einweg-e-zigaretten-in-oesterreich","22":"product_cat-einweg-e-zigaretten-in-polen","23":"product_cat-einweg-e-zigaretten-in-portugal","24":"product_cat-einweg-e-zigaretten-in-schweden","25":"product_cat-einweg-e-zigaretten-in-spanien","26":"product_cat-grosse-einweg-e-zigaretten","27":"product_cat-randm-tornado-einweg-e-zigaretten","29":"first","30":"instock","31":"shipping-taxable","32":"purchasable","33":"product-type-variable","34":"has-default-attributes"},"_links":{"self":[{"href":"https:\/\/widevape.com\/pt\/wp-json\/wp\/v2\/product\/28766","targetHints":{"allow":["GET"]}}],"collection":[{"href":"https:\/\/widevape.com\/pt\/wp-json\/wp\/v2\/product"}],"about":[{"href":"https:\/\/widevape.com\/pt\/wp-json\/wp\/v2\/types\/product"}],"replies":[{"embeddable":true,"href":"https:\/\/widevape.com\/pt\/wp-json\/wp\/v2\/comments?post=28766"}],"wp:featuredmedia":[{"embeddable":true,"href":"https:\/\/widevape.com\/pt\/wp-json\/wp\/v2\/media\/28807"}],"wp:attachment":[{"href":"https:\/\/widevape.com\/pt\/wp-json\/wp\/v2\/media?parent=28766"}],"wp:term":[{"taxonomy":"product_brand","embeddable":true,"href":"https:\/\/widevape.com\/pt\/wp-json\/wp\/v2\/product_brand?post=28766"},{"taxonomy":"product_cat","embeddable":true,"href":"https:\/\/widevape.com\/pt\/wp-json\/wp\/v2\/product_cat?post=28766"},{"taxonomy":"product_tag","embeddable":true,"href":"https:\/\/widevape.com\/pt\/wp-json\/wp\/v2\/product_tag?post=28766"}],"curies":[{"name":"wp","href":"https:\/\/api.w.org\/{rel}","templated":true}]}}