{"id":16275,"date":"2023-03-22T14:16:59","date_gmt":"2023-03-22T14:16:59","guid":{"rendered":"https:\/\/shopkeeper-demo.getbowtied.com\/electronics\/?page_id=16275"},"modified":"2025-09-11T11:40:08","modified_gmt":"2025-09-11T09:40:08","slug":"contact","status":"publish","type":"page","link":"https:\/\/widevape.com\/ro\/kontakt\/","title":{"rendered":"Contact"},"content":{"rendered":"<div class=\"row row-full-width\"  id=\"row-575557704\">\n\n\t<div id=\"col-1092348638\" class=\"col small-12 large-12\"  >\n\t\t\t\t<div class=\"col-inner text-center\"  >\n\t\t\t\n\t\t\t\n\n\t<section class=\"section\" id=\"section_1592743894\">\n\t\t<div class=\"section-bg fill\" >\n\t\t\t<img loading=\"lazy\" decoding=\"async\" width=\"1500\" height=\"1000\" src=\"https:\/\/widevape.com\/wp-content\/uploads\/2025\/09\/chris-henry-o3_nfpK4VsA-unsplash-1.jpg\" class=\"bg attachment- size-\" alt=\"\" \/>\t\t\t\t\t\t<div class=\"section-bg-overlay absolute fill\"><\/div>\n\t\t\t\n\n\t\t<\/div>\n\n\t\t\t<div class=\"ux-shape-divider ux-shape-divider--top ux-shape-divider--style-triangle\">\n\t\t<svg viewbox=\"0 0 1000 100\" xmlns=\"http:\/\/www.w3.org\/2000\/svg\" preserveaspectratio=\"none\">\n  <path class=\"ux-shape-fill\" d=\"M1025 103H-25L500 3L1025 103Z\"\/>\n<\/svg>\n\t<\/div>\n\n\n\t\t<div class=\"section-content relative\">\n\t\t\t\n<div class=\"row row-collapse align-center\" style=\"max-width:\" id=\"row-1742160089\">\n\n\t<div id=\"col-1320800063\" class=\"col small-12 large-12\"  >\n\t\t\t\t<div class=\"col-inner text-center\"  >\n\t\t\t\n\t\t\t\n\t<div id=\"text-596453532\" class=\"text\">\n\t\t\n<h1><span style=\"font-size: 250%;\">Contact<\/span><\/h1>\n<p><span style=\"font-size: 250%;\">Trimite\u021bi-ne un mesaj<\/span><\/p>\n\t\t\n<style>\n#text-596453532 {\n  line-height: 1.7;\n  color: rgb(0, 0, 0);\n}\n#text-596453532 > * {\n  color: rgb(0, 0, 0);\n}\n<\/style>\n\t<\/div>\n\t\n\t\t<\/div>\n\t\t\t\t\n<style>\n#col-1320800063 > .col-inner {\n  padding: 100px 20px 200px 0px;\n}\n@media (min-width:550px) {\n  #col-1320800063 > .col-inner {\n    padding: 150px 0px 150px 0px;\n  }\n}\n<\/style>\n\t<\/div>\n\n\t\n<\/div>\n\t\t<\/div>\n\n\t\t\n<style>\n#section_1592743894 {\n  padding-top: 0px;\n  padding-bottom: 0px;\n  min-height: 0px;\n  background-color: rgb(255, 255, 255);\n}\n#section_1592743894 .section-bg-overlay {\n  background-color: rgba(0, 0, 0, 0.12);\n}\n#section_1592743894 .section-bg img {\n  object-position: 71% 0%;\n}\n#section_1592743894 .ux-shape-divider--top svg {\n  height: 100px;\n  --divider-top-width: 100%;\n}\n@media (min-width:550px) {\n  #section_1592743894 {\n    padding-top: 0px;\n    padding-bottom: 0px;\n  }\n  #section_1592743894 .section-bg-overlay {\n    background-color: rgba(0, 0, 0, 0.21);\n  }\n}\n@media (min-width:850px) {\n  #section_1592743894 {\n    padding-top: 0px;\n    padding-bottom: 0px;\n  }\n  #section_1592743894 .section-bg-overlay {\n    background-color: rgba(255, 255, 255, 0.8);\n  }\n}\n<\/style>\n\t<\/section>\n\t\n\t\t<\/div>\n\t\t\t\t\n<style>\n#col-1092348638 > .col-inner {\n  padding: 0px 0px 0px 0px;\n}\n<\/style>\n\t<\/div>\n\n\t\n<\/div>\n<div class=\"row row-large row-full-width\"  id=\"row-1009523298\">\n\n\t<div id=\"col-711105879\" class=\"col small-12 large-12\"  >\n\t\t\t\t<div class=\"col-inner\" style=\"background-color:rgb(255, 255, 255);\" >\n\t\t\t\n\t\t\t\n<div class=\"row row-collapse row-full-width\"  id=\"row-1977087778\">\n\n\t<div id=\"col-1672644502\" class=\"col medium-12 small-12 large-6\"  >\n\t\t\t\t<div class=\"col-inner\"  >\n\t\t\t\n\t\t\t\n<h2><strong data-start=\"56\" data-end=\"89\">Scrie\u021bi-ne un e-mail<\/strong><\/h2>\n<p>C\u0103uta\u021bi vape-uri de unic\u0103 folosin\u021b\u0103 la v\u00e2nzare cu am\u0103nuntul? Nicio problem\u0103!<br data-start=\"151\" data-end=\"154\" \/>Indiferent care sunt dorin\u021bele dvs. - echipa noastr\u0103 este aici pentru dvs.<br data-start=\"213\" data-end=\"216\" \/>V\u0103 sprijinim la fiecare comand\u0103, rapid \u0219i f\u0103r\u0103 complica\u021bii.<br data-start=\"285\" data-end=\"288\" \/>Niciun proces lung, nicio etap\u0103 complicat\u0103.<br data-start=\"340\" data-end=\"343\" \/>La noi ve\u021bi primi o experien\u021b\u0103 de cump\u0103r\u0103turi personal\u0103 \u0219i relaxat\u0103.<br data-start=\"414\" data-end=\"417\" \/>Toate informa\u021biile sunt clare \u0219i u\u0219or de \u00een\u021beles.<br data-start=\"470\" data-end=\"473\" \/>Asigura\u021bi-v\u0103 produsele acum foarte u\u0219or!<br data-start=\"522\" data-end=\"525\" \/>\u00centreba\u021bi despre ofertele noastre - vom g\u0103si cea mai bun\u0103 solu\u021bie pentru dumneavoastr\u0103.<br data-start=\"597\" data-end=\"600\" \/>Nu ezita\u021bi - contacta\u021bi-ne direct pentru un r\u0103spuns rapid!<\/p>\n\t<div id=\"gap-12070930\" class=\"gap-element clearfix\" style=\"display:block; height:auto;\">\n\t\t\n<style>\n#gap-12070930 {\n  padding-top: 20px;\n}\n@media (min-width:550px) {\n  #gap-12070930 {\n    padding-top: 20px;\n  }\n}\n@media (min-width:850px) {\n  #gap-12070930 {\n    padding-top: 30px;\n  }\n}\n<\/style>\n\t<\/div>\n\t\n<div class=\"row\"  id=\"row-341891344\">\n\n\t<div id=\"col-590944860\" class=\"col small-12 large-12\"  >\n\t\t\t\t<div class=\"col-inner\"  >\n\t\t\t\n\t\t\t\n<h2><strong>Contacta\u021bi-ne<\/strong><\/h2>\n\t\t<\/div>\n\t\t\t\t\t<\/div>\n\n\t\n\n\t<div id=\"col-743502443\" class=\"col medium-6 small-12 large-6\"  >\n\t\t\t\t<div class=\"col-inner\"  >\n\t\t\t\n\t\t\t\n\t<div class=\"img has-hover x md-x lg-x y md-y lg-y\" id=\"image_325457290\">\n\t\t\t\t\t\t\t\t<div class=\"img-inner dark\" >\n\t\t\t<img loading=\"lazy\" decoding=\"async\" width=\"240\" height=\"240\" src=\"https:\/\/widevape.com\/wp-content\/uploads\/2025\/09\/mail-open-fill.png\" class=\"attachment-large size-large\" alt=\"\" srcset=\"https:\/\/widevape.com\/wp-content\/uploads\/2025\/09\/mail-open-fill.png 240w, https:\/\/widevape.com\/wp-content\/uploads\/2025\/09\/mail-open-fill-150x150.png 150w, https:\/\/widevape.com\/wp-content\/uploads\/2025\/09\/mail-open-fill-12x12.png 12w, https:\/\/widevape.com\/wp-content\/uploads\/2025\/09\/mail-open-fill-100x100.png 100w\" sizes=\"auto, (max-width: 240px) 100vw, 240px\" \/>\t\t\t\t\t\t\n\t\t\t\t\t<\/div>\n\t\t\t\t\t\t\t\t\n<style>\n#image_325457290 {\n  width: 15%;\n}\n@media (min-width:550px) {\n  #image_325457290 {\n    width: 20%;\n  }\n}\n<\/style>\n\t<\/div>\n\t\n<h3 class=\"uppercase\">E-mail<\/h3>\n<p>info@widevape.com<\/p>\n\t\t<\/div>\n\t\t\t\t\t<\/div>\n\n\t\n\n\t<div id=\"col-1960737592\" class=\"col medium-6 small-12 large-6\"  >\n\t\t\t\t<div class=\"col-inner\"  >\n\t\t\t\n\t\t\t\n\t<div class=\"img has-hover x md-x lg-x y md-y lg-y\" id=\"image_1772629672\">\n\t\t\t\t\t\t\t\t<div class=\"img-inner dark\" >\n\t\t\t<img loading=\"lazy\" decoding=\"async\" width=\"240\" height=\"240\" src=\"https:\/\/widevape.com\/wp-content\/uploads\/2025\/09\/phone-fill.png\" class=\"attachment-large size-large\" alt=\"\" srcset=\"https:\/\/widevape.com\/wp-content\/uploads\/2025\/09\/phone-fill.png 240w, https:\/\/widevape.com\/wp-content\/uploads\/2025\/09\/phone-fill-150x150.png 150w, https:\/\/widevape.com\/wp-content\/uploads\/2025\/09\/phone-fill-12x12.png 12w, https:\/\/widevape.com\/wp-content\/uploads\/2025\/09\/phone-fill-100x100.png 100w\" sizes=\"auto, (max-width: 240px) 100vw, 240px\" \/>\t\t\t\t\t\t\n\t\t\t\t\t<\/div>\n\t\t\t\t\t\t\t\t\n<style>\n#image_1772629672 {\n  width: 15%;\n}\n@media (min-width:550px) {\n  #image_1772629672 {\n    width: 20%;\n  }\n}\n<\/style>\n\t<\/div>\n\t\n<h3 class=\"uppercase\">telefon<\/h3>\n<p>0800 132546787<\/p>\n\t\t<\/div>\n\t\t\t\t\t<\/div>\n\n\t\n<\/div>\n\t\t<\/div>\n\t\t\t\t\n<style>\n#col-1672644502 > .col-inner {\n  padding: 0px 0px 0px 20px;\n}\n<\/style>\n\t<\/div>\n\n\t\n\n\t<div id=\"col-946510366\" class=\"col medium-12 small-12 large-6\"  >\n\t\t\t\t<div class=\"col-inner\"  >\n\t\t\t\n\t\t\t\n<h2><strong>Lua\u021bi leg\u0103tura cu noi<\/strong><\/h2>\n\t<div id=\"gap-1182957245\" class=\"gap-element clearfix\" style=\"display:block; height:auto;\">\n\t\t\n<style>\n#gap-1182957245 {\n  padding-top: 20px;\n}\n@media (min-width:550px) {\n  #gap-1182957245 {\n    padding-top: 20px;\n  }\n}\n@media (min-width:850px) {\n  #gap-1182957245 {\n    padding-top: 30px;\n  }\n}\n<\/style>\n\t<\/div>\n\t\n\n<div class=\"wpcf7 no-js\" id=\"wpcf7-f23937-o1\" lang=\"en-US\" dir=\"ltr\" data-wpcf7-id=\"23937\">\n<div class=\"screen-reader-response\"><p role=\"status\" aria-live=\"polite\" aria-atomic=\"true\"><\/p> <ul><\/ul><\/div>\n<form action=\"\/ro\/wp-json\/wp\/v2\/pages\/16275#wpcf7-f23937-o1\" method=\"post\" class=\"wpcf7-form init\" aria-label=\"Formular de contact\" novalidate=\"novalidate\" data-status=\"init\" data-trp-original-action=\"\/ro\/wp-json\/wp\/v2\/pages\/16275#wpcf7-f23937-o1\">\n<fieldset class=\"hidden-fields-container\"><input type=\"hidden\" name=\"_wpcf7\" value=\"23937\" \/><input type=\"hidden\" name=\"_wpcf7_version\" value=\"6.1.5\" \/><input type=\"hidden\" name=\"_wpcf7_locale\" value=\"en_US\" \/><input type=\"hidden\" name=\"_wpcf7_unit_tag\" value=\"wpcf7-f23937-o1\" \/><input type=\"hidden\" name=\"_wpcf7_container_post\" value=\"0\" \/><input type=\"hidden\" name=\"_wpcf7_posted_data_hash\" value=\"\" \/>\n<\/fieldset>\n<p><label> Numele dvs.<br \/>\n<span class=\"wpcf7-form-control-wrap\" data-name=\"your-name\"><input size=\"40\" maxlength=\"400\" class=\"wpcf7-form-control wpcf7-text wpcf7-validates-as-required\" autocomplete=\"name\" aria-required=\"true\" aria-invalid=\"false\" value=\"\" type=\"text\" name=\"your-name\" \/><\/span> <\/label>\n<\/p>\n<p><label> E-mailul dvs.<br \/>\n<span class=\"wpcf7-form-control-wrap\" data-name=\"your-email\"><input size=\"40\" maxlength=\"400\" class=\"wpcf7-form-control wpcf7-email wpcf7-validates-as-required wpcf7-text wpcf7-validates-as-email\" autocomplete=\"email\" aria-required=\"true\" aria-invalid=\"false\" value=\"\" type=\"email\" name=\"your-email\" \/><\/span> <\/label>\n<\/p>\n<p><label> Subiect<br \/>\n<span class=\"wpcf7-form-control-wrap\" data-name=\"your-subject\"><input size=\"40\" maxlength=\"400\" class=\"wpcf7-form-control wpcf7-text wpcf7-validates-as-required\" aria-required=\"true\" aria-invalid=\"false\" value=\"\" type=\"text\" name=\"your-subject\" \/><\/span> <\/label>\n<\/p>\n<p><label> Mesajul dvs. (op\u021bional)<br \/>\n<span class=\"wpcf7-form-control-wrap\" data-name=\"your-message\"><textarea cols=\"40\" rows=\"10\" maxlength=\"2000\" class=\"wpcf7-form-control wpcf7-textarea\" aria-invalid=\"false\" name=\"your-message\"><\/textarea><\/span> <\/label>\n<\/p>\n<p><input class=\"wpcf7-form-control wpcf7-submit has-spinner\" type=\"submit\" value=\"Trimite\" \/>\n<\/p><div class=\"wpcf7-response-output\" aria-hidden=\"true\"><\/div>\n<input type=\"hidden\" name=\"trp-form-language\" value=\"ro\"\/><\/form>\n<\/div>\n\n\t\t<\/div>\n\t\t\t\t\t<\/div>\n\n\t\n\n<style>\n#row-1977087778 > .col > .col-inner {\n  padding: 0px 15px 0px 15px;\n}\n<\/style>\n<\/div>\n\t\t<\/div>\n\t\t\t\t\n<style>\n#col-711105879 > .col-inner {\n  padding: 50px 20px 0px 20px;\n  margin: -0 0px 0px 0px;\n}\n@media (min-width:550px) {\n  #col-711105879 > .col-inner {\n    padding: 50px 20px 30px 20px;\n    margin: 0 0px 0px 0px;\n  }\n}\n<\/style>\n\t<\/div>\n\n\t\n<\/div>","protected":false},"excerpt":{"rendered":"","protected":false},"author":1,"featured_media":0,"parent":0,"menu_order":0,"comment_status":"closed","ping_status":"closed","template":"","meta":{"footnotes":""},"class_list":["post-16275","page","type-page","status-publish","hentry"],"_links":{"self":[{"href":"https:\/\/widevape.com\/ro\/wp-json\/wp\/v2\/pages\/16275","targetHints":{"allow":["GET"]}}],"collection":[{"href":"https:\/\/widevape.com\/ro\/wp-json\/wp\/v2\/pages"}],"about":[{"href":"https:\/\/widevape.com\/ro\/wp-json\/wp\/v2\/types\/page"}],"author":[{"embeddable":true,"href":"https:\/\/widevape.com\/ro\/wp-json\/wp\/v2\/users\/1"}],"replies":[{"embeddable":true,"href":"https:\/\/widevape.com\/ro\/wp-json\/wp\/v2\/comments?post=16275"}],"version-history":[{"count":5,"href":"https:\/\/widevape.com\/ro\/wp-json\/wp\/v2\/pages\/16275\/revisions"}],"predecessor-version":[{"id":28040,"href":"https:\/\/widevape.com\/ro\/wp-json\/wp\/v2\/pages\/16275\/revisions\/28040"}],"wp:attachment":[{"href":"https:\/\/widevape.com\/ro\/wp-json\/wp\/v2\/media?parent=16275"}],"curies":[{"name":"wp","href":"https:\/\/api.w.org\/{rel}","templated":true}]}}