{"id":21814,"date":"2025-02-23T14:33:14","date_gmt":"2025-02-23T13:33:14","guid":{"rendered":"https:\/\/widevape.com\/?page_id=21814"},"modified":"2025-02-23T14:33:14","modified_gmt":"2025-02-23T13:33:14","slug":"intrebari-frecvente","status":"publish","type":"page","link":"https:\/\/widevape.com\/ro\/faqs\/","title":{"rendered":"\u00centreb\u0103ri frecvente"},"content":{"rendered":"<h3 data-start=\"0\" data-end=\"67\">\u00centreb\u0103ri frecvente despre Wide Vape \u2013 E-\u021bigarete de unic\u0103 folosin\u021b\u0103 premium din Germania<\/h3>\n<p data-start=\"69\" data-end=\"399\"><strong data-start=\"69\" data-end=\"94\">Ce este Wide Vape?<\/strong><br data-start=\"94\" data-end=\"97\" \/>Wide Vape este un furnizor principal de \u021bigarete electronice de unic\u0103 folosin\u021b\u0103 premium, v\u00e2ndute exclusiv \u00een Europa. Oferim o selec\u021bie larg\u0103 de m\u0103rci de \u00eenalt\u0103 calitate, cum ar fi Bang Box, RandM, Waspe, Elf Box, Al Fakher, VOPK \u0219i Vozol, care sunt disponibile \u00een principal pentru comer\u021b en gros sau pentru comenzile \u00een vrac.<\/p>\n<p data-start=\"401\" data-end=\"523\"><strong data-start=\"401\" data-end=\"454\">2. Ce m\u0103rci vinde\u021bi pe site-ul dvs.?<\/strong><br data-start=\"454\" data-end=\"457\" \/>Pe Wide Vape g\u0103si\u021bi o varietate de m\u0103rci populare, inclusiv:<\/p>\n<ul data-start=\"524\" data-end=\"615\">\n<li data-start=\"524\" data-end=\"538\"><strong data-start=\"526\" data-end=\"538\">Cutia Bang<\/strong><\/li>\n<li data-start=\"539\" data-end=\"550\"><strong data-start=\"541\" data-end=\"550\">RandM<\/strong><\/li>\n<li data-start=\"551\" data-end=\"564\"><strong data-start=\"553\" data-end=\"564\">Cutie de elf<\/strong><\/li>\n<li data-start=\"565\" data-end=\"580\"><strong data-start=\"567\" data-end=\"580\">Al Fakher<\/strong><\/li>\n<li data-start=\"581\" data-end=\"591\"><strong data-start=\"583\" data-end=\"591\">VOPK<\/strong><\/li>\n<li data-start=\"592\" data-end=\"603\"><strong data-start=\"594\" data-end=\"603\">Vesp\u0103<\/strong><\/li>\n<li data-start=\"604\" data-end=\"615\"><strong data-start=\"606\" data-end=\"615\">Vozol<\/strong><\/li>\n<\/ul>\n<p data-start=\"617\" data-end=\"749\">Aceste m\u0103rci ofer\u0103 \u021big\u0103ri electronice de unic\u0103 folosin\u021b\u0103 de \u00eenalt\u0103 calitate, cu diferite arome, care sunt ideale pentru pia\u021ba angro.<\/p>\n<p data-start=\"751\" data-end=\"1089\"><strong data-start=\"751\" data-end=\"794\">3. Cum func\u021bioneaz\u0103 procesul de comand\u0103?<\/strong><br data-start=\"794\" data-end=\"797\" \/>Pute\u021bi plasa comenzi pe site-ul nostru \u00eencep\u00e2nd cu 10 buc\u0103\u021bi (1 cutie). Comenzile vor fi expediate fie din depozitul nostru din Europa (timp de livrare 3-7 zile), fie din depozitul nostru din China (timp de livrare 12-15 zile). Oferim o livrare rapid\u0103 \u0219i fiabil\u0103 direct la dumneavoastr\u0103.<\/p>\n<p data-start=\"1091\" data-end=\"1244\"><strong data-start=\"1091\" data-end=\"1138\">Ce metode de plat\u0103 accepta\u021bi?<\/strong><br data-start=\"1138\" data-end=\"1141\" \/>Oferim o varietate de metode de plat\u0103 pentru a face cump\u0103rarea c\u00e2t mai u\u0219oar\u0103 posibil pentru tine:<\/p>\n<ul data-start=\"1245\" data-end=\"1523\">\n<li data-start=\"1245\" data-end=\"1287\"><strong data-start=\"1247\" data-end=\"1262\">Carte de credit<\/strong> (Visa, MasterCard, etc.)<\/li>\n<li data-start=\"1288\" data-end=\"1337\"><strong data-start=\"1290\" data-end=\"1309\">Virement bancar<\/strong> (transfer electronic)<\/li>\n<li data-start=\"1338\" data-end=\"1388\"><strong data-start=\"1340\" data-end=\"1359\">Monedele criptografice<\/strong> (Bitcoin, Ethereum \u0219i altele)<\/li>\n<li data-start=\"1389\" data-end=\"1430\"><strong data-start=\"1391\" data-end=\"1400\">iDEAL<\/strong> (popular \u00een \u021a\u0103rile de Jos)<\/li>\n<li data-start=\"1431\" data-end=\"1468\"><strong data-start=\"1433\" data-end=\"1447\">Bancontact<\/strong> (popular \u00een Belgia)<\/li>\n<li data-start=\"1469\" data-end=\"1523\"><strong data-start=\"1471\" data-end=\"1495\">Virement bancar SEPA<\/strong> (pentru pl\u0103\u021bi europene)<\/li>\n<\/ul>\n<p data-start=\"1525\" data-end=\"1844\"><strong data-start=\"1525\" data-end=\"1569\">5. Exist\u0103 reduceri pentru comenzile mari?<\/strong><br data-start=\"1569\" data-end=\"1572\" \/>Da, la Wide Vape oferim pre\u021buri deosebit de atractive pentru comenzile mari. Cu c\u00e2t comanda\u021bi mai multe \u021big\u0103ri electronice de unic\u0103 folosin\u021b\u0103, cu at\u00e2t pre\u021bul pe bucat\u0103 devine mai mic. Pentru informa\u021bii detaliate despre reduceri \u0219i oferte speciale, ne pute\u021bi contacta oric\u00e2nd prin e-mail.<\/p>\n<p data-start=\"1846\" data-end=\"1937\"><strong data-start=\"1846\" data-end=\"1884\">6. C\u00e2t dureaz\u0103 livrarea?<\/strong><br data-start=\"1884\" data-end=\"1887\" \/>Timpii de livrare depind de metoda de expediere:<\/p>\n<ul data-start=\"1938\" data-end=\"2002\">\n<li data-start=\"1938\" data-end=\"1972\"><strong data-start=\"1940\" data-end=\"1963\">Depozit european:<\/strong> 3-7 zile<\/li>\n<li data-start=\"1973\" data-end=\"2002\"><strong data-start=\"1975\" data-end=\"1991\">Depozitul Chinei:<\/strong> 12-15 zile<\/li>\n<\/ul>\n<p data-start=\"2004\" data-end=\"2144\">Toate comenzile sunt ambalate \u0219i expediate rapid \u0219i \u00een siguran\u021b\u0103 pentru a asigura c\u0103 produsele dvs. ajung \u00een stare perfect\u0103.<\/p>\n<p data-start=\"2146\" data-end=\"2416\"><strong data-start=\"2146\" data-end=\"2205\">7. Cum pot s\u0103 v\u0103 contactez dac\u0103 am \u00eentreb\u0103ri?<\/strong><br data-start=\"2205\" data-end=\"2208\" \/>Ne pute\u021bi contacta \u00een orice moment prin e-mail la adresa <strong data-start=\"2250\" data-end=\"2271\"><a rel=\"noopener\" data-start=\"2252\" data-end=\"2269\">info@widevape.com<\/a><\/strong> Contacta\u021bi-ne. Echipa noastr\u0103 de servicii clien\u021bi este la dispozi\u021bia dvs. pentru a r\u0103spunde la toate \u00eentreb\u0103rile \u0219i pentru a v\u0103 ajuta cu achizi\u021bia dvs.<\/p>\n<p data-start=\"2418\" data-end=\"2651\"><strong data-start=\"2418\" data-end=\"2453\">8. De unde provin produsele dvs.?<\/strong><br data-start=\"2453\" data-end=\"2456\" \/>Produsele noastre provin fie din depozitul nostru din Europa, fie direct din China. Garant\u0103m calitatea produselor noastre \u0219i respectarea tuturor standardelor europene pentru \u021big\u0103rile electronice.<\/p>\n<p data-start=\"2653\" data-end=\"2942\"><strong data-start=\"2653\" data-end=\"2711\">9. Pot s\u0103 comand \u0219i ca persoan\u0103 fizic\u0103 de la dumneavoastr\u0103?<\/strong><br data-start=\"2711\" data-end=\"2714\" \/>Site-ul nostru web este conceput \u00een principal pentru comenzi mari \u0219i pentru domeniul bulk. Comenzile individuale sunt de obicei posibile, dar recomand\u0103m s\u0103 comanda\u021bi cantit\u0103\u021bi mai mari pentru a beneficia de pre\u021buri mai mici.<\/p>\n<p data-start=\"2944\" data-end=\"3282\"><strong data-start=\"2944\" data-end=\"2997\">10. Ce garan\u021bie oferi\u021bi pentru produsele dvs.?<\/strong><br data-start=\"2997\" data-end=\"3000\" \/>Oferim o garan\u021bie de calitate pentru toate produsele v\u00e2ndute prin site-ul nostru. \u00cen cazul \u00een care exist\u0103 o problem\u0103 cu produsele primite, v\u0103 rug\u0103m s\u0103 contacta\u021bi serviciul nostru clien\u021bi pentru a g\u0103si o solu\u021bie. Pentru mai multe detalii despre garan\u021bie, v\u0103 rug\u0103m s\u0103 consulta\u021bi termenii \u0219i condi\u021biile noastre.<\/p>","protected":false},"excerpt":{"rendered":"<p>FAQ f\u00fcr Wide Vape \u2013 Premium Einweg E-Zigaretten aus Deutschland 1. Was ist Wide Vape?Wide Vape ist ein f\u00fchrender Anbieter von Premium Einweg E-Zigaretten, die exklusiv in Europa verkauft werden. Wir bieten eine gro\u00dfe Auswahl an hochwertigen Marken wie Bang Box, RandM, Waspe, Elf Box, Al Fakher, VOPK und Vozol, die haupts\u00e4chlich im Gro\u00dfhandel oder[Erfahren Sie mehr&#8230;]\n","protected":false},"author":1,"featured_media":0,"parent":0,"menu_order":0,"comment_status":"closed","ping_status":"closed","template":"","meta":{"footnotes":""},"class_list":["post-21814","page","type-page","status-publish","hentry"],"_links":{"self":[{"href":"https:\/\/widevape.com\/ro\/wp-json\/wp\/v2\/pages\/21814","targetHints":{"allow":["GET"]}}],"collection":[{"href":"https:\/\/widevape.com\/ro\/wp-json\/wp\/v2\/pages"}],"about":[{"href":"https:\/\/widevape.com\/ro\/wp-json\/wp\/v2\/types\/page"}],"author":[{"embeddable":true,"href":"https:\/\/widevape.com\/ro\/wp-json\/wp\/v2\/users\/1"}],"replies":[{"embeddable":true,"href":"https:\/\/widevape.com\/ro\/wp-json\/wp\/v2\/comments?post=21814"}],"version-history":[{"count":0,"href":"https:\/\/widevape.com\/ro\/wp-json\/wp\/v2\/pages\/21814\/revisions"}],"wp:attachment":[{"href":"https:\/\/widevape.com\/ro\/wp-json\/wp\/v2\/media?parent=21814"}],"curies":[{"name":"wp","href":"https:\/\/api.w.org\/{rel}","templated":true}]}}