{"id":23598,"date":"2025-02-26T08:54:38","date_gmt":"2025-02-26T07:54:38","guid":{"rendered":"https:\/\/widevape.com\/?page_id=23598"},"modified":"2025-02-26T08:54:38","modified_gmt":"2025-02-26T07:54:38","slug":"metode-de-plata","status":"publish","type":"page","link":"https:\/\/widevape.com\/ro\/zahlungsmethoden\/","title":{"rendered":"Metode de plat\u0103"},"content":{"rendered":"<h3 data-start=\"0\" data-end=\"64\">Metode de plat\u0103 la Wide Vape - Cump\u0103ra\u021bi \u00een siguran\u021b\u0103 \u0219i confortabil<\/h3>\n<p data-start=\"66\" data-end=\"463\">Wide Vape v\u0103 ofer\u0103 o modalitate u\u0219oar\u0103 \u0219i sigur\u0103 de a v\u0103 pl\u0103ti comenzile, astfel \u00eenc\u00e2t s\u0103 v\u0103 pute\u021bi concentra asupra a ceea ce conteaz\u0103 cel mai mult: selectarea celor mai bune \u021big\u0103ri electronice de unic\u0103 folosin\u021b\u0103 premium din Germania. Accept\u0103m diferite metode de plat\u0103 care v\u0103 permit o plat\u0103 convenabil\u0103 \u0219i flexibil\u0103, indiferent dac\u0103 sunte\u021bi rezident \u00een Europa sau comanda\u021bi la nivel interna\u021bional.<\/p>\n<h4 data-start=\"465\" data-end=\"526\">1. <strong data-start=\"473\" data-end=\"526\">Carduri de credit (Visa, MasterCard, American Express)<\/strong><\/h4>\n<p data-start=\"527\" data-end=\"862\">Pentru o plat\u0103 rapid\u0103 \u0219i f\u0103r\u0103 probleme, accept\u0103m carduri de credit comune, cum ar fi Visa, MasterCard \u0219i American Express. Aceast\u0103 metod\u0103 de plat\u0103 este disponibil\u0103 la nivel mondial \u0219i garanteaz\u0103 o procesare sigur\u0103 \u0219i imediat\u0103. Datele dvs. sunt protejate de protocoalele de securitate cele mai recente, astfel \u00eenc\u00e2t pute\u021bi cump\u0103ra \u00een siguran\u021b\u0103.<\/p>\n<h4 data-start=\"864\" data-end=\"921\">2. <strong data-start=\"872\" data-end=\"921\">Virement bancar (virament \/ Transfer bancar)<\/strong><\/h4>\n<p data-start=\"922\" data-end=\"1278\">Pentru comenzile mai mari, v\u0103 oferim posibilitatea de a pl\u0103ti prin transfer bancar. Aceast\u0103 metod\u0103 este deosebit de potrivit\u0103 pentru comenzile en gros sau \u00een cantit\u0103\u021bi mari, deoarece ofer\u0103 o securitate \u0219i o flexibilitate ridicat\u0103 a tranzac\u021biilor. V\u0103 rug\u0103m s\u0103 re\u021bine\u021bi c\u0103 pl\u0103\u021bile prin transfer bancar pot dura, de obicei, c\u00e2teva zile lucr\u0103toare, \u00een func\u021bie de banca dvs.<\/p>\n<h4 data-start=\"1280\" data-end=\"1307\">3. <strong data-start=\"1288\" data-end=\"1307\">Monedele criptografice<\/strong><\/h4>\n<p data-start=\"1308\" data-end=\"1638\">Pentru clien\u021bii care prefer\u0103 anonimatul \u0219i securitatea criptomonedelor, oferim posibilitatea de a pl\u0103ti cu criptomonede de top, cum ar fi Bitcoin \u0219i Ethereum. Aceast\u0103 metod\u0103 de plat\u0103 v\u0103 ofer\u0103 nu numai protec\u021bia datelor cu caracter personal, ci \u0219i tranzac\u021bii rapide, f\u0103r\u0103 a fi necesar\u0103 o conexiune bancar\u0103 tradi\u021bional\u0103.<\/p>\n<h4 data-start=\"1640\" data-end=\"1691\">4. <strong data-start=\"1648\" data-end=\"1691\">iDEAL (pentru clien\u021bii din Olanda)<\/strong><\/h4>\n<p data-start=\"1692\" data-end=\"1973\">Dac\u0103 sunte\u021bi rezident \u00een Olanda, pute\u021bi pl\u0103ti convenabil cu iDEAL - una dintre cele mai populare metode de plat\u0103 din aceast\u0103 \u021bar\u0103. iDEAL v\u0103 permite s\u0103 pl\u0103ti\u021bi direct din contul dvs. bancar \u0219i tranzac\u021bia este procesat\u0103 imediat. Simplu, rapid \u0219i sigur!<\/p>\n<h4 data-start=\"1975\" data-end=\"2022\">5. <strong data-start=\"1983\" data-end=\"2022\">Bancontact (pentru clien\u021bii din Belgia)<\/strong><\/h4>\n<p data-start=\"2023\" data-end=\"2301\">Pentru clien\u021bii no\u0219tri belgieni, oferim plata prin Bancontact. Aceast\u0103 metod\u0103 de plat\u0103 este foarte r\u0103sp\u00e2ndit\u0103 \u00een Belgia \u0219i permite o plat\u0103 rapid\u0103 \u0219i sigur\u0103 direct de pe contul dvs. bancar. Cu Bancontact, pute\u021bi pl\u0103ti achizi\u021biile dvs. f\u0103r\u0103 probleme \u0219i f\u0103r\u0103 ocoli\u0219uri.<\/p>\n<h4 data-start=\"2303\" data-end=\"2356\">6. <strong data-start=\"2311\" data-end=\"2356\">Transfer SEPA (pentru clien\u021bii europeni)<\/strong><\/h4>\n<p data-start=\"2357\" data-end=\"2694\">Pentru clien\u021bii din cadrul Uniunii Europene, oferim transferul SEPA ca op\u021biune de plat\u0103 suplimentar\u0103. Aceast\u0103 metod\u0103 permite un transfer bancar rapid \u0219i ieftin \u00een cadrul spa\u021biului european de pl\u0103\u021bi. Procesarea se realizeaz\u0103, de obicei, \u00een termen de 1-2 zile lucr\u0103toare, astfel \u00eenc\u00e2t s\u0103 pute\u021bi primi rapid comanda dvs.<\/p>\n<hr data-start=\"2696\" data-end=\"2699\" \/>\n<h3 data-start=\"2701\" data-end=\"2733\">Avantajele dvs. la Wide Vape:<\/h3>\n<ul data-start=\"2734\" data-end=\"3133\">\n<li data-start=\"2734\" data-end=\"2833\"><strong data-start=\"2736\" data-end=\"2751\">Siguran\u021b\u0103:<\/strong> Toate pl\u0103\u021bile sunt procesate prin canale sigure pentru a v\u0103 proteja datele.<\/li>\n<li data-start=\"2834\" data-end=\"2914\"><strong data-start=\"2836\" data-end=\"2849\">Diversitate:<\/strong> O gam\u0103 larg\u0103 de metode de plat\u0103 pentru confortul dvs.<\/li>\n<li data-start=\"2915\" data-end=\"3012\"><strong data-start=\"2917\" data-end=\"2935\">Viteza:<\/strong> Procesare rapid\u0103 a pl\u0103\u021bilor, \u00een special pentru carduri de credit \u0219i criptomonede.<\/li>\n<li data-start=\"3013\" data-end=\"3133\"><strong data-start=\"3015\" data-end=\"3032\">Flexibilitate:<\/strong> Perfect pentru achizi\u021bii en gros sau \u00een cantit\u0103\u021bi mari - alege\u021bi metoda care vi se potrive\u0219te cel mai bine.<\/li>\n<\/ul>\n<p data-start=\"3135\" data-end=\"3474\">Cu selec\u021bia noastr\u0103 larg\u0103 de metode de plat\u0103, este mai u\u0219or ca niciodat\u0103 s\u0103 comanda\u021bi \u021big\u0103ri electronice de unic\u0103 folosin\u021b\u0103 premium \u0219i s\u0103 beneficia\u021bi de cele mai bune pre\u021buri din Europa. Indiferent dac\u0103 proveni\u021bi din Germania, Olanda, Belgia sau dintr-o alt\u0103 \u021bar\u0103 european\u0103 - v\u0103 oferim solu\u021bia potrivit\u0103 pentru o plat\u0103 u\u0219oar\u0103 \u0219i sigur\u0103.<\/p>\n<hr data-start=\"3476\" data-end=\"3479\" \/>\n<p data-start=\"3481\" data-end=\"3759\">Dac\u0103 ave\u021bi \u00eentreb\u0103ri suplimentare despre metodele noastre de plat\u0103 sau ave\u021bi nevoie de asisten\u021b\u0103 pentru comand\u0103, suntem aici pentru dumneavoastr\u0103 \u00een orice moment. Pur \u0219i simplu ne contacta\u021bi la <a rel=\"noopener\" data-start=\"3665\" data-end=\"3710\">info@widevape.com<\/a>, \u0219i echipa noastr\u0103 v\u0103 va ajuta \u00een cur\u00e2nd.<\/p>\n<h4 data-start=\"3761\" data-end=\"3818\">\u00centreb\u0103ri frecvente despre metodele noastre de plat\u0103:<\/h4>\n<ol data-start=\"3819\" data-end=\"4227\">\n<li data-start=\"3819\" data-end=\"3970\">\n<p data-start=\"3822\" data-end=\"3970\"><strong data-start=\"3822\" data-end=\"3864\">C\u00e2t dureaz\u0103 un transfer bancar?<\/strong> Transferurile bancare dureaz\u0103, de obicei, 1-3 zile lucr\u0103toare. Transferurile interna\u021bionale pot dura mai mult.<\/p>\n<\/li>\n<li data-start=\"3972\" data-end=\"4094\">\n<p data-start=\"3975\" data-end=\"4094\"><strong data-start=\"3975\" data-end=\"4020\">Ce criptomonede sunt acceptate?<\/strong> Accept\u0103m Bitcoin, Ethereum \u0219i alte criptomonede comune.<\/p>\n<\/li>\n<li data-start=\"4096\" data-end=\"4227\">\n<p data-start=\"4099\" data-end=\"4227\"><strong data-start=\"4099\" data-end=\"4149\">Pot combina mai multe metode de plat\u0103?<\/strong> Din nefericire, pute\u021bi utiliza o singur\u0103 metod\u0103 de plat\u0103 pentru o comand\u0103.<\/p>\n<\/li>\n<\/ol>","protected":false},"excerpt":{"rendered":"<p>Zahlungsmethoden bei Wide Vape \u2013 Sicher und bequem einkaufen Wide Vape bietet Ihnen eine einfache und sichere M\u00f6glichkeit, Ihre Bestellungen zu bezahlen, damit Sie sich auf das Wesentliche konzentrieren k\u00f6nnen: die Auswahl der besten Premium Einweg E-Zigaretten aus Deutschland. Wir akzeptieren verschiedene Zahlungsmethoden, die Ihnen eine bequeme und flexible Bezahlung erm\u00f6glichen, ganz gleich, ob Sie[Erfahren Sie mehr&#8230;]\n","protected":false},"author":1,"featured_media":0,"parent":0,"menu_order":0,"comment_status":"closed","ping_status":"closed","template":"","meta":{"footnotes":""},"class_list":["post-23598","page","type-page","status-publish","hentry"],"_links":{"self":[{"href":"https:\/\/widevape.com\/ro\/wp-json\/wp\/v2\/pages\/23598","targetHints":{"allow":["GET"]}}],"collection":[{"href":"https:\/\/widevape.com\/ro\/wp-json\/wp\/v2\/pages"}],"about":[{"href":"https:\/\/widevape.com\/ro\/wp-json\/wp\/v2\/types\/page"}],"author":[{"embeddable":true,"href":"https:\/\/widevape.com\/ro\/wp-json\/wp\/v2\/users\/1"}],"replies":[{"embeddable":true,"href":"https:\/\/widevape.com\/ro\/wp-json\/wp\/v2\/comments?post=23598"}],"version-history":[{"count":0,"href":"https:\/\/widevape.com\/ro\/wp-json\/wp\/v2\/pages\/23598\/revisions"}],"wp:attachment":[{"href":"https:\/\/widevape.com\/ro\/wp-json\/wp\/v2\/media?parent=23598"}],"curies":[{"name":"wp","href":"https:\/\/api.w.org\/{rel}","templated":true}]}}