{"id":23770,"date":"2025-02-26T10:21:52","date_gmt":"2025-02-26T09:21:52","guid":{"rendered":"https:\/\/widevape.com\/?page_id=23770"},"modified":"2025-02-26T10:21:52","modified_gmt":"2025-02-26T09:21:52","slug":"conditii-de-returnare","status":"publish","type":"page","link":"https:\/\/widevape.com\/ro\/rueckgabebedingungen\/","title":{"rendered":"Condi\u021bii de returnare"},"content":{"rendered":"<p data-start=\"113\" data-end=\"207\"><strong data-start=\"113\" data-end=\"207\">V\u0103 mul\u021bumim foarte mult pentru achizi\u021bia dvs. de la Wide Vape - \u021big\u0103ri electronice de unic\u0103 folosin\u021b\u0103 premium din Germania.<\/strong><\/p>\n<p data-start=\"209\" data-end=\"418\">Dorim ca achizi\u021bia dvs. s\u0103 fie complet satisf\u0103c\u0103toare. Cu toate acestea, dac\u0103 dintr-un anumit motiv este necesar\u0103 ini\u021bierea unei return\u0103ri, aici g\u0103si\u021bi condi\u021biile detaliate de returnare:<\/p>\n<h4 data-start=\"420\" data-end=\"441\">1. Termen de returnare<\/h4>\n<p data-start=\"442\" data-end=\"732\">\u00cencep\u00e2nd cu accept\u0103m return\u0103ri \u00een termen de <strong data-start=\"482\" data-end=\"527\">La 14 zile de la primirea comenzii dvs.<\/strong>, cu condi\u021bia ca produsul s\u0103 fie \u00een stare perfect\u0103 \u0219i nedeschis. V\u0103 rug\u0103m s\u0103 re\u021bine\u021bi c\u0103, din motive de igien\u0103 \u0219i siguran\u021b\u0103, nu putem primi \u00eenapoi produse deschise sau folosite.<\/p>\n<h4 data-start=\"734\" data-end=\"761\">2. Condi\u021bii de returnare<\/h4>\n<p data-start=\"762\" data-end=\"889\">Pentru a ini\u021bia o returnare, v\u0103 rug\u0103m s\u0103 ne contacta\u021bi prin e-mail la <strong data-start=\"835\" data-end=\"856\"><a rel=\"noopener\" data-start=\"837\" data-end=\"854\">info@widevape.com<\/a><\/strong> cu urm\u0103toarele informa\u021bii:<\/p>\n<ul data-start=\"890\" data-end=\"947\">\n<li data-start=\"890\" data-end=\"905\">Num\u0103r de ordine<\/li>\n<li data-start=\"906\" data-end=\"926\">Denumirea produsului<\/li>\n<li data-start=\"927\" data-end=\"947\">Motivul return\u0103rii<\/li>\n<\/ul>\n<p data-start=\"949\" data-end=\"1093\">Returul se efectueaz\u0103 pe cheltuiala dvs., cu excep\u021bia cazului \u00een care produsul este defect sau deteriorat. \u00cen acest caz, vom suporta costurile de retur.<\/p>\n<h4 data-start=\"1095\" data-end=\"1117\">3. Rambursare<\/h4>\n<p data-start=\"1118\" data-end=\"1331\">Dup\u0103 primirea \u0219i verificarea returului, v\u0103 vom rambursa suma de cump\u0103rare \u00een termen de <strong data-start=\"1205\" data-end=\"1220\">7 zile lucr\u0103toare<\/strong> pe metoda de plat\u0103 original\u0103, minus orice costuri de returnare (dac\u0103 este cazul).<\/p>\n<h4 data-start=\"1333\" data-end=\"1378\">4. Produse deteriorate sau defecte<\/h4>\n<p data-start=\"1379\" data-end=\"1679\">Dac\u0103 a\u021bi primit un produs deteriorat sau defect, v\u0103 rug\u0103m s\u0103 ne contacta\u021bi imediat, astfel \u00eenc\u00e2t s\u0103 putem g\u0103si o solu\u021bie. Noi oferim fie o \u00eenlocuire, fie o rambursare complet\u0103. \u00cen acest caz, vom prelua noi \u00een\u0219ine costurile de retur.<\/p>\n<h4 data-start=\"1681\" data-end=\"1717\">5. Anularea comenzilor<\/h4>\n<p data-start=\"1718\" data-end=\"2042\">Deoarece produsele noastre sunt destinate comenzilor mari \u0219i achizi\u021biilor \u00een vrac, v\u0103 rug\u0103m s\u0103 verifica\u021bi comanda dvs. \u00eenainte de a o finaliza. Anularea comenzii este posibil\u0103 numai at\u00e2ta timp c\u00e2t comanda nu a fost \u00eenc\u0103 expediat\u0103. Odat\u0103 ce m\u0103rfurile au fost expediate, se aplic\u0103 condi\u021biile de returnare men\u021bionate mai sus.<\/p>\n<h4 data-start=\"2044\" data-end=\"2063\">6. Retur<\/h4>\n<p data-start=\"2064\" data-end=\"2294\">V\u0103 rug\u0103m s\u0103 \u00eempacheta\u021bi produsele returnate \u00een siguran\u021b\u0103 pentru a evita deteriorarea \u00een timpul transportului. V\u0103 recomand\u0103m s\u0103 alege\u021bi un serviciu de expediere urm\u0103ribil pentru a v\u0103 asigura c\u0103 returul ajunge la noi.<\/p>\n<h4 data-start=\"2296\" data-end=\"2311\">7. Contact<\/h4>\n<p data-start=\"2312\" data-end=\"2456\">Pentru \u00eentreb\u0103ri suplimentare sau pentru ini\u021bierea unei retururi, v\u0103 rug\u0103m s\u0103 ne contacta\u021bi la: <strong data-start=\"2399\" data-end=\"2410\">E-mail:<\/strong> <a rel=\"noopener\" data-start=\"2411\" data-end=\"2456\">info@widevape.com<\/a><\/p>\n<p data-start=\"2458\" data-end=\"2536\"><strong data-start=\"2458\" data-end=\"2488\">Adres\u0103 pentru retururi:<\/strong><br data-start=\"2488\" data-end=\"2491\" \/>Wide Vape<br data-start=\"2500\" data-end=\"2503\" \/>Adresa urmeaz\u0103 s\u0103 fie furnizat\u0103 la solicitarea de contact<\/p>","protected":false},"excerpt":{"rendered":"<p>Vielen Dank f\u00fcr Ihren Einkauf bei Wide Vape \u2013 Premium Einweg E-Zigaretten aus Deutschland. Wir m\u00f6chten, dass Sie mit Ihrem Einkauf vollkommen zufrieden sind. Sollte es jedoch aus irgendeinem Grund erforderlich sein, eine R\u00fcckgabe zu veranlassen, finden Sie hier die detaillierten R\u00fcckgabebedingungen: 1. R\u00fcckgabefrist Wir akzeptieren R\u00fcckgaben innerhalb von 14 Tagen nach dem Erhalt Ihrer[Erfahren Sie mehr&#8230;]\n","protected":false},"author":1,"featured_media":0,"parent":0,"menu_order":0,"comment_status":"closed","ping_status":"closed","template":"","meta":{"footnotes":""},"class_list":["post-23770","page","type-page","status-publish","hentry"],"_links":{"self":[{"href":"https:\/\/widevape.com\/ro\/wp-json\/wp\/v2\/pages\/23770","targetHints":{"allow":["GET"]}}],"collection":[{"href":"https:\/\/widevape.com\/ro\/wp-json\/wp\/v2\/pages"}],"about":[{"href":"https:\/\/widevape.com\/ro\/wp-json\/wp\/v2\/types\/page"}],"author":[{"embeddable":true,"href":"https:\/\/widevape.com\/ro\/wp-json\/wp\/v2\/users\/1"}],"replies":[{"embeddable":true,"href":"https:\/\/widevape.com\/ro\/wp-json\/wp\/v2\/comments?post=23770"}],"version-history":[{"count":0,"href":"https:\/\/widevape.com\/ro\/wp-json\/wp\/v2\/pages\/23770\/revisions"}],"wp:attachment":[{"href":"https:\/\/widevape.com\/ro\/wp-json\/wp\/v2\/media?parent=23770"}],"curies":[{"name":"wp","href":"https:\/\/api.w.org\/{rel}","templated":true}]}}