{"id":23793,"date":"2025-02-26T10:45:12","date_gmt":"2025-02-26T09:45:12","guid":{"rendered":"https:\/\/widevape.com\/?page_id=23793"},"modified":"2025-02-26T10:45:12","modified_gmt":"2025-02-26T09:45:12","slug":"cum-se-ordona","status":"publish","type":"page","link":"https:\/\/widevape.com\/ro\/wie-man-bestellt\/","title":{"rendered":"Cum se ordon\u0103"},"content":{"rendered":"<p data-start=\"39\" data-end=\"418\">Bun venit la <strong data-start=\"54\" data-end=\"70\">WideVape.com<\/strong> \u2013 Magazinul dvs. online preferat pentru \u021big\u0103ri electronice de unic\u0103 folosin\u021b\u0103 premium din Europa! Indiferent dac\u0103 cump\u0103ra\u021bi pentru utilizare personal\u0103 sau \u00een cadrul unei tranzac\u021bii en gros, am f\u0103cut procesul de comand\u0103 simplu \u0219i u\u0219or. Urma\u021bi ace\u0219ti pa\u0219i simpli pentru a comanda rapid \u0219i comod \u021big\u0103rile electronice de unic\u0103 folosin\u021b\u0103 preferate:<\/p>\n<h3 data-start=\"420\" data-end=\"464\">Pasul 1: Descoperi\u021bi produsele noastre<\/h3>\n<ul data-start=\"465\" data-end=\"854\">\n<li data-start=\"465\" data-end=\"587\"><strong data-start=\"467\" data-end=\"497\">Vizita\u021bi pagina de start:<\/strong> Merge\u021bi mai departe <strong data-start=\"512\" data-end=\"552\"><a href=\"https:\/\/widevape.com\/ro\/\" target=\"_new\" rel=\"noopener\" data-start=\"514\" data-end=\"550\">widevape.com<\/a><\/strong>, pentru a \u00eencepe cump\u0103r\u0103turile.<\/li>\n<li data-start=\"588\" data-end=\"854\"><strong data-start=\"590\" data-end=\"611\">Prezentare general\u0103 a produsului:<\/strong> Face\u021bi clic pe meniul \u201e<strong data-start=\"638\" data-end=\"646\">Magazin<\/strong>\u201c\u00een partea de sus a paginii pentru a c\u0103uta selec\u021bia noastr\u0103 larg\u0103 de \u021big\u0103ri electronice de unic\u0103 folosin\u021b\u0103. Oferim cele mai bune m\u0103rci precum <strong data-start=\"765\" data-end=\"777\">Cutia Bang<\/strong>, <strong data-start=\"779\" data-end=\"788\">RandM<\/strong>, <strong data-start=\"790\" data-end=\"801\">Cutie de elf<\/strong>, <strong data-start=\"803\" data-end=\"816\">AL Fakher<\/strong>, <strong data-start=\"818\" data-end=\"827\">Vesp\u0103<\/strong>, <strong data-start=\"829\" data-end=\"838\">Vozol<\/strong> \u0219i multe altele.<\/li>\n<\/ul>\n<h3 data-start=\"856\" data-end=\"893\">Pasul 2: Alege\u021bi produsul dvs.<\/h3>\n<ul data-start=\"894\" data-end=\"1264\">\n<li data-start=\"894\" data-end=\"1104\"><strong data-start=\"896\" data-end=\"927\">Alegerea m\u0103rcii sau a categoriei:<\/strong> Filra\u021bi dup\u0103 marc\u0103 sau categorie de produs pentru a g\u0103si exact ceea ce ave\u021bi nevoie. Fiecare produs con\u021bine informa\u021bii detaliate despre gust, propriet\u0103\u021bi \u0219i pre\u021b.<\/li>\n<li data-start=\"1105\" data-end=\"1264\"><strong data-start=\"1107\" data-end=\"1134\">Vizualiza\u021bi detaliile produsului:<\/strong> Face\u021bi clic pe un produs pentru a afi\u0219a o descriere detaliat\u0103, aromele disponibile \u0219i recenziile clien\u021bilor.<\/li>\n<\/ul>\n<h3 data-start=\"1266\" data-end=\"1319\">Pasul 3: Ad\u0103uga\u021bi produse \u00een co\u0219ul de cump\u0103r\u0103turi<\/h3>\n<ul data-start=\"1320\" data-end=\"1602\">\n<li data-start=\"1320\" data-end=\"1460\"><strong data-start=\"1322\" data-end=\"1339\">Selecta\u021bi cantitatea:<\/strong> Decide\u021bi c\u00e2te unit\u0103\u021bi dori\u021bi s\u0103 comanda\u021bi. Cantitatea noastr\u0103 minim\u0103 de comand\u0103 \u00eencepe de la <strong data-start=\"1439\" data-end=\"1451\">10 buc\u0103\u021bi<\/strong> (1 cutie).<\/li>\n<li data-start=\"1461\" data-end=\"1602\"><strong data-start=\"1463\" data-end=\"1490\">Adaug\u0103 \u00een co\u0219:<\/strong> Face\u021bi clic pe butonul \u201e<strong data-start=\"1525\" data-end=\"1545\">\u00cen co\u0219ul de cump\u0103r\u0103turi<\/strong>\u201c, pentru a ad\u0103uga produsul selectat \u00een co\u0219ul de cump\u0103r\u0103turi.<\/li>\n<\/ul>\n<h3 data-start=\"1604\" data-end=\"1649\">Pasul 4: Verifica\u021bi co\u0219ul dumneavoastr\u0103 de cump\u0103r\u0103turi<\/h3>\n<ul data-start=\"1650\" data-end=\"1967\">\n<li data-start=\"1650\" data-end=\"1782\"><strong data-start=\"1652\" data-end=\"1674\">Vede\u021bi co\u0219ul de cump\u0103r\u0103turi:<\/strong> Face\u021bi clic pe pictograma co\u0219ului de cump\u0103r\u0103turi din partea dreapt\u0103 sus a paginii pentru a vizualiza articolele din co\u0219ul dvs.<\/li>\n<li data-start=\"1783\" data-end=\"1870\"><strong data-start=\"1785\" data-end=\"1808\">Verificarea produsului:<\/strong> Asigura\u021bi-v\u0103 c\u0103 articolele \u0219i cantit\u0103\u021bile sunt corecte.<\/li>\n<li data-start=\"1871\" data-end=\"1967\"><strong data-start=\"1873\" data-end=\"1894\">Continu\u0103 la casierie:<\/strong> Dati clic pe \u201e<strong data-start=\"1912\" data-end=\"1925\">La cas\u0103<\/strong>\u201c, pentru a continua cu procesul de comand\u0103.<\/li>\n<\/ul>\n<h3 data-start=\"1969\" data-end=\"2010\">Pasul 5: Finalizarea comenzii<\/h3>\n<ul data-start=\"2011\" data-end=\"2535\">\n<li data-start=\"2011\" data-end=\"2129\"><strong data-start=\"2013\" data-end=\"2049\">Introduce\u021bi informa\u021bii de facturare:<\/strong> Introduce\u021bi adresa de facturare, numele \u0219i informa\u021biile de contact.<\/li>\n<li data-start=\"2130\" data-end=\"2265\"><strong data-start=\"2132\" data-end=\"2158\">Adresa de livrare:<\/strong> Dac\u0103 adresa de livrare este diferit\u0103 de adresa de facturare, v\u0103 rug\u0103m s\u0103 furniza\u021bi detaliile de livrare corespunz\u0103toare.<\/li>\n<li data-start=\"2266\" data-end=\"2535\"><strong data-start=\"2268\" data-end=\"2295\">Alege\u021bi metoda de plat\u0103:<\/strong> Alege\u021bi metoda de plat\u0103 preferat\u0103. Accept\u0103m <strong data-start=\"2356\" data-end=\"2372\">Carduri de credit<\/strong>, <strong data-start=\"2374\" data-end=\"2400\">Virement bancar (SEPA)<\/strong>, <strong data-start=\"2402\" data-end=\"2421\">Monedele criptografice<\/strong>, precum \u0219i cele mai populare metode de plat\u0103 online <strong data-start=\"2470\" data-end=\"2479\">iDEAL<\/strong> (pentru \u021a\u0103rile de Jos) \u0219i <strong data-start=\"2506\" data-end=\"2520\">Bancontact<\/strong> (pentru Belgia).<\/li>\n<\/ul>\n<h3 data-start=\"2537\" data-end=\"2570\">Pasul 6: Confirmarea comenzii<\/h3>\n<ul data-start=\"2571\" data-end=\"2815\">\n<li data-start=\"2571\" data-end=\"2682\"><strong data-start=\"2573\" data-end=\"2594\">Prezentare general\u0103 a comenzilor:<\/strong> Verifica\u021bi toate detaliile, inclusiv produsele, cantit\u0103\u021bile \u0219i suma total\u0103.<\/li>\n<li data-start=\"2683\" data-end=\"2815\"><strong data-start=\"2685\" data-end=\"2712\">Finaliza\u021bi comanda:<\/strong> Dati clic pe \u201e<strong data-start=\"2730\" data-end=\"2755\">Trimite\u021bi comanda<\/strong>\u201c, pentru a finaliza comanda dvs. \u0219i a efectua achizi\u021bia.<\/li>\n<\/ul>\n<h3 data-start=\"2817\" data-end=\"2859\">Pasul 7: primi\u021bi confirmarea comenzii<\/h3>\n<ul data-start=\"2860\" data-end=\"3168\">\n<li data-start=\"2860\" data-end=\"3000\"><strong data-start=\"2862\" data-end=\"2894\">Confirmare pe site-ul web:<\/strong> Imediat dup\u0103 efectuarea comenzii, ve\u021bi primi o confirmare pe site care v\u0103 va afi\u0219a num\u0103rul comenzii.<\/li>\n<li data-start=\"3001\" data-end=\"3168\"><strong data-start=\"3003\" data-end=\"3026\">Confirmare prin e-mail:<\/strong> V\u0103 primi\u021bi un e-mail cu toate informa\u021biile despre comand\u0103, inclusiv num\u0103rul comenzii \u0219i o prezentare detaliat\u0103 a comenzii dvs.<\/li>\n<\/ul>\n<hr data-start=\"3170\" data-end=\"3173\" \/>\n<p data-start=\"3175\" data-end=\"3200\"><strong data-start=\"3175\" data-end=\"3200\">Informa\u021bii de expediere:<\/strong><\/p>\n<ul data-start=\"3201\" data-end=\"3495\">\n<li data-start=\"3201\" data-end=\"3340\"><strong data-start=\"3203\" data-end=\"3226\">Expediere din Europa:<\/strong> Comenzile care sunt expediate din depozitul nostru european au nevoie de aproximativ <strong data-start=\"3309\" data-end=\"3321\">3-7 zile<\/strong> p\u00e2n\u0103 la livrare.<\/li>\n<li data-start=\"3341\" data-end=\"3458\"><strong data-start=\"3343\" data-end=\"3365\">Expediere din China:<\/strong> Bestellungen aus unserem chinesischen Lager werden innerhalb von \n\n se vor schimba in : \nComenzile din depozitul nostru chinezesc sunt expediate \u00een termen de <strong data-start=\"3431\" data-end=\"3446\">12-15 zile<\/strong> livrat.<\/li>\n<li data-start=\"3459\" data-end=\"3495\">Livram \u00een <strong data-start=\"3476\" data-end=\"3494\">toate \u021b\u0103rile UE<\/strong>.<\/li>\n<\/ul>\n<hr data-start=\"3497\" data-end=\"3500\" \/>\n<p data-start=\"3502\" data-end=\"3636\"><strong data-start=\"3502\" data-end=\"3514\">Contact:<\/strong> Dac\u0103 ave\u021bi \u00eentreb\u0103ri sau probleme cu comanda dvs., v\u0103 rug\u0103m s\u0103 contacta\u021bi echipa noastr\u0103 de servicii clien\u021bi, prietenoas\u0103 \u0219i de ajutor:<\/p>\n<p data-start=\"3638\" data-end=\"3695\"><strong data-start=\"3638\" data-end=\"3649\">E-mail:<\/strong> <a rel=\"noopener\" data-start=\"3650\" data-end=\"3695\">info@widevape.com<\/a><\/p>\n<hr data-start=\"3697\" data-end=\"3700\" \/>\n<p data-start=\"3702\" data-end=\"3728\"><strong data-start=\"3702\" data-end=\"3728\">De ce s\u0103 alegi WideVape?<\/strong><\/p>\n<ul data-start=\"3729\" data-end=\"4077\">\n<li data-start=\"3729\" data-end=\"3885\"><strong data-start=\"3731\" data-end=\"3748\">Cele mai bune m\u0103rci:<\/strong> V\u0103 oferim numai cele mai bune m\u0103rci, cum ar fi <strong data-start=\"3792\" data-end=\"3804\">Cutia Bang<\/strong>, <strong data-start=\"3806\" data-end=\"3815\">RandM<\/strong>, <strong data-start=\"3817\" data-end=\"3826\">Vesp\u0103<\/strong>, <strong data-start=\"3828\" data-end=\"3837\">Vozol<\/strong> \u0219i multe altele la pre\u021buri garantat de mici.<\/li>\n<li data-start=\"3886\" data-end=\"3998\"><strong data-start=\"3888\" data-end=\"3912\">Oferte en gros:<\/strong> Comanda\u021bi \u00een cantit\u0103\u021bi mari \u0219i bucura\u021bi-v\u0103 de pre\u021burile noastre atractive de en-gros.<\/li>\n<li data-start=\"3999\" data-end=\"4077\"><strong data-start=\"4001\" data-end=\"4022\">Transport sigur:<\/strong> Comenzile dvs. sunt livrate \u00een siguran\u021b\u0103 \u0219i rapid.<\/li>\n<\/ul>\n<p data-start=\"4079\" data-end=\"4145\" data-is-last-node=\"\" data-is-only-node=\"\">V\u0103 mul\u021bumim foarte mult c\u0103 a\u021bi ales <strong data-start=\"4110\" data-end=\"4126\">WideVape.com<\/strong> au decis!<\/p>","protected":false},"excerpt":{"rendered":"<p>Willkommen bei WideVape.com \u2013 Ihrem bevorzugten Online-Shop f\u00fcr Premium Einweg E-Zigaretten aus Europa! Egal, ob Sie f\u00fcr den pers\u00f6nlichen Gebrauch oder im Rahmen eines Gro\u00dfhandelsgesch\u00e4fts einkaufen, wir haben den Bestellprozess einfach und unkompliziert gestaltet. Folgen Sie diesen einfachen Schritten, um Ihre Lieblings-Einweg-E-Zigaretten schnell und bequem zu bestellen: Schritt 1: Entdecken Sie unsere Produkte Besuchen Sie[Erfahren Sie mehr&#8230;]\n","protected":false},"author":1,"featured_media":0,"parent":0,"menu_order":0,"comment_status":"closed","ping_status":"closed","template":"","meta":{"footnotes":""},"class_list":["post-23793","page","type-page","status-publish","hentry"],"_links":{"self":[{"href":"https:\/\/widevape.com\/ro\/wp-json\/wp\/v2\/pages\/23793","targetHints":{"allow":["GET"]}}],"collection":[{"href":"https:\/\/widevape.com\/ro\/wp-json\/wp\/v2\/pages"}],"about":[{"href":"https:\/\/widevape.com\/ro\/wp-json\/wp\/v2\/types\/page"}],"author":[{"embeddable":true,"href":"https:\/\/widevape.com\/ro\/wp-json\/wp\/v2\/users\/1"}],"replies":[{"embeddable":true,"href":"https:\/\/widevape.com\/ro\/wp-json\/wp\/v2\/comments?post=23793"}],"version-history":[{"count":0,"href":"https:\/\/widevape.com\/ro\/wp-json\/wp\/v2\/pages\/23793\/revisions"}],"wp:attachment":[{"href":"https:\/\/widevape.com\/ro\/wp-json\/wp\/v2\/media?parent=23793"}],"curies":[{"name":"wp","href":"https:\/\/api.w.org\/{rel}","templated":true}]}}