{"id":16859,"date":"2025-02-12T04:21:39","date_gmt":"2025-02-12T03:21:39","guid":{"rendered":"https:\/\/widevape.com\/?post_type=product&#038;p=16859"},"modified":"2026-01-19T07:51:43","modified_gmt":"2026-01-19T06:51:43","slug":"waspe-crystal-40000-pufuri-dublu-gust-ecran-digital-0-2-5-continut-scazut-de-nicotina-e-tigara-de-unica-folosinta-reincarcabila-comert-cu-ridicata","status":"publish","type":"product","link":"https:\/\/widevape.com\/ro\/product\/waspe-crystal-40000-zuege-doppelgeschmack-digitaler-bildschirm-0-2-5-niedriger-nikotinanteil-wiederaufladbare-einweg-e-zigarette-grosshandel\/","title":{"rendered":"WASPE Crystal 40000 de trageri cu dublu gust Ecran digital 0%, 2%, 5% Con\u021binut sc\u0103zut de nicotin\u0103 E-\u021bigar\u0103 de unic\u0103 folosin\u021b\u0103, re\u00eenc\u0103rcabil\u0103, cu ridicata"},"content":{"rendered":"<h2><\/h2>\n<div style=\"width: 1020px;\" class=\"wp-video\"><video class=\"wp-video-shortcode\" id=\"video-16859-1\" width=\"1020\" height=\"1020\" preload=\"metadata\" controls=\"controls\"><source type=\"video\/mp4\" src=\"https:\/\/widevape.com\/wp-content\/uploads\/2025\/02\/WASPE-Crystal-40000.mp4?_=1\" \/><a href=\"https:\/\/widevape.com\/wp-content\/uploads\/2025\/02\/WASPE-Crystal-40000.mp4\">https:\/\/widevape.com\/wp-content\/uploads\/2025\/02\/WASPE-Crystal-40000.mp4<\/a><\/video><\/div>\n<h2><a href=\"https:\/\/widevape.com\/ro\/categorie-de-produs\/waspe-e-zigarete-de-unica-folosinta\/\">WASPE<\/a> Crystal 40000 de trageri: Experien\u021ba suprem\u0103 de vape de unic\u0103 folosin\u021b\u0103<\/h2>\n<p>C\u0103uta\u021bi un vape de unic\u0103 folosin\u021b\u0103 premium care ofer\u0103 o experien\u021b\u0103 de lung\u0103 durat\u0103 cu compozi\u021bii de arom\u0103 excep\u021bionale? Atunci sunte\u021bi la <strong>WASPE Crystal 40000 de trageri<\/strong> exact ceea ce trebuie pentru tine! Acest inovativ vape de unic\u0103 folosin\u021b\u0103 ofer\u0103 incredibile 40.000 de pufuri, ceea ce \u00eel face una dintre cele mai durabile op\u021biuni de pe pia\u021b\u0103. El combin\u0103 caracteristici de ultim\u0103 genera\u021bie, cum ar fi o op\u021biune de dublu gust, posibilitatea de re\u00eenc\u0103rcare \u0219i un afi\u0219aj LED, pentru a \u00eembun\u0103t\u0103\u021bi experien\u021ba de vaporizare. Disponibil \u00een diferite concentra\u021bii de nicotin\u0103 (0%, 2% \u0219i 5%) \u0219i \u00eentr-o varietate de arome interesante, acest vape este perfect pentru vapatorii ocazionali \u0219i experimenta\u021bi care caut\u0103 nivelul suprem de confort \u0219i performan\u021b\u0103.<\/p>\n<p>Ca una dintre cele mai mari platforme online pentru vape-uri de unic\u0103 folosin\u021b\u0103 din Europa, inclusiv Germania, Olanda, Belgia \u0219i Spania, ofer\u0103 <b>Widevape <\/b>Op\u021biuni de comer\u021b cu ridicata pentru WASPE Crystal 40000 de trageri. Platforma noastr\u0103 ofer\u0103 pre\u021buri competitive cu ridicata \u0219i o experien\u021b\u0103 u\u0219or de utilizat at\u00e2t pentru comercian\u021bii cu am\u0103nuntul, c\u00e2t \u0219i pentru clien\u021bii finali.<\/p>\n<h2>Caracteristicile principale ale WASPE Crystal <a href=\"https:\/\/widevape.com\/ro\/categorie-de-produs\/e-tigarete-de-unica-folosinta-dupa-tigari\/40-000-de-tigarete-electronice-de-unica-folosinta\/\">40000 de trenuri<\/a><\/h2>\n<p>Das <strong>WASPE Crystal 40000 de trageri<\/strong> <a href=\"https:\/\/widevape.com\/ro\/\">Vaporizator de unic\u0103 folosin\u021b\u0103<\/a> se remarc\u0103 prin specifica\u021biile sale impresionante \u0219i designul s\u0103u. \u00cen cele ce urmeaz\u0103, ve\u021bi g\u0103si principalele caracteristici ale acestui produs, care \u00eel fac o alegere indispensabil\u0103 pentru iubitorii de vape:<\/p>\n<ul>\n<li><strong>Trenuri<\/strong>40.000 de trenuri pentru o experien\u021b\u0103 de aburi de lung\u0103 durat\u0103.<\/li>\n<li><strong>Dubl\u0103 arom\u0103<\/strong>Ofer\u0103 dou\u0103 arome diferite \u00eentr-un singur dispozitiv, astfel \u00eenc\u00e2t s\u0103 pute\u021bi bucura de o experien\u021b\u0103 de gust variat\u0103 \u0219i intens\u0103 la fiecare tragere.<\/li>\n<li><strong>Bobin\u0103 Mesh<\/strong>Bobinele duale de 0,9 ohmi (c\u00e2te una pentru fiecare arom\u0103) asigur\u0103 o produc\u021bie uniform\u0103 \u0219i continu\u0103 de vapori \u0219i o experien\u021b\u0103 de vapare pl\u0103cut\u0103.<\/li>\n<li><strong>Capacitatea E-Liquidului<\/strong>Fiecare dispozitiv este preumplut cu 32 ml de lichid electronic, permi\u021b\u00e2ndu-v\u0103 s\u0103 v\u0103 bucura\u021bi de vaping pentru o perioad\u0103 mai lung\u0103 de timp.<\/li>\n<li><strong>Nikotin\u0103<\/strong>Alege\u021bi dintre trei niveluri de nicotin\u0103 - 0%, 2% \u0219i 5% - pentru a satisface preferin\u021bele dumneavoastr\u0103 individuale.<\/li>\n<li><strong>Capacitatea bateriei<\/strong>Echipat cu o baterie puternic\u0103 de 850mAh, care permite perioade mai lungi de utilizare \u00eentre \u00eenc\u0103rc\u0103ri.<\/li>\n<li><strong>Re\u00eenc\u0103rcabil prin Type-C<\/strong>Spre deosebire de majoritatea vape-urilor de unic\u0103 folosin\u021b\u0103, acest model poate fi re\u00eenc\u0103rcat prin Type-C, ceea ce prelunge\u0219te durata de via\u021b\u0103 a dispozitivului \u0219i asigur\u0103 c\u0103 ob\u021bine\u021bi maximum din fiecare puf.<\/li>\n<li><strong>Afi\u0219aj LED<\/strong>: Afi\u0219ajul LED integrat arat\u0103 informa\u021bii importante, cum ar fi starea bateriei, astfel \u00eenc\u00e2t pute\u021bi \u021bine cont de utilizare \u0219i de nevoile de \u00eenc\u0103rcare \u00een orice moment.<\/li>\n<li><strong>U\u0219or \u0219i compact<\/strong>Cu o greutate de numai 105 grame \u0219i dimensiunile de 61 mm x 31 mm x 115 mm, aceast\u0103 vape este u\u0219or de transportat, f\u0103r\u0103 a sacrifica performan\u021ba.<\/li>\n<li><strong>Pachet mare<\/strong>Fiecare ambalare de carton con\u021bine 200 de dispozitive, 10 dispozitive pe cutie - ideal pentru cump\u0103r\u0103torii mari \u0219i comercian\u021bii cu am\u0103nuntul.<\/li>\n<li><strong>Construc\u021bie durabil\u0103<\/strong>Das WASPE Crystal 40000 Z\u00fcge este conceput pentru utilizarea regulat\u0103 \u0219i se distinge prin durabilitatea \u0219i calitatea sa.<\/li>\n<\/ul>\n<h2>Arome WASPE Crystal 40000 puffs<\/h2>\n<p>Das <strong>WASPE Crystal 40000 de trageri<\/strong> Ofer\u0103 o varietate de op\u021biuni incitante \u0219i echilibrate \u00een ceea ce prive\u0219te gustul, care v\u0103 ridic\u0103 experien\u021ba de vaporizare la urm\u0103torul nivel. Fiecare arom\u0103 a fost creat\u0103 astfel \u00eenc\u00e2t s\u0103 ofere o experien\u021b\u0103 intens\u0103 \u0219i pl\u0103cut\u0103, care s\u0103 r\u0103spund\u0103 dorin\u021belor tuturor vaporilor. Iat\u0103 o prezentare detaliat\u0103 a aromelor disponibile:<\/p>\n<h4>1. <strong>Pepene verde Ghea\u021b\u0103 &amp; L\u0103m\u00e2ie Lime<\/strong><\/h4>\n<p>O amestec r\u0103coritor de gust de pepene verde suculent \u0219i prospe\u021bimea vibrant\u0103 a l\u0103m\u00e2ii \u0219i a limesului. Gustul de pepene verde ofer\u0103 o baz\u0103 dulce, \u00een timp ce limesul adaug\u0103 o not\u0103 vibrant\u0103 \u0219i r\u0103coritoare - perfect pentru var\u0103!<\/p>\n<h4>2. <strong>Red Bull Ice &amp; Strawberry Mango<\/strong><\/h4>\n<p>O combina\u021bie revigorant\u0103 a gustului cunoscut de Red Bull cu dulcea\u021ba tropical\u0103 a c\u0103p\u0219unii \u0219i mango. Finalul r\u0103coritor asigur\u0103 o senza\u021bie de prospe\u021bime \u0219i este ideal pentru to\u021bi cei care caut\u0103 o experien\u021b\u0103 de vaporizare revigorant\u0103.<\/p>\n<h4>3. <strong>Strawberry Red Bull &amp; Blueberry Cherry -&gt; Red Bull de c\u0103p\u0219uni &amp; Cire\u0219\u0103 de afine<\/strong><\/h4>\n<p>O pereche intensiv\u0103, care combin\u0103 gustul plin de energie al lui Red Bull cu c\u0103p\u0219una dulce. Murele \u0219i cire\u0219ele completeaz\u0103 totul \u0219i ofer\u0103 o combina\u021bie de gusturi complex\u0103, fructat\u0103, care este at\u00e2t \u00eenvior\u0103toare, c\u00e2t \u0219i delicioas\u0103.<\/p>\n<h4>4. <strong>Blueberry Candy &amp; Strawberry Watermelon \n\nse traduce literalmente \u00een \n\n Bomboane de Afine \u0219i Pepene de C\u0103p\u0219uni \n\n dar \u00een cazul \u00een care denumirea este un nume propriu sau o denumire comercial\u0103 se p\u0103streaz\u0103 forma original\u0103 \n\n Blueberry Candy &amp; Strawberry Watermelon<\/strong><\/h4>\n<p>Pentru iubitorii de arome dulci, aceast\u0103 amestecare ofer\u0103 o combina\u021bie de afine \u0219i c\u0103p\u0219uni, amestecate cu o not\u0103 de glazur\u0103 de zah\u0103r care aminte\u0219te de bomboane. Notele dulci \u0219i fructate ofer\u0103 o experien\u021b\u0103 de vaporizare dulce \u0219i nostalgic\u0103.<\/p>\n<h4>5. <strong>Strawberry Kiwi &amp; Strawberry Cherry \n\n(or eventual translation, if needed)\n\nFragiz\u0103 Kiwi &amp; Fragiz\u0103 Cire\u0219 \n\nbecame \n\nFragiz\u0103 Kiwi &amp; Fragiz\u0103 Cire\u0219<\/strong><\/h4>\n<p>C\u0103p\u0219unile \u0219i kiwiul se unesc \u00eentr-un amestec r\u0103coritor, \u00een timp ce cirea\u0219a dulce completeaz\u0103 imaginea de ansamblu. Aceast\u0103 arom\u0103 ofer\u0103 echilibrul perfect \u00eentre fructozitate \u0219i o lovitur\u0103 u\u0219or acr\u0103.<\/p>\n<h4>6. <strong>Blueberry Raspberry &amp; Peach Berry Ice -&gt; Blueberry Raspberry &amp; Peach Berry Ice \n\n (No translation needed, kept original)<\/strong><\/h4>\n<p>O experien\u021b\u0103 fructat\u0103, care combin\u0103 dulcea\u021ba afinelor \u0219i a zmeurelor cu gustul proasp\u0103t \u0219i r\u0103coritor al piersicilor. Finalul r\u0103coritor asigur\u0103 o impresie de vapoare r\u0103coritoare \u0219i pl\u0103cut\u0103.<\/p>\n<h4>7. <strong>Strawberry Raspberry Cherry &amp; Love 666<\/strong><\/h4>\n<p>O trilogie seduc\u0103toare de c\u0103p\u0219uni, zmeur\u0103 \u0219i cire\u0219e, completat\u0103 cu arom\u0103 misterioas\u0103 \u201eLove 666\u201c. Aceast\u0103 amestec\u0103tur\u0103 este dulce, fructat\u0103 \u0219i incitant\u0103 \u00een acela\u0219i timp.<\/p>\n<h4>8. <strong>Peach Ice &amp; Watermelon Mango Peach<\/strong><\/h4>\n<p>O experien\u021b\u0103 tropical\u0103 de gust, care combin\u0103 piersici dulci cu pepene verde \u0219i mango. Finalul \u00eenghe\u021bat ofer\u0103 un impuls r\u0103coritor \u0219i face aceast\u0103 amestecare o alegere perfect\u0103 pentru zilele calde de var\u0103.<\/p>\n<h4>9. <strong>Strawberry Banana &amp; Pineapple Coconut Ice -&gt; \n\n(Zeama de) C\u0103p\u0219uni, Banane \u0219i Ananas cu nuc\u0103 de cocos \u00eenghe\u021bat\u0103<\/strong><\/h4>\n<p>O amestec cremos, tropical de c\u0103p\u0219uni \u0219i banane, care este \u00eembun\u0103t\u0103\u021bit cu o not\u0103 de ananas \u0219i nuc\u0103 de cocos r\u0103coritoare. Aceast\u0103 combina\u021bie ofer\u0103 o experien\u021b\u0103 de vapoare lin\u0103 \u0219i \u00een acela\u0219i timp r\u0103coroas\u0103.<\/p>\n<h4>10. <strong>Grape Ice &amp; Black Dragon Ice<\/strong><\/h4>\n<p>Un gust intens cu dulcea\u021ba strugurilor \u0219i aroma exotic\u0103 \u201eBlack Dragon\u201c. Reten\u021bia rece de mentol asigur\u0103 o vaporizare r\u0103coritoare \u0219i revigorant\u0103, pe care fanii mentolului o vor iubi.<\/p>\n<h4>11. <strong>Fructe de p\u0103dure mixte \u0219i l\u0103m\u00e2iad\u0103 de zmeur\u0103<\/strong><\/h4>\n<p>O amestec fructat de fructe de p\u0103dure amestecate \u0219i limonad\u0103 de zmeur\u0103. Aceast\u0103 combina\u021bie de arome reune\u0219te dulcea\u021ba \u0219i aciditatea \u0219i ofer\u0103 o experien\u021b\u0103 de vaporizare r\u0103coritoare cu un efect revigorant.<\/p>\n<h4>12. <strong>Blueberry Ice &amp; Cherry Cola Ice \n\n(G\u0103sit deja \u00een rom\u00e2n\u0103, deci) \n Blueberry Ice &amp; Cherry Cola Ice r\u0103m\u00e2ne \n\ntraducerea este \n Ice Blueberry &amp; Ice Cherry Cola<\/strong><\/h4>\n<p>Amestecul perfect de afine dulci \u0219i gustul clasic de cola de cire\u0219e, combinat cu o finishare rece de mentol. Aceast\u0103 combina\u021bie r\u0103coritoare \u0219i \u00een\u021bep\u0103toare va \u00eenc\u00e2nta iubitorii de arome de cola \u0219i mentol.<\/p>\n<h2>De ce <strong>WASPE Crystal 40000 de trageri<\/strong> pentru angrosi\u0219ti?<\/h2>\n<ul>\n<li><strong>Un\u00fcbertroffener Wert \n Valor incomparabil<\/strong>: Cu p\u00e2n\u0103 la 40.000 de trageri pe dispozitiv, WASPE Crystal ofer\u0103 o valoare excep\u021bional\u0103, \u00een special \u00een cazul unei achizi\u021bii en gros.<\/li>\n<li><strong>Rabaturi en-gros<\/strong>Widevape ofer\u0103 pre\u021buri competitive pentru cump\u0103r\u0103tori mari \u0219i angro \u00een Germania, Olanda, Belgia \u0219i Spania - ideal pentru comercian\u021bii cu am\u0103nuntul \u0219i rev\u00e2nz\u0103tori.<\/li>\n<li><strong>Re\u00eenc\u0103rcabil<\/strong>Re\u00eenc\u0103rcabilitatea de tip C asigur\u0103 c\u0103 dispozitivul dureaz\u0103 mai mult timp \u0219i pute\u021bi maximiza investi\u021bia.<\/li>\n<li><strong>Calitate \u00eenalt\u0103<\/strong>: Crystalul WASPE de 40000 de trageri este un produs de \u00eenalt\u0103 calitate, conceput pentru utilizare regulat\u0103 \u0219i apreciat de vapori\u0219tii preten\u021bio\u0219i.<\/li>\n<\/ul>\n<h2>Comanda\u021bi asta <strong>WASPE Crystal 40000 de trageri<\/strong> la <a href=\"https:\/\/widevape.com\/ro\/\">Widevape<\/a><\/h2>\n<p>Pentru cele mai bune oferte pentru <strong>WASPE Crystal 40000 de trageri<\/strong> Vape de unic\u0103 folosin\u021b\u0103 vizita\u021bi Widevape. Ca platform\u0103 lider \u00een Europa pentru comer\u021bul cu ridicata de vape de unic\u0103 folosin\u021b\u0103, oferim pre\u021buri de ne\u00eenvins \u0219i livr\u0103ri rapide, asigurate \u00een \u021b\u0103ri precum Germania, Olanda, Belgia \u0219i Spania. Indiferent dac\u0103 dori\u021bi s\u0103 comanda\u021bi pentru utilizare personal\u0103 sau s\u0103 v\u0103 re\u00eennoi\u021bi stocurile de v\u00e2nzare cu am\u0103nuntul, la noi g\u0103si\u021bi tot ce ave\u021bi nevoie.<\/p>\n<p>Sus\u021binem diferite metode de plat\u0103, inclusiv PayPal, carduri de credit, iDEAL (pentru Olanda), Bancontact (pentru Belgia) \u0219i transferuri bancare SEPA pentru o plat\u0103 u\u0219oar\u0103.<\/p>\n<p>o tranzac\u021bie \u00een toat\u0103 Europa.<\/p>\n<h2>Concluzie<\/h2>\n<p>Das <strong>WASPE Crystal 40000 de trageri<\/strong> Vape de unic\u0103 folosin\u021b\u0103 este un produs revolu\u021bionar care ofer\u0103 performan\u021b\u0103 excep\u021bional\u0103, o varietate de arome \u0219i u\u0219urin\u021b\u0103 \u00een utilizare. Cu durata sa de via\u021b\u0103 lung\u0103, aromele duble \u0219i posibilitatea de re\u00eenc\u0103rcare, este alegerea perfect\u0103 pentru vapori care apreciaz\u0103 calitatea \u0219i confortul. Vizita\u021bi Widevape pentru a plasa comanda ast\u0103zi \u0219i pentru a primi reduceri exclusive la comenzile mari ale acestui vape de unic\u0103 folosin\u021b\u0103 indispensabil!<\/p>\n<p><img loading=\"lazy\" decoding=\"async\" class=\"alignnone wp-image-17211 size-full\" src=\"https:\/\/widevape.com\/wp-content\/uploads\/2025\/02\/WASPE_Crysta-9.webp\" alt=\"WASPE Crystal 40000 de trageri cu dublu gust Ecran digital 0%, 2%, 5% Con\u021binut sc\u0103zut de nicotin\u0103 E-\u021bigar\u0103 de unic\u0103 folosin\u021b\u0103, re\u00eenc\u0103rcabil\u0103, cu ridicata\" width=\"1060\" height=\"1060\" srcset=\"https:\/\/widevape.com\/wp-content\/uploads\/2025\/02\/WASPE_Crysta-9.webp 1060w, https:\/\/widevape.com\/wp-content\/uploads\/2025\/02\/WASPE_Crysta-9-247x247.webp 247w, https:\/\/widevape.com\/wp-content\/uploads\/2025\/02\/WASPE_Crysta-9-100x100.webp 100w, https:\/\/widevape.com\/wp-content\/uploads\/2025\/02\/WASPE_Crysta-9-510x510.webp 510w, https:\/\/widevape.com\/wp-content\/uploads\/2025\/02\/WASPE_Crysta-9-300x300.webp 300w, https:\/\/widevape.com\/wp-content\/uploads\/2025\/02\/WASPE_Crysta-9-1024x1024.webp 1024w, https:\/\/widevape.com\/wp-content\/uploads\/2025\/02\/WASPE_Crysta-9-150x150.webp 150w, https:\/\/widevape.com\/wp-content\/uploads\/2025\/02\/WASPE_Crysta-9-768x768.webp 768w\" sizes=\"auto, (max-width: 1060px) 100vw, 1060px\" \/> <img loading=\"lazy\" decoding=\"async\" class=\"alignnone wp-image-17210 size-full\" src=\"https:\/\/widevape.com\/wp-content\/uploads\/2025\/02\/WASPE_Crysta-8.webp\" alt=\"WASPE Crystal 40000 de trageri cu dublu gust Ecran digital 0%, 2%, 5% Con\u021binut sc\u0103zut de nicotin\u0103 E-\u021bigar\u0103 de unic\u0103 folosin\u021b\u0103, re\u00eenc\u0103rcabil\u0103, cu ridicata\" width=\"1060\" height=\"1060\" srcset=\"https:\/\/widevape.com\/wp-content\/uploads\/2025\/02\/WASPE_Crysta-8.webp 1060w, https:\/\/widevape.com\/wp-content\/uploads\/2025\/02\/WASPE_Crysta-8-247x247.webp 247w, https:\/\/widevape.com\/wp-content\/uploads\/2025\/02\/WASPE_Crysta-8-100x100.webp 100w, https:\/\/widevape.com\/wp-content\/uploads\/2025\/02\/WASPE_Crysta-8-510x510.webp 510w, https:\/\/widevape.com\/wp-content\/uploads\/2025\/02\/WASPE_Crysta-8-300x300.webp 300w, https:\/\/widevape.com\/wp-content\/uploads\/2025\/02\/WASPE_Crysta-8-1024x1024.webp 1024w, https:\/\/widevape.com\/wp-content\/uploads\/2025\/02\/WASPE_Crysta-8-150x150.webp 150w, https:\/\/widevape.com\/wp-content\/uploads\/2025\/02\/WASPE_Crysta-8-768x768.webp 768w\" sizes=\"auto, (max-width: 1060px) 100vw, 1060px\" \/> <img loading=\"lazy\" decoding=\"async\" class=\"alignnone wp-image-17209 size-full\" src=\"https:\/\/widevape.com\/wp-content\/uploads\/2025\/02\/WASPE_Crysta-7.webp\" alt=\"WASPE Crystal 40000 de trageri cu dublu gust Ecran digital 0%, 2%, 5% Con\u021binut sc\u0103zut de nicotin\u0103 E-\u021bigar\u0103 de unic\u0103 folosin\u021b\u0103, re\u00eenc\u0103rcabil\u0103, cu ridicata\" width=\"1060\" height=\"1060\" srcset=\"https:\/\/widevape.com\/wp-content\/uploads\/2025\/02\/WASPE_Crysta-7.webp 1060w, https:\/\/widevape.com\/wp-content\/uploads\/2025\/02\/WASPE_Crysta-7-247x247.webp 247w, https:\/\/widevape.com\/wp-content\/uploads\/2025\/02\/WASPE_Crysta-7-100x100.webp 100w, https:\/\/widevape.com\/wp-content\/uploads\/2025\/02\/WASPE_Crysta-7-510x510.webp 510w, https:\/\/widevape.com\/wp-content\/uploads\/2025\/02\/WASPE_Crysta-7-300x300.webp 300w, https:\/\/widevape.com\/wp-content\/uploads\/2025\/02\/WASPE_Crysta-7-1024x1024.webp 1024w, https:\/\/widevape.com\/wp-content\/uploads\/2025\/02\/WASPE_Crysta-7-150x150.webp 150w, https:\/\/widevape.com\/wp-content\/uploads\/2025\/02\/WASPE_Crysta-7-768x768.webp 768w\" sizes=\"auto, (max-width: 1060px) 100vw, 1060px\" \/> <img loading=\"lazy\" decoding=\"async\" class=\"alignnone wp-image-17208 size-full\" src=\"https:\/\/widevape.com\/wp-content\/uploads\/2025\/02\/WASPE_Crysta-6.webp\" alt=\"WASPE Crystal 40000 de trageri cu dublu gust Ecran digital 0%, 2%, 5% Con\u021binut sc\u0103zut de nicotin\u0103 E-\u021bigar\u0103 de unic\u0103 folosin\u021b\u0103, re\u00eenc\u0103rcabil\u0103, cu ridicata\" width=\"1060\" height=\"1060\" srcset=\"https:\/\/widevape.com\/wp-content\/uploads\/2025\/02\/WASPE_Crysta-6.webp 1060w, https:\/\/widevape.com\/wp-content\/uploads\/2025\/02\/WASPE_Crysta-6-247x247.webp 247w, https:\/\/widevape.com\/wp-content\/uploads\/2025\/02\/WASPE_Crysta-6-100x100.webp 100w, https:\/\/widevape.com\/wp-content\/uploads\/2025\/02\/WASPE_Crysta-6-510x510.webp 510w, https:\/\/widevape.com\/wp-content\/uploads\/2025\/02\/WASPE_Crysta-6-300x300.webp 300w, https:\/\/widevape.com\/wp-content\/uploads\/2025\/02\/WASPE_Crysta-6-1024x1024.webp 1024w, https:\/\/widevape.com\/wp-content\/uploads\/2025\/02\/WASPE_Crysta-6-150x150.webp 150w, https:\/\/widevape.com\/wp-content\/uploads\/2025\/02\/WASPE_Crysta-6-768x768.webp 768w\" sizes=\"auto, (max-width: 1060px) 100vw, 1060px\" \/><\/p>","protected":false},"excerpt":{"rendered":"<p>Das <strong>WASPE Crystal 40000 de trageri<\/strong> este un vape reutilizabil avansat, de unic\u0103 folosin\u021b\u0103, cu o capacitate de 40.000 de trageri, op\u021biune de dublu gust, 32ml de lichid electronic, puteri variabile de nicotin\u0103 (0%, 2%, 5%) \u0219i un afi\u0219aj LED practic, disponibil \u00een mai multe combina\u021bii de arome interesante \u0219i se potrive\u0219te perfect pentru comercian\u021bii cu ridicata.<\/p>","protected":false},"featured_media":17202,"comment_status":"open","ping_status":"closed","template":"","meta":[],"product_brand":[],"product_cat":[112,92,93,37,94,61,90,71,96],"product_tag":[],"class_list":{"0":"post-16859","1":"product","2":"type-product","3":"status-publish","4":"has-post-thumbnail","6":"product_cat-40000-zuege-einweg-e-zigaretten","7":"product_cat-digitale-box-einweg-e-zigaretten","8":"product_cat-dual-mesh-einweg-e-zigaretten","9":"product_cat-einweg-e-zigaretten","10":"product_cat-einweg-e-zigaretten-mit-niedriger-nikotinstaerke","11":"product_cat-einweg-e-zigaretten-nach-zuegen","12":"product_cat-grosse-einweg-e-zigaretten","13":"product_cat-waspe-einweg-e-zigaretten","14":"product_cat-wiederaufladbare-einweg-e-zigaretten","16":"first","17":"outofstock","18":"shipping-taxable","19":"purchasable","20":"product-type-variable"},"_links":{"self":[{"href":"https:\/\/widevape.com\/ro\/wp-json\/wp\/v2\/product\/16859","targetHints":{"allow":["GET"]}}],"collection":[{"href":"https:\/\/widevape.com\/ro\/wp-json\/wp\/v2\/product"}],"about":[{"href":"https:\/\/widevape.com\/ro\/wp-json\/wp\/v2\/types\/product"}],"replies":[{"embeddable":true,"href":"https:\/\/widevape.com\/ro\/wp-json\/wp\/v2\/comments?post=16859"}],"wp:featuredmedia":[{"embeddable":true,"href":"https:\/\/widevape.com\/ro\/wp-json\/wp\/v2\/media\/17202"}],"wp:attachment":[{"href":"https:\/\/widevape.com\/ro\/wp-json\/wp\/v2\/media?parent=16859"}],"wp:term":[{"taxonomy":"product_brand","embeddable":true,"href":"https:\/\/widevape.com\/ro\/wp-json\/wp\/v2\/product_brand?post=16859"},{"taxonomy":"product_cat","embeddable":true,"href":"https:\/\/widevape.com\/ro\/wp-json\/wp\/v2\/product_cat?post=16859"},{"taxonomy":"product_tag","embeddable":true,"href":"https:\/\/widevape.com\/ro\/wp-json\/wp\/v2\/product_tag?post=16859"}],"curies":[{"name":"wp","href":"https:\/\/api.w.org\/{rel}","templated":true}]}}