{"id":17218,"date":"2025-02-12T07:35:39","date_gmt":"2025-02-12T06:35:39","guid":{"rendered":"https:\/\/widevape.com\/?post_type=product&#038;p=17218"},"modified":"2026-01-19T07:47:08","modified_gmt":"2026-01-19T06:47:08","slug":"jnr-vape-ceas-30000-de-trageri-10-arome-tehnologie-duala-mesh-2-nicotina-e-tigareta-de-unica-folosinta-reincarcabila-pentru-comert-en-gros","status":"publish","type":"product","link":"https:\/\/widevape.com\/ro\/product\/jnr-vape-watch-30000-zuege-10-geschmacksrichtungen-dual-mesh-technologie-2-nikotin-wiederaufladbare-einweg-e-zigarette-fuer-grosshandel\/","title":{"rendered":"JNR Vape Watch 30000 de trageri \u2013 10 arome, tehnologie Dual-Mesh, 2% nicotin\u0103, \u021bigaret\u0103 electronic\u0103 de unic\u0103 folosin\u021b\u0103, re\u00eenc\u0103rcabil\u0103, pentru comer\u021b en gros"},"content":{"rendered":"<div style=\"width: 1020px;\" class=\"wp-video\"><video class=\"wp-video-shortcode\" id=\"video-17218-1\" width=\"1020\" height=\"574\" preload=\"metadata\" controls=\"controls\"><source type=\"video\/mp4\" src=\"https:\/\/widevape.com\/wp-content\/uploads\/2025\/02\/JNR-Vape-Watch-30000.mp4?_=1\" \/><a href=\"https:\/\/widevape.com\/wp-content\/uploads\/2025\/02\/JNR-Vape-Watch-30000.mp4\">https:\/\/widevape.com\/wp-content\/uploads\/2025\/02\/JNR-Vape-Watch-30000.mp4<\/a><\/video><\/div>\n<h2 class=\"mb-2 mt-6 text-lg first:mt-3\"><strong><a href=\"https:\/\/widevape.com\/ro\/categorie-de-produs\/tigari-electronice-de-unica-folosinta-jnr\/\">JNR<\/a> Vape Watch 30000 de trageri: Viitorul vaporiz\u0103rii<\/strong><\/h2>\n<p>Die\u00a0<strong>JNR Vape Watch 30000 de trageri<\/strong>\u00a0este o \u021bigar\u0103 electronic\u0103 de unic\u0103 folosin\u021b\u0103 revolu\u021bionar\u0103, care combin\u0103 designul, func\u021bionalitatea \u0219i performan\u021ba \u00eentr-un produs unic. Cu o capacitate impresionant\u0103 de 30.000 de pufuri, tehnologie inovatoare cu dubl\u0103 re\u021bea de mesh \u0219i o func\u021bie practic\u0103 de smartwatch, acest dispozitiv stabile\u0219te noi standarde \u00een domeniul vape-urilor de unic\u0103 folosin\u021b\u0103. Disponibil exclusiv pe\u00a0<strong>WideVape<\/strong>, principala platform\u0103 pentru comer\u021bul cu ridicata de \u021big\u0103ri electronice din Germania, Olanda, Belgia \u0219i Spania, JNR Vape Watch ofer\u0103 o experien\u021b\u0103 de vaporizare de neegalat pentru clien\u021bii exigen\u021bi.<\/p>\n<h2 class=\"mb-2 mt-6 text-lg first:mt-3\"><strong>Caracteristici principale ale JNR Vape Watch <a href=\"https:\/\/widevape.com\/ro\/categorie-de-produs\/e-tigarete-de-unica-folosinta-dupa-tigari\/30-000-de-tigarete-electronice-de-unica-folosinta\/\">30.000 trenuri<\/a><\/strong><\/h2>\n<ol class=\"marker:text-textOff list-decimal\">\n<li><strong>Func\u021bionalitate smartwatch<\/strong><br \/>\nPe l\u00e2ng\u0103 vapare, utilizatorii pot efectua apeluri, pot primi mesaje text \u0219i chiar pot controla de la distan\u021b\u0103 camera smartphone-ului lor - un dispozitiv real de multitasking.<\/li>\n<li><strong>30.000 trenuri capacitate<\/strong><br \/>\nCu un num\u0103r record de 30.000 de trageri, JNR Vape Watch este ideal pentru utilizatorii pe termen lung \u0219i reduce nevoia de \u00eenlocuire frecvent\u0103.<\/li>\n<li><strong>Tehnologie cu bobin\u0103 dubl\u0103 de plas\u0103<\/strong><br \/>\nBobina avansat\u0103 cu dubl\u0103 re\u021bea asigur\u0103 un gust intens \u0219i o produc\u021bie uniform\u0103 de vapori la fiecare tragere.<\/li>\n<li><strong>19ml lichid electronic cu 2% nicotin\u0103<\/strong><br \/>\nDispozitivul este preumplut cu lichid de \u00eenalt\u0103 calitate \u00een concentra\u021bie mic\u0103 de nicotin\u0103, perfect pentru o experien\u021b\u0103 de vaporizare lin\u0103.<\/li>\n<li><strong>Baterie re\u00eenc\u0103rcabil\u0103 cu func\u021bie de \u00eenc\u0103rcare rapid\u0103<\/strong><br \/>\nBateria puternic\u0103 de 1000 mAh suport\u0103 \u00eenc\u0103rcarea rapid\u0103 prin USB-C \u0219i asigur\u0103 o durat\u0103 lung\u0103 de utilizare.<\/li>\n<li><strong>Design de ceas deta\u0219abil<\/strong><br \/>\nJNR Vape Watch poate fi purtat\u0103 ca o smartwatch elegant\u0103 sau \u00eendep\u0103rtat\u0103 de pe curea - flexibilitate maxim\u0103 \u00een deplasare.<\/li>\n<li><strong>Integrare de aplica\u021bie prietenoas\u0103 cu utilizatorul<\/strong><br \/>\nFunc\u021bii precum \u201eG\u0103se\u0219te-mi telefonul\u201c \u0219i o func\u021bie privat\u0103 de blocare fac din acest dispozitiv un adev\u0103rat dispozitiv multifunc\u021bional.<\/li>\n<li><strong>U\u0219or \u0219i portabil<\/strong><br \/>\n\u00cen ciuda versatilit\u0103\u021bii sale, JNR Vape Watch r\u0103m\u00e2ne compact\u0103 \u0219i u\u0219or de transportat.<\/li>\n<\/ol>\n<h2 class=\"mb-2 mt-6 text-lg first:mt-3\"><strong>De ce JNR Vape Watch la <a href=\"https:\/\/widevape.com\/ro\/\">WideVape<\/a> Cump\u0103ra?<\/strong><\/h2>\n<p>WideVape este principalul furnizor european de vape-uri de unic\u0103 folosin\u021b\u0103 \u00een domeniul comer\u021bului cu ridicata. Platforma noastr\u0103 ofer\u0103 nu numai cele mai bune pre\u021buri, ci \u0219i un serviciu de prim\u0103 clas\u0103:<\/p>\n<ul class=\"marker:text-textOff list-disc\">\n<li><strong>Livrare rapid\u0103:<\/strong>\u00a0Livrare sigur\u0103 \u00een toate \u021b\u0103rile UE.<\/li>\n<li><strong>Op\u021biuni de plat\u0103 flexibile:<\/strong>\u00a0Pe l\u00e2ng\u0103 PayPal \u0219i cardul de credit, accept\u0103m iDEAL (Olanda), Bancontact (Belgia) \u0219i transferuri bancare SEPA.<\/li>\n<li><strong>Exclusive reduceri:<\/strong>\u00a0Oferte atractive pentru clien\u021bii mari.<\/li>\n<li><strong>Experien\u021b\u0103:<\/strong>\u00a0Cu peste zece ani de experien\u021b\u0103 \u00een v\u00e2nzarea de \u021big\u0103ri electronice garant\u0103m cea mai \u00eenalt\u0103 calitate.<\/li>\n<\/ul>\n<h2 class=\"mb-2 mt-6 text-lg first:mt-3\"><strong>Arome: Diversitate pentru fiecare gust<\/strong><\/h2>\n<p>JNR Vape Watch este disponibil \u00een zece arome atent selec\u021bionate, care ofer\u0103 at\u00e2t arome clasice, c\u00e2t \u0219i exotice:<\/p>\n<ol class=\"marker:text-textOff list-decimal\">\n<li><strong>Blue Razz Ice: \n Glacier Blue Razz:<\/strong>\u00a0O amestecare r\u0103coritoare de afine dulci \u0219i mentol r\u0103coritor - perfect pentru zilele calde de var\u0103.<\/li>\n<li><strong>Strawberry Ice: \n\nGhea\u021b\u0103 de c\u0103p\u0219uni:<\/strong>\u00a0Fructe de c\u0103p\u0219uni suculente combinate cu o not\u0103 de prospe\u021bime.<\/li>\n<li><strong>Watermelon Ice: \nGhea\u021b\u0103 de pepene verde:<\/strong>\u00a0Gustul de pepene verde copt se \u00eent\u00e2lne\u0219te cu r\u0103coarea \u00eenghe\u021bat\u0103.<\/li>\n<li><strong>Moned\u0103 din Miami:<\/strong>\u00a0Gust de ment\u0103 tropical\u0103, inspirat de atmosfera vibrant\u0103 a ora\u0219ului Miami.<\/li>\n<li><strong>Strawberry Banana: \nc\u0103p\u0219un\u0103 banan\u0103:<\/strong>\u00a0O combina\u021bie cremoas\u0103 de c\u0103p\u0219uni dulci \u0219i banane coapte.<\/li>\n<li><strong>Trei fructe de p\u0103dure:<\/strong>\u00a0Un amestec fructat de zmeur\u0103, afine \u0219i mure.<\/li>\n<li><strong>M\u0103r acri\u0219or Ice:<\/strong>\u00a0M\u0103r verde crocant cu o not\u0103 u\u0219or acr\u0103 \u0219i un finis \u00eenghe\u021bat.<\/li>\n<li><strong>Afine Pepene verde:<\/strong>\u00a0O amestec armonios de afine suculente \u0219i pepene verde r\u0103coritor.<\/li>\n<li><strong>Georgia Peach: \n(re\u021bine doar titlul, f\u0103r\u0103 traducere pentru nume proprii) \nGeorgia Peach<\/strong>\u00a0Gustul autentic al piersicilor coapte la soare din Georgia.<\/li>\n<li><strong>Orange Mango:<\/strong>\u00a0O combina\u021bie exotic\u0103 de portocal\u0103 zesty \u0219i mango dulce.<\/li>\n<\/ol>\n<p>Fiecare arom\u0103 a fost dezvoltat\u0103 pentru a oferi o arom\u0103 intens\u0103 \u0219i o experien\u021b\u0103 pl\u0103cut\u0103 de vaporizare.<\/p>\n<h2 class=\"mb-2 mt-6 text-lg first:mt-3\"><strong>Avantajele de <a href=\"https:\/\/widevape.com\/ro\/\">Vape-uri de unic\u0103 folosin\u021b\u0103<\/a><\/strong><\/h2>\n<p>E-\u021big\u0103rile de unic\u0103 folosin\u021b\u0103, cum ar fi JNR Vape Watch, se bucur\u0103 de o popularitate \u00een cre\u0219tere datorit\u0103 u\u0219urin\u021bei lor \u00een utilizare:<\/p>\n<ul class=\"marker:text-textOff list-disc\">\n<li>Nu necesit\u0103 \u00eentre\u021binere sau reumplere.<\/li>\n<li>Design compact - ideal pentru deplas\u0103ri.<\/li>\n<li>Preumplut cu lichid de \u00eenalt\u0103 calitate pentru performan\u021b\u0103 consistent\u0103.<\/li>\n<li>Op\u021biuni mai ecologice disponibile.<\/li>\n<\/ul>\n<p>Aceste caracteristici fac vape-urile de unic\u0103 folosin\u021b\u0103 alegerea preferat\u0103 at\u00e2t pentru \u00eencep\u0103tori, c\u00e2t \u0219i pentru vapori experimenta\u021bi.<\/p>\n<h2 class=\"mb-2 mt-6 text-lg first:mt-3\"><strong>Concluzie: Alegerea dvs. cea mai bun\u0103 pentru comer\u021bul cu ridicata<\/strong><\/h2>\n<p>JNR Vape Watch 30000 de trageri nu este doar o \u021bigar\u0103 electronic\u0103 de unic\u0103 folosin\u021b\u0103, ci un dispozitiv multifunc\u021bional de lifestyle care combin\u0103 confortul, stilul \u0219i performan\u021ba. Indiferent dac\u0103 sunte\u021bi un comerciant cu am\u0103nuntul sau dori\u021bi s\u0103 cump\u0103ra\u021bi \u00een cantit\u0103\u021bi mari ca client final, WideVape v\u0103 ofer\u0103 cele mai bune condi\u021bii de pe pia\u021b\u0103.<\/p>\n<p>Vizita\u021bi WideVape ast\u0103zi pentru a v\u0103 plasa comanda \u0219i pentru a experimenta platforma lider din Europa pentru comer\u021bul cu ridicata de vape de unic\u0103 folosin\u021b\u0103!<\/p>\n<p><img loading=\"lazy\" decoding=\"async\" class=\"alignnone wp-image-17240 size-full\" src=\"https:\/\/widevape.com\/wp-content\/uploads\/2025\/02\/JNR_Vape_Watch_30000-6-2.webp\" alt=\"JNR Vape Watch 30000 de trageri \u2013 10 arome, tehnologie Dual-Mesh, 2% nicotin\u0103, \u021bigaret\u0103 electronic\u0103 de unic\u0103 folosin\u021b\u0103, re\u00eenc\u0103rcabil\u0103, pentru comer\u021b en gros\" width=\"1080\" height=\"1080\" srcset=\"https:\/\/widevape.com\/wp-content\/uploads\/2025\/02\/JNR_Vape_Watch_30000-6-2.webp 1080w, https:\/\/widevape.com\/wp-content\/uploads\/2025\/02\/JNR_Vape_Watch_30000-6-2-247x247.webp 247w, https:\/\/widevape.com\/wp-content\/uploads\/2025\/02\/JNR_Vape_Watch_30000-6-2-100x100.webp 100w, https:\/\/widevape.com\/wp-content\/uploads\/2025\/02\/JNR_Vape_Watch_30000-6-2-510x510.webp 510w, https:\/\/widevape.com\/wp-content\/uploads\/2025\/02\/JNR_Vape_Watch_30000-6-2-300x300.webp 300w, https:\/\/widevape.com\/wp-content\/uploads\/2025\/02\/JNR_Vape_Watch_30000-6-2-1024x1024.webp 1024w, https:\/\/widevape.com\/wp-content\/uploads\/2025\/02\/JNR_Vape_Watch_30000-6-2-150x150.webp 150w, https:\/\/widevape.com\/wp-content\/uploads\/2025\/02\/JNR_Vape_Watch_30000-6-2-768x768.webp 768w\" sizes=\"auto, (max-width: 1080px) 100vw, 1080px\" \/> <img loading=\"lazy\" decoding=\"async\" class=\"alignnone wp-image-17239 size-full\" src=\"https:\/\/widevape.com\/wp-content\/uploads\/2025\/02\/JNR_Vape_Watch_30000-5.webp\" alt=\"JNR Vape Watch 30000 de trageri \u2013 10 arome, tehnologie Dual-Mesh, 2% nicotin\u0103, \u021bigaret\u0103 electronic\u0103 de unic\u0103 folosin\u021b\u0103, re\u00eenc\u0103rcabil\u0103, pentru comer\u021b en gros\" width=\"1060\" height=\"596\" srcset=\"https:\/\/widevape.com\/wp-content\/uploads\/2025\/02\/JNR_Vape_Watch_30000-5.webp 1060w, https:\/\/widevape.com\/wp-content\/uploads\/2025\/02\/JNR_Vape_Watch_30000-5-510x287.webp 510w, https:\/\/widevape.com\/wp-content\/uploads\/2025\/02\/JNR_Vape_Watch_30000-5-300x169.webp 300w, https:\/\/widevape.com\/wp-content\/uploads\/2025\/02\/JNR_Vape_Watch_30000-5-1024x576.webp 1024w, https:\/\/widevape.com\/wp-content\/uploads\/2025\/02\/JNR_Vape_Watch_30000-5-768x432.webp 768w\" sizes=\"auto, (max-width: 1060px) 100vw, 1060px\" \/><\/p>\n<p><img loading=\"lazy\" decoding=\"async\" class=\"alignnone\" src=\"https:\/\/widevape.com\/wp-content\/uploads\/2025\/02\/JNR_Vape_Watch_30000-1-2.webp\" alt=\"JNR Vape Watch 30000 de trageri \u2013 10 arome, tehnologie Dual-Mesh, 2% nicotin\u0103, \u021bigaret\u0103 electronic\u0103 de unic\u0103 folosin\u021b\u0103, re\u00eenc\u0103rcabil\u0103, pentru comer\u021b en gros\" width=\"1059\" height=\"596\" \/><\/p>\n<p><img loading=\"lazy\" decoding=\"async\" class=\"alignnone wp-image-17247 size-full\" src=\"https:\/\/widevape.com\/wp-content\/uploads\/2025\/02\/JNR_Vape_Watch_30000-1.webp\" alt=\"JNR Vape Watch 30000 de trageri \u2013 10 arome, tehnologie Dual-Mesh, 2% nicotin\u0103, \u021bigaret\u0103 electronic\u0103 de unic\u0103 folosin\u021b\u0103, re\u00eenc\u0103rcabil\u0103, pentru comer\u021b en gros\" width=\"1920\" height=\"1080\" srcset=\"https:\/\/widevape.com\/wp-content\/uploads\/2025\/02\/JNR_Vape_Watch_30000-1.webp 1920w, https:\/\/widevape.com\/wp-content\/uploads\/2025\/02\/JNR_Vape_Watch_30000-1-510x287.webp 510w, https:\/\/widevape.com\/wp-content\/uploads\/2025\/02\/JNR_Vape_Watch_30000-1-300x169.webp 300w, https:\/\/widevape.com\/wp-content\/uploads\/2025\/02\/JNR_Vape_Watch_30000-1-1024x576.webp 1024w, https:\/\/widevape.com\/wp-content\/uploads\/2025\/02\/JNR_Vape_Watch_30000-1-768x432.webp 768w, https:\/\/widevape.com\/wp-content\/uploads\/2025\/02\/JNR_Vape_Watch_30000-1-1536x864.webp 1536w\" sizes=\"auto, (max-width: 1920px) 100vw, 1920px\" \/><\/p>","protected":false},"excerpt":{"rendered":"<p>Die\u00a0<strong>JNR Vape Watch 30000 de trageri<\/strong>\u00a0este o \u021bigar\u0103 electronic\u0103 inovativ\u0103 de unic\u0103 folosin\u021b\u0103 cu func\u021bie de smartwatch, tehnologie Dual-Mesh-Coil \u0219i o capacitate impresionant\u0103 de 30.000 de pufuri, care combin\u0103 un design elegant cu o performan\u021b\u0103 de \u00eenalt\u0103 calitate - disponibil\u0103 exclusiv la WideVape, expertul dvs. \u00een comer\u021b cu ridicata \u00een Europa.<\/p>","protected":false},"featured_media":17240,"comment_status":"open","ping_status":"closed","template":"","meta":[],"product_brand":[],"product_cat":[109,92,93,94,90,49,96],"product_tag":[],"class_list":{"0":"post-17218","1":"product","2":"type-product","3":"status-publish","4":"has-post-thumbnail","6":"product_cat-30000-zuege-einweg-e-zigaretten","7":"product_cat-digitale-box-einweg-e-zigaretten","8":"product_cat-dual-mesh-einweg-e-zigaretten","9":"product_cat-einweg-e-zigaretten-mit-niedriger-nikotinstaerke","10":"product_cat-grosse-einweg-e-zigaretten","11":"product_cat-jnr-einweg-e-zigaretten","12":"product_cat-wiederaufladbare-einweg-e-zigaretten","14":"first","15":"outofstock","16":"shipping-taxable","17":"purchasable","18":"product-type-variable"},"_links":{"self":[{"href":"https:\/\/widevape.com\/ro\/wp-json\/wp\/v2\/product\/17218","targetHints":{"allow":["GET"]}}],"collection":[{"href":"https:\/\/widevape.com\/ro\/wp-json\/wp\/v2\/product"}],"about":[{"href":"https:\/\/widevape.com\/ro\/wp-json\/wp\/v2\/types\/product"}],"replies":[{"embeddable":true,"href":"https:\/\/widevape.com\/ro\/wp-json\/wp\/v2\/comments?post=17218"}],"wp:featuredmedia":[{"embeddable":true,"href":"https:\/\/widevape.com\/ro\/wp-json\/wp\/v2\/media\/17240"}],"wp:attachment":[{"href":"https:\/\/widevape.com\/ro\/wp-json\/wp\/v2\/media?parent=17218"}],"wp:term":[{"taxonomy":"product_brand","embeddable":true,"href":"https:\/\/widevape.com\/ro\/wp-json\/wp\/v2\/product_brand?post=17218"},{"taxonomy":"product_cat","embeddable":true,"href":"https:\/\/widevape.com\/ro\/wp-json\/wp\/v2\/product_cat?post=17218"},{"taxonomy":"product_tag","embeddable":true,"href":"https:\/\/widevape.com\/ro\/wp-json\/wp\/v2\/product_tag?post=17218"}],"curies":[{"name":"wp","href":"https:\/\/api.w.org\/{rel}","templated":true}]}}