{"id":19848,"date":"2025-02-17T14:18:56","date_gmt":"2025-02-17T13:18:56","guid":{"rendered":"https:\/\/widevape.com\/?post_type=product&#038;p=19848"},"modified":"2026-04-18T14:01:45","modified_gmt":"2026-04-18T12:01:45","slug":"elf-box-rgb14000-trage-0-2-3-5-nicotina-rgb-lumina-lanyard-reincarcabila-vape-de-unica-folosinta-comert-cu-ridicata-cumparare-in-vrac","status":"publish","type":"product","link":"https:\/\/widevape.com\/ro\/product\/elf-box-rgb14000-zuege-0-2-3-5-nikotin-rgb-licht-lanyard-wiederaufladbarer-einweg-vape-grosshandel-bulk-buy\/","title":{"rendered":"Cutie ELF BOX RGB14000 0% 2% 3% 5% Nicotin\u0103 Lumin\u0103 RGB + Lanyard Vaporizator de unic\u0103 folosin\u021b\u0103 re\u00eenc\u0103rcabil Cump\u0103rare en-gros \/ Bulk Buy"},"content":{"rendered":"<div style=\"width: 720px;\" class=\"wp-video\"><video class=\"wp-video-shortcode\" id=\"video-19848-1\" width=\"720\" height=\"1280\" preload=\"metadata\" controls=\"controls\"><source type=\"video\/mp4\" src=\"https:\/\/widevape.com\/wp-content\/uploads\/2025\/02\/ELF-BOX-RGB14000.mp4?_=1\" \/><a href=\"https:\/\/widevape.com\/wp-content\/uploads\/2025\/02\/ELF-BOX-RGB14000.mp4\">https:\/\/widevape.com\/wp-content\/uploads\/2025\/02\/ELF-BOX-RGB14000.mp4<\/a><\/video><\/div>\n<h2 class=\"mb-2 mt-6 text-lg font-[500] first:mt-3\">Das Ultimative Dampferlebnis mit dem Revolution\u00e4ren <a href=\"https:\/\/widevape.com\/product-category\/elf-box-einweg-e-zigaretten\/\">ELF BOX<\/a> RGB14000 Z\u00fcge Einweg-Vaporizer<\/h2>\n<p class=\"my-0\">Der\u00a0<strong>ELF BOX RGB14000 Z\u00fcge<\/strong>\u00a0definiert die Standards f\u00fcr Einweg-Vaporizer neu und bietet eine unvergleichliche Kombination aus Leistung, Komfort und Stil. Bei WideVape, der gr\u00f6\u00dften Online-Gro\u00dfhandelsplattform f\u00fcr Einweg-Vaporizer in den Niederlanden, Deutschland, Belgien und Spanien, sind wir stolz darauf, unseren anspruchsvollen Kunden dieses hochmoderne Ger\u00e4t anbieten zu k\u00f6nnen. Wenn Sie ein erstklassiges Dampferlebnis mit lang anhaltendem Genuss suchen, ist der\u00a0<strong>ELF BOX RGB14000 Z\u00fcge<\/strong>\u00a0Ihre ultimative Wahl.<\/p>\n<h2 class=\"mb-xs mt-5 text-base font-[525] first:mt-3\">Hauptmerkmale des ELF BOX RGB<a href=\"https:\/\/widevape.com\/product-category\/14000-zuege-einweg-e-zigarette\/\">14000 Z\u00fcge<\/a>:<\/h2>\n<ul class=\"marker:text-textOff list-disc\">\n<li>\n<p class=\"my-0\"><strong>Verl\u00e4ngertes Dampfvergn\u00fcgen:<\/strong>\u00a0Genie\u00dfen Sie bis zu 14000 Z\u00fcge, die f\u00fcr lang anhaltende Zufriedenheit sorgen und die Notwendigkeit h\u00e4ufiger Austauschvorg\u00e4nge reduzieren.<\/p>\n<\/li>\n<li>\n<p class=\"my-0\"><strong>Optimierte Geschmacksentfaltung:<\/strong>\u00a0Die 1,0-Ohm-Mesh-Coil sorgt f\u00fcr eine gleichm\u00e4\u00dfige Erw\u00e4rmung und eine \u00fcberlegene Geschmacksentfaltung Ihrer bevorzugten E-Liquids.<\/p>\n<\/li>\n<li>\n<p class=\"my-0\"><strong>Einstellbare Nikotinst\u00e4rken:<\/strong>\u00a0W\u00e4hlen Sie zwischen 0%, 2%, 3% und 5% Nikotinoptionen, um Ihren individuellen Vorlieben gerecht zu werden.<\/p>\n<\/li>\n<li>\n<p class=\"my-0\"><strong>Schnelle Aufladung:<\/strong>\u00a0Der Typ-C-Ladeanschluss erm\u00f6glicht ein schnelles und effizientes Aufladen, wodurch Ausfallzeiten minimiert werden.<\/p>\n<\/li>\n<li>\n<p class=\"my-0\"><strong>Visuell beeindruckendes Design:<\/strong>\u00a0Die integrierte RGB-Lichtfunktion verleiht Ihrem Dampferlebnis ein dynamisches und auff\u00e4lliges Element.<\/p>\n<\/li>\n<li>\n<p class=\"my-0\"><strong>Verbesserte Portabilit\u00e4t:<\/strong>\u00a0Das mitgelieferte Lanyard erleichtert das sichere und bequeme Tragen Ihres Vaporizers.<\/p>\n<\/li>\n<li>\n<p class=\"my-0\"><strong>Premium-E-Liquid-Kapazit\u00e4t:<\/strong>\u00a0Vorgef\u00fcllt mit 25 ml hochwertigem E-Liquid, das eine gro\u00dfe Auswahl an k\u00f6stlichen Geschmacksrichtungen bietet.<\/p>\n<\/li>\n<\/ul>\n<ul>\n<li><strong>Langlebiger 600mAh-Akku:<\/strong>\u00a0Angetrieben von einem robusten 18250-600mAh-Akku, gew\u00e4hrleistet das Ger\u00e4t eine zuverl\u00e4ssige Leistung \u00fcber seine gesamte Lebensdauer.<\/li>\n<\/ul>\n<ul>\n<li><strong>Kompaktes und tragbares Design:<\/strong>\u00a0Mit den Produktabmessungen von 35 * 36 * 133,5 mm und einem Gewicht von nur 100 g ist der ELF BOX RGB14000 Z\u00fcge f\u00fcr ultimative Tragbarkeit und Benutzerfreundlichkeit konzipiert.<\/li>\n<\/ul>\n<h2 class=\"mb-xs mt-5 text-base font-[525] first:mt-3\">G\u00f6nnen Sie sich eine Symphonie von Aromen<\/h2>\n<p class=\"my-0\">Der\u00a0<strong>ELF BOX RGB14000 Z\u00fcge<\/strong>\u00a0ist in einer vielf\u00e4ltigen Auswahl an verlockenden Geschmacksrichtungen erh\u00e4ltlich, die jeweils so konzipiert sind, dass sie ein einzigartiges und befriedigendes Dampferlebnis bieten. Entdecken Sie die exquisiten Geschmacksprofile unten:<\/p>\n<ol class=\"marker:text-textOff list-decimal\">\n<li>\n<p class=\"my-0\"><strong>Strawberry Watermelon:<\/strong>\u00a0Eine erfrischende Mischung aus s\u00fc\u00dfen Erdbeeren kombiniert mit saftiger Wassermelone f\u00fcr ein perfekt ausgewogenes Dampferlebnis.<\/p>\n<\/li>\n<li>\n<p class=\"my-0\"><strong>Blue Razz Ice:<\/strong>\u00a0Eine k\u00fchle Kombination aus blauer Himbeere mit einem erfrischenden eisigen Abgang f\u00fcr ein knackiges Erlebnis.<\/p>\n<\/li>\n<li>\n<p class=\"my-0\"><strong>Strawberry Ice:<\/strong>\u00a0Der klassische Geschmack reifer Erdbeeren verst\u00e4rkt durch einen k\u00fchlenden Menthol-Schub f\u00fcr ein s\u00fc\u00dfes Gef\u00fchl.<\/p>\n<\/li>\n<li>\n<p class=\"my-0\"><strong>Grape Ice:<\/strong>\u00a0Der kr\u00e4ftige Geschmack von Trauben kombiniert mit einem erfrischenden Menthol-Kick f\u00fcr frostigen Genuss.<\/p>\n<\/li>\n<li>\n<p class=\"my-0\"><strong>Mint Ice:<\/strong>\u00a0Ein reiner Minzgeschmack mit eisigem Ausatmen f\u00fcr ein erfrischendes Dampferlebnis.<\/p>\n<\/li>\n<li>\n<p class=\"my-0\"><strong>Red Bull:<\/strong>\u00a0Der ikonische Energy-Drink-Geschmack bietet s\u00fc\u00dfe Spritzigkeit zur Belebung Ihrer Sinne.<\/p>\n<\/li>\n<li>\n<p class=\"my-0\"><strong>Double Apple:<\/strong>\u00a0Eine harmonische Mischung aus roten und gr\u00fcnen \u00c4pfeln f\u00fcr ein s\u00fc\u00dfes Geschmacksprofil.<\/p>\n<\/li>\n<li>\n<p class=\"my-0\"><strong>Lush Ice:<\/strong>\u00a0Saftige Wassermelone kombiniert mit k\u00fchlem Menthol f\u00fcr ein erfrischendes Erlebnis.<\/p>\n<\/li>\n<li>\n<p class=\"my-0\"><strong>Peach Mango :<\/strong> Eine tropische Mischung aus reifen Pfirsichen und s\u00fc\u00dfen Mangos, die Sie ins Paradies entf\u00fchrt.<\/p>\n<\/li>\n<li>\n<p class=\"my-0\"><strong>Cherry Soda:<\/strong>\u00a0S\u00fc\u00dfer Geschmack von Kirschlimonade f\u00fcr nostalgische Erlebnisse.<\/p>\n<\/li>\n<\/ol>\n<h2 class=\"mb-xs mt-5 text-base font-[525] first:mt-3\">Warum <a href=\"https:\/\/widevape.com\/\">WideVape<\/a> Ihr ultimatives Ziel f\u00fcr Einweg-Vaporizer ist<\/h2>\n<p class=\"my-0\">Bei WideVape sind wir stolz darauf, der f\u00fchrende Online-Gro\u00dfh\u00e4ndler f\u00fcr Einweg-Vaporizer in Europa zu sein. Mit \u00fcber zehn Jahren Erfahrung in der Branche haben wir uns verpflichtet, unseren Kunden Produkte von h\u00f6chster Qualit\u00e4t sowie au\u00dfergew\u00f6hnlichen Service zu bieten. Hier sind die Gr\u00fcnde, warum Sie WideVape f\u00fcr alle Ihre Einweg-Vaporizer-Bed\u00fcrfnisse w\u00e4hlen sollten:<\/p>\n<ul class=\"marker:text-textOff list-disc\">\n<li>\n<p class=\"my-0\"><strong>Umfangreiche Auswahl:<\/strong>\u00a0Wir bieten eine gro\u00dfe Auswahl an Top-Marken an, darunter RandM Tornado, FIZZY, Al Fakher, Waspe, Vapme, Bang Box, Bang King, Doloda, Elf Box, Vapsolo, Fluum, BIMO, Smokman, Kangertech sowie Aupo.<\/p>\n<\/li>\n<li>\n<p class=\"my-0\"><strong>Wettbewerbsf\u00e4hige Gro\u00dfhandelspreise:<\/strong>\u00a0Wir bieten die wettbewerbsf\u00e4higsten Preise f\u00fcr Gro\u00dfbestellungen an und gew\u00e4hrleisten so maximalen Wert ohne Kompromisse bei der Qualit\u00e4t.<\/p>\n<\/li>\n<li>\n<p class=\"my-0\"><strong>Schneller zuverl\u00e4ssiger Versand:<\/strong>\u00a0Wir bieten schnellen versicherten Versand in alle EU-L\u00e4nder an; Ihre Bestellungen kommen schnell sicher an.<\/p>\n<\/li>\n<li>\n<p class=\"my-0\"><strong>Sichere Zahlungsoptionen:<\/strong>\u00a0Wir akzeptieren verschiedene Zahlungsmethoden wie PayPal Kreditkarten iDEAL (Niederlande) Bancontact (Belgien) sowie SEPA-Bank\u00fcberweisungen in Europa.<\/p>\n<\/li>\n<li>\n<p class=\"my-0\"><strong>Engagierter Kundensupport:<\/strong>\u00a0Unser kompetentes freundliches Kundensupport-Team steht Ihnen jederzeit zur Verf\u00fcgung; wir helfen Ihnen gerne bei Fragen oder Bedenken.<\/p>\n<\/li>\n<\/ul>\n<p class=\"my-0\">WideVape ist Ihr erstklassiges Ziel f\u00fcr den Kauf von Einweg-Vaporizern in gro\u00dfen Mengen. Als gr\u00f6\u00dfte Online-Gro\u00dfhandelsplattform f\u00fcr Einweg-Vaporizer in den Niederlanden Deutschland Belgien Spanien garantieren wir die niedrigsten Preise sowie die hochwertigsten Produkte.<\/p>\n<h2 class=\"mb-xs mt-5 text-base font-[525] first:mt-3\">Fazit<\/h2>\n<p class=\"my-0\">Steigern Sie Ihr Dampferlebnis mit dem\u00a0<strong>ELF BOX RGB14000 Z\u00fcge<\/strong>\u00a0von <a href=\"https:\/\/widevape.com\/\">WideVape<\/a>! Mit seiner au\u00dfergew\u00f6hnlichen Leistung dem stilvollen Design sowie der gro\u00dfen Auswahl k\u00f6stlicher Geschmacksrichtungen ist dieser Einweg-Vaporizer die perfekte Wahl f\u00fcr alle auf der Suche nach einem erstklassigen problemlosen Dampferlebnis! Besuchen Sie WideVape noch heute entdecken Sie warum wir der f\u00fchrende Online-Gro\u00dfh\u00e4ndler f\u00fcr Einweg-Vaporizer in Europa sind!<\/p>\n<p><img loading=\"lazy\" decoding=\"async\" class=\"alignnone wp-image-19870 size-full\" src=\"https:\/\/widevape.com\/wp-content\/uploads\/2025\/02\/ELF_BOX_RGB1400-10.webp\" alt=\"ELF BOX RGB14000 Z\u00fcge 0% 2% 3% 5% Nikotin RGB-Licht + Lanyard Wiederaufladbarer Einweg Vape Gro\u00dfhandel \/ Bulk Buy\" width=\"1000\" height=\"1000\" srcset=\"https:\/\/widevape.com\/wp-content\/uploads\/2025\/02\/ELF_BOX_RGB1400-10.webp 1000w, https:\/\/widevape.com\/wp-content\/uploads\/2025\/02\/ELF_BOX_RGB1400-10-247x247.webp 247w, https:\/\/widevape.com\/wp-content\/uploads\/2025\/02\/ELF_BOX_RGB1400-10-100x100.webp 100w, https:\/\/widevape.com\/wp-content\/uploads\/2025\/02\/ELF_BOX_RGB1400-10-510x510.webp 510w, https:\/\/widevape.com\/wp-content\/uploads\/2025\/02\/ELF_BOX_RGB1400-10-300x300.webp 300w, https:\/\/widevape.com\/wp-content\/uploads\/2025\/02\/ELF_BOX_RGB1400-10-150x150.webp 150w, https:\/\/widevape.com\/wp-content\/uploads\/2025\/02\/ELF_BOX_RGB1400-10-768x768.webp 768w\" sizes=\"auto, (max-width: 1000px) 100vw, 1000px\" \/> <img loading=\"lazy\" decoding=\"async\" class=\"alignnone wp-image-19878 size-full\" src=\"https:\/\/widevape.com\/wp-content\/uploads\/2025\/02\/ELF_BOX_RGB14000-8.webp\" alt=\"ELF BOX RGB14000 Z\u00fcge 0% 2% 3% 5% Nikotin RGB-Licht + Lanyard Wiederaufladbarer Einweg Vape Gro\u00dfhandel \/ Bulk Buy\" width=\"1000\" height=\"1000\" srcset=\"https:\/\/widevape.com\/wp-content\/uploads\/2025\/02\/ELF_BOX_RGB14000-8.webp 1000w, https:\/\/widevape.com\/wp-content\/uploads\/2025\/02\/ELF_BOX_RGB14000-8-247x247.webp 247w, https:\/\/widevape.com\/wp-content\/uploads\/2025\/02\/ELF_BOX_RGB14000-8-100x100.webp 100w, https:\/\/widevape.com\/wp-content\/uploads\/2025\/02\/ELF_BOX_RGB14000-8-510x510.webp 510w, https:\/\/widevape.com\/wp-content\/uploads\/2025\/02\/ELF_BOX_RGB14000-8-300x300.webp 300w, https:\/\/widevape.com\/wp-content\/uploads\/2025\/02\/ELF_BOX_RGB14000-8-150x150.webp 150w, https:\/\/widevape.com\/wp-content\/uploads\/2025\/02\/ELF_BOX_RGB14000-8-768x768.webp 768w\" sizes=\"auto, (max-width: 1000px) 100vw, 1000px\" \/><\/p>\n<p>&nbsp;<\/p>\n","protected":false},"excerpt":{"rendered":"<div>\n<div class=\"border-borderMain\/50 ring-borderMain\/50 divide-borderMain\/50 dark:divide-borderMainDark\/50 dark:ring-borderMainDark\/50 dark:border-borderMainDark\/50 bg-transparent\">\n<div class=\"mb-md\">\n<div class=\"relative default font-sans text-base text-textMain dark:text-textMainDark selection:bg-super\/50 selection:text-textMain dark:selection:bg-superDuper\/10 dark:selection:text-superDark\">\n<div class=\"min-w-0 break-words [word-break:break-word]\">\n<div dir=\"auto\">\n<div class=\"prose text-pretty dark:prose-invert inline leading-normal break-words min-w-0 [word-break:break-word]\">\n<p class=\"my-0\">Der ELF BOX RGB14000 Z\u00fcge ist ein revolution\u00e4rer Einweg-Vaporizer von WideVape, der mit 14000 Z\u00fcgen, anpassbaren Nikotinst\u00e4rken, RGB-Licht und einer gro\u00dfen Auswahl an Geschmacksrichtungen ein ultimatives Dampferlebnis bietet.<\/p>\n<\/div>\n<\/div>\n<\/div>\n<\/div>\n<\/div>\n<\/div>\n<\/div>\n","protected":false},"featured_media":19868,"comment_status":"open","ping_status":"closed","template":"","meta":[],"product_brand":[],"product_cat":[146,37,94,41,96],"product_tag":[],"class_list":{"0":"post-19848","1":"product","2":"type-product","3":"status-publish","4":"has-post-thumbnail","6":"product_cat-14000-zuege-einweg-e-zigarette","7":"product_cat-einweg-e-zigaretten","8":"product_cat-einweg-e-zigaretten-mit-niedriger-nikotinstaerke","9":"product_cat-elf-box-einweg-e-zigaretten","10":"product_cat-wiederaufladbare-einweg-e-zigaretten","12":"first","13":"instock","14":"shipping-taxable","15":"purchasable","16":"product-type-variable","17":"has-default-attributes"},"_links":{"self":[{"href":"https:\/\/widevape.com\/ro\/wp-json\/wp\/v2\/product\/19848","targetHints":{"allow":["GET"]}}],"collection":[{"href":"https:\/\/widevape.com\/ro\/wp-json\/wp\/v2\/product"}],"about":[{"href":"https:\/\/widevape.com\/ro\/wp-json\/wp\/v2\/types\/product"}],"replies":[{"embeddable":true,"href":"https:\/\/widevape.com\/ro\/wp-json\/wp\/v2\/comments?post=19848"}],"wp:featuredmedia":[{"embeddable":true,"href":"https:\/\/widevape.com\/ro\/wp-json\/wp\/v2\/media\/19868"}],"wp:attachment":[{"href":"https:\/\/widevape.com\/ro\/wp-json\/wp\/v2\/media?parent=19848"}],"wp:term":[{"taxonomy":"product_brand","embeddable":true,"href":"https:\/\/widevape.com\/ro\/wp-json\/wp\/v2\/product_brand?post=19848"},{"taxonomy":"product_cat","embeddable":true,"href":"https:\/\/widevape.com\/ro\/wp-json\/wp\/v2\/product_cat?post=19848"},{"taxonomy":"product_tag","embeddable":true,"href":"https:\/\/widevape.com\/ro\/wp-json\/wp\/v2\/product_tag?post=19848"}],"curies":[{"name":"wp","href":"https:\/\/api.w.org\/{rel}","templated":true}]}}