{"id":20027,"date":"2025-02-18T05:06:09","date_gmt":"2025-02-18T04:06:09","guid":{"rendered":"https:\/\/widevape.com\/?post_type=product&#038;p=20027"},"modified":"2026-04-18T14:04:12","modified_gmt":"2026-04-18T12:04:12","slug":"doloda-pebble-6500-tigarete-electronice-de-unica-folosinta-cu-0-2-si-5-nicotina-reincarcabile-cumparare-en-gros-in-vrac","status":"publish","type":"product","link":"https:\/\/widevape.com\/ro\/product\/doloda-pebble-6500-zuege-einweg-e-zigarette-mit-0-2-und-5-nikotin-wiederaufladbar-grosshandel-bulk-kauf\/","title":{"rendered":"DOLODA Pebble 6500 de unic\u0103 folosin\u021b\u0103 E-Zigaret\u0103 cu 0%, 2% \u0219i 5% Nicotin\u0103 \u2013 Re\u00eenc\u0103rcabil\u0103, Angro \u0219i Cump\u0103rare \u00een Vrac"},"content":{"rendered":"<div style=\"width: 720px;\" class=\"wp-video\"><video class=\"wp-video-shortcode\" id=\"video-20027-1\" width=\"720\" height=\"960\" preload=\"metadata\" controls=\"controls\"><source type=\"video\/mp4\" src=\"https:\/\/widevape.com\/wp-content\/uploads\/2025\/02\/DOLODA-Pebble-6500.mp4?_=1\" \/><a href=\"https:\/\/widevape.com\/wp-content\/uploads\/2025\/02\/DOLODA-Pebble-6500.mp4\">https:\/\/widevape.com\/wp-content\/uploads\/2025\/02\/DOLODA-Pebble-6500.mp4<\/a><\/video><\/div>\n<h2 class=\"mb-xs mt-5 text-base font-[525] first:mt-3\"><a href=\"https:\/\/widevape.com\/product-category\/doloda-einweg-e-zigaretten\/\">DOLODA<\/a> Pebble 6500 Z\u00fcge: Die perfekte Wahl f\u00fcr Gro\u00dfhandel und Einzelh\u00e4ndler<\/h2>\n<p class=\"my-0\">Der\u00a0<strong>DOLODA Pebble 6500 Z\u00fcge<\/strong>\u00a0ist die ideale L\u00f6sung f\u00fcr alle, die ein hochwertiges, langlebiges und benutzerfreundliches Einweg-Vape-Ger\u00e4t suchen. Mit seiner beeindruckenden Leistung, innovativen Technologie und einer Vielzahl von Geschmacksrichtungen hat sich dieses Produkt als Bestseller auf dem europ\u00e4ischen Markt etabliert. WideVape ist Ihr zuverl\u00e4ssiger Partner f\u00fcr den Gro\u00dfhandel in Deutschland, den Niederlanden, Belgien und Spanien. Unsere Plattform bietet Ihnen die besten Preise und eine schnelle Lieferung direkt zu Ihrer T\u00fcr.<\/p>\n<h2 class=\"mb-2 mt-6 text-lg font-[500] first:mt-3\"><strong>Hauptmerkmale<\/strong><\/h2>\n<p class=\"my-0\">Die wichtigsten Eigenschaften des DOLODA Pebble<a href=\"https:\/\/widevape.com\/product-category\/6500-zuege-einweg-e-zigarette\/\"> 6500 Z\u00fcge<\/a> auf einen Blick:<\/p>\n<ol class=\"marker:text-textOff list-decimal\">\n<li>\n<p class=\"my-0\"><strong>Langlebige Nutzung: <\/strong>Mit bis zu 6500 Z\u00fcgen pro Ger\u00e4t bietet der DOLODA Pebble eine au\u00dfergew\u00f6hnliche Lebensdauer.<\/p>\n<\/li>\n<li>\n<p class=\"my-0\"><strong>Fortschrittliche Mesh-Coil-Technologie: <\/strong>Die Mesh-Coil(1,2 Ohm) sorgt f\u00fcr intensiven Geschmack und gleichm\u00e4\u00dfige Dampfproduktion.<\/p>\n<\/li>\n<li>\n<p class=\"my-0\"><strong>Wiederaufladbarer Akku: <\/strong>Der 500mAh Type-C-Anschluss erm\u00f6glicht schnelles und effizientes Aufladen.<\/p>\n<\/li>\n<li>\n<p class=\"my-0\"><strong>Gro\u00dfer E-Liquid-Tank: <\/strong>Mit einer Kapazit\u00e4t von 13ml reduziert der Tank die Notwendigkeit h\u00e4ufiger Ersatzger\u00e4te.<\/p>\n<\/li>\n<li>\n<p class=\"my-0\"><strong>Vielseitige Nikotinauswahl: <\/strong>Erh\u00e4ltlich in drei St\u00e4rken (0%, 2%, 5%), um den individuellen Vorlieben gerecht zu werden.<\/p>\n<\/li>\n<li>\n<p class=\"my-0\"><strong>Hygienische Filterspitzen: <\/strong>Drei austauschbare Filterspitzen pro Ger\u00e4t sorgen f\u00fcr zus\u00e4tzlichen Komfort.<\/p>\n<\/li>\n<li>\n<p class=\"my-0\"><strong>Gewicht:<\/strong>\u00a060g pro Ger\u00e4t<\/p>\n<\/li>\n<li>\n<p class=\"my-0\"><strong>Ma\u00dfe:<\/strong>\u00a028,5mm x 55mm x 100mm<\/p>\n<\/li>\n<li>\n<p class=\"my-0\"><strong>Verpackungseinheit:<\/strong>\u00a010 Ger\u00e4te pro Box, 200 Ger\u00e4te pro Karton<\/p>\n<\/li>\n<li>\n<p class=\"my-0\"><strong>Kartongewicht:<\/strong>\u00a013,4kg<\/p>\n<\/li>\n<\/ol>\n<h2 class=\"mb-2 mt-6 text-lg font-[500] first:mt-3\"><strong>Geschmacksrichtungen<\/strong><\/h2>\n<p class=\"my-0\">Der DOLODA Pebble bietet eine breite Palette an Geschmacksrichtungen, die jedem Dampfer gerecht werden:<\/p>\n<ol class=\"marker:text-textOff list-decimal\">\n<li>\n<p class=\"my-0\"><strong>Gummy Bear: <\/strong>Ein s\u00fc\u00dfer Fruchtmix, der an den Geschmack Ihrer Lieblingsbonbons erinnert.<\/p>\n<\/li>\n<li>\n<p class=\"my-0\"><strong>Lush Ice: <\/strong>Frische Wassermelone mit einem Hauch von Menthol f\u00fcr ein k\u00fchles Finish.<\/p>\n<\/li>\n<li>\n<p class=\"my-0\"><strong>Grape Ice: <\/strong>Saftige Trauben kombiniert mit einer eisigen Note \u2013 perfekt ausbalanciert.<\/p>\n<\/li>\n<li>\n<p class=\"my-0\"><strong>Blue Razz Ice: <\/strong>Eine spritzige Mischung aus Blaubeeren und Himbeeren mit einem frostigen Abgang.<\/p>\n<\/li>\n<li>\n<p class=\"my-0\"><strong>Strawberry Watermelon: <\/strong>Eine fruchtige Kombination aus reifen Erdbeeren und saftiger Wassermelone.<\/p>\n<\/li>\n<li>\n<p class=\"my-0\"><strong>Lemon Mint: <\/strong>Erfrischende Zitrone trifft auf k\u00fchle Minze \u2013 ein belebender Genuss.<\/p>\n<\/li>\n<li>\n<p class=\"my-0\"><strong>Mocha Coffee: <\/strong>Cremiger Mokka-Geschmack mit einem aromatischen Kaffeearoma \u2013 ideal f\u00fcr Kaffeeliebhaber.<\/p>\n<\/li>\n<li>\n<p class=\"my-0\"><strong>Malaysian Mango: <\/strong>S\u00fc\u00dfe exotische Mangos sorgen f\u00fcr ein tropisches Dampferlebnis.<\/p>\n<\/li>\n<li>\n<p class=\"my-0\"><strong>Blackberry Ice: <\/strong>Intensiver Brombeergeschmack mit einer erfrischenden eisigen Note.<\/p>\n<\/li>\n<li>\n<p class=\"my-0\"><strong>Cherry Soda: <\/strong>Spritziger Kirschgeschmack mit einem prickelnden Limonaden-Twist \u2013 einzigartig und erfrischend.<\/p>\n<\/li>\n<\/ol>\n<h2 class=\"mb-2 mt-6 text-lg font-[500] first:mt-3\">Warum<a href=\"https:\/\/widevape.com\/\"> WideVape<\/a>?<\/h2>\n<p class=\"my-0\">WideVape ist Ihre erste Wahl f\u00fcr den Gro\u00dfhandel mit Einweg-Vapes in Europa. Hier sind einige Gr\u00fcnde, warum Sie uns vertrauen k\u00f6nnen:<\/p>\n<ul class=\"marker:text-textOff list-disc\">\n<li>\n<p class=\"my-0\">Wir sind spezialisiert auf den Gro\u00dfhandel in Deutschland, den Niederlanden, Belgien, Spanien und anderen europ\u00e4ischen L\u00e4ndern.<\/p>\n<\/li>\n<li>\n<p class=\"my-0\">Unsere Plattform bietet wettbewerbsf\u00e4hige Preise f\u00fcr Top-Marken wie DOLODA.<\/p>\n<\/li>\n<li>\n<p class=\"my-0\">Schnelle Lieferung garantiert rechtzeitige Bestellungen f\u00fcr Ihr Gesch\u00e4ft.<\/p>\n<\/li>\n<li>\n<p class=\"my-0\">Sichere Zahlungsmethoden wie PayPal, Kreditkarten sowie iDEAL (Niederlande), Bancontact (Belgien) und SEPA-Bank\u00fcberweisungen.<\/p>\n<\/li>\n<li>\n<p class=\"my-0\">\u00dcber zehn Jahre Erfahrung in der Vape-Branche \u2013 Qualit\u00e4t und Zuverl\u00e4ssigkeit sind garantiert.<\/p>\n<\/li>\n<li>\n<p class=\"my-0\">Gro\u00dfe Auswahl an Premium-Produkten zu unschlagbaren Preisen.<\/p>\n<\/li>\n<\/ul>\n<h2 class=\"mb-2 mt-6 text-lg font-[500] first:mt-3\">Fazit<\/h2>\n<p class=\"my-0\">Der DOLODA Pebble 6500 Z\u00fcge ist mehr als nur ein Einweg-Vape \u2013 er steht f\u00fcr Qualit\u00e4t, Innovation und Benutzerfreundlichkeit. Mit seiner hohen Zugkapazit\u00e4t, fortschrittlichen Technologie, vielseitigen Nikotinauswahl und einer gro\u00dfen Geschmacksvielfalt ist er die perfekte Wahl f\u00fcr H\u00e4ndler, die ihren Kunden das Beste bieten m\u00f6chten.<\/p>\n<p class=\"my-0\">Besuchen Sie WideVape noch heute, um den DOLODA Pebble 6500 Z\u00fcge in gro\u00dfen Mengen zu unschlagbaren Preisen zu kaufen! Als f\u00fchrende Gro\u00dfhandelsplattform f\u00fcr <a href=\"https:\/\/widevape.com\/\">Einweg-Vapes<\/a> in Europa garantieren wir schnelle Lieferung und exzellenten Kundenservice in Deutschland, den Niederlanden, Belgien, Spanien und dar\u00fcber hinaus. Lassen Sie uns Ihr Gesch\u00e4ft mit hochwertigen Vape-Produkten unterst\u00fctzen!<\/p>\n<p><img loading=\"lazy\" decoding=\"async\" class=\"alignnone\" src=\"https:\/\/widevape.com\/wp-content\/uploads\/2025\/02\/DOLODA_Pebble_6500-10.webp\" alt=\"DOLODA Pebble 6500 Z\u00fcge Einweg E-Zigarette mit 0%, 2% und 5% Nikotin \u2013 Wiederaufladbar, Gro\u00dfhandel &amp; Bulk-Kauf\" width=\"750\" height=\"950\" \/><\/p>\n<p><img loading=\"lazy\" decoding=\"async\" class=\"alignnone wp-image-20040 size-full\" src=\"https:\/\/widevape.com\/wp-content\/uploads\/2025\/02\/DOLODA_Pebble_6500.webp\" alt=\"DOLODA Pebble 6500 Z\u00fcge Einweg E-Zigarette mit 0%, 2% und 5% Nikotin \u2013 Wiederaufladbar, Gro\u00dfhandel &amp; Bulk-Kauf\" width=\"900\" height=\"900\" srcset=\"https:\/\/widevape.com\/wp-content\/uploads\/2025\/02\/DOLODA_Pebble_6500.webp 900w, https:\/\/widevape.com\/wp-content\/uploads\/2025\/02\/DOLODA_Pebble_6500-247x247.webp 247w, https:\/\/widevape.com\/wp-content\/uploads\/2025\/02\/DOLODA_Pebble_6500-100x100.webp 100w, https:\/\/widevape.com\/wp-content\/uploads\/2025\/02\/DOLODA_Pebble_6500-510x510.webp 510w, https:\/\/widevape.com\/wp-content\/uploads\/2025\/02\/DOLODA_Pebble_6500-300x300.webp 300w, https:\/\/widevape.com\/wp-content\/uploads\/2025\/02\/DOLODA_Pebble_6500-150x150.webp 150w, https:\/\/widevape.com\/wp-content\/uploads\/2025\/02\/DOLODA_Pebble_6500-768x768.webp 768w\" sizes=\"auto, (max-width: 900px) 100vw, 900px\" \/><\/p>\n","protected":false},"excerpt":{"rendered":"<p>Der\u00a0<strong>DOLODA Pebble 6500 Zuguri<\/strong>\u00a0Este un dispozitiv de vape de \u00eenalt\u0103 calitate, reutilizabil, de unic\u0103 folosin\u021b\u0103, cu p\u00e2n\u0103 la 6500 de pufuri, tehnologie avansat\u0103 cu plas\u0103-coil, o mare varietate de arome \u0219i diferite concentra\u021bii de nicotin\u0103 - ideal pentru comercian\u021bii cu ridicata \u0219i cu am\u0103nuntul din Europa.<\/p>","protected":false},"featured_media":20028,"comment_status":"open","ping_status":"closed","template":"","meta":[],"product_brand":[],"product_cat":[38,37,94,96],"product_tag":[],"class_list":{"0":"post-20027","1":"product","2":"type-product","3":"status-publish","4":"has-post-thumbnail","6":"product_cat-doloda-einweg-e-zigaretten","7":"product_cat-einweg-e-zigaretten","8":"product_cat-einweg-e-zigaretten-mit-niedriger-nikotinstaerke","9":"product_cat-wiederaufladbare-einweg-e-zigaretten","11":"first","12":"instock","13":"shipping-taxable","14":"purchasable","15":"product-type-variable","16":"has-default-attributes"},"_links":{"self":[{"href":"https:\/\/widevape.com\/ro\/wp-json\/wp\/v2\/product\/20027","targetHints":{"allow":["GET"]}}],"collection":[{"href":"https:\/\/widevape.com\/ro\/wp-json\/wp\/v2\/product"}],"about":[{"href":"https:\/\/widevape.com\/ro\/wp-json\/wp\/v2\/types\/product"}],"replies":[{"embeddable":true,"href":"https:\/\/widevape.com\/ro\/wp-json\/wp\/v2\/comments?post=20027"}],"wp:featuredmedia":[{"embeddable":true,"href":"https:\/\/widevape.com\/ro\/wp-json\/wp\/v2\/media\/20028"}],"wp:attachment":[{"href":"https:\/\/widevape.com\/ro\/wp-json\/wp\/v2\/media?parent=20027"}],"wp:term":[{"taxonomy":"product_brand","embeddable":true,"href":"https:\/\/widevape.com\/ro\/wp-json\/wp\/v2\/product_brand?post=20027"},{"taxonomy":"product_cat","embeddable":true,"href":"https:\/\/widevape.com\/ro\/wp-json\/wp\/v2\/product_cat?post=20027"},{"taxonomy":"product_tag","embeddable":true,"href":"https:\/\/widevape.com\/ro\/wp-json\/wp\/v2\/product_tag?post=20027"}],"curies":[{"name":"wp","href":"https:\/\/api.w.org\/{rel}","templated":true}]}}