{"id":20637,"date":"2025-02-20T04:01:37","date_gmt":"2025-02-20T03:01:37","guid":{"rendered":"https:\/\/widevape.com\/?post_type=product&#038;p=20637"},"modified":"2026-01-19T04:48:01","modified_gmt":"2026-01-19T03:48:01","slug":"uzy-cristal-pro-max-10000-de-trageri-rgb-10k-0-2-3-5-nicotina-scazuta-comert-cu-ridicata-e-tigara-pen-reutilizabila-si-reincarcabila","status":"publish","type":"product","link":"https:\/\/widevape.com\/ro\/product\/uzy-crystal-pro-max-10000-zuege-rgb-10k-0-2-3-5-niedrig-nikotin-grosshandel-wiederaufladbare-einweg-e-zigarette-pen\/","title":{"rendered":"UZY Crystal Pro Max 10000 de trageri RGB 10k 0% 2% 3% 5% Nicotin\u0103 sc\u0103zut\u0103 Comer\u021b cu ridicata E-\u021bigar\u0103 reutilizabil\u0103 de unic\u0103 folosin\u021b\u0103 Pen"},"content":{"rendered":"<div style=\"width: 1020px;\" class=\"wp-video\"><video class=\"wp-video-shortcode\" id=\"video-20637-1\" width=\"1020\" height=\"574\" preload=\"metadata\" controls=\"controls\"><source type=\"video\/mp4\" src=\"https:\/\/widevape.com\/wp-content\/uploads\/2025\/02\/UZY-Crystal-Pro-Max-10000.mp4?_=1\" \/><a href=\"https:\/\/widevape.com\/wp-content\/uploads\/2025\/02\/UZY-Crystal-Pro-Max-10000.mp4\">https:\/\/widevape.com\/wp-content\/uploads\/2025\/02\/UZY-Crystal-Pro-Max-10000.mp4<\/a><\/video><\/div>\n<h1 class=\"mb-3 mt-8 text-[1.4rem] font-[475] leading-[1.5em] first:mt-3\"><a href=\"https:\/\/widevape.com\/product-category\/uzy-einweg-e-zigaretten\/\">UZY<\/a> Crystal Pro Max 10000 Z\u00fcge: Die ultimative Wahl f\u00fcr Einweg-E-Zigaretten<\/h1>\n<p class=\"my-0\">Die\u00a0<strong>UZY Crystal Pro Max 10000 Z\u00fcge<\/strong>\u00a0ist eine der innovativsten und leistungsst\u00e4rksten Einweg-E-Zigaretten auf dem Markt. Mit einer beeindruckenden Kapazit\u00e4t von 10.000 Z\u00fcgen, einem modernen RGB-Design und einer Vielzahl von Geschmacksrichtungen bietet dieses Produkt ein unvergleichliches Dampferlebnis. Bei\u00a0<strong>WideVape<\/strong>, der gr\u00f6\u00dften Online-Gro\u00dfhandelsplattform f\u00fcr Einweg-E-Zigaretten in den Niederlanden, Deutschland, Belgien und Spanien, k\u00f6nnen Sie dieses Produkt in gro\u00dfen Mengen zu wettbewerbsf\u00e4higen Preisen kaufen.<\/p>\n<h2 class=\"mb-2 mt-6 text-lg font-[500] first:mt-3\"><strong>Hauptmerkmale<\/strong><\/h2>\n<ul class=\"marker:text-textOff list-disc\">\n<li>\n<p class=\"my-0\"><strong>Hohe Zuganzahl<\/strong>: Bis zu <a href=\"https:\/\/widevape.com\/product-category\/einweg-e-zigaretten-nach-zuegen\/10000-zuege-einweg-e-zigaretten\/\">10.000 Z\u00fcge<\/a> pro Ger\u00e4t \u2013 ideal f\u00fcr Langzeitgebrauch.<\/p>\n<\/li>\n<li>\n<p class=\"my-0\"><strong>Gro\u00dfe Liquidkapazit\u00e4t<\/strong>: Enth\u00e4lt 16 ml hochwertiges E-Liquid.<\/p>\n<\/li>\n<li>\n<p class=\"my-0\"><strong>Wiederaufladbarer Akku<\/strong>: Ausgestattet mit einem langlebigen 650-mAh-Akku und Typ-C-Ladeanschluss.<\/p>\n<\/li>\n<li>\n<p class=\"my-0\"><strong>Mesh-Coil-Technologie(1,0 Ohm)<\/strong>: Sorgt f\u00fcr intensiven Geschmack und dichten Dampf.<\/p>\n<\/li>\n<li>\n<p class=\"my-0\"><strong>Nikotinoptionen<\/strong>: Verf\u00fcgbar in 0 %, 2 %, 3 % und 5 % Nikotinst\u00e4rken.<\/p>\n<\/li>\n<li>\n<p class=\"my-0\"><strong>RGB-Beleuchtung<\/strong>: Modernes Design mit stilvollen Lichteffekten.<\/p>\n<\/li>\n<li>\n<p class=\"my-0\"><strong>Gro\u00dfhandelspackung<\/strong>: Verpackt in Kartons mit je 200 St\u00fcck (16,3 kg pro Karton).<\/p>\n<\/li>\n<\/ul>\n<h2 class=\"mb-2 mt-6 text-lg font-[500] first:mt-3\"><strong>Geschmacksrichtungen<\/strong><\/h2>\n<p class=\"my-0\">Das breite Sortiment an Geschmacksrichtungen der UZY Crystal Pro Max sorgt daf\u00fcr, dass jeder Nutzer seinen Favoriten findet. Hier eine detaillierte \u00dcbersicht:<\/p>\n<ol class=\"marker:text-textOff list-decimal\">\n<li>\n<p class=\"my-0\"><strong>Strawberry Watermelon<\/strong>: Eine erfrischende Mischung aus saftigen Erdbeeren und s\u00fc\u00dfer Wassermelone.<\/p>\n<\/li>\n<li>\n<p class=\"my-0\"><strong>Red Energy Ice<\/strong>: Ein kr\u00e4ftiger Energy-Drink-Geschmack mit einer k\u00fchlen Mentholnote.<\/p>\n<\/li>\n<li>\n<p class=\"my-0\"><strong>Strawberry Mango<\/strong>: Tropische Kombination aus reifen Erdbeeren und saftigen Mangos.<\/p>\n<\/li>\n<li>\n<p class=\"my-0\"><strong>Blueberry Raspberry<\/strong>: Fruchtige Harmonie aus frischen Blaubeeren und Himbeeren.<\/p>\n<\/li>\n<li>\n<p class=\"my-0\"><strong>Triple Berry Ice<\/strong>: Drei Beeren vereint mit einem eisigen Hauch f\u00fcr ein erfrischendes Erlebnis.<\/p>\n<\/li>\n<li>\n<p class=\"my-0\"><strong>Watermelon Ice<\/strong>: S\u00fc\u00dfe Wassermelone trifft auf eine belebende Mentholbrise.<\/p>\n<\/li>\n<li>\n<p class=\"my-0\"><strong>Triple Grape Ice<\/strong>: Intensiver Traubengeschmack mit einer k\u00fchlen Mentholnote.<\/p>\n<\/li>\n<li>\n<p class=\"my-0\"><strong>Blueberry Ice<\/strong>: Frische Blaubeeren kombiniert mit einem frostigen Finish.<\/p>\n<\/li>\n<li>\n<p class=\"my-0\"><strong>Peach Ice<\/strong>: Saftiger Pfirsichgeschmack mit einer erfrischenden Eisnote.<\/p>\n<\/li>\n<li>\n<p class=\"my-0\"><strong>Skittle<\/strong>: Eine Explosion von fruchtigen Bonbonaromen, die an Kindheitserinnerungen erinnert.<\/p>\n<\/li>\n<li>\n<p class=\"my-0\"><strong>Watermelon Bubblegum<\/strong>: S\u00fc\u00dfe Wassermelone gepaart mit klassischem Kaugummiaroma.<\/p>\n<\/li>\n<li>\n<p class=\"my-0\"><strong>Strawberry Ice<\/strong>: Frische Erdbeeren mit einem Hauch von Menthol.<\/p>\n<\/li>\n<li>\n<p class=\"my-0\"><strong>Strawberry Kiwi<\/strong>: Lebendige Mischung aus s\u00fc\u00dfen Erdbeeren und spritzigem Kiwi-Aroma.<\/p>\n<\/li>\n<li>\n<p class=\"my-0\"><strong>Cola Ice<\/strong>: Klassischer Cola-Geschmack mit einer erfrischenden Eisnote.<\/p>\n<\/li>\n<li>\n<p class=\"my-0\"><strong>Mr Blue <\/strong>: Geheimnisvolle Mischung aus Beeren mit dezenten K\u00fchleffekten.<\/p>\n<\/li>\n<li>\n<p class=\"my-0\"><strong>Kiwi Passionfruit Guava<\/strong>: Exotisches Trio aus Kiwi, Passionsfrucht und Guave f\u00fcr ein tropisches Erlebnis.<\/p>\n<\/li>\n<li>\n<p class=\"my-0\"><strong> Triple Mango<\/strong>: Dreifacher Mangogenuss mit intensiver S\u00fc\u00dfe und Tiefe.<\/p>\n<\/li>\n<li>\n<p class=\"my-0\"><strong>Peach Berry<\/strong>: Saftige Pfirsiche kombiniert mit einer Auswahl an Beeren.<\/p>\n<\/li>\n<\/ol>\n<h2 class=\"mb-2 mt-6 text-lg font-[500] first:mt-3\"><strong>Warum <a href=\"https:\/\/widevape.com\/\">WideVape<\/a> w\u00e4hlen?<\/strong><\/h2>\n<p class=\"my-0\">WideVape ist die f\u00fchrende Plattform f\u00fcr den Gro\u00dfhandel von Einweg-E-Zigaretten in Europa. Mit \u00fcber zehn Jahren Erfahrung bieten wir unseren Kunden hochwertige Produkte zu unschlagbaren Preisen.<\/p>\n<h2 class=\"mb-xs mt-5 text-base font-[525] first:mt-3\">Vorteile bei WideVape:<\/h2>\n<ul class=\"marker:text-textOff list-disc\">\n<li>\n<p class=\"my-0\">Gro\u00dfhandelsrabatte auf Top-Marken<\/p>\n<\/li>\n<li>\n<p class=\"my-0\">Schnelle Lieferung in ganz Europa<\/p>\n<\/li>\n<li>\n<p class=\"my-0\">Sichere Zahlungsmethoden wie PayPal, Kreditkarte, iDEAL (Niederlande), Bancontact (Belgien) und SEPA-Bank\u00fcberweisung<\/p>\n<\/li>\n<li>\n<p class=\"my-0\">Exzellenter Kundenservice<\/p>\n<\/li>\n<\/ul>\n<h2 class=\"mb-2 mt-6 text-lg font-[500] first:mt-3\"><strong>Fazit<\/strong><\/h2>\n<p class=\"my-0\">Die UZY Crystal Pro Max 10000 Z\u00fcge ist die perfekte Wahl f\u00fcr alle Dampfer, die Wert auf Qualit\u00e4t, Design und Geschmack legen. Egal ob Sie Einzelh\u00e4ndler oder Gro\u00dfh\u00e4ndler sind \u2013 bei WideVape finden Sie die besten Angebote f\u00fcr dieses Premiumprodukt.<\/p>\n<p class=\"my-0\">Besuchen Sie unsere Website <a href=\"https:\/\/widevape.com\/\">WideVape<\/a> noch heute und bestellen Sie Ihre UZY Crystal Pro Max 10000 Z\u00fcge in gro\u00dfen Mengen!<\/p>\n<p><img loading=\"lazy\" decoding=\"async\" class=\"alignnone wp-image-20430 size-full\" src=\"https:\/\/widevape.com\/wp-content\/uploads\/2025\/02\/UZY_Crystal_Pro_Max_10000-1.webp\" alt=\"UZY Crystal Pro Max 10000 Z\u00fcge RGB 10k 0% 2% 3% 5% Niedrig-Nikotin Gro\u00dfhandel Wiederaufladbare Einweg-E-Zigarette Pen\" width=\"1200\" height=\"975\" srcset=\"https:\/\/widevape.com\/wp-content\/uploads\/2025\/02\/UZY_Crystal_Pro_Max_10000-1.webp 1200w, https:\/\/widevape.com\/wp-content\/uploads\/2025\/02\/UZY_Crystal_Pro_Max_10000-1-510x414.webp 510w, https:\/\/widevape.com\/wp-content\/uploads\/2025\/02\/UZY_Crystal_Pro_Max_10000-1-300x244.webp 300w, https:\/\/widevape.com\/wp-content\/uploads\/2025\/02\/UZY_Crystal_Pro_Max_10000-1-1024x832.webp 1024w, https:\/\/widevape.com\/wp-content\/uploads\/2025\/02\/UZY_Crystal_Pro_Max_10000-1-768x624.webp 768w\" sizes=\"auto, (max-width: 1200px) 100vw, 1200px\" \/><\/p>\n","protected":false},"excerpt":{"rendered":"<p>Die\u00a0<strong>UZY Crystal Pro Max 10000 de trageri<\/strong>\u00a0este o \u021bigar\u0103 electronic\u0103 reutilizabil\u0103 de \u00eenalt\u0103 performan\u021b\u0103, de unic\u0103 folosin\u021b\u0103, cu 10.000 de trageri, 16 ml de lichid, design RGB \u0219i o varietate de arome delicioase - ideal\u0103 pentru comercian\u021bii cu ridicata \u0219i pentru fum\u0103torii care caut\u0103 calitate \u0219i varietate.<\/p>","protected":false},"featured_media":20431,"comment_status":"open","ping_status":"closed","template":"","meta":[],"product_brand":[],"product_cat":[99,91,37,94,90,147,96],"product_tag":[],"class_list":{"0":"post-20637","1":"product","2":"type-product","3":"status-publish","4":"has-post-thumbnail","6":"product_cat-10000-zuege-einweg-e-zigaretten","7":"product_cat-crystal-einweg-e-zigaretten","8":"product_cat-einweg-e-zigaretten","9":"product_cat-einweg-e-zigaretten-mit-niedriger-nikotinstaerke","10":"product_cat-grosse-einweg-e-zigaretten","11":"product_cat-uzy-einweg-e-zigaretten","12":"product_cat-wiederaufladbare-einweg-e-zigaretten","14":"first","15":"outofstock","16":"shipping-taxable","17":"purchasable","18":"product-type-variable"},"_links":{"self":[{"href":"https:\/\/widevape.com\/ro\/wp-json\/wp\/v2\/product\/20637","targetHints":{"allow":["GET"]}}],"collection":[{"href":"https:\/\/widevape.com\/ro\/wp-json\/wp\/v2\/product"}],"about":[{"href":"https:\/\/widevape.com\/ro\/wp-json\/wp\/v2\/types\/product"}],"replies":[{"embeddable":true,"href":"https:\/\/widevape.com\/ro\/wp-json\/wp\/v2\/comments?post=20637"}],"wp:featuredmedia":[{"embeddable":true,"href":"https:\/\/widevape.com\/ro\/wp-json\/wp\/v2\/media\/20431"}],"wp:attachment":[{"href":"https:\/\/widevape.com\/ro\/wp-json\/wp\/v2\/media?parent=20637"}],"wp:term":[{"taxonomy":"product_brand","embeddable":true,"href":"https:\/\/widevape.com\/ro\/wp-json\/wp\/v2\/product_brand?post=20637"},{"taxonomy":"product_cat","embeddable":true,"href":"https:\/\/widevape.com\/ro\/wp-json\/wp\/v2\/product_cat?post=20637"},{"taxonomy":"product_tag","embeddable":true,"href":"https:\/\/widevape.com\/ro\/wp-json\/wp\/v2\/product_tag?post=20637"}],"curies":[{"name":"wp","href":"https:\/\/api.w.org\/{rel}","templated":true}]}}