{"id":22136,"date":"2025-02-24T09:13:19","date_gmt":"2025-02-24T08:13:19","guid":{"rendered":"https:\/\/widevape.com\/?post_type=product&#038;p=22136"},"modified":"2026-04-18T14:10:57","modified_gmt":"2026-04-18T12:10:57","slug":"tornado-12000-de-trageri-mesh-coil-2-nicotina-scazuta-comert-cu-ridicata-vaporizator-reutilizabil-de-unica-folosinta-stilou","status":"publish","type":"product","link":"https:\/\/widevape.com\/ro\/product\/tornado-12000-zuege-mesh-coil-2-niedriger-nikotin-grosshandel-wiederaufladbarer-einweg-dampfer-stift\/","title":{"rendered":"Tornado 12000 de trageri Mesh-Coil 2% Nicotin\u0103 sc\u0103zut\u0103 Comer\u021b cu ridicata Vaporizator reutilizabil de unic\u0103 folosin\u021b\u0103 stilou"},"content":{"rendered":"<h2 class=\"mb-2 mt-6 text-lg font-[500] first:mt-3\">Einf\u00fchrung in das <a href=\"https:\/\/widevape.com\/product-category\/rahdm-tornado-einweg-e-zigaretten\/\">Tornado<\/a> 12000 Z\u00fcge Einweg-Vape<\/h2>\n<p class=\"my-0\">Das\u00a0<strong>Tornado 12000 Z\u00fcge<\/strong>\u00a0ist ein revolution\u00e4res Einweg-Vape, das eine hohe Kapazit\u00e4t mit Portabilit\u00e4t kombiniert, perfekt f\u00fcr den Genuss unterwegs. Mit bis zu 12.000 Z\u00fcgen bietet dieses Ger\u00e4t eine l\u00e4ngere Nutzung ohne h\u00e4ufiges Auswechseln, was es ideal f\u00fcr alle macht, die maximalen Komfort und Geschmack w\u00fcnschen. Das Tornado 12000 Z\u00fcge ist mit einem wiederaufladbaren Akku ausgestattet und nutzt eine 1,0-\u03a9-Mesh-Spule f\u00fcr eine effiziente Dampferzeugung und hervorragende Geschmacksabgabe.<\/p>\n<h2 class=\"mb-2 mt-6 text-lg font-[500] first:mt-3\">Hauptmerkmale des Tornado <a href=\"https:\/\/widevape.com\/product-category\/einweg-e-zigaretten-nach-zuegen\/12000-zuege-einweg-e-zigaretten\/\">12000 Z\u00fcge<\/a><\/h2>\n<ul class=\"marker:text-textOff list-disc\">\n<li>\n<p class=\"my-0\"><strong>Zug-Zahl<\/strong>: Bis zu 12.000 Z\u00fcge, ideal f\u00fcr eine ausgedehnte Nutzung ohne h\u00e4ufiges Nachf\u00fcllen oder Aufladen.<\/p>\n<\/li>\n<li>\n<p class=\"my-0\"><strong>E-Liquid-Kapazit\u00e4t<\/strong>: 20 ml, sorgt f\u00fcr ein langanhaltendes und angenehmes Dampferlebnis.<\/p>\n<\/li>\n<li>\n<p class=\"my-0\"><strong>Akku<\/strong>: Wiederaufladbarer 500 mAh-Akku, der eine robuste Ausdauer gew\u00e4hrleistet.<\/p>\n<\/li>\n<li>\n<p class=\"my-0\"><strong>Ladeanschluss<\/strong>: Typ-C-Anschluss mit schnellem und m\u00fchelosem Aufladen.<\/p>\n<\/li>\n<li>\n<p class=\"my-0\"><strong>Mesh-Coil-Technologie<\/strong>: Verwendet eine 1,0-\u03a9-Mesh-Coil f\u00fcr reine und reiche Aromen.<\/p>\n<\/li>\n<li>\n<p class=\"my-0\"><strong>Nikotinst\u00e4rken<\/strong>: Verf\u00fcgbar in 0%, 2%, 3% und 5% Salt Nic, um verschiedenen Vorlieben gerecht zu werden.<\/p>\n<\/li>\n<li>\n<p class=\"my-0\"><strong>LED-Lichteffekte<\/strong>: Lebendige LED-Lichteffekte f\u00fcr zus\u00e4tzliche optische Attraktivit\u00e4t.<\/p>\n<\/li>\n<\/ul>\n<h2 class=\"mb-2 mt-6 text-lg font-[500] first:mt-3\">Verpackungsdetails<\/h2>\n<p class=\"my-0\">Das Tornado 12000 Z\u00fcge wird in einer Verpackung mit 200 St\u00fcck pro Karton geliefert. Jedes Einzelger\u00e4t ist kompakt und leicht, ideal f\u00fcr den t\u00e4glichen Gebrauch. Die Ma\u00dfe des Kartons betragen 69<em>31.3<\/em>22 cm, und das Gesamtgewicht betr\u00e4gt etwa 17,5 kg.<\/p>\n<h2 class=\"mb-2 mt-6 text-lg font-[500] first:mt-3\">Geschmacksrichtungen<\/h2>\n<p class=\"my-0\">Das Tornado 12000 Z\u00fcge bietet eine Vielzahl von Geschmacksrichtungen, die sorgf\u00e4ltig ausgew\u00e4hlt wurden, um Ihren Gaumen zu erfreuen:<\/p>\n<ol class=\"marker:text-textOff list-decimal\">\n<li>\n<p class=\"my-0\"><strong>STRAWBERRY WATERMELON<\/strong>: Eine frische Mischung aus den s\u00fc\u00dfen Noten von Erdbeeren und der Fruchtigkeit von Wassermelonen, perfekt f\u00fcr warme Tage.<\/p>\n<\/li>\n<li>\n<p class=\"my-0\"><strong>GRAPE ICE<\/strong>: F\u00fcr diejenigen, die einen k\u00fchlen Twist auf klassische Aromen m\u00f6gen, bietet Trauben-Eis eine s\u00fc\u00dfe Trauben-Note mit einem erfrischenden eisigen Kick.<\/p>\n<\/li>\n<li>\n<p class=\"my-0\"><strong>STRAWBERRY ICE<\/strong>: Diese Geschmacksrichtung kombiniert den klassischen Erdbeer-Geschmack mit einem k\u00fchlen, eisigen Finish, ideal f\u00fcr eine erfrischende und fruchtige Erfahrung.<\/p>\n<\/li>\n<li>\n<p class=\"my-0\"><strong>BLUESOUR RASPBERRY<\/strong>: Eine scharfe Mischung aus blauer Himbeere und einer Prise S\u00e4ure, perfekt f\u00fcr diejenigen, die einen fruchtigen und sauren Geschmack bevorzugen.<\/p>\n<\/li>\n<li>\n<p class=\"my-0\"><strong>LEMON &amp; LIME<\/strong>: Diese zitrusartige Kombination bringt die sprudelnden Aromen von Zitrone und Limette zusammen, ideal f\u00fcr eine aufmunternde und erfrischende Erfahrung.<\/p>\n<\/li>\n<li>\n<p class=\"my-0\"><strong>CHERRY COLA<\/strong>: Inspiriert von der klassischen Cola, bietet Kirsch-Cola einen s\u00fc\u00dfen und sprudelnden Geschmack, der an Kindheitserinnerungen erinnert.<\/p>\n<\/li>\n<li>\n<p class=\"my-0\"><strong>WATERMELON BUBBLEGUM<\/strong>: Diese einzigartige Geschmacksrichtung kombiniert die S\u00fc\u00dfe von Wassermelonen mit dem spielerischen Geschmack von Bubblegum, ideal f\u00fcr eine s\u00fc\u00dfe und fruchtige Erfahrung.<\/p>\n<\/li>\n<li>\n<p class=\"my-0\"><strong>DR BLUE<\/strong>: F\u00fcr diejenigen, die einen geheimnisvollen und fruchtigen Geschmack bevorzugen, bietet Dr. Blau eine einzigartige Mischung, die sowohl faszinierend als auch zufriedenstellend ist.<\/p>\n<\/li>\n<li>\n<p class=\"my-0\"><strong>COOL MINT<\/strong>: Perfekt f\u00fcr diejenigen, die einen erfrischenden und k\u00fchlenden Dampf w\u00fcnschen, bietet K\u00fchle Minze einen scharfen, mintigen Geschmack, der erfrischend und beruhigend ist.<\/p>\n<\/li>\n<li>\n<p class=\"my-0\"><strong>LUSH ICE<\/strong>: Diese Geschmacksrichtung kombiniert \u00fcppige, fruchtige Noten mit einem k\u00fchlen, eisigen Finish, ideal f\u00fcr eine erfrischende und zufriedenstellende Erfahrung.<\/p>\n<\/li>\n<\/ol>\n<h2 class=\"mb-2 mt-6 text-lg font-[500] first:mt-3\">Warum <a href=\"https:\/\/widevape.com\/\">WideVape<\/a> f\u00fcr Ihre Einweg-Vape-Bed\u00fcrfnisse w\u00e4hlen?<\/h2>\n<p class=\"my-0\">WideVape ist die gr\u00f6\u00dfte Online-Wholesale-Plattform f\u00fcr <a href=\"https:\/\/widevape.com\/\">Einweg-Vapes<\/a> in den Niederlanden, Deutschland, Belgien und Spanien. Wir bieten hochwertige Produkte von renommierten Marken wie RandM Tornado, FIZZY, Al Fakher, Waspe, Vapme und vielen mehr an. Mit \u00fcber einem Jahrzehnt Erfahrung im Bereich der elektronischen Zigaretten bedienen wir haupts\u00e4chlich den europ\u00e4ischen Markt und bieten sowohl Einzel- als auch Gro\u00dfhandelsdienste an.<\/p>\n<p class=\"my-0\">Unsere Plattform bietet flexible Zahlungsoptionen, darunter PayPal, Kreditkarten, iDEAL f\u00fcr die Niederlande, Bancontact f\u00fcr Belgien und SEPA-Bank\u00fcberweisungen f\u00fcr andere europ\u00e4ische L\u00e4nder. Diese Vielfalt stellt sicher, dass unsere Kunden Transaktionen einfach und sicher abwickeln k\u00f6nnen.<\/p>\n<p class=\"my-0\">Wenn Sie das Tornado 12000 Z\u00fcge oder andere Einweg-Vapes im Gro\u00dfhandel erwerben m\u00f6chten, besuchen Sie WideVape heute, um unsere umfangreiche Produktpalette zu erkunden und von unseren wettbewerbsf\u00e4higen Preisen und schnellen Versanddiensten zu profitieren.<\/p>\n<h2 class=\"mb-2 mt-6 text-lg font-[500] first:mt-3\">Fazit<\/h2>\n<p class=\"my-0\">Das Tornado 12000 Z\u00fcge ist eine au\u00dfergew\u00f6hnliche Wahl f\u00fcr diejenigen, die ein zuverl\u00e4ssiges und geschmackvolles Einweg-Vape suchen. Mit seiner beeindruckenden Zug-Zahl, dem wiederaufladbaren Akku und der Vielzahl an Geschmacksrichtungen ist es ideal sowohl f\u00fcr gelegentliche als auch f\u00fcr erfahrene Dampfer. Egal, ob Sie H\u00e4ndler sind, die Ihre Best\u00e4nde auff\u00fcllen m\u00f6chten, oder Konsumenten, die nach einer bequemen Dampfl\u00f6sung suchen, WideVape ist Ihre Adresse f\u00fcr alle <a href=\"https:\/\/widevape.com\/\">Einweg-Vape<\/a>-Bed\u00fcrfnisse.<\/p>\n<p><img loading=\"lazy\" decoding=\"async\" class=\"alignnone wp-image-22146 size-full\" src=\"https:\/\/widevape.com\/wp-content\/uploads\/2025\/02\/Tornado_120001.webp\" alt=\"Tornado 12000 Z\u00fcge Mesh-Coil 2% Niedriger Nikotin Gro\u00dfhandel Wiederaufladbarer Einweg-Dampfer Stift\" width=\"1500\" height=\"1500\" srcset=\"https:\/\/widevape.com\/wp-content\/uploads\/2025\/02\/Tornado_120001.webp 1500w, https:\/\/widevape.com\/wp-content\/uploads\/2025\/02\/Tornado_120001-247x247.webp 247w, https:\/\/widevape.com\/wp-content\/uploads\/2025\/02\/Tornado_120001-100x100.webp 100w, https:\/\/widevape.com\/wp-content\/uploads\/2025\/02\/Tornado_120001-510x510.webp 510w, https:\/\/widevape.com\/wp-content\/uploads\/2025\/02\/Tornado_120001-300x300.webp 300w, https:\/\/widevape.com\/wp-content\/uploads\/2025\/02\/Tornado_120001-1024x1024.webp 1024w, https:\/\/widevape.com\/wp-content\/uploads\/2025\/02\/Tornado_120001-150x150.webp 150w, https:\/\/widevape.com\/wp-content\/uploads\/2025\/02\/Tornado_120001-768x768.webp 768w\" sizes=\"auto, (max-width: 1500px) 100vw, 1500px\" \/><\/p>\n","protected":false},"excerpt":{"rendered":"<p>Tornado 12000 Z\u00fcge este un vape de unic\u0103 folosin\u021b\u0103 avansat care impresioneaz\u0103 prin p\u00e2n\u0103 la 12.000 de pufuri, o baterie re\u00eenc\u0103rcabil\u0103 \u0219i o varietate de arome, ideal pentru utilizarea zilnic\u0103 \u0219i perfect pentru comer\u021bul cu ridicata prin WideVape.<\/p>","protected":false},"featured_media":22145,"comment_status":"open","ping_status":"closed","template":"","meta":[],"product_brand":[],"product_cat":[101,92,37,94,90,57,98,96],"product_tag":[],"class_list":{"0":"post-22136","1":"product","2":"type-product","3":"status-publish","4":"has-post-thumbnail","6":"product_cat-12000-zuege-einweg-e-zigaretten","7":"product_cat-digitale-box-einweg-e-zigaretten","8":"product_cat-einweg-e-zigaretten","9":"product_cat-einweg-e-zigaretten-mit-niedriger-nikotinstaerke","10":"product_cat-grosse-einweg-e-zigaretten","11":"product_cat-rahdm-tornado-einweg-e-zigaretten","12":"product_cat-tornado-einweg-e-zigaretten","13":"product_cat-wiederaufladbare-einweg-e-zigaretten","15":"first","16":"instock","17":"shipping-taxable","18":"purchasable","19":"product-type-variable","20":"has-default-attributes"},"_links":{"self":[{"href":"https:\/\/widevape.com\/ro\/wp-json\/wp\/v2\/product\/22136","targetHints":{"allow":["GET"]}}],"collection":[{"href":"https:\/\/widevape.com\/ro\/wp-json\/wp\/v2\/product"}],"about":[{"href":"https:\/\/widevape.com\/ro\/wp-json\/wp\/v2\/types\/product"}],"replies":[{"embeddable":true,"href":"https:\/\/widevape.com\/ro\/wp-json\/wp\/v2\/comments?post=22136"}],"wp:featuredmedia":[{"embeddable":true,"href":"https:\/\/widevape.com\/ro\/wp-json\/wp\/v2\/media\/22145"}],"wp:attachment":[{"href":"https:\/\/widevape.com\/ro\/wp-json\/wp\/v2\/media?parent=22136"}],"wp:term":[{"taxonomy":"product_brand","embeddable":true,"href":"https:\/\/widevape.com\/ro\/wp-json\/wp\/v2\/product_brand?post=22136"},{"taxonomy":"product_cat","embeddable":true,"href":"https:\/\/widevape.com\/ro\/wp-json\/wp\/v2\/product_cat?post=22136"},{"taxonomy":"product_tag","embeddable":true,"href":"https:\/\/widevape.com\/ro\/wp-json\/wp\/v2\/product_tag?post=22136"}],"curies":[{"name":"wp","href":"https:\/\/api.w.org\/{rel}","templated":true}]}}