{"id":23078,"date":"2025-02-25T16:38:51","date_gmt":"2025-02-25T15:38:51","guid":{"rendered":"https:\/\/widevape.com\/?post_type=product&#038;p=23078"},"modified":"2026-01-19T03:10:39","modified_gmt":"2026-01-19T02:10:39","slug":"mrvi-dragon-13000-trage-duala-plasa-afisaj-digital-2-5-nicotina-scazuta-comert-cu-ridicata-mai-multe-arome-unitati-de-vapoare-de-unica-folosinta-stilouri-rechargeabile","status":"publish","type":"product","link":"https:\/\/widevape.com\/ro\/product\/mrvi-dragon-13000-zuege-dual-mesh-digitalanzeige-2-5-niedriger-nikotin-grosshandel-mehrere-geschmacksrichtungen-aufladbar-einweg-dampfeinheiten-stifte\/","title":{"rendered":"MRVI Dragon 13000 trenuri Afi\u0219aj digital dual-mesh 2% 5% Nicotin\u0103 sc\u0103zut\u0103 Angro Mai multe arome Unit\u0103\u021bi de vapoare de unic\u0103 folosin\u021b\u0103 re\u00eenc\u0103rcabile Pen-uri"},"content":{"rendered":"<div style=\"width: 720px;\" class=\"wp-video\"><video class=\"wp-video-shortcode\" id=\"video-23078-1\" width=\"720\" height=\"1280\" preload=\"metadata\" controls=\"controls\"><source type=\"video\/mp4\" src=\"https:\/\/widevape.com\/wp-content\/uploads\/2025\/02\/MRVI-Dragon-13000-Puffs.mp4?_=1\" \/><a href=\"https:\/\/widevape.com\/wp-content\/uploads\/2025\/02\/MRVI-Dragon-13000-Puffs.mp4\">https:\/\/widevape.com\/wp-content\/uploads\/2025\/02\/MRVI-Dragon-13000-Puffs.mp4<\/a><\/video><\/div>\n<h2 class=\"mb-2 mt-6 text-lg font-[500] first:mt-3\"><strong>Entdecken Sie die <a href=\"https:\/\/widevape.com\/product-category\/mrvi-einweg-e-zigaretten\/\">MRVI<\/a> Dragon 13000 Z\u00fcge: Die ultimative Einweg-Dampfeinheit<\/strong><\/h2>\n<p class=\"my-0\">Die\u00a0<strong>MRVI Dragon 13000 Z\u00fcge<\/strong>\u00a0ist eine revolution\u00e4re Einweg-Dampfeinheit, die innovative Technologie mit einem unvergleichlichen Dampferlebnis kombiniert. Diese innovative Einheit ist sowohl f\u00fcr Anf\u00e4nger als auch f\u00fcr erfahrene Dampfer konzipiert und bietet eine einzigartige Mischung aus Stil, Funktionalit\u00e4t und Geschmacksvielfalt. Als f\u00fchrende Online-Plattform f\u00fcr den Gro\u00dfhandel von Einweg-Dampfeinheiten in Deutschland, den Niederlanden, Belgien und Spanien ist WideVape Ihre erste Adresse f\u00fcr den Kauf der MRVI Dragon 13000 Z\u00fcge und anderer Top-Marken.<\/p>\n<h2 class=\"mb-xs mt-5 text-base font-[525] first:mt-3\"><strong>Schl\u00fcsselmerkmale der MRVI Dragon <a href=\"https:\/\/widevape.com\/product-category\/einweg-e-zigaretten-nach-zuegen\/13000-zuege-einweg-e-zigaretten\/\">13000 Z\u00fcge<\/a><\/strong><\/h2>\n<ul class=\"marker:text-textOff list-disc\">\n<li>\n<p class=\"my-0\"><strong>Langlebige Leistung<\/strong>: Bietet bis zu 13000 Z\u00fcge im Normalmodus und 6500 Z\u00fcge im Pulsmodus.<\/p>\n<\/li>\n<li>\n<p class=\"my-0\"><strong>Doppel-Mesh-Spulentechnologie<\/strong>: Verbessert den Geschmack und die Dampfproduktion f\u00fcr ein befriedigenderes Dampferlebnis.<\/p>\n<\/li>\n<li>\n<p class=\"my-0\"><strong>Gro\u00dfes E-Liquid-Volumen<\/strong>: 20ml E-Liquid, damit Sie Ihre Lieblingsgeschmacksrichtungen ohne h\u00e4ufiges Nachf\u00fcllen genie\u00dfen k\u00f6nnen.<\/p>\n<\/li>\n<li>\n<p class=\"my-0\"><strong>Aufladbar<\/strong>: Ausgestattet mit einem Type-C-Ladeanschluss f\u00fcr einfaches Aufladen.<\/p>\n<\/li>\n<li>\n<p class=\"my-0\"><strong>Nikotinoptionen<\/strong>: Verf\u00fcgbar in Nikotinst\u00e4rken von 2% und 5%, um unterschiedliche Vorlieben zu erf\u00fcllen.<\/p>\n<\/li>\n<li>\n<p class=\"my-0\"><strong>Digitales Display<\/strong>: Bietet eine klare Anzeige Ihrer Dampfeinstellungen und Batterielebensdauer.<\/p>\n<\/li>\n<li>\n<p class=\"my-0\"><strong>Kompaktes Design<\/strong>: Leicht und tragbar, ideal f\u00fcr den Einsatz unterwegs.<\/p>\n<\/li>\n<\/ul>\n<h2 class=\"mb-xs mt-5 text-base font-[525] first:mt-3\"><strong>Geschmacksrichtungen der MRVI Dragon 13000 Z\u00fcge<\/strong><\/h2>\n<p class=\"my-0\">Die MRVI Dragon 13000 Z\u00fcge ist in einer Vielzahl von Geschmacksrichtungen erh\u00e4ltlich, jede sorgf\u00e4ltig entwickelt, um ein einzigartiges Dampferlebnis zu bieten:<\/p>\n<ol class=\"marker:text-textOff list-decimal\">\n<li>\n<p class=\"my-0\"><strong>Blueberry Watermelon<\/strong>: Eine erfrischende Mischung aus s\u00fc\u00dfen Blaubeeren und saftiger Wassermelone, ideal f\u00fcr warme Tage.<\/p>\n<\/li>\n<li>\n<p class=\"my-0\"><strong>Peach Ice<\/strong>: Kombiniert die S\u00fc\u00dfe reifer Pfirsiche mit einem k\u00fchlen, eisigen Finish.<\/p>\n<\/li>\n<li>\n<p class=\"my-0\"><strong>Blue Razz Ice<\/strong>: Eine fruchtige und anregende Mischung aus blauer Himbeere mit einem Hauch von Eis.<\/p>\n<\/li>\n<li>\n<p class=\"my-0\"><strong>Strawberry Ice<\/strong>: S\u00fc\u00dfe Erdbeeren mit einem erfrischenden eisigen Twist.<\/p>\n<\/li>\n<li>\n<p class=\"my-0\"><strong>Watermelon Ice<\/strong>: Reine Wassermelonen-Geschmacksrichtung perfekt gek\u00fchlt.<\/p>\n<\/li>\n<li>\n<p class=\"my-0\"><strong>Cherry Ice<\/strong>: S\u00e4uerliche Kirschen-Geschmacksrichtung ausbalanciert mit einem k\u00fchlen, eisigen Gef\u00fchl.<\/p>\n<\/li>\n<li>\n<p class=\"my-0\"><strong>Blueberry Ice<\/strong>: Frische Blaubeeren mit einem knackigen, eisigen Finish.<\/p>\n<\/li>\n<li>\n<p class=\"my-0\"><strong>Grape Ice<\/strong>: Reiche Trauben-Geschmacksrichtung erg\u00e4nzt durch eine erfrischende eisige Note.<\/p>\n<\/li>\n<li>\n<p class=\"my-0\"><strong>Mixed Berries<\/strong>: Eine lebhafte Mischung aus verschiedenen Beeren, die einen komplexen und fruchtigen Geschmack bietet.<\/p>\n<\/li>\n<li>\n<p class=\"my-0\"><strong>Strawberry Mango<\/strong>: Eine tropische Fusion aus s\u00fc\u00dfen Erdbeeren und saftigen Mangos.<\/p>\n<\/li>\n<\/ol>\n<h2 class=\"mb-xs mt-5 text-base font-[525] first:mt-3\"><strong>Warum <a href=\"https:\/\/widevape.com\/\">WideVape<\/a> f\u00fcr Ihre Einweg-Dampfeinheiten w\u00e4hlen?<\/strong><\/h2>\n<p class=\"my-0\">WideVape ist die gr\u00f6\u00dfte Online-Plattform f\u00fcr den Gro\u00dfhandel von Einweg-Dampfeinheiten in den Niederlanden, Deutschland, Belgien und Spanien. Wir spezialisieren uns auf die Bereitstellung von Top-Marken wie RandM Tornado, FIZZY, Al Fakher, Waspe, Vapme, Bang Box, Bang King, Doloda, Elf Box, Vapsolo, FluuM, BIMO, Smokman, Kangertech, Aupo, Old School, Waspe, Vapsolo und SFOG. Mit \u00fcber einem Jahrzehnt Erfahrung im Bereich der elektronischen Zigaretten beliefert WideVape sowohl Einzelh\u00e4ndler als auch Gro\u00dfh\u00e4ndler in ganz Europa, darunter Deutschland, die Niederlande, Belgien, Spanien, Frankreich, Portugal, Polen und Italien.<\/p>\n<h2 class=\"mb-xs mt-5 text-base font-[525] first:mt-3\"><strong>Bequeme Zahlungsoptionen<\/strong><\/h2>\n<p class=\"my-0\">Bei WideVape bieten wir eine Vielzahl von Zahlungsmethoden, um Ihren Einkaufsprozess reibungslos zu gestalten. Sie k\u00f6nnen mit\u00a0<strong>PayPal<\/strong>,\u00a0<strong>Kreditkarten<\/strong>,\u00a0<strong>iDEAL<\/strong>\u00a0f\u00fcr niederl\u00e4ndische Kunden,\u00a0<strong>Bancontact<\/strong>\u00a0f\u00fcr belgische Kunden und\u00a0<strong>SEPA-Bank\u00fcberweisungen<\/strong>\u00a0f\u00fcr Kunden in ganz Europa bezahlen.<\/p>\n<h2 class=\"mb-xs mt-5 text-base font-[525] first:mt-3\"><strong>Kaufen Sie die MRVI Dragon 13000 Z\u00fcge bei WideVape heute!<\/strong><\/h2>\n<p class=\"my-0\">Besuchen Sie WideVape heute, um die MRVI Dragon 13000 Z\u00fcge und andere hochwertige Einweg-Dampfeinheiten zu erkunden. Genie\u00dfen Sie Gro\u00dfhandelsrabatte, schnellen Versand und eine Preisgarantie bei allen Bestellungen. Egal, ob Sie ein H\u00e4ndler sind, der sich eindecken m\u00f6chte, oder ein Verbraucher, der das beste Dampferlebnis sucht, WideVape ist Ihr vertrauensw\u00fcrdiger Partner im Bereich der Einweg-Dampfeinheiten.<\/p>\n<h2 class=\"mb-2 mt-6 text-lg font-[500] first:mt-3\"><strong>Zusammenfassung<\/strong><\/h2>\n<p class=\"my-0\">Zusammenfassend ist die MRVI Dragon 13000 Z\u00fcge eine bahnbrechende Einweg-Dampfeinheit, die durch ihre herausragende Leistung und vielf\u00e4ltigen Geschmacksrichtungen die Bed\u00fcrfnisse unterschiedlicher Nutzer erf\u00fcllt. Mit ihrer Doppel-Mesh-Spulentechnologie, einem 20ml E-Liquid-Volumen und einer 650mAh-Batterie bietet die MRVI Dragon 13000 Z\u00fcge ein Dampferlebnis von bis zu 13000 Z\u00fcgen. Die verschiedenen Geschmacksrichtungen wie Blaubeere-Wassermelone, Pfirsich-Eis und Erdbeere-Mango erm\u00f6glichen es den Nutzern, eine reiche Geschmackspalette zu genie\u00dfen.<\/p>\n<p class=\"my-0\">WideVape als f\u00fchrende Online-Plattform f\u00fcr den Gro\u00dfhandel von Einweg-Dampfeinheiten bietet Ihnen eine zuverl\u00e4ssige Beschaffungsquelle f\u00fcr die MRVI Dragon 13000 Z\u00fcge und andere Top-Marken. Unsere vielf\u00e4ltigen Zahlungsmethoden, darunter PayPal, Kreditkarten, iDEAL, Bancontact und SEPA-Bank\u00fcberweisungen, gew\u00e4hrleisten einen reibungslosen Einkaufsprozess.<\/p>\n<p class=\"my-0\">Egal, ob Sie Einzelh\u00e4ndler oder Verbraucher sind, <a href=\"https:\/\/widevape.com\/\">WideVape<\/a> ist Ihr vertrauensw\u00fcrdiger Partner im Bereich der Einweg-Dampfeinheiten. Besuchen Sie WideVape heute, um das unvergleichliche Dampferlebnis der MRVI Dragon 13000 Z\u00fcge zu erleben und von Gro\u00dfhandelsrabatten sowie schnellem Versand zu profitieren.<\/p>\n<p><img loading=\"lazy\" decoding=\"async\" class=\"alignnone wp-image-23083 size-full\" src=\"https:\/\/widevape.com\/wp-content\/uploads\/2025\/02\/MRVI_Dragon_130009.webp\" alt=\"MRVI Dragon 13000 Z\u00fcge Dual-Mesh-Digitalanzeige 2% 5% Niedriger Nikotin Gro\u00dfhandel Mehrere Geschmacksrichtungen Aufladbar Einweg-Dampfeinheiten Stifte\" width=\"1060\" height=\"1060\" srcset=\"https:\/\/widevape.com\/wp-content\/uploads\/2025\/02\/MRVI_Dragon_130009.webp 1060w, https:\/\/widevape.com\/wp-content\/uploads\/2025\/02\/MRVI_Dragon_130009-247x247.webp 247w, https:\/\/widevape.com\/wp-content\/uploads\/2025\/02\/MRVI_Dragon_130009-100x100.webp 100w, https:\/\/widevape.com\/wp-content\/uploads\/2025\/02\/MRVI_Dragon_130009-510x510.webp 510w, https:\/\/widevape.com\/wp-content\/uploads\/2025\/02\/MRVI_Dragon_130009-300x300.webp 300w, https:\/\/widevape.com\/wp-content\/uploads\/2025\/02\/MRVI_Dragon_130009-1024x1024.webp 1024w, https:\/\/widevape.com\/wp-content\/uploads\/2025\/02\/MRVI_Dragon_130009-150x150.webp 150w, https:\/\/widevape.com\/wp-content\/uploads\/2025\/02\/MRVI_Dragon_130009-768x768.webp 768w\" sizes=\"auto, (max-width: 1060px) 100vw, 1060px\" \/><\/p>\n","protected":false},"excerpt":{"rendered":"<p>MRVI Dragon 13000 trenurile sunt o unitate inovatoare de vapoare de unic\u0103 folosin\u021b\u0103 cu o capacitate impresionant\u0103 de p\u00e2n\u0103 la 13000 de trageri, echipate cu o bobin\u0103 dubl\u0103 Mesh, un volum de e-lichid de 20ml \u0219i o baterie re\u00eenc\u0103rcabil\u0103 de 650mAh, disponibil\u0103 \u00een diferite arome delicioase care se adreseaz\u0103 at\u00e2t \u00eencep\u0103torilor, c\u00e2t \u0219i vap\u0103torilor experimenta\u021bi.<\/p>","protected":false},"featured_media":23089,"comment_status":"open","ping_status":"closed","template":"","meta":[],"product_brand":[],"product_cat":[102,92,93,37,94,90,54,96],"product_tag":[],"class_list":{"0":"post-23078","1":"product","2":"type-product","3":"status-publish","4":"has-post-thumbnail","6":"product_cat-13000-zuege-einweg-e-zigaretten","7":"product_cat-digitale-box-einweg-e-zigaretten","8":"product_cat-dual-mesh-einweg-e-zigaretten","9":"product_cat-einweg-e-zigaretten","10":"product_cat-einweg-e-zigaretten-mit-niedriger-nikotinstaerke","11":"product_cat-grosse-einweg-e-zigaretten","12":"product_cat-mrvi-einweg-e-zigaretten","13":"product_cat-wiederaufladbare-einweg-e-zigaretten","15":"first","16":"outofstock","17":"shipping-taxable","18":"purchasable","19":"product-type-variable"},"_links":{"self":[{"href":"https:\/\/widevape.com\/ro\/wp-json\/wp\/v2\/product\/23078","targetHints":{"allow":["GET"]}}],"collection":[{"href":"https:\/\/widevape.com\/ro\/wp-json\/wp\/v2\/product"}],"about":[{"href":"https:\/\/widevape.com\/ro\/wp-json\/wp\/v2\/types\/product"}],"replies":[{"embeddable":true,"href":"https:\/\/widevape.com\/ro\/wp-json\/wp\/v2\/comments?post=23078"}],"wp:featuredmedia":[{"embeddable":true,"href":"https:\/\/widevape.com\/ro\/wp-json\/wp\/v2\/media\/23089"}],"wp:attachment":[{"href":"https:\/\/widevape.com\/ro\/wp-json\/wp\/v2\/media?parent=23078"}],"wp:term":[{"taxonomy":"product_brand","embeddable":true,"href":"https:\/\/widevape.com\/ro\/wp-json\/wp\/v2\/product_brand?post=23078"},{"taxonomy":"product_cat","embeddable":true,"href":"https:\/\/widevape.com\/ro\/wp-json\/wp\/v2\/product_cat?post=23078"},{"taxonomy":"product_tag","embeddable":true,"href":"https:\/\/widevape.com\/ro\/wp-json\/wp\/v2\/product_tag?post=23078"}],"curies":[{"name":"wp","href":"https:\/\/api.w.org\/{rel}","templated":true}]}}