{"id":26142,"date":"2025-03-01T10:47:26","date_gmt":"2025-03-01T09:47:26","guid":{"rendered":"https:\/\/widevape.com\/?post_type=product&#038;p=26142"},"modified":"2025-11-05T10:21:27","modified_gmt":"2025-11-05T09:21:27","slug":"gazzbar-racheta-20000-trageri-dual-mesh-led-afisaj-2-5-nicotina-scazut-comert-cu-ridicata-e-tigarete-stilou-reutilizabile-de-unica-folosinta-in-comertul-cu-ridicata","status":"publish","type":"product","link":"https:\/\/widevape.com\/ro\/product\/gazzbar-rocket-20000-zuege-dual-mesh-led-anzeige-2-5-niedriger-nikotin-grosshandel-aufladbare-einweg-e-zigaretten-stifte-im-grosshandel\/","title":{"rendered":"Gazzbar Rocket 20000 de trageri Afi\u0219aj LED dual-mesh 2% 5% Nicotin\u0103 sc\u0103zut\u0103 Vape de unic\u0103 folosin\u021b\u0103 re\u00eenc\u0103rcabile \u00een vrac \u00een stilou Vape en gros"},"content":{"rendered":"<div style=\"width: 544px;\" class=\"wp-video\"><video class=\"wp-video-shortcode\" id=\"video-26142-1\" width=\"544\" height=\"960\" preload=\"metadata\" controls=\"controls\"><source type=\"video\/mp4\" src=\"https:\/\/widevape.com\/wp-content\/uploads\/2025\/03\/Gazzbar-Rocket-20000-Puffs.mp4?_=1\" \/><a href=\"https:\/\/widevape.com\/wp-content\/uploads\/2025\/03\/Gazzbar-Rocket-20000-Puffs.mp4\">https:\/\/widevape.com\/wp-content\/uploads\/2025\/03\/Gazzbar-Rocket-20000-Puffs.mp4<\/a><\/video><\/div>\n<h2 class=\"mb-2 mt-6 text-lg font-[500] first:mt-3\"><a href=\"https:\/\/widevape.com\/product-category\/gazzbar-einweg-e-zigaretten\/\">Gazzbar<\/a> Rocket 20000 Z\u00fcge: Die Revolution\u00e4re Einweg-E-Zigarette<\/h2>\n<p class=\"my-0\">Die\u00a0<strong>Gazzbar Rocket 20000 Z\u00fcge<\/strong>\u00a0ist eine bahnbrechende Einweg-E-Zigarette, die ein unvergleichliches Vaping-Erlebnis bietet. Mit ihren beeindruckenden 20.000 Z\u00fcgen, der Dual-Mesh-Spulentechnologie und einem aufladbaren Akku ist dieses Ger\u00e4t darauf ausgelegt, langanhaltende Zufriedenheit und verbesserte Geschmackstransport zu bieten. Egal, ob Sie ein erfahrener Vaper oder ein Neuling sind, die Gazzbar Rocket ist eine hervorragende Wahl f\u00fcr alle, die nach einer zuverl\u00e4ssigen und funktionsreichen Einweg-E-Zigarette suchen.<\/p>\n<h2 class=\"mb-xs mt-5 text-base font-[525] first:mt-3\">Hauptmerkmale der Gazzbar Rocket <a href=\"https:\/\/widevape.com\/product-category\/einweg-e-zigaretten-nach-zuegen\/20000-zuege-einweg-e-zigaretten\/\">20000 Z\u00fcge<\/a><\/h2>\n<ul class=\"marker:text-textOff list-disc\">\n<li>\n<p class=\"my-0\"><strong>Langanhaltende Leistung<\/strong>: Bietet bis zu 20.000 Z\u00fcge, ideal f\u00fcr intensive Nutzer.<\/p>\n<\/li>\n<li>\n<p class=\"my-0\"><strong>Dual-Mesh-Spulentechnologie<\/strong>: Verbessert den Geschmackstransport und produziert glatteren Dampf.<\/p>\n<\/li>\n<li>\n<p class=\"my-0\"><strong>Nikotinoptionen<\/strong>: Verf\u00fcgbar in 2% und 5% Nikotinkonzentration, um unterschiedliche Vorlieben zu erf\u00fcllen.<\/p>\n<\/li>\n<li>\n<p class=\"my-0\"><strong>Aufladbarer Akku<\/strong>: Ausgestattet mit einem 650mAh Akku, der \u00fcber einen Typ-C-Anschluss aufgeladen werden kann.<\/p>\n<\/li>\n<li>\n<p class=\"my-0\"><strong>LED-Anzeige<\/strong>: Bietet eine klare Anzeige des Batteriestands und der Anzahl der Z\u00fcge.<\/p>\n<\/li>\n<li>\n<p class=\"my-0\"><strong>Portables Design<\/strong>: Wiegt nur 103 Gramm, ideal f\u00fcr den Transport.<\/p>\n<\/li>\n<\/ul>\n<h2 class=\"mb-xs mt-5 text-base font-[525] first:mt-3\">Geschmacksrichtungen der Gazzbar Rocket 20000 Z\u00fcge<\/h2>\n<p class=\"my-0\">Die Gazzbar Rocket 20000 Z\u00fcge ist in einer Vielzahl von Geschmacksrichtungen erh\u00e4ltlich, jede sorgf\u00e4ltig entwickelt, um ein einzigartiges Vaping-Erlebnis zu bieten:<\/p>\n<ol class=\"marker:text-textOff list-decimal\">\n<li>\n<p class=\"my-0\"><strong>White Gummy Ice\u00a0<\/strong>: Kombiniert die S\u00fc\u00dfe von weichen Gummibonbons mit einem erfrischenden eisigen Hauch, ideal f\u00fcr diejenigen, die s\u00fc\u00dfe und k\u00fchle Vapes bevorzugen.<\/p>\n<\/li>\n<li>\n<p class=\"my-0\"><strong>Strawberry Kiwi\u00a0<\/strong>: Eine fruchtige Mischung aus Erdbeeren und Kiwi, die einen s\u00fc\u00dfen und saftigen Geschmack bietet, der sowohl erfrischend als auch anregend ist.<\/p>\n<\/li>\n<li>\n<p class=\"my-0\"><strong>Blue Razz Ice\u00a0<\/strong>: Inspiriert von blauer Himbeere, f\u00fcgt dieser Geschmack einen eisigen Kick hinzu, was ein k\u00fchles und fruchtiges Erlebnis schafft.<\/p>\n<\/li>\n<li>\n<p class=\"my-0\"><strong>Strawberry Banana\u00a0<\/strong>: Eine tropische Mischung aus reifen Erdbeeren und Bananen, die einen glatten und s\u00fc\u00dfen Vaping-Erlebnis bietet.<\/p>\n<\/li>\n<li>\n<p class=\"my-0\"><strong>Sour Apple Ice\u00a0<\/strong>: Kombiniert die S\u00e4ure von sauren \u00c4pfeln mit einem erfrischenden eisigen Hauch, ideal f\u00fcr diejenigen, die saure Geschmacksrichtungen bevorzugen.<\/p>\n<\/li>\n<li>\n<p class=\"my-0\"><strong>Strawberry Mango\u00a0<\/strong>: Eine tropische Fusion aus Erdbeeren und Mangos, die einen s\u00fc\u00dfen und fruchtigen Geschmack bietet.<\/p>\n<\/li>\n<li>\n<p class=\"my-0\"><strong>Blueberry Ice<\/strong>: F\u00e4ngt die Essenz von Blaubeeren mit einem eisigen Hauch ein, was ein k\u00fchles und fruchtiges Erlebnis bietet.<\/p>\n<\/li>\n<li>\n<p class=\"my-0\"><strong>Tropical Rainbow Blast\u00a0<\/strong>: Eine lebhafte Mischung aus tropischen Fr\u00fcchten, die ein farbenfrohes und explosives Geschmackserlebnis schafft.<\/p>\n<\/li>\n<li>\n<p class=\"my-0\"><strong>Juicy Peach Ice\u00a0<\/strong>: Bietet die S\u00fc\u00dfe von saftigen Pfirsichen mit einem erfrischenden eisigen Hauch, ideal f\u00fcr warme Tage.<\/p>\n<\/li>\n<li>\n<p class=\"my-0\"><strong>Watermelon Ice\u00a0<\/strong>: Kombiniert die S\u00fc\u00dfe von Wassermelone mit einem eisigen Kick, was ein erfrischendes und k\u00fchles Vaping-Erlebnis bietet.<\/p>\n<\/li>\n<li>\n<p class=\"my-0\"><strong>Mexico Mango\u00a0<\/strong>: Inspiriert von den reichen Aromen mexikanischer Mangos, bietet dieser Geschmack einen s\u00fc\u00dfen und exotischen Geschmack.<\/p>\n<\/li>\n<li>\n<p class=\"my-0\"><strong>Clear<\/strong>: Ein neutraler Geschmack f\u00fcr diejenigen, die einen sauberen und geradlinigen Vaping-Erlebnis bevorzugen.<\/p>\n<\/li>\n<li>\n<p class=\"my-0\"><strong>Miami Mint\u00a0<\/strong>: Eine erfrischende Mischung aus Minzgeschmacksrichtungen, ideal f\u00fcr diejenigen, die k\u00fchle und anregende Vapes bevorzugen.<\/p>\n<\/li>\n<li>\n<p class=\"my-0\"><strong> Tobacco<\/strong>: F\u00fcr diejenigen, die einen traditionellen Geschmack bevorzugen, f\u00e4ngt dieser Geschmack die Essenz von Tabak ein.<\/p>\n<\/li>\n<\/ol>\n<h2 class=\"mb-xs mt-5 text-base font-[525] first:mt-3\">Kauf der Gazzbar Rocket 20000 Z\u00fcge bei <a href=\"https:\/\/widevape.com\/\">WideVape<\/a><\/h2>\n<p class=\"my-0\">Wenn Sie die Gazzbar Rocket 20000 Z\u00fcge oder andere hochwertige Einweg-E-Zigaretten im Gro\u00dfhandel erwerben m\u00f6chten, ist\u00a0<strong>WideVape<\/strong>\u00a0Ihre beste Wahl. Als gr\u00f6\u00dfte Online-Wholesale-Plattform f\u00fcr Einweg-E-Zigaretten in den Niederlanden, Deutschland, Belgien und Spanien bietet WideVape wettbewerbsf\u00e4hige Preise und eine breite Palette von Marken wie RandM Tornado, FIZZY, Al Fakher, Waspe, Vapme, Bang Box, Bang King, Doloda, Elf Box, Vapsolo, FluuM, BIMO, Smokman, Kangertech, Aupo, Old School, Waspe, Vapsolo, SFOG und mehr.<\/p>\n<p class=\"my-0\">WideVape bietet schnellen und versicherten Versand in alle EU-L\u00e4nder, um sicherzustellen, dass Ihre Produkte sicher und effizient ankommen. Mit einer Vielzahl von Zahlungsoptionen, darunter PayPal, Kreditkarten, iDEAL, Bancontact und SEPA-Bank\u00fcberweisungen, ist der Kauf bei WideVape bequem und sicher.<\/p>\n<p class=\"my-0\">Egal, ob Sie ein H\u00e4ndler sind, der beliebte Einweg-E-Zigaretten lagern m\u00f6chte, oder ein Verbraucher, der das beste Vaping-Erlebnis sucht, WideVape ist bestrebt, hochwertige Produkte mit au\u00dfergew\u00f6hnlichem Kundenservice zu liefern. Besuchen Sie\u00a0<strong>WideVape.com<\/strong>\u00a0heute, um die gesamte Palette an Einweg-E-Zigaretten zu erkunden und von Gro\u00dfhandelsrabatten zu profitieren.<\/p>\n<h2 class=\"mb-xs mt-5 text-base font-[525] first:mt-3\">Zusammenfassung<\/h2>\n<p class=\"my-0\">Zusammenfassend ist die Gazzbar Rocket 20000 Z\u00fcge eine revolution\u00e4re Einweg-E-Zigarette, die durch ihre beeindruckende Leistung und vielf\u00e4ltige Geschmacksrichtungen \u00fcberzeugt. Mit ihrer Dual-Mesh-Spulentechnologie und dem aufladbaren Akku bietet sie ein verbessertes Vaping-Erlebnis. <a href=\"https:\/\/widevape.com\/\">WideVape<\/a> als f\u00fchrende Wholesale-Plattform in Europa bietet Ihnen den bequemsten Weg, diese und andere hochwertige Einweg-E-Zigaretten zu erwerben. Ob Sie H\u00e4ndler oder Verbraucher sind, WideVape deckt Ihre Bed\u00fcrfnisse ab und bietet hochwertige Produkte mit exzellentem Service. Daher ist die Gazzbar Rocket 20000 Z\u00fcge die beste Wahl f\u00fcr alle, die nach einer leistungsstarken und preiswerten Einweg-E-Zigarette suchen.<\/p>\n<p><img loading=\"lazy\" decoding=\"async\" class=\"alignnone wp-image-26180 size-full\" src=\"https:\/\/widevape.com\/wp-content\/uploads\/2025\/03\/Gazzbar_Rocket_20000-13.webp\" alt=\"Gazzbar Rocket 20000 Z\u00fcge Dual-Mesh-LED-Anzeige 2% 5% Niedriger Nikotin Gro\u00dfhandel Aufladbare Einweg-E-Zigaretten Stifte im Gro\u00dfhandel\" width=\"2560\" height=\"1440\" srcset=\"https:\/\/widevape.com\/wp-content\/uploads\/2025\/03\/Gazzbar_Rocket_20000-13.webp 2560w, https:\/\/widevape.com\/wp-content\/uploads\/2025\/03\/Gazzbar_Rocket_20000-13-510x287.webp 510w, https:\/\/widevape.com\/wp-content\/uploads\/2025\/03\/Gazzbar_Rocket_20000-13-300x169.webp 300w, https:\/\/widevape.com\/wp-content\/uploads\/2025\/03\/Gazzbar_Rocket_20000-13-1024x576.webp 1024w, https:\/\/widevape.com\/wp-content\/uploads\/2025\/03\/Gazzbar_Rocket_20000-13-768x432.webp 768w, https:\/\/widevape.com\/wp-content\/uploads\/2025\/03\/Gazzbar_Rocket_20000-13-1536x864.webp 1536w, https:\/\/widevape.com\/wp-content\/uploads\/2025\/03\/Gazzbar_Rocket_20000-13-2048x1152.webp 2048w\" sizes=\"auto, (max-width: 2560px) 100vw, 2560px\" \/><\/p>\n","protected":false},"excerpt":{"rendered":"<p>Die\u00a0<strong>Gazzbar Rocket 20000 Z\u00fcge \n\n becomes \n\n Gazzbar Rocket 20000 trenuri<\/strong>\u00a0este o \u021bigar\u0103 electronic\u0103 de unic\u0103 folosin\u021b\u0103 revolu\u021bionar\u0103, care impresioneaz\u0103 prin performan\u021ba sa impresionant\u0103, varietatea de arome \u0219i tehnologia inovatoare, cum ar fi tehnologia cu bobin\u0103 dual\u0103 \u0219i o baterie re\u00eenc\u0103rcabil\u0103.<\/p>","protected":false},"featured_media":26181,"comment_status":"open","ping_status":"closed","template":"","meta":[],"product_brand":[],"product_cat":[106,92,93,37,94,46,90,96],"product_tag":[],"class_list":{"0":"post-26142","1":"product","2":"type-product","3":"status-publish","4":"has-post-thumbnail","6":"product_cat-20000-zuege-einweg-e-zigaretten","7":"product_cat-digitale-box-einweg-e-zigaretten","8":"product_cat-dual-mesh-einweg-e-zigaretten","9":"product_cat-einweg-e-zigaretten","10":"product_cat-einweg-e-zigaretten-mit-niedriger-nikotinstaerke","11":"product_cat-gazzbar-einweg-e-zigaretten","12":"product_cat-grosse-einweg-e-zigaretten","13":"product_cat-wiederaufladbare-einweg-e-zigaretten","15":"first","16":"outofstock","17":"shipping-taxable","18":"purchasable","19":"product-type-variable"},"_links":{"self":[{"href":"https:\/\/widevape.com\/ro\/wp-json\/wp\/v2\/product\/26142","targetHints":{"allow":["GET"]}}],"collection":[{"href":"https:\/\/widevape.com\/ro\/wp-json\/wp\/v2\/product"}],"about":[{"href":"https:\/\/widevape.com\/ro\/wp-json\/wp\/v2\/types\/product"}],"replies":[{"embeddable":true,"href":"https:\/\/widevape.com\/ro\/wp-json\/wp\/v2\/comments?post=26142"}],"wp:featuredmedia":[{"embeddable":true,"href":"https:\/\/widevape.com\/ro\/wp-json\/wp\/v2\/media\/26181"}],"wp:attachment":[{"href":"https:\/\/widevape.com\/ro\/wp-json\/wp\/v2\/media?parent=26142"}],"wp:term":[{"taxonomy":"product_brand","embeddable":true,"href":"https:\/\/widevape.com\/ro\/wp-json\/wp\/v2\/product_brand?post=26142"},{"taxonomy":"product_cat","embeddable":true,"href":"https:\/\/widevape.com\/ro\/wp-json\/wp\/v2\/product_cat?post=26142"},{"taxonomy":"product_tag","embeddable":true,"href":"https:\/\/widevape.com\/ro\/wp-json\/wp\/v2\/product_tag?post=26142"}],"curies":[{"name":"wp","href":"https:\/\/api.w.org\/{rel}","templated":true}]}}