{"id":27502,"date":"2025-03-15T13:22:01","date_gmt":"2025-03-15T12:22:01","guid":{"rendered":"https:\/\/widevape.com\/?post_type=product&#038;p=27502"},"modified":"2025-09-03T15:00:13","modified_gmt":"2025-09-03T13:00:13","slug":"anu-vista-30000-de-trageri-afisaj-digital-0-2-5-nicotina-scazuta-comert-cu-ridicata-mai-multe-arome-vaporizator-de-unica-folosinta-reincarcabil","status":"publish","type":"product","link":"https:\/\/widevape.com\/ro\/product\/anu-vista-30000-zuege-digitales-display-0-2-5-niedriger-nikotin-grosshandel-mehrere-geschmacksrichtungen-aufladbarer-einweg-dampfer\/","title":{"rendered":"ANU Vista 30000 de trageri Afi\u0219aj digital 2% Nicotin\u0103 sc\u0103zut\u0103 V\u00e2nzare en gros Mai multe arome Vaporizator de unic\u0103 folosin\u021b\u0103, re\u00eenc\u0103rcabil"},"content":{"rendered":"<h2 class=\"mb-2 mt-6 text-lg font-[500] first:mt-3\"><a href=\"https:\/\/widevape.com\/product-category\/anu-einweg-e-zigaretten\/\">ANU<\/a> Vista 30000 Z\u00fcge: Die Revolution\u00e4re Einweg-Dampfe mit Un\u00fcbertroffener Leistung<\/h2>\n<p class=\"my-0\">Die\u00a0<strong>ANU Vista 30000 Z\u00fcge<\/strong>\u00a0ist eine bahnbrechende Einweg-Dampfe, die eine un\u00fcbertroffene Kombination aus Langlebigkeit, Vielseitigkeit und Geschmack bietet. Dieses innovative Ger\u00e4t ist darauf ausgelegt, den Nutzern ein nahtloses Dampferlebnis zu bieten, mit einem Digitaldisplay, einstellbaren Nikotinwerten und einer aufladbaren Batterie. Ob Sie ein erfahrener Dampfer sind oder gerade erst anfangen, die ANU Vista 30000 Z\u00fcge ist eine hervorragende Wahl f\u00fcr alle, die ein zuverl\u00e4ssiges und befriedigendes Dampferlebnis suchen.<\/p>\n<h2 class=\"mb-xs mt-5 text-base font-[525] first:mt-3\">Hauptmerkmale der ANU Vista<a href=\"https:\/\/widevape.com\/product-category\/einweg-e-zigaretten-nach-zuegen\/30000-zuege-einweg-e-zigaretten\/\"> 30000 Z\u00fcge<\/a><\/h2>\n<ul class=\"marker:text-textOff list-disc\">\n<li>\n<p class=\"my-0\"><strong>Langlebige Leistung<\/strong>: Bis zu 30.000 Z\u00fcge, was die Notwendigkeit h\u00e4ufiger Austauschs minimiert.<\/p>\n<\/li>\n<li>\n<p class=\"my-0\"><strong>Gro\u00dfer E-Liquid-Tank<\/strong>: 22ml Kapazit\u00e4t, um h\u00e4ufiges Nachf\u00fcllen zu vermeiden.<\/p>\n<\/li>\n<li>\n<p class=\"my-0\"><strong>Einstellbare Nikotinwerte<\/strong>: 2%\u00a0 Nikotinoptionen, um unterschiedlichen Nutzervorlieben gerecht zu werden.<\/p>\n<\/li>\n<li>\n<p class=\"my-0\"><strong>Aufladbar<\/strong>: Mit einer 650mAh aufladbaren Batterie und einem Type-C-Ladeanschluss f\u00fcr schnelles und effizientes Aufladen.<\/p>\n<\/li>\n<li>\n<p class=\"my-0\"><strong>Digitaldisplay<\/strong>: Erm\u00f6glicht es den Nutzern, den Batteriestand und die Anzahl der Z\u00fcge leicht zu \u00fcberwachen.<\/p>\n<\/li>\n<li>\n<p class=\"my-0\"><strong>Ergonomisches Design<\/strong>: Kompakt und leicht, ideal zum Mitnehmen.<\/p>\n<\/li>\n<li>\n<p class=\"my-0\"><strong>Netzschlauchtechnologie<\/strong>: Verbessert die Dampfproduktion und den Geschmackserlebnis.<\/p>\n<\/li>\n<\/ul>\n<h2 class=\"mb-xs mt-5 text-base font-[525] first:mt-3\">Geschmacksrichtungen der ANU Vista 30000 Z\u00fcge<\/h2>\n<p class=\"my-0\">Die ANU Vista 30000 Z\u00fcge ist in einer Vielzahl leckerer Geschmacksrichtungen erh\u00e4ltlich, jede sorgf\u00e4ltig entwickelt, um ein einzigartiges Dampferlebnis zu bieten:<\/p>\n<ol class=\"marker:text-textOff list-decimal\">\n<li>\n<p class=\"my-0\"><strong>Blueberry Ice<\/strong>: Eine erfrischende Mischung aus s\u00fc\u00dfen Blaubeeren mit einer Hauch von eisiger K\u00fchle, ideal f\u00fcr alle, die fruchtige Geschmacksrichtungen mit einer besonderen Note lieben.<\/p>\n<\/li>\n<li>\n<p class=\"my-0\"><strong>Grape Ice<\/strong>: Kombiniert die F\u00fclle von Trauben mit einer erfrischenden eisigen Note, was einen Geschmack ergibt, der sowohl s\u00fc\u00df als auch belebend ist.<\/p>\n<\/li>\n<li>\n<p class=\"my-0\"><strong>Strawberry Watermelon Ice<\/strong>: Diese Geschmacksrichtung bringt die S\u00fc\u00dfe von Erdbeeren und Wassermelonen zusammen, abgerundet mit einer k\u00fchlen eisigen Note, ideal f\u00fcr warme Tage.<\/p>\n<\/li>\n<li>\n<p class=\"my-0\"><strong>Blue Razz Lemon<\/strong>: Eine zitronige Mischung aus blauer Himbeere und Zitrone, die ein scharfes und aufmunterndes Dampferlebnis bietet.<\/p>\n<\/li>\n<li>\n<p class=\"my-0\"><strong>Cherry Lemon Ice<\/strong>: Kombiniert die S\u00e4ure von Kirschen mit der Zitronenfrische, alles in einer eisigen K\u00fchle verpackt, die sicherlich Ihre Geschmacksknospen begeistern wird.<\/p>\n<\/li>\n<li>\n<p class=\"my-0\"><strong>Watermelon Ice<\/strong>: Reiner Wassermelonen-Geschmack mit einer erfrischenden eisigen Note, ideal f\u00fcr alle, die die S\u00fc\u00dfe von Melonen lieben.<\/p>\n<\/li>\n<li>\n<p class=\"my-0\"><strong>Grape Berries<\/strong>: Eine reiche Mischung aus Trauben und gemischten Beeren, die ein tiefes, fruchtiges Geschmackserlebnis bietet.<\/p>\n<\/li>\n<li>\n<p class=\"my-0\"><strong>Fresh Mint<\/strong>: Bietet ein erfrischendes und belebendes Erlebnis mit ihrem k\u00fchlen Minzgeschmack, ideal f\u00fcr alle, die einen Gaumenreiniger suchen.<\/p>\n<\/li>\n<li>\n<p class=\"my-0\"><strong>Strawberry Kiwi Ice<\/strong>: Kombiniert die S\u00fc\u00dfe von Erdbeeren mit der S\u00e4ure von Kiwi, abgerundet mit einer eisigen K\u00fchle, die sowohl erfrischend als auch fruchtig ist.<\/p>\n<\/li>\n<li>\n<p class=\"my-0\"><strong>Watermelon Bubblegum<\/strong>: Eine spielerische Mischung aus Wassermelonen- und Kaugummigeschmack, die ein s\u00fc\u00dfes und unterhaltsames Dampferlebnis bietet.<\/p>\n<\/li>\n<\/ol>\n<h2 class=\"mb-xs mt-5 text-base font-[525] first:mt-3\">Kauf der ANU Vista 30000 Z\u00fcge bei\u00a0<a href=\"https:\/\/widevape.com\/\"><strong>WideVape<\/strong><\/a><\/h2>\n<p class=\"my-0\">F\u00fcr alle, die die ANU Vista 30000 Z\u00fcge oder andere hochwertige Einweg-Dampfer erwerben m\u00f6chten, ist\u00a0<strong>WideVape<\/strong>\u00a0die f\u00fchrende Online-Plattform f\u00fcr den Gro\u00dfhandel in Europa. Mit Standorten in den Niederlanden, Deutschland, Belgien und Spanien bietet\u00a0<strong>WideVape<\/strong>\u00a0eine breite Auswahl an Einweg-Dampfern von renommierten Marken wie RandM Tornado, FIZZY, Al Fakher, Waspe, Vapme, Bang Box, Bang King, Doloda, Elf Box, Vapsolo, FluuM, BIMO, Smokman, Kangertech, Aupo, Old School, Waspe, Vapsolo und SFOG.<\/p>\n<p class=\"my-0\">WideVape bietet sowohl Einzel- als auch Gro\u00dfhandelsdienste an, sodass sowohl Verbraucher als auch Unternehmen die besten Angebote f\u00fcr Gro\u00dfbestellungen finden k\u00f6nnen. Mit einem Fokus auf Kundenzufriedenheit und schnellem, versicherten Versand in alle EU-L\u00e4nder ist <strong>WideVape<\/strong>\u00a0Ihre erste Adresse f\u00fcr alle Bed\u00fcrfnisse an Einweg-Dampfern.<\/p>\n<h2 class=\"mb-xs mt-5 text-base font-[525] first:mt-3\">Zahlungsoptionen bei\u00a0<strong>WideVape<\/strong><\/h2>\n<p class=\"my-0\"><strong>WideVape<\/strong>\u00a0bietet eine Vielzahl von bequemen Zahlungsoptionen, darunter PayPal, Kreditkarten, iDEAL f\u00fcr niederl\u00e4ndische Kunden, Bancontact f\u00fcr belgische Kunden und SEPA-Bank\u00fcberweisungen f\u00fcr Kunden in ganz Europa. Diese Flexibilit\u00e4t stellt sicher, dass Sie Ihren Kauf sicher und effizient abschlie\u00dfen k\u00f6nnen.<\/p>\n<h2 class=\"mb-xs mt-5 text-base font-[525] first:mt-3\">Fazit<\/h2>\n<p class=\"my-0\">Die ANU Vista 30000 Z\u00fcge ist ein Highlight auf dem Markt f\u00fcr Einweg-Dampfer, das eine Kombination aus Langlebigkeit, Vielseitigkeit und Geschmack bietet, die schwer zu \u00fcbertreffen ist. Ob Sie ein zuverl\u00e4ssiges Dampfger\u00e4t f\u00fcr den pers\u00f6nlichen Gebrauch suchen oder Gesch\u00e4ftskunden sind, die ihre Best\u00e4nde auff\u00fcllen m\u00f6chten,\u00a0<strong>WideVape<\/strong>\u00a0ist die perfekte Plattform, um die ANU Vista 30000 Z\u00fcge und andere hochwertige Einweg-Dampfer zu erwerben. Mit seinen wettbewerbsf\u00e4higen Preisen, umfangreichen Produktauswahl und exzellentem Kundenservice ist\u00a0<a href=\"https:\/\/widevape.com\/\"><strong>WideVape<\/strong><\/a>\u00a0die f\u00fchrende Wahl f\u00fcr Einweg-Dampfer-Enthusiasten in ganz Europa.<\/p>\n<p><img loading=\"lazy\" decoding=\"async\" class=\"alignnone wp-image-27545 size-full\" src=\"https:\/\/widevape.com\/wp-content\/uploads\/2025\/03\/ANU_Vista_300001.webp\" alt=\"ANU Vista 30000 Z\u00fcge Digitales Display 2% Niedriger Nikotin Gro\u00dfhandel Mehrere Geschmacksrichtungen Aufladbarer Einweg-Dampfer\" width=\"1600\" height=\"1600\" srcset=\"https:\/\/widevape.com\/wp-content\/uploads\/2025\/03\/ANU_Vista_300001.webp 1600w, https:\/\/widevape.com\/wp-content\/uploads\/2025\/03\/ANU_Vista_300001-247x247.webp 247w, https:\/\/widevape.com\/wp-content\/uploads\/2025\/03\/ANU_Vista_300001-100x100.webp 100w, https:\/\/widevape.com\/wp-content\/uploads\/2025\/03\/ANU_Vista_300001-510x510.webp 510w, https:\/\/widevape.com\/wp-content\/uploads\/2025\/03\/ANU_Vista_300001-300x300.webp 300w, https:\/\/widevape.com\/wp-content\/uploads\/2025\/03\/ANU_Vista_300001-1024x1024.webp 1024w, https:\/\/widevape.com\/wp-content\/uploads\/2025\/03\/ANU_Vista_300001-150x150.webp 150w, https:\/\/widevape.com\/wp-content\/uploads\/2025\/03\/ANU_Vista_300001-768x768.webp 768w, https:\/\/widevape.com\/wp-content\/uploads\/2025\/03\/ANU_Vista_300001-1536x1536.webp 1536w\" sizes=\"auto, (max-width: 1600px) 100vw, 1600px\" \/><\/p>\n","protected":false},"excerpt":{"rendered":"<p>Die\u00a0<strong>ANU Vista 30000 trenuri<\/strong>\u00a0este o vape inovativ\u0103 de unic\u0103 folosin\u021b\u0103 care se remarc\u0103 prin durabilitatea sa impresionant\u0103, valorile de nicotin\u0103 reglabile \u0219i varietatea de arome \u0219i care se bucur\u0103 de o mare popularitate \u00een r\u00e2ndul fum\u0103torilor.\u00a0<strong>WideVape<\/strong>\u00a0disponibil este.<\/p>","protected":false},"featured_media":27541,"comment_status":"open","ping_status":"closed","template":"","meta":[],"product_brand":[],"product_cat":[109,162,92,37,94,90,96],"product_tag":[],"class_list":{"0":"post-27502","1":"product","2":"type-product","3":"status-publish","4":"has-post-thumbnail","6":"product_cat-30000-zuege-einweg-e-zigaretten","7":"product_cat-anu-einweg-e-zigaretten","8":"product_cat-digitale-box-einweg-e-zigaretten","9":"product_cat-einweg-e-zigaretten","10":"product_cat-einweg-e-zigaretten-mit-niedriger-nikotinstaerke","11":"product_cat-grosse-einweg-e-zigaretten","12":"product_cat-wiederaufladbare-einweg-e-zigaretten","14":"first","15":"outofstock","16":"shipping-taxable","17":"product-type-variable"},"_links":{"self":[{"href":"https:\/\/widevape.com\/ro\/wp-json\/wp\/v2\/product\/27502","targetHints":{"allow":["GET"]}}],"collection":[{"href":"https:\/\/widevape.com\/ro\/wp-json\/wp\/v2\/product"}],"about":[{"href":"https:\/\/widevape.com\/ro\/wp-json\/wp\/v2\/types\/product"}],"replies":[{"embeddable":true,"href":"https:\/\/widevape.com\/ro\/wp-json\/wp\/v2\/comments?post=27502"}],"wp:featuredmedia":[{"embeddable":true,"href":"https:\/\/widevape.com\/ro\/wp-json\/wp\/v2\/media\/27541"}],"wp:attachment":[{"href":"https:\/\/widevape.com\/ro\/wp-json\/wp\/v2\/media?parent=27502"}],"wp:term":[{"taxonomy":"product_brand","embeddable":true,"href":"https:\/\/widevape.com\/ro\/wp-json\/wp\/v2\/product_brand?post=27502"},{"taxonomy":"product_cat","embeddable":true,"href":"https:\/\/widevape.com\/ro\/wp-json\/wp\/v2\/product_cat?post=27502"},{"taxonomy":"product_tag","embeddable":true,"href":"https:\/\/widevape.com\/ro\/wp-json\/wp\/v2\/product_tag?post=27502"}],"curies":[{"name":"wp","href":"https:\/\/api.w.org\/{rel}","templated":true}]}}